{"id":98,"date":"2023-09-22T09:48:09","date_gmt":"2023-09-22T09:48:09","guid":{"rendered":"https:\/\/nembutalhouse.com\/weed\/?post_type=product&#038;p=98"},"modified":"2023-10-07T09:50:18","modified_gmt":"2023-10-07T09:50:18","slug":"white-trufflez","status":"publish","type":"product","link":"https:\/\/wietkoopwinkel.com\/sv\/produkt\/white-trufflez\/","title":{"rendered":"Vita tryfflar"},"content":{"rendered":"<h2>VAD \u00c4R DEN VITA TRYFFELN - EN INTRODUKTION<\/h2>\n<p>Vi har f\u00f6rberett detaljerad information f\u00f6r dig om White Truffle-stammen: dess profil, genetik och egenskaper.<\/p>\n<h3>STRAIN PROFIL<\/h3>\n<p>H\u00e4r hittar du n\u00e5gra korta fakta om den vita tryffelsorten.<\/p>\n<p>Typ 40% Sativa och 60% Indica<br \/>\nStamtavla Ok\u00e4nd Gorilla Butter Cross<br \/>\nUppf\u00f6dare Beleaf<br \/>\nSmak Kryddig, jordig, svamp, vitl\u00f6k<br \/>\nDoft Citrus, citron, jordig svamp, peppar<br \/>\nK\u00e4nslor stickningar, kreativ, upphetsad, avslappnad<br \/>\nHj\u00e4lper mot kronisk sm\u00e4rta, \u00e5ngest, stress och s\u00f6mnl\u00f6shet<br \/>\nBiverkningar Torra \u00f6gon, Muntorrhet, Paranoia, Snabba hj\u00e4rtslag<br \/>\nCannabinoid THC-niv\u00e5: 18% till 26%, CBD-niv\u00e5: &lt;2%, CBG-niv\u00e5: 0,21 - 0,29%<br \/>\nTerpener Ocimeen, Pineene, Humulene, Limonene, Caryophyllene<br \/>\nStamtavla, typ och inneh\u00e5ll av genetik<\/p>\n<p>Genetik fr\u00e5n den \u00f6k\u00e4nda Gorilla Butter-stammen och en oidentifierad motsvarighet tros ha korsats f\u00f6r att skapa White Truffle-stammen, som \u00e4r h\u00f6ljd i mysterium. Denna stam erbjuder en m\u00e5ngsidig upplevelse med en harmonisk blandning av upplyftande och avkopplande effekter tack vare ett balanserat Sativa-Indica-f\u00f6rh\u00e5llande p\u00e5 40% Sativa och 60% Indica.<\/p>\n<p>Denna stam erbjuder en rik och euforisk upplevelse som kan stimulera sinnet och lugna kroppen, och har en potent cannabinoidprofil med THC-niv\u00e5er som str\u00e4cker sig fr\u00e5n 18% till 26%. Den har ett mycket l\u00e5gt CBD-inneh\u00e5ll - mindre \u00e4n 2% - och ett m\u00e5ttligt h\u00f6gt CBG-inneh\u00e5ll - mellan 0,21 och 0,29%. Dessa cannabisf\u00f6rh\u00e5llanden erbjuder en tillfredsst\u00e4llande kombination av en stark h\u00f6g och f\u00f6rdelaktig effekt.<\/p>\n<p>Den fantastiska variationen av terpener som White Truffle-stammen uppvisar bidrar ocks\u00e5 till dess distinkta smak och arom. P\u00e5 grund av det h\u00f6ga ocimeeninneh\u00e5llet och tillsatsen av pineen luktar stammen citron. Humulenkoncentrationen skapar ocks\u00e5 en jordig svamplukt. Den citroniga aromen kommer dock fr\u00e5n n\u00e4rvaron av limonen, och caryophyllene-koncentrationen ger en antydan till krydda med sina peppriga undertoner.<\/p>\n<h3>Karakt\u00e4rsaspekter inkluderar utseende, smak, doft och smak.<\/h3>\n<p>Cannabis av vit tryffel-typ har ett vackert utseende. De t\u00e4ta spadformade knopparna \u00e4r t\u00e4ckta av isiga vita trikomer. De sm\u00e5, popcornformade knopparna har en m\u00f6rklila f\u00e4rg med en subtil nyans av orange eller m\u00f6rkbruna h\u00e5rstr\u00e5n, som sticker ut mot den m\u00f6rklila bakgrunden.<\/p>\n<p>N\u00e4r de intas lockar de kryddiga och jordiska smakerna av denna stam, som p\u00e5minner om svamp och vitl\u00f6k, smakk\u00e4nslorna. F\u00f6r cannabis\u00e4lskare som vill ha en unik upplevelse skapar dessa salta smaker en komplex och f\u00e4ngslande milj\u00f6. Lukten av denna stam \u00e4r ocks\u00e5 lockande, med citrus- och citronnoter som blandas perfekt med jordiska svampundertoner och en liten pepprig tinge.<\/p>","protected":false},"excerpt":{"rendered":"<p>WAT IS DE WITTE TRUFFELSOORT &#8211; EEN INLEIDING We hebben gedetailleerde informatie voor u voorbereid over de White Truffle-soort: het profiel, de genetica en de kenmerken ervan. STRAIN-PROFIEL Bekijk enkele korte feiten over de witte truffelsoort. Type 40% Sativa en 60% Indica Afstamming Onbekend Gorilla Butter Cross Fokker Beleaf Smaken Kruiden, aards, champignons, knoflook Aroma&#8230;<\/p>","protected":false},"featured_media":1453,"comment_status":"open","ping_status":"closed","template":"","meta":{"_kad_post_transparent":"default","_kad_post_title":"","_kad_post_layout":"default","_kad_post_sidebar_id":"","_kad_post_content_style":"default","_kad_post_vertical_padding":"default","_kad_post_feature":"","_kad_post_feature_position":"","_kad_post_header":false,"_kad_post_footer":false,"_joinchat":[]},"product_cat":[17],"product_tag":[],"class_list":["post-98","product","type-product","status-publish","has-post-thumbnail","hentry","product_cat-wiet","entry","content-bg","loop-entry"],"yoast_head":"<!-- This site is optimized with the Yoast SEO plugin v26.3 - https:\/\/yoast.com\/wordpress\/plugins\/seo\/ -->\n<title>White Trufflez - Wiet Koop Winkel<\/title>\n<meta name=\"robots\" content=\"index, follow, max-snippet:-1, max-image-preview:large, max-video-preview:-1\" \/>\n<link rel=\"canonical\" href=\"https:\/\/wietkoopwinkel.com\/sv\/produkt\/white-trufflez\/\" \/>\n<meta property=\"og:locale\" content=\"sv_SE\" \/>\n<meta property=\"og:type\" content=\"article\" \/>\n<meta property=\"og:title\" content=\"White Trufflez - Wiet Koop Winkel\" \/>\n<meta property=\"og:description\" content=\"WAT IS DE WITTE TRUFFELSOORT &#8211; EEN INLEIDING We hebben gedetailleerde informatie voor u voorbereid over de White Truffle-soort: het profiel, de genetica en de kenmerken ervan. STRAIN-PROFIEL Bekijk enkele korte feiten over de witte truffelsoort. Type 40% Sativa en 60% Indica Afstamming Onbekend Gorilla Butter Cross Fokker Beleaf Smaken Kruiden, aards, champignons, knoflook Aroma...\" \/>\n<meta property=\"og:url\" content=\"https:\/\/wietkoopwinkel.com\/sv\/produkt\/white-trufflez\/\" \/>\n<meta property=\"og:site_name\" content=\"Wiet Koop Winkel\" \/>\n<meta property=\"article:modified_time\" content=\"2023-10-07T09:50:18+00:00\" \/>\n<meta property=\"og:image\" content=\"https:\/\/wietkoopwinkel.com\/wp-content\/uploads\/2023\/09\/White-Trufflez.jpg\" \/>\n\t<meta property=\"og:image:width\" content=\"960\" \/>\n\t<meta property=\"og:image:height\" content=\"1280\" \/>\n\t<meta property=\"og:image:type\" content=\"image\/jpeg\" \/>\n<meta name=\"twitter:card\" content=\"summary_large_image\" \/>\n<meta name=\"twitter:label1\" content=\"Ber\u00e4knad l\u00e4stid\" \/>\n\t<meta name=\"twitter:data1\" content=\"2 minuter\" \/>\n<script type=\"application\/ld+json\" class=\"yoast-schema-graph\">{\"@context\":\"https:\/\/schema.org\",\"@graph\":[{\"@type\":\"WebPage\",\"@id\":\"https:\/\/wietkoopwinkel.com\/product\/white-trufflez\/\",\"url\":\"https:\/\/wietkoopwinkel.com\/product\/white-trufflez\/\",\"name\":\"White Trufflez - Wiet Koop Winkel\",\"isPartOf\":{\"@id\":\"https:\/\/wietkoopwinkel.com\/#website\"},\"primaryImageOfPage\":{\"@id\":\"https:\/\/wietkoopwinkel.com\/product\/white-trufflez\/#primaryimage\"},\"image\":{\"@id\":\"https:\/\/wietkoopwinkel.com\/product\/white-trufflez\/#primaryimage\"},\"thumbnailUrl\":\"https:\/\/wietkoopwinkel.com\/wp-content\/uploads\/2023\/09\/White-Trufflez.jpg\",\"datePublished\":\"2023-09-22T09:48:09+00:00\",\"dateModified\":\"2023-10-07T09:50:18+00:00\",\"breadcrumb\":{\"@id\":\"https:\/\/wietkoopwinkel.com\/product\/white-trufflez\/#breadcrumb\"},\"inLanguage\":\"sv-SE\",\"potentialAction\":[{\"@type\":\"ReadAction\",\"target\":[\"https:\/\/wietkoopwinkel.com\/product\/white-trufflez\/\"]}]},{\"@type\":\"ImageObject\",\"inLanguage\":\"sv-SE\",\"@id\":\"https:\/\/wietkoopwinkel.com\/product\/white-trufflez\/#primaryimage\",\"url\":\"https:\/\/wietkoopwinkel.com\/wp-content\/uploads\/2023\/09\/White-Trufflez.jpg\",\"contentUrl\":\"https:\/\/wietkoopwinkel.com\/wp-content\/uploads\/2023\/09\/White-Trufflez.jpg\",\"width\":960,\"height\":1280,\"caption\":\"White Trufflez\"},{\"@type\":\"BreadcrumbList\",\"@id\":\"https:\/\/wietkoopwinkel.com\/product\/white-trufflez\/#breadcrumb\",\"itemListElement\":[{\"@type\":\"ListItem\",\"position\":1,\"name\":\"Home\",\"item\":\"https:\/\/wietkoopwinkel.com\/\"},{\"@type\":\"ListItem\",\"position\":2,\"name\":\"Winkel\",\"item\":\"https:\/\/wietkoopwinkel.com\/winkel\/\"},{\"@type\":\"ListItem\",\"position\":3,\"name\":\"White Trufflez\"}]},{\"@type\":\"WebSite\",\"@id\":\"https:\/\/wietkoopwinkel.com\/#website\",\"url\":\"https:\/\/wietkoopwinkel.com\/\",\"name\":\"Wiet Koop Winkel\",\"description\":\"My WordPress Blog\",\"publisher\":{\"@id\":\"https:\/\/wietkoopwinkel.com\/#organization\"},\"potentialAction\":[{\"@type\":\"SearchAction\",\"target\":{\"@type\":\"EntryPoint\",\"urlTemplate\":\"https:\/\/wietkoopwinkel.com\/?s={search_term_string}\"},\"query-input\":{\"@type\":\"PropertyValueSpecification\",\"valueRequired\":true,\"valueName\":\"search_term_string\"}}],\"inLanguage\":\"sv-SE\"},{\"@type\":\"Organization\",\"@id\":\"https:\/\/wietkoopwinkel.com\/#organization\",\"name\":\"Wiet Koop Winkel\",\"url\":\"https:\/\/wietkoopwinkel.com\/\",\"logo\":{\"@type\":\"ImageObject\",\"inLanguage\":\"sv-SE\",\"@id\":\"https:\/\/wietkoopwinkel.com\/#\/schema\/logo\/image\/\",\"url\":\"https:\/\/wietkoopwinkel.com\/wp-content\/uploads\/2023\/10\/logo.png\",\"contentUrl\":\"https:\/\/wietkoopwinkel.com\/wp-content\/uploads\/2023\/10\/logo.png\",\"width\":400,\"height\":120,\"caption\":\"Wiet Koop Winkel\"},\"image\":{\"@id\":\"https:\/\/wietkoopwinkel.com\/#\/schema\/logo\/image\/\"}}]}<\/script>\n<!-- \/ Yoast SEO plugin. -->","yoast_head_json":{"title":"White Trufflez - Wiet Koop Winkel","robots":{"index":"index","follow":"follow","max-snippet":"max-snippet:-1","max-image-preview":"max-image-preview:large","max-video-preview":"max-video-preview:-1"},"canonical":"https:\/\/wietkoopwinkel.com\/sv\/produkt\/white-trufflez\/","og_locale":"sv_SE","og_type":"article","og_title":"White Trufflez - Wiet Koop Winkel","og_description":"WAT IS DE WITTE TRUFFELSOORT &#8211; EEN INLEIDING We hebben gedetailleerde informatie voor u voorbereid over de White Truffle-soort: het profiel, de genetica en de kenmerken ervan. STRAIN-PROFIEL Bekijk enkele korte feiten over de witte truffelsoort. Type 40% Sativa en 60% Indica Afstamming Onbekend Gorilla Butter Cross Fokker Beleaf Smaken Kruiden, aards, champignons, knoflook Aroma...","og_url":"https:\/\/wietkoopwinkel.com\/sv\/produkt\/white-trufflez\/","og_site_name":"Wiet Koop Winkel","article_modified_time":"2023-10-07T09:50:18+00:00","og_image":[{"width":960,"height":1280,"url":"https:\/\/wietkoopwinkel.com\/wp-content\/uploads\/2023\/09\/White-Trufflez.jpg","type":"image\/jpeg"}],"twitter_card":"summary_large_image","twitter_misc":{"Ber\u00e4knad l\u00e4stid":"2 minuter"},"schema":{"@context":"https:\/\/schema.org","@graph":[{"@type":"WebPage","@id":"https:\/\/wietkoopwinkel.com\/product\/white-trufflez\/","url":"https:\/\/wietkoopwinkel.com\/product\/white-trufflez\/","name":"White Trufflez - Wiet Koop Winkel","isPartOf":{"@id":"https:\/\/wietkoopwinkel.com\/#website"},"primaryImageOfPage":{"@id":"https:\/\/wietkoopwinkel.com\/product\/white-trufflez\/#primaryimage"},"image":{"@id":"https:\/\/wietkoopwinkel.com\/product\/white-trufflez\/#primaryimage"},"thumbnailUrl":"https:\/\/wietkoopwinkel.com\/wp-content\/uploads\/2023\/09\/White-Trufflez.jpg","datePublished":"2023-09-22T09:48:09+00:00","dateModified":"2023-10-07T09:50:18+00:00","breadcrumb":{"@id":"https:\/\/wietkoopwinkel.com\/product\/white-trufflez\/#breadcrumb"},"inLanguage":"sv-SE","potentialAction":[{"@type":"ReadAction","target":["https:\/\/wietkoopwinkel.com\/product\/white-trufflez\/"]}]},{"@type":"ImageObject","inLanguage":"sv-SE","@id":"https:\/\/wietkoopwinkel.com\/product\/white-trufflez\/#primaryimage","url":"https:\/\/wietkoopwinkel.com\/wp-content\/uploads\/2023\/09\/White-Trufflez.jpg","contentUrl":"https:\/\/wietkoopwinkel.com\/wp-content\/uploads\/2023\/09\/White-Trufflez.jpg","width":960,"height":1280,"caption":"White Trufflez"},{"@type":"BreadcrumbList","@id":"https:\/\/wietkoopwinkel.com\/product\/white-trufflez\/#breadcrumb","itemListElement":[{"@type":"ListItem","position":1,"name":"Home","item":"https:\/\/wietkoopwinkel.com\/"},{"@type":"ListItem","position":2,"name":"Winkel","item":"https:\/\/wietkoopwinkel.com\/winkel\/"},{"@type":"ListItem","position":3,"name":"White Trufflez"}]},{"@type":"WebSite","@id":"https:\/\/wietkoopwinkel.com\/#website","url":"https:\/\/wietkoopwinkel.com\/","name":"Wiet Koop Winkel","description":"My WordPress Blog","publisher":{"@id":"https:\/\/wietkoopwinkel.com\/#organization"},"potentialAction":[{"@type":"SearchAction","target":{"@type":"EntryPoint","urlTemplate":"https:\/\/wietkoopwinkel.com\/?s={search_term_string}"},"query-input":{"@type":"PropertyValueSpecification","valueRequired":true,"valueName":"search_term_string"}}],"inLanguage":"sv-SE"},{"@type":"Organization","@id":"https:\/\/wietkoopwinkel.com\/#organization","name":"Wiet Koop Winkel","url":"https:\/\/wietkoopwinkel.com\/","logo":{"@type":"ImageObject","inLanguage":"sv-SE","@id":"https:\/\/wietkoopwinkel.com\/#\/schema\/logo\/image\/","url":"https:\/\/wietkoopwinkel.com\/wp-content\/uploads\/2023\/10\/logo.png","contentUrl":"https:\/\/wietkoopwinkel.com\/wp-content\/uploads\/2023\/10\/logo.png","width":400,"height":120,"caption":"Wiet Koop Winkel"},"image":{"@id":"https:\/\/wietkoopwinkel.com\/#\/schema\/logo\/image\/"}}]}},"_links":{"self":[{"href":"https:\/\/wietkoopwinkel.com\/sv\/wp-json\/wp\/v2\/product\/98","targetHints":{"allow":["GET"]}}],"collection":[{"href":"https:\/\/wietkoopwinkel.com\/sv\/wp-json\/wp\/v2\/product"}],"about":[{"href":"https:\/\/wietkoopwinkel.com\/sv\/wp-json\/wp\/v2\/types\/product"}],"replies":[{"embeddable":true,"href":"https:\/\/wietkoopwinkel.com\/sv\/wp-json\/wp\/v2\/comments?post=98"}],"wp:featuredmedia":[{"embeddable":true,"href":"https:\/\/wietkoopwinkel.com\/sv\/wp-json\/wp\/v2\/media\/1453"}],"wp:attachment":[{"href":"https:\/\/wietkoopwinkel.com\/sv\/wp-json\/wp\/v2\/media?parent=98"}],"wp:term":[{"taxonomy":"product_cat","embeddable":true,"href":"https:\/\/wietkoopwinkel.com\/sv\/wp-json\/wp\/v2\/product_cat?post=98"},{"taxonomy":"product_tag","embeddable":true,"href":"https:\/\/wietkoopwinkel.com\/sv\/wp-json\/wp\/v2\/product_tag?post=98"}],"curies":[{"name":"wp","href":"https:\/\/api.w.org\/{rel}","templated":true}]}}