{"id":91,"date":"2023-09-22T09:42:34","date_gmt":"2023-09-22T09:42:34","guid":{"rendered":"https:\/\/nembutalhouse.com\/weed\/?post_type=product&#038;p=91"},"modified":"2023-10-07T09:51:49","modified_gmt":"2023-10-07T09:51:49","slug":"gelato-41","status":"publish","type":"product","link":"https:\/\/wietkoopwinkel.com\/sv\/produkt\/gelato-41\/","title":{"rendered":"Gelato 41"},"content":{"rendered":"<h2>GELATO #41:S GENETISKA BAKGRUND: EN KOMBINATION AV TV\u00c5 CALI-KLASSIKER<\/h2>\n<p>Gelato #41 \u00e4r en korsning av tv\u00e5 v\u00e4lk\u00e4nda kaliforniska sorter: Sunset Sherbet och Thin Mint Cookies. Det \u00e4r en av de viktigaste kaliforniska sorterna som n\u00e5gonsin utvecklats och grunden f\u00f6r m\u00e5nga moderna hybridkorsningar. Denna stam, som Sherbinskis f\u00f6rst odlade och f\u00f6r\u00e4dlade, blev snabbt ber\u00f6md och f\u00f6r\u00e4ndrade permanent m\u00e4nniskors uppfattning om hur modern marijuana kan smaka och k\u00e4nnas. Idag erbjuder andra fr\u00f6f\u00f6retag sina egna sorter av denna revolutionerande kultivar, och det \u00e4r sv\u00e5rt att f\u00f6rest\u00e4lla sig modern avel utan Gelato #41.<\/p>\n<p>Cannabisgelatolinjen \u00e4r anm\u00e4rkningsv\u00e4rd eftersom den har gett upphov till m\u00e5nga exceptionella och s\u00e4llsynta fenotyper. F\u00f6r Sherbinskis var kombinationen av Thin Mint Cookies och Sunset Sherbet som sl\u00e5ende guld. Gelato-stammarna 33 (\u00e4ven k\u00e4nd som Larry Bird Kush), 44, 45, 47 och 49 har alla blivit popul\u00e4ra i sin egen r\u00e4tt, men Gelato-stam 41 sticker ut som den starkaste av dem alla och har uppn\u00e5tt legendarisk status f\u00f6r sitt djupg\u00e5ende inflytande p\u00e5 cannabismarknaden.<\/p>\n<h3>VUXEN SHERBET<\/h3>\n<p>Sunset Sherbet, en annan sort skapad av Sherbinskis, \u00e4r en hybrid av Pink Panties och Girl Scout Cookies. Hon gav Gelato #41 indica-dominerande genetik och en kraftfull kropp h\u00f6g. Hon f\u00f6rmedlade ocks\u00e5 m\u00e5nga av de kryddiga och s\u00f6ta b\u00e4rnoterna som Gelato #41 \u00e4r k\u00e4nd f\u00f6r.<\/p>\n<h3>MINTKEX, TUNNA<\/h3>\n<p>En speciell fenotyp av SGR som s\u00e4tter marknadsstandarden \u00e4r tunna minty kex. Den starka psykedeliska styrkan, minty \u00f6vertoner i dess arom och terapeutiska egenskaper som Gelato #41 ocks\u00e5 fick fr\u00e5n denna stam.<\/p>","protected":false},"excerpt":{"rendered":"<p>GELATO #41&#8217;S GENETISCHE ACHTERGROND: EEN COMBINATIE VAN TWEE CALI KLASSIEKERS Gelato #41 is een kruising van twee bekende Californische soorten: Sunset Sherbet en Thin Mint Cookies. Het is een van de belangrijkste Californische soorten die ooit zijn ontwikkeld en de basis voor veel hedendaagse hybride kruisingen. Deze soort, die Sherbinskis voor het eerst kweekte en&#8230;<\/p>","protected":false},"featured_media":1454,"comment_status":"open","ping_status":"closed","template":"","meta":{"_kad_post_transparent":"default","_kad_post_title":"","_kad_post_layout":"default","_kad_post_sidebar_id":"","_kad_post_content_style":"default","_kad_post_vertical_padding":"default","_kad_post_feature":"","_kad_post_feature_position":"","_kad_post_header":false,"_kad_post_footer":false,"_joinchat":[]},"product_cat":[17],"product_tag":[],"class_list":["post-91","product","type-product","status-publish","has-post-thumbnail","hentry","product_cat-wiet","entry","content-bg","loop-entry"],"yoast_head":"<!-- This site is optimized with the Yoast SEO plugin v26.3 - https:\/\/yoast.com\/wordpress\/plugins\/seo\/ -->\n<title>Gelato 41 - Wiet Koop Winkel<\/title>\n<meta name=\"robots\" content=\"index, follow, max-snippet:-1, max-image-preview:large, max-video-preview:-1\" \/>\n<link rel=\"canonical\" href=\"https:\/\/wietkoopwinkel.com\/sv\/produkt\/gelato-41\/\" \/>\n<meta property=\"og:locale\" content=\"sv_SE\" \/>\n<meta property=\"og:type\" content=\"article\" \/>\n<meta property=\"og:title\" content=\"Gelato 41 - Wiet Koop Winkel\" \/>\n<meta property=\"og:description\" content=\"GELATO #41&#8217;S GENETISCHE ACHTERGROND: EEN COMBINATIE VAN TWEE CALI KLASSIEKERS Gelato #41 is een kruising van twee bekende Californische soorten: Sunset Sherbet en Thin Mint Cookies. Het is een van de belangrijkste Californische soorten die ooit zijn ontwikkeld en de basis voor veel hedendaagse hybride kruisingen. Deze soort, die Sherbinskis voor het eerst kweekte en...\" \/>\n<meta property=\"og:url\" content=\"https:\/\/wietkoopwinkel.com\/sv\/produkt\/gelato-41\/\" \/>\n<meta property=\"og:site_name\" content=\"Wiet Koop Winkel\" \/>\n<meta property=\"article:modified_time\" content=\"2023-10-07T09:51:49+00:00\" \/>\n<meta property=\"og:image\" content=\"https:\/\/wietkoopwinkel.com\/wp-content\/uploads\/2023\/09\/Gelato-41.jpg\" \/>\n\t<meta property=\"og:image:width\" content=\"960\" \/>\n\t<meta property=\"og:image:height\" content=\"1280\" \/>\n\t<meta property=\"og:image:type\" content=\"image\/jpeg\" \/>\n<meta name=\"twitter:card\" content=\"summary_large_image\" \/>\n<meta name=\"twitter:label1\" content=\"Ber\u00e4knad l\u00e4stid\" \/>\n\t<meta name=\"twitter:data1\" content=\"2 minuter\" \/>\n<script type=\"application\/ld+json\" class=\"yoast-schema-graph\">{\"@context\":\"https:\/\/schema.org\",\"@graph\":[{\"@type\":\"WebPage\",\"@id\":\"https:\/\/wietkoopwinkel.com\/product\/gelato-41\/\",\"url\":\"https:\/\/wietkoopwinkel.com\/product\/gelato-41\/\",\"name\":\"Gelato 41 - Wiet Koop Winkel\",\"isPartOf\":{\"@id\":\"https:\/\/wietkoopwinkel.com\/#website\"},\"primaryImageOfPage\":{\"@id\":\"https:\/\/wietkoopwinkel.com\/product\/gelato-41\/#primaryimage\"},\"image\":{\"@id\":\"https:\/\/wietkoopwinkel.com\/product\/gelato-41\/#primaryimage\"},\"thumbnailUrl\":\"https:\/\/wietkoopwinkel.com\/wp-content\/uploads\/2023\/09\/Gelato-41.jpg\",\"datePublished\":\"2023-09-22T09:42:34+00:00\",\"dateModified\":\"2023-10-07T09:51:49+00:00\",\"breadcrumb\":{\"@id\":\"https:\/\/wietkoopwinkel.com\/product\/gelato-41\/#breadcrumb\"},\"inLanguage\":\"sv-SE\",\"potentialAction\":[{\"@type\":\"ReadAction\",\"target\":[\"https:\/\/wietkoopwinkel.com\/product\/gelato-41\/\"]}]},{\"@type\":\"ImageObject\",\"inLanguage\":\"sv-SE\",\"@id\":\"https:\/\/wietkoopwinkel.com\/product\/gelato-41\/#primaryimage\",\"url\":\"https:\/\/wietkoopwinkel.com\/wp-content\/uploads\/2023\/09\/Gelato-41.jpg\",\"contentUrl\":\"https:\/\/wietkoopwinkel.com\/wp-content\/uploads\/2023\/09\/Gelato-41.jpg\",\"width\":960,\"height\":1280,\"caption\":\"wiet kopen\"},{\"@type\":\"BreadcrumbList\",\"@id\":\"https:\/\/wietkoopwinkel.com\/product\/gelato-41\/#breadcrumb\",\"itemListElement\":[{\"@type\":\"ListItem\",\"position\":1,\"name\":\"Home\",\"item\":\"https:\/\/wietkoopwinkel.com\/\"},{\"@type\":\"ListItem\",\"position\":2,\"name\":\"Winkel\",\"item\":\"https:\/\/wietkoopwinkel.com\/winkel\/\"},{\"@type\":\"ListItem\",\"position\":3,\"name\":\"Gelato 41\"}]},{\"@type\":\"WebSite\",\"@id\":\"https:\/\/wietkoopwinkel.com\/#website\",\"url\":\"https:\/\/wietkoopwinkel.com\/\",\"name\":\"Wiet Koop Winkel\",\"description\":\"My WordPress Blog\",\"publisher\":{\"@id\":\"https:\/\/wietkoopwinkel.com\/#organization\"},\"potentialAction\":[{\"@type\":\"SearchAction\",\"target\":{\"@type\":\"EntryPoint\",\"urlTemplate\":\"https:\/\/wietkoopwinkel.com\/?s={search_term_string}\"},\"query-input\":{\"@type\":\"PropertyValueSpecification\",\"valueRequired\":true,\"valueName\":\"search_term_string\"}}],\"inLanguage\":\"sv-SE\"},{\"@type\":\"Organization\",\"@id\":\"https:\/\/wietkoopwinkel.com\/#organization\",\"name\":\"Wiet Koop Winkel\",\"url\":\"https:\/\/wietkoopwinkel.com\/\",\"logo\":{\"@type\":\"ImageObject\",\"inLanguage\":\"sv-SE\",\"@id\":\"https:\/\/wietkoopwinkel.com\/#\/schema\/logo\/image\/\",\"url\":\"https:\/\/wietkoopwinkel.com\/wp-content\/uploads\/2023\/10\/logo.png\",\"contentUrl\":\"https:\/\/wietkoopwinkel.com\/wp-content\/uploads\/2023\/10\/logo.png\",\"width\":400,\"height\":120,\"caption\":\"Wiet Koop Winkel\"},\"image\":{\"@id\":\"https:\/\/wietkoopwinkel.com\/#\/schema\/logo\/image\/\"}}]}<\/script>\n<!-- \/ Yoast SEO plugin. -->","yoast_head_json":{"title":"Gelato 41 - Wiet Koop Winkel","robots":{"index":"index","follow":"follow","max-snippet":"max-snippet:-1","max-image-preview":"max-image-preview:large","max-video-preview":"max-video-preview:-1"},"canonical":"https:\/\/wietkoopwinkel.com\/sv\/produkt\/gelato-41\/","og_locale":"sv_SE","og_type":"article","og_title":"Gelato 41 - Wiet Koop Winkel","og_description":"GELATO #41&#8217;S GENETISCHE ACHTERGROND: EEN COMBINATIE VAN TWEE CALI KLASSIEKERS Gelato #41 is een kruising van twee bekende Californische soorten: Sunset Sherbet en Thin Mint Cookies. Het is een van de belangrijkste Californische soorten die ooit zijn ontwikkeld en de basis voor veel hedendaagse hybride kruisingen. Deze soort, die Sherbinskis voor het eerst kweekte en...","og_url":"https:\/\/wietkoopwinkel.com\/sv\/produkt\/gelato-41\/","og_site_name":"Wiet Koop Winkel","article_modified_time":"2023-10-07T09:51:49+00:00","og_image":[{"width":960,"height":1280,"url":"https:\/\/wietkoopwinkel.com\/wp-content\/uploads\/2023\/09\/Gelato-41.jpg","type":"image\/jpeg"}],"twitter_card":"summary_large_image","twitter_misc":{"Ber\u00e4knad l\u00e4stid":"2 minuter"},"schema":{"@context":"https:\/\/schema.org","@graph":[{"@type":"WebPage","@id":"https:\/\/wietkoopwinkel.com\/product\/gelato-41\/","url":"https:\/\/wietkoopwinkel.com\/product\/gelato-41\/","name":"Gelato 41 - Wiet Koop Winkel","isPartOf":{"@id":"https:\/\/wietkoopwinkel.com\/#website"},"primaryImageOfPage":{"@id":"https:\/\/wietkoopwinkel.com\/product\/gelato-41\/#primaryimage"},"image":{"@id":"https:\/\/wietkoopwinkel.com\/product\/gelato-41\/#primaryimage"},"thumbnailUrl":"https:\/\/wietkoopwinkel.com\/wp-content\/uploads\/2023\/09\/Gelato-41.jpg","datePublished":"2023-09-22T09:42:34+00:00","dateModified":"2023-10-07T09:51:49+00:00","breadcrumb":{"@id":"https:\/\/wietkoopwinkel.com\/product\/gelato-41\/#breadcrumb"},"inLanguage":"sv-SE","potentialAction":[{"@type":"ReadAction","target":["https:\/\/wietkoopwinkel.com\/product\/gelato-41\/"]}]},{"@type":"ImageObject","inLanguage":"sv-SE","@id":"https:\/\/wietkoopwinkel.com\/product\/gelato-41\/#primaryimage","url":"https:\/\/wietkoopwinkel.com\/wp-content\/uploads\/2023\/09\/Gelato-41.jpg","contentUrl":"https:\/\/wietkoopwinkel.com\/wp-content\/uploads\/2023\/09\/Gelato-41.jpg","width":960,"height":1280,"caption":"wiet kopen"},{"@type":"BreadcrumbList","@id":"https:\/\/wietkoopwinkel.com\/product\/gelato-41\/#breadcrumb","itemListElement":[{"@type":"ListItem","position":1,"name":"Home","item":"https:\/\/wietkoopwinkel.com\/"},{"@type":"ListItem","position":2,"name":"Winkel","item":"https:\/\/wietkoopwinkel.com\/winkel\/"},{"@type":"ListItem","position":3,"name":"Gelato 41"}]},{"@type":"WebSite","@id":"https:\/\/wietkoopwinkel.com\/#website","url":"https:\/\/wietkoopwinkel.com\/","name":"Wiet Koop Winkel","description":"My WordPress Blog","publisher":{"@id":"https:\/\/wietkoopwinkel.com\/#organization"},"potentialAction":[{"@type":"SearchAction","target":{"@type":"EntryPoint","urlTemplate":"https:\/\/wietkoopwinkel.com\/?s={search_term_string}"},"query-input":{"@type":"PropertyValueSpecification","valueRequired":true,"valueName":"search_term_string"}}],"inLanguage":"sv-SE"},{"@type":"Organization","@id":"https:\/\/wietkoopwinkel.com\/#organization","name":"Wiet Koop Winkel","url":"https:\/\/wietkoopwinkel.com\/","logo":{"@type":"ImageObject","inLanguage":"sv-SE","@id":"https:\/\/wietkoopwinkel.com\/#\/schema\/logo\/image\/","url":"https:\/\/wietkoopwinkel.com\/wp-content\/uploads\/2023\/10\/logo.png","contentUrl":"https:\/\/wietkoopwinkel.com\/wp-content\/uploads\/2023\/10\/logo.png","width":400,"height":120,"caption":"Wiet Koop Winkel"},"image":{"@id":"https:\/\/wietkoopwinkel.com\/#\/schema\/logo\/image\/"}}]}},"_links":{"self":[{"href":"https:\/\/wietkoopwinkel.com\/sv\/wp-json\/wp\/v2\/product\/91","targetHints":{"allow":["GET"]}}],"collection":[{"href":"https:\/\/wietkoopwinkel.com\/sv\/wp-json\/wp\/v2\/product"}],"about":[{"href":"https:\/\/wietkoopwinkel.com\/sv\/wp-json\/wp\/v2\/types\/product"}],"replies":[{"embeddable":true,"href":"https:\/\/wietkoopwinkel.com\/sv\/wp-json\/wp\/v2\/comments?post=91"}],"wp:featuredmedia":[{"embeddable":true,"href":"https:\/\/wietkoopwinkel.com\/sv\/wp-json\/wp\/v2\/media\/1454"}],"wp:attachment":[{"href":"https:\/\/wietkoopwinkel.com\/sv\/wp-json\/wp\/v2\/media?parent=91"}],"wp:term":[{"taxonomy":"product_cat","embeddable":true,"href":"https:\/\/wietkoopwinkel.com\/sv\/wp-json\/wp\/v2\/product_cat?post=91"},{"taxonomy":"product_tag","embeddable":true,"href":"https:\/\/wietkoopwinkel.com\/sv\/wp-json\/wp\/v2\/product_tag?post=91"}],"curies":[{"name":"wp","href":"https:\/\/api.w.org\/{rel}","templated":true}]}}