{"id":54,"date":"2023-09-22T08:56:41","date_gmt":"2023-09-22T08:56:41","guid":{"rendered":"https:\/\/nembutalhouse.com\/weed\/?post_type=product&#038;p=54"},"modified":"2023-10-07T09:59:52","modified_gmt":"2023-10-07T09:59:52","slug":"london-pound-cake","status":"publish","type":"product","link":"https:\/\/wietkoopwinkel.com\/sv\/produkt\/london-pound-cake\/","title":{"rendered":"London Pound Cake"},"content":{"rendered":"<p>Denna stam kommer sannolikt att f\u00f6rb\u00e4ttra ditt hum\u00f6r genom att framkalla en kort v\u00e5g av kreativitet och lycka, och de lugnande effekterna kommer gradvis att genomsyra hela din kropp. Problemet \u00e4r att m\u00e5nga anv\u00e4ndare tycker att s\u00e5 snart de k\u00e4nner en stark uppmaning att vara kreativa, sparkar de lugnande effekterna snabbt in, vilket g\u00f6r det sv\u00e5rt att forts\u00e4tta med sina kreativa projekt.<\/p>\n<p>G\u00f6r din mat redo och prova denna l\u00e4ckra stam; Apple Fritter ger potenta och l\u00e5ngvariga effekter. Se upp f\u00f6r sidosymtom som t\u00f6rst och muntorrhet.<\/p>\n<h2>DEN GENETISKA BAKGRUNDEN TILL LONDON POUND CAKE: HALVHEMLIGT URSPRUNG<\/h2>\n<p>London Pound Cake \u00e4r en relativt ny stam som snabbt har blivit v\u00e4lk\u00e4nd, s\u00e4rskilt bland s\u00f6ta tandar. Det \u00e4r oklart vilken kraftfull indica som anv\u00e4nds f\u00f6r att g\u00f6ra London Pound Cake, \u00e4ven om det tros vara en fenotyp av den ber\u00f6mda Girl Scout Cookies-stammen. Hon skapades av Kalifornien-baserade uppf\u00f6dare Cookies Fam, som ocks\u00e5 \u00e4r k\u00e4nd f\u00f6r att generera andra v\u00e4lk\u00e4nda stammar som Runtz och Gelato.<\/p>\n<h3>VUXEN SHERBET<\/h3>\n<p>Den ovan n\u00e4mnda oidentifierade indica-stammen korsades med Sunset Sherbet f\u00f6r att producera London Pound Cake. Sunset Sherbet \u00e4r en hybridstam som h\u00e4rstammar fr\u00e5n den ber\u00f6mda OG Kush och skapades genom att korsa Pink Panties med Girl Scout Cookies.<\/p>\n<p>Med undertoner av mynta och citrus \u00e4r denna stam k\u00e4nd f\u00f6r sin s\u00f6ta och fruktiga smak. Den m\u00e5ngsidiga doften visar en blandning av jordiska, s\u00f6ta och kryddiga komponenter. Sunset Sherbet erbjuder en lugnande och energisk h\u00f6g som tros lindra sp\u00e4nningar i kropp och sj\u00e4l. P\u00e5 grund av dess balanserade effekter f\u00f6redrar b\u00e5de rekreations- och medicinska anv\u00e4ndare det. Sunset Sherbets h\u00f6ga THC-koncentration, som kan n\u00e5 24%, \u00e4r ocks\u00e5 till dess smak. Det blir s\u00e5ledes en potent stam som b\u00f6r konsumeras m\u00e5ttligt av dem med l\u00e4gre toleransniv\u00e5er.<\/p>","protected":false},"excerpt":{"rendered":"<p>Deze soort zal waarschijnlijk je humeur verbeteren door een korte stroom van creativiteit en geluk te veroorzaken, en de kalmerende effecten zullen geleidelijk je hele lichaam doordringen. Het probleem is dat veel gebruikers ontdekken dat zodra ze een sterke drang voelen om creatief te zijn, de kalmerende effecten snel optreden, waardoor het moeilijk wordt om&#8230;<\/p>","protected":false},"featured_media":362,"comment_status":"open","ping_status":"closed","template":"","meta":{"_kad_post_transparent":"default","_kad_post_title":"","_kad_post_layout":"default","_kad_post_sidebar_id":"","_kad_post_content_style":"default","_kad_post_vertical_padding":"default","_kad_post_feature":"","_kad_post_feature_position":"","_kad_post_header":false,"_kad_post_footer":false,"_joinchat":[]},"product_cat":[17],"product_tag":[],"class_list":["post-54","product","type-product","status-publish","has-post-thumbnail","hentry","product_cat-wiet","entry","content-bg","loop-entry"],"yoast_head":"<!-- This site is optimized with the Yoast SEO plugin v26.3 - https:\/\/yoast.com\/wordpress\/plugins\/seo\/ -->\n<title>London Pound Cake - Wiet Koop Winkel<\/title>\n<meta name=\"robots\" content=\"index, follow, max-snippet:-1, max-image-preview:large, max-video-preview:-1\" \/>\n<link rel=\"canonical\" href=\"https:\/\/wietkoopwinkel.com\/sv\/produkt\/london-pound-cake\/\" \/>\n<meta property=\"og:locale\" content=\"sv_SE\" \/>\n<meta property=\"og:type\" content=\"article\" \/>\n<meta property=\"og:title\" content=\"London Pound Cake - Wiet Koop Winkel\" \/>\n<meta property=\"og:description\" content=\"Deze soort zal waarschijnlijk je humeur verbeteren door een korte stroom van creativiteit en geluk te veroorzaken, en de kalmerende effecten zullen geleidelijk je hele lichaam doordringen. Het probleem is dat veel gebruikers ontdekken dat zodra ze een sterke drang voelen om creatief te zijn, de kalmerende effecten snel optreden, waardoor het moeilijk wordt om...\" \/>\n<meta property=\"og:url\" content=\"https:\/\/wietkoopwinkel.com\/sv\/produkt\/london-pound-cake\/\" \/>\n<meta property=\"og:site_name\" content=\"Wiet Koop Winkel\" \/>\n<meta property=\"article:modified_time\" content=\"2023-10-07T09:59:52+00:00\" \/>\n<meta property=\"og:image\" content=\"https:\/\/wietkoopwinkel.com\/wp-content\/uploads\/2023\/09\/London-Pound-Cake.jpg\" \/>\n\t<meta property=\"og:image:width\" content=\"960\" \/>\n\t<meta property=\"og:image:height\" content=\"1280\" \/>\n\t<meta property=\"og:image:type\" content=\"image\/jpeg\" \/>\n<meta name=\"twitter:card\" content=\"summary_large_image\" \/>\n<meta name=\"twitter:label1\" content=\"Ber\u00e4knad l\u00e4stid\" \/>\n\t<meta name=\"twitter:data1\" content=\"2 minuter\" \/>\n<script type=\"application\/ld+json\" class=\"yoast-schema-graph\">{\"@context\":\"https:\/\/schema.org\",\"@graph\":[{\"@type\":\"WebPage\",\"@id\":\"https:\/\/wietkoopwinkel.com\/product\/london-pound-cake\/\",\"url\":\"https:\/\/wietkoopwinkel.com\/product\/london-pound-cake\/\",\"name\":\"London Pound Cake - Wiet Koop Winkel\",\"isPartOf\":{\"@id\":\"https:\/\/wietkoopwinkel.com\/#website\"},\"primaryImageOfPage\":{\"@id\":\"https:\/\/wietkoopwinkel.com\/product\/london-pound-cake\/#primaryimage\"},\"image\":{\"@id\":\"https:\/\/wietkoopwinkel.com\/product\/london-pound-cake\/#primaryimage\"},\"thumbnailUrl\":\"https:\/\/wietkoopwinkel.com\/wp-content\/uploads\/2023\/09\/London-Pound-Cake.jpg\",\"datePublished\":\"2023-09-22T08:56:41+00:00\",\"dateModified\":\"2023-10-07T09:59:52+00:00\",\"breadcrumb\":{\"@id\":\"https:\/\/wietkoopwinkel.com\/product\/london-pound-cake\/#breadcrumb\"},\"inLanguage\":\"sv-SE\",\"potentialAction\":[{\"@type\":\"ReadAction\",\"target\":[\"https:\/\/wietkoopwinkel.com\/product\/london-pound-cake\/\"]}]},{\"@type\":\"ImageObject\",\"inLanguage\":\"sv-SE\",\"@id\":\"https:\/\/wietkoopwinkel.com\/product\/london-pound-cake\/#primaryimage\",\"url\":\"https:\/\/wietkoopwinkel.com\/wp-content\/uploads\/2023\/09\/London-Pound-Cake.jpg\",\"contentUrl\":\"https:\/\/wietkoopwinkel.com\/wp-content\/uploads\/2023\/09\/London-Pound-Cake.jpg\",\"width\":960,\"height\":1280,\"caption\":\"London Pound Cake\"},{\"@type\":\"BreadcrumbList\",\"@id\":\"https:\/\/wietkoopwinkel.com\/product\/london-pound-cake\/#breadcrumb\",\"itemListElement\":[{\"@type\":\"ListItem\",\"position\":1,\"name\":\"Home\",\"item\":\"https:\/\/wietkoopwinkel.com\/\"},{\"@type\":\"ListItem\",\"position\":2,\"name\":\"Winkel\",\"item\":\"https:\/\/wietkoopwinkel.com\/winkel\/\"},{\"@type\":\"ListItem\",\"position\":3,\"name\":\"London Pound Cake\"}]},{\"@type\":\"WebSite\",\"@id\":\"https:\/\/wietkoopwinkel.com\/#website\",\"url\":\"https:\/\/wietkoopwinkel.com\/\",\"name\":\"Wiet Koop Winkel\",\"description\":\"My WordPress Blog\",\"publisher\":{\"@id\":\"https:\/\/wietkoopwinkel.com\/#organization\"},\"potentialAction\":[{\"@type\":\"SearchAction\",\"target\":{\"@type\":\"EntryPoint\",\"urlTemplate\":\"https:\/\/wietkoopwinkel.com\/?s={search_term_string}\"},\"query-input\":{\"@type\":\"PropertyValueSpecification\",\"valueRequired\":true,\"valueName\":\"search_term_string\"}}],\"inLanguage\":\"sv-SE\"},{\"@type\":\"Organization\",\"@id\":\"https:\/\/wietkoopwinkel.com\/#organization\",\"name\":\"Wiet Koop Winkel\",\"url\":\"https:\/\/wietkoopwinkel.com\/\",\"logo\":{\"@type\":\"ImageObject\",\"inLanguage\":\"sv-SE\",\"@id\":\"https:\/\/wietkoopwinkel.com\/#\/schema\/logo\/image\/\",\"url\":\"https:\/\/wietkoopwinkel.com\/wp-content\/uploads\/2023\/10\/logo.png\",\"contentUrl\":\"https:\/\/wietkoopwinkel.com\/wp-content\/uploads\/2023\/10\/logo.png\",\"width\":400,\"height\":120,\"caption\":\"Wiet Koop Winkel\"},\"image\":{\"@id\":\"https:\/\/wietkoopwinkel.com\/#\/schema\/logo\/image\/\"}}]}<\/script>\n<!-- \/ Yoast SEO plugin. -->","yoast_head_json":{"title":"London Pound Cake - Wiet Koop Winkel","robots":{"index":"index","follow":"follow","max-snippet":"max-snippet:-1","max-image-preview":"max-image-preview:large","max-video-preview":"max-video-preview:-1"},"canonical":"https:\/\/wietkoopwinkel.com\/sv\/produkt\/london-pound-cake\/","og_locale":"sv_SE","og_type":"article","og_title":"London Pound Cake - Wiet Koop Winkel","og_description":"Deze soort zal waarschijnlijk je humeur verbeteren door een korte stroom van creativiteit en geluk te veroorzaken, en de kalmerende effecten zullen geleidelijk je hele lichaam doordringen. Het probleem is dat veel gebruikers ontdekken dat zodra ze een sterke drang voelen om creatief te zijn, de kalmerende effecten snel optreden, waardoor het moeilijk wordt om...","og_url":"https:\/\/wietkoopwinkel.com\/sv\/produkt\/london-pound-cake\/","og_site_name":"Wiet Koop Winkel","article_modified_time":"2023-10-07T09:59:52+00:00","og_image":[{"width":960,"height":1280,"url":"https:\/\/wietkoopwinkel.com\/wp-content\/uploads\/2023\/09\/London-Pound-Cake.jpg","type":"image\/jpeg"}],"twitter_card":"summary_large_image","twitter_misc":{"Ber\u00e4knad l\u00e4stid":"2 minuter"},"schema":{"@context":"https:\/\/schema.org","@graph":[{"@type":"WebPage","@id":"https:\/\/wietkoopwinkel.com\/product\/london-pound-cake\/","url":"https:\/\/wietkoopwinkel.com\/product\/london-pound-cake\/","name":"London Pound Cake - Wiet Koop Winkel","isPartOf":{"@id":"https:\/\/wietkoopwinkel.com\/#website"},"primaryImageOfPage":{"@id":"https:\/\/wietkoopwinkel.com\/product\/london-pound-cake\/#primaryimage"},"image":{"@id":"https:\/\/wietkoopwinkel.com\/product\/london-pound-cake\/#primaryimage"},"thumbnailUrl":"https:\/\/wietkoopwinkel.com\/wp-content\/uploads\/2023\/09\/London-Pound-Cake.jpg","datePublished":"2023-09-22T08:56:41+00:00","dateModified":"2023-10-07T09:59:52+00:00","breadcrumb":{"@id":"https:\/\/wietkoopwinkel.com\/product\/london-pound-cake\/#breadcrumb"},"inLanguage":"sv-SE","potentialAction":[{"@type":"ReadAction","target":["https:\/\/wietkoopwinkel.com\/product\/london-pound-cake\/"]}]},{"@type":"ImageObject","inLanguage":"sv-SE","@id":"https:\/\/wietkoopwinkel.com\/product\/london-pound-cake\/#primaryimage","url":"https:\/\/wietkoopwinkel.com\/wp-content\/uploads\/2023\/09\/London-Pound-Cake.jpg","contentUrl":"https:\/\/wietkoopwinkel.com\/wp-content\/uploads\/2023\/09\/London-Pound-Cake.jpg","width":960,"height":1280,"caption":"London Pound Cake"},{"@type":"BreadcrumbList","@id":"https:\/\/wietkoopwinkel.com\/product\/london-pound-cake\/#breadcrumb","itemListElement":[{"@type":"ListItem","position":1,"name":"Home","item":"https:\/\/wietkoopwinkel.com\/"},{"@type":"ListItem","position":2,"name":"Winkel","item":"https:\/\/wietkoopwinkel.com\/winkel\/"},{"@type":"ListItem","position":3,"name":"London Pound Cake"}]},{"@type":"WebSite","@id":"https:\/\/wietkoopwinkel.com\/#website","url":"https:\/\/wietkoopwinkel.com\/","name":"Wiet Koop Winkel","description":"My WordPress Blog","publisher":{"@id":"https:\/\/wietkoopwinkel.com\/#organization"},"potentialAction":[{"@type":"SearchAction","target":{"@type":"EntryPoint","urlTemplate":"https:\/\/wietkoopwinkel.com\/?s={search_term_string}"},"query-input":{"@type":"PropertyValueSpecification","valueRequired":true,"valueName":"search_term_string"}}],"inLanguage":"sv-SE"},{"@type":"Organization","@id":"https:\/\/wietkoopwinkel.com\/#organization","name":"Wiet Koop Winkel","url":"https:\/\/wietkoopwinkel.com\/","logo":{"@type":"ImageObject","inLanguage":"sv-SE","@id":"https:\/\/wietkoopwinkel.com\/#\/schema\/logo\/image\/","url":"https:\/\/wietkoopwinkel.com\/wp-content\/uploads\/2023\/10\/logo.png","contentUrl":"https:\/\/wietkoopwinkel.com\/wp-content\/uploads\/2023\/10\/logo.png","width":400,"height":120,"caption":"Wiet Koop Winkel"},"image":{"@id":"https:\/\/wietkoopwinkel.com\/#\/schema\/logo\/image\/"}}]}},"_links":{"self":[{"href":"https:\/\/wietkoopwinkel.com\/sv\/wp-json\/wp\/v2\/product\/54","targetHints":{"allow":["GET"]}}],"collection":[{"href":"https:\/\/wietkoopwinkel.com\/sv\/wp-json\/wp\/v2\/product"}],"about":[{"href":"https:\/\/wietkoopwinkel.com\/sv\/wp-json\/wp\/v2\/types\/product"}],"replies":[{"embeddable":true,"href":"https:\/\/wietkoopwinkel.com\/sv\/wp-json\/wp\/v2\/comments?post=54"}],"wp:featuredmedia":[{"embeddable":true,"href":"https:\/\/wietkoopwinkel.com\/sv\/wp-json\/wp\/v2\/media\/362"}],"wp:attachment":[{"href":"https:\/\/wietkoopwinkel.com\/sv\/wp-json\/wp\/v2\/media?parent=54"}],"wp:term":[{"taxonomy":"product_cat","embeddable":true,"href":"https:\/\/wietkoopwinkel.com\/sv\/wp-json\/wp\/v2\/product_cat?post=54"},{"taxonomy":"product_tag","embeddable":true,"href":"https:\/\/wietkoopwinkel.com\/sv\/wp-json\/wp\/v2\/product_tag?post=54"}],"curies":[{"name":"wp","href":"https:\/\/api.w.org\/{rel}","templated":true}]}}