{"id":1610,"date":"2023-10-07T16:27:30","date_gmt":"2023-10-07T16:27:30","guid":{"rendered":"https:\/\/wietkoopwinkel.com\/?post_type=product&#038;p=1610"},"modified":"2024-04-04T02:59:49","modified_gmt":"2024-04-04T02:59:49","slug":"eetbare-cannabis-olie-10ml-thc-22-e9500","status":"publish","type":"product","link":"https:\/\/wietkoopwinkel.com\/sv\/produkt\/eetbare-cannabis-olie-10ml-thc-22-e9500\/","title":{"rendered":"\u00c4tbar cannabisolja 10 ml - THC 22%"},"content":{"rendered":"<p>\u00c4tbar cannabisolja 10 ml - THC 22% \u00e4r den psykoaktiva f\u00f6reningen i cannabis. D\u00e4rf\u00f6r \u00e4r det ansvarigt f\u00f6r den h\u00f6ga k\u00e4nslan en person f\u00e5r efter att ha anv\u00e4nt marijuana.<\/p>\n<p>N\u00e4r n\u00e5gon anv\u00e4nder en THC vape penna f\u00f6r att inta denna f\u00f6rening, fungerar det genom att efterlikna anandamid, vilket \u00e4r en naturligt f\u00f6rekommande kemikalie i kroppen. Hj\u00e4rnan producerar anandamid. THC f\u00f6r\u00e4ndrar kommunikationsfunktioner. Ist\u00e4llet f\u00f6r att hj\u00e4rnan normalt kommunicerar genom neuroner, f\u00e4ster THC sig vid dessa neuroner f\u00f6r att \u00e4ndra denna process.<\/p>","protected":false},"excerpt":{"rendered":"<p>Edible Cannabis Oil 10ml \u2013 THC 22% is de psychoactieve stof in cannabis. Daarom is het verantwoordelijk voor het high gevoel dat iemand krijgt na het gebruik van marihuana. Wanneer iemand een THC vape pen gebruikt om deze verbinding in te nemen, werkt het door anandamide na te bootsen, wat een natuurlijk voorkomende chemische stof&#8230;<\/p>","protected":false},"featured_media":1611,"comment_status":"open","ping_status":"closed","template":"","meta":{"_kad_post_transparent":"default","_kad_post_title":"","_kad_post_layout":"default","_kad_post_sidebar_id":"","_kad_post_content_style":"default","_kad_post_vertical_padding":"default","_kad_post_feature":"","_kad_post_feature_position":"","_kad_post_header":false,"_kad_post_footer":false,"_joinchat":[]},"product_cat":[30],"product_tag":[],"class_list":["post-1610","product","type-product","status-publish","has-post-thumbnail","hentry","product_cat-cannabis-thc-olie","entry","content-bg","loop-entry"],"yoast_head":"<!-- This site is optimized with the Yoast SEO plugin v26.3 - https:\/\/yoast.com\/wordpress\/plugins\/seo\/ -->\n<title>Eetbare Cannabis Olie 10ml - THC 22% - Wiet Koop Winkel<\/title>\n<meta name=\"robots\" content=\"index, follow, max-snippet:-1, max-image-preview:large, max-video-preview:-1\" \/>\n<link rel=\"canonical\" href=\"https:\/\/wietkoopwinkel.com\/sv\/produkt\/eetbare-cannabis-olie-10ml-thc-22-e9500\/\" \/>\n<meta property=\"og:locale\" content=\"sv_SE\" \/>\n<meta property=\"og:type\" content=\"article\" \/>\n<meta property=\"og:title\" content=\"Eetbare Cannabis Olie 10ml - THC 22% - Wiet Koop Winkel\" \/>\n<meta property=\"og:description\" content=\"Edible Cannabis Oil 10ml \u2013 THC 22% is de psychoactieve stof in cannabis. Daarom is het verantwoordelijk voor het high gevoel dat iemand krijgt na het gebruik van marihuana. Wanneer iemand een THC vape pen gebruikt om deze verbinding in te nemen, werkt het door anandamide na te bootsen, wat een natuurlijk voorkomende chemische stof...\" \/>\n<meta property=\"og:url\" content=\"https:\/\/wietkoopwinkel.com\/sv\/produkt\/eetbare-cannabis-olie-10ml-thc-22-e9500\/\" \/>\n<meta property=\"og:site_name\" content=\"Wiet Koop Winkel\" \/>\n<meta property=\"article:modified_time\" content=\"2024-04-04T02:59:49+00:00\" \/>\n<meta property=\"og:image\" content=\"https:\/\/wietkoopwinkel.com\/wp-content\/uploads\/2023\/10\/Edible-Cannabis-Oil-10ml-\u2013-THC.webp\" \/>\n\t<meta property=\"og:image:width\" content=\"500\" \/>\n\t<meta property=\"og:image:height\" content=\"333\" \/>\n\t<meta property=\"og:image:type\" content=\"image\/webp\" \/>\n<meta name=\"twitter:card\" content=\"summary_large_image\" \/>\n<meta name=\"twitter:label1\" content=\"Ber\u00e4knad l\u00e4stid\" \/>\n\t<meta name=\"twitter:data1\" content=\"1 minut\" \/>\n<script type=\"application\/ld+json\" class=\"yoast-schema-graph\">{\"@context\":\"https:\/\/schema.org\",\"@graph\":[{\"@type\":\"WebPage\",\"@id\":\"https:\/\/wietkoopwinkel.com\/product\/eetbare-cannabis-olie-10ml-thc-22-e9500\/\",\"url\":\"https:\/\/wietkoopwinkel.com\/product\/eetbare-cannabis-olie-10ml-thc-22-e9500\/\",\"name\":\"Eetbare Cannabis Olie 10ml - THC 22% - Wiet Koop Winkel\",\"isPartOf\":{\"@id\":\"https:\/\/wietkoopwinkel.com\/#website\"},\"primaryImageOfPage\":{\"@id\":\"https:\/\/wietkoopwinkel.com\/product\/eetbare-cannabis-olie-10ml-thc-22-e9500\/#primaryimage\"},\"image\":{\"@id\":\"https:\/\/wietkoopwinkel.com\/product\/eetbare-cannabis-olie-10ml-thc-22-e9500\/#primaryimage\"},\"thumbnailUrl\":\"https:\/\/wietkoopwinkel.com\/wp-content\/uploads\/2023\/10\/Edible-Cannabis-Oil-10ml-\u2013-THC.webp\",\"datePublished\":\"2023-10-07T16:27:30+00:00\",\"dateModified\":\"2024-04-04T02:59:49+00:00\",\"breadcrumb\":{\"@id\":\"https:\/\/wietkoopwinkel.com\/product\/eetbare-cannabis-olie-10ml-thc-22-e9500\/#breadcrumb\"},\"inLanguage\":\"sv-SE\",\"potentialAction\":[{\"@type\":\"ReadAction\",\"target\":[\"https:\/\/wietkoopwinkel.com\/product\/eetbare-cannabis-olie-10ml-thc-22-e9500\/\"]}]},{\"@type\":\"ImageObject\",\"inLanguage\":\"sv-SE\",\"@id\":\"https:\/\/wietkoopwinkel.com\/product\/eetbare-cannabis-olie-10ml-thc-22-e9500\/#primaryimage\",\"url\":\"https:\/\/wietkoopwinkel.com\/wp-content\/uploads\/2023\/10\/Edible-Cannabis-Oil-10ml-\u2013-THC.webp\",\"contentUrl\":\"https:\/\/wietkoopwinkel.com\/wp-content\/uploads\/2023\/10\/Edible-Cannabis-Oil-10ml-\u2013-THC.webp\",\"width\":500,\"height\":333,\"caption\":\"Edible Cannabis Oil 10ml \u2013 THC\"},{\"@type\":\"BreadcrumbList\",\"@id\":\"https:\/\/wietkoopwinkel.com\/product\/eetbare-cannabis-olie-10ml-thc-22-e9500\/#breadcrumb\",\"itemListElement\":[{\"@type\":\"ListItem\",\"position\":1,\"name\":\"Home\",\"item\":\"https:\/\/wietkoopwinkel.com\/\"},{\"@type\":\"ListItem\",\"position\":2,\"name\":\"Winkel\",\"item\":\"https:\/\/wietkoopwinkel.com\/winkel\/\"},{\"@type\":\"ListItem\",\"position\":3,\"name\":\"Eetbare Cannabis Olie 10ml &#8211; THC 22%\"}]},{\"@type\":\"WebSite\",\"@id\":\"https:\/\/wietkoopwinkel.com\/#website\",\"url\":\"https:\/\/wietkoopwinkel.com\/\",\"name\":\"Wiet Koop Winkel\",\"description\":\"My WordPress Blog\",\"publisher\":{\"@id\":\"https:\/\/wietkoopwinkel.com\/#organization\"},\"potentialAction\":[{\"@type\":\"SearchAction\",\"target\":{\"@type\":\"EntryPoint\",\"urlTemplate\":\"https:\/\/wietkoopwinkel.com\/?s={search_term_string}\"},\"query-input\":{\"@type\":\"PropertyValueSpecification\",\"valueRequired\":true,\"valueName\":\"search_term_string\"}}],\"inLanguage\":\"sv-SE\"},{\"@type\":\"Organization\",\"@id\":\"https:\/\/wietkoopwinkel.com\/#organization\",\"name\":\"Wiet Koop Winkel\",\"url\":\"https:\/\/wietkoopwinkel.com\/\",\"logo\":{\"@type\":\"ImageObject\",\"inLanguage\":\"sv-SE\",\"@id\":\"https:\/\/wietkoopwinkel.com\/#\/schema\/logo\/image\/\",\"url\":\"https:\/\/wietkoopwinkel.com\/wp-content\/uploads\/2023\/10\/logo.png\",\"contentUrl\":\"https:\/\/wietkoopwinkel.com\/wp-content\/uploads\/2023\/10\/logo.png\",\"width\":400,\"height\":120,\"caption\":\"Wiet Koop Winkel\"},\"image\":{\"@id\":\"https:\/\/wietkoopwinkel.com\/#\/schema\/logo\/image\/\"}}]}<\/script>\n<!-- \/ Yoast SEO plugin. -->","yoast_head_json":{"title":"Eetbare Cannabis Olie 10ml - THC 22% - Wiet Koop Winkel","robots":{"index":"index","follow":"follow","max-snippet":"max-snippet:-1","max-image-preview":"max-image-preview:large","max-video-preview":"max-video-preview:-1"},"canonical":"https:\/\/wietkoopwinkel.com\/sv\/produkt\/eetbare-cannabis-olie-10ml-thc-22-e9500\/","og_locale":"sv_SE","og_type":"article","og_title":"Eetbare Cannabis Olie 10ml - THC 22% - Wiet Koop Winkel","og_description":"Edible Cannabis Oil 10ml \u2013 THC 22% is de psychoactieve stof in cannabis. Daarom is het verantwoordelijk voor het high gevoel dat iemand krijgt na het gebruik van marihuana. Wanneer iemand een THC vape pen gebruikt om deze verbinding in te nemen, werkt het door anandamide na te bootsen, wat een natuurlijk voorkomende chemische stof...","og_url":"https:\/\/wietkoopwinkel.com\/sv\/produkt\/eetbare-cannabis-olie-10ml-thc-22-e9500\/","og_site_name":"Wiet Koop Winkel","article_modified_time":"2024-04-04T02:59:49+00:00","og_image":[{"width":500,"height":333,"url":"https:\/\/wietkoopwinkel.com\/wp-content\/uploads\/2023\/10\/Edible-Cannabis-Oil-10ml-\u2013-THC.webp","type":"image\/webp"}],"twitter_card":"summary_large_image","twitter_misc":{"Ber\u00e4knad l\u00e4stid":"1 minut"},"schema":{"@context":"https:\/\/schema.org","@graph":[{"@type":"WebPage","@id":"https:\/\/wietkoopwinkel.com\/product\/eetbare-cannabis-olie-10ml-thc-22-e9500\/","url":"https:\/\/wietkoopwinkel.com\/product\/eetbare-cannabis-olie-10ml-thc-22-e9500\/","name":"Eetbare Cannabis Olie 10ml - THC 22% - Wiet Koop Winkel","isPartOf":{"@id":"https:\/\/wietkoopwinkel.com\/#website"},"primaryImageOfPage":{"@id":"https:\/\/wietkoopwinkel.com\/product\/eetbare-cannabis-olie-10ml-thc-22-e9500\/#primaryimage"},"image":{"@id":"https:\/\/wietkoopwinkel.com\/product\/eetbare-cannabis-olie-10ml-thc-22-e9500\/#primaryimage"},"thumbnailUrl":"https:\/\/wietkoopwinkel.com\/wp-content\/uploads\/2023\/10\/Edible-Cannabis-Oil-10ml-\u2013-THC.webp","datePublished":"2023-10-07T16:27:30+00:00","dateModified":"2024-04-04T02:59:49+00:00","breadcrumb":{"@id":"https:\/\/wietkoopwinkel.com\/product\/eetbare-cannabis-olie-10ml-thc-22-e9500\/#breadcrumb"},"inLanguage":"sv-SE","potentialAction":[{"@type":"ReadAction","target":["https:\/\/wietkoopwinkel.com\/product\/eetbare-cannabis-olie-10ml-thc-22-e9500\/"]}]},{"@type":"ImageObject","inLanguage":"sv-SE","@id":"https:\/\/wietkoopwinkel.com\/product\/eetbare-cannabis-olie-10ml-thc-22-e9500\/#primaryimage","url":"https:\/\/wietkoopwinkel.com\/wp-content\/uploads\/2023\/10\/Edible-Cannabis-Oil-10ml-\u2013-THC.webp","contentUrl":"https:\/\/wietkoopwinkel.com\/wp-content\/uploads\/2023\/10\/Edible-Cannabis-Oil-10ml-\u2013-THC.webp","width":500,"height":333,"caption":"Edible Cannabis Oil 10ml \u2013 THC"},{"@type":"BreadcrumbList","@id":"https:\/\/wietkoopwinkel.com\/product\/eetbare-cannabis-olie-10ml-thc-22-e9500\/#breadcrumb","itemListElement":[{"@type":"ListItem","position":1,"name":"Home","item":"https:\/\/wietkoopwinkel.com\/"},{"@type":"ListItem","position":2,"name":"Winkel","item":"https:\/\/wietkoopwinkel.com\/winkel\/"},{"@type":"ListItem","position":3,"name":"Eetbare Cannabis Olie 10ml &#8211; THC 22%"}]},{"@type":"WebSite","@id":"https:\/\/wietkoopwinkel.com\/#website","url":"https:\/\/wietkoopwinkel.com\/","name":"Wiet Koop Winkel","description":"My WordPress Blog","publisher":{"@id":"https:\/\/wietkoopwinkel.com\/#organization"},"potentialAction":[{"@type":"SearchAction","target":{"@type":"EntryPoint","urlTemplate":"https:\/\/wietkoopwinkel.com\/?s={search_term_string}"},"query-input":{"@type":"PropertyValueSpecification","valueRequired":true,"valueName":"search_term_string"}}],"inLanguage":"sv-SE"},{"@type":"Organization","@id":"https:\/\/wietkoopwinkel.com\/#organization","name":"Wiet Koop Winkel","url":"https:\/\/wietkoopwinkel.com\/","logo":{"@type":"ImageObject","inLanguage":"sv-SE","@id":"https:\/\/wietkoopwinkel.com\/#\/schema\/logo\/image\/","url":"https:\/\/wietkoopwinkel.com\/wp-content\/uploads\/2023\/10\/logo.png","contentUrl":"https:\/\/wietkoopwinkel.com\/wp-content\/uploads\/2023\/10\/logo.png","width":400,"height":120,"caption":"Wiet Koop Winkel"},"image":{"@id":"https:\/\/wietkoopwinkel.com\/#\/schema\/logo\/image\/"}}]}},"_links":{"self":[{"href":"https:\/\/wietkoopwinkel.com\/sv\/wp-json\/wp\/v2\/product\/1610","targetHints":{"allow":["GET"]}}],"collection":[{"href":"https:\/\/wietkoopwinkel.com\/sv\/wp-json\/wp\/v2\/product"}],"about":[{"href":"https:\/\/wietkoopwinkel.com\/sv\/wp-json\/wp\/v2\/types\/product"}],"replies":[{"embeddable":true,"href":"https:\/\/wietkoopwinkel.com\/sv\/wp-json\/wp\/v2\/comments?post=1610"}],"wp:featuredmedia":[{"embeddable":true,"href":"https:\/\/wietkoopwinkel.com\/sv\/wp-json\/wp\/v2\/media\/1611"}],"wp:attachment":[{"href":"https:\/\/wietkoopwinkel.com\/sv\/wp-json\/wp\/v2\/media?parent=1610"}],"wp:term":[{"taxonomy":"product_cat","embeddable":true,"href":"https:\/\/wietkoopwinkel.com\/sv\/wp-json\/wp\/v2\/product_cat?post=1610"},{"taxonomy":"product_tag","embeddable":true,"href":"https:\/\/wietkoopwinkel.com\/sv\/wp-json\/wp\/v2\/product_tag?post=1610"}],"curies":[{"name":"wp","href":"https:\/\/api.w.org\/{rel}","templated":true}]}}