{"id":1515,"date":"2023-10-06T10:48:35","date_gmt":"2023-10-06T10:48:35","guid":{"rendered":"https:\/\/wietkoopwinkel.com\/?post_type=product&#038;p=1515"},"modified":"2024-08-02T11:29:35","modified_gmt":"2024-08-02T11:29:35","slug":"blueberry-hash","status":"publish","type":"product","link":"https:\/\/wietkoopwinkel.com\/sv\/produkt\/blueberry-hash\/","title":{"rendered":"Bl\u00e5b\u00e4rshash"},"content":{"rendered":"<h2>K\u00f6p bl\u00e5b\u00e4rshash online<\/h2>\n<p>N\u00e4r du \u00f6ppnar din best\u00e4llning v\u00e4ntar en trevlig \u00f6verraskning, eftersom denna hash luktar exakt som bl\u00e5b\u00e4r! Denna naturligt doftande hasch \u00e4r intressant och trevlig att r\u00f6ka, med en mildare halstr\u00e4ff \u00e4n cannabis och ett h\u00f6gt THC-inneh\u00e5ll som resulterar i en fridfull upplevelse. En liten m\u00e4ngd pressad hasch, formad till ett harts fr\u00e5n trichomerna i marijuana-v\u00e4xten, kommer att f\u00e5 dig l\u00e5ngt, vilket g\u00f6r det till ett prisv\u00e4rt och idealiskt alternativ f\u00f6r dem som vill \u00f6ka aptiten, minska \u00e5ngest och f\u00f6rb\u00e4ttra hum\u00f6ret.<\/p>","protected":false},"excerpt":{"rendered":"<p>Koop bosbessenhash online Wanneer je je bestelling opent, wacht je een aangename verrassing, want deze hasj ruikt precies naar bosbessen! Deze natuurlijk geurende hasj is interessant en plezierig om te roken, met een mildere keelhit dan cannabis en een hoog THC-gehalte dat resulteert in een vredige ervaring. Met een klein beetje geperste hasj, dat wordt&#8230;<\/p>","protected":false},"featured_media":1530,"comment_status":"open","ping_status":"closed","template":"","meta":{"_kad_post_transparent":"default","_kad_post_title":"","_kad_post_layout":"default","_kad_post_sidebar_id":"","_kad_post_content_style":"default","_kad_post_vertical_padding":"default","_kad_post_feature":"","_kad_post_feature_position":"","_kad_post_header":false,"_kad_post_footer":false,"_joinchat":[]},"product_cat":[31],"product_tag":[],"class_list":["post-1515","product","type-product","status-publish","has-post-thumbnail","hentry","product_cat-hasj","entry","content-bg","loop-entry"],"yoast_head":"<!-- This site is optimized with the Yoast SEO plugin v26.3 - https:\/\/yoast.com\/wordpress\/plugins\/seo\/ -->\n<title>Blueberry Hash - Wiet Koop Winkel<\/title>\n<meta name=\"robots\" content=\"index, follow, max-snippet:-1, max-image-preview:large, max-video-preview:-1\" \/>\n<link rel=\"canonical\" href=\"https:\/\/wietkoopwinkel.com\/sv\/produkt\/blueberry-hash\/\" \/>\n<meta property=\"og:locale\" content=\"sv_SE\" \/>\n<meta property=\"og:type\" content=\"article\" \/>\n<meta property=\"og:title\" content=\"Blueberry Hash - Wiet Koop Winkel\" \/>\n<meta property=\"og:description\" content=\"Koop bosbessenhash online Wanneer je je bestelling opent, wacht je een aangename verrassing, want deze hasj ruikt precies naar bosbessen! Deze natuurlijk geurende hasj is interessant en plezierig om te roken, met een mildere keelhit dan cannabis en een hoog THC-gehalte dat resulteert in een vredige ervaring. Met een klein beetje geperste hasj, dat wordt...\" \/>\n<meta property=\"og:url\" content=\"https:\/\/wietkoopwinkel.com\/sv\/produkt\/blueberry-hash\/\" \/>\n<meta property=\"og:site_name\" content=\"Wiet Koop Winkel\" \/>\n<meta property=\"article:modified_time\" content=\"2024-08-02T11:29:35+00:00\" \/>\n<meta property=\"og:image\" content=\"https:\/\/wietkoopwinkel.com\/wp-content\/uploads\/2023\/10\/BLUEBERRY-HASH-UK-\u2013-TRUE-BLUE-ALL-NATURAL.jpg\" \/>\n\t<meta property=\"og:image:width\" content=\"600\" \/>\n\t<meta property=\"og:image:height\" content=\"600\" \/>\n\t<meta property=\"og:image:type\" content=\"image\/jpeg\" \/>\n<meta name=\"twitter:card\" content=\"summary_large_image\" \/>\n<meta name=\"twitter:label1\" content=\"Ber\u00e4knad l\u00e4stid\" \/>\n\t<meta name=\"twitter:data1\" content=\"1 minut\" \/>\n<script type=\"application\/ld+json\" class=\"yoast-schema-graph\">{\"@context\":\"https:\/\/schema.org\",\"@graph\":[{\"@type\":\"WebPage\",\"@id\":\"https:\/\/wietkoopwinkel.com\/product\/blueberry-hash\/\",\"url\":\"https:\/\/wietkoopwinkel.com\/product\/blueberry-hash\/\",\"name\":\"Blueberry Hash - Wiet Koop Winkel\",\"isPartOf\":{\"@id\":\"https:\/\/wietkoopwinkel.com\/#website\"},\"primaryImageOfPage\":{\"@id\":\"https:\/\/wietkoopwinkel.com\/product\/blueberry-hash\/#primaryimage\"},\"image\":{\"@id\":\"https:\/\/wietkoopwinkel.com\/product\/blueberry-hash\/#primaryimage\"},\"thumbnailUrl\":\"https:\/\/wietkoopwinkel.com\/wp-content\/uploads\/2023\/10\/BLUEBERRY-HASH-UK-\u2013-TRUE-BLUE-ALL-NATURAL.jpg\",\"datePublished\":\"2023-10-06T10:48:35+00:00\",\"dateModified\":\"2024-08-02T11:29:35+00:00\",\"breadcrumb\":{\"@id\":\"https:\/\/wietkoopwinkel.com\/product\/blueberry-hash\/#breadcrumb\"},\"inLanguage\":\"sv-SE\",\"potentialAction\":[{\"@type\":\"ReadAction\",\"target\":[\"https:\/\/wietkoopwinkel.com\/product\/blueberry-hash\/\"]}]},{\"@type\":\"ImageObject\",\"inLanguage\":\"sv-SE\",\"@id\":\"https:\/\/wietkoopwinkel.com\/product\/blueberry-hash\/#primaryimage\",\"url\":\"https:\/\/wietkoopwinkel.com\/wp-content\/uploads\/2023\/10\/BLUEBERRY-HASH-UK-\u2013-TRUE-BLUE-ALL-NATURAL.jpg\",\"contentUrl\":\"https:\/\/wietkoopwinkel.com\/wp-content\/uploads\/2023\/10\/BLUEBERRY-HASH-UK-\u2013-TRUE-BLUE-ALL-NATURAL.jpg\",\"width\":600,\"height\":600,\"caption\":\"hasj kopen\"},{\"@type\":\"BreadcrumbList\",\"@id\":\"https:\/\/wietkoopwinkel.com\/product\/blueberry-hash\/#breadcrumb\",\"itemListElement\":[{\"@type\":\"ListItem\",\"position\":1,\"name\":\"Home\",\"item\":\"https:\/\/wietkoopwinkel.com\/\"},{\"@type\":\"ListItem\",\"position\":2,\"name\":\"Winkel\",\"item\":\"https:\/\/wietkoopwinkel.com\/winkel\/\"},{\"@type\":\"ListItem\",\"position\":3,\"name\":\"Blueberry Hash\"}]},{\"@type\":\"WebSite\",\"@id\":\"https:\/\/wietkoopwinkel.com\/#website\",\"url\":\"https:\/\/wietkoopwinkel.com\/\",\"name\":\"Wiet Koop Winkel\",\"description\":\"My WordPress Blog\",\"publisher\":{\"@id\":\"https:\/\/wietkoopwinkel.com\/#organization\"},\"potentialAction\":[{\"@type\":\"SearchAction\",\"target\":{\"@type\":\"EntryPoint\",\"urlTemplate\":\"https:\/\/wietkoopwinkel.com\/?s={search_term_string}\"},\"query-input\":{\"@type\":\"PropertyValueSpecification\",\"valueRequired\":true,\"valueName\":\"search_term_string\"}}],\"inLanguage\":\"sv-SE\"},{\"@type\":\"Organization\",\"@id\":\"https:\/\/wietkoopwinkel.com\/#organization\",\"name\":\"Wiet Koop Winkel\",\"url\":\"https:\/\/wietkoopwinkel.com\/\",\"logo\":{\"@type\":\"ImageObject\",\"inLanguage\":\"sv-SE\",\"@id\":\"https:\/\/wietkoopwinkel.com\/#\/schema\/logo\/image\/\",\"url\":\"https:\/\/wietkoopwinkel.com\/wp-content\/uploads\/2023\/10\/logo.png\",\"contentUrl\":\"https:\/\/wietkoopwinkel.com\/wp-content\/uploads\/2023\/10\/logo.png\",\"width\":400,\"height\":120,\"caption\":\"Wiet Koop Winkel\"},\"image\":{\"@id\":\"https:\/\/wietkoopwinkel.com\/#\/schema\/logo\/image\/\"}}]}<\/script>\n<!-- \/ Yoast SEO plugin. -->","yoast_head_json":{"title":"Blueberry Hash - Wiet Koop Winkel","robots":{"index":"index","follow":"follow","max-snippet":"max-snippet:-1","max-image-preview":"max-image-preview:large","max-video-preview":"max-video-preview:-1"},"canonical":"https:\/\/wietkoopwinkel.com\/sv\/produkt\/blueberry-hash\/","og_locale":"sv_SE","og_type":"article","og_title":"Blueberry Hash - Wiet Koop Winkel","og_description":"Koop bosbessenhash online Wanneer je je bestelling opent, wacht je een aangename verrassing, want deze hasj ruikt precies naar bosbessen! Deze natuurlijk geurende hasj is interessant en plezierig om te roken, met een mildere keelhit dan cannabis en een hoog THC-gehalte dat resulteert in een vredige ervaring. Met een klein beetje geperste hasj, dat wordt...","og_url":"https:\/\/wietkoopwinkel.com\/sv\/produkt\/blueberry-hash\/","og_site_name":"Wiet Koop Winkel","article_modified_time":"2024-08-02T11:29:35+00:00","og_image":[{"width":600,"height":600,"url":"https:\/\/wietkoopwinkel.com\/wp-content\/uploads\/2023\/10\/BLUEBERRY-HASH-UK-\u2013-TRUE-BLUE-ALL-NATURAL.jpg","type":"image\/jpeg"}],"twitter_card":"summary_large_image","twitter_misc":{"Ber\u00e4knad l\u00e4stid":"1 minut"},"schema":{"@context":"https:\/\/schema.org","@graph":[{"@type":"WebPage","@id":"https:\/\/wietkoopwinkel.com\/product\/blueberry-hash\/","url":"https:\/\/wietkoopwinkel.com\/product\/blueberry-hash\/","name":"Blueberry Hash - Wiet Koop Winkel","isPartOf":{"@id":"https:\/\/wietkoopwinkel.com\/#website"},"primaryImageOfPage":{"@id":"https:\/\/wietkoopwinkel.com\/product\/blueberry-hash\/#primaryimage"},"image":{"@id":"https:\/\/wietkoopwinkel.com\/product\/blueberry-hash\/#primaryimage"},"thumbnailUrl":"https:\/\/wietkoopwinkel.com\/wp-content\/uploads\/2023\/10\/BLUEBERRY-HASH-UK-\u2013-TRUE-BLUE-ALL-NATURAL.jpg","datePublished":"2023-10-06T10:48:35+00:00","dateModified":"2024-08-02T11:29:35+00:00","breadcrumb":{"@id":"https:\/\/wietkoopwinkel.com\/product\/blueberry-hash\/#breadcrumb"},"inLanguage":"sv-SE","potentialAction":[{"@type":"ReadAction","target":["https:\/\/wietkoopwinkel.com\/product\/blueberry-hash\/"]}]},{"@type":"ImageObject","inLanguage":"sv-SE","@id":"https:\/\/wietkoopwinkel.com\/product\/blueberry-hash\/#primaryimage","url":"https:\/\/wietkoopwinkel.com\/wp-content\/uploads\/2023\/10\/BLUEBERRY-HASH-UK-\u2013-TRUE-BLUE-ALL-NATURAL.jpg","contentUrl":"https:\/\/wietkoopwinkel.com\/wp-content\/uploads\/2023\/10\/BLUEBERRY-HASH-UK-\u2013-TRUE-BLUE-ALL-NATURAL.jpg","width":600,"height":600,"caption":"hasj kopen"},{"@type":"BreadcrumbList","@id":"https:\/\/wietkoopwinkel.com\/product\/blueberry-hash\/#breadcrumb","itemListElement":[{"@type":"ListItem","position":1,"name":"Home","item":"https:\/\/wietkoopwinkel.com\/"},{"@type":"ListItem","position":2,"name":"Winkel","item":"https:\/\/wietkoopwinkel.com\/winkel\/"},{"@type":"ListItem","position":3,"name":"Blueberry Hash"}]},{"@type":"WebSite","@id":"https:\/\/wietkoopwinkel.com\/#website","url":"https:\/\/wietkoopwinkel.com\/","name":"Wiet Koop Winkel","description":"My WordPress Blog","publisher":{"@id":"https:\/\/wietkoopwinkel.com\/#organization"},"potentialAction":[{"@type":"SearchAction","target":{"@type":"EntryPoint","urlTemplate":"https:\/\/wietkoopwinkel.com\/?s={search_term_string}"},"query-input":{"@type":"PropertyValueSpecification","valueRequired":true,"valueName":"search_term_string"}}],"inLanguage":"sv-SE"},{"@type":"Organization","@id":"https:\/\/wietkoopwinkel.com\/#organization","name":"Wiet Koop Winkel","url":"https:\/\/wietkoopwinkel.com\/","logo":{"@type":"ImageObject","inLanguage":"sv-SE","@id":"https:\/\/wietkoopwinkel.com\/#\/schema\/logo\/image\/","url":"https:\/\/wietkoopwinkel.com\/wp-content\/uploads\/2023\/10\/logo.png","contentUrl":"https:\/\/wietkoopwinkel.com\/wp-content\/uploads\/2023\/10\/logo.png","width":400,"height":120,"caption":"Wiet Koop Winkel"},"image":{"@id":"https:\/\/wietkoopwinkel.com\/#\/schema\/logo\/image\/"}}]}},"_links":{"self":[{"href":"https:\/\/wietkoopwinkel.com\/sv\/wp-json\/wp\/v2\/product\/1515","targetHints":{"allow":["GET"]}}],"collection":[{"href":"https:\/\/wietkoopwinkel.com\/sv\/wp-json\/wp\/v2\/product"}],"about":[{"href":"https:\/\/wietkoopwinkel.com\/sv\/wp-json\/wp\/v2\/types\/product"}],"replies":[{"embeddable":true,"href":"https:\/\/wietkoopwinkel.com\/sv\/wp-json\/wp\/v2\/comments?post=1515"}],"wp:featuredmedia":[{"embeddable":true,"href":"https:\/\/wietkoopwinkel.com\/sv\/wp-json\/wp\/v2\/media\/1530"}],"wp:attachment":[{"href":"https:\/\/wietkoopwinkel.com\/sv\/wp-json\/wp\/v2\/media?parent=1515"}],"wp:term":[{"taxonomy":"product_cat","embeddable":true,"href":"https:\/\/wietkoopwinkel.com\/sv\/wp-json\/wp\/v2\/product_cat?post=1515"},{"taxonomy":"product_tag","embeddable":true,"href":"https:\/\/wietkoopwinkel.com\/sv\/wp-json\/wp\/v2\/product_tag?post=1515"}],"curies":[{"name":"wp","href":"https:\/\/api.w.org\/{rel}","templated":true}]}}