{"id":1388,"date":"2023-09-30T10:46:38","date_gmt":"2023-09-30T10:46:38","guid":{"rendered":"https:\/\/nembutalhouse.com\/weed\/?post_type=product&#038;p=1388"},"modified":"2023-10-07T09:06:51","modified_gmt":"2023-10-07T09:06:51","slug":"og-kush-cannabis-oil","status":"publish","type":"product","link":"https:\/\/wietkoopwinkel.com\/sv\/produkt\/og-kush-cannabis-oil\/","title":{"rendered":"OG Kush Cannabisolja"},"content":{"rendered":"<p>I b\u00f6rjan av 1990-talet utvecklades OG Kush-sorten, \u00e4ven k\u00e4nd som Premium OG Kush, i Florida. Skaparen av OG Kush \u00e4r fortfarande ett mysterium. Cannabismarknaden h\u00e4vdar att dess genetik h\u00e4rstammar fr\u00e5n v\u00e4lk\u00e4nda kultivarer som Chemdawg, Lemon Thai eller Old World Paki Kush, vilka kan ha korsats f\u00f6r att skapa denna v\u00e4xt.<\/p>\n<p>Denna v\u00e4xt \u00e4r k\u00e4nd f\u00f6r sin distinkta terpenprofil, vilket ger den en kraftfull citrondoft. Den anses av m\u00e5nga vara en av de mest upplyftande cannabissorterna som finns. Enligt OG Kushs effekter kan dessa tillst\u00e5nd, liksom kroniskt obehag, hanteras. Hunger \u00e4r en annan framtr\u00e4dande bieffekt, enligt OG Kush.<\/p>\n<h2>Kan f\u00f6rb\u00e4ttra kakexi och aptitl\u00f6shet orsakad av cancer eller AIDS\/HIV.<\/h2>\n<p>OG Kush \u00e4r en indica-dominant sort. De flesta plantor har en andel p\u00e5 55 % indica till 45 % sativa, \u00e4ven om det kan finnas sm\u00e5 variationer beroende p\u00e5 hybriden. OG Kush har en h\u00f6g THC-halt p\u00e5 cirka 26 % och en del CBD.<\/p>\n<p>Eftersom den f\u00f6redrar stor frihet att v\u00e4xa utomhus snarare \u00e4n att vara begr\u00e4nsad till en f\u00f6nsterl\u00e5da, rekommenderas denna v\u00e4xt f\u00f6r erfarna odlare.<\/p>","protected":false},"excerpt":{"rendered":"<p>Begin jaren negentig werd in Florida de soort OG Kush ontwikkeld, ook wel bekend als Premium OG Kush. Wie OG Kush heeft gemaakt, is een mysterie. Op de cannabismarkt wordt beweerd dat de genetica afkomstig is van bekende soorten (cultivars) zoals Chemdawg, Lemon Thai of Old World Paki Kush, die mogelijk zijn gekruist om deze&#8230;<\/p>","protected":false},"featured_media":1408,"comment_status":"open","ping_status":"closed","template":"","meta":{"_kad_post_transparent":"default","_kad_post_title":"","_kad_post_layout":"default","_kad_post_sidebar_id":"","_kad_post_content_style":"default","_kad_post_vertical_padding":"default","_kad_post_feature":"","_kad_post_feature_position":"","_kad_post_header":false,"_kad_post_footer":false,"_joinchat":[]},"product_cat":[30],"product_tag":[],"class_list":["post-1388","product","type-product","status-publish","has-post-thumbnail","hentry","product_cat-cannabis-thc-olie","entry","content-bg","loop-entry"],"yoast_head":"<!-- This site is optimized with the Yoast SEO plugin v26.3 - https:\/\/yoast.com\/wordpress\/plugins\/seo\/ -->\n<title>OG Kush Cannabis Oil - Wiet Koop Winkel<\/title>\n<meta name=\"robots\" content=\"index, follow, max-snippet:-1, max-image-preview:large, max-video-preview:-1\" \/>\n<link rel=\"canonical\" href=\"https:\/\/wietkoopwinkel.com\/sv\/produkt\/og-kush-cannabis-oil\/\" \/>\n<meta property=\"og:locale\" content=\"sv_SE\" \/>\n<meta property=\"og:type\" content=\"article\" \/>\n<meta property=\"og:title\" content=\"OG Kush Cannabis Oil - Wiet Koop Winkel\" \/>\n<meta property=\"og:description\" content=\"Begin jaren negentig werd in Florida de soort OG Kush ontwikkeld, ook wel bekend als Premium OG Kush. Wie OG Kush heeft gemaakt, is een mysterie. Op de cannabismarkt wordt beweerd dat de genetica afkomstig is van bekende soorten (cultivars) zoals Chemdawg, Lemon Thai of Old World Paki Kush, die mogelijk zijn gekruist om deze...\" \/>\n<meta property=\"og:url\" content=\"https:\/\/wietkoopwinkel.com\/sv\/produkt\/og-kush-cannabis-oil\/\" \/>\n<meta property=\"og:site_name\" content=\"Wiet Koop Winkel\" \/>\n<meta property=\"article:modified_time\" content=\"2023-10-07T09:06:51+00:00\" \/>\n<meta property=\"og:image\" content=\"https:\/\/wietkoopwinkel.com\/wp-content\/uploads\/2023\/09\/OG-Kush-Cannabisolja.jpg\" \/>\n\t<meta property=\"og:image:width\" content=\"600\" \/>\n\t<meta property=\"og:image:height\" content=\"600\" \/>\n\t<meta property=\"og:image:type\" content=\"image\/jpeg\" \/>\n<meta name=\"twitter:card\" content=\"summary_large_image\" \/>\n<meta name=\"twitter:label1\" content=\"Ber\u00e4knad l\u00e4stid\" \/>\n\t<meta name=\"twitter:data1\" content=\"1 minut\" \/>\n<script type=\"application\/ld+json\" class=\"yoast-schema-graph\">{\"@context\":\"https:\/\/schema.org\",\"@graph\":[{\"@type\":\"WebPage\",\"@id\":\"https:\/\/wietkoopwinkel.com\/product\/og-kush-cannabis-oil\/\",\"url\":\"https:\/\/wietkoopwinkel.com\/product\/og-kush-cannabis-oil\/\",\"name\":\"OG Kush Cannabis Oil - Wiet Koop Winkel\",\"isPartOf\":{\"@id\":\"https:\/\/wietkoopwinkel.com\/#website\"},\"primaryImageOfPage\":{\"@id\":\"https:\/\/wietkoopwinkel.com\/product\/og-kush-cannabis-oil\/#primaryimage\"},\"image\":{\"@id\":\"https:\/\/wietkoopwinkel.com\/product\/og-kush-cannabis-oil\/#primaryimage\"},\"thumbnailUrl\":\"https:\/\/wietkoopwinkel.com\/wp-content\/uploads\/2023\/09\/OG-Kush-Cannabisolja.jpg\",\"datePublished\":\"2023-09-30T10:46:38+00:00\",\"dateModified\":\"2023-10-07T09:06:51+00:00\",\"breadcrumb\":{\"@id\":\"https:\/\/wietkoopwinkel.com\/product\/og-kush-cannabis-oil\/#breadcrumb\"},\"inLanguage\":\"sv-SE\",\"potentialAction\":[{\"@type\":\"ReadAction\",\"target\":[\"https:\/\/wietkoopwinkel.com\/product\/og-kush-cannabis-oil\/\"]}]},{\"@type\":\"ImageObject\",\"inLanguage\":\"sv-SE\",\"@id\":\"https:\/\/wietkoopwinkel.com\/product\/og-kush-cannabis-oil\/#primaryimage\",\"url\":\"https:\/\/wietkoopwinkel.com\/wp-content\/uploads\/2023\/09\/OG-Kush-Cannabisolja.jpg\",\"contentUrl\":\"https:\/\/wietkoopwinkel.com\/wp-content\/uploads\/2023\/09\/OG-Kush-Cannabisolja.jpg\",\"width\":600,\"height\":600,\"caption\":\"OG-Kush-Cannabisolja\"},{\"@type\":\"BreadcrumbList\",\"@id\":\"https:\/\/wietkoopwinkel.com\/product\/og-kush-cannabis-oil\/#breadcrumb\",\"itemListElement\":[{\"@type\":\"ListItem\",\"position\":1,\"name\":\"Home\",\"item\":\"https:\/\/wietkoopwinkel.com\/\"},{\"@type\":\"ListItem\",\"position\":2,\"name\":\"Winkel\",\"item\":\"https:\/\/wietkoopwinkel.com\/winkel\/\"},{\"@type\":\"ListItem\",\"position\":3,\"name\":\"OG Kush Cannabis Oil\"}]},{\"@type\":\"WebSite\",\"@id\":\"https:\/\/wietkoopwinkel.com\/#website\",\"url\":\"https:\/\/wietkoopwinkel.com\/\",\"name\":\"Wiet Koop Winkel\",\"description\":\"My WordPress Blog\",\"publisher\":{\"@id\":\"https:\/\/wietkoopwinkel.com\/#organization\"},\"potentialAction\":[{\"@type\":\"SearchAction\",\"target\":{\"@type\":\"EntryPoint\",\"urlTemplate\":\"https:\/\/wietkoopwinkel.com\/?s={search_term_string}\"},\"query-input\":{\"@type\":\"PropertyValueSpecification\",\"valueRequired\":true,\"valueName\":\"search_term_string\"}}],\"inLanguage\":\"sv-SE\"},{\"@type\":\"Organization\",\"@id\":\"https:\/\/wietkoopwinkel.com\/#organization\",\"name\":\"Wiet Koop Winkel\",\"url\":\"https:\/\/wietkoopwinkel.com\/\",\"logo\":{\"@type\":\"ImageObject\",\"inLanguage\":\"sv-SE\",\"@id\":\"https:\/\/wietkoopwinkel.com\/#\/schema\/logo\/image\/\",\"url\":\"https:\/\/wietkoopwinkel.com\/wp-content\/uploads\/2023\/10\/logo.png\",\"contentUrl\":\"https:\/\/wietkoopwinkel.com\/wp-content\/uploads\/2023\/10\/logo.png\",\"width\":400,\"height\":120,\"caption\":\"Wiet Koop Winkel\"},\"image\":{\"@id\":\"https:\/\/wietkoopwinkel.com\/#\/schema\/logo\/image\/\"}}]}<\/script>\n<!-- \/ Yoast SEO plugin. -->","yoast_head_json":{"title":"OG Kush Cannabis Oil - Wiet Koop Winkel","robots":{"index":"index","follow":"follow","max-snippet":"max-snippet:-1","max-image-preview":"max-image-preview:large","max-video-preview":"max-video-preview:-1"},"canonical":"https:\/\/wietkoopwinkel.com\/sv\/produkt\/og-kush-cannabis-oil\/","og_locale":"sv_SE","og_type":"article","og_title":"OG Kush Cannabis Oil - Wiet Koop Winkel","og_description":"Begin jaren negentig werd in Florida de soort OG Kush ontwikkeld, ook wel bekend als Premium OG Kush. Wie OG Kush heeft gemaakt, is een mysterie. Op de cannabismarkt wordt beweerd dat de genetica afkomstig is van bekende soorten (cultivars) zoals Chemdawg, Lemon Thai of Old World Paki Kush, die mogelijk zijn gekruist om deze...","og_url":"https:\/\/wietkoopwinkel.com\/sv\/produkt\/og-kush-cannabis-oil\/","og_site_name":"Wiet Koop Winkel","article_modified_time":"2023-10-07T09:06:51+00:00","og_image":[{"width":600,"height":600,"url":"https:\/\/wietkoopwinkel.com\/wp-content\/uploads\/2023\/09\/OG-Kush-Cannabisolja.jpg","type":"image\/jpeg"}],"twitter_card":"summary_large_image","twitter_misc":{"Ber\u00e4knad l\u00e4stid":"1 minut"},"schema":{"@context":"https:\/\/schema.org","@graph":[{"@type":"WebPage","@id":"https:\/\/wietkoopwinkel.com\/product\/og-kush-cannabis-oil\/","url":"https:\/\/wietkoopwinkel.com\/product\/og-kush-cannabis-oil\/","name":"OG Kush Cannabis Oil - Wiet Koop Winkel","isPartOf":{"@id":"https:\/\/wietkoopwinkel.com\/#website"},"primaryImageOfPage":{"@id":"https:\/\/wietkoopwinkel.com\/product\/og-kush-cannabis-oil\/#primaryimage"},"image":{"@id":"https:\/\/wietkoopwinkel.com\/product\/og-kush-cannabis-oil\/#primaryimage"},"thumbnailUrl":"https:\/\/wietkoopwinkel.com\/wp-content\/uploads\/2023\/09\/OG-Kush-Cannabisolja.jpg","datePublished":"2023-09-30T10:46:38+00:00","dateModified":"2023-10-07T09:06:51+00:00","breadcrumb":{"@id":"https:\/\/wietkoopwinkel.com\/product\/og-kush-cannabis-oil\/#breadcrumb"},"inLanguage":"sv-SE","potentialAction":[{"@type":"ReadAction","target":["https:\/\/wietkoopwinkel.com\/product\/og-kush-cannabis-oil\/"]}]},{"@type":"ImageObject","inLanguage":"sv-SE","@id":"https:\/\/wietkoopwinkel.com\/product\/og-kush-cannabis-oil\/#primaryimage","url":"https:\/\/wietkoopwinkel.com\/wp-content\/uploads\/2023\/09\/OG-Kush-Cannabisolja.jpg","contentUrl":"https:\/\/wietkoopwinkel.com\/wp-content\/uploads\/2023\/09\/OG-Kush-Cannabisolja.jpg","width":600,"height":600,"caption":"OG-Kush-Cannabisolja"},{"@type":"BreadcrumbList","@id":"https:\/\/wietkoopwinkel.com\/product\/og-kush-cannabis-oil\/#breadcrumb","itemListElement":[{"@type":"ListItem","position":1,"name":"Home","item":"https:\/\/wietkoopwinkel.com\/"},{"@type":"ListItem","position":2,"name":"Winkel","item":"https:\/\/wietkoopwinkel.com\/winkel\/"},{"@type":"ListItem","position":3,"name":"OG Kush Cannabis Oil"}]},{"@type":"WebSite","@id":"https:\/\/wietkoopwinkel.com\/#website","url":"https:\/\/wietkoopwinkel.com\/","name":"Wiet Koop Winkel","description":"My WordPress Blog","publisher":{"@id":"https:\/\/wietkoopwinkel.com\/#organization"},"potentialAction":[{"@type":"SearchAction","target":{"@type":"EntryPoint","urlTemplate":"https:\/\/wietkoopwinkel.com\/?s={search_term_string}"},"query-input":{"@type":"PropertyValueSpecification","valueRequired":true,"valueName":"search_term_string"}}],"inLanguage":"sv-SE"},{"@type":"Organization","@id":"https:\/\/wietkoopwinkel.com\/#organization","name":"Wiet Koop Winkel","url":"https:\/\/wietkoopwinkel.com\/","logo":{"@type":"ImageObject","inLanguage":"sv-SE","@id":"https:\/\/wietkoopwinkel.com\/#\/schema\/logo\/image\/","url":"https:\/\/wietkoopwinkel.com\/wp-content\/uploads\/2023\/10\/logo.png","contentUrl":"https:\/\/wietkoopwinkel.com\/wp-content\/uploads\/2023\/10\/logo.png","width":400,"height":120,"caption":"Wiet Koop Winkel"},"image":{"@id":"https:\/\/wietkoopwinkel.com\/#\/schema\/logo\/image\/"}}]}},"_links":{"self":[{"href":"https:\/\/wietkoopwinkel.com\/sv\/wp-json\/wp\/v2\/product\/1388","targetHints":{"allow":["GET"]}}],"collection":[{"href":"https:\/\/wietkoopwinkel.com\/sv\/wp-json\/wp\/v2\/product"}],"about":[{"href":"https:\/\/wietkoopwinkel.com\/sv\/wp-json\/wp\/v2\/types\/product"}],"replies":[{"embeddable":true,"href":"https:\/\/wietkoopwinkel.com\/sv\/wp-json\/wp\/v2\/comments?post=1388"}],"wp:featuredmedia":[{"embeddable":true,"href":"https:\/\/wietkoopwinkel.com\/sv\/wp-json\/wp\/v2\/media\/1408"}],"wp:attachment":[{"href":"https:\/\/wietkoopwinkel.com\/sv\/wp-json\/wp\/v2\/media?parent=1388"}],"wp:term":[{"taxonomy":"product_cat","embeddable":true,"href":"https:\/\/wietkoopwinkel.com\/sv\/wp-json\/wp\/v2\/product_cat?post=1388"},{"taxonomy":"product_tag","embeddable":true,"href":"https:\/\/wietkoopwinkel.com\/sv\/wp-json\/wp\/v2\/product_tag?post=1388"}],"curies":[{"name":"wp","href":"https:\/\/api.w.org\/{rel}","templated":true}]}}