{"id":1369,"date":"2023-09-30T10:33:33","date_gmt":"2023-09-30T10:33:33","guid":{"rendered":"https:\/\/nembutalhouse.com\/weed\/?post_type=product&#038;p=1369"},"modified":"2024-01-03T11:22:03","modified_gmt":"2024-01-03T11:22:03","slug":"tangie-hash","status":"publish","type":"product","link":"https:\/\/wietkoopwinkel.com\/sv\/produkt\/tangie-hash\/","title":{"rendered":"Tangie Hash"},"content":{"rendered":"<p>Tangie Hash \u00e4r en popul\u00e4r Sativa-stam som erbjuder starka h\u00f6jder och underbara upplevelser. Sedan mitten av 1990-talet har marijuana k\u00e4nd som Tangie utvecklats fr\u00e5n den ber\u00f6mda Tangerine Dream-stammen. Lite Tangerine Dream cannabis kombinerades av Space Farms med den l\u00e4ckra och fuktiga Skunk #1-stammen f\u00f6r att producera en fantastisk Sativa som inte liknar n\u00e5gon annan! Tangie-hash ger dig en cerebral boost och en energihastighet som liknar den hos en kopp kaffe, men denna h\u00f6ga kommer att vara helt vibrationsfri! Tangie Bubble hash avnjuts b\u00e4st med en v\u00e4n eller tv\u00e5, eftersom denna underbara stam genererar glada k\u00e4nslor som b\u00f6r delas! Tangie cannabis har vackra mintgr\u00f6na knoppar med v\u00e4ndningar av m\u00f6rka orange h\u00e5rstr\u00e5n. Tangie marijuana \u00e4r t\u00e4ckt i ett vackert lager av kristallina trichomes.<\/p>\n<h2>Mest effektiv anv\u00e4ndning<\/h2>\n<p>Den b\u00e4sta stammen f\u00f6r anv\u00e4ndning p\u00e5 morgonen och dagtid \u00e4r Tangie Bubble Hash. Dess traditionella Sativa-blomningseffekter \u00e4r idealiska f\u00f6r att h\u00e5lla sig vaken och alert medan du arbetar med en uppgift. Tangie Bubble Hash ger en kraftfull rusning, men det g\u00f6r dig inte yr. Efter din f\u00f6rsta h\u00f6jning b\u00f6rjar en v\u00e5g av upplyftande energi str\u00f6mma genom din kropp! Denna atmosf\u00e4r kommer snart att f\u00f6rsvinna och du kommer att omges av ett best\u00e4mt och fokuserat tankes\u00e4tt. Tangie \u00e4r k\u00e4nt f\u00f6r att fr\u00e4mja kreativitet och gnista id\u00e9er. Om du vill bli av med utmattning och depression, prova Tangie Bubble Hash. Som n\u00e4mnts tidigare rekommenderar vi att du delar Tangie marijuana med en v\u00e4n s\u00e5 att alla kan uppleva dess otroligt upplyftande och trevliga effekter. Fniss kommer utan tvekan att f\u00f6lja.<\/p>\n<h3>Smak<\/h3>\n<p>Tangie Bubble Hash \u00e4r en v\u00e4lsmakande och underh\u00e5llande marijuanastam! Citrus, mandarin och en dash av diesel dansar tillsammans f\u00f6r att producera en smakkombination som inte kan \u00f6vertr\u00e4ffas av n\u00e5gon annan. Stammens citrusundertoner och salta smak hoppar omedelbart in i din tunga och hj\u00e4rna vid din f\u00f6rsta smak. Den l\u00e4ckra mandarinsmaken kommer att b\u00f6rja fresta dina smakl\u00f6kar n\u00e4r du tar in mer luft. R\u00f6kningssessionen avslutas med en fuktig men n\u00e5got dieselliknande smak. Den syrliga smaken av citrus och frukt kompenseras av dieselsmaken, vilket g\u00f6r att de tre smakerna kombineras harmoniskt.<\/p>","protected":false},"excerpt":{"rendered":"<p>Tangie Hash is een populaire Sativa-soort die sterke highs en prachtige ervaringen biedt. Sinds het midden van de jaren negentig is marihuana, bekend als Tangie, ontwikkeld uit de bekende Tangerine Dream-soort. Een beetje Tangerine Dream-cannabis werd door Space Farms gecombineerd met de heerlijke en vochtige Skunk #1-soort om een geweldige Sativa te produceren die anders&#8230;<\/p>","protected":false},"featured_media":1474,"comment_status":"open","ping_status":"closed","template":"","meta":{"_kad_post_transparent":"default","_kad_post_title":"","_kad_post_layout":"default","_kad_post_sidebar_id":"","_kad_post_content_style":"default","_kad_post_vertical_padding":"default","_kad_post_feature":"","_kad_post_feature_position":"","_kad_post_header":false,"_kad_post_footer":false,"_joinchat":[]},"product_cat":[31],"product_tag":[],"class_list":["post-1369","product","type-product","status-publish","has-post-thumbnail","hentry","product_cat-hasj","entry","content-bg","loop-entry"],"yoast_head":"<!-- This site is optimized with the Yoast SEO plugin v26.3 - https:\/\/yoast.com\/wordpress\/plugins\/seo\/ -->\n<title>Tangie Hash - Wiet Koop Winkel<\/title>\n<meta name=\"robots\" content=\"index, follow, max-snippet:-1, max-image-preview:large, max-video-preview:-1\" \/>\n<link rel=\"canonical\" href=\"https:\/\/wietkoopwinkel.com\/sv\/produkt\/tangie-hash\/\" \/>\n<meta property=\"og:locale\" content=\"sv_SE\" \/>\n<meta property=\"og:type\" content=\"article\" \/>\n<meta property=\"og:title\" content=\"Tangie Hash - Wiet Koop Winkel\" \/>\n<meta property=\"og:description\" content=\"Tangie Hash is een populaire Sativa-soort die sterke highs en prachtige ervaringen biedt. Sinds het midden van de jaren negentig is marihuana, bekend als Tangie, ontwikkeld uit de bekende Tangerine Dream-soort. Een beetje Tangerine Dream-cannabis werd door Space Farms gecombineerd met de heerlijke en vochtige Skunk #1-soort om een geweldige Sativa te produceren die anders...\" \/>\n<meta property=\"og:url\" content=\"https:\/\/wietkoopwinkel.com\/sv\/produkt\/tangie-hash\/\" \/>\n<meta property=\"og:site_name\" content=\"Wiet Koop Winkel\" \/>\n<meta property=\"article:modified_time\" content=\"2024-01-03T11:22:03+00:00\" \/>\n<meta property=\"og:image\" content=\"https:\/\/wietkoopwinkel.com\/wp-content\/uploads\/2023\/09\/Tangie-Hash-1.jpg\" \/>\n\t<meta property=\"og:image:width\" content=\"600\" \/>\n\t<meta property=\"og:image:height\" content=\"600\" \/>\n\t<meta property=\"og:image:type\" content=\"image\/jpeg\" \/>\n<meta name=\"twitter:card\" content=\"summary_large_image\" \/>\n<meta name=\"twitter:label1\" content=\"Ber\u00e4knad l\u00e4stid\" \/>\n\t<meta name=\"twitter:data1\" content=\"2 minuter\" \/>\n<script type=\"application\/ld+json\" class=\"yoast-schema-graph\">{\"@context\":\"https:\/\/schema.org\",\"@graph\":[{\"@type\":\"WebPage\",\"@id\":\"https:\/\/wietkoopwinkel.com\/product\/tangie-hash\/\",\"url\":\"https:\/\/wietkoopwinkel.com\/product\/tangie-hash\/\",\"name\":\"Tangie Hash - Wiet Koop Winkel\",\"isPartOf\":{\"@id\":\"https:\/\/wietkoopwinkel.com\/#website\"},\"primaryImageOfPage\":{\"@id\":\"https:\/\/wietkoopwinkel.com\/product\/tangie-hash\/#primaryimage\"},\"image\":{\"@id\":\"https:\/\/wietkoopwinkel.com\/product\/tangie-hash\/#primaryimage\"},\"thumbnailUrl\":\"https:\/\/wietkoopwinkel.com\/wp-content\/uploads\/2023\/09\/Tangie-Hash-1.jpg\",\"datePublished\":\"2023-09-30T10:33:33+00:00\",\"dateModified\":\"2024-01-03T11:22:03+00:00\",\"breadcrumb\":{\"@id\":\"https:\/\/wietkoopwinkel.com\/product\/tangie-hash\/#breadcrumb\"},\"inLanguage\":\"sv-SE\",\"potentialAction\":[{\"@type\":\"ReadAction\",\"target\":[\"https:\/\/wietkoopwinkel.com\/product\/tangie-hash\/\"]}]},{\"@type\":\"ImageObject\",\"inLanguage\":\"sv-SE\",\"@id\":\"https:\/\/wietkoopwinkel.com\/product\/tangie-hash\/#primaryimage\",\"url\":\"https:\/\/wietkoopwinkel.com\/wp-content\/uploads\/2023\/09\/Tangie-Hash-1.jpg\",\"contentUrl\":\"https:\/\/wietkoopwinkel.com\/wp-content\/uploads\/2023\/09\/Tangie-Hash-1.jpg\",\"width\":600,\"height\":600,\"caption\":\"Tangie Hash\"},{\"@type\":\"BreadcrumbList\",\"@id\":\"https:\/\/wietkoopwinkel.com\/product\/tangie-hash\/#breadcrumb\",\"itemListElement\":[{\"@type\":\"ListItem\",\"position\":1,\"name\":\"Home\",\"item\":\"https:\/\/wietkoopwinkel.com\/\"},{\"@type\":\"ListItem\",\"position\":2,\"name\":\"Winkel\",\"item\":\"https:\/\/wietkoopwinkel.com\/winkel\/\"},{\"@type\":\"ListItem\",\"position\":3,\"name\":\"Tangie Hash\"}]},{\"@type\":\"WebSite\",\"@id\":\"https:\/\/wietkoopwinkel.com\/#website\",\"url\":\"https:\/\/wietkoopwinkel.com\/\",\"name\":\"Wiet Koop Winkel\",\"description\":\"My WordPress Blog\",\"publisher\":{\"@id\":\"https:\/\/wietkoopwinkel.com\/#organization\"},\"potentialAction\":[{\"@type\":\"SearchAction\",\"target\":{\"@type\":\"EntryPoint\",\"urlTemplate\":\"https:\/\/wietkoopwinkel.com\/?s={search_term_string}\"},\"query-input\":{\"@type\":\"PropertyValueSpecification\",\"valueRequired\":true,\"valueName\":\"search_term_string\"}}],\"inLanguage\":\"sv-SE\"},{\"@type\":\"Organization\",\"@id\":\"https:\/\/wietkoopwinkel.com\/#organization\",\"name\":\"Wiet Koop Winkel\",\"url\":\"https:\/\/wietkoopwinkel.com\/\",\"logo\":{\"@type\":\"ImageObject\",\"inLanguage\":\"sv-SE\",\"@id\":\"https:\/\/wietkoopwinkel.com\/#\/schema\/logo\/image\/\",\"url\":\"https:\/\/wietkoopwinkel.com\/wp-content\/uploads\/2023\/10\/logo.png\",\"contentUrl\":\"https:\/\/wietkoopwinkel.com\/wp-content\/uploads\/2023\/10\/logo.png\",\"width\":400,\"height\":120,\"caption\":\"Wiet Koop Winkel\"},\"image\":{\"@id\":\"https:\/\/wietkoopwinkel.com\/#\/schema\/logo\/image\/\"}}]}<\/script>\n<!-- \/ Yoast SEO plugin. -->","yoast_head_json":{"title":"Tangie Hash - Wiet Koop Winkel","robots":{"index":"index","follow":"follow","max-snippet":"max-snippet:-1","max-image-preview":"max-image-preview:large","max-video-preview":"max-video-preview:-1"},"canonical":"https:\/\/wietkoopwinkel.com\/sv\/produkt\/tangie-hash\/","og_locale":"sv_SE","og_type":"article","og_title":"Tangie Hash - Wiet Koop Winkel","og_description":"Tangie Hash is een populaire Sativa-soort die sterke highs en prachtige ervaringen biedt. Sinds het midden van de jaren negentig is marihuana, bekend als Tangie, ontwikkeld uit de bekende Tangerine Dream-soort. Een beetje Tangerine Dream-cannabis werd door Space Farms gecombineerd met de heerlijke en vochtige Skunk #1-soort om een geweldige Sativa te produceren die anders...","og_url":"https:\/\/wietkoopwinkel.com\/sv\/produkt\/tangie-hash\/","og_site_name":"Wiet Koop Winkel","article_modified_time":"2024-01-03T11:22:03+00:00","og_image":[{"width":600,"height":600,"url":"https:\/\/wietkoopwinkel.com\/wp-content\/uploads\/2023\/09\/Tangie-Hash-1.jpg","type":"image\/jpeg"}],"twitter_card":"summary_large_image","twitter_misc":{"Ber\u00e4knad l\u00e4stid":"2 minuter"},"schema":{"@context":"https:\/\/schema.org","@graph":[{"@type":"WebPage","@id":"https:\/\/wietkoopwinkel.com\/product\/tangie-hash\/","url":"https:\/\/wietkoopwinkel.com\/product\/tangie-hash\/","name":"Tangie Hash - Wiet Koop Winkel","isPartOf":{"@id":"https:\/\/wietkoopwinkel.com\/#website"},"primaryImageOfPage":{"@id":"https:\/\/wietkoopwinkel.com\/product\/tangie-hash\/#primaryimage"},"image":{"@id":"https:\/\/wietkoopwinkel.com\/product\/tangie-hash\/#primaryimage"},"thumbnailUrl":"https:\/\/wietkoopwinkel.com\/wp-content\/uploads\/2023\/09\/Tangie-Hash-1.jpg","datePublished":"2023-09-30T10:33:33+00:00","dateModified":"2024-01-03T11:22:03+00:00","breadcrumb":{"@id":"https:\/\/wietkoopwinkel.com\/product\/tangie-hash\/#breadcrumb"},"inLanguage":"sv-SE","potentialAction":[{"@type":"ReadAction","target":["https:\/\/wietkoopwinkel.com\/product\/tangie-hash\/"]}]},{"@type":"ImageObject","inLanguage":"sv-SE","@id":"https:\/\/wietkoopwinkel.com\/product\/tangie-hash\/#primaryimage","url":"https:\/\/wietkoopwinkel.com\/wp-content\/uploads\/2023\/09\/Tangie-Hash-1.jpg","contentUrl":"https:\/\/wietkoopwinkel.com\/wp-content\/uploads\/2023\/09\/Tangie-Hash-1.jpg","width":600,"height":600,"caption":"Tangie Hash"},{"@type":"BreadcrumbList","@id":"https:\/\/wietkoopwinkel.com\/product\/tangie-hash\/#breadcrumb","itemListElement":[{"@type":"ListItem","position":1,"name":"Home","item":"https:\/\/wietkoopwinkel.com\/"},{"@type":"ListItem","position":2,"name":"Winkel","item":"https:\/\/wietkoopwinkel.com\/winkel\/"},{"@type":"ListItem","position":3,"name":"Tangie Hash"}]},{"@type":"WebSite","@id":"https:\/\/wietkoopwinkel.com\/#website","url":"https:\/\/wietkoopwinkel.com\/","name":"Wiet Koop Winkel","description":"My WordPress Blog","publisher":{"@id":"https:\/\/wietkoopwinkel.com\/#organization"},"potentialAction":[{"@type":"SearchAction","target":{"@type":"EntryPoint","urlTemplate":"https:\/\/wietkoopwinkel.com\/?s={search_term_string}"},"query-input":{"@type":"PropertyValueSpecification","valueRequired":true,"valueName":"search_term_string"}}],"inLanguage":"sv-SE"},{"@type":"Organization","@id":"https:\/\/wietkoopwinkel.com\/#organization","name":"Wiet Koop Winkel","url":"https:\/\/wietkoopwinkel.com\/","logo":{"@type":"ImageObject","inLanguage":"sv-SE","@id":"https:\/\/wietkoopwinkel.com\/#\/schema\/logo\/image\/","url":"https:\/\/wietkoopwinkel.com\/wp-content\/uploads\/2023\/10\/logo.png","contentUrl":"https:\/\/wietkoopwinkel.com\/wp-content\/uploads\/2023\/10\/logo.png","width":400,"height":120,"caption":"Wiet Koop Winkel"},"image":{"@id":"https:\/\/wietkoopwinkel.com\/#\/schema\/logo\/image\/"}}]}},"_links":{"self":[{"href":"https:\/\/wietkoopwinkel.com\/sv\/wp-json\/wp\/v2\/product\/1369","targetHints":{"allow":["GET"]}}],"collection":[{"href":"https:\/\/wietkoopwinkel.com\/sv\/wp-json\/wp\/v2\/product"}],"about":[{"href":"https:\/\/wietkoopwinkel.com\/sv\/wp-json\/wp\/v2\/types\/product"}],"replies":[{"embeddable":true,"href":"https:\/\/wietkoopwinkel.com\/sv\/wp-json\/wp\/v2\/comments?post=1369"}],"wp:featuredmedia":[{"embeddable":true,"href":"https:\/\/wietkoopwinkel.com\/sv\/wp-json\/wp\/v2\/media\/1474"}],"wp:attachment":[{"href":"https:\/\/wietkoopwinkel.com\/sv\/wp-json\/wp\/v2\/media?parent=1369"}],"wp:term":[{"taxonomy":"product_cat","embeddable":true,"href":"https:\/\/wietkoopwinkel.com\/sv\/wp-json\/wp\/v2\/product_cat?post=1369"},{"taxonomy":"product_tag","embeddable":true,"href":"https:\/\/wietkoopwinkel.com\/sv\/wp-json\/wp\/v2\/product_tag?post=1369"}],"curies":[{"name":"wp","href":"https:\/\/api.w.org\/{rel}","templated":true}]}}