{"id":110,"date":"2023-09-22T11:06:27","date_gmt":"2023-09-22T11:06:27","guid":{"rendered":"https:\/\/nembutalhouse.com\/weed\/?post_type=product&#038;p=110"},"modified":"2023-10-07T09:38:27","modified_gmt":"2023-10-07T09:38:27","slug":"grand-daddy-purple","status":"publish","type":"product","link":"https:\/\/wietkoopwinkel.com\/sv\/produkt\/grand-daddy-purple\/","title":{"rendered":"Grand Daddy Purple"},"content":{"rendered":"<h2>Smaker och dofter av Granddaddy Purple<\/h2>\n<p>Granddaddy Purps har en stark b\u00e4r- och druvdoft, enligt flera anv\u00e4ndare. Ken Estes \u00e4r d\u00e4remot k\u00e4nd f\u00f6r sitt uttalande om att GDP \"luktar lila - jag har alltid trott att lila var en f\u00e4rg, men nu tror jag att det \u00e4r en doft!\" M\u00f6jligen syftade han p\u00e5 det som vissa beskriver som en distinkt blommig doft med inslag av mysk, m\u00f6rk choklad och rosor.<\/p>\n<h3>Granddaddy Purple inneh\u00e5ller n\u00e5gra av de mest v\u00e4lk\u00e4nda terpenerna, bland annat<\/h3>\n<p>(Mysk och v\u00e4xter) Myrcen<br \/>\n(f\u00e4rska tallbarr) Tall<br \/>\n(Peppar, m\u00f6rka kryddor) Caryofyllen<br \/>\nMorfar lila effekter<\/p>\n<p>Granddaddy Purple har ett rykte f\u00f6r att ha starka effekter. \u00c4ven om GDP bara inneh\u00e5ller cirka 17% THC, genererar den en kraftfull sten som b\u00f6rjar p\u00e5verka kroppen och sinnet mycket snabbt. Majoriteten av anv\u00e4ndarna h\u00e4vdar att GDP skapar en trevlig och glad cerebral h\u00f6g, tillsammans med en djupt lugnande fysisk sten, vilket g\u00f6r den perfekt f\u00f6r att slappa hemma medan du njuter av filmer, musik eller stj\u00e4rnsk\u00e5dning.<\/p>\n<h3>Medan allas erfarenhet av marijuana \u00e4r unik, s\u00e4ger de som konsumerar GDP vanligtvis f\u00f6ljande k\u00e4nsla:<\/h3>\n<p>Koppla av<br \/>\nMerry<br \/>\nHungrig<br \/>\nS\u00f6mnig<\/p>\n<p>F\u00f6rutom att vara popul\u00e4r bland fritidsanv\u00e4ndare \u00e4r Granddaddy Purple ocks\u00e5 mycket popul\u00e4r bland holistiska cannabisanv\u00e4ndare som vill ta itu med fysisk och mental stress och aptitl\u00f6shet.<\/p>\n<h3>Liksom alla cannabisstammar med h\u00f6g THC kan Granddaddy Purple orsaka n\u00e5gra o\u00f6nskade biverkningar. Dessa inkluderar:<\/h3>\n<p>Torra \u00f6gon och torr mun<br \/>\nYrsel<\/p>","protected":false},"excerpt":{"rendered":"<p>De smaken en aroma&#8217;s van Granddaddy Purple Granddaddy Purps heeft volgens verschillende gebruikers een sterk bessen- en druivenaroma. Integendeel, Ken Estes staat bekend om zijn verklaring dat het BBP &#8220;paars ruikt &#8211; ik dacht altijd dat paars een kleur was, maar nu denk ik dat het een geur is!&#8221; Mogelijk doelde hij op wat sommige&#8230;<\/p>","protected":false},"featured_media":1449,"comment_status":"open","ping_status":"closed","template":"","meta":{"_kad_post_transparent":"default","_kad_post_title":"","_kad_post_layout":"default","_kad_post_sidebar_id":"","_kad_post_content_style":"default","_kad_post_vertical_padding":"default","_kad_post_feature":"","_kad_post_feature_position":"","_kad_post_header":false,"_kad_post_footer":false,"_joinchat":[]},"product_cat":[17],"product_tag":[],"class_list":["post-110","product","type-product","status-publish","has-post-thumbnail","hentry","product_cat-wiet","entry","content-bg","loop-entry"],"yoast_head":"<!-- This site is optimized with the Yoast SEO plugin v26.3 - https:\/\/yoast.com\/wordpress\/plugins\/seo\/ -->\n<title>Grand Daddy Purple - Wiet Koop Winkel<\/title>\n<meta name=\"robots\" content=\"index, follow, max-snippet:-1, max-image-preview:large, max-video-preview:-1\" \/>\n<link rel=\"canonical\" href=\"https:\/\/wietkoopwinkel.com\/sv\/produkt\/grand-daddy-purple\/\" \/>\n<meta property=\"og:locale\" content=\"sv_SE\" \/>\n<meta property=\"og:type\" content=\"article\" \/>\n<meta property=\"og:title\" content=\"Grand Daddy Purple - Wiet Koop Winkel\" \/>\n<meta property=\"og:description\" content=\"De smaken en aroma&#8217;s van Granddaddy Purple Granddaddy Purps heeft volgens verschillende gebruikers een sterk bessen- en druivenaroma. Integendeel, Ken Estes staat bekend om zijn verklaring dat het BBP &#8220;paars ruikt &#8211; ik dacht altijd dat paars een kleur was, maar nu denk ik dat het een geur is!&#8221; Mogelijk doelde hij op wat sommige...\" \/>\n<meta property=\"og:url\" content=\"https:\/\/wietkoopwinkel.com\/sv\/produkt\/grand-daddy-purple\/\" \/>\n<meta property=\"og:site_name\" content=\"Wiet Koop Winkel\" \/>\n<meta property=\"article:modified_time\" content=\"2023-10-07T09:38:27+00:00\" \/>\n<meta property=\"og:image\" content=\"https:\/\/wietkoopwinkel.com\/wp-content\/uploads\/2023\/09\/Grand-Daddy-Purple.jpg\" \/>\n\t<meta property=\"og:image:width\" content=\"960\" \/>\n\t<meta property=\"og:image:height\" content=\"1280\" \/>\n\t<meta property=\"og:image:type\" content=\"image\/jpeg\" \/>\n<meta name=\"twitter:card\" content=\"summary_large_image\" \/>\n<meta name=\"twitter:label1\" content=\"Ber\u00e4knad l\u00e4stid\" \/>\n\t<meta name=\"twitter:data1\" content=\"2 minuter\" \/>\n<script type=\"application\/ld+json\" class=\"yoast-schema-graph\">{\"@context\":\"https:\/\/schema.org\",\"@graph\":[{\"@type\":\"WebPage\",\"@id\":\"https:\/\/wietkoopwinkel.com\/product\/grand-daddy-purple\/\",\"url\":\"https:\/\/wietkoopwinkel.com\/product\/grand-daddy-purple\/\",\"name\":\"Grand Daddy Purple - Wiet Koop Winkel\",\"isPartOf\":{\"@id\":\"https:\/\/wietkoopwinkel.com\/#website\"},\"primaryImageOfPage\":{\"@id\":\"https:\/\/wietkoopwinkel.com\/product\/grand-daddy-purple\/#primaryimage\"},\"image\":{\"@id\":\"https:\/\/wietkoopwinkel.com\/product\/grand-daddy-purple\/#primaryimage\"},\"thumbnailUrl\":\"https:\/\/wietkoopwinkel.com\/wp-content\/uploads\/2023\/09\/Grand-Daddy-Purple.jpg\",\"datePublished\":\"2023-09-22T11:06:27+00:00\",\"dateModified\":\"2023-10-07T09:38:27+00:00\",\"breadcrumb\":{\"@id\":\"https:\/\/wietkoopwinkel.com\/product\/grand-daddy-purple\/#breadcrumb\"},\"inLanguage\":\"sv-SE\",\"potentialAction\":[{\"@type\":\"ReadAction\",\"target\":[\"https:\/\/wietkoopwinkel.com\/product\/grand-daddy-purple\/\"]}]},{\"@type\":\"ImageObject\",\"inLanguage\":\"sv-SE\",\"@id\":\"https:\/\/wietkoopwinkel.com\/product\/grand-daddy-purple\/#primaryimage\",\"url\":\"https:\/\/wietkoopwinkel.com\/wp-content\/uploads\/2023\/09\/Grand-Daddy-Purple.jpg\",\"contentUrl\":\"https:\/\/wietkoopwinkel.com\/wp-content\/uploads\/2023\/09\/Grand-Daddy-Purple.jpg\",\"width\":960,\"height\":1280,\"caption\":\"Grand Daddy Purple\"},{\"@type\":\"BreadcrumbList\",\"@id\":\"https:\/\/wietkoopwinkel.com\/product\/grand-daddy-purple\/#breadcrumb\",\"itemListElement\":[{\"@type\":\"ListItem\",\"position\":1,\"name\":\"Home\",\"item\":\"https:\/\/wietkoopwinkel.com\/\"},{\"@type\":\"ListItem\",\"position\":2,\"name\":\"Winkel\",\"item\":\"https:\/\/wietkoopwinkel.com\/winkel\/\"},{\"@type\":\"ListItem\",\"position\":3,\"name\":\"Grand Daddy Purple\"}]},{\"@type\":\"WebSite\",\"@id\":\"https:\/\/wietkoopwinkel.com\/#website\",\"url\":\"https:\/\/wietkoopwinkel.com\/\",\"name\":\"Wiet Koop Winkel\",\"description\":\"My WordPress Blog\",\"publisher\":{\"@id\":\"https:\/\/wietkoopwinkel.com\/#organization\"},\"potentialAction\":[{\"@type\":\"SearchAction\",\"target\":{\"@type\":\"EntryPoint\",\"urlTemplate\":\"https:\/\/wietkoopwinkel.com\/?s={search_term_string}\"},\"query-input\":{\"@type\":\"PropertyValueSpecification\",\"valueRequired\":true,\"valueName\":\"search_term_string\"}}],\"inLanguage\":\"sv-SE\"},{\"@type\":\"Organization\",\"@id\":\"https:\/\/wietkoopwinkel.com\/#organization\",\"name\":\"Wiet Koop Winkel\",\"url\":\"https:\/\/wietkoopwinkel.com\/\",\"logo\":{\"@type\":\"ImageObject\",\"inLanguage\":\"sv-SE\",\"@id\":\"https:\/\/wietkoopwinkel.com\/#\/schema\/logo\/image\/\",\"url\":\"https:\/\/wietkoopwinkel.com\/wp-content\/uploads\/2023\/10\/logo.png\",\"contentUrl\":\"https:\/\/wietkoopwinkel.com\/wp-content\/uploads\/2023\/10\/logo.png\",\"width\":400,\"height\":120,\"caption\":\"Wiet Koop Winkel\"},\"image\":{\"@id\":\"https:\/\/wietkoopwinkel.com\/#\/schema\/logo\/image\/\"}}]}<\/script>\n<!-- \/ Yoast SEO plugin. -->","yoast_head_json":{"title":"Grand Daddy Purple - Wiet Koop Winkel","robots":{"index":"index","follow":"follow","max-snippet":"max-snippet:-1","max-image-preview":"max-image-preview:large","max-video-preview":"max-video-preview:-1"},"canonical":"https:\/\/wietkoopwinkel.com\/sv\/produkt\/grand-daddy-purple\/","og_locale":"sv_SE","og_type":"article","og_title":"Grand Daddy Purple - Wiet Koop Winkel","og_description":"De smaken en aroma&#8217;s van Granddaddy Purple Granddaddy Purps heeft volgens verschillende gebruikers een sterk bessen- en druivenaroma. Integendeel, Ken Estes staat bekend om zijn verklaring dat het BBP &#8220;paars ruikt &#8211; ik dacht altijd dat paars een kleur was, maar nu denk ik dat het een geur is!&#8221; Mogelijk doelde hij op wat sommige...","og_url":"https:\/\/wietkoopwinkel.com\/sv\/produkt\/grand-daddy-purple\/","og_site_name":"Wiet Koop Winkel","article_modified_time":"2023-10-07T09:38:27+00:00","og_image":[{"width":960,"height":1280,"url":"https:\/\/wietkoopwinkel.com\/wp-content\/uploads\/2023\/09\/Grand-Daddy-Purple.jpg","type":"image\/jpeg"}],"twitter_card":"summary_large_image","twitter_misc":{"Ber\u00e4knad l\u00e4stid":"2 minuter"},"schema":{"@context":"https:\/\/schema.org","@graph":[{"@type":"WebPage","@id":"https:\/\/wietkoopwinkel.com\/product\/grand-daddy-purple\/","url":"https:\/\/wietkoopwinkel.com\/product\/grand-daddy-purple\/","name":"Grand Daddy Purple - Wiet Koop Winkel","isPartOf":{"@id":"https:\/\/wietkoopwinkel.com\/#website"},"primaryImageOfPage":{"@id":"https:\/\/wietkoopwinkel.com\/product\/grand-daddy-purple\/#primaryimage"},"image":{"@id":"https:\/\/wietkoopwinkel.com\/product\/grand-daddy-purple\/#primaryimage"},"thumbnailUrl":"https:\/\/wietkoopwinkel.com\/wp-content\/uploads\/2023\/09\/Grand-Daddy-Purple.jpg","datePublished":"2023-09-22T11:06:27+00:00","dateModified":"2023-10-07T09:38:27+00:00","breadcrumb":{"@id":"https:\/\/wietkoopwinkel.com\/product\/grand-daddy-purple\/#breadcrumb"},"inLanguage":"sv-SE","potentialAction":[{"@type":"ReadAction","target":["https:\/\/wietkoopwinkel.com\/product\/grand-daddy-purple\/"]}]},{"@type":"ImageObject","inLanguage":"sv-SE","@id":"https:\/\/wietkoopwinkel.com\/product\/grand-daddy-purple\/#primaryimage","url":"https:\/\/wietkoopwinkel.com\/wp-content\/uploads\/2023\/09\/Grand-Daddy-Purple.jpg","contentUrl":"https:\/\/wietkoopwinkel.com\/wp-content\/uploads\/2023\/09\/Grand-Daddy-Purple.jpg","width":960,"height":1280,"caption":"Grand Daddy Purple"},{"@type":"BreadcrumbList","@id":"https:\/\/wietkoopwinkel.com\/product\/grand-daddy-purple\/#breadcrumb","itemListElement":[{"@type":"ListItem","position":1,"name":"Home","item":"https:\/\/wietkoopwinkel.com\/"},{"@type":"ListItem","position":2,"name":"Winkel","item":"https:\/\/wietkoopwinkel.com\/winkel\/"},{"@type":"ListItem","position":3,"name":"Grand Daddy Purple"}]},{"@type":"WebSite","@id":"https:\/\/wietkoopwinkel.com\/#website","url":"https:\/\/wietkoopwinkel.com\/","name":"Wiet Koop Winkel","description":"My WordPress Blog","publisher":{"@id":"https:\/\/wietkoopwinkel.com\/#organization"},"potentialAction":[{"@type":"SearchAction","target":{"@type":"EntryPoint","urlTemplate":"https:\/\/wietkoopwinkel.com\/?s={search_term_string}"},"query-input":{"@type":"PropertyValueSpecification","valueRequired":true,"valueName":"search_term_string"}}],"inLanguage":"sv-SE"},{"@type":"Organization","@id":"https:\/\/wietkoopwinkel.com\/#organization","name":"Wiet Koop Winkel","url":"https:\/\/wietkoopwinkel.com\/","logo":{"@type":"ImageObject","inLanguage":"sv-SE","@id":"https:\/\/wietkoopwinkel.com\/#\/schema\/logo\/image\/","url":"https:\/\/wietkoopwinkel.com\/wp-content\/uploads\/2023\/10\/logo.png","contentUrl":"https:\/\/wietkoopwinkel.com\/wp-content\/uploads\/2023\/10\/logo.png","width":400,"height":120,"caption":"Wiet Koop Winkel"},"image":{"@id":"https:\/\/wietkoopwinkel.com\/#\/schema\/logo\/image\/"}}]}},"_links":{"self":[{"href":"https:\/\/wietkoopwinkel.com\/sv\/wp-json\/wp\/v2\/product\/110","targetHints":{"allow":["GET"]}}],"collection":[{"href":"https:\/\/wietkoopwinkel.com\/sv\/wp-json\/wp\/v2\/product"}],"about":[{"href":"https:\/\/wietkoopwinkel.com\/sv\/wp-json\/wp\/v2\/types\/product"}],"replies":[{"embeddable":true,"href":"https:\/\/wietkoopwinkel.com\/sv\/wp-json\/wp\/v2\/comments?post=110"}],"wp:featuredmedia":[{"embeddable":true,"href":"https:\/\/wietkoopwinkel.com\/sv\/wp-json\/wp\/v2\/media\/1449"}],"wp:attachment":[{"href":"https:\/\/wietkoopwinkel.com\/sv\/wp-json\/wp\/v2\/media?parent=110"}],"wp:term":[{"taxonomy":"product_cat","embeddable":true,"href":"https:\/\/wietkoopwinkel.com\/sv\/wp-json\/wp\/v2\/product_cat?post=110"},{"taxonomy":"product_tag","embeddable":true,"href":"https:\/\/wietkoopwinkel.com\/sv\/wp-json\/wp\/v2\/product_tag?post=110"}],"curies":[{"name":"wp","href":"https:\/\/api.w.org\/{rel}","templated":true}]}}