{"id":1387,"date":"2023-09-30T10:46:25","date_gmt":"2023-09-30T10:46:25","guid":{"rendered":"https:\/\/nembutalhouse.com\/weed\/?post_type=product&#038;p=1387"},"modified":"2023-10-07T09:09:39","modified_gmt":"2023-10-07T09:09:39","slug":"zero-zero-pollen","status":"publish","type":"product","link":"https:\/\/wietkoopwinkel.com\/pt\/produto\/zero-zero-pollen\/","title":{"rendered":"Zero Zero P\u00f3len"},"content":{"rendered":"<h2>Para al\u00e9m dos cristais de THC, n\u00e3o existem essencialmente componentes vis\u00edveis da planta.<\/h2>\n<p>Embora a Zero Zero j\u00e1 n\u00e3o seja o melhor haxixe marroquino, os utilizadores continuam a classific\u00e1-la muito bem.<\/p>\n<p>Zero Zero \u00e9 o nome dado \u00e0 resina cuidadosamente planeada e mal prensada da primeira peneira.<\/p>\n<p>No entanto, Zero Zero Pollen, a partir da sua (ainda boa) segunda proje\u00e7\u00e3o, \u00e9 o mais distribu\u00eddo na Europa.<\/p>\n<p>Como o Zero Zero \u00e9 menos perfumado do que a maioria dos p\u00f3lenes e tem um aroma pr\u00f3prio muito ligeiro, prefiro-o.<\/p>\n<p>Os efeitos estimulantes da droga tamb\u00e9m lhe conferem uma sensa\u00e7\u00e3o distinta.<\/p>\n<p>Al\u00e9m disso, garante que n\u00e3o se sente cansado muito depois de o efeito ter passado.<\/p>\n<p>Isto aplica-se apenas a doses muito pequenas de CBD.<\/p>\n<p>Para encomendas a granel, contacte-nos!<\/p>","protected":false},"excerpt":{"rendered":"<p>Behalve THC-kristallen zijn er in wezen geen zichtbare plantcomponenten. Hoewel Zero Zero niet langer de beste Marokkaanse hasj is, staan gebruikers er nog steeds hoog in het vaandel. Zero Zero is de naam die wordt gegeven aan de zorgvuldig geplande, nauwelijks geperste hars van de eerste zeef. Zero Zero Pollen, afkomstig uit de (nog steeds&#8230;<\/p>","protected":false},"featured_media":1475,"comment_status":"open","ping_status":"closed","template":"","meta":{"_kad_post_transparent":"default","_kad_post_title":"","_kad_post_layout":"default","_kad_post_sidebar_id":"","_kad_post_content_style":"default","_kad_post_vertical_padding":"default","_kad_post_feature":"","_kad_post_feature_position":"","_kad_post_header":false,"_kad_post_footer":false,"_joinchat":[]},"product_cat":[31],"product_tag":[],"class_list":["post-1387","product","type-product","status-publish","has-post-thumbnail","hentry","product_cat-hasj","entry","content-bg","loop-entry"],"yoast_head":"<!-- This site is optimized with the Yoast SEO plugin v26.3 - https:\/\/yoast.com\/wordpress\/plugins\/seo\/ -->\n<title>Zero Zero Pollen - Wiet Koop Winkel<\/title>\n<meta name=\"robots\" content=\"index, follow, max-snippet:-1, max-image-preview:large, max-video-preview:-1\" \/>\n<link rel=\"canonical\" href=\"https:\/\/wietkoopwinkel.com\/pt\/produto\/zero-zero-pollen\/\" \/>\n<meta property=\"og:locale\" content=\"pt_PT\" \/>\n<meta property=\"og:type\" content=\"article\" \/>\n<meta property=\"og:title\" content=\"Zero Zero Pollen - Wiet Koop Winkel\" \/>\n<meta property=\"og:description\" content=\"Behalve THC-kristallen zijn er in wezen geen zichtbare plantcomponenten. Hoewel Zero Zero niet langer de beste Marokkaanse hasj is, staan gebruikers er nog steeds hoog in het vaandel. Zero Zero is de naam die wordt gegeven aan de zorgvuldig geplande, nauwelijks geperste hars van de eerste zeef. Zero Zero Pollen, afkomstig uit de (nog steeds...\" \/>\n<meta property=\"og:url\" content=\"https:\/\/wietkoopwinkel.com\/pt\/produto\/zero-zero-pollen\/\" \/>\n<meta property=\"og:site_name\" content=\"Wiet Koop Winkel\" \/>\n<meta property=\"article:modified_time\" content=\"2023-10-07T09:09:39+00:00\" \/>\n<meta property=\"og:image\" content=\"https:\/\/wietkoopwinkel.com\/wp-content\/uploads\/2023\/09\/Zero-Zero-Pollen-1.jpg\" \/>\n\t<meta property=\"og:image:width\" content=\"600\" \/>\n\t<meta property=\"og:image:height\" content=\"600\" \/>\n\t<meta property=\"og:image:type\" content=\"image\/jpeg\" \/>\n<meta name=\"twitter:card\" content=\"summary_large_image\" \/>\n<meta name=\"twitter:label1\" content=\"Tempo estimado de leitura\" \/>\n\t<meta name=\"twitter:data1\" content=\"1 minuto\" \/>\n<script type=\"application\/ld+json\" class=\"yoast-schema-graph\">{\"@context\":\"https:\/\/schema.org\",\"@graph\":[{\"@type\":\"WebPage\",\"@id\":\"https:\/\/wietkoopwinkel.com\/product\/zero-zero-pollen\/\",\"url\":\"https:\/\/wietkoopwinkel.com\/product\/zero-zero-pollen\/\",\"name\":\"Zero Zero Pollen - Wiet Koop Winkel\",\"isPartOf\":{\"@id\":\"https:\/\/wietkoopwinkel.com\/#website\"},\"primaryImageOfPage\":{\"@id\":\"https:\/\/wietkoopwinkel.com\/product\/zero-zero-pollen\/#primaryimage\"},\"image\":{\"@id\":\"https:\/\/wietkoopwinkel.com\/product\/zero-zero-pollen\/#primaryimage\"},\"thumbnailUrl\":\"https:\/\/wietkoopwinkel.com\/wp-content\/uploads\/2023\/09\/Zero-Zero-Pollen-1.jpg\",\"datePublished\":\"2023-09-30T10:46:25+00:00\",\"dateModified\":\"2023-10-07T09:09:39+00:00\",\"breadcrumb\":{\"@id\":\"https:\/\/wietkoopwinkel.com\/product\/zero-zero-pollen\/#breadcrumb\"},\"inLanguage\":\"pt-PT\",\"potentialAction\":[{\"@type\":\"ReadAction\",\"target\":[\"https:\/\/wietkoopwinkel.com\/product\/zero-zero-pollen\/\"]}]},{\"@type\":\"ImageObject\",\"inLanguage\":\"pt-PT\",\"@id\":\"https:\/\/wietkoopwinkel.com\/product\/zero-zero-pollen\/#primaryimage\",\"url\":\"https:\/\/wietkoopwinkel.com\/wp-content\/uploads\/2023\/09\/Zero-Zero-Pollen-1.jpg\",\"contentUrl\":\"https:\/\/wietkoopwinkel.com\/wp-content\/uploads\/2023\/09\/Zero-Zero-Pollen-1.jpg\",\"width\":600,\"height\":600,\"caption\":\"Zero Zero Pollen\"},{\"@type\":\"BreadcrumbList\",\"@id\":\"https:\/\/wietkoopwinkel.com\/product\/zero-zero-pollen\/#breadcrumb\",\"itemListElement\":[{\"@type\":\"ListItem\",\"position\":1,\"name\":\"Home\",\"item\":\"https:\/\/wietkoopwinkel.com\/\"},{\"@type\":\"ListItem\",\"position\":2,\"name\":\"Winkel\",\"item\":\"https:\/\/wietkoopwinkel.com\/winkel\/\"},{\"@type\":\"ListItem\",\"position\":3,\"name\":\"Zero Zero Pollen\"}]},{\"@type\":\"WebSite\",\"@id\":\"https:\/\/wietkoopwinkel.com\/#website\",\"url\":\"https:\/\/wietkoopwinkel.com\/\",\"name\":\"Wiet Koop Winkel\",\"description\":\"My WordPress Blog\",\"publisher\":{\"@id\":\"https:\/\/wietkoopwinkel.com\/#organization\"},\"potentialAction\":[{\"@type\":\"SearchAction\",\"target\":{\"@type\":\"EntryPoint\",\"urlTemplate\":\"https:\/\/wietkoopwinkel.com\/?s={search_term_string}\"},\"query-input\":{\"@type\":\"PropertyValueSpecification\",\"valueRequired\":true,\"valueName\":\"search_term_string\"}}],\"inLanguage\":\"pt-PT\"},{\"@type\":\"Organization\",\"@id\":\"https:\/\/wietkoopwinkel.com\/#organization\",\"name\":\"Wiet Koop Winkel\",\"url\":\"https:\/\/wietkoopwinkel.com\/\",\"logo\":{\"@type\":\"ImageObject\",\"inLanguage\":\"pt-PT\",\"@id\":\"https:\/\/wietkoopwinkel.com\/#\/schema\/logo\/image\/\",\"url\":\"https:\/\/wietkoopwinkel.com\/wp-content\/uploads\/2023\/10\/logo.png\",\"contentUrl\":\"https:\/\/wietkoopwinkel.com\/wp-content\/uploads\/2023\/10\/logo.png\",\"width\":400,\"height\":120,\"caption\":\"Wiet Koop Winkel\"},\"image\":{\"@id\":\"https:\/\/wietkoopwinkel.com\/#\/schema\/logo\/image\/\"}}]}<\/script>\n<!-- \/ Yoast SEO plugin. -->","yoast_head_json":{"title":"Zero Zero Pollen - Wiet Koop Winkel","robots":{"index":"index","follow":"follow","max-snippet":"max-snippet:-1","max-image-preview":"max-image-preview:large","max-video-preview":"max-video-preview:-1"},"canonical":"https:\/\/wietkoopwinkel.com\/pt\/produto\/zero-zero-pollen\/","og_locale":"pt_PT","og_type":"article","og_title":"Zero Zero Pollen - Wiet Koop Winkel","og_description":"Behalve THC-kristallen zijn er in wezen geen zichtbare plantcomponenten. Hoewel Zero Zero niet langer de beste Marokkaanse hasj is, staan gebruikers er nog steeds hoog in het vaandel. Zero Zero is de naam die wordt gegeven aan de zorgvuldig geplande, nauwelijks geperste hars van de eerste zeef. Zero Zero Pollen, afkomstig uit de (nog steeds...","og_url":"https:\/\/wietkoopwinkel.com\/pt\/produto\/zero-zero-pollen\/","og_site_name":"Wiet Koop Winkel","article_modified_time":"2023-10-07T09:09:39+00:00","og_image":[{"width":600,"height":600,"url":"https:\/\/wietkoopwinkel.com\/wp-content\/uploads\/2023\/09\/Zero-Zero-Pollen-1.jpg","type":"image\/jpeg"}],"twitter_card":"summary_large_image","twitter_misc":{"Tempo estimado de leitura":"1 minuto"},"schema":{"@context":"https:\/\/schema.org","@graph":[{"@type":"WebPage","@id":"https:\/\/wietkoopwinkel.com\/product\/zero-zero-pollen\/","url":"https:\/\/wietkoopwinkel.com\/product\/zero-zero-pollen\/","name":"Zero Zero Pollen - Wiet Koop Winkel","isPartOf":{"@id":"https:\/\/wietkoopwinkel.com\/#website"},"primaryImageOfPage":{"@id":"https:\/\/wietkoopwinkel.com\/product\/zero-zero-pollen\/#primaryimage"},"image":{"@id":"https:\/\/wietkoopwinkel.com\/product\/zero-zero-pollen\/#primaryimage"},"thumbnailUrl":"https:\/\/wietkoopwinkel.com\/wp-content\/uploads\/2023\/09\/Zero-Zero-Pollen-1.jpg","datePublished":"2023-09-30T10:46:25+00:00","dateModified":"2023-10-07T09:09:39+00:00","breadcrumb":{"@id":"https:\/\/wietkoopwinkel.com\/product\/zero-zero-pollen\/#breadcrumb"},"inLanguage":"pt-PT","potentialAction":[{"@type":"ReadAction","target":["https:\/\/wietkoopwinkel.com\/product\/zero-zero-pollen\/"]}]},{"@type":"ImageObject","inLanguage":"pt-PT","@id":"https:\/\/wietkoopwinkel.com\/product\/zero-zero-pollen\/#primaryimage","url":"https:\/\/wietkoopwinkel.com\/wp-content\/uploads\/2023\/09\/Zero-Zero-Pollen-1.jpg","contentUrl":"https:\/\/wietkoopwinkel.com\/wp-content\/uploads\/2023\/09\/Zero-Zero-Pollen-1.jpg","width":600,"height":600,"caption":"Zero Zero Pollen"},{"@type":"BreadcrumbList","@id":"https:\/\/wietkoopwinkel.com\/product\/zero-zero-pollen\/#breadcrumb","itemListElement":[{"@type":"ListItem","position":1,"name":"Home","item":"https:\/\/wietkoopwinkel.com\/"},{"@type":"ListItem","position":2,"name":"Winkel","item":"https:\/\/wietkoopwinkel.com\/winkel\/"},{"@type":"ListItem","position":3,"name":"Zero Zero Pollen"}]},{"@type":"WebSite","@id":"https:\/\/wietkoopwinkel.com\/#website","url":"https:\/\/wietkoopwinkel.com\/","name":"Wiet Koop Winkel","description":"My WordPress Blog","publisher":{"@id":"https:\/\/wietkoopwinkel.com\/#organization"},"potentialAction":[{"@type":"SearchAction","target":{"@type":"EntryPoint","urlTemplate":"https:\/\/wietkoopwinkel.com\/?s={search_term_string}"},"query-input":{"@type":"PropertyValueSpecification","valueRequired":true,"valueName":"search_term_string"}}],"inLanguage":"pt-PT"},{"@type":"Organization","@id":"https:\/\/wietkoopwinkel.com\/#organization","name":"Wiet Koop Winkel","url":"https:\/\/wietkoopwinkel.com\/","logo":{"@type":"ImageObject","inLanguage":"pt-PT","@id":"https:\/\/wietkoopwinkel.com\/#\/schema\/logo\/image\/","url":"https:\/\/wietkoopwinkel.com\/wp-content\/uploads\/2023\/10\/logo.png","contentUrl":"https:\/\/wietkoopwinkel.com\/wp-content\/uploads\/2023\/10\/logo.png","width":400,"height":120,"caption":"Wiet Koop Winkel"},"image":{"@id":"https:\/\/wietkoopwinkel.com\/#\/schema\/logo\/image\/"}}]}},"_links":{"self":[{"href":"https:\/\/wietkoopwinkel.com\/pt\/wp-json\/wp\/v2\/product\/1387","targetHints":{"allow":["GET"]}}],"collection":[{"href":"https:\/\/wietkoopwinkel.com\/pt\/wp-json\/wp\/v2\/product"}],"about":[{"href":"https:\/\/wietkoopwinkel.com\/pt\/wp-json\/wp\/v2\/types\/product"}],"replies":[{"embeddable":true,"href":"https:\/\/wietkoopwinkel.com\/pt\/wp-json\/wp\/v2\/comments?post=1387"}],"wp:featuredmedia":[{"embeddable":true,"href":"https:\/\/wietkoopwinkel.com\/pt\/wp-json\/wp\/v2\/media\/1475"}],"wp:attachment":[{"href":"https:\/\/wietkoopwinkel.com\/pt\/wp-json\/wp\/v2\/media?parent=1387"}],"wp:term":[{"taxonomy":"product_cat","embeddable":true,"href":"https:\/\/wietkoopwinkel.com\/pt\/wp-json\/wp\/v2\/product_cat?post=1387"},{"taxonomy":"product_tag","embeddable":true,"href":"https:\/\/wietkoopwinkel.com\/pt\/wp-json\/wp\/v2\/product_tag?post=1387"}],"curies":[{"name":"wp","href":"https:\/\/api.w.org\/{rel}","templated":true}]}}