{"id":58,"date":"2023-09-22T08:57:00","date_gmt":"2023-09-22T08:57:00","guid":{"rendered":"https:\/\/nembutalhouse.com\/weed\/?post_type=product&#038;p=58"},"modified":"2024-01-03T11:32:52","modified_gmt":"2024-01-03T11:32:52","slug":"cherry-pie","status":"publish","type":"product","link":"https:\/\/wietkoopwinkel.com\/pl\/produkt\/cherry-pie\/","title":{"rendered":"Ciasto wi\u015bniowe"},"content":{"rendered":"<p>Cookies &amp; Cream to zr\u00f3\u017cnicowana hybryda konopi, kt\u00f3ra charakteryzuje si\u0119 przyjemniejsz\u0105 mieszank\u0105 smak\u00f3w i aromat\u00f3w, a tak\u017ce dobrze zbalansowanymi efektami, wi\u0119c mi\u0142o\u015bnicy s\u0142odkich i dekadenckich odmian powinni uwa\u017ca\u0107. W tym artykule przeanalizujemy genetyk\u0119, smak i cechy wzrostu Cookies &amp; Cream, a tak\u017ce jej postrzegane efekty, korzy\u015bci, sugerowane dawki i negatywne skutki.<\/p>\n<h2>Informacje og\u00f3lne na temat genetyki herbatnik\u00f3w i \u015bmietany<\/h2>\n<p>Exotic Genetix, renomowany hodowca konopi ze stanu Waszyngton, opracowa\u0142 hybrydow\u0105 odmian\u0119 konopi Cookies and Cream. Girl Scout Cookies i Starfighter zosta\u0142y skrzy\u017cowane w celu uzyskania tej silnej i aromatycznej odmiany, kt\u00f3ra podbi\u0142a serca wielu koneser\u00f3w konopi.<\/p>\n<p>Girl Scout Cookies s\u0142ynie ze s\u0142odkiego, ale ziemistego smaku przypominaj\u0105cego ciasto. Zdoby\u0142a wiele nagr\u00f3d, w tym High Times Cannabis Cup. Z kolei odmiana Starfighter to czysta Indica o wspania\u0142ym aromacie i relaksuj\u0105cym dzia\u0142aniu fizycznym.<\/p>\n<p>Dziedzicz\u0105c najlepsze cechy obu szczep\u00f3w rodzicielskich, Cookies &amp; Cream stworzy\u0142a odmian\u0119 o pysznym aromacie i dobrze zbalansowanych efektach, dzi\u0119ki czemu sta\u0142a si\u0119 ulubie\u0144cem wielu fan\u00f3w konopi.<\/p>\n<h3>ZAPACH, SMAK I WP\u0141YW KREMU I HERBATNIK\u00d3W<\/h3>\n<p>Cookies and Cream, jak sama nazwa wskazuje, ma slodki, kremowy smak ze sladami wanilii, orzech\u00f3w i ziemi. Wynika to z profilu terpenowego, kt\u00f3rego g\u0142\u00f3wnymi sk\u0142adnikami s\u0105 limonen, kariofilen i mircen. Aromat odmiany jest cytrynowy dzi\u0119ki limonenowi; ma pikantny, pieprzny smak dzi\u0119ki kariofilenowi; i ma dzia\u0142anie uspokajaj\u0105ce, g\u0142\u00f3wnie dzi\u0119ki mircenowi.<\/p>\n<p>Zawarto\u015b\u0107 THC w Cookies and Cream, kt\u00f3ra waha si\u0119 od 20% do 25%, sprawia, \u017ce jest to stosunkowo silna odmiana. Haj ma r\u00f3\u017cne efekty, w tym podnosz\u0105ce na duchu i uspokajaj\u0105ce. Po kilku zaci\u0105gni\u0119ciach pojawia si\u0119 efekt intelektualny, kt\u00f3ry zwi\u0119ksza kreatywno\u015b\u0107 i poprawia nastr\u00f3j, po czym nast\u0119puje fizyczne uspokojenie w miar\u0119 dalszego u\u017cywania. Odmiana ta najlepiej sprawdza si\u0119 w umiarkowanych dawkach jako przek\u0105ska; w wi\u0119kszych ilo\u015bciach, indukowane uczucie upalenia sprawia, \u017ce jest to idealna przek\u0105ska na noc.<\/p>\n<h3>KORZY\u015aCI ZE STOSOWANIA KREMU I HERBATNIK\u00d3W<\/h3>\n<p>Uwa\u017ca si\u0119, \u017ce Cookies and Cream ma szereg wyra\u017anych zalet, w tym redukcj\u0119 stresu, \u0142agodzenie b\u00f3lu, stymulacj\u0119 apetytu i popraw\u0119 snu. Podczas gdy w\u0142a\u015bciwo\u015bci przeciwb\u00f3lowe tej odmiany mog\u0105 by\u0107 pomocne w kontrolowaniu przewlek\u0142ego b\u00f3lu, jej uspokajaj\u0105ce dzia\u0142anie mo\u017ce pom\u00f3c zmniejszy\u0107 wp\u0142yw stresu i niepokoju. Co wi\u0119cej, Biscuits and Cream mo\u017ce zwi\u0119ksza\u0107 apetyt, dzi\u0119ki czemu jest odpowiednia dla os\u00f3b, kt\u00f3rych schorzenia spowodowa\u0142y utrat\u0119 apetytu.<\/p>","protected":false},"excerpt":{"rendered":"<p>Cookies &amp; Cream is een gevarieerde cannabishybride die een mooiere mix van smaken en geuren laat zien, samen met goed uitgebalanceerde effecten, dus liefhebbers van zoete en decadente soorten opgelet. In dit artikel zullen we de genetica, smaak en groei-eigenschappen van Cookies &amp; Cream onderzoeken, evenals de waargenomen effecten, voordelen, voorgestelde doseringen en negatieve effecten&#8230;.<\/p>","protected":false},"featured_media":366,"comment_status":"open","ping_status":"closed","template":"","meta":{"_kad_post_transparent":"default","_kad_post_title":"","_kad_post_layout":"default","_kad_post_sidebar_id":"","_kad_post_content_style":"default","_kad_post_vertical_padding":"default","_kad_post_feature":"","_kad_post_feature_position":"","_kad_post_header":false,"_kad_post_footer":false,"_joinchat":[]},"product_cat":[17],"product_tag":[],"class_list":["post-58","product","type-product","status-publish","has-post-thumbnail","hentry","product_cat-wiet","entry","content-bg","loop-entry"],"yoast_head":"<!-- This site is optimized with the Yoast SEO plugin v26.3 - https:\/\/yoast.com\/wordpress\/plugins\/seo\/ -->\n<title>Cherry Pie - Wiet Koop Winkel<\/title>\n<meta name=\"robots\" content=\"index, follow, max-snippet:-1, max-image-preview:large, max-video-preview:-1\" \/>\n<link rel=\"canonical\" href=\"https:\/\/wietkoopwinkel.com\/pl\/produkt\/cherry-pie\/\" \/>\n<meta property=\"og:locale\" content=\"pl_PL\" \/>\n<meta property=\"og:type\" content=\"article\" \/>\n<meta property=\"og:title\" content=\"Cherry Pie - Wiet Koop Winkel\" \/>\n<meta property=\"og:description\" content=\"Cookies &amp; Cream is een gevarieerde cannabishybride die een mooiere mix van smaken en geuren laat zien, samen met goed uitgebalanceerde effecten, dus liefhebbers van zoete en decadente soorten opgelet. In dit artikel zullen we de genetica, smaak en groei-eigenschappen van Cookies &amp; Cream onderzoeken, evenals de waargenomen effecten, voordelen, voorgestelde doseringen en negatieve effecten....\" \/>\n<meta property=\"og:url\" content=\"https:\/\/wietkoopwinkel.com\/pl\/produkt\/cherry-pie\/\" \/>\n<meta property=\"og:site_name\" content=\"Wiet Koop Winkel\" \/>\n<meta property=\"article:modified_time\" content=\"2024-01-03T11:32:52+00:00\" \/>\n<meta property=\"og:image\" content=\"https:\/\/wietkoopwinkel.com\/wp-content\/uploads\/2023\/09\/Cherry-Pie.jpg\" \/>\n\t<meta property=\"og:image:width\" content=\"960\" \/>\n\t<meta property=\"og:image:height\" content=\"1280\" \/>\n\t<meta property=\"og:image:type\" content=\"image\/jpeg\" \/>\n<meta name=\"twitter:card\" content=\"summary_large_image\" \/>\n<meta name=\"twitter:label1\" content=\"Szacowany czas czytania\" \/>\n\t<meta name=\"twitter:data1\" content=\"2 minuty\" \/>\n<script type=\"application\/ld+json\" class=\"yoast-schema-graph\">{\"@context\":\"https:\/\/schema.org\",\"@graph\":[{\"@type\":\"WebPage\",\"@id\":\"https:\/\/wietkoopwinkel.com\/product\/cherry-pie\/\",\"url\":\"https:\/\/wietkoopwinkel.com\/product\/cherry-pie\/\",\"name\":\"Cherry Pie - Wiet Koop Winkel\",\"isPartOf\":{\"@id\":\"https:\/\/wietkoopwinkel.com\/#website\"},\"primaryImageOfPage\":{\"@id\":\"https:\/\/wietkoopwinkel.com\/product\/cherry-pie\/#primaryimage\"},\"image\":{\"@id\":\"https:\/\/wietkoopwinkel.com\/product\/cherry-pie\/#primaryimage\"},\"thumbnailUrl\":\"https:\/\/wietkoopwinkel.com\/wp-content\/uploads\/2023\/09\/Cherry-Pie.jpg\",\"datePublished\":\"2023-09-22T08:57:00+00:00\",\"dateModified\":\"2024-01-03T11:32:52+00:00\",\"breadcrumb\":{\"@id\":\"https:\/\/wietkoopwinkel.com\/product\/cherry-pie\/#breadcrumb\"},\"inLanguage\":\"pl-PL\",\"potentialAction\":[{\"@type\":\"ReadAction\",\"target\":[\"https:\/\/wietkoopwinkel.com\/product\/cherry-pie\/\"]}]},{\"@type\":\"ImageObject\",\"inLanguage\":\"pl-PL\",\"@id\":\"https:\/\/wietkoopwinkel.com\/product\/cherry-pie\/#primaryimage\",\"url\":\"https:\/\/wietkoopwinkel.com\/wp-content\/uploads\/2023\/09\/Cherry-Pie.jpg\",\"contentUrl\":\"https:\/\/wietkoopwinkel.com\/wp-content\/uploads\/2023\/09\/Cherry-Pie.jpg\",\"width\":960,\"height\":1280,\"caption\":\"Cherry Pie\"},{\"@type\":\"BreadcrumbList\",\"@id\":\"https:\/\/wietkoopwinkel.com\/product\/cherry-pie\/#breadcrumb\",\"itemListElement\":[{\"@type\":\"ListItem\",\"position\":1,\"name\":\"Home\",\"item\":\"https:\/\/wietkoopwinkel.com\/\"},{\"@type\":\"ListItem\",\"position\":2,\"name\":\"Winkel\",\"item\":\"https:\/\/wietkoopwinkel.com\/winkel\/\"},{\"@type\":\"ListItem\",\"position\":3,\"name\":\"Cherry Pie\"}]},{\"@type\":\"WebSite\",\"@id\":\"https:\/\/wietkoopwinkel.com\/#website\",\"url\":\"https:\/\/wietkoopwinkel.com\/\",\"name\":\"Wiet Koop Winkel\",\"description\":\"My WordPress Blog\",\"publisher\":{\"@id\":\"https:\/\/wietkoopwinkel.com\/#organization\"},\"potentialAction\":[{\"@type\":\"SearchAction\",\"target\":{\"@type\":\"EntryPoint\",\"urlTemplate\":\"https:\/\/wietkoopwinkel.com\/?s={search_term_string}\"},\"query-input\":{\"@type\":\"PropertyValueSpecification\",\"valueRequired\":true,\"valueName\":\"search_term_string\"}}],\"inLanguage\":\"pl-PL\"},{\"@type\":\"Organization\",\"@id\":\"https:\/\/wietkoopwinkel.com\/#organization\",\"name\":\"Wiet Koop Winkel\",\"url\":\"https:\/\/wietkoopwinkel.com\/\",\"logo\":{\"@type\":\"ImageObject\",\"inLanguage\":\"pl-PL\",\"@id\":\"https:\/\/wietkoopwinkel.com\/#\/schema\/logo\/image\/\",\"url\":\"https:\/\/wietkoopwinkel.com\/wp-content\/uploads\/2023\/10\/logo.png\",\"contentUrl\":\"https:\/\/wietkoopwinkel.com\/wp-content\/uploads\/2023\/10\/logo.png\",\"width\":400,\"height\":120,\"caption\":\"Wiet Koop Winkel\"},\"image\":{\"@id\":\"https:\/\/wietkoopwinkel.com\/#\/schema\/logo\/image\/\"}}]}<\/script>\n<!-- \/ Yoast SEO plugin. -->","yoast_head_json":{"title":"Cherry Pie - Wiet Koop Winkel","robots":{"index":"index","follow":"follow","max-snippet":"max-snippet:-1","max-image-preview":"max-image-preview:large","max-video-preview":"max-video-preview:-1"},"canonical":"https:\/\/wietkoopwinkel.com\/pl\/produkt\/cherry-pie\/","og_locale":"pl_PL","og_type":"article","og_title":"Cherry Pie - Wiet Koop Winkel","og_description":"Cookies &amp; Cream is een gevarieerde cannabishybride die een mooiere mix van smaken en geuren laat zien, samen met goed uitgebalanceerde effecten, dus liefhebbers van zoete en decadente soorten opgelet. In dit artikel zullen we de genetica, smaak en groei-eigenschappen van Cookies &amp; Cream onderzoeken, evenals de waargenomen effecten, voordelen, voorgestelde doseringen en negatieve effecten....","og_url":"https:\/\/wietkoopwinkel.com\/pl\/produkt\/cherry-pie\/","og_site_name":"Wiet Koop Winkel","article_modified_time":"2024-01-03T11:32:52+00:00","og_image":[{"width":960,"height":1280,"url":"https:\/\/wietkoopwinkel.com\/wp-content\/uploads\/2023\/09\/Cherry-Pie.jpg","type":"image\/jpeg"}],"twitter_card":"summary_large_image","twitter_misc":{"Szacowany czas czytania":"2 minuty"},"schema":{"@context":"https:\/\/schema.org","@graph":[{"@type":"WebPage","@id":"https:\/\/wietkoopwinkel.com\/product\/cherry-pie\/","url":"https:\/\/wietkoopwinkel.com\/product\/cherry-pie\/","name":"Cherry Pie - Wiet Koop Winkel","isPartOf":{"@id":"https:\/\/wietkoopwinkel.com\/#website"},"primaryImageOfPage":{"@id":"https:\/\/wietkoopwinkel.com\/product\/cherry-pie\/#primaryimage"},"image":{"@id":"https:\/\/wietkoopwinkel.com\/product\/cherry-pie\/#primaryimage"},"thumbnailUrl":"https:\/\/wietkoopwinkel.com\/wp-content\/uploads\/2023\/09\/Cherry-Pie.jpg","datePublished":"2023-09-22T08:57:00+00:00","dateModified":"2024-01-03T11:32:52+00:00","breadcrumb":{"@id":"https:\/\/wietkoopwinkel.com\/product\/cherry-pie\/#breadcrumb"},"inLanguage":"pl-PL","potentialAction":[{"@type":"ReadAction","target":["https:\/\/wietkoopwinkel.com\/product\/cherry-pie\/"]}]},{"@type":"ImageObject","inLanguage":"pl-PL","@id":"https:\/\/wietkoopwinkel.com\/product\/cherry-pie\/#primaryimage","url":"https:\/\/wietkoopwinkel.com\/wp-content\/uploads\/2023\/09\/Cherry-Pie.jpg","contentUrl":"https:\/\/wietkoopwinkel.com\/wp-content\/uploads\/2023\/09\/Cherry-Pie.jpg","width":960,"height":1280,"caption":"Cherry Pie"},{"@type":"BreadcrumbList","@id":"https:\/\/wietkoopwinkel.com\/product\/cherry-pie\/#breadcrumb","itemListElement":[{"@type":"ListItem","position":1,"name":"Home","item":"https:\/\/wietkoopwinkel.com\/"},{"@type":"ListItem","position":2,"name":"Winkel","item":"https:\/\/wietkoopwinkel.com\/winkel\/"},{"@type":"ListItem","position":3,"name":"Cherry Pie"}]},{"@type":"WebSite","@id":"https:\/\/wietkoopwinkel.com\/#website","url":"https:\/\/wietkoopwinkel.com\/","name":"Wiet Koop Winkel","description":"My WordPress Blog","publisher":{"@id":"https:\/\/wietkoopwinkel.com\/#organization"},"potentialAction":[{"@type":"SearchAction","target":{"@type":"EntryPoint","urlTemplate":"https:\/\/wietkoopwinkel.com\/?s={search_term_string}"},"query-input":{"@type":"PropertyValueSpecification","valueRequired":true,"valueName":"search_term_string"}}],"inLanguage":"pl-PL"},{"@type":"Organization","@id":"https:\/\/wietkoopwinkel.com\/#organization","name":"Wiet Koop Winkel","url":"https:\/\/wietkoopwinkel.com\/","logo":{"@type":"ImageObject","inLanguage":"pl-PL","@id":"https:\/\/wietkoopwinkel.com\/#\/schema\/logo\/image\/","url":"https:\/\/wietkoopwinkel.com\/wp-content\/uploads\/2023\/10\/logo.png","contentUrl":"https:\/\/wietkoopwinkel.com\/wp-content\/uploads\/2023\/10\/logo.png","width":400,"height":120,"caption":"Wiet Koop Winkel"},"image":{"@id":"https:\/\/wietkoopwinkel.com\/#\/schema\/logo\/image\/"}}]}},"_links":{"self":[{"href":"https:\/\/wietkoopwinkel.com\/pl\/wp-json\/wp\/v2\/product\/58","targetHints":{"allow":["GET"]}}],"collection":[{"href":"https:\/\/wietkoopwinkel.com\/pl\/wp-json\/wp\/v2\/product"}],"about":[{"href":"https:\/\/wietkoopwinkel.com\/pl\/wp-json\/wp\/v2\/types\/product"}],"replies":[{"embeddable":true,"href":"https:\/\/wietkoopwinkel.com\/pl\/wp-json\/wp\/v2\/comments?post=58"}],"wp:featuredmedia":[{"embeddable":true,"href":"https:\/\/wietkoopwinkel.com\/pl\/wp-json\/wp\/v2\/media\/366"}],"wp:attachment":[{"href":"https:\/\/wietkoopwinkel.com\/pl\/wp-json\/wp\/v2\/media?parent=58"}],"wp:term":[{"taxonomy":"product_cat","embeddable":true,"href":"https:\/\/wietkoopwinkel.com\/pl\/wp-json\/wp\/v2\/product_cat?post=58"},{"taxonomy":"product_tag","embeddable":true,"href":"https:\/\/wietkoopwinkel.com\/pl\/wp-json\/wp\/v2\/product_tag?post=58"}],"curies":[{"name":"wp","href":"https:\/\/api.w.org\/{rel}","templated":true}]}}