{"id":57,"date":"2023-09-22T08:56:50","date_gmt":"2023-09-22T08:56:50","guid":{"rendered":"https:\/\/nembutalhouse.com\/weed\/?post_type=product&#038;p=57"},"modified":"2023-10-07T16:13:20","modified_gmt":"2023-10-07T16:13:20","slug":"cookies-cream","status":"publish","type":"product","link":"https:\/\/wietkoopwinkel.com\/pl\/produkt\/cookies-cream\/","title":{"rendered":"Ciasteczka i krem"},"content":{"rendered":"<p>Cookies &amp; Cream to r\u00f3\u017cnorodna hybryda konopi, kt\u00f3ra oferuje apetyczne po\u0142\u0105czenie smak\u00f3w i aromat\u00f3w, a tak\u017ce zr\u00f3wnowa\u017cone dzia\u0142anie, wi\u0119c mi\u0142o\u015bnicy s\u0142odkich i dekadenckich odmian powinni zwr\u00f3ci\u0107 na ni\u0105 uwag\u0119. W tym artykule przyjrzymy si\u0119 genetyce, smakowi i w\u0142a\u015bciwo\u015bciom wzrostu Cookies &amp; Cream, a tak\u017ce jej odczuwanym efektom, zaletom, sugerowanym dawkowaniu i skutkom ubocznym.<\/p>\n<h2>Genetyka ciasteczek i krem\u00f3w<\/h2>\n<p>Exotic Genetix, renomowany hodowca konopi indyjskich ze stanu Waszyngton, stworzy\u0142 hybrydow\u0105 odmian\u0119 konopi o nazwie Cookies and Cream. Skrzy\u017cowanie odmian Girl Scout Cookies i Starfighter pozwoli\u0142o uzyska\u0107 t\u0119 mocn\u0105 i aromatyczn\u0105 odmian\u0119, kt\u00f3ra podbi\u0142a serca wielu koneser\u00f3w konopi.<\/p>\n<p>Girl Scout Cookies jest dobrze znana ze swojego s\u0142odkiego, a zarazem ziemistego smaku, przywodz\u0105cego na my\u015bl wypieki. Zdoby\u0142a sporo wyr\u00f3\u017cnie\u0144, w tym High Times Cannabis Cup. Z kolei czysta indica Starfighter ma pyszny zapach i relaksuj\u0105ce dzia\u0142anie fizyczne.<\/p>\n<p>\u0141\u0105cz\u0105c najlepsze cechy obu szczep\u00f3w macierzystych, Cookies &amp; Cream to odmiana o pysznym aromacie i zr\u00f3wnowa\u017conym dzia\u0142aniu, kt\u00f3ra sta\u0142a si\u0119 ulubion\u0105 odmian\u0105 wielu fan\u00f3w konopi.<\/p>\n<h3>ZAPACH, SMAK I WP\u0141YW \u015aMIETANY I CIASTECZEK<\/h3>\n<p>Odmiana Cookies and Cream, jak sama nazwa wskazuje, ma s\u0142odki, kremowy smak z nutami wanilii, orzech\u00f3w i ziemi. Jest to zas\u0142ug\u0105 profilu terpenowego, kt\u00f3rego g\u0142\u00f3wnymi sk\u0142adnikami s\u0105 limonen, kariofilen i mircen. Aromat odmiany jest cytrynowy dzi\u0119ki limonenowi; kariofilen nadaje jej pikantny, pieprzny smak; a mircen dzia\u0142a uspokajaj\u0105co.<\/p>\n<p>Zawarto\u015b\u0107 THC w Cookies and Cream, wahaj\u0105ca si\u0119 od 20% do 25%, czyni j\u0105 stosunkowo mocn\u0105 odmian\u0105. Haj ma kilka r\u00f3\u017cnych efekt\u00f3w, w tym pobudzaj\u0105cy i uspokajaj\u0105cy. Po kilku buchach nast\u0119puje eksplozja intelektualnego dzia\u0142ania, kt\u00f3ra pobudza kreatywno\u015b\u0107 i poprawia nastr\u00f3j, a nast\u0119pnie fizyczne uczucie spokoju w miar\u0119 dalszego stosowania. Ta odmiana najlepiej sprawdza si\u0119 w umiarkowanych dawkach jako \u015brodek pobudzaj\u0105cy w ci\u0105gu dnia; w wi\u0119kszych dawkach, daj\u0105c radosne, odurzaj\u0105ce uczucie, idealnie nadaje si\u0119 na nocny nap\u00f3j.<\/p>\n<h3>KORZY\u015aCI ZE STOSOWANIA \u015aMIETANY I CIASTEK<\/h3>\n<p>Uwa\u017ca si\u0119, \u017ce szczep Cookies and Cream ma szereg wyra\u017anych zalet, takich jak redukcja stresu, \u0142agodzenie b\u00f3lu, pobudzanie apetytu i lepszy sen. Chocia\u017c w\u0142a\u015bciwo\u015bci przeciwb\u00f3lowe tego szczepu mog\u0105 by\u0107 pomocne w zwalczaniu przewlek\u0142ego b\u00f3lu, jego dzia\u0142anie uspokajaj\u0105ce mo\u017ce pom\u00f3c z\u0142agodzi\u0107 wp\u0142yw stresu i l\u0119ku. Ponadto, szczep Cookies and Cream mo\u017ce zwi\u0119ksza\u0107 apetyt, dzi\u0119ki czemu jest odpowiedni dla os\u00f3b, kt\u00f3rych stany chorobowe spowodowa\u0142y utrat\u0119 apetytu.<\/p>","protected":false},"excerpt":{"rendered":"<p>Cookies &amp; Cream is a diverse cannabis hybrid that demonstrates a moreish blend of flavours and fragrances along with well-balanced effects, so lovers of sweet and decadent strains take note. We will examine the genetics, flavour, and growth properties of Cookies &amp; Cream in this article, as well as its perceived effects, advantages, suggested dosages,&#8230;<\/p>","protected":false},"featured_media":365,"comment_status":"open","ping_status":"closed","template":"","meta":{"_kad_post_transparent":"default","_kad_post_title":"","_kad_post_layout":"default","_kad_post_sidebar_id":"","_kad_post_content_style":"default","_kad_post_vertical_padding":"default","_kad_post_feature":"","_kad_post_feature_position":"","_kad_post_header":false,"_kad_post_footer":false,"_joinchat":[]},"product_cat":[17],"product_tag":[],"class_list":["post-57","product","type-product","status-publish","has-post-thumbnail","hentry","product_cat-wiet","entry","content-bg","loop-entry"],"yoast_head":"<!-- This site is optimized with the Yoast SEO plugin v26.3 - https:\/\/yoast.com\/wordpress\/plugins\/seo\/ -->\n<title>Cookies &amp; Cream - Wiet Koop Winkel<\/title>\n<meta name=\"robots\" content=\"index, follow, max-snippet:-1, max-image-preview:large, max-video-preview:-1\" \/>\n<link rel=\"canonical\" href=\"https:\/\/wietkoopwinkel.com\/pl\/produkt\/cookies-cream\/\" \/>\n<meta property=\"og:locale\" content=\"pl_PL\" \/>\n<meta property=\"og:type\" content=\"article\" \/>\n<meta property=\"og:title\" content=\"Cookies &amp; Cream - Wiet Koop Winkel\" \/>\n<meta property=\"og:description\" content=\"Cookies &amp; Cream is a diverse cannabis hybrid that demonstrates a moreish blend of flavours and fragrances along with well-balanced effects, so lovers of sweet and decadent strains take note. We will examine the genetics, flavour, and growth properties of Cookies &amp; Cream in this article, as well as its perceived effects, advantages, suggested dosages,...\" \/>\n<meta property=\"og:url\" content=\"https:\/\/wietkoopwinkel.com\/pl\/produkt\/cookies-cream\/\" \/>\n<meta property=\"og:site_name\" content=\"Wiet Koop Winkel\" \/>\n<meta property=\"article:modified_time\" content=\"2023-10-07T16:13:20+00:00\" \/>\n<meta property=\"og:image\" content=\"https:\/\/wietkoopwinkel.com\/wp-content\/uploads\/2023\/09\/Cookies-Cream.jpg\" \/>\n\t<meta property=\"og:image:width\" content=\"960\" \/>\n\t<meta property=\"og:image:height\" content=\"1280\" \/>\n\t<meta property=\"og:image:type\" content=\"image\/jpeg\" \/>\n<meta name=\"twitter:card\" content=\"summary_large_image\" \/>\n<meta name=\"twitter:label1\" content=\"Szacowany czas czytania\" \/>\n\t<meta name=\"twitter:data1\" content=\"2 minuty\" \/>\n<script type=\"application\/ld+json\" class=\"yoast-schema-graph\">{\"@context\":\"https:\/\/schema.org\",\"@graph\":[{\"@type\":\"WebPage\",\"@id\":\"https:\/\/wietkoopwinkel.com\/product\/cookies-cream\/\",\"url\":\"https:\/\/wietkoopwinkel.com\/product\/cookies-cream\/\",\"name\":\"Cookies & Cream - Wiet Koop Winkel\",\"isPartOf\":{\"@id\":\"https:\/\/wietkoopwinkel.com\/#website\"},\"primaryImageOfPage\":{\"@id\":\"https:\/\/wietkoopwinkel.com\/product\/cookies-cream\/#primaryimage\"},\"image\":{\"@id\":\"https:\/\/wietkoopwinkel.com\/product\/cookies-cream\/#primaryimage\"},\"thumbnailUrl\":\"https:\/\/wietkoopwinkel.com\/wp-content\/uploads\/2023\/09\/Cookies-Cream.jpg\",\"datePublished\":\"2023-09-22T08:56:50+00:00\",\"dateModified\":\"2023-10-07T16:13:20+00:00\",\"breadcrumb\":{\"@id\":\"https:\/\/wietkoopwinkel.com\/product\/cookies-cream\/#breadcrumb\"},\"inLanguage\":\"pl-PL\",\"potentialAction\":[{\"@type\":\"ReadAction\",\"target\":[\"https:\/\/wietkoopwinkel.com\/product\/cookies-cream\/\"]}]},{\"@type\":\"ImageObject\",\"inLanguage\":\"pl-PL\",\"@id\":\"https:\/\/wietkoopwinkel.com\/product\/cookies-cream\/#primaryimage\",\"url\":\"https:\/\/wietkoopwinkel.com\/wp-content\/uploads\/2023\/09\/Cookies-Cream.jpg\",\"contentUrl\":\"https:\/\/wietkoopwinkel.com\/wp-content\/uploads\/2023\/09\/Cookies-Cream.jpg\",\"width\":960,\"height\":1280,\"caption\":\"Cookies & Cream\"},{\"@type\":\"BreadcrumbList\",\"@id\":\"https:\/\/wietkoopwinkel.com\/product\/cookies-cream\/#breadcrumb\",\"itemListElement\":[{\"@type\":\"ListItem\",\"position\":1,\"name\":\"Home\",\"item\":\"https:\/\/wietkoopwinkel.com\/\"},{\"@type\":\"ListItem\",\"position\":2,\"name\":\"Winkel\",\"item\":\"https:\/\/wietkoopwinkel.com\/winkel\/\"},{\"@type\":\"ListItem\",\"position\":3,\"name\":\"Cookies &#038; Cream\"}]},{\"@type\":\"WebSite\",\"@id\":\"https:\/\/wietkoopwinkel.com\/#website\",\"url\":\"https:\/\/wietkoopwinkel.com\/\",\"name\":\"Wiet Koop Winkel\",\"description\":\"My WordPress Blog\",\"publisher\":{\"@id\":\"https:\/\/wietkoopwinkel.com\/#organization\"},\"potentialAction\":[{\"@type\":\"SearchAction\",\"target\":{\"@type\":\"EntryPoint\",\"urlTemplate\":\"https:\/\/wietkoopwinkel.com\/?s={search_term_string}\"},\"query-input\":{\"@type\":\"PropertyValueSpecification\",\"valueRequired\":true,\"valueName\":\"search_term_string\"}}],\"inLanguage\":\"pl-PL\"},{\"@type\":\"Organization\",\"@id\":\"https:\/\/wietkoopwinkel.com\/#organization\",\"name\":\"Wiet Koop Winkel\",\"url\":\"https:\/\/wietkoopwinkel.com\/\",\"logo\":{\"@type\":\"ImageObject\",\"inLanguage\":\"pl-PL\",\"@id\":\"https:\/\/wietkoopwinkel.com\/#\/schema\/logo\/image\/\",\"url\":\"https:\/\/wietkoopwinkel.com\/wp-content\/uploads\/2023\/10\/logo.png\",\"contentUrl\":\"https:\/\/wietkoopwinkel.com\/wp-content\/uploads\/2023\/10\/logo.png\",\"width\":400,\"height\":120,\"caption\":\"Wiet Koop Winkel\"},\"image\":{\"@id\":\"https:\/\/wietkoopwinkel.com\/#\/schema\/logo\/image\/\"}}]}<\/script>\n<!-- \/ Yoast SEO plugin. -->","yoast_head_json":{"title":"Cookies & Cream - Wiet Koop Winkel","robots":{"index":"index","follow":"follow","max-snippet":"max-snippet:-1","max-image-preview":"max-image-preview:large","max-video-preview":"max-video-preview:-1"},"canonical":"https:\/\/wietkoopwinkel.com\/pl\/produkt\/cookies-cream\/","og_locale":"pl_PL","og_type":"article","og_title":"Cookies & Cream - Wiet Koop Winkel","og_description":"Cookies &amp; Cream is a diverse cannabis hybrid that demonstrates a moreish blend of flavours and fragrances along with well-balanced effects, so lovers of sweet and decadent strains take note. We will examine the genetics, flavour, and growth properties of Cookies &amp; Cream in this article, as well as its perceived effects, advantages, suggested dosages,...","og_url":"https:\/\/wietkoopwinkel.com\/pl\/produkt\/cookies-cream\/","og_site_name":"Wiet Koop Winkel","article_modified_time":"2023-10-07T16:13:20+00:00","og_image":[{"width":960,"height":1280,"url":"https:\/\/wietkoopwinkel.com\/wp-content\/uploads\/2023\/09\/Cookies-Cream.jpg","type":"image\/jpeg"}],"twitter_card":"summary_large_image","twitter_misc":{"Szacowany czas czytania":"2 minuty"},"schema":{"@context":"https:\/\/schema.org","@graph":[{"@type":"WebPage","@id":"https:\/\/wietkoopwinkel.com\/product\/cookies-cream\/","url":"https:\/\/wietkoopwinkel.com\/product\/cookies-cream\/","name":"Cookies & Cream - Wiet Koop Winkel","isPartOf":{"@id":"https:\/\/wietkoopwinkel.com\/#website"},"primaryImageOfPage":{"@id":"https:\/\/wietkoopwinkel.com\/product\/cookies-cream\/#primaryimage"},"image":{"@id":"https:\/\/wietkoopwinkel.com\/product\/cookies-cream\/#primaryimage"},"thumbnailUrl":"https:\/\/wietkoopwinkel.com\/wp-content\/uploads\/2023\/09\/Cookies-Cream.jpg","datePublished":"2023-09-22T08:56:50+00:00","dateModified":"2023-10-07T16:13:20+00:00","breadcrumb":{"@id":"https:\/\/wietkoopwinkel.com\/product\/cookies-cream\/#breadcrumb"},"inLanguage":"pl-PL","potentialAction":[{"@type":"ReadAction","target":["https:\/\/wietkoopwinkel.com\/product\/cookies-cream\/"]}]},{"@type":"ImageObject","inLanguage":"pl-PL","@id":"https:\/\/wietkoopwinkel.com\/product\/cookies-cream\/#primaryimage","url":"https:\/\/wietkoopwinkel.com\/wp-content\/uploads\/2023\/09\/Cookies-Cream.jpg","contentUrl":"https:\/\/wietkoopwinkel.com\/wp-content\/uploads\/2023\/09\/Cookies-Cream.jpg","width":960,"height":1280,"caption":"Cookies & Cream"},{"@type":"BreadcrumbList","@id":"https:\/\/wietkoopwinkel.com\/product\/cookies-cream\/#breadcrumb","itemListElement":[{"@type":"ListItem","position":1,"name":"Home","item":"https:\/\/wietkoopwinkel.com\/"},{"@type":"ListItem","position":2,"name":"Winkel","item":"https:\/\/wietkoopwinkel.com\/winkel\/"},{"@type":"ListItem","position":3,"name":"Cookies &#038; Cream"}]},{"@type":"WebSite","@id":"https:\/\/wietkoopwinkel.com\/#website","url":"https:\/\/wietkoopwinkel.com\/","name":"Wiet Koop Winkel","description":"My WordPress Blog","publisher":{"@id":"https:\/\/wietkoopwinkel.com\/#organization"},"potentialAction":[{"@type":"SearchAction","target":{"@type":"EntryPoint","urlTemplate":"https:\/\/wietkoopwinkel.com\/?s={search_term_string}"},"query-input":{"@type":"PropertyValueSpecification","valueRequired":true,"valueName":"search_term_string"}}],"inLanguage":"pl-PL"},{"@type":"Organization","@id":"https:\/\/wietkoopwinkel.com\/#organization","name":"Wiet Koop Winkel","url":"https:\/\/wietkoopwinkel.com\/","logo":{"@type":"ImageObject","inLanguage":"pl-PL","@id":"https:\/\/wietkoopwinkel.com\/#\/schema\/logo\/image\/","url":"https:\/\/wietkoopwinkel.com\/wp-content\/uploads\/2023\/10\/logo.png","contentUrl":"https:\/\/wietkoopwinkel.com\/wp-content\/uploads\/2023\/10\/logo.png","width":400,"height":120,"caption":"Wiet Koop Winkel"},"image":{"@id":"https:\/\/wietkoopwinkel.com\/#\/schema\/logo\/image\/"}}]}},"_links":{"self":[{"href":"https:\/\/wietkoopwinkel.com\/pl\/wp-json\/wp\/v2\/product\/57","targetHints":{"allow":["GET"]}}],"collection":[{"href":"https:\/\/wietkoopwinkel.com\/pl\/wp-json\/wp\/v2\/product"}],"about":[{"href":"https:\/\/wietkoopwinkel.com\/pl\/wp-json\/wp\/v2\/types\/product"}],"replies":[{"embeddable":true,"href":"https:\/\/wietkoopwinkel.com\/pl\/wp-json\/wp\/v2\/comments?post=57"}],"wp:featuredmedia":[{"embeddable":true,"href":"https:\/\/wietkoopwinkel.com\/pl\/wp-json\/wp\/v2\/media\/365"}],"wp:attachment":[{"href":"https:\/\/wietkoopwinkel.com\/pl\/wp-json\/wp\/v2\/media?parent=57"}],"wp:term":[{"taxonomy":"product_cat","embeddable":true,"href":"https:\/\/wietkoopwinkel.com\/pl\/wp-json\/wp\/v2\/product_cat?post=57"},{"taxonomy":"product_tag","embeddable":true,"href":"https:\/\/wietkoopwinkel.com\/pl\/wp-json\/wp\/v2\/product_tag?post=57"}],"curies":[{"name":"wp","href":"https:\/\/api.w.org\/{rel}","templated":true}]}}