{"id":55,"date":"2023-09-22T08:56:42","date_gmt":"2023-09-22T08:56:42","guid":{"rendered":"https:\/\/nembutalhouse.com\/weed\/?post_type=product&#038;p=55"},"modified":"2023-10-07T09:57:08","modified_gmt":"2023-10-07T09:57:08","slug":"red-velvet","status":"publish","type":"product","link":"https:\/\/wietkoopwinkel.com\/pl\/produkt\/red-velvet\/","title":{"rendered":"Red Velvet"},"content":{"rendered":"<p>Ta recenzja szczepu dotyczy Red Velvet Cake, znanego r\u00f3wnie\u017c jako Red Velvet Kush, od Detroit Provision Co. Znajduj\u0105 si\u0119 one w Detroit w stanie Michigan. Nigdy wcze\u015bniej nie odwiedza\u0142em tego centrum zaopatrzenia. Spo\u017cywaj\u0105c wcze\u015bniej tylko koncentrat tej odmiany, zdecydowa\u0142em si\u0119 wypr\u00f3bowa\u0107 odmian\u0119 Red Velvet. Jest to hybryda, kt\u00f3ra prawdopodobnie ma silniejszy wp\u0142yw Indica.<\/p>\n<p>Inne odmiany dost\u0119pne w centrum zaopatrzeniowym by\u0142y do\u015b\u0107 mro\u017ane i wydawa\u0142y si\u0119 by\u0107 w dobrym stanie. Bior\u0105c pod uwag\u0119 dost\u0119pne opcje, zdecydowa\u0142em si\u0119 na t\u0119 odmian\u0119 w po\u0142\u0105czeniu z inn\u0105 z najwy\u017cszej p\u00f3\u0142ki. Powiedziano mi, \u017ce Cherry Pie jest jedynym genetycznym rodzicem. Wkr\u00f3tce b\u0119d\u0105 one przedmiotem mojej recenzji w centrum handlowym!<\/p>\n<h2>AROMAT RED VELVET KUSH:<\/h2>\n<p>S\u0142odki zapach po otwarciu opakowania. To by\u0142 po prostu przyjemny zapach, kt\u00f3ry chcia\u0142bym czu\u0107 przez ca\u0142y dzie\u0144. Gdyby mieli perfumy o tym zapachu, nie mia\u0142bym nic przeciwko noszeniu ich przez ca\u0142y dzie\u0144 ka\u017cdego dnia.<\/p>\n<h3>WYGL\u0104D CZERWONEGO AKSAMITU:<\/h3>\n<p>Red Velvet Kush wygl\u0105da\u0142a fantastycznie. P\u0105ki by\u0142y wyj\u0105tkowo mro\u017ane i pokryte wy\u0142\u0105cznie trichomami. Wygl\u0105da\u0142y jak \u015bnieg z tymi wszystkimi kryszta\u0142kami THC. P\u0105czek by\u0142 ca\u0142kowicie fioletowy z ma\u0142ymi pomara\u0144czowymi w\u0142oskami wok\u00f3\u0142 niego. P\u0105czek by\u0142 lekko zielony, ale w wi\u0119kszo\u015bci pokryty by\u0142 fioletem.<\/p>","protected":false},"excerpt":{"rendered":"<p>Deze soortrecensie is voor Red Velvet Cake, ook wel bekend als Red Velvet Kush, van Detroit Provision Co. Ze bevinden zich in Detroit, Michigan. Ik heb dit bevoorradingscentrum nog nooit eerder bezocht. Omdat ik voorheen alleen het concentraat van de soort had geconsumeerd, besloot ik de Red Velvet-vari\u00ebteit te proberen. Het is een hybride die&#8230;<\/p>","protected":false},"featured_media":363,"comment_status":"open","ping_status":"closed","template":"","meta":{"_kad_post_transparent":"default","_kad_post_title":"","_kad_post_layout":"default","_kad_post_sidebar_id":"","_kad_post_content_style":"default","_kad_post_vertical_padding":"default","_kad_post_feature":"","_kad_post_feature_position":"","_kad_post_header":false,"_kad_post_footer":false,"_joinchat":[]},"product_cat":[17],"product_tag":[],"class_list":["post-55","product","type-product","status-publish","has-post-thumbnail","hentry","product_cat-wiet","entry","content-bg","loop-entry"],"yoast_head":"<!-- This site is optimized with the Yoast SEO plugin v26.3 - https:\/\/yoast.com\/wordpress\/plugins\/seo\/ -->\n<title>Red Velvet - Wiet Koop Winkel<\/title>\n<meta name=\"robots\" content=\"index, follow, max-snippet:-1, max-image-preview:large, max-video-preview:-1\" \/>\n<link rel=\"canonical\" href=\"https:\/\/wietkoopwinkel.com\/pl\/produkt\/red-velvet\/\" \/>\n<meta property=\"og:locale\" content=\"pl_PL\" \/>\n<meta property=\"og:type\" content=\"article\" \/>\n<meta property=\"og:title\" content=\"Red Velvet - Wiet Koop Winkel\" \/>\n<meta property=\"og:description\" content=\"Deze soortrecensie is voor Red Velvet Cake, ook wel bekend als Red Velvet Kush, van Detroit Provision Co. Ze bevinden zich in Detroit, Michigan. Ik heb dit bevoorradingscentrum nog nooit eerder bezocht. Omdat ik voorheen alleen het concentraat van de soort had geconsumeerd, besloot ik de Red Velvet-vari\u00ebteit te proberen. Het is een hybride die...\" \/>\n<meta property=\"og:url\" content=\"https:\/\/wietkoopwinkel.com\/pl\/produkt\/red-velvet\/\" \/>\n<meta property=\"og:site_name\" content=\"Wiet Koop Winkel\" \/>\n<meta property=\"article:modified_time\" content=\"2023-10-07T09:57:08+00:00\" \/>\n<meta property=\"og:image\" content=\"https:\/\/wietkoopwinkel.com\/wp-content\/uploads\/2023\/09\/Red-Velvet.jpg\" \/>\n\t<meta property=\"og:image:width\" content=\"960\" \/>\n\t<meta property=\"og:image:height\" content=\"1280\" \/>\n\t<meta property=\"og:image:type\" content=\"image\/jpeg\" \/>\n<meta name=\"twitter:card\" content=\"summary_large_image\" \/>\n<meta name=\"twitter:label1\" content=\"Szacowany czas czytania\" \/>\n\t<meta name=\"twitter:data1\" content=\"1 minuta\" \/>\n<script type=\"application\/ld+json\" class=\"yoast-schema-graph\">{\"@context\":\"https:\/\/schema.org\",\"@graph\":[{\"@type\":\"WebPage\",\"@id\":\"https:\/\/wietkoopwinkel.com\/product\/red-velvet\/\",\"url\":\"https:\/\/wietkoopwinkel.com\/product\/red-velvet\/\",\"name\":\"Red Velvet - Wiet Koop Winkel\",\"isPartOf\":{\"@id\":\"https:\/\/wietkoopwinkel.com\/#website\"},\"primaryImageOfPage\":{\"@id\":\"https:\/\/wietkoopwinkel.com\/product\/red-velvet\/#primaryimage\"},\"image\":{\"@id\":\"https:\/\/wietkoopwinkel.com\/product\/red-velvet\/#primaryimage\"},\"thumbnailUrl\":\"https:\/\/wietkoopwinkel.com\/wp-content\/uploads\/2023\/09\/Red-Velvet.jpg\",\"datePublished\":\"2023-09-22T08:56:42+00:00\",\"dateModified\":\"2023-10-07T09:57:08+00:00\",\"breadcrumb\":{\"@id\":\"https:\/\/wietkoopwinkel.com\/product\/red-velvet\/#breadcrumb\"},\"inLanguage\":\"pl-PL\",\"potentialAction\":[{\"@type\":\"ReadAction\",\"target\":[\"https:\/\/wietkoopwinkel.com\/product\/red-velvet\/\"]}]},{\"@type\":\"ImageObject\",\"inLanguage\":\"pl-PL\",\"@id\":\"https:\/\/wietkoopwinkel.com\/product\/red-velvet\/#primaryimage\",\"url\":\"https:\/\/wietkoopwinkel.com\/wp-content\/uploads\/2023\/09\/Red-Velvet.jpg\",\"contentUrl\":\"https:\/\/wietkoopwinkel.com\/wp-content\/uploads\/2023\/09\/Red-Velvet.jpg\",\"width\":960,\"height\":1280,\"caption\":\"Red Velvet\"},{\"@type\":\"BreadcrumbList\",\"@id\":\"https:\/\/wietkoopwinkel.com\/product\/red-velvet\/#breadcrumb\",\"itemListElement\":[{\"@type\":\"ListItem\",\"position\":1,\"name\":\"Home\",\"item\":\"https:\/\/wietkoopwinkel.com\/\"},{\"@type\":\"ListItem\",\"position\":2,\"name\":\"Winkel\",\"item\":\"https:\/\/wietkoopwinkel.com\/winkel\/\"},{\"@type\":\"ListItem\",\"position\":3,\"name\":\"Red Velvet\"}]},{\"@type\":\"WebSite\",\"@id\":\"https:\/\/wietkoopwinkel.com\/#website\",\"url\":\"https:\/\/wietkoopwinkel.com\/\",\"name\":\"Wiet Koop Winkel\",\"description\":\"My WordPress Blog\",\"publisher\":{\"@id\":\"https:\/\/wietkoopwinkel.com\/#organization\"},\"potentialAction\":[{\"@type\":\"SearchAction\",\"target\":{\"@type\":\"EntryPoint\",\"urlTemplate\":\"https:\/\/wietkoopwinkel.com\/?s={search_term_string}\"},\"query-input\":{\"@type\":\"PropertyValueSpecification\",\"valueRequired\":true,\"valueName\":\"search_term_string\"}}],\"inLanguage\":\"pl-PL\"},{\"@type\":\"Organization\",\"@id\":\"https:\/\/wietkoopwinkel.com\/#organization\",\"name\":\"Wiet Koop Winkel\",\"url\":\"https:\/\/wietkoopwinkel.com\/\",\"logo\":{\"@type\":\"ImageObject\",\"inLanguage\":\"pl-PL\",\"@id\":\"https:\/\/wietkoopwinkel.com\/#\/schema\/logo\/image\/\",\"url\":\"https:\/\/wietkoopwinkel.com\/wp-content\/uploads\/2023\/10\/logo.png\",\"contentUrl\":\"https:\/\/wietkoopwinkel.com\/wp-content\/uploads\/2023\/10\/logo.png\",\"width\":400,\"height\":120,\"caption\":\"Wiet Koop Winkel\"},\"image\":{\"@id\":\"https:\/\/wietkoopwinkel.com\/#\/schema\/logo\/image\/\"}}]}<\/script>\n<!-- \/ Yoast SEO plugin. -->","yoast_head_json":{"title":"Red Velvet - Wiet Koop Winkel","robots":{"index":"index","follow":"follow","max-snippet":"max-snippet:-1","max-image-preview":"max-image-preview:large","max-video-preview":"max-video-preview:-1"},"canonical":"https:\/\/wietkoopwinkel.com\/pl\/produkt\/red-velvet\/","og_locale":"pl_PL","og_type":"article","og_title":"Red Velvet - Wiet Koop Winkel","og_description":"Deze soortrecensie is voor Red Velvet Cake, ook wel bekend als Red Velvet Kush, van Detroit Provision Co. Ze bevinden zich in Detroit, Michigan. Ik heb dit bevoorradingscentrum nog nooit eerder bezocht. Omdat ik voorheen alleen het concentraat van de soort had geconsumeerd, besloot ik de Red Velvet-vari\u00ebteit te proberen. Het is een hybride die...","og_url":"https:\/\/wietkoopwinkel.com\/pl\/produkt\/red-velvet\/","og_site_name":"Wiet Koop Winkel","article_modified_time":"2023-10-07T09:57:08+00:00","og_image":[{"width":960,"height":1280,"url":"https:\/\/wietkoopwinkel.com\/wp-content\/uploads\/2023\/09\/Red-Velvet.jpg","type":"image\/jpeg"}],"twitter_card":"summary_large_image","twitter_misc":{"Szacowany czas czytania":"1 minuta"},"schema":{"@context":"https:\/\/schema.org","@graph":[{"@type":"WebPage","@id":"https:\/\/wietkoopwinkel.com\/product\/red-velvet\/","url":"https:\/\/wietkoopwinkel.com\/product\/red-velvet\/","name":"Red Velvet - Wiet Koop Winkel","isPartOf":{"@id":"https:\/\/wietkoopwinkel.com\/#website"},"primaryImageOfPage":{"@id":"https:\/\/wietkoopwinkel.com\/product\/red-velvet\/#primaryimage"},"image":{"@id":"https:\/\/wietkoopwinkel.com\/product\/red-velvet\/#primaryimage"},"thumbnailUrl":"https:\/\/wietkoopwinkel.com\/wp-content\/uploads\/2023\/09\/Red-Velvet.jpg","datePublished":"2023-09-22T08:56:42+00:00","dateModified":"2023-10-07T09:57:08+00:00","breadcrumb":{"@id":"https:\/\/wietkoopwinkel.com\/product\/red-velvet\/#breadcrumb"},"inLanguage":"pl-PL","potentialAction":[{"@type":"ReadAction","target":["https:\/\/wietkoopwinkel.com\/product\/red-velvet\/"]}]},{"@type":"ImageObject","inLanguage":"pl-PL","@id":"https:\/\/wietkoopwinkel.com\/product\/red-velvet\/#primaryimage","url":"https:\/\/wietkoopwinkel.com\/wp-content\/uploads\/2023\/09\/Red-Velvet.jpg","contentUrl":"https:\/\/wietkoopwinkel.com\/wp-content\/uploads\/2023\/09\/Red-Velvet.jpg","width":960,"height":1280,"caption":"Red Velvet"},{"@type":"BreadcrumbList","@id":"https:\/\/wietkoopwinkel.com\/product\/red-velvet\/#breadcrumb","itemListElement":[{"@type":"ListItem","position":1,"name":"Home","item":"https:\/\/wietkoopwinkel.com\/"},{"@type":"ListItem","position":2,"name":"Winkel","item":"https:\/\/wietkoopwinkel.com\/winkel\/"},{"@type":"ListItem","position":3,"name":"Red Velvet"}]},{"@type":"WebSite","@id":"https:\/\/wietkoopwinkel.com\/#website","url":"https:\/\/wietkoopwinkel.com\/","name":"Wiet Koop Winkel","description":"My WordPress Blog","publisher":{"@id":"https:\/\/wietkoopwinkel.com\/#organization"},"potentialAction":[{"@type":"SearchAction","target":{"@type":"EntryPoint","urlTemplate":"https:\/\/wietkoopwinkel.com\/?s={search_term_string}"},"query-input":{"@type":"PropertyValueSpecification","valueRequired":true,"valueName":"search_term_string"}}],"inLanguage":"pl-PL"},{"@type":"Organization","@id":"https:\/\/wietkoopwinkel.com\/#organization","name":"Wiet Koop Winkel","url":"https:\/\/wietkoopwinkel.com\/","logo":{"@type":"ImageObject","inLanguage":"pl-PL","@id":"https:\/\/wietkoopwinkel.com\/#\/schema\/logo\/image\/","url":"https:\/\/wietkoopwinkel.com\/wp-content\/uploads\/2023\/10\/logo.png","contentUrl":"https:\/\/wietkoopwinkel.com\/wp-content\/uploads\/2023\/10\/logo.png","width":400,"height":120,"caption":"Wiet Koop Winkel"},"image":{"@id":"https:\/\/wietkoopwinkel.com\/#\/schema\/logo\/image\/"}}]}},"_links":{"self":[{"href":"https:\/\/wietkoopwinkel.com\/pl\/wp-json\/wp\/v2\/product\/55","targetHints":{"allow":["GET"]}}],"collection":[{"href":"https:\/\/wietkoopwinkel.com\/pl\/wp-json\/wp\/v2\/product"}],"about":[{"href":"https:\/\/wietkoopwinkel.com\/pl\/wp-json\/wp\/v2\/types\/product"}],"replies":[{"embeddable":true,"href":"https:\/\/wietkoopwinkel.com\/pl\/wp-json\/wp\/v2\/comments?post=55"}],"wp:featuredmedia":[{"embeddable":true,"href":"https:\/\/wietkoopwinkel.com\/pl\/wp-json\/wp\/v2\/media\/363"}],"wp:attachment":[{"href":"https:\/\/wietkoopwinkel.com\/pl\/wp-json\/wp\/v2\/media?parent=55"}],"wp:term":[{"taxonomy":"product_cat","embeddable":true,"href":"https:\/\/wietkoopwinkel.com\/pl\/wp-json\/wp\/v2\/product_cat?post=55"},{"taxonomy":"product_tag","embeddable":true,"href":"https:\/\/wietkoopwinkel.com\/pl\/wp-json\/wp\/v2\/product_tag?post=55"}],"curies":[{"name":"wp","href":"https:\/\/api.w.org\/{rel}","templated":true}]}}