{"id":54,"date":"2023-09-22T08:56:41","date_gmt":"2023-09-22T08:56:41","guid":{"rendered":"https:\/\/nembutalhouse.com\/weed\/?post_type=product&#038;p=54"},"modified":"2023-10-07T09:59:52","modified_gmt":"2023-10-07T09:59:52","slug":"london-pound-cake","status":"publish","type":"product","link":"https:\/\/wietkoopwinkel.com\/pl\/produkt\/london-pound-cake\/","title":{"rendered":"London Pound Cake"},"content":{"rendered":"<p>Odmiana ta mo\u017ce poprawi\u0107 nastr\u00f3j, wywo\u0142uj\u0105c kr\u00f3tkotrwa\u0142y przyp\u0142yw kreatywno\u015bci i szcz\u0119\u015bcia, a uspokajaj\u0105ce efekty stopniowo przenikaj\u0105 ca\u0142e cia\u0142o. Problem polega na tym, \u017ce wielu u\u017cytkownik\u00f3w odkrywa, \u017ce gdy tylko poczuj\u0105 siln\u0105 potrzeb\u0119 bycia kreatywnym, efekty uspokajaj\u0105ce szybko zaczynaj\u0105 dzia\u0142a\u0107, utrudniaj\u0105c kontynuowanie kreatywnych projekt\u00f3w.<\/p>\n<p>Przygotuj jedzenie i wypr\u00f3buj t\u0119 pyszn\u0105 odmian\u0119; Apple Fritter zapewnia silne i d\u0142ugotrwa\u0142e efekty. Nale\u017cy uwa\u017ca\u0107 na objawy uboczne, takie jak pragnienie i sucho\u015b\u0107 w ustach.<\/p>\n<h2>GENETYCZNE POD\u0141O\u017bE LONDON POUND CAKE: P\u00d3\u0141TAJNE POCHODZENIE<\/h2>\n<p>London Pound Cake to stosunkowo nowa odmiana, kt\u00f3ra szybko sta\u0142a si\u0119 dobrze znana, szczeg\u00f3lnie w\u015br\u00f3d mi\u0142o\u015bnik\u00f3w s\u0142odyczy. Nie jest jasne, kt\u00f3ra silna Indica zosta\u0142a u\u017cyta do stworzenia London Pound Cake, chocia\u017c uwa\u017ca si\u0119, \u017ce jest to fenotyp s\u0142ynnej odmiany Girl Scout Cookies. Zosta\u0142a stworzona przez kalifornijskiego hodowc\u0119 Cookies Fam, kt\u00f3ry jest r\u00f3wnie\u017c znany z tworzenia innych znanych odmian, takich jak Runtz i Gelato.<\/p>\n<h3>DOROS\u0141Y SHERBET<\/h3>\n<p>Wy\u017cej wspomniana niezidentyfikowana odmiana Indica zosta\u0142a skrzy\u017cowana z Sunset Sherbet w celu uzyskania London Pound Cake. Sunset Sherbet to odmiana hybrydowa wywodz\u0105ca si\u0119 od s\u0142ynnego OG Kush i powsta\u0142a poprzez skrzy\u017cowanie Pink Panties z Girl Scout Cookies.<\/p>\n<p>Z nutami mi\u0119ty i cytrus\u00f3w, odmiana ta znana jest ze s\u0142odkiego i owocowego smaku. Wszechstronny zapach zawiera mieszank\u0119 ziemistych, s\u0142odkich i pikantnych sk\u0142adnik\u00f3w. Sunset Sherbet oferuje uspokajaj\u0105cy i energetyczny haj, kt\u00f3ry uwa\u017ca si\u0119 za \u0142agodz\u0105cy napi\u0119cie cia\u0142a i umys\u0142u. Ze wzgl\u0119du na zr\u00f3wnowa\u017cone dzia\u0142anie, preferuj\u0105 j\u0105 zar\u00f3wno u\u017cytkownicy rekreacyjni, jak i medyczni. Sunset Sherbet charakteryzuje si\u0119 r\u00f3wnie\u017c wysokim st\u0119\u017ceniem THC, kt\u00f3re mo\u017ce osi\u0105gn\u0105\u0107 24%. W ten spos\u00f3b staje si\u0119 siln\u0105 odmian\u0105, kt\u00f3ra powinna by\u0107 spo\u017cywana z umiarem przez osoby o ni\u017cszym poziomie tolerancji.<\/p>","protected":false},"excerpt":{"rendered":"<p>Deze soort zal waarschijnlijk je humeur verbeteren door een korte stroom van creativiteit en geluk te veroorzaken, en de kalmerende effecten zullen geleidelijk je hele lichaam doordringen. Het probleem is dat veel gebruikers ontdekken dat zodra ze een sterke drang voelen om creatief te zijn, de kalmerende effecten snel optreden, waardoor het moeilijk wordt om&#8230;<\/p>","protected":false},"featured_media":362,"comment_status":"open","ping_status":"closed","template":"","meta":{"_kad_post_transparent":"default","_kad_post_title":"","_kad_post_layout":"default","_kad_post_sidebar_id":"","_kad_post_content_style":"default","_kad_post_vertical_padding":"default","_kad_post_feature":"","_kad_post_feature_position":"","_kad_post_header":false,"_kad_post_footer":false,"_joinchat":[]},"product_cat":[17],"product_tag":[],"class_list":["post-54","product","type-product","status-publish","has-post-thumbnail","hentry","product_cat-wiet","entry","content-bg","loop-entry"],"yoast_head":"<!-- This site is optimized with the Yoast SEO plugin v26.3 - https:\/\/yoast.com\/wordpress\/plugins\/seo\/ -->\n<title>London Pound Cake - Wiet Koop Winkel<\/title>\n<meta name=\"robots\" content=\"index, follow, max-snippet:-1, max-image-preview:large, max-video-preview:-1\" \/>\n<link rel=\"canonical\" href=\"https:\/\/wietkoopwinkel.com\/pl\/produkt\/london-pound-cake\/\" \/>\n<meta property=\"og:locale\" content=\"pl_PL\" \/>\n<meta property=\"og:type\" content=\"article\" \/>\n<meta property=\"og:title\" content=\"London Pound Cake - Wiet Koop Winkel\" \/>\n<meta property=\"og:description\" content=\"Deze soort zal waarschijnlijk je humeur verbeteren door een korte stroom van creativiteit en geluk te veroorzaken, en de kalmerende effecten zullen geleidelijk je hele lichaam doordringen. Het probleem is dat veel gebruikers ontdekken dat zodra ze een sterke drang voelen om creatief te zijn, de kalmerende effecten snel optreden, waardoor het moeilijk wordt om...\" \/>\n<meta property=\"og:url\" content=\"https:\/\/wietkoopwinkel.com\/pl\/produkt\/london-pound-cake\/\" \/>\n<meta property=\"og:site_name\" content=\"Wiet Koop Winkel\" \/>\n<meta property=\"article:modified_time\" content=\"2023-10-07T09:59:52+00:00\" \/>\n<meta property=\"og:image\" content=\"https:\/\/wietkoopwinkel.com\/wp-content\/uploads\/2023\/09\/London-Pound-Cake.jpg\" \/>\n\t<meta property=\"og:image:width\" content=\"960\" \/>\n\t<meta property=\"og:image:height\" content=\"1280\" \/>\n\t<meta property=\"og:image:type\" content=\"image\/jpeg\" \/>\n<meta name=\"twitter:card\" content=\"summary_large_image\" \/>\n<meta name=\"twitter:label1\" content=\"Szacowany czas czytania\" \/>\n\t<meta name=\"twitter:data1\" content=\"2 minuty\" \/>\n<script type=\"application\/ld+json\" class=\"yoast-schema-graph\">{\"@context\":\"https:\/\/schema.org\",\"@graph\":[{\"@type\":\"WebPage\",\"@id\":\"https:\/\/wietkoopwinkel.com\/product\/london-pound-cake\/\",\"url\":\"https:\/\/wietkoopwinkel.com\/product\/london-pound-cake\/\",\"name\":\"London Pound Cake - Wiet Koop Winkel\",\"isPartOf\":{\"@id\":\"https:\/\/wietkoopwinkel.com\/#website\"},\"primaryImageOfPage\":{\"@id\":\"https:\/\/wietkoopwinkel.com\/product\/london-pound-cake\/#primaryimage\"},\"image\":{\"@id\":\"https:\/\/wietkoopwinkel.com\/product\/london-pound-cake\/#primaryimage\"},\"thumbnailUrl\":\"https:\/\/wietkoopwinkel.com\/wp-content\/uploads\/2023\/09\/London-Pound-Cake.jpg\",\"datePublished\":\"2023-09-22T08:56:41+00:00\",\"dateModified\":\"2023-10-07T09:59:52+00:00\",\"breadcrumb\":{\"@id\":\"https:\/\/wietkoopwinkel.com\/product\/london-pound-cake\/#breadcrumb\"},\"inLanguage\":\"pl-PL\",\"potentialAction\":[{\"@type\":\"ReadAction\",\"target\":[\"https:\/\/wietkoopwinkel.com\/product\/london-pound-cake\/\"]}]},{\"@type\":\"ImageObject\",\"inLanguage\":\"pl-PL\",\"@id\":\"https:\/\/wietkoopwinkel.com\/product\/london-pound-cake\/#primaryimage\",\"url\":\"https:\/\/wietkoopwinkel.com\/wp-content\/uploads\/2023\/09\/London-Pound-Cake.jpg\",\"contentUrl\":\"https:\/\/wietkoopwinkel.com\/wp-content\/uploads\/2023\/09\/London-Pound-Cake.jpg\",\"width\":960,\"height\":1280,\"caption\":\"London Pound Cake\"},{\"@type\":\"BreadcrumbList\",\"@id\":\"https:\/\/wietkoopwinkel.com\/product\/london-pound-cake\/#breadcrumb\",\"itemListElement\":[{\"@type\":\"ListItem\",\"position\":1,\"name\":\"Home\",\"item\":\"https:\/\/wietkoopwinkel.com\/\"},{\"@type\":\"ListItem\",\"position\":2,\"name\":\"Winkel\",\"item\":\"https:\/\/wietkoopwinkel.com\/winkel\/\"},{\"@type\":\"ListItem\",\"position\":3,\"name\":\"London Pound Cake\"}]},{\"@type\":\"WebSite\",\"@id\":\"https:\/\/wietkoopwinkel.com\/#website\",\"url\":\"https:\/\/wietkoopwinkel.com\/\",\"name\":\"Wiet Koop Winkel\",\"description\":\"My WordPress Blog\",\"publisher\":{\"@id\":\"https:\/\/wietkoopwinkel.com\/#organization\"},\"potentialAction\":[{\"@type\":\"SearchAction\",\"target\":{\"@type\":\"EntryPoint\",\"urlTemplate\":\"https:\/\/wietkoopwinkel.com\/?s={search_term_string}\"},\"query-input\":{\"@type\":\"PropertyValueSpecification\",\"valueRequired\":true,\"valueName\":\"search_term_string\"}}],\"inLanguage\":\"pl-PL\"},{\"@type\":\"Organization\",\"@id\":\"https:\/\/wietkoopwinkel.com\/#organization\",\"name\":\"Wiet Koop Winkel\",\"url\":\"https:\/\/wietkoopwinkel.com\/\",\"logo\":{\"@type\":\"ImageObject\",\"inLanguage\":\"pl-PL\",\"@id\":\"https:\/\/wietkoopwinkel.com\/#\/schema\/logo\/image\/\",\"url\":\"https:\/\/wietkoopwinkel.com\/wp-content\/uploads\/2023\/10\/logo.png\",\"contentUrl\":\"https:\/\/wietkoopwinkel.com\/wp-content\/uploads\/2023\/10\/logo.png\",\"width\":400,\"height\":120,\"caption\":\"Wiet Koop Winkel\"},\"image\":{\"@id\":\"https:\/\/wietkoopwinkel.com\/#\/schema\/logo\/image\/\"}}]}<\/script>\n<!-- \/ Yoast SEO plugin. -->","yoast_head_json":{"title":"London Pound Cake - Wiet Koop Winkel","robots":{"index":"index","follow":"follow","max-snippet":"max-snippet:-1","max-image-preview":"max-image-preview:large","max-video-preview":"max-video-preview:-1"},"canonical":"https:\/\/wietkoopwinkel.com\/pl\/produkt\/london-pound-cake\/","og_locale":"pl_PL","og_type":"article","og_title":"London Pound Cake - Wiet Koop Winkel","og_description":"Deze soort zal waarschijnlijk je humeur verbeteren door een korte stroom van creativiteit en geluk te veroorzaken, en de kalmerende effecten zullen geleidelijk je hele lichaam doordringen. Het probleem is dat veel gebruikers ontdekken dat zodra ze een sterke drang voelen om creatief te zijn, de kalmerende effecten snel optreden, waardoor het moeilijk wordt om...","og_url":"https:\/\/wietkoopwinkel.com\/pl\/produkt\/london-pound-cake\/","og_site_name":"Wiet Koop Winkel","article_modified_time":"2023-10-07T09:59:52+00:00","og_image":[{"width":960,"height":1280,"url":"https:\/\/wietkoopwinkel.com\/wp-content\/uploads\/2023\/09\/London-Pound-Cake.jpg","type":"image\/jpeg"}],"twitter_card":"summary_large_image","twitter_misc":{"Szacowany czas czytania":"2 minuty"},"schema":{"@context":"https:\/\/schema.org","@graph":[{"@type":"WebPage","@id":"https:\/\/wietkoopwinkel.com\/product\/london-pound-cake\/","url":"https:\/\/wietkoopwinkel.com\/product\/london-pound-cake\/","name":"London Pound Cake - Wiet Koop Winkel","isPartOf":{"@id":"https:\/\/wietkoopwinkel.com\/#website"},"primaryImageOfPage":{"@id":"https:\/\/wietkoopwinkel.com\/product\/london-pound-cake\/#primaryimage"},"image":{"@id":"https:\/\/wietkoopwinkel.com\/product\/london-pound-cake\/#primaryimage"},"thumbnailUrl":"https:\/\/wietkoopwinkel.com\/wp-content\/uploads\/2023\/09\/London-Pound-Cake.jpg","datePublished":"2023-09-22T08:56:41+00:00","dateModified":"2023-10-07T09:59:52+00:00","breadcrumb":{"@id":"https:\/\/wietkoopwinkel.com\/product\/london-pound-cake\/#breadcrumb"},"inLanguage":"pl-PL","potentialAction":[{"@type":"ReadAction","target":["https:\/\/wietkoopwinkel.com\/product\/london-pound-cake\/"]}]},{"@type":"ImageObject","inLanguage":"pl-PL","@id":"https:\/\/wietkoopwinkel.com\/product\/london-pound-cake\/#primaryimage","url":"https:\/\/wietkoopwinkel.com\/wp-content\/uploads\/2023\/09\/London-Pound-Cake.jpg","contentUrl":"https:\/\/wietkoopwinkel.com\/wp-content\/uploads\/2023\/09\/London-Pound-Cake.jpg","width":960,"height":1280,"caption":"London Pound Cake"},{"@type":"BreadcrumbList","@id":"https:\/\/wietkoopwinkel.com\/product\/london-pound-cake\/#breadcrumb","itemListElement":[{"@type":"ListItem","position":1,"name":"Home","item":"https:\/\/wietkoopwinkel.com\/"},{"@type":"ListItem","position":2,"name":"Winkel","item":"https:\/\/wietkoopwinkel.com\/winkel\/"},{"@type":"ListItem","position":3,"name":"London Pound Cake"}]},{"@type":"WebSite","@id":"https:\/\/wietkoopwinkel.com\/#website","url":"https:\/\/wietkoopwinkel.com\/","name":"Wiet Koop Winkel","description":"My WordPress Blog","publisher":{"@id":"https:\/\/wietkoopwinkel.com\/#organization"},"potentialAction":[{"@type":"SearchAction","target":{"@type":"EntryPoint","urlTemplate":"https:\/\/wietkoopwinkel.com\/?s={search_term_string}"},"query-input":{"@type":"PropertyValueSpecification","valueRequired":true,"valueName":"search_term_string"}}],"inLanguage":"pl-PL"},{"@type":"Organization","@id":"https:\/\/wietkoopwinkel.com\/#organization","name":"Wiet Koop Winkel","url":"https:\/\/wietkoopwinkel.com\/","logo":{"@type":"ImageObject","inLanguage":"pl-PL","@id":"https:\/\/wietkoopwinkel.com\/#\/schema\/logo\/image\/","url":"https:\/\/wietkoopwinkel.com\/wp-content\/uploads\/2023\/10\/logo.png","contentUrl":"https:\/\/wietkoopwinkel.com\/wp-content\/uploads\/2023\/10\/logo.png","width":400,"height":120,"caption":"Wiet Koop Winkel"},"image":{"@id":"https:\/\/wietkoopwinkel.com\/#\/schema\/logo\/image\/"}}]}},"_links":{"self":[{"href":"https:\/\/wietkoopwinkel.com\/pl\/wp-json\/wp\/v2\/product\/54","targetHints":{"allow":["GET"]}}],"collection":[{"href":"https:\/\/wietkoopwinkel.com\/pl\/wp-json\/wp\/v2\/product"}],"about":[{"href":"https:\/\/wietkoopwinkel.com\/pl\/wp-json\/wp\/v2\/types\/product"}],"replies":[{"embeddable":true,"href":"https:\/\/wietkoopwinkel.com\/pl\/wp-json\/wp\/v2\/comments?post=54"}],"wp:featuredmedia":[{"embeddable":true,"href":"https:\/\/wietkoopwinkel.com\/pl\/wp-json\/wp\/v2\/media\/362"}],"wp:attachment":[{"href":"https:\/\/wietkoopwinkel.com\/pl\/wp-json\/wp\/v2\/media?parent=54"}],"wp:term":[{"taxonomy":"product_cat","embeddable":true,"href":"https:\/\/wietkoopwinkel.com\/pl\/wp-json\/wp\/v2\/product_cat?post=54"},{"taxonomy":"product_tag","embeddable":true,"href":"https:\/\/wietkoopwinkel.com\/pl\/wp-json\/wp\/v2\/product_tag?post=54"}],"curies":[{"name":"wp","href":"https:\/\/api.w.org\/{rel}","templated":true}]}}