{"id":53,"date":"2023-09-22T08:56:29","date_gmt":"2023-09-22T08:56:29","guid":{"rendered":"https:\/\/nembutalhouse.com\/weed\/?post_type=product&#038;p=53"},"modified":"2023-10-07T10:00:56","modified_gmt":"2023-10-07T10:00:56","slug":"apple-fritter","status":"publish","type":"product","link":"https:\/\/wietkoopwinkel.com\/pl\/produkt\/apple-fritter\/","title":{"rendered":"Apple Fritter"},"content":{"rendered":"<p>Odmiana ta mo\u017ce poprawi\u0107 nastr\u00f3j, wywo\u0142uj\u0105c kr\u00f3tkotrwa\u0142y przyp\u0142yw kreatywno\u015bci i szcz\u0119\u015bcia, a uspokajaj\u0105ce efekty stopniowo przenikaj\u0105 ca\u0142e cia\u0142o. Problem polega na tym, \u017ce wielu u\u017cytkownik\u00f3w odkrywa, \u017ce gdy tylko poczuj\u0105 siln\u0105 potrzeb\u0119 bycia kreatywnym, efekty uspokajaj\u0105ce szybko zaczynaj\u0105 dzia\u0142a\u0107, utrudniaj\u0105c kontynuowanie kreatywnych projekt\u00f3w.<\/p>\n<p>Przygotuj jedzenie i wypr\u00f3buj t\u0119 pyszn\u0105 odmian\u0119; Apple Fritter zapewnia silne i d\u0142ugotrwa\u0142e efekty. Nale\u017cy uwa\u017ca\u0107 na objawy uboczne, takie jak pragnienie i sucho\u015b\u0107 w ustach.<\/p>","protected":false},"excerpt":{"rendered":"<p>Deze soort zal waarschijnlijk je humeur verbeteren door een korte stroom van creativiteit en geluk te veroorzaken, en de kalmerende effecten zullen geleidelijk je hele lichaam doordringen. Het probleem is dat veel gebruikers ontdekken dat zodra ze een sterke drang voelen om creatief te zijn, de kalmerende effecten snel optreden, waardoor het moeilijk wordt om&#8230;<\/p>","protected":false},"featured_media":361,"comment_status":"open","ping_status":"closed","template":"","meta":{"_kad_post_transparent":"default","_kad_post_title":"","_kad_post_layout":"default","_kad_post_sidebar_id":"","_kad_post_content_style":"default","_kad_post_vertical_padding":"default","_kad_post_feature":"","_kad_post_feature_position":"","_kad_post_header":false,"_kad_post_footer":false,"_joinchat":[]},"product_cat":[17],"product_tag":[],"class_list":["post-53","product","type-product","status-publish","has-post-thumbnail","hentry","product_cat-wiet","entry","content-bg","loop-entry"],"yoast_head":"<!-- This site is optimized with the Yoast SEO plugin v26.3 - https:\/\/yoast.com\/wordpress\/plugins\/seo\/ -->\n<title>Apple Fritter - Wiet Koop Winkel<\/title>\n<meta name=\"robots\" content=\"index, follow, max-snippet:-1, max-image-preview:large, max-video-preview:-1\" \/>\n<link rel=\"canonical\" href=\"https:\/\/wietkoopwinkel.com\/pl\/produkt\/apple-fritter\/\" \/>\n<meta property=\"og:locale\" content=\"pl_PL\" \/>\n<meta property=\"og:type\" content=\"article\" \/>\n<meta property=\"og:title\" content=\"Apple Fritter - Wiet Koop Winkel\" \/>\n<meta property=\"og:description\" content=\"Deze soort zal waarschijnlijk je humeur verbeteren door een korte stroom van creativiteit en geluk te veroorzaken, en de kalmerende effecten zullen geleidelijk je hele lichaam doordringen. Het probleem is dat veel gebruikers ontdekken dat zodra ze een sterke drang voelen om creatief te zijn, de kalmerende effecten snel optreden, waardoor het moeilijk wordt om...\" \/>\n<meta property=\"og:url\" content=\"https:\/\/wietkoopwinkel.com\/pl\/produkt\/apple-fritter\/\" \/>\n<meta property=\"og:site_name\" content=\"Wiet Koop Winkel\" \/>\n<meta property=\"article:modified_time\" content=\"2023-10-07T10:00:56+00:00\" \/>\n<meta property=\"og:image\" content=\"https:\/\/wietkoopwinkel.com\/wp-content\/uploads\/2023\/09\/Apple-Fritter.jpg\" \/>\n\t<meta property=\"og:image:width\" content=\"960\" \/>\n\t<meta property=\"og:image:height\" content=\"1280\" \/>\n\t<meta property=\"og:image:type\" content=\"image\/jpeg\" \/>\n<meta name=\"twitter:card\" content=\"summary_large_image\" \/>\n<meta name=\"twitter:label1\" content=\"Szacowany czas czytania\" \/>\n\t<meta name=\"twitter:data1\" content=\"1 minuta\" \/>\n<script type=\"application\/ld+json\" class=\"yoast-schema-graph\">{\"@context\":\"https:\/\/schema.org\",\"@graph\":[{\"@type\":\"WebPage\",\"@id\":\"https:\/\/wietkoopwinkel.com\/product\/apple-fritter\/\",\"url\":\"https:\/\/wietkoopwinkel.com\/product\/apple-fritter\/\",\"name\":\"Apple Fritter - Wiet Koop Winkel\",\"isPartOf\":{\"@id\":\"https:\/\/wietkoopwinkel.com\/#website\"},\"primaryImageOfPage\":{\"@id\":\"https:\/\/wietkoopwinkel.com\/product\/apple-fritter\/#primaryimage\"},\"image\":{\"@id\":\"https:\/\/wietkoopwinkel.com\/product\/apple-fritter\/#primaryimage\"},\"thumbnailUrl\":\"https:\/\/wietkoopwinkel.com\/wp-content\/uploads\/2023\/09\/Apple-Fritter.jpg\",\"datePublished\":\"2023-09-22T08:56:29+00:00\",\"dateModified\":\"2023-10-07T10:00:56+00:00\",\"breadcrumb\":{\"@id\":\"https:\/\/wietkoopwinkel.com\/product\/apple-fritter\/#breadcrumb\"},\"inLanguage\":\"pl-PL\",\"potentialAction\":[{\"@type\":\"ReadAction\",\"target\":[\"https:\/\/wietkoopwinkel.com\/product\/apple-fritter\/\"]}]},{\"@type\":\"ImageObject\",\"inLanguage\":\"pl-PL\",\"@id\":\"https:\/\/wietkoopwinkel.com\/product\/apple-fritter\/#primaryimage\",\"url\":\"https:\/\/wietkoopwinkel.com\/wp-content\/uploads\/2023\/09\/Apple-Fritter.jpg\",\"contentUrl\":\"https:\/\/wietkoopwinkel.com\/wp-content\/uploads\/2023\/09\/Apple-Fritter.jpg\",\"width\":960,\"height\":1280,\"caption\":\"Apple Fritter\"},{\"@type\":\"BreadcrumbList\",\"@id\":\"https:\/\/wietkoopwinkel.com\/product\/apple-fritter\/#breadcrumb\",\"itemListElement\":[{\"@type\":\"ListItem\",\"position\":1,\"name\":\"Home\",\"item\":\"https:\/\/wietkoopwinkel.com\/\"},{\"@type\":\"ListItem\",\"position\":2,\"name\":\"Winkel\",\"item\":\"https:\/\/wietkoopwinkel.com\/winkel\/\"},{\"@type\":\"ListItem\",\"position\":3,\"name\":\"Apple Fritter\"}]},{\"@type\":\"WebSite\",\"@id\":\"https:\/\/wietkoopwinkel.com\/#website\",\"url\":\"https:\/\/wietkoopwinkel.com\/\",\"name\":\"Wiet Koop Winkel\",\"description\":\"My WordPress Blog\",\"publisher\":{\"@id\":\"https:\/\/wietkoopwinkel.com\/#organization\"},\"potentialAction\":[{\"@type\":\"SearchAction\",\"target\":{\"@type\":\"EntryPoint\",\"urlTemplate\":\"https:\/\/wietkoopwinkel.com\/?s={search_term_string}\"},\"query-input\":{\"@type\":\"PropertyValueSpecification\",\"valueRequired\":true,\"valueName\":\"search_term_string\"}}],\"inLanguage\":\"pl-PL\"},{\"@type\":\"Organization\",\"@id\":\"https:\/\/wietkoopwinkel.com\/#organization\",\"name\":\"Wiet Koop Winkel\",\"url\":\"https:\/\/wietkoopwinkel.com\/\",\"logo\":{\"@type\":\"ImageObject\",\"inLanguage\":\"pl-PL\",\"@id\":\"https:\/\/wietkoopwinkel.com\/#\/schema\/logo\/image\/\",\"url\":\"https:\/\/wietkoopwinkel.com\/wp-content\/uploads\/2023\/10\/logo.png\",\"contentUrl\":\"https:\/\/wietkoopwinkel.com\/wp-content\/uploads\/2023\/10\/logo.png\",\"width\":400,\"height\":120,\"caption\":\"Wiet Koop Winkel\"},\"image\":{\"@id\":\"https:\/\/wietkoopwinkel.com\/#\/schema\/logo\/image\/\"}}]}<\/script>\n<!-- \/ Yoast SEO plugin. -->","yoast_head_json":{"title":"Apple Fritter - Wiet Koop Winkel","robots":{"index":"index","follow":"follow","max-snippet":"max-snippet:-1","max-image-preview":"max-image-preview:large","max-video-preview":"max-video-preview:-1"},"canonical":"https:\/\/wietkoopwinkel.com\/pl\/produkt\/apple-fritter\/","og_locale":"pl_PL","og_type":"article","og_title":"Apple Fritter - Wiet Koop Winkel","og_description":"Deze soort zal waarschijnlijk je humeur verbeteren door een korte stroom van creativiteit en geluk te veroorzaken, en de kalmerende effecten zullen geleidelijk je hele lichaam doordringen. Het probleem is dat veel gebruikers ontdekken dat zodra ze een sterke drang voelen om creatief te zijn, de kalmerende effecten snel optreden, waardoor het moeilijk wordt om...","og_url":"https:\/\/wietkoopwinkel.com\/pl\/produkt\/apple-fritter\/","og_site_name":"Wiet Koop Winkel","article_modified_time":"2023-10-07T10:00:56+00:00","og_image":[{"width":960,"height":1280,"url":"https:\/\/wietkoopwinkel.com\/wp-content\/uploads\/2023\/09\/Apple-Fritter.jpg","type":"image\/jpeg"}],"twitter_card":"summary_large_image","twitter_misc":{"Szacowany czas czytania":"1 minuta"},"schema":{"@context":"https:\/\/schema.org","@graph":[{"@type":"WebPage","@id":"https:\/\/wietkoopwinkel.com\/product\/apple-fritter\/","url":"https:\/\/wietkoopwinkel.com\/product\/apple-fritter\/","name":"Apple Fritter - Wiet Koop Winkel","isPartOf":{"@id":"https:\/\/wietkoopwinkel.com\/#website"},"primaryImageOfPage":{"@id":"https:\/\/wietkoopwinkel.com\/product\/apple-fritter\/#primaryimage"},"image":{"@id":"https:\/\/wietkoopwinkel.com\/product\/apple-fritter\/#primaryimage"},"thumbnailUrl":"https:\/\/wietkoopwinkel.com\/wp-content\/uploads\/2023\/09\/Apple-Fritter.jpg","datePublished":"2023-09-22T08:56:29+00:00","dateModified":"2023-10-07T10:00:56+00:00","breadcrumb":{"@id":"https:\/\/wietkoopwinkel.com\/product\/apple-fritter\/#breadcrumb"},"inLanguage":"pl-PL","potentialAction":[{"@type":"ReadAction","target":["https:\/\/wietkoopwinkel.com\/product\/apple-fritter\/"]}]},{"@type":"ImageObject","inLanguage":"pl-PL","@id":"https:\/\/wietkoopwinkel.com\/product\/apple-fritter\/#primaryimage","url":"https:\/\/wietkoopwinkel.com\/wp-content\/uploads\/2023\/09\/Apple-Fritter.jpg","contentUrl":"https:\/\/wietkoopwinkel.com\/wp-content\/uploads\/2023\/09\/Apple-Fritter.jpg","width":960,"height":1280,"caption":"Apple Fritter"},{"@type":"BreadcrumbList","@id":"https:\/\/wietkoopwinkel.com\/product\/apple-fritter\/#breadcrumb","itemListElement":[{"@type":"ListItem","position":1,"name":"Home","item":"https:\/\/wietkoopwinkel.com\/"},{"@type":"ListItem","position":2,"name":"Winkel","item":"https:\/\/wietkoopwinkel.com\/winkel\/"},{"@type":"ListItem","position":3,"name":"Apple Fritter"}]},{"@type":"WebSite","@id":"https:\/\/wietkoopwinkel.com\/#website","url":"https:\/\/wietkoopwinkel.com\/","name":"Wiet Koop Winkel","description":"My WordPress Blog","publisher":{"@id":"https:\/\/wietkoopwinkel.com\/#organization"},"potentialAction":[{"@type":"SearchAction","target":{"@type":"EntryPoint","urlTemplate":"https:\/\/wietkoopwinkel.com\/?s={search_term_string}"},"query-input":{"@type":"PropertyValueSpecification","valueRequired":true,"valueName":"search_term_string"}}],"inLanguage":"pl-PL"},{"@type":"Organization","@id":"https:\/\/wietkoopwinkel.com\/#organization","name":"Wiet Koop Winkel","url":"https:\/\/wietkoopwinkel.com\/","logo":{"@type":"ImageObject","inLanguage":"pl-PL","@id":"https:\/\/wietkoopwinkel.com\/#\/schema\/logo\/image\/","url":"https:\/\/wietkoopwinkel.com\/wp-content\/uploads\/2023\/10\/logo.png","contentUrl":"https:\/\/wietkoopwinkel.com\/wp-content\/uploads\/2023\/10\/logo.png","width":400,"height":120,"caption":"Wiet Koop Winkel"},"image":{"@id":"https:\/\/wietkoopwinkel.com\/#\/schema\/logo\/image\/"}}]}},"_links":{"self":[{"href":"https:\/\/wietkoopwinkel.com\/pl\/wp-json\/wp\/v2\/product\/53","targetHints":{"allow":["GET"]}}],"collection":[{"href":"https:\/\/wietkoopwinkel.com\/pl\/wp-json\/wp\/v2\/product"}],"about":[{"href":"https:\/\/wietkoopwinkel.com\/pl\/wp-json\/wp\/v2\/types\/product"}],"replies":[{"embeddable":true,"href":"https:\/\/wietkoopwinkel.com\/pl\/wp-json\/wp\/v2\/comments?post=53"}],"wp:featuredmedia":[{"embeddable":true,"href":"https:\/\/wietkoopwinkel.com\/pl\/wp-json\/wp\/v2\/media\/361"}],"wp:attachment":[{"href":"https:\/\/wietkoopwinkel.com\/pl\/wp-json\/wp\/v2\/media?parent=53"}],"wp:term":[{"taxonomy":"product_cat","embeddable":true,"href":"https:\/\/wietkoopwinkel.com\/pl\/wp-json\/wp\/v2\/product_cat?post=53"},{"taxonomy":"product_tag","embeddable":true,"href":"https:\/\/wietkoopwinkel.com\/pl\/wp-json\/wp\/v2\/product_tag?post=53"}],"curies":[{"name":"wp","href":"https:\/\/api.w.org\/{rel}","templated":true}]}}