{"id":1516,"date":"2023-10-06T10:48:33","date_gmt":"2023-10-06T10:48:33","guid":{"rendered":"https:\/\/wietkoopwinkel.com\/?post_type=product&#038;p=1516"},"modified":"2024-08-02T11:26:29","modified_gmt":"2024-08-02T11:26:29","slug":"mango-kush-jelly-hash","status":"publish","type":"product","link":"https:\/\/wietkoopwinkel.com\/pl\/produkt\/mango-kush-jelly-hash\/","title":{"rendered":"Mango Kush Jelly Hash"},"content":{"rendered":"<h2>Kupi\u0107 Mango Kush Jelly Hash online<\/h2>\n<p>kannabisterpeny.<br \/>\nekstremalna zawarto\u015b\u0107 CBD<br \/>\nBez GMO, organiczne i wolne od pestycyd\u00f3w<br \/>\nPyszny smak<br \/>\n100% wykonany z konopi<\/p>\n<p>Te pochodz\u0105ce z konopi sta\u0142e substancje CBD s\u0105 niepsychoaktywne, nie zawieraj\u0105 THC* i posiadaj\u0105 certyfikat EIHA EU.<\/p>\n<p>Marihuana to nie konopie.<\/p>\n<p>Nazwy naszych produkt\u00f3w z konopi siewnych s\u0105 inspirowane dobrze znanymi odmianami konopi o podobnych profilach terpenowych. W przypadku wszystkich naszych konopi u\u017cywamy wy\u0142\u0105cznie starannie uprawianych konopi Carmagnola; nie s\u0105 one spokrewnione z gatunkami THC.<\/p>\n<p>Jak u\u017cywa\u0107?<\/p>","protected":false},"excerpt":{"rendered":"<p>Koop Mango Kush Jelly Hash online cannabisterpenen. extreem CBD-gehalte Niet-GMO, biologisch en pesticidevrij Heerlijke smaak 100% op basis van hennep Deze van hennep afgeleide vaste CBD-stoffen zijn niet-psychoactieve, THC-vrije* en EIHA EU-gecertificeerde soorten. Cannabis is geen hennep. De namen van onze vaste hennepproducten zijn ge\u00efnspireerd op bekende cannabissoorten met vergelijkbare terpeenprofielen. Voor al onze hennep&#8230;<\/p>","protected":false},"featured_media":1531,"comment_status":"open","ping_status":"closed","template":"","meta":{"_kad_post_transparent":"default","_kad_post_title":"","_kad_post_layout":"default","_kad_post_sidebar_id":"","_kad_post_content_style":"default","_kad_post_vertical_padding":"default","_kad_post_feature":"","_kad_post_feature_position":"","_kad_post_header":false,"_kad_post_footer":false,"_joinchat":[]},"product_cat":[31],"product_tag":[],"class_list":["post-1516","product","type-product","status-publish","has-post-thumbnail","hentry","product_cat-hasj","entry","content-bg","loop-entry"],"yoast_head":"<!-- This site is optimized with the Yoast SEO plugin v26.3 - https:\/\/yoast.com\/wordpress\/plugins\/seo\/ -->\n<title>Mango Kush Jelly Hash - Wiet Koop Winkel<\/title>\n<meta name=\"robots\" content=\"index, follow, max-snippet:-1, max-image-preview:large, max-video-preview:-1\" \/>\n<link rel=\"canonical\" href=\"https:\/\/wietkoopwinkel.com\/pl\/produkt\/mango-kush-jelly-hash\/\" \/>\n<meta property=\"og:locale\" content=\"pl_PL\" \/>\n<meta property=\"og:type\" content=\"article\" \/>\n<meta property=\"og:title\" content=\"Mango Kush Jelly Hash - Wiet Koop Winkel\" \/>\n<meta property=\"og:description\" content=\"Koop Mango Kush Jelly Hash online cannabisterpenen. extreem CBD-gehalte Niet-GMO, biologisch en pesticidevrij Heerlijke smaak 100% op basis van hennep Deze van hennep afgeleide vaste CBD-stoffen zijn niet-psychoactieve, THC-vrije* en EIHA EU-gecertificeerde soorten. Cannabis is geen hennep. De namen van onze vaste hennepproducten zijn ge\u00efnspireerd op bekende cannabissoorten met vergelijkbare terpeenprofielen. Voor al onze hennep...\" \/>\n<meta property=\"og:url\" content=\"https:\/\/wietkoopwinkel.com\/pl\/produkt\/mango-kush-jelly-hash\/\" \/>\n<meta property=\"og:site_name\" content=\"Wiet Koop Winkel\" \/>\n<meta property=\"article:modified_time\" content=\"2024-08-02T11:26:29+00:00\" \/>\n<meta property=\"og:image\" content=\"https:\/\/wietkoopwinkel.com\/wp-content\/uploads\/2023\/10\/Mango-Kush-Jelly-Hash-\u2013-22-CBD.jpg\" \/>\n\t<meta property=\"og:image:width\" content=\"600\" \/>\n\t<meta property=\"og:image:height\" content=\"600\" \/>\n\t<meta property=\"og:image:type\" content=\"image\/jpeg\" \/>\n<meta name=\"twitter:card\" content=\"summary_large_image\" \/>\n<meta name=\"twitter:label1\" content=\"Szacowany czas czytania\" \/>\n\t<meta name=\"twitter:data1\" content=\"1 minuta\" \/>\n<script type=\"application\/ld+json\" class=\"yoast-schema-graph\">{\"@context\":\"https:\/\/schema.org\",\"@graph\":[{\"@type\":\"WebPage\",\"@id\":\"https:\/\/wietkoopwinkel.com\/product\/mango-kush-jelly-hash\/\",\"url\":\"https:\/\/wietkoopwinkel.com\/product\/mango-kush-jelly-hash\/\",\"name\":\"Mango Kush Jelly Hash - Wiet Koop Winkel\",\"isPartOf\":{\"@id\":\"https:\/\/wietkoopwinkel.com\/#website\"},\"primaryImageOfPage\":{\"@id\":\"https:\/\/wietkoopwinkel.com\/product\/mango-kush-jelly-hash\/#primaryimage\"},\"image\":{\"@id\":\"https:\/\/wietkoopwinkel.com\/product\/mango-kush-jelly-hash\/#primaryimage\"},\"thumbnailUrl\":\"https:\/\/wietkoopwinkel.com\/wp-content\/uploads\/2023\/10\/Mango-Kush-Jelly-Hash-\u2013-22-CBD.jpg\",\"datePublished\":\"2023-10-06T10:48:33+00:00\",\"dateModified\":\"2024-08-02T11:26:29+00:00\",\"breadcrumb\":{\"@id\":\"https:\/\/wietkoopwinkel.com\/product\/mango-kush-jelly-hash\/#breadcrumb\"},\"inLanguage\":\"pl-PL\",\"potentialAction\":[{\"@type\":\"ReadAction\",\"target\":[\"https:\/\/wietkoopwinkel.com\/product\/mango-kush-jelly-hash\/\"]}]},{\"@type\":\"ImageObject\",\"inLanguage\":\"pl-PL\",\"@id\":\"https:\/\/wietkoopwinkel.com\/product\/mango-kush-jelly-hash\/#primaryimage\",\"url\":\"https:\/\/wietkoopwinkel.com\/wp-content\/uploads\/2023\/10\/Mango-Kush-Jelly-Hash-\u2013-22-CBD.jpg\",\"contentUrl\":\"https:\/\/wietkoopwinkel.com\/wp-content\/uploads\/2023\/10\/Mango-Kush-Jelly-Hash-\u2013-22-CBD.jpg\",\"width\":600,\"height\":600,\"caption\":\"Mango-Kush-Jelly-Hash-\u2013-22%-CBD\"},{\"@type\":\"BreadcrumbList\",\"@id\":\"https:\/\/wietkoopwinkel.com\/product\/mango-kush-jelly-hash\/#breadcrumb\",\"itemListElement\":[{\"@type\":\"ListItem\",\"position\":1,\"name\":\"Home\",\"item\":\"https:\/\/wietkoopwinkel.com\/\"},{\"@type\":\"ListItem\",\"position\":2,\"name\":\"Winkel\",\"item\":\"https:\/\/wietkoopwinkel.com\/winkel\/\"},{\"@type\":\"ListItem\",\"position\":3,\"name\":\"Mango Kush Jelly Hash\"}]},{\"@type\":\"WebSite\",\"@id\":\"https:\/\/wietkoopwinkel.com\/#website\",\"url\":\"https:\/\/wietkoopwinkel.com\/\",\"name\":\"Wiet Koop Winkel\",\"description\":\"My WordPress Blog\",\"publisher\":{\"@id\":\"https:\/\/wietkoopwinkel.com\/#organization\"},\"potentialAction\":[{\"@type\":\"SearchAction\",\"target\":{\"@type\":\"EntryPoint\",\"urlTemplate\":\"https:\/\/wietkoopwinkel.com\/?s={search_term_string}\"},\"query-input\":{\"@type\":\"PropertyValueSpecification\",\"valueRequired\":true,\"valueName\":\"search_term_string\"}}],\"inLanguage\":\"pl-PL\"},{\"@type\":\"Organization\",\"@id\":\"https:\/\/wietkoopwinkel.com\/#organization\",\"name\":\"Wiet Koop Winkel\",\"url\":\"https:\/\/wietkoopwinkel.com\/\",\"logo\":{\"@type\":\"ImageObject\",\"inLanguage\":\"pl-PL\",\"@id\":\"https:\/\/wietkoopwinkel.com\/#\/schema\/logo\/image\/\",\"url\":\"https:\/\/wietkoopwinkel.com\/wp-content\/uploads\/2023\/10\/logo.png\",\"contentUrl\":\"https:\/\/wietkoopwinkel.com\/wp-content\/uploads\/2023\/10\/logo.png\",\"width\":400,\"height\":120,\"caption\":\"Wiet Koop Winkel\"},\"image\":{\"@id\":\"https:\/\/wietkoopwinkel.com\/#\/schema\/logo\/image\/\"}}]}<\/script>\n<!-- \/ Yoast SEO plugin. -->","yoast_head_json":{"title":"Mango Kush Jelly Hash - Wiet Koop Winkel","robots":{"index":"index","follow":"follow","max-snippet":"max-snippet:-1","max-image-preview":"max-image-preview:large","max-video-preview":"max-video-preview:-1"},"canonical":"https:\/\/wietkoopwinkel.com\/pl\/produkt\/mango-kush-jelly-hash\/","og_locale":"pl_PL","og_type":"article","og_title":"Mango Kush Jelly Hash - Wiet Koop Winkel","og_description":"Koop Mango Kush Jelly Hash online cannabisterpenen. extreem CBD-gehalte Niet-GMO, biologisch en pesticidevrij Heerlijke smaak 100% op basis van hennep Deze van hennep afgeleide vaste CBD-stoffen zijn niet-psychoactieve, THC-vrije* en EIHA EU-gecertificeerde soorten. Cannabis is geen hennep. De namen van onze vaste hennepproducten zijn ge\u00efnspireerd op bekende cannabissoorten met vergelijkbare terpeenprofielen. Voor al onze hennep...","og_url":"https:\/\/wietkoopwinkel.com\/pl\/produkt\/mango-kush-jelly-hash\/","og_site_name":"Wiet Koop Winkel","article_modified_time":"2024-08-02T11:26:29+00:00","og_image":[{"width":600,"height":600,"url":"https:\/\/wietkoopwinkel.com\/wp-content\/uploads\/2023\/10\/Mango-Kush-Jelly-Hash-\u2013-22-CBD.jpg","type":"image\/jpeg"}],"twitter_card":"summary_large_image","twitter_misc":{"Szacowany czas czytania":"1 minuta"},"schema":{"@context":"https:\/\/schema.org","@graph":[{"@type":"WebPage","@id":"https:\/\/wietkoopwinkel.com\/product\/mango-kush-jelly-hash\/","url":"https:\/\/wietkoopwinkel.com\/product\/mango-kush-jelly-hash\/","name":"Mango Kush Jelly Hash - Wiet Koop Winkel","isPartOf":{"@id":"https:\/\/wietkoopwinkel.com\/#website"},"primaryImageOfPage":{"@id":"https:\/\/wietkoopwinkel.com\/product\/mango-kush-jelly-hash\/#primaryimage"},"image":{"@id":"https:\/\/wietkoopwinkel.com\/product\/mango-kush-jelly-hash\/#primaryimage"},"thumbnailUrl":"https:\/\/wietkoopwinkel.com\/wp-content\/uploads\/2023\/10\/Mango-Kush-Jelly-Hash-\u2013-22-CBD.jpg","datePublished":"2023-10-06T10:48:33+00:00","dateModified":"2024-08-02T11:26:29+00:00","breadcrumb":{"@id":"https:\/\/wietkoopwinkel.com\/product\/mango-kush-jelly-hash\/#breadcrumb"},"inLanguage":"pl-PL","potentialAction":[{"@type":"ReadAction","target":["https:\/\/wietkoopwinkel.com\/product\/mango-kush-jelly-hash\/"]}]},{"@type":"ImageObject","inLanguage":"pl-PL","@id":"https:\/\/wietkoopwinkel.com\/product\/mango-kush-jelly-hash\/#primaryimage","url":"https:\/\/wietkoopwinkel.com\/wp-content\/uploads\/2023\/10\/Mango-Kush-Jelly-Hash-\u2013-22-CBD.jpg","contentUrl":"https:\/\/wietkoopwinkel.com\/wp-content\/uploads\/2023\/10\/Mango-Kush-Jelly-Hash-\u2013-22-CBD.jpg","width":600,"height":600,"caption":"Mango-Kush-Jelly-Hash-\u2013-22%-CBD"},{"@type":"BreadcrumbList","@id":"https:\/\/wietkoopwinkel.com\/product\/mango-kush-jelly-hash\/#breadcrumb","itemListElement":[{"@type":"ListItem","position":1,"name":"Home","item":"https:\/\/wietkoopwinkel.com\/"},{"@type":"ListItem","position":2,"name":"Winkel","item":"https:\/\/wietkoopwinkel.com\/winkel\/"},{"@type":"ListItem","position":3,"name":"Mango Kush Jelly Hash"}]},{"@type":"WebSite","@id":"https:\/\/wietkoopwinkel.com\/#website","url":"https:\/\/wietkoopwinkel.com\/","name":"Wiet Koop Winkel","description":"My WordPress Blog","publisher":{"@id":"https:\/\/wietkoopwinkel.com\/#organization"},"potentialAction":[{"@type":"SearchAction","target":{"@type":"EntryPoint","urlTemplate":"https:\/\/wietkoopwinkel.com\/?s={search_term_string}"},"query-input":{"@type":"PropertyValueSpecification","valueRequired":true,"valueName":"search_term_string"}}],"inLanguage":"pl-PL"},{"@type":"Organization","@id":"https:\/\/wietkoopwinkel.com\/#organization","name":"Wiet Koop Winkel","url":"https:\/\/wietkoopwinkel.com\/","logo":{"@type":"ImageObject","inLanguage":"pl-PL","@id":"https:\/\/wietkoopwinkel.com\/#\/schema\/logo\/image\/","url":"https:\/\/wietkoopwinkel.com\/wp-content\/uploads\/2023\/10\/logo.png","contentUrl":"https:\/\/wietkoopwinkel.com\/wp-content\/uploads\/2023\/10\/logo.png","width":400,"height":120,"caption":"Wiet Koop Winkel"},"image":{"@id":"https:\/\/wietkoopwinkel.com\/#\/schema\/logo\/image\/"}}]}},"_links":{"self":[{"href":"https:\/\/wietkoopwinkel.com\/pl\/wp-json\/wp\/v2\/product\/1516","targetHints":{"allow":["GET"]}}],"collection":[{"href":"https:\/\/wietkoopwinkel.com\/pl\/wp-json\/wp\/v2\/product"}],"about":[{"href":"https:\/\/wietkoopwinkel.com\/pl\/wp-json\/wp\/v2\/types\/product"}],"replies":[{"embeddable":true,"href":"https:\/\/wietkoopwinkel.com\/pl\/wp-json\/wp\/v2\/comments?post=1516"}],"wp:featuredmedia":[{"embeddable":true,"href":"https:\/\/wietkoopwinkel.com\/pl\/wp-json\/wp\/v2\/media\/1531"}],"wp:attachment":[{"href":"https:\/\/wietkoopwinkel.com\/pl\/wp-json\/wp\/v2\/media?parent=1516"}],"wp:term":[{"taxonomy":"product_cat","embeddable":true,"href":"https:\/\/wietkoopwinkel.com\/pl\/wp-json\/wp\/v2\/product_cat?post=1516"},{"taxonomy":"product_tag","embeddable":true,"href":"https:\/\/wietkoopwinkel.com\/pl\/wp-json\/wp\/v2\/product_tag?post=1516"}],"curies":[{"name":"wp","href":"https:\/\/api.w.org\/{rel}","templated":true}]}}