{"id":1515,"date":"2023-10-06T10:48:35","date_gmt":"2023-10-06T10:48:35","guid":{"rendered":"https:\/\/wietkoopwinkel.com\/?post_type=product&#038;p=1515"},"modified":"2024-08-02T11:29:35","modified_gmt":"2024-08-02T11:29:35","slug":"blueberry-hash","status":"publish","type":"product","link":"https:\/\/wietkoopwinkel.com\/pl\/produkt\/blueberry-hash\/","title":{"rendered":"Blueberry Hash"},"content":{"rendered":"<h2>Kup bor\u00f3wkowy haszysz online<\/h2>\n<p>Po otwarciu zam\u00f3wienia czeka na Ciebie mi\u0142a niespodzianka, poniewa\u017c ten haszysz pachnie dok\u0142adnie jak jagody! Ten naturalnie pachn\u0105cy haszysz jest interesuj\u0105cy i przyjemny w paleniu, z \u0142agodniejszym uderzeniem w gard\u0142o ni\u017c marihuana i wysok\u0105 zawarto\u015bci\u0105 THC, kt\u00f3ra zapewnia spokojne doznania. Niewielka ilo\u015b\u0107 sprasowanego haszyszu, uformowanego w \u017cywic\u0119 z trichom\u00f3w ro\u015bliny marihuany, zapewni ci d\u0142ug\u0105 drog\u0119, dzi\u0119ki czemu jest to niedroga i idealna opcja dla tych, kt\u00f3rzy chc\u0105 zwi\u0119kszy\u0107 apetyt, zmniejszy\u0107 niepok\u00f3j i poprawi\u0107 nastr\u00f3j.<\/p>","protected":false},"excerpt":{"rendered":"<p>Koop bosbessenhash online Wanneer je je bestelling opent, wacht je een aangename verrassing, want deze hasj ruikt precies naar bosbessen! Deze natuurlijk geurende hasj is interessant en plezierig om te roken, met een mildere keelhit dan cannabis en een hoog THC-gehalte dat resulteert in een vredige ervaring. Met een klein beetje geperste hasj, dat wordt&#8230;<\/p>","protected":false},"featured_media":1530,"comment_status":"open","ping_status":"closed","template":"","meta":{"_kad_post_transparent":"default","_kad_post_title":"","_kad_post_layout":"default","_kad_post_sidebar_id":"","_kad_post_content_style":"default","_kad_post_vertical_padding":"default","_kad_post_feature":"","_kad_post_feature_position":"","_kad_post_header":false,"_kad_post_footer":false,"_joinchat":[]},"product_cat":[31],"product_tag":[],"class_list":["post-1515","product","type-product","status-publish","has-post-thumbnail","hentry","product_cat-hasj","entry","content-bg","loop-entry"],"yoast_head":"<!-- This site is optimized with the Yoast SEO plugin v26.3 - https:\/\/yoast.com\/wordpress\/plugins\/seo\/ -->\n<title>Blueberry Hash - Wiet Koop Winkel<\/title>\n<meta name=\"robots\" content=\"index, follow, max-snippet:-1, max-image-preview:large, max-video-preview:-1\" \/>\n<link rel=\"canonical\" href=\"https:\/\/wietkoopwinkel.com\/pl\/produkt\/blueberry-hash\/\" \/>\n<meta property=\"og:locale\" content=\"pl_PL\" \/>\n<meta property=\"og:type\" content=\"article\" \/>\n<meta property=\"og:title\" content=\"Blueberry Hash - Wiet Koop Winkel\" \/>\n<meta property=\"og:description\" content=\"Koop bosbessenhash online Wanneer je je bestelling opent, wacht je een aangename verrassing, want deze hasj ruikt precies naar bosbessen! Deze natuurlijk geurende hasj is interessant en plezierig om te roken, met een mildere keelhit dan cannabis en een hoog THC-gehalte dat resulteert in een vredige ervaring. Met een klein beetje geperste hasj, dat wordt...\" \/>\n<meta property=\"og:url\" content=\"https:\/\/wietkoopwinkel.com\/pl\/produkt\/blueberry-hash\/\" \/>\n<meta property=\"og:site_name\" content=\"Wiet Koop Winkel\" \/>\n<meta property=\"article:modified_time\" content=\"2024-08-02T11:29:35+00:00\" \/>\n<meta property=\"og:image\" content=\"https:\/\/wietkoopwinkel.com\/wp-content\/uploads\/2023\/10\/BLUEBERRY-HASH-UK-\u2013-TRUE-BLUE-ALL-NATURAL.jpg\" \/>\n\t<meta property=\"og:image:width\" content=\"600\" \/>\n\t<meta property=\"og:image:height\" content=\"600\" \/>\n\t<meta property=\"og:image:type\" content=\"image\/jpeg\" \/>\n<meta name=\"twitter:card\" content=\"summary_large_image\" \/>\n<meta name=\"twitter:label1\" content=\"Szacowany czas czytania\" \/>\n\t<meta name=\"twitter:data1\" content=\"1 minuta\" \/>\n<script type=\"application\/ld+json\" class=\"yoast-schema-graph\">{\"@context\":\"https:\/\/schema.org\",\"@graph\":[{\"@type\":\"WebPage\",\"@id\":\"https:\/\/wietkoopwinkel.com\/product\/blueberry-hash\/\",\"url\":\"https:\/\/wietkoopwinkel.com\/product\/blueberry-hash\/\",\"name\":\"Blueberry Hash - Wiet Koop Winkel\",\"isPartOf\":{\"@id\":\"https:\/\/wietkoopwinkel.com\/#website\"},\"primaryImageOfPage\":{\"@id\":\"https:\/\/wietkoopwinkel.com\/product\/blueberry-hash\/#primaryimage\"},\"image\":{\"@id\":\"https:\/\/wietkoopwinkel.com\/product\/blueberry-hash\/#primaryimage\"},\"thumbnailUrl\":\"https:\/\/wietkoopwinkel.com\/wp-content\/uploads\/2023\/10\/BLUEBERRY-HASH-UK-\u2013-TRUE-BLUE-ALL-NATURAL.jpg\",\"datePublished\":\"2023-10-06T10:48:35+00:00\",\"dateModified\":\"2024-08-02T11:29:35+00:00\",\"breadcrumb\":{\"@id\":\"https:\/\/wietkoopwinkel.com\/product\/blueberry-hash\/#breadcrumb\"},\"inLanguage\":\"pl-PL\",\"potentialAction\":[{\"@type\":\"ReadAction\",\"target\":[\"https:\/\/wietkoopwinkel.com\/product\/blueberry-hash\/\"]}]},{\"@type\":\"ImageObject\",\"inLanguage\":\"pl-PL\",\"@id\":\"https:\/\/wietkoopwinkel.com\/product\/blueberry-hash\/#primaryimage\",\"url\":\"https:\/\/wietkoopwinkel.com\/wp-content\/uploads\/2023\/10\/BLUEBERRY-HASH-UK-\u2013-TRUE-BLUE-ALL-NATURAL.jpg\",\"contentUrl\":\"https:\/\/wietkoopwinkel.com\/wp-content\/uploads\/2023\/10\/BLUEBERRY-HASH-UK-\u2013-TRUE-BLUE-ALL-NATURAL.jpg\",\"width\":600,\"height\":600,\"caption\":\"hasj kopen\"},{\"@type\":\"BreadcrumbList\",\"@id\":\"https:\/\/wietkoopwinkel.com\/product\/blueberry-hash\/#breadcrumb\",\"itemListElement\":[{\"@type\":\"ListItem\",\"position\":1,\"name\":\"Home\",\"item\":\"https:\/\/wietkoopwinkel.com\/\"},{\"@type\":\"ListItem\",\"position\":2,\"name\":\"Winkel\",\"item\":\"https:\/\/wietkoopwinkel.com\/winkel\/\"},{\"@type\":\"ListItem\",\"position\":3,\"name\":\"Blueberry Hash\"}]},{\"@type\":\"WebSite\",\"@id\":\"https:\/\/wietkoopwinkel.com\/#website\",\"url\":\"https:\/\/wietkoopwinkel.com\/\",\"name\":\"Wiet Koop Winkel\",\"description\":\"My WordPress Blog\",\"publisher\":{\"@id\":\"https:\/\/wietkoopwinkel.com\/#organization\"},\"potentialAction\":[{\"@type\":\"SearchAction\",\"target\":{\"@type\":\"EntryPoint\",\"urlTemplate\":\"https:\/\/wietkoopwinkel.com\/?s={search_term_string}\"},\"query-input\":{\"@type\":\"PropertyValueSpecification\",\"valueRequired\":true,\"valueName\":\"search_term_string\"}}],\"inLanguage\":\"pl-PL\"},{\"@type\":\"Organization\",\"@id\":\"https:\/\/wietkoopwinkel.com\/#organization\",\"name\":\"Wiet Koop Winkel\",\"url\":\"https:\/\/wietkoopwinkel.com\/\",\"logo\":{\"@type\":\"ImageObject\",\"inLanguage\":\"pl-PL\",\"@id\":\"https:\/\/wietkoopwinkel.com\/#\/schema\/logo\/image\/\",\"url\":\"https:\/\/wietkoopwinkel.com\/wp-content\/uploads\/2023\/10\/logo.png\",\"contentUrl\":\"https:\/\/wietkoopwinkel.com\/wp-content\/uploads\/2023\/10\/logo.png\",\"width\":400,\"height\":120,\"caption\":\"Wiet Koop Winkel\"},\"image\":{\"@id\":\"https:\/\/wietkoopwinkel.com\/#\/schema\/logo\/image\/\"}}]}<\/script>\n<!-- \/ Yoast SEO plugin. -->","yoast_head_json":{"title":"Blueberry Hash - Wiet Koop Winkel","robots":{"index":"index","follow":"follow","max-snippet":"max-snippet:-1","max-image-preview":"max-image-preview:large","max-video-preview":"max-video-preview:-1"},"canonical":"https:\/\/wietkoopwinkel.com\/pl\/produkt\/blueberry-hash\/","og_locale":"pl_PL","og_type":"article","og_title":"Blueberry Hash - Wiet Koop Winkel","og_description":"Koop bosbessenhash online Wanneer je je bestelling opent, wacht je een aangename verrassing, want deze hasj ruikt precies naar bosbessen! Deze natuurlijk geurende hasj is interessant en plezierig om te roken, met een mildere keelhit dan cannabis en een hoog THC-gehalte dat resulteert in een vredige ervaring. Met een klein beetje geperste hasj, dat wordt...","og_url":"https:\/\/wietkoopwinkel.com\/pl\/produkt\/blueberry-hash\/","og_site_name":"Wiet Koop Winkel","article_modified_time":"2024-08-02T11:29:35+00:00","og_image":[{"width":600,"height":600,"url":"https:\/\/wietkoopwinkel.com\/wp-content\/uploads\/2023\/10\/BLUEBERRY-HASH-UK-\u2013-TRUE-BLUE-ALL-NATURAL.jpg","type":"image\/jpeg"}],"twitter_card":"summary_large_image","twitter_misc":{"Szacowany czas czytania":"1 minuta"},"schema":{"@context":"https:\/\/schema.org","@graph":[{"@type":"WebPage","@id":"https:\/\/wietkoopwinkel.com\/product\/blueberry-hash\/","url":"https:\/\/wietkoopwinkel.com\/product\/blueberry-hash\/","name":"Blueberry Hash - Wiet Koop Winkel","isPartOf":{"@id":"https:\/\/wietkoopwinkel.com\/#website"},"primaryImageOfPage":{"@id":"https:\/\/wietkoopwinkel.com\/product\/blueberry-hash\/#primaryimage"},"image":{"@id":"https:\/\/wietkoopwinkel.com\/product\/blueberry-hash\/#primaryimage"},"thumbnailUrl":"https:\/\/wietkoopwinkel.com\/wp-content\/uploads\/2023\/10\/BLUEBERRY-HASH-UK-\u2013-TRUE-BLUE-ALL-NATURAL.jpg","datePublished":"2023-10-06T10:48:35+00:00","dateModified":"2024-08-02T11:29:35+00:00","breadcrumb":{"@id":"https:\/\/wietkoopwinkel.com\/product\/blueberry-hash\/#breadcrumb"},"inLanguage":"pl-PL","potentialAction":[{"@type":"ReadAction","target":["https:\/\/wietkoopwinkel.com\/product\/blueberry-hash\/"]}]},{"@type":"ImageObject","inLanguage":"pl-PL","@id":"https:\/\/wietkoopwinkel.com\/product\/blueberry-hash\/#primaryimage","url":"https:\/\/wietkoopwinkel.com\/wp-content\/uploads\/2023\/10\/BLUEBERRY-HASH-UK-\u2013-TRUE-BLUE-ALL-NATURAL.jpg","contentUrl":"https:\/\/wietkoopwinkel.com\/wp-content\/uploads\/2023\/10\/BLUEBERRY-HASH-UK-\u2013-TRUE-BLUE-ALL-NATURAL.jpg","width":600,"height":600,"caption":"hasj kopen"},{"@type":"BreadcrumbList","@id":"https:\/\/wietkoopwinkel.com\/product\/blueberry-hash\/#breadcrumb","itemListElement":[{"@type":"ListItem","position":1,"name":"Home","item":"https:\/\/wietkoopwinkel.com\/"},{"@type":"ListItem","position":2,"name":"Winkel","item":"https:\/\/wietkoopwinkel.com\/winkel\/"},{"@type":"ListItem","position":3,"name":"Blueberry Hash"}]},{"@type":"WebSite","@id":"https:\/\/wietkoopwinkel.com\/#website","url":"https:\/\/wietkoopwinkel.com\/","name":"Wiet Koop Winkel","description":"My WordPress Blog","publisher":{"@id":"https:\/\/wietkoopwinkel.com\/#organization"},"potentialAction":[{"@type":"SearchAction","target":{"@type":"EntryPoint","urlTemplate":"https:\/\/wietkoopwinkel.com\/?s={search_term_string}"},"query-input":{"@type":"PropertyValueSpecification","valueRequired":true,"valueName":"search_term_string"}}],"inLanguage":"pl-PL"},{"@type":"Organization","@id":"https:\/\/wietkoopwinkel.com\/#organization","name":"Wiet Koop Winkel","url":"https:\/\/wietkoopwinkel.com\/","logo":{"@type":"ImageObject","inLanguage":"pl-PL","@id":"https:\/\/wietkoopwinkel.com\/#\/schema\/logo\/image\/","url":"https:\/\/wietkoopwinkel.com\/wp-content\/uploads\/2023\/10\/logo.png","contentUrl":"https:\/\/wietkoopwinkel.com\/wp-content\/uploads\/2023\/10\/logo.png","width":400,"height":120,"caption":"Wiet Koop Winkel"},"image":{"@id":"https:\/\/wietkoopwinkel.com\/#\/schema\/logo\/image\/"}}]}},"_links":{"self":[{"href":"https:\/\/wietkoopwinkel.com\/pl\/wp-json\/wp\/v2\/product\/1515","targetHints":{"allow":["GET"]}}],"collection":[{"href":"https:\/\/wietkoopwinkel.com\/pl\/wp-json\/wp\/v2\/product"}],"about":[{"href":"https:\/\/wietkoopwinkel.com\/pl\/wp-json\/wp\/v2\/types\/product"}],"replies":[{"embeddable":true,"href":"https:\/\/wietkoopwinkel.com\/pl\/wp-json\/wp\/v2\/comments?post=1515"}],"wp:featuredmedia":[{"embeddable":true,"href":"https:\/\/wietkoopwinkel.com\/pl\/wp-json\/wp\/v2\/media\/1530"}],"wp:attachment":[{"href":"https:\/\/wietkoopwinkel.com\/pl\/wp-json\/wp\/v2\/media?parent=1515"}],"wp:term":[{"taxonomy":"product_cat","embeddable":true,"href":"https:\/\/wietkoopwinkel.com\/pl\/wp-json\/wp\/v2\/product_cat?post=1515"},{"taxonomy":"product_tag","embeddable":true,"href":"https:\/\/wietkoopwinkel.com\/pl\/wp-json\/wp\/v2\/product_tag?post=1515"}],"curies":[{"name":"wp","href":"https:\/\/api.w.org\/{rel}","templated":true}]}}