{"id":1514,"date":"2023-10-06T10:48:39","date_gmt":"2023-10-06T10:48:39","guid":{"rendered":"https:\/\/wietkoopwinkel.com\/?post_type=product&#038;p=1514"},"modified":"2024-04-04T02:59:33","modified_gmt":"2024-04-04T02:59:33","slug":"afghan-black-hash","status":"publish","type":"product","link":"https:\/\/wietkoopwinkel.com\/pl\/produkt\/afghan-black-hash\/","title":{"rendered":"Afghan Black Hash"},"content":{"rendered":"<h2>Kup afga\u0144ski czarny haszysz online<\/h2>\n<p>Farba!<\/p>\n<p>Dowiedz si\u0119, jak si\u0119 zachowujesz.<\/p>\n<p>420 procent THC<\/p>\n<p>Zawarto\u015b\u0107 CBD: 2,8%<\/p>\n<p>Afghan Black Hash to z\u0142o\u017cona odmiana z dominacj\u0105 Indica o dzia\u0142aniu euforycznym i uspokajaj\u0105cym. Blommorna rozwin\u0119\u0142a si\u0119 jak jadeit, wysoka ska\u0142a w kszta\u0142cie coli z m\u00f6rkgr\u00f6na, a nie jak li\u015b\u0107 czarnej skarpety. Aromatyczna mieszanka pieprzu, jord i sza\u0142wii w profilu terpenowym Black Afghan przyczynia si\u0119 do psychicznych i fizycznych efekt\u00f3w jej pochodzenia. \u0141agodny, optymistyczny brz\u0119czyk i zaplanowana, wywo\u0142uj\u0105ca munchie perkusja tego utworu sprawiaj\u0105, \u017ce jest on idealny na relaksuj\u0105ce popo\u0142udnie.<\/p>","protected":false},"excerpt":{"rendered":"<p>Koop Afghaanse zwarte hasj online Verven! Leer hoe jij jezelf draagt. 420 procent THC CBD-gehalte: 2,8% Afghan Black Hash is een complexe indica-dominante soort met euforische en kalmerende effecten. Blommorna ontwikkelde zich als jade, een hoge, colavormige rots met een m\u00f6rkgr\u00f6na, en niet een zwart sockerblad. De gearomatiseerde mix van peper, jord en salvia in&#8230;<\/p>","protected":false},"featured_media":1529,"comment_status":"open","ping_status":"closed","template":"","meta":{"_kad_post_transparent":"default","_kad_post_title":"","_kad_post_layout":"default","_kad_post_sidebar_id":"","_kad_post_content_style":"default","_kad_post_vertical_padding":"default","_kad_post_feature":"","_kad_post_feature_position":"","_kad_post_header":false,"_kad_post_footer":false,"_joinchat":[]},"product_cat":[31],"product_tag":[],"class_list":["post-1514","product","type-product","status-publish","has-post-thumbnail","hentry","product_cat-hasj","entry","content-bg","loop-entry"],"yoast_head":"<!-- This site is optimized with the Yoast SEO plugin v26.3 - https:\/\/yoast.com\/wordpress\/plugins\/seo\/ -->\n<title>Afghan Black Hash - Wiet Koop Winkel<\/title>\n<meta name=\"robots\" content=\"index, follow, max-snippet:-1, max-image-preview:large, max-video-preview:-1\" \/>\n<link rel=\"canonical\" href=\"https:\/\/wietkoopwinkel.com\/pl\/produkt\/afghan-black-hash\/\" \/>\n<meta property=\"og:locale\" content=\"pl_PL\" \/>\n<meta property=\"og:type\" content=\"article\" \/>\n<meta property=\"og:title\" content=\"Afghan Black Hash - Wiet Koop Winkel\" \/>\n<meta property=\"og:description\" content=\"Koop Afghaanse zwarte hasj online Verven! Leer hoe jij jezelf draagt. 420 procent THC CBD-gehalte: 2,8% Afghan Black Hash is een complexe indica-dominante soort met euforische en kalmerende effecten. Blommorna ontwikkelde zich als jade, een hoge, colavormige rots met een m\u00f6rkgr\u00f6na, en niet een zwart sockerblad. De gearomatiseerde mix van peper, jord en salvia in...\" \/>\n<meta property=\"og:url\" content=\"https:\/\/wietkoopwinkel.com\/pl\/produkt\/afghan-black-hash\/\" \/>\n<meta property=\"og:site_name\" content=\"Wiet Koop Winkel\" \/>\n<meta property=\"article:modified_time\" content=\"2024-04-04T02:59:33+00:00\" \/>\n<meta property=\"og:image\" content=\"https:\/\/wietkoopwinkel.com\/wp-content\/uploads\/2023\/10\/Afghan-Black-Hash.jpg\" \/>\n\t<meta property=\"og:image:width\" content=\"600\" \/>\n\t<meta property=\"og:image:height\" content=\"600\" \/>\n\t<meta property=\"og:image:type\" content=\"image\/jpeg\" \/>\n<meta name=\"twitter:card\" content=\"summary_large_image\" \/>\n<meta name=\"twitter:label1\" content=\"Szacowany czas czytania\" \/>\n\t<meta name=\"twitter:data1\" content=\"1 minuta\" \/>\n<script type=\"application\/ld+json\" class=\"yoast-schema-graph\">{\"@context\":\"https:\/\/schema.org\",\"@graph\":[{\"@type\":\"WebPage\",\"@id\":\"https:\/\/wietkoopwinkel.com\/product\/afghan-black-hash\/\",\"url\":\"https:\/\/wietkoopwinkel.com\/product\/afghan-black-hash\/\",\"name\":\"Afghan Black Hash - Wiet Koop Winkel\",\"isPartOf\":{\"@id\":\"https:\/\/wietkoopwinkel.com\/#website\"},\"primaryImageOfPage\":{\"@id\":\"https:\/\/wietkoopwinkel.com\/product\/afghan-black-hash\/#primaryimage\"},\"image\":{\"@id\":\"https:\/\/wietkoopwinkel.com\/product\/afghan-black-hash\/#primaryimage\"},\"thumbnailUrl\":\"https:\/\/wietkoopwinkel.com\/wp-content\/uploads\/2023\/10\/Afghan-Black-Hash.jpg\",\"datePublished\":\"2023-10-06T10:48:39+00:00\",\"dateModified\":\"2024-04-04T02:59:33+00:00\",\"breadcrumb\":{\"@id\":\"https:\/\/wietkoopwinkel.com\/product\/afghan-black-hash\/#breadcrumb\"},\"inLanguage\":\"pl-PL\",\"potentialAction\":[{\"@type\":\"ReadAction\",\"target\":[\"https:\/\/wietkoopwinkel.com\/product\/afghan-black-hash\/\"]}]},{\"@type\":\"ImageObject\",\"inLanguage\":\"pl-PL\",\"@id\":\"https:\/\/wietkoopwinkel.com\/product\/afghan-black-hash\/#primaryimage\",\"url\":\"https:\/\/wietkoopwinkel.com\/wp-content\/uploads\/2023\/10\/Afghan-Black-Hash.jpg\",\"contentUrl\":\"https:\/\/wietkoopwinkel.com\/wp-content\/uploads\/2023\/10\/Afghan-Black-Hash.jpg\",\"width\":600,\"height\":600,\"caption\":\"Afghan-Black-Hash\"},{\"@type\":\"BreadcrumbList\",\"@id\":\"https:\/\/wietkoopwinkel.com\/product\/afghan-black-hash\/#breadcrumb\",\"itemListElement\":[{\"@type\":\"ListItem\",\"position\":1,\"name\":\"Home\",\"item\":\"https:\/\/wietkoopwinkel.com\/\"},{\"@type\":\"ListItem\",\"position\":2,\"name\":\"Winkel\",\"item\":\"https:\/\/wietkoopwinkel.com\/winkel\/\"},{\"@type\":\"ListItem\",\"position\":3,\"name\":\"Afghan Black Hash\"}]},{\"@type\":\"WebSite\",\"@id\":\"https:\/\/wietkoopwinkel.com\/#website\",\"url\":\"https:\/\/wietkoopwinkel.com\/\",\"name\":\"Wiet Koop Winkel\",\"description\":\"My WordPress Blog\",\"publisher\":{\"@id\":\"https:\/\/wietkoopwinkel.com\/#organization\"},\"potentialAction\":[{\"@type\":\"SearchAction\",\"target\":{\"@type\":\"EntryPoint\",\"urlTemplate\":\"https:\/\/wietkoopwinkel.com\/?s={search_term_string}\"},\"query-input\":{\"@type\":\"PropertyValueSpecification\",\"valueRequired\":true,\"valueName\":\"search_term_string\"}}],\"inLanguage\":\"pl-PL\"},{\"@type\":\"Organization\",\"@id\":\"https:\/\/wietkoopwinkel.com\/#organization\",\"name\":\"Wiet Koop Winkel\",\"url\":\"https:\/\/wietkoopwinkel.com\/\",\"logo\":{\"@type\":\"ImageObject\",\"inLanguage\":\"pl-PL\",\"@id\":\"https:\/\/wietkoopwinkel.com\/#\/schema\/logo\/image\/\",\"url\":\"https:\/\/wietkoopwinkel.com\/wp-content\/uploads\/2023\/10\/logo.png\",\"contentUrl\":\"https:\/\/wietkoopwinkel.com\/wp-content\/uploads\/2023\/10\/logo.png\",\"width\":400,\"height\":120,\"caption\":\"Wiet Koop Winkel\"},\"image\":{\"@id\":\"https:\/\/wietkoopwinkel.com\/#\/schema\/logo\/image\/\"}}]}<\/script>\n<!-- \/ Yoast SEO plugin. -->","yoast_head_json":{"title":"Afghan Black Hash - Wiet Koop Winkel","robots":{"index":"index","follow":"follow","max-snippet":"max-snippet:-1","max-image-preview":"max-image-preview:large","max-video-preview":"max-video-preview:-1"},"canonical":"https:\/\/wietkoopwinkel.com\/pl\/produkt\/afghan-black-hash\/","og_locale":"pl_PL","og_type":"article","og_title":"Afghan Black Hash - Wiet Koop Winkel","og_description":"Koop Afghaanse zwarte hasj online Verven! Leer hoe jij jezelf draagt. 420 procent THC CBD-gehalte: 2,8% Afghan Black Hash is een complexe indica-dominante soort met euforische en kalmerende effecten. Blommorna ontwikkelde zich als jade, een hoge, colavormige rots met een m\u00f6rkgr\u00f6na, en niet een zwart sockerblad. De gearomatiseerde mix van peper, jord en salvia in...","og_url":"https:\/\/wietkoopwinkel.com\/pl\/produkt\/afghan-black-hash\/","og_site_name":"Wiet Koop Winkel","article_modified_time":"2024-04-04T02:59:33+00:00","og_image":[{"width":600,"height":600,"url":"https:\/\/wietkoopwinkel.com\/wp-content\/uploads\/2023\/10\/Afghan-Black-Hash.jpg","type":"image\/jpeg"}],"twitter_card":"summary_large_image","twitter_misc":{"Szacowany czas czytania":"1 minuta"},"schema":{"@context":"https:\/\/schema.org","@graph":[{"@type":"WebPage","@id":"https:\/\/wietkoopwinkel.com\/product\/afghan-black-hash\/","url":"https:\/\/wietkoopwinkel.com\/product\/afghan-black-hash\/","name":"Afghan Black Hash - Wiet Koop Winkel","isPartOf":{"@id":"https:\/\/wietkoopwinkel.com\/#website"},"primaryImageOfPage":{"@id":"https:\/\/wietkoopwinkel.com\/product\/afghan-black-hash\/#primaryimage"},"image":{"@id":"https:\/\/wietkoopwinkel.com\/product\/afghan-black-hash\/#primaryimage"},"thumbnailUrl":"https:\/\/wietkoopwinkel.com\/wp-content\/uploads\/2023\/10\/Afghan-Black-Hash.jpg","datePublished":"2023-10-06T10:48:39+00:00","dateModified":"2024-04-04T02:59:33+00:00","breadcrumb":{"@id":"https:\/\/wietkoopwinkel.com\/product\/afghan-black-hash\/#breadcrumb"},"inLanguage":"pl-PL","potentialAction":[{"@type":"ReadAction","target":["https:\/\/wietkoopwinkel.com\/product\/afghan-black-hash\/"]}]},{"@type":"ImageObject","inLanguage":"pl-PL","@id":"https:\/\/wietkoopwinkel.com\/product\/afghan-black-hash\/#primaryimage","url":"https:\/\/wietkoopwinkel.com\/wp-content\/uploads\/2023\/10\/Afghan-Black-Hash.jpg","contentUrl":"https:\/\/wietkoopwinkel.com\/wp-content\/uploads\/2023\/10\/Afghan-Black-Hash.jpg","width":600,"height":600,"caption":"Afghan-Black-Hash"},{"@type":"BreadcrumbList","@id":"https:\/\/wietkoopwinkel.com\/product\/afghan-black-hash\/#breadcrumb","itemListElement":[{"@type":"ListItem","position":1,"name":"Home","item":"https:\/\/wietkoopwinkel.com\/"},{"@type":"ListItem","position":2,"name":"Winkel","item":"https:\/\/wietkoopwinkel.com\/winkel\/"},{"@type":"ListItem","position":3,"name":"Afghan Black Hash"}]},{"@type":"WebSite","@id":"https:\/\/wietkoopwinkel.com\/#website","url":"https:\/\/wietkoopwinkel.com\/","name":"Wiet Koop Winkel","description":"My WordPress Blog","publisher":{"@id":"https:\/\/wietkoopwinkel.com\/#organization"},"potentialAction":[{"@type":"SearchAction","target":{"@type":"EntryPoint","urlTemplate":"https:\/\/wietkoopwinkel.com\/?s={search_term_string}"},"query-input":{"@type":"PropertyValueSpecification","valueRequired":true,"valueName":"search_term_string"}}],"inLanguage":"pl-PL"},{"@type":"Organization","@id":"https:\/\/wietkoopwinkel.com\/#organization","name":"Wiet Koop Winkel","url":"https:\/\/wietkoopwinkel.com\/","logo":{"@type":"ImageObject","inLanguage":"pl-PL","@id":"https:\/\/wietkoopwinkel.com\/#\/schema\/logo\/image\/","url":"https:\/\/wietkoopwinkel.com\/wp-content\/uploads\/2023\/10\/logo.png","contentUrl":"https:\/\/wietkoopwinkel.com\/wp-content\/uploads\/2023\/10\/logo.png","width":400,"height":120,"caption":"Wiet Koop Winkel"},"image":{"@id":"https:\/\/wietkoopwinkel.com\/#\/schema\/logo\/image\/"}}]}},"_links":{"self":[{"href":"https:\/\/wietkoopwinkel.com\/pl\/wp-json\/wp\/v2\/product\/1514","targetHints":{"allow":["GET"]}}],"collection":[{"href":"https:\/\/wietkoopwinkel.com\/pl\/wp-json\/wp\/v2\/product"}],"about":[{"href":"https:\/\/wietkoopwinkel.com\/pl\/wp-json\/wp\/v2\/types\/product"}],"replies":[{"embeddable":true,"href":"https:\/\/wietkoopwinkel.com\/pl\/wp-json\/wp\/v2\/comments?post=1514"}],"wp:featuredmedia":[{"embeddable":true,"href":"https:\/\/wietkoopwinkel.com\/pl\/wp-json\/wp\/v2\/media\/1529"}],"wp:attachment":[{"href":"https:\/\/wietkoopwinkel.com\/pl\/wp-json\/wp\/v2\/media?parent=1514"}],"wp:term":[{"taxonomy":"product_cat","embeddable":true,"href":"https:\/\/wietkoopwinkel.com\/pl\/wp-json\/wp\/v2\/product_cat?post=1514"},{"taxonomy":"product_tag","embeddable":true,"href":"https:\/\/wietkoopwinkel.com\/pl\/wp-json\/wp\/v2\/product_tag?post=1514"}],"curies":[{"name":"wp","href":"https:\/\/api.w.org\/{rel}","templated":true}]}}