{"id":1389,"date":"2023-09-30T10:46:40","date_gmt":"2023-09-30T10:46:40","guid":{"rendered":"https:\/\/nembutalhouse.com\/weed\/?post_type=product&#038;p=1389"},"modified":"2023-10-07T09:04:33","modified_gmt":"2023-10-07T09:04:33","slug":"skywalker-og-cannabis-oil","status":"publish","type":"product","link":"https:\/\/wietkoopwinkel.com\/pl\/produkt\/skywalker-og-cannabis-oil\/","title":{"rendered":"Olej z konopi indyjskich Skywalker OG"},"content":{"rendered":"<p>Kwiat Skywalker OG otrzyma\u0142 t\u0119 nazw\u0119 od oryginalnych hodowc\u00f3w szczep\u00f3w macierzystych. Skywalker OG powsta\u0142 w wyniku skrzy\u017cowania OG Kush, dobrze znanej, uspokajaj\u0105cej odmiany konopi, ze Skywalker, hybryd\u0105 z dominacj\u0105 Indica. Zosta\u0142a ona wyhodowana z nieznanym kwiatem bogatym w CBD, aby stworzy\u0107 odmian\u0119 z dominacj\u0105 CBD.<\/p>\n<p>Silny kwiat Indica znany jako Skywalker zosta\u0142 stworzony przez hodowc\u00f3w, kt\u00f3rzy zmieszali Mazar i Blueberry. Dzi\u0119ki temu po\u0142\u0105czeniu, Skywalker ma teraz unikalny, jagodowy zapach. Kwiat Skywalker korzysta z relaksuj\u0105cych i spokojnych w\u0142a\u015bciwo\u015bci kwiatu Mazar, kt\u00f3ry znany jest z szybkiego rozwoju i dojrzewania.<\/p>\n<p>Jedn\u0105 z najbardziej trwa\u0142ych i znanych nazw marihuany jest OG Kush. W latach 90. osoba o imieniu \"Bubba\" stworzy\u0142a OG Kush na Florydzie i przywioz\u0142a j\u0105 do Los Angeles. P\u00f3\u017aniej opracowa\u0142 s\u0142ynn\u0105 odmian\u0119 Bubba Kush. Bardzo wilgotny, tradycyjny aromat konopi, kt\u00f3ry wyr\u00f3\u017cnia OG Kush, to mieszanka owocowych, pikantnych i przypominaj\u0105cych olej nap\u0119dowy smak\u00f3w i zapach\u00f3w.<\/p>\n<h2>ODMIANA CBD SKYWALKER OG<\/h2>\n<p>Setki r\u00f3\u017cnych dost\u0119pnych obecnie odmian konopi maj\u0105 charakterystyczne aromaty i smaki dzi\u0119ki terpenom. Terpeny wyst\u0119puj\u0105 r\u00f3wnie\u017c w wielu r\u00f3\u017cnych ro\u015blinach, zar\u00f3wno jadalnych, jak i niejadalnych. Aby zrozumie\u0107, sk\u0105d bierze si\u0119 kr\u00f3lewski aromat Skywalker OG, przyjrzyjmy si\u0119 bli\u017cej g\u0142\u00f3wnym terpenom.<\/p>\n<h3>BISABOLOL<\/h3>\n<p>Najcz\u0119stszym \u017ar\u00f3d\u0142em \u0142agodnego, kwiatowego terpenu bisabololu jest rumianek. Odmiany konopi, kt\u00f3re posiadaj\u0105 ten konkretny terpen, korzystaj\u0105 z wielu w\u0142a\u015bciwo\u015bci leczniczych bisabololu, opr\u00f3cz jego s\u0142odkiego zapachu. M\u00f3wi si\u0119, \u017ce ma dzia\u0142anie przeciwb\u00f3lowe, przeciwzapalne i przeciwutleniaj\u0105ce.<\/p>","protected":false},"excerpt":{"rendered":"<p>De Skywalker OG-bloem kreeg die naam van de oorspronkelijke veredelaars van de oudersoorten. Skywalker OG werd geproduceerd door OG Kush, een bekende, kalmerende cannabissoort, te kruisen met Skywalker, een Indica-dominante hybride. Ze werd gekweekt met een onbekende CBD-rijke bloem om een ras te cre\u00ebren dat CBD-dominant is. De sterke Indica-bloem, bekend als Skywalker, is gemaakt&#8230;<\/p>","protected":false},"featured_media":1409,"comment_status":"open","ping_status":"closed","template":"","meta":{"_kad_post_transparent":"default","_kad_post_title":"","_kad_post_layout":"default","_kad_post_sidebar_id":"","_kad_post_content_style":"default","_kad_post_vertical_padding":"default","_kad_post_feature":"","_kad_post_feature_position":"","_kad_post_header":false,"_kad_post_footer":false,"_joinchat":[]},"product_cat":[30],"product_tag":[],"class_list":["post-1389","product","type-product","status-publish","has-post-thumbnail","hentry","product_cat-cannabis-thc-olie","entry","content-bg","loop-entry"],"yoast_head":"<!-- This site is optimized with the Yoast SEO plugin v26.3 - https:\/\/yoast.com\/wordpress\/plugins\/seo\/ -->\n<title>Skywalker OG Cannabis Oil - Wiet Koop Winkel<\/title>\n<meta name=\"robots\" content=\"index, follow, max-snippet:-1, max-image-preview:large, max-video-preview:-1\" \/>\n<link rel=\"canonical\" href=\"https:\/\/wietkoopwinkel.com\/pl\/produkt\/skywalker-og-cannabis-oil\/\" \/>\n<meta property=\"og:locale\" content=\"pl_PL\" \/>\n<meta property=\"og:type\" content=\"article\" \/>\n<meta property=\"og:title\" content=\"Skywalker OG Cannabis Oil - Wiet Koop Winkel\" \/>\n<meta property=\"og:description\" content=\"De Skywalker OG-bloem kreeg die naam van de oorspronkelijke veredelaars van de oudersoorten. Skywalker OG werd geproduceerd door OG Kush, een bekende, kalmerende cannabissoort, te kruisen met Skywalker, een Indica-dominante hybride. Ze werd gekweekt met een onbekende CBD-rijke bloem om een ras te cre\u00ebren dat CBD-dominant is. De sterke Indica-bloem, bekend als Skywalker, is gemaakt...\" \/>\n<meta property=\"og:url\" content=\"https:\/\/wietkoopwinkel.com\/pl\/produkt\/skywalker-og-cannabis-oil\/\" \/>\n<meta property=\"og:site_name\" content=\"Wiet Koop Winkel\" \/>\n<meta property=\"article:modified_time\" content=\"2023-10-07T09:04:33+00:00\" \/>\n<meta property=\"og:image\" content=\"https:\/\/wietkoopwinkel.com\/wp-content\/uploads\/2023\/09\/Skywalker-OG-Cannabis-Oil.jpg\" \/>\n\t<meta property=\"og:image:width\" content=\"600\" \/>\n\t<meta property=\"og:image:height\" content=\"600\" \/>\n\t<meta property=\"og:image:type\" content=\"image\/jpeg\" \/>\n<meta name=\"twitter:card\" content=\"summary_large_image\" \/>\n<meta name=\"twitter:label1\" content=\"Szacowany czas czytania\" \/>\n\t<meta name=\"twitter:data1\" content=\"2 minuty\" \/>\n<script type=\"application\/ld+json\" class=\"yoast-schema-graph\">{\"@context\":\"https:\/\/schema.org\",\"@graph\":[{\"@type\":\"WebPage\",\"@id\":\"https:\/\/wietkoopwinkel.com\/product\/skywalker-og-cannabis-oil\/\",\"url\":\"https:\/\/wietkoopwinkel.com\/product\/skywalker-og-cannabis-oil\/\",\"name\":\"Skywalker OG Cannabis Oil - Wiet Koop Winkel\",\"isPartOf\":{\"@id\":\"https:\/\/wietkoopwinkel.com\/#website\"},\"primaryImageOfPage\":{\"@id\":\"https:\/\/wietkoopwinkel.com\/product\/skywalker-og-cannabis-oil\/#primaryimage\"},\"image\":{\"@id\":\"https:\/\/wietkoopwinkel.com\/product\/skywalker-og-cannabis-oil\/#primaryimage\"},\"thumbnailUrl\":\"https:\/\/wietkoopwinkel.com\/wp-content\/uploads\/2023\/09\/Skywalker-OG-Cannabis-Oil.jpg\",\"datePublished\":\"2023-09-30T10:46:40+00:00\",\"dateModified\":\"2023-10-07T09:04:33+00:00\",\"breadcrumb\":{\"@id\":\"https:\/\/wietkoopwinkel.com\/product\/skywalker-og-cannabis-oil\/#breadcrumb\"},\"inLanguage\":\"pl-PL\",\"potentialAction\":[{\"@type\":\"ReadAction\",\"target\":[\"https:\/\/wietkoopwinkel.com\/product\/skywalker-og-cannabis-oil\/\"]}]},{\"@type\":\"ImageObject\",\"inLanguage\":\"pl-PL\",\"@id\":\"https:\/\/wietkoopwinkel.com\/product\/skywalker-og-cannabis-oil\/#primaryimage\",\"url\":\"https:\/\/wietkoopwinkel.com\/wp-content\/uploads\/2023\/09\/Skywalker-OG-Cannabis-Oil.jpg\",\"contentUrl\":\"https:\/\/wietkoopwinkel.com\/wp-content\/uploads\/2023\/09\/Skywalker-OG-Cannabis-Oil.jpg\",\"width\":600,\"height\":600,\"caption\":\"Skywalker-OG-Cannabis-Oil\"},{\"@type\":\"BreadcrumbList\",\"@id\":\"https:\/\/wietkoopwinkel.com\/product\/skywalker-og-cannabis-oil\/#breadcrumb\",\"itemListElement\":[{\"@type\":\"ListItem\",\"position\":1,\"name\":\"Home\",\"item\":\"https:\/\/wietkoopwinkel.com\/\"},{\"@type\":\"ListItem\",\"position\":2,\"name\":\"Winkel\",\"item\":\"https:\/\/wietkoopwinkel.com\/winkel\/\"},{\"@type\":\"ListItem\",\"position\":3,\"name\":\"Skywalker OG Cannabis Oil\"}]},{\"@type\":\"WebSite\",\"@id\":\"https:\/\/wietkoopwinkel.com\/#website\",\"url\":\"https:\/\/wietkoopwinkel.com\/\",\"name\":\"Wiet Koop Winkel\",\"description\":\"My WordPress Blog\",\"publisher\":{\"@id\":\"https:\/\/wietkoopwinkel.com\/#organization\"},\"potentialAction\":[{\"@type\":\"SearchAction\",\"target\":{\"@type\":\"EntryPoint\",\"urlTemplate\":\"https:\/\/wietkoopwinkel.com\/?s={search_term_string}\"},\"query-input\":{\"@type\":\"PropertyValueSpecification\",\"valueRequired\":true,\"valueName\":\"search_term_string\"}}],\"inLanguage\":\"pl-PL\"},{\"@type\":\"Organization\",\"@id\":\"https:\/\/wietkoopwinkel.com\/#organization\",\"name\":\"Wiet Koop Winkel\",\"url\":\"https:\/\/wietkoopwinkel.com\/\",\"logo\":{\"@type\":\"ImageObject\",\"inLanguage\":\"pl-PL\",\"@id\":\"https:\/\/wietkoopwinkel.com\/#\/schema\/logo\/image\/\",\"url\":\"https:\/\/wietkoopwinkel.com\/wp-content\/uploads\/2023\/10\/logo.png\",\"contentUrl\":\"https:\/\/wietkoopwinkel.com\/wp-content\/uploads\/2023\/10\/logo.png\",\"width\":400,\"height\":120,\"caption\":\"Wiet Koop Winkel\"},\"image\":{\"@id\":\"https:\/\/wietkoopwinkel.com\/#\/schema\/logo\/image\/\"}}]}<\/script>\n<!-- \/ Yoast SEO plugin. -->","yoast_head_json":{"title":"Skywalker OG Cannabis Oil - Wiet Koop Winkel","robots":{"index":"index","follow":"follow","max-snippet":"max-snippet:-1","max-image-preview":"max-image-preview:large","max-video-preview":"max-video-preview:-1"},"canonical":"https:\/\/wietkoopwinkel.com\/pl\/produkt\/skywalker-og-cannabis-oil\/","og_locale":"pl_PL","og_type":"article","og_title":"Skywalker OG Cannabis Oil - Wiet Koop Winkel","og_description":"De Skywalker OG-bloem kreeg die naam van de oorspronkelijke veredelaars van de oudersoorten. Skywalker OG werd geproduceerd door OG Kush, een bekende, kalmerende cannabissoort, te kruisen met Skywalker, een Indica-dominante hybride. Ze werd gekweekt met een onbekende CBD-rijke bloem om een ras te cre\u00ebren dat CBD-dominant is. De sterke Indica-bloem, bekend als Skywalker, is gemaakt...","og_url":"https:\/\/wietkoopwinkel.com\/pl\/produkt\/skywalker-og-cannabis-oil\/","og_site_name":"Wiet Koop Winkel","article_modified_time":"2023-10-07T09:04:33+00:00","og_image":[{"width":600,"height":600,"url":"https:\/\/wietkoopwinkel.com\/wp-content\/uploads\/2023\/09\/Skywalker-OG-Cannabis-Oil.jpg","type":"image\/jpeg"}],"twitter_card":"summary_large_image","twitter_misc":{"Szacowany czas czytania":"2 minuty"},"schema":{"@context":"https:\/\/schema.org","@graph":[{"@type":"WebPage","@id":"https:\/\/wietkoopwinkel.com\/product\/skywalker-og-cannabis-oil\/","url":"https:\/\/wietkoopwinkel.com\/product\/skywalker-og-cannabis-oil\/","name":"Skywalker OG Cannabis Oil - Wiet Koop Winkel","isPartOf":{"@id":"https:\/\/wietkoopwinkel.com\/#website"},"primaryImageOfPage":{"@id":"https:\/\/wietkoopwinkel.com\/product\/skywalker-og-cannabis-oil\/#primaryimage"},"image":{"@id":"https:\/\/wietkoopwinkel.com\/product\/skywalker-og-cannabis-oil\/#primaryimage"},"thumbnailUrl":"https:\/\/wietkoopwinkel.com\/wp-content\/uploads\/2023\/09\/Skywalker-OG-Cannabis-Oil.jpg","datePublished":"2023-09-30T10:46:40+00:00","dateModified":"2023-10-07T09:04:33+00:00","breadcrumb":{"@id":"https:\/\/wietkoopwinkel.com\/product\/skywalker-og-cannabis-oil\/#breadcrumb"},"inLanguage":"pl-PL","potentialAction":[{"@type":"ReadAction","target":["https:\/\/wietkoopwinkel.com\/product\/skywalker-og-cannabis-oil\/"]}]},{"@type":"ImageObject","inLanguage":"pl-PL","@id":"https:\/\/wietkoopwinkel.com\/product\/skywalker-og-cannabis-oil\/#primaryimage","url":"https:\/\/wietkoopwinkel.com\/wp-content\/uploads\/2023\/09\/Skywalker-OG-Cannabis-Oil.jpg","contentUrl":"https:\/\/wietkoopwinkel.com\/wp-content\/uploads\/2023\/09\/Skywalker-OG-Cannabis-Oil.jpg","width":600,"height":600,"caption":"Skywalker-OG-Cannabis-Oil"},{"@type":"BreadcrumbList","@id":"https:\/\/wietkoopwinkel.com\/product\/skywalker-og-cannabis-oil\/#breadcrumb","itemListElement":[{"@type":"ListItem","position":1,"name":"Home","item":"https:\/\/wietkoopwinkel.com\/"},{"@type":"ListItem","position":2,"name":"Winkel","item":"https:\/\/wietkoopwinkel.com\/winkel\/"},{"@type":"ListItem","position":3,"name":"Skywalker OG Cannabis Oil"}]},{"@type":"WebSite","@id":"https:\/\/wietkoopwinkel.com\/#website","url":"https:\/\/wietkoopwinkel.com\/","name":"Wiet Koop Winkel","description":"My WordPress Blog","publisher":{"@id":"https:\/\/wietkoopwinkel.com\/#organization"},"potentialAction":[{"@type":"SearchAction","target":{"@type":"EntryPoint","urlTemplate":"https:\/\/wietkoopwinkel.com\/?s={search_term_string}"},"query-input":{"@type":"PropertyValueSpecification","valueRequired":true,"valueName":"search_term_string"}}],"inLanguage":"pl-PL"},{"@type":"Organization","@id":"https:\/\/wietkoopwinkel.com\/#organization","name":"Wiet Koop Winkel","url":"https:\/\/wietkoopwinkel.com\/","logo":{"@type":"ImageObject","inLanguage":"pl-PL","@id":"https:\/\/wietkoopwinkel.com\/#\/schema\/logo\/image\/","url":"https:\/\/wietkoopwinkel.com\/wp-content\/uploads\/2023\/10\/logo.png","contentUrl":"https:\/\/wietkoopwinkel.com\/wp-content\/uploads\/2023\/10\/logo.png","width":400,"height":120,"caption":"Wiet Koop Winkel"},"image":{"@id":"https:\/\/wietkoopwinkel.com\/#\/schema\/logo\/image\/"}}]}},"_links":{"self":[{"href":"https:\/\/wietkoopwinkel.com\/pl\/wp-json\/wp\/v2\/product\/1389","targetHints":{"allow":["GET"]}}],"collection":[{"href":"https:\/\/wietkoopwinkel.com\/pl\/wp-json\/wp\/v2\/product"}],"about":[{"href":"https:\/\/wietkoopwinkel.com\/pl\/wp-json\/wp\/v2\/types\/product"}],"replies":[{"embeddable":true,"href":"https:\/\/wietkoopwinkel.com\/pl\/wp-json\/wp\/v2\/comments?post=1389"}],"wp:featuredmedia":[{"embeddable":true,"href":"https:\/\/wietkoopwinkel.com\/pl\/wp-json\/wp\/v2\/media\/1409"}],"wp:attachment":[{"href":"https:\/\/wietkoopwinkel.com\/pl\/wp-json\/wp\/v2\/media?parent=1389"}],"wp:term":[{"taxonomy":"product_cat","embeddable":true,"href":"https:\/\/wietkoopwinkel.com\/pl\/wp-json\/wp\/v2\/product_cat?post=1389"},{"taxonomy":"product_tag","embeddable":true,"href":"https:\/\/wietkoopwinkel.com\/pl\/wp-json\/wp\/v2\/product_tag?post=1389"}],"curies":[{"name":"wp","href":"https:\/\/api.w.org\/{rel}","templated":true}]}}