{"id":1369,"date":"2023-09-30T10:33:33","date_gmt":"2023-09-30T10:33:33","guid":{"rendered":"https:\/\/nembutalhouse.com\/weed\/?post_type=product&#038;p=1369"},"modified":"2024-01-03T11:22:03","modified_gmt":"2024-01-03T11:22:03","slug":"tangie-hash","status":"publish","type":"product","link":"https:\/\/wietkoopwinkel.com\/pl\/produkt\/tangie-hash\/","title":{"rendered":"Tangie Hash"},"content":{"rendered":"<p>Tangie Hash to popularna odmiana Sativa, kt\u00f3ra oferuje silny haj i wspania\u0142e doznania. Od po\u0142owy lat 90. marihuana znana jako Tangie zosta\u0142a opracowana na bazie s\u0142ynnej odmiany Tangerine Dream. Odrobina konopi Tangerine Dream zosta\u0142a po\u0142\u0105czona przez Space Farms z pyszn\u0105 i wilgotn\u0105 odmian\u0105 Skunk #1, aby stworzy\u0107 wspania\u0142\u0105 Sativ\u0119, kt\u00f3ra nie ma sobie r\u00f3wnych! Hash Tangie daje zastrzyk energii i pobudzenie m\u00f3zgu podobne do tego, jakie daje fili\u017canka kawy, ale ten haj b\u0119dzie ca\u0142kowicie pozbawiony wibracji! Haszem Tangie Bubble najlepiej delektowa\u0107 si\u0119 z przyjacielem lub przyjaci\u00f3\u0142mi, poniewa\u017c ta wspania\u0142a odmiana generuje szcz\u0119\u015bliwe uczucia, kt\u00f3rymi warto si\u0119 dzieli\u0107! Konopie Tangie maj\u0105 pi\u0119kne, mi\u0119towo-zielone p\u0105ki z ciemnopomara\u0144czowymi w\u0142oskami. Marihuana Tangie jest pokryta pi\u0119kn\u0105 warstw\u0105 krystalicznych trichom\u00f3w.<\/p>\n<h2>Najbardziej efektywne wykorzystanie<\/h2>\n<p>Najlepsz\u0105 odmian\u0105 do stosowania rano i w ci\u0105gu dnia jest Tangie Bubble Hash. Jej tradycyjne dzia\u0142anie oparte na kwiatach Sativa jest idealne do utrzymania przytomno\u015bci i czujno\u015bci podczas pracy nad zadaniem. Tangie Bubble Hash daje pot\u0119\u017cny przyp\u0142yw energii, ale nie powoduje zawrot\u00f3w g\u0142owy. Po pierwszym wdechu przez cia\u0142o zaczyna przep\u0142ywa\u0107 fala podnosz\u0105cej na duchu energii! Ta wibracja wkr\u00f3tce zniknie, a ty zostaniesz otoczony przez zdeterminowany i skoncentrowany spos\u00f3b my\u015blenia. Tangie jest znana z promowania kreatywno\u015bci i pobudzania pomys\u0142\u00f3w. Je\u015bli chcesz pozby\u0107 si\u0119 wyczerpania i depresji, wypr\u00f3buj Tangie Bubble Hash. Jak wspomniano wcze\u015bniej, zalecamy dzielenie si\u0119 marihuan\u0105 Tangie z przyjacielem, aby ka\u017cdy m\u00f3g\u0142 do\u015bwiadczy\u0107 jej niesamowicie podnosz\u0105cych na duchu i przyjemnych efekt\u00f3w. Bez w\u0105tpienia towarzyszy\u0107 temu b\u0119d\u0105 chichoty.<\/p>\n<h3>Smak<\/h3>\n<p>Tangie Bubble Hash to smaczna i zabawna odmiana marihuany! Cytrusy, mandarynka i odrobina oleju nap\u0119dowego ta\u0144cz\u0105 razem, tworz\u0105c kombinacj\u0119 smakow\u0105 niepor\u00f3wnywaln\u0105 z \u017cadn\u0105 inn\u0105. Cytrusowe nuty i pikantny smak tej odmiany natychmiast wyczuwalne s\u0105 na j\u0119zyku i w m\u00f3zgu przy pierwszym spr\u00f3bowaniu. Pyszny mandarynkowy smak zaczyna kusi\u0107 kubki smakowe w miar\u0119 nabierania powietrza. Sesja palenia ko\u0144czy si\u0119 wilgotnym, ale lekko przypominaj\u0105cym olej nap\u0119dowy smakiem. Kwaskowato\u015b\u0107 cytrus\u00f3w i owoc\u00f3w jest r\u00f3wnowa\u017cona przez smak oleju nap\u0119dowego, dzi\u0119ki czemu te trzy smaki harmonijnie si\u0119 \u0142\u0105cz\u0105.<\/p>","protected":false},"excerpt":{"rendered":"<p>Tangie Hash is een populaire Sativa-soort die sterke highs en prachtige ervaringen biedt. Sinds het midden van de jaren negentig is marihuana, bekend als Tangie, ontwikkeld uit de bekende Tangerine Dream-soort. Een beetje Tangerine Dream-cannabis werd door Space Farms gecombineerd met de heerlijke en vochtige Skunk #1-soort om een geweldige Sativa te produceren die anders&#8230;<\/p>","protected":false},"featured_media":1474,"comment_status":"open","ping_status":"closed","template":"","meta":{"_kad_post_transparent":"default","_kad_post_title":"","_kad_post_layout":"default","_kad_post_sidebar_id":"","_kad_post_content_style":"default","_kad_post_vertical_padding":"default","_kad_post_feature":"","_kad_post_feature_position":"","_kad_post_header":false,"_kad_post_footer":false,"_joinchat":[]},"product_cat":[31],"product_tag":[],"class_list":["post-1369","product","type-product","status-publish","has-post-thumbnail","hentry","product_cat-hasj","entry","content-bg","loop-entry"],"yoast_head":"<!-- This site is optimized with the Yoast SEO plugin v26.3 - https:\/\/yoast.com\/wordpress\/plugins\/seo\/ -->\n<title>Tangie Hash - Wiet Koop Winkel<\/title>\n<meta name=\"robots\" content=\"index, follow, max-snippet:-1, max-image-preview:large, max-video-preview:-1\" \/>\n<link rel=\"canonical\" href=\"https:\/\/wietkoopwinkel.com\/pl\/produkt\/tangie-hash\/\" \/>\n<meta property=\"og:locale\" content=\"pl_PL\" \/>\n<meta property=\"og:type\" content=\"article\" \/>\n<meta property=\"og:title\" content=\"Tangie Hash - Wiet Koop Winkel\" \/>\n<meta property=\"og:description\" content=\"Tangie Hash is een populaire Sativa-soort die sterke highs en prachtige ervaringen biedt. Sinds het midden van de jaren negentig is marihuana, bekend als Tangie, ontwikkeld uit de bekende Tangerine Dream-soort. Een beetje Tangerine Dream-cannabis werd door Space Farms gecombineerd met de heerlijke en vochtige Skunk #1-soort om een geweldige Sativa te produceren die anders...\" \/>\n<meta property=\"og:url\" content=\"https:\/\/wietkoopwinkel.com\/pl\/produkt\/tangie-hash\/\" \/>\n<meta property=\"og:site_name\" content=\"Wiet Koop Winkel\" \/>\n<meta property=\"article:modified_time\" content=\"2024-01-03T11:22:03+00:00\" \/>\n<meta property=\"og:image\" content=\"https:\/\/wietkoopwinkel.com\/wp-content\/uploads\/2023\/09\/Tangie-Hash-1.jpg\" \/>\n\t<meta property=\"og:image:width\" content=\"600\" \/>\n\t<meta property=\"og:image:height\" content=\"600\" \/>\n\t<meta property=\"og:image:type\" content=\"image\/jpeg\" \/>\n<meta name=\"twitter:card\" content=\"summary_large_image\" \/>\n<meta name=\"twitter:label1\" content=\"Szacowany czas czytania\" \/>\n\t<meta name=\"twitter:data1\" content=\"2 minuty\" \/>\n<script type=\"application\/ld+json\" class=\"yoast-schema-graph\">{\"@context\":\"https:\/\/schema.org\",\"@graph\":[{\"@type\":\"WebPage\",\"@id\":\"https:\/\/wietkoopwinkel.com\/product\/tangie-hash\/\",\"url\":\"https:\/\/wietkoopwinkel.com\/product\/tangie-hash\/\",\"name\":\"Tangie Hash - Wiet Koop Winkel\",\"isPartOf\":{\"@id\":\"https:\/\/wietkoopwinkel.com\/#website\"},\"primaryImageOfPage\":{\"@id\":\"https:\/\/wietkoopwinkel.com\/product\/tangie-hash\/#primaryimage\"},\"image\":{\"@id\":\"https:\/\/wietkoopwinkel.com\/product\/tangie-hash\/#primaryimage\"},\"thumbnailUrl\":\"https:\/\/wietkoopwinkel.com\/wp-content\/uploads\/2023\/09\/Tangie-Hash-1.jpg\",\"datePublished\":\"2023-09-30T10:33:33+00:00\",\"dateModified\":\"2024-01-03T11:22:03+00:00\",\"breadcrumb\":{\"@id\":\"https:\/\/wietkoopwinkel.com\/product\/tangie-hash\/#breadcrumb\"},\"inLanguage\":\"pl-PL\",\"potentialAction\":[{\"@type\":\"ReadAction\",\"target\":[\"https:\/\/wietkoopwinkel.com\/product\/tangie-hash\/\"]}]},{\"@type\":\"ImageObject\",\"inLanguage\":\"pl-PL\",\"@id\":\"https:\/\/wietkoopwinkel.com\/product\/tangie-hash\/#primaryimage\",\"url\":\"https:\/\/wietkoopwinkel.com\/wp-content\/uploads\/2023\/09\/Tangie-Hash-1.jpg\",\"contentUrl\":\"https:\/\/wietkoopwinkel.com\/wp-content\/uploads\/2023\/09\/Tangie-Hash-1.jpg\",\"width\":600,\"height\":600,\"caption\":\"Tangie Hash\"},{\"@type\":\"BreadcrumbList\",\"@id\":\"https:\/\/wietkoopwinkel.com\/product\/tangie-hash\/#breadcrumb\",\"itemListElement\":[{\"@type\":\"ListItem\",\"position\":1,\"name\":\"Home\",\"item\":\"https:\/\/wietkoopwinkel.com\/\"},{\"@type\":\"ListItem\",\"position\":2,\"name\":\"Winkel\",\"item\":\"https:\/\/wietkoopwinkel.com\/winkel\/\"},{\"@type\":\"ListItem\",\"position\":3,\"name\":\"Tangie Hash\"}]},{\"@type\":\"WebSite\",\"@id\":\"https:\/\/wietkoopwinkel.com\/#website\",\"url\":\"https:\/\/wietkoopwinkel.com\/\",\"name\":\"Wiet Koop Winkel\",\"description\":\"My WordPress Blog\",\"publisher\":{\"@id\":\"https:\/\/wietkoopwinkel.com\/#organization\"},\"potentialAction\":[{\"@type\":\"SearchAction\",\"target\":{\"@type\":\"EntryPoint\",\"urlTemplate\":\"https:\/\/wietkoopwinkel.com\/?s={search_term_string}\"},\"query-input\":{\"@type\":\"PropertyValueSpecification\",\"valueRequired\":true,\"valueName\":\"search_term_string\"}}],\"inLanguage\":\"pl-PL\"},{\"@type\":\"Organization\",\"@id\":\"https:\/\/wietkoopwinkel.com\/#organization\",\"name\":\"Wiet Koop Winkel\",\"url\":\"https:\/\/wietkoopwinkel.com\/\",\"logo\":{\"@type\":\"ImageObject\",\"inLanguage\":\"pl-PL\",\"@id\":\"https:\/\/wietkoopwinkel.com\/#\/schema\/logo\/image\/\",\"url\":\"https:\/\/wietkoopwinkel.com\/wp-content\/uploads\/2023\/10\/logo.png\",\"contentUrl\":\"https:\/\/wietkoopwinkel.com\/wp-content\/uploads\/2023\/10\/logo.png\",\"width\":400,\"height\":120,\"caption\":\"Wiet Koop Winkel\"},\"image\":{\"@id\":\"https:\/\/wietkoopwinkel.com\/#\/schema\/logo\/image\/\"}}]}<\/script>\n<!-- \/ Yoast SEO plugin. -->","yoast_head_json":{"title":"Tangie Hash - Wiet Koop Winkel","robots":{"index":"index","follow":"follow","max-snippet":"max-snippet:-1","max-image-preview":"max-image-preview:large","max-video-preview":"max-video-preview:-1"},"canonical":"https:\/\/wietkoopwinkel.com\/pl\/produkt\/tangie-hash\/","og_locale":"pl_PL","og_type":"article","og_title":"Tangie Hash - Wiet Koop Winkel","og_description":"Tangie Hash is een populaire Sativa-soort die sterke highs en prachtige ervaringen biedt. Sinds het midden van de jaren negentig is marihuana, bekend als Tangie, ontwikkeld uit de bekende Tangerine Dream-soort. Een beetje Tangerine Dream-cannabis werd door Space Farms gecombineerd met de heerlijke en vochtige Skunk #1-soort om een geweldige Sativa te produceren die anders...","og_url":"https:\/\/wietkoopwinkel.com\/pl\/produkt\/tangie-hash\/","og_site_name":"Wiet Koop Winkel","article_modified_time":"2024-01-03T11:22:03+00:00","og_image":[{"width":600,"height":600,"url":"https:\/\/wietkoopwinkel.com\/wp-content\/uploads\/2023\/09\/Tangie-Hash-1.jpg","type":"image\/jpeg"}],"twitter_card":"summary_large_image","twitter_misc":{"Szacowany czas czytania":"2 minuty"},"schema":{"@context":"https:\/\/schema.org","@graph":[{"@type":"WebPage","@id":"https:\/\/wietkoopwinkel.com\/product\/tangie-hash\/","url":"https:\/\/wietkoopwinkel.com\/product\/tangie-hash\/","name":"Tangie Hash - Wiet Koop Winkel","isPartOf":{"@id":"https:\/\/wietkoopwinkel.com\/#website"},"primaryImageOfPage":{"@id":"https:\/\/wietkoopwinkel.com\/product\/tangie-hash\/#primaryimage"},"image":{"@id":"https:\/\/wietkoopwinkel.com\/product\/tangie-hash\/#primaryimage"},"thumbnailUrl":"https:\/\/wietkoopwinkel.com\/wp-content\/uploads\/2023\/09\/Tangie-Hash-1.jpg","datePublished":"2023-09-30T10:33:33+00:00","dateModified":"2024-01-03T11:22:03+00:00","breadcrumb":{"@id":"https:\/\/wietkoopwinkel.com\/product\/tangie-hash\/#breadcrumb"},"inLanguage":"pl-PL","potentialAction":[{"@type":"ReadAction","target":["https:\/\/wietkoopwinkel.com\/product\/tangie-hash\/"]}]},{"@type":"ImageObject","inLanguage":"pl-PL","@id":"https:\/\/wietkoopwinkel.com\/product\/tangie-hash\/#primaryimage","url":"https:\/\/wietkoopwinkel.com\/wp-content\/uploads\/2023\/09\/Tangie-Hash-1.jpg","contentUrl":"https:\/\/wietkoopwinkel.com\/wp-content\/uploads\/2023\/09\/Tangie-Hash-1.jpg","width":600,"height":600,"caption":"Tangie Hash"},{"@type":"BreadcrumbList","@id":"https:\/\/wietkoopwinkel.com\/product\/tangie-hash\/#breadcrumb","itemListElement":[{"@type":"ListItem","position":1,"name":"Home","item":"https:\/\/wietkoopwinkel.com\/"},{"@type":"ListItem","position":2,"name":"Winkel","item":"https:\/\/wietkoopwinkel.com\/winkel\/"},{"@type":"ListItem","position":3,"name":"Tangie Hash"}]},{"@type":"WebSite","@id":"https:\/\/wietkoopwinkel.com\/#website","url":"https:\/\/wietkoopwinkel.com\/","name":"Wiet Koop Winkel","description":"My WordPress Blog","publisher":{"@id":"https:\/\/wietkoopwinkel.com\/#organization"},"potentialAction":[{"@type":"SearchAction","target":{"@type":"EntryPoint","urlTemplate":"https:\/\/wietkoopwinkel.com\/?s={search_term_string}"},"query-input":{"@type":"PropertyValueSpecification","valueRequired":true,"valueName":"search_term_string"}}],"inLanguage":"pl-PL"},{"@type":"Organization","@id":"https:\/\/wietkoopwinkel.com\/#organization","name":"Wiet Koop Winkel","url":"https:\/\/wietkoopwinkel.com\/","logo":{"@type":"ImageObject","inLanguage":"pl-PL","@id":"https:\/\/wietkoopwinkel.com\/#\/schema\/logo\/image\/","url":"https:\/\/wietkoopwinkel.com\/wp-content\/uploads\/2023\/10\/logo.png","contentUrl":"https:\/\/wietkoopwinkel.com\/wp-content\/uploads\/2023\/10\/logo.png","width":400,"height":120,"caption":"Wiet Koop Winkel"},"image":{"@id":"https:\/\/wietkoopwinkel.com\/#\/schema\/logo\/image\/"}}]}},"_links":{"self":[{"href":"https:\/\/wietkoopwinkel.com\/pl\/wp-json\/wp\/v2\/product\/1369","targetHints":{"allow":["GET"]}}],"collection":[{"href":"https:\/\/wietkoopwinkel.com\/pl\/wp-json\/wp\/v2\/product"}],"about":[{"href":"https:\/\/wietkoopwinkel.com\/pl\/wp-json\/wp\/v2\/types\/product"}],"replies":[{"embeddable":true,"href":"https:\/\/wietkoopwinkel.com\/pl\/wp-json\/wp\/v2\/comments?post=1369"}],"wp:featuredmedia":[{"embeddable":true,"href":"https:\/\/wietkoopwinkel.com\/pl\/wp-json\/wp\/v2\/media\/1474"}],"wp:attachment":[{"href":"https:\/\/wietkoopwinkel.com\/pl\/wp-json\/wp\/v2\/media?parent=1369"}],"wp:term":[{"taxonomy":"product_cat","embeddable":true,"href":"https:\/\/wietkoopwinkel.com\/pl\/wp-json\/wp\/v2\/product_cat?post=1369"},{"taxonomy":"product_tag","embeddable":true,"href":"https:\/\/wietkoopwinkel.com\/pl\/wp-json\/wp\/v2\/product_tag?post=1369"}],"curies":[{"name":"wp","href":"https:\/\/api.w.org\/{rel}","templated":true}]}}