{"id":1367,"date":"2023-09-30T10:33:33","date_gmt":"2023-09-30T10:33:33","guid":{"rendered":"https:\/\/nembutalhouse.com\/weed\/?post_type=product&#038;p=1367"},"modified":"2024-03-28T23:26:52","modified_gmt":"2024-03-28T23:26:52","slug":"moraccan-hash","status":"publish","type":"product","link":"https:\/\/wietkoopwinkel.com\/pl\/produkt\/moraccan-hash\/","title":{"rendered":"Moraccan Hash"},"content":{"rendered":"<h2>Staro\u017cytna medycyna Afryki P\u00f3\u0142nocnej<\/h2>\n<p>Maroka\u0144ski haszysz to cenny, ukryty klejnot ceniony przez fan\u00f3w konopi na ca\u0142ym \u015bwiecie, ukryty g\u0142\u0119boko w magicznych krainach Afryki P\u00f3\u0142nocnej. Ten szanowany koncentrat konopi indyjskich od wiek\u00f3w fascynuje entuzjast\u00f3w dzi\u0119ki swojej d\u0142ugiej historii, konwencjonalnym technikom produkcji i wyj\u0105tkowej mocy. W tym artykule na blogu zag\u0142\u0119biamy si\u0119 w intryguj\u0105cy \u015bwiat maroka\u0144skiego haszyszu i poznajemy jego histori\u0119, metody produkcji, znaczenie kulturowe i zastosowanie we wsp\u00f3\u0142czesnym \u017cyciu.<\/p>\n<h3>Jak zacz\u0105\u0142 si\u0119 maroka\u0144ski haszysz<\/h3>\n<p>Haszysz w Maroku ma d\u0142ug\u0105 i barwn\u0105 histori\u0119 si\u0119gaj\u0105c\u0105 czas\u00f3w staro\u017cytnych. Przez tysi\u0105clecia konopie indyjskie (Cannabis sativa) ros\u0142y dziko w ca\u0142ym regionie i uwa\u017ca si\u0119, \u017ce region Maghrebu, kt\u00f3ry obejmuje wsp\u00f3\u0142czesne Maroko, jest miejscem, w kt\u00f3rym po raz pierwszy zacz\u0119to u\u017cywa\u0107 konopi indyjskich jako narkotyku rekreacyjnego i medycznego.<\/p>\n<p>Wczesni hodowcy konopi, kt\u00f3rzy zeskrobywali lepkie trichomy z kwiat\u00f3w i li\u015bci ro\u015bliny, s\u0105 prawdopodobnie \u017ar\u00f3d\u0142em procesu produkcji haszyszu. Procedury te ewoluowa\u0142y z czasem i ostatecznie doprowadzi\u0142y do precyzyjnych technik r\u0119cznego zwijania, stosowanych obecnie przez wyszkolonych rzemie\u015blnik\u00f3w.<\/p>","protected":false},"excerpt":{"rendered":"<p>Het eeuwenoude geneesmiddel van Noord-Afrika Marokkaanse hasj is een waardevol verborgen juweeltje dat gewaardeerd wordt door cannabisfans over de hele wereld en zich diep verbergt in de magische landen van Noord-Afrika. Dit gerespecteerde cannabisconcentraat fascineert liefhebbers al eeuwenlang dankzij zijn lange geschiedenis, conventionele productietechnieken en onderscheidende kracht. In dit blogartikel duiken we in de intrigerende&#8230;<\/p>","protected":false},"featured_media":1473,"comment_status":"open","ping_status":"closed","template":"","meta":{"_kad_post_transparent":"default","_kad_post_title":"","_kad_post_layout":"default","_kad_post_sidebar_id":"","_kad_post_content_style":"default","_kad_post_vertical_padding":"default","_kad_post_feature":"","_kad_post_feature_position":"","_kad_post_header":false,"_kad_post_footer":false,"_joinchat":[]},"product_cat":[31],"product_tag":[],"class_list":["post-1367","product","type-product","status-publish","has-post-thumbnail","hentry","product_cat-hasj","entry","content-bg","loop-entry"],"yoast_head":"<!-- This site is optimized with the Yoast SEO plugin v26.3 - https:\/\/yoast.com\/wordpress\/plugins\/seo\/ -->\n<title>Moraccan Hash - Wiet Koop Winkel<\/title>\n<meta name=\"robots\" content=\"index, follow, max-snippet:-1, max-image-preview:large, max-video-preview:-1\" \/>\n<link rel=\"canonical\" href=\"https:\/\/wietkoopwinkel.com\/pl\/produkt\/moraccan-hash\/\" \/>\n<meta property=\"og:locale\" content=\"pl_PL\" \/>\n<meta property=\"og:type\" content=\"article\" \/>\n<meta property=\"og:title\" content=\"Moraccan Hash - Wiet Koop Winkel\" \/>\n<meta property=\"og:description\" content=\"Het eeuwenoude geneesmiddel van Noord-Afrika Marokkaanse hasj is een waardevol verborgen juweeltje dat gewaardeerd wordt door cannabisfans over de hele wereld en zich diep verbergt in de magische landen van Noord-Afrika. Dit gerespecteerde cannabisconcentraat fascineert liefhebbers al eeuwenlang dankzij zijn lange geschiedenis, conventionele productietechnieken en onderscheidende kracht. In dit blogartikel duiken we in de intrigerende...\" \/>\n<meta property=\"og:url\" content=\"https:\/\/wietkoopwinkel.com\/pl\/produkt\/moraccan-hash\/\" \/>\n<meta property=\"og:site_name\" content=\"Wiet Koop Winkel\" \/>\n<meta property=\"article:modified_time\" content=\"2024-03-28T23:26:52+00:00\" \/>\n<meta property=\"og:image\" content=\"https:\/\/wietkoopwinkel.com\/wp-content\/uploads\/2023\/09\/Moraccan-Hash-1.jpg\" \/>\n\t<meta property=\"og:image:width\" content=\"600\" \/>\n\t<meta property=\"og:image:height\" content=\"600\" \/>\n\t<meta property=\"og:image:type\" content=\"image\/jpeg\" \/>\n<meta name=\"twitter:card\" content=\"summary_large_image\" \/>\n<meta name=\"twitter:label1\" content=\"Szacowany czas czytania\" \/>\n\t<meta name=\"twitter:data1\" content=\"1 minuta\" \/>\n<script type=\"application\/ld+json\" class=\"yoast-schema-graph\">{\"@context\":\"https:\/\/schema.org\",\"@graph\":[{\"@type\":\"WebPage\",\"@id\":\"https:\/\/wietkoopwinkel.com\/product\/moraccan-hash\/\",\"url\":\"https:\/\/wietkoopwinkel.com\/product\/moraccan-hash\/\",\"name\":\"Moraccan Hash - Wiet Koop Winkel\",\"isPartOf\":{\"@id\":\"https:\/\/wietkoopwinkel.com\/#website\"},\"primaryImageOfPage\":{\"@id\":\"https:\/\/wietkoopwinkel.com\/product\/moraccan-hash\/#primaryimage\"},\"image\":{\"@id\":\"https:\/\/wietkoopwinkel.com\/product\/moraccan-hash\/#primaryimage\"},\"thumbnailUrl\":\"https:\/\/wietkoopwinkel.com\/wp-content\/uploads\/2023\/09\/Moraccan-Hash-1.jpg\",\"datePublished\":\"2023-09-30T10:33:33+00:00\",\"dateModified\":\"2024-03-28T23:26:52+00:00\",\"breadcrumb\":{\"@id\":\"https:\/\/wietkoopwinkel.com\/product\/moraccan-hash\/#breadcrumb\"},\"inLanguage\":\"pl-PL\",\"potentialAction\":[{\"@type\":\"ReadAction\",\"target\":[\"https:\/\/wietkoopwinkel.com\/product\/moraccan-hash\/\"]}]},{\"@type\":\"ImageObject\",\"inLanguage\":\"pl-PL\",\"@id\":\"https:\/\/wietkoopwinkel.com\/product\/moraccan-hash\/#primaryimage\",\"url\":\"https:\/\/wietkoopwinkel.com\/wp-content\/uploads\/2023\/09\/Moraccan-Hash-1.jpg\",\"contentUrl\":\"https:\/\/wietkoopwinkel.com\/wp-content\/uploads\/2023\/09\/Moraccan-Hash-1.jpg\",\"width\":600,\"height\":600,\"caption\":\"Moraccan Hash\"},{\"@type\":\"BreadcrumbList\",\"@id\":\"https:\/\/wietkoopwinkel.com\/product\/moraccan-hash\/#breadcrumb\",\"itemListElement\":[{\"@type\":\"ListItem\",\"position\":1,\"name\":\"Home\",\"item\":\"https:\/\/wietkoopwinkel.com\/\"},{\"@type\":\"ListItem\",\"position\":2,\"name\":\"Winkel\",\"item\":\"https:\/\/wietkoopwinkel.com\/winkel\/\"},{\"@type\":\"ListItem\",\"position\":3,\"name\":\"Moraccan Hash\"}]},{\"@type\":\"WebSite\",\"@id\":\"https:\/\/wietkoopwinkel.com\/#website\",\"url\":\"https:\/\/wietkoopwinkel.com\/\",\"name\":\"Wiet Koop Winkel\",\"description\":\"My WordPress Blog\",\"publisher\":{\"@id\":\"https:\/\/wietkoopwinkel.com\/#organization\"},\"potentialAction\":[{\"@type\":\"SearchAction\",\"target\":{\"@type\":\"EntryPoint\",\"urlTemplate\":\"https:\/\/wietkoopwinkel.com\/?s={search_term_string}\"},\"query-input\":{\"@type\":\"PropertyValueSpecification\",\"valueRequired\":true,\"valueName\":\"search_term_string\"}}],\"inLanguage\":\"pl-PL\"},{\"@type\":\"Organization\",\"@id\":\"https:\/\/wietkoopwinkel.com\/#organization\",\"name\":\"Wiet Koop Winkel\",\"url\":\"https:\/\/wietkoopwinkel.com\/\",\"logo\":{\"@type\":\"ImageObject\",\"inLanguage\":\"pl-PL\",\"@id\":\"https:\/\/wietkoopwinkel.com\/#\/schema\/logo\/image\/\",\"url\":\"https:\/\/wietkoopwinkel.com\/wp-content\/uploads\/2023\/10\/logo.png\",\"contentUrl\":\"https:\/\/wietkoopwinkel.com\/wp-content\/uploads\/2023\/10\/logo.png\",\"width\":400,\"height\":120,\"caption\":\"Wiet Koop Winkel\"},\"image\":{\"@id\":\"https:\/\/wietkoopwinkel.com\/#\/schema\/logo\/image\/\"}}]}<\/script>\n<!-- \/ Yoast SEO plugin. -->","yoast_head_json":{"title":"Moraccan Hash - Wiet Koop Winkel","robots":{"index":"index","follow":"follow","max-snippet":"max-snippet:-1","max-image-preview":"max-image-preview:large","max-video-preview":"max-video-preview:-1"},"canonical":"https:\/\/wietkoopwinkel.com\/pl\/produkt\/moraccan-hash\/","og_locale":"pl_PL","og_type":"article","og_title":"Moraccan Hash - Wiet Koop Winkel","og_description":"Het eeuwenoude geneesmiddel van Noord-Afrika Marokkaanse hasj is een waardevol verborgen juweeltje dat gewaardeerd wordt door cannabisfans over de hele wereld en zich diep verbergt in de magische landen van Noord-Afrika. Dit gerespecteerde cannabisconcentraat fascineert liefhebbers al eeuwenlang dankzij zijn lange geschiedenis, conventionele productietechnieken en onderscheidende kracht. In dit blogartikel duiken we in de intrigerende...","og_url":"https:\/\/wietkoopwinkel.com\/pl\/produkt\/moraccan-hash\/","og_site_name":"Wiet Koop Winkel","article_modified_time":"2024-03-28T23:26:52+00:00","og_image":[{"width":600,"height":600,"url":"https:\/\/wietkoopwinkel.com\/wp-content\/uploads\/2023\/09\/Moraccan-Hash-1.jpg","type":"image\/jpeg"}],"twitter_card":"summary_large_image","twitter_misc":{"Szacowany czas czytania":"1 minuta"},"schema":{"@context":"https:\/\/schema.org","@graph":[{"@type":"WebPage","@id":"https:\/\/wietkoopwinkel.com\/product\/moraccan-hash\/","url":"https:\/\/wietkoopwinkel.com\/product\/moraccan-hash\/","name":"Moraccan Hash - Wiet Koop Winkel","isPartOf":{"@id":"https:\/\/wietkoopwinkel.com\/#website"},"primaryImageOfPage":{"@id":"https:\/\/wietkoopwinkel.com\/product\/moraccan-hash\/#primaryimage"},"image":{"@id":"https:\/\/wietkoopwinkel.com\/product\/moraccan-hash\/#primaryimage"},"thumbnailUrl":"https:\/\/wietkoopwinkel.com\/wp-content\/uploads\/2023\/09\/Moraccan-Hash-1.jpg","datePublished":"2023-09-30T10:33:33+00:00","dateModified":"2024-03-28T23:26:52+00:00","breadcrumb":{"@id":"https:\/\/wietkoopwinkel.com\/product\/moraccan-hash\/#breadcrumb"},"inLanguage":"pl-PL","potentialAction":[{"@type":"ReadAction","target":["https:\/\/wietkoopwinkel.com\/product\/moraccan-hash\/"]}]},{"@type":"ImageObject","inLanguage":"pl-PL","@id":"https:\/\/wietkoopwinkel.com\/product\/moraccan-hash\/#primaryimage","url":"https:\/\/wietkoopwinkel.com\/wp-content\/uploads\/2023\/09\/Moraccan-Hash-1.jpg","contentUrl":"https:\/\/wietkoopwinkel.com\/wp-content\/uploads\/2023\/09\/Moraccan-Hash-1.jpg","width":600,"height":600,"caption":"Moraccan Hash"},{"@type":"BreadcrumbList","@id":"https:\/\/wietkoopwinkel.com\/product\/moraccan-hash\/#breadcrumb","itemListElement":[{"@type":"ListItem","position":1,"name":"Home","item":"https:\/\/wietkoopwinkel.com\/"},{"@type":"ListItem","position":2,"name":"Winkel","item":"https:\/\/wietkoopwinkel.com\/winkel\/"},{"@type":"ListItem","position":3,"name":"Moraccan Hash"}]},{"@type":"WebSite","@id":"https:\/\/wietkoopwinkel.com\/#website","url":"https:\/\/wietkoopwinkel.com\/","name":"Wiet Koop Winkel","description":"My WordPress Blog","publisher":{"@id":"https:\/\/wietkoopwinkel.com\/#organization"},"potentialAction":[{"@type":"SearchAction","target":{"@type":"EntryPoint","urlTemplate":"https:\/\/wietkoopwinkel.com\/?s={search_term_string}"},"query-input":{"@type":"PropertyValueSpecification","valueRequired":true,"valueName":"search_term_string"}}],"inLanguage":"pl-PL"},{"@type":"Organization","@id":"https:\/\/wietkoopwinkel.com\/#organization","name":"Wiet Koop Winkel","url":"https:\/\/wietkoopwinkel.com\/","logo":{"@type":"ImageObject","inLanguage":"pl-PL","@id":"https:\/\/wietkoopwinkel.com\/#\/schema\/logo\/image\/","url":"https:\/\/wietkoopwinkel.com\/wp-content\/uploads\/2023\/10\/logo.png","contentUrl":"https:\/\/wietkoopwinkel.com\/wp-content\/uploads\/2023\/10\/logo.png","width":400,"height":120,"caption":"Wiet Koop Winkel"},"image":{"@id":"https:\/\/wietkoopwinkel.com\/#\/schema\/logo\/image\/"}}]}},"_links":{"self":[{"href":"https:\/\/wietkoopwinkel.com\/pl\/wp-json\/wp\/v2\/product\/1367","targetHints":{"allow":["GET"]}}],"collection":[{"href":"https:\/\/wietkoopwinkel.com\/pl\/wp-json\/wp\/v2\/product"}],"about":[{"href":"https:\/\/wietkoopwinkel.com\/pl\/wp-json\/wp\/v2\/types\/product"}],"replies":[{"embeddable":true,"href":"https:\/\/wietkoopwinkel.com\/pl\/wp-json\/wp\/v2\/comments?post=1367"}],"wp:featuredmedia":[{"embeddable":true,"href":"https:\/\/wietkoopwinkel.com\/pl\/wp-json\/wp\/v2\/media\/1473"}],"wp:attachment":[{"href":"https:\/\/wietkoopwinkel.com\/pl\/wp-json\/wp\/v2\/media?parent=1367"}],"wp:term":[{"taxonomy":"product_cat","embeddable":true,"href":"https:\/\/wietkoopwinkel.com\/pl\/wp-json\/wp\/v2\/product_cat?post=1367"},{"taxonomy":"product_tag","embeddable":true,"href":"https:\/\/wietkoopwinkel.com\/pl\/wp-json\/wp\/v2\/product_tag?post=1367"}],"curies":[{"name":"wp","href":"https:\/\/api.w.org\/{rel}","templated":true}]}}