{"id":1346,"date":"2023-09-30T10:17:52","date_gmt":"2023-09-30T10:17:52","guid":{"rendered":"https:\/\/nembutalhouse.com\/weed\/?post_type=product&#038;p=1346"},"modified":"2024-01-03T11:04:33","modified_gmt":"2024-01-03T11:04:33","slug":"rolex-hash","status":"publish","type":"product","link":"https:\/\/wietkoopwinkel.com\/pl\/produkt\/rolex-hash\/","title":{"rendered":"Rolex Hash"},"content":{"rendered":"<h2>Kup hasztag Rolex<\/h2>\n<p>Poznaj Rolex 2023 Hash, kolejny krajowy haszysz premium. W por\u00f3wnaniu z konwencjonalnymi wersjami, wiele domowych haszyszy ma charakterystyczny skr\u0119t. Dzieje si\u0119 tak, poniewa\u017c wi\u0119kszo\u015b\u0107 domowego haszyszu jest podgrzewana i prasowana pod ci\u015bnieniem, tworz\u0105c gi\u0119tki, trwa\u0142y produkt, kt\u00f3ry jest \u0142atwy w obs\u0142udze. Punktem wyj\u015bcia s\u0105 dopiero co zebrane i zamro\u017cone kwiaty Indica. Skrupulatnie zbieramy i oddzielamy zamro\u017cone trichomy THC od niechcianego materia\u0142u ro\u015blinnego. Po sprasowaniu, trichomy te s\u0105 zamykane wysokiej jako\u015bci plomb\u0105.<\/p>\n<p>Kamienie z czystym THC s\u0105 nast\u0119pnie starannie suszone w idealnych warunkach, tworz\u0105c mocne, ziemiste smaki i wyj\u0105tkowo g\u0142adkie doznania podczas palenia. Profil terpenowy Rolex 2023 Hash jest podobny do dobrze znanych odmian z Zachodniego Wybrze\u017ca, takich jak BC Kush, Master Kush i Rockstar. Koneserzy b\u0119d\u0105 cieszy\u0107 si\u0119 pieprznym uderzeniem i delikatnymi kwiatowymi nutami silnych terpen\u00f3w kariofilenowych<\/p>","protected":false},"excerpt":{"rendered":"<p>Rolex hasj kopen Maak kennis met Rolex 2023 Hash, nog een premium binnenlandse hasj. Vergeleken met conventionele versies hebben veel huishashes een onderscheidende twist. Dit komt omdat het merendeel van de binnenlandse hasj wordt verwarmd en onder druk wordt geperst, waardoor een buigzaam, duurzaam product ontstaat dat eenvoudig te hanteren is. Indicabloemen die net zijn&#8230;<\/p>","protected":false},"featured_media":1468,"comment_status":"open","ping_status":"closed","template":"","meta":{"_kad_post_transparent":"default","_kad_post_title":"","_kad_post_layout":"default","_kad_post_sidebar_id":"","_kad_post_content_style":"default","_kad_post_vertical_padding":"default","_kad_post_feature":"","_kad_post_feature_position":"","_kad_post_header":false,"_kad_post_footer":false,"_joinchat":[]},"product_cat":[31],"product_tag":[],"class_list":["post-1346","product","type-product","status-publish","has-post-thumbnail","hentry","product_cat-hasj","entry","content-bg","loop-entry"],"yoast_head":"<!-- This site is optimized with the Yoast SEO plugin v26.3 - https:\/\/yoast.com\/wordpress\/plugins\/seo\/ -->\n<title>Rolex Hash - Wiet Koop Winkel<\/title>\n<meta name=\"robots\" content=\"index, follow, max-snippet:-1, max-image-preview:large, max-video-preview:-1\" \/>\n<link rel=\"canonical\" href=\"https:\/\/wietkoopwinkel.com\/pl\/produkt\/rolex-hash\/\" \/>\n<meta property=\"og:locale\" content=\"pl_PL\" \/>\n<meta property=\"og:type\" content=\"article\" \/>\n<meta property=\"og:title\" content=\"Rolex Hash - Wiet Koop Winkel\" \/>\n<meta property=\"og:description\" content=\"Rolex hasj kopen Maak kennis met Rolex 2023 Hash, nog een premium binnenlandse hasj. Vergeleken met conventionele versies hebben veel huishashes een onderscheidende twist. Dit komt omdat het merendeel van de binnenlandse hasj wordt verwarmd en onder druk wordt geperst, waardoor een buigzaam, duurzaam product ontstaat dat eenvoudig te hanteren is. Indicabloemen die net zijn...\" \/>\n<meta property=\"og:url\" content=\"https:\/\/wietkoopwinkel.com\/pl\/produkt\/rolex-hash\/\" \/>\n<meta property=\"og:site_name\" content=\"Wiet Koop Winkel\" \/>\n<meta property=\"article:modified_time\" content=\"2024-01-03T11:04:33+00:00\" \/>\n<meta property=\"og:image\" content=\"https:\/\/wietkoopwinkel.com\/wp-content\/uploads\/2023\/09\/Rolex-Hash-1.jpg\" \/>\n\t<meta property=\"og:image:width\" content=\"600\" \/>\n\t<meta property=\"og:image:height\" content=\"600\" \/>\n\t<meta property=\"og:image:type\" content=\"image\/jpeg\" \/>\n<meta name=\"twitter:card\" content=\"summary_large_image\" \/>\n<meta name=\"twitter:label1\" content=\"Szacowany czas czytania\" \/>\n\t<meta name=\"twitter:data1\" content=\"1 minuta\" \/>\n<script type=\"application\/ld+json\" class=\"yoast-schema-graph\">{\"@context\":\"https:\/\/schema.org\",\"@graph\":[{\"@type\":\"WebPage\",\"@id\":\"https:\/\/wietkoopwinkel.com\/product\/rolex-hash\/\",\"url\":\"https:\/\/wietkoopwinkel.com\/product\/rolex-hash\/\",\"name\":\"Rolex Hash - Wiet Koop Winkel\",\"isPartOf\":{\"@id\":\"https:\/\/wietkoopwinkel.com\/#website\"},\"primaryImageOfPage\":{\"@id\":\"https:\/\/wietkoopwinkel.com\/product\/rolex-hash\/#primaryimage\"},\"image\":{\"@id\":\"https:\/\/wietkoopwinkel.com\/product\/rolex-hash\/#primaryimage\"},\"thumbnailUrl\":\"https:\/\/wietkoopwinkel.com\/wp-content\/uploads\/2023\/09\/Rolex-Hash-1.jpg\",\"datePublished\":\"2023-09-30T10:17:52+00:00\",\"dateModified\":\"2024-01-03T11:04:33+00:00\",\"breadcrumb\":{\"@id\":\"https:\/\/wietkoopwinkel.com\/product\/rolex-hash\/#breadcrumb\"},\"inLanguage\":\"pl-PL\",\"potentialAction\":[{\"@type\":\"ReadAction\",\"target\":[\"https:\/\/wietkoopwinkel.com\/product\/rolex-hash\/\"]}]},{\"@type\":\"ImageObject\",\"inLanguage\":\"pl-PL\",\"@id\":\"https:\/\/wietkoopwinkel.com\/product\/rolex-hash\/#primaryimage\",\"url\":\"https:\/\/wietkoopwinkel.com\/wp-content\/uploads\/2023\/09\/Rolex-Hash-1.jpg\",\"contentUrl\":\"https:\/\/wietkoopwinkel.com\/wp-content\/uploads\/2023\/09\/Rolex-Hash-1.jpg\",\"width\":600,\"height\":600,\"caption\":\"Rolex Hash\"},{\"@type\":\"BreadcrumbList\",\"@id\":\"https:\/\/wietkoopwinkel.com\/product\/rolex-hash\/#breadcrumb\",\"itemListElement\":[{\"@type\":\"ListItem\",\"position\":1,\"name\":\"Home\",\"item\":\"https:\/\/wietkoopwinkel.com\/\"},{\"@type\":\"ListItem\",\"position\":2,\"name\":\"Winkel\",\"item\":\"https:\/\/wietkoopwinkel.com\/winkel\/\"},{\"@type\":\"ListItem\",\"position\":3,\"name\":\"Rolex Hash\"}]},{\"@type\":\"WebSite\",\"@id\":\"https:\/\/wietkoopwinkel.com\/#website\",\"url\":\"https:\/\/wietkoopwinkel.com\/\",\"name\":\"Wiet Koop Winkel\",\"description\":\"My WordPress Blog\",\"publisher\":{\"@id\":\"https:\/\/wietkoopwinkel.com\/#organization\"},\"potentialAction\":[{\"@type\":\"SearchAction\",\"target\":{\"@type\":\"EntryPoint\",\"urlTemplate\":\"https:\/\/wietkoopwinkel.com\/?s={search_term_string}\"},\"query-input\":{\"@type\":\"PropertyValueSpecification\",\"valueRequired\":true,\"valueName\":\"search_term_string\"}}],\"inLanguage\":\"pl-PL\"},{\"@type\":\"Organization\",\"@id\":\"https:\/\/wietkoopwinkel.com\/#organization\",\"name\":\"Wiet Koop Winkel\",\"url\":\"https:\/\/wietkoopwinkel.com\/\",\"logo\":{\"@type\":\"ImageObject\",\"inLanguage\":\"pl-PL\",\"@id\":\"https:\/\/wietkoopwinkel.com\/#\/schema\/logo\/image\/\",\"url\":\"https:\/\/wietkoopwinkel.com\/wp-content\/uploads\/2023\/10\/logo.png\",\"contentUrl\":\"https:\/\/wietkoopwinkel.com\/wp-content\/uploads\/2023\/10\/logo.png\",\"width\":400,\"height\":120,\"caption\":\"Wiet Koop Winkel\"},\"image\":{\"@id\":\"https:\/\/wietkoopwinkel.com\/#\/schema\/logo\/image\/\"}}]}<\/script>\n<!-- \/ Yoast SEO plugin. -->","yoast_head_json":{"title":"Rolex Hash - Wiet Koop Winkel","robots":{"index":"index","follow":"follow","max-snippet":"max-snippet:-1","max-image-preview":"max-image-preview:large","max-video-preview":"max-video-preview:-1"},"canonical":"https:\/\/wietkoopwinkel.com\/pl\/produkt\/rolex-hash\/","og_locale":"pl_PL","og_type":"article","og_title":"Rolex Hash - Wiet Koop Winkel","og_description":"Rolex hasj kopen Maak kennis met Rolex 2023 Hash, nog een premium binnenlandse hasj. Vergeleken met conventionele versies hebben veel huishashes een onderscheidende twist. Dit komt omdat het merendeel van de binnenlandse hasj wordt verwarmd en onder druk wordt geperst, waardoor een buigzaam, duurzaam product ontstaat dat eenvoudig te hanteren is. Indicabloemen die net zijn...","og_url":"https:\/\/wietkoopwinkel.com\/pl\/produkt\/rolex-hash\/","og_site_name":"Wiet Koop Winkel","article_modified_time":"2024-01-03T11:04:33+00:00","og_image":[{"width":600,"height":600,"url":"https:\/\/wietkoopwinkel.com\/wp-content\/uploads\/2023\/09\/Rolex-Hash-1.jpg","type":"image\/jpeg"}],"twitter_card":"summary_large_image","twitter_misc":{"Szacowany czas czytania":"1 minuta"},"schema":{"@context":"https:\/\/schema.org","@graph":[{"@type":"WebPage","@id":"https:\/\/wietkoopwinkel.com\/product\/rolex-hash\/","url":"https:\/\/wietkoopwinkel.com\/product\/rolex-hash\/","name":"Rolex Hash - Wiet Koop Winkel","isPartOf":{"@id":"https:\/\/wietkoopwinkel.com\/#website"},"primaryImageOfPage":{"@id":"https:\/\/wietkoopwinkel.com\/product\/rolex-hash\/#primaryimage"},"image":{"@id":"https:\/\/wietkoopwinkel.com\/product\/rolex-hash\/#primaryimage"},"thumbnailUrl":"https:\/\/wietkoopwinkel.com\/wp-content\/uploads\/2023\/09\/Rolex-Hash-1.jpg","datePublished":"2023-09-30T10:17:52+00:00","dateModified":"2024-01-03T11:04:33+00:00","breadcrumb":{"@id":"https:\/\/wietkoopwinkel.com\/product\/rolex-hash\/#breadcrumb"},"inLanguage":"pl-PL","potentialAction":[{"@type":"ReadAction","target":["https:\/\/wietkoopwinkel.com\/product\/rolex-hash\/"]}]},{"@type":"ImageObject","inLanguage":"pl-PL","@id":"https:\/\/wietkoopwinkel.com\/product\/rolex-hash\/#primaryimage","url":"https:\/\/wietkoopwinkel.com\/wp-content\/uploads\/2023\/09\/Rolex-Hash-1.jpg","contentUrl":"https:\/\/wietkoopwinkel.com\/wp-content\/uploads\/2023\/09\/Rolex-Hash-1.jpg","width":600,"height":600,"caption":"Rolex Hash"},{"@type":"BreadcrumbList","@id":"https:\/\/wietkoopwinkel.com\/product\/rolex-hash\/#breadcrumb","itemListElement":[{"@type":"ListItem","position":1,"name":"Home","item":"https:\/\/wietkoopwinkel.com\/"},{"@type":"ListItem","position":2,"name":"Winkel","item":"https:\/\/wietkoopwinkel.com\/winkel\/"},{"@type":"ListItem","position":3,"name":"Rolex Hash"}]},{"@type":"WebSite","@id":"https:\/\/wietkoopwinkel.com\/#website","url":"https:\/\/wietkoopwinkel.com\/","name":"Wiet Koop Winkel","description":"My WordPress Blog","publisher":{"@id":"https:\/\/wietkoopwinkel.com\/#organization"},"potentialAction":[{"@type":"SearchAction","target":{"@type":"EntryPoint","urlTemplate":"https:\/\/wietkoopwinkel.com\/?s={search_term_string}"},"query-input":{"@type":"PropertyValueSpecification","valueRequired":true,"valueName":"search_term_string"}}],"inLanguage":"pl-PL"},{"@type":"Organization","@id":"https:\/\/wietkoopwinkel.com\/#organization","name":"Wiet Koop Winkel","url":"https:\/\/wietkoopwinkel.com\/","logo":{"@type":"ImageObject","inLanguage":"pl-PL","@id":"https:\/\/wietkoopwinkel.com\/#\/schema\/logo\/image\/","url":"https:\/\/wietkoopwinkel.com\/wp-content\/uploads\/2023\/10\/logo.png","contentUrl":"https:\/\/wietkoopwinkel.com\/wp-content\/uploads\/2023\/10\/logo.png","width":400,"height":120,"caption":"Wiet Koop Winkel"},"image":{"@id":"https:\/\/wietkoopwinkel.com\/#\/schema\/logo\/image\/"}}]}},"_links":{"self":[{"href":"https:\/\/wietkoopwinkel.com\/pl\/wp-json\/wp\/v2\/product\/1346","targetHints":{"allow":["GET"]}}],"collection":[{"href":"https:\/\/wietkoopwinkel.com\/pl\/wp-json\/wp\/v2\/product"}],"about":[{"href":"https:\/\/wietkoopwinkel.com\/pl\/wp-json\/wp\/v2\/types\/product"}],"replies":[{"embeddable":true,"href":"https:\/\/wietkoopwinkel.com\/pl\/wp-json\/wp\/v2\/comments?post=1346"}],"wp:featuredmedia":[{"embeddable":true,"href":"https:\/\/wietkoopwinkel.com\/pl\/wp-json\/wp\/v2\/media\/1468"}],"wp:attachment":[{"href":"https:\/\/wietkoopwinkel.com\/pl\/wp-json\/wp\/v2\/media?parent=1346"}],"wp:term":[{"taxonomy":"product_cat","embeddable":true,"href":"https:\/\/wietkoopwinkel.com\/pl\/wp-json\/wp\/v2\/product_cat?post=1346"},{"taxonomy":"product_tag","embeddable":true,"href":"https:\/\/wietkoopwinkel.com\/pl\/wp-json\/wp\/v2\/product_tag?post=1346"}],"curies":[{"name":"wp","href":"https:\/\/api.w.org\/{rel}","templated":true}]}}