{"id":1345,"date":"2023-09-30T10:17:48","date_gmt":"2023-09-30T10:17:48","guid":{"rendered":"https:\/\/nembutalhouse.com\/weed\/?post_type=product&#038;p=1345"},"modified":"2024-01-03T11:03:32","modified_gmt":"2024-01-03T11:03:32","slug":"amnesia-hash","status":"publish","type":"product","link":"https:\/\/wietkoopwinkel.com\/pl\/produkt\/amnesia-hash\/","title":{"rendered":"Amnesia Hash"},"content":{"rendered":"<h2>Historia<\/h2>\n<p>Ciemnobr\u0105zowa, woskowa forma o zawarto\u015bci THC wynosz\u0105cej 50%. Trichomy konopi z gatunku Amnesia, b\u0119d\u0105ce najsilniejszymi sk\u0142adnikami tej ro\u015bliny, s\u0105 zbierane i kompresowane w celu uzyskania tej formy.<\/p>\n<p>\u017cu\u0107 tyto\u0144 lub pali\u0107 jointy przez fajk\u0119 wodn\u0105.<\/p>\n<p>Hasz ma s\u0142odki smak przypominaj\u0105cy kadzid\u0142o.<\/p>\n<h3>Efekty<\/h3>\n<p>Mo\u017cesz do\u015bwiadcza\u0107 szcz\u0119\u015bcia, dobrego samopoczucia lub relaksu. Palenie haszyszu poprawia doznania emocjonalne. S\u0105 to silne, wielozmys\u0142owe do\u015bwiadczenia obejmuj\u0105ce smak, s\u0142uch i wzrok.<\/p>\n<p>Wydaje si\u0119, \u017ce czas p\u0142ynie wolniej, jeste\u015b bardziej towarzyski, masz mniej zmartwie\u0144 i mniej zahamowa\u0144 behawioralnych.<\/p>","protected":false},"excerpt":{"rendered":"<p>Geschiedenis Donkerbruine wasachtige vorm met een THC-gehalte van 50%. Cannabistrichomen van de soort Amnesia, de krachtigste bestanddelen van deze plant, worden verzameld en samengeperst om deze te cre\u00ebren. pruimtabak of rook &#8220;joints&#8221; via een waterpijp. Hasj heeft een zoete smaak die doet denken aan wierook. Effecten U kunt geluk, welzijn of ontspanning ervaren. Het roken&#8230;<\/p>","protected":false},"featured_media":1467,"comment_status":"open","ping_status":"closed","template":"","meta":{"_kad_post_transparent":"default","_kad_post_title":"","_kad_post_layout":"default","_kad_post_sidebar_id":"","_kad_post_content_style":"default","_kad_post_vertical_padding":"default","_kad_post_feature":"","_kad_post_feature_position":"","_kad_post_header":false,"_kad_post_footer":false,"_joinchat":[]},"product_cat":[31],"product_tag":[],"class_list":["post-1345","product","type-product","status-publish","has-post-thumbnail","hentry","product_cat-hasj","entry","content-bg","loop-entry"],"yoast_head":"<!-- This site is optimized with the Yoast SEO plugin v26.3 - https:\/\/yoast.com\/wordpress\/plugins\/seo\/ -->\n<title>Amnesia Hash - Wiet Koop Winkel<\/title>\n<meta name=\"robots\" content=\"index, follow, max-snippet:-1, max-image-preview:large, max-video-preview:-1\" \/>\n<link rel=\"canonical\" href=\"https:\/\/wietkoopwinkel.com\/pl\/produkt\/amnesia-hash\/\" \/>\n<meta property=\"og:locale\" content=\"pl_PL\" \/>\n<meta property=\"og:type\" content=\"article\" \/>\n<meta property=\"og:title\" content=\"Amnesia Hash - Wiet Koop Winkel\" \/>\n<meta property=\"og:description\" content=\"Geschiedenis Donkerbruine wasachtige vorm met een THC-gehalte van 50%. Cannabistrichomen van de soort Amnesia, de krachtigste bestanddelen van deze plant, worden verzameld en samengeperst om deze te cre\u00ebren. pruimtabak of rook &#8220;joints&#8221; via een waterpijp. Hasj heeft een zoete smaak die doet denken aan wierook. Effecten U kunt geluk, welzijn of ontspanning ervaren. Het roken...\" \/>\n<meta property=\"og:url\" content=\"https:\/\/wietkoopwinkel.com\/pl\/produkt\/amnesia-hash\/\" \/>\n<meta property=\"og:site_name\" content=\"Wiet Koop Winkel\" \/>\n<meta property=\"article:modified_time\" content=\"2024-01-03T11:03:32+00:00\" \/>\n<meta property=\"og:image\" content=\"https:\/\/wietkoopwinkel.com\/wp-content\/uploads\/2023\/09\/AMNESIA-HASH-1.jpg\" \/>\n\t<meta property=\"og:image:width\" content=\"600\" \/>\n\t<meta property=\"og:image:height\" content=\"600\" \/>\n\t<meta property=\"og:image:type\" content=\"image\/jpeg\" \/>\n<meta name=\"twitter:card\" content=\"summary_large_image\" \/>\n<meta name=\"twitter:label1\" content=\"Szacowany czas czytania\" \/>\n\t<meta name=\"twitter:data1\" content=\"1 minuta\" \/>\n<script type=\"application\/ld+json\" class=\"yoast-schema-graph\">{\"@context\":\"https:\/\/schema.org\",\"@graph\":[{\"@type\":\"WebPage\",\"@id\":\"https:\/\/wietkoopwinkel.com\/product\/amnesia-hash\/\",\"url\":\"https:\/\/wietkoopwinkel.com\/product\/amnesia-hash\/\",\"name\":\"Amnesia Hash - Wiet Koop Winkel\",\"isPartOf\":{\"@id\":\"https:\/\/wietkoopwinkel.com\/#website\"},\"primaryImageOfPage\":{\"@id\":\"https:\/\/wietkoopwinkel.com\/product\/amnesia-hash\/#primaryimage\"},\"image\":{\"@id\":\"https:\/\/wietkoopwinkel.com\/product\/amnesia-hash\/#primaryimage\"},\"thumbnailUrl\":\"https:\/\/wietkoopwinkel.com\/wp-content\/uploads\/2023\/09\/AMNESIA-HASH-1.jpg\",\"datePublished\":\"2023-09-30T10:17:48+00:00\",\"dateModified\":\"2024-01-03T11:03:32+00:00\",\"breadcrumb\":{\"@id\":\"https:\/\/wietkoopwinkel.com\/product\/amnesia-hash\/#breadcrumb\"},\"inLanguage\":\"pl-PL\",\"potentialAction\":[{\"@type\":\"ReadAction\",\"target\":[\"https:\/\/wietkoopwinkel.com\/product\/amnesia-hash\/\"]}]},{\"@type\":\"ImageObject\",\"inLanguage\":\"pl-PL\",\"@id\":\"https:\/\/wietkoopwinkel.com\/product\/amnesia-hash\/#primaryimage\",\"url\":\"https:\/\/wietkoopwinkel.com\/wp-content\/uploads\/2023\/09\/AMNESIA-HASH-1.jpg\",\"contentUrl\":\"https:\/\/wietkoopwinkel.com\/wp-content\/uploads\/2023\/09\/AMNESIA-HASH-1.jpg\",\"width\":600,\"height\":600,\"caption\":\"AMNESIA HASH\"},{\"@type\":\"BreadcrumbList\",\"@id\":\"https:\/\/wietkoopwinkel.com\/product\/amnesia-hash\/#breadcrumb\",\"itemListElement\":[{\"@type\":\"ListItem\",\"position\":1,\"name\":\"Home\",\"item\":\"https:\/\/wietkoopwinkel.com\/\"},{\"@type\":\"ListItem\",\"position\":2,\"name\":\"Winkel\",\"item\":\"https:\/\/wietkoopwinkel.com\/winkel\/\"},{\"@type\":\"ListItem\",\"position\":3,\"name\":\"Amnesia Hash\"}]},{\"@type\":\"WebSite\",\"@id\":\"https:\/\/wietkoopwinkel.com\/#website\",\"url\":\"https:\/\/wietkoopwinkel.com\/\",\"name\":\"Wiet Koop Winkel\",\"description\":\"My WordPress Blog\",\"publisher\":{\"@id\":\"https:\/\/wietkoopwinkel.com\/#organization\"},\"potentialAction\":[{\"@type\":\"SearchAction\",\"target\":{\"@type\":\"EntryPoint\",\"urlTemplate\":\"https:\/\/wietkoopwinkel.com\/?s={search_term_string}\"},\"query-input\":{\"@type\":\"PropertyValueSpecification\",\"valueRequired\":true,\"valueName\":\"search_term_string\"}}],\"inLanguage\":\"pl-PL\"},{\"@type\":\"Organization\",\"@id\":\"https:\/\/wietkoopwinkel.com\/#organization\",\"name\":\"Wiet Koop Winkel\",\"url\":\"https:\/\/wietkoopwinkel.com\/\",\"logo\":{\"@type\":\"ImageObject\",\"inLanguage\":\"pl-PL\",\"@id\":\"https:\/\/wietkoopwinkel.com\/#\/schema\/logo\/image\/\",\"url\":\"https:\/\/wietkoopwinkel.com\/wp-content\/uploads\/2023\/10\/logo.png\",\"contentUrl\":\"https:\/\/wietkoopwinkel.com\/wp-content\/uploads\/2023\/10\/logo.png\",\"width\":400,\"height\":120,\"caption\":\"Wiet Koop Winkel\"},\"image\":{\"@id\":\"https:\/\/wietkoopwinkel.com\/#\/schema\/logo\/image\/\"}}]}<\/script>\n<!-- \/ Yoast SEO plugin. -->","yoast_head_json":{"title":"Amnesia Hash - Wiet Koop Winkel","robots":{"index":"index","follow":"follow","max-snippet":"max-snippet:-1","max-image-preview":"max-image-preview:large","max-video-preview":"max-video-preview:-1"},"canonical":"https:\/\/wietkoopwinkel.com\/pl\/produkt\/amnesia-hash\/","og_locale":"pl_PL","og_type":"article","og_title":"Amnesia Hash - Wiet Koop Winkel","og_description":"Geschiedenis Donkerbruine wasachtige vorm met een THC-gehalte van 50%. Cannabistrichomen van de soort Amnesia, de krachtigste bestanddelen van deze plant, worden verzameld en samengeperst om deze te cre\u00ebren. pruimtabak of rook &#8220;joints&#8221; via een waterpijp. Hasj heeft een zoete smaak die doet denken aan wierook. Effecten U kunt geluk, welzijn of ontspanning ervaren. Het roken...","og_url":"https:\/\/wietkoopwinkel.com\/pl\/produkt\/amnesia-hash\/","og_site_name":"Wiet Koop Winkel","article_modified_time":"2024-01-03T11:03:32+00:00","og_image":[{"width":600,"height":600,"url":"https:\/\/wietkoopwinkel.com\/wp-content\/uploads\/2023\/09\/AMNESIA-HASH-1.jpg","type":"image\/jpeg"}],"twitter_card":"summary_large_image","twitter_misc":{"Szacowany czas czytania":"1 minuta"},"schema":{"@context":"https:\/\/schema.org","@graph":[{"@type":"WebPage","@id":"https:\/\/wietkoopwinkel.com\/product\/amnesia-hash\/","url":"https:\/\/wietkoopwinkel.com\/product\/amnesia-hash\/","name":"Amnesia Hash - Wiet Koop Winkel","isPartOf":{"@id":"https:\/\/wietkoopwinkel.com\/#website"},"primaryImageOfPage":{"@id":"https:\/\/wietkoopwinkel.com\/product\/amnesia-hash\/#primaryimage"},"image":{"@id":"https:\/\/wietkoopwinkel.com\/product\/amnesia-hash\/#primaryimage"},"thumbnailUrl":"https:\/\/wietkoopwinkel.com\/wp-content\/uploads\/2023\/09\/AMNESIA-HASH-1.jpg","datePublished":"2023-09-30T10:17:48+00:00","dateModified":"2024-01-03T11:03:32+00:00","breadcrumb":{"@id":"https:\/\/wietkoopwinkel.com\/product\/amnesia-hash\/#breadcrumb"},"inLanguage":"pl-PL","potentialAction":[{"@type":"ReadAction","target":["https:\/\/wietkoopwinkel.com\/product\/amnesia-hash\/"]}]},{"@type":"ImageObject","inLanguage":"pl-PL","@id":"https:\/\/wietkoopwinkel.com\/product\/amnesia-hash\/#primaryimage","url":"https:\/\/wietkoopwinkel.com\/wp-content\/uploads\/2023\/09\/AMNESIA-HASH-1.jpg","contentUrl":"https:\/\/wietkoopwinkel.com\/wp-content\/uploads\/2023\/09\/AMNESIA-HASH-1.jpg","width":600,"height":600,"caption":"AMNESIA HASH"},{"@type":"BreadcrumbList","@id":"https:\/\/wietkoopwinkel.com\/product\/amnesia-hash\/#breadcrumb","itemListElement":[{"@type":"ListItem","position":1,"name":"Home","item":"https:\/\/wietkoopwinkel.com\/"},{"@type":"ListItem","position":2,"name":"Winkel","item":"https:\/\/wietkoopwinkel.com\/winkel\/"},{"@type":"ListItem","position":3,"name":"Amnesia Hash"}]},{"@type":"WebSite","@id":"https:\/\/wietkoopwinkel.com\/#website","url":"https:\/\/wietkoopwinkel.com\/","name":"Wiet Koop Winkel","description":"My WordPress Blog","publisher":{"@id":"https:\/\/wietkoopwinkel.com\/#organization"},"potentialAction":[{"@type":"SearchAction","target":{"@type":"EntryPoint","urlTemplate":"https:\/\/wietkoopwinkel.com\/?s={search_term_string}"},"query-input":{"@type":"PropertyValueSpecification","valueRequired":true,"valueName":"search_term_string"}}],"inLanguage":"pl-PL"},{"@type":"Organization","@id":"https:\/\/wietkoopwinkel.com\/#organization","name":"Wiet Koop Winkel","url":"https:\/\/wietkoopwinkel.com\/","logo":{"@type":"ImageObject","inLanguage":"pl-PL","@id":"https:\/\/wietkoopwinkel.com\/#\/schema\/logo\/image\/","url":"https:\/\/wietkoopwinkel.com\/wp-content\/uploads\/2023\/10\/logo.png","contentUrl":"https:\/\/wietkoopwinkel.com\/wp-content\/uploads\/2023\/10\/logo.png","width":400,"height":120,"caption":"Wiet Koop Winkel"},"image":{"@id":"https:\/\/wietkoopwinkel.com\/#\/schema\/logo\/image\/"}}]}},"_links":{"self":[{"href":"https:\/\/wietkoopwinkel.com\/pl\/wp-json\/wp\/v2\/product\/1345","targetHints":{"allow":["GET"]}}],"collection":[{"href":"https:\/\/wietkoopwinkel.com\/pl\/wp-json\/wp\/v2\/product"}],"about":[{"href":"https:\/\/wietkoopwinkel.com\/pl\/wp-json\/wp\/v2\/types\/product"}],"replies":[{"embeddable":true,"href":"https:\/\/wietkoopwinkel.com\/pl\/wp-json\/wp\/v2\/comments?post=1345"}],"wp:featuredmedia":[{"embeddable":true,"href":"https:\/\/wietkoopwinkel.com\/pl\/wp-json\/wp\/v2\/media\/1467"}],"wp:attachment":[{"href":"https:\/\/wietkoopwinkel.com\/pl\/wp-json\/wp\/v2\/media?parent=1345"}],"wp:term":[{"taxonomy":"product_cat","embeddable":true,"href":"https:\/\/wietkoopwinkel.com\/pl\/wp-json\/wp\/v2\/product_cat?post=1345"},{"taxonomy":"product_tag","embeddable":true,"href":"https:\/\/wietkoopwinkel.com\/pl\/wp-json\/wp\/v2\/product_tag?post=1345"}],"curies":[{"name":"wp","href":"https:\/\/api.w.org\/{rel}","templated":true}]}}