{"id":110,"date":"2023-09-22T11:06:27","date_gmt":"2023-09-22T11:06:27","guid":{"rendered":"https:\/\/nembutalhouse.com\/weed\/?post_type=product&#038;p=110"},"modified":"2023-10-07T09:38:27","modified_gmt":"2023-10-07T09:38:27","slug":"grand-daddy-purple","status":"publish","type":"product","link":"https:\/\/wietkoopwinkel.com\/pl\/produkt\/grand-daddy-purple\/","title":{"rendered":"Grand Daddy Purple"},"content":{"rendered":"<h2>Smaki i aromaty Granddaddy Purple<\/h2>\n<p>Wed\u0142ug kilku u\u017cytkownik\u00f3w Granddaddy Purps ma silny aromat jag\u00f3d i winogron. Z kolei Ken Estes znany jest ze stwierdzenia, \u017ce GDP \"pachnie purpur\u0105 - zawsze my\u015bla\u0142em, \u017ce purpura to kolor, ale teraz my\u015bl\u0119, \u017ce to zapach!\". Prawdopodobnie mia\u0142 na my\u015bli to, co niekt\u00f3rzy opisuj\u0105 jako charakterystyczny kwiatowy zapach z nutami pi\u017cma, ciemnej czekolady i r\u00f3\u017c.<\/p>\n<h3>Granddaddy Purple zawiera niekt\u00f3re z najbardziej znanych terpen\u00f3w, w tym:<\/h3>\n<p>(pi\u017cma i ro\u015bliny) mircen<br \/>\n(\u015awie\u017ce ig\u0142y sosnowe) Sosna<br \/>\n(Pieprz, ciemne przyprawy) Kariofilen<br \/>\nFioletowe efekty dziadka<\/p>\n<p>Granddaddy Purple ma reputacj\u0119 konopi o silnym dzia\u0142aniu. Mimo \u017ce GDP zawiera tylko oko\u0142o 17% THC, generuje pot\u0119\u017cne upalenie, kt\u00f3re bardzo szybko zaczyna wp\u0142ywa\u0107 na cia\u0142o i umys\u0142. Wi\u0119kszo\u015b\u0107 u\u017cytkownik\u00f3w twierdzi, \u017ce GDP tworzy przyjemny i szcz\u0119\u015bliwy haj m\u00f3zgowy, wraz z g\u0142\u0119boko uspokajaj\u0105cym upaleniem fizycznym, dzi\u0119ki czemu idealnie nadaje si\u0119 do wylegiwania si\u0119 w domu podczas ogl\u0105dania film\u00f3w, s\u0142uchania muzyki lub obserwowania gwiazd.<\/p>\n<h3>Podczas gdy do\u015bwiadczenie ka\u017cdego z nas z marihuan\u0105 jest wyj\u0105tkowe, osoby spo\u017cywaj\u0105ce GDP zazwyczaj wyra\u017caj\u0105 nast\u0119puj\u0105ce opinie:<\/h3>\n<p>Relaks<br \/>\nWeso\u0142y<br \/>\nG\u0142odny<br \/>\nSenny<\/p>\n<p>Opr\u00f3cz popularno\u015bci w\u015br\u00f3d u\u017cytkownik\u00f3w rekreacyjnych, Granddaddy Purple jest r\u00f3wnie\u017c bardzo popularny w\u015br\u00f3d holistycznych u\u017cytkownik\u00f3w konopi, kt\u00f3rzy chc\u0105 radzi\u0107 sobie ze stresem fizycznym i psychicznym oraz utrat\u0105 apetytu.<\/p>\n<h3>Podobnie jak wszystkie odmiany konopi o wysokiej zawarto\u015bci THC, Granddaddy Purple mo\u017ce powodowa\u0107 pewne niepo\u017c\u0105dane skutki uboczne. Obejmuj\u0105 one:<\/h3>\n<p>Suche oczy i suche usta<br \/>\nZawroty g\u0142owy<\/p>","protected":false},"excerpt":{"rendered":"<p>De smaken en aroma&#8217;s van Granddaddy Purple Granddaddy Purps heeft volgens verschillende gebruikers een sterk bessen- en druivenaroma. Integendeel, Ken Estes staat bekend om zijn verklaring dat het BBP &#8220;paars ruikt &#8211; ik dacht altijd dat paars een kleur was, maar nu denk ik dat het een geur is!&#8221; Mogelijk doelde hij op wat sommige&#8230;<\/p>","protected":false},"featured_media":1449,"comment_status":"open","ping_status":"closed","template":"","meta":{"_kad_post_transparent":"default","_kad_post_title":"","_kad_post_layout":"default","_kad_post_sidebar_id":"","_kad_post_content_style":"default","_kad_post_vertical_padding":"default","_kad_post_feature":"","_kad_post_feature_position":"","_kad_post_header":false,"_kad_post_footer":false,"_joinchat":[]},"product_cat":[17],"product_tag":[],"class_list":["post-110","product","type-product","status-publish","has-post-thumbnail","hentry","product_cat-wiet","entry","content-bg","loop-entry"],"yoast_head":"<!-- This site is optimized with the Yoast SEO plugin v26.3 - https:\/\/yoast.com\/wordpress\/plugins\/seo\/ -->\n<title>Grand Daddy Purple - Wiet Koop Winkel<\/title>\n<meta name=\"robots\" content=\"index, follow, max-snippet:-1, max-image-preview:large, max-video-preview:-1\" \/>\n<link rel=\"canonical\" href=\"https:\/\/wietkoopwinkel.com\/pl\/produkt\/grand-daddy-purple\/\" \/>\n<meta property=\"og:locale\" content=\"pl_PL\" \/>\n<meta property=\"og:type\" content=\"article\" \/>\n<meta property=\"og:title\" content=\"Grand Daddy Purple - Wiet Koop Winkel\" \/>\n<meta property=\"og:description\" content=\"De smaken en aroma&#8217;s van Granddaddy Purple Granddaddy Purps heeft volgens verschillende gebruikers een sterk bessen- en druivenaroma. Integendeel, Ken Estes staat bekend om zijn verklaring dat het BBP &#8220;paars ruikt &#8211; ik dacht altijd dat paars een kleur was, maar nu denk ik dat het een geur is!&#8221; Mogelijk doelde hij op wat sommige...\" \/>\n<meta property=\"og:url\" content=\"https:\/\/wietkoopwinkel.com\/pl\/produkt\/grand-daddy-purple\/\" \/>\n<meta property=\"og:site_name\" content=\"Wiet Koop Winkel\" \/>\n<meta property=\"article:modified_time\" content=\"2023-10-07T09:38:27+00:00\" \/>\n<meta property=\"og:image\" content=\"https:\/\/wietkoopwinkel.com\/wp-content\/uploads\/2023\/09\/Grand-Daddy-Purple.jpg\" \/>\n\t<meta property=\"og:image:width\" content=\"960\" \/>\n\t<meta property=\"og:image:height\" content=\"1280\" \/>\n\t<meta property=\"og:image:type\" content=\"image\/jpeg\" \/>\n<meta name=\"twitter:card\" content=\"summary_large_image\" \/>\n<meta name=\"twitter:label1\" content=\"Szacowany czas czytania\" \/>\n\t<meta name=\"twitter:data1\" content=\"2 minuty\" \/>\n<script type=\"application\/ld+json\" class=\"yoast-schema-graph\">{\"@context\":\"https:\/\/schema.org\",\"@graph\":[{\"@type\":\"WebPage\",\"@id\":\"https:\/\/wietkoopwinkel.com\/product\/grand-daddy-purple\/\",\"url\":\"https:\/\/wietkoopwinkel.com\/product\/grand-daddy-purple\/\",\"name\":\"Grand Daddy Purple - Wiet Koop Winkel\",\"isPartOf\":{\"@id\":\"https:\/\/wietkoopwinkel.com\/#website\"},\"primaryImageOfPage\":{\"@id\":\"https:\/\/wietkoopwinkel.com\/product\/grand-daddy-purple\/#primaryimage\"},\"image\":{\"@id\":\"https:\/\/wietkoopwinkel.com\/product\/grand-daddy-purple\/#primaryimage\"},\"thumbnailUrl\":\"https:\/\/wietkoopwinkel.com\/wp-content\/uploads\/2023\/09\/Grand-Daddy-Purple.jpg\",\"datePublished\":\"2023-09-22T11:06:27+00:00\",\"dateModified\":\"2023-10-07T09:38:27+00:00\",\"breadcrumb\":{\"@id\":\"https:\/\/wietkoopwinkel.com\/product\/grand-daddy-purple\/#breadcrumb\"},\"inLanguage\":\"pl-PL\",\"potentialAction\":[{\"@type\":\"ReadAction\",\"target\":[\"https:\/\/wietkoopwinkel.com\/product\/grand-daddy-purple\/\"]}]},{\"@type\":\"ImageObject\",\"inLanguage\":\"pl-PL\",\"@id\":\"https:\/\/wietkoopwinkel.com\/product\/grand-daddy-purple\/#primaryimage\",\"url\":\"https:\/\/wietkoopwinkel.com\/wp-content\/uploads\/2023\/09\/Grand-Daddy-Purple.jpg\",\"contentUrl\":\"https:\/\/wietkoopwinkel.com\/wp-content\/uploads\/2023\/09\/Grand-Daddy-Purple.jpg\",\"width\":960,\"height\":1280,\"caption\":\"Grand Daddy Purple\"},{\"@type\":\"BreadcrumbList\",\"@id\":\"https:\/\/wietkoopwinkel.com\/product\/grand-daddy-purple\/#breadcrumb\",\"itemListElement\":[{\"@type\":\"ListItem\",\"position\":1,\"name\":\"Home\",\"item\":\"https:\/\/wietkoopwinkel.com\/\"},{\"@type\":\"ListItem\",\"position\":2,\"name\":\"Winkel\",\"item\":\"https:\/\/wietkoopwinkel.com\/winkel\/\"},{\"@type\":\"ListItem\",\"position\":3,\"name\":\"Grand Daddy Purple\"}]},{\"@type\":\"WebSite\",\"@id\":\"https:\/\/wietkoopwinkel.com\/#website\",\"url\":\"https:\/\/wietkoopwinkel.com\/\",\"name\":\"Wiet Koop Winkel\",\"description\":\"My WordPress Blog\",\"publisher\":{\"@id\":\"https:\/\/wietkoopwinkel.com\/#organization\"},\"potentialAction\":[{\"@type\":\"SearchAction\",\"target\":{\"@type\":\"EntryPoint\",\"urlTemplate\":\"https:\/\/wietkoopwinkel.com\/?s={search_term_string}\"},\"query-input\":{\"@type\":\"PropertyValueSpecification\",\"valueRequired\":true,\"valueName\":\"search_term_string\"}}],\"inLanguage\":\"pl-PL\"},{\"@type\":\"Organization\",\"@id\":\"https:\/\/wietkoopwinkel.com\/#organization\",\"name\":\"Wiet Koop Winkel\",\"url\":\"https:\/\/wietkoopwinkel.com\/\",\"logo\":{\"@type\":\"ImageObject\",\"inLanguage\":\"pl-PL\",\"@id\":\"https:\/\/wietkoopwinkel.com\/#\/schema\/logo\/image\/\",\"url\":\"https:\/\/wietkoopwinkel.com\/wp-content\/uploads\/2023\/10\/logo.png\",\"contentUrl\":\"https:\/\/wietkoopwinkel.com\/wp-content\/uploads\/2023\/10\/logo.png\",\"width\":400,\"height\":120,\"caption\":\"Wiet Koop Winkel\"},\"image\":{\"@id\":\"https:\/\/wietkoopwinkel.com\/#\/schema\/logo\/image\/\"}}]}<\/script>\n<!-- \/ Yoast SEO plugin. -->","yoast_head_json":{"title":"Grand Daddy Purple - Wiet Koop Winkel","robots":{"index":"index","follow":"follow","max-snippet":"max-snippet:-1","max-image-preview":"max-image-preview:large","max-video-preview":"max-video-preview:-1"},"canonical":"https:\/\/wietkoopwinkel.com\/pl\/produkt\/grand-daddy-purple\/","og_locale":"pl_PL","og_type":"article","og_title":"Grand Daddy Purple - Wiet Koop Winkel","og_description":"De smaken en aroma&#8217;s van Granddaddy Purple Granddaddy Purps heeft volgens verschillende gebruikers een sterk bessen- en druivenaroma. Integendeel, Ken Estes staat bekend om zijn verklaring dat het BBP &#8220;paars ruikt &#8211; ik dacht altijd dat paars een kleur was, maar nu denk ik dat het een geur is!&#8221; Mogelijk doelde hij op wat sommige...","og_url":"https:\/\/wietkoopwinkel.com\/pl\/produkt\/grand-daddy-purple\/","og_site_name":"Wiet Koop Winkel","article_modified_time":"2023-10-07T09:38:27+00:00","og_image":[{"width":960,"height":1280,"url":"https:\/\/wietkoopwinkel.com\/wp-content\/uploads\/2023\/09\/Grand-Daddy-Purple.jpg","type":"image\/jpeg"}],"twitter_card":"summary_large_image","twitter_misc":{"Szacowany czas czytania":"2 minuty"},"schema":{"@context":"https:\/\/schema.org","@graph":[{"@type":"WebPage","@id":"https:\/\/wietkoopwinkel.com\/product\/grand-daddy-purple\/","url":"https:\/\/wietkoopwinkel.com\/product\/grand-daddy-purple\/","name":"Grand Daddy Purple - Wiet Koop Winkel","isPartOf":{"@id":"https:\/\/wietkoopwinkel.com\/#website"},"primaryImageOfPage":{"@id":"https:\/\/wietkoopwinkel.com\/product\/grand-daddy-purple\/#primaryimage"},"image":{"@id":"https:\/\/wietkoopwinkel.com\/product\/grand-daddy-purple\/#primaryimage"},"thumbnailUrl":"https:\/\/wietkoopwinkel.com\/wp-content\/uploads\/2023\/09\/Grand-Daddy-Purple.jpg","datePublished":"2023-09-22T11:06:27+00:00","dateModified":"2023-10-07T09:38:27+00:00","breadcrumb":{"@id":"https:\/\/wietkoopwinkel.com\/product\/grand-daddy-purple\/#breadcrumb"},"inLanguage":"pl-PL","potentialAction":[{"@type":"ReadAction","target":["https:\/\/wietkoopwinkel.com\/product\/grand-daddy-purple\/"]}]},{"@type":"ImageObject","inLanguage":"pl-PL","@id":"https:\/\/wietkoopwinkel.com\/product\/grand-daddy-purple\/#primaryimage","url":"https:\/\/wietkoopwinkel.com\/wp-content\/uploads\/2023\/09\/Grand-Daddy-Purple.jpg","contentUrl":"https:\/\/wietkoopwinkel.com\/wp-content\/uploads\/2023\/09\/Grand-Daddy-Purple.jpg","width":960,"height":1280,"caption":"Grand Daddy Purple"},{"@type":"BreadcrumbList","@id":"https:\/\/wietkoopwinkel.com\/product\/grand-daddy-purple\/#breadcrumb","itemListElement":[{"@type":"ListItem","position":1,"name":"Home","item":"https:\/\/wietkoopwinkel.com\/"},{"@type":"ListItem","position":2,"name":"Winkel","item":"https:\/\/wietkoopwinkel.com\/winkel\/"},{"@type":"ListItem","position":3,"name":"Grand Daddy Purple"}]},{"@type":"WebSite","@id":"https:\/\/wietkoopwinkel.com\/#website","url":"https:\/\/wietkoopwinkel.com\/","name":"Wiet Koop Winkel","description":"My WordPress Blog","publisher":{"@id":"https:\/\/wietkoopwinkel.com\/#organization"},"potentialAction":[{"@type":"SearchAction","target":{"@type":"EntryPoint","urlTemplate":"https:\/\/wietkoopwinkel.com\/?s={search_term_string}"},"query-input":{"@type":"PropertyValueSpecification","valueRequired":true,"valueName":"search_term_string"}}],"inLanguage":"pl-PL"},{"@type":"Organization","@id":"https:\/\/wietkoopwinkel.com\/#organization","name":"Wiet Koop Winkel","url":"https:\/\/wietkoopwinkel.com\/","logo":{"@type":"ImageObject","inLanguage":"pl-PL","@id":"https:\/\/wietkoopwinkel.com\/#\/schema\/logo\/image\/","url":"https:\/\/wietkoopwinkel.com\/wp-content\/uploads\/2023\/10\/logo.png","contentUrl":"https:\/\/wietkoopwinkel.com\/wp-content\/uploads\/2023\/10\/logo.png","width":400,"height":120,"caption":"Wiet Koop Winkel"},"image":{"@id":"https:\/\/wietkoopwinkel.com\/#\/schema\/logo\/image\/"}}]}},"_links":{"self":[{"href":"https:\/\/wietkoopwinkel.com\/pl\/wp-json\/wp\/v2\/product\/110","targetHints":{"allow":["GET"]}}],"collection":[{"href":"https:\/\/wietkoopwinkel.com\/pl\/wp-json\/wp\/v2\/product"}],"about":[{"href":"https:\/\/wietkoopwinkel.com\/pl\/wp-json\/wp\/v2\/types\/product"}],"replies":[{"embeddable":true,"href":"https:\/\/wietkoopwinkel.com\/pl\/wp-json\/wp\/v2\/comments?post=110"}],"wp:featuredmedia":[{"embeddable":true,"href":"https:\/\/wietkoopwinkel.com\/pl\/wp-json\/wp\/v2\/media\/1449"}],"wp:attachment":[{"href":"https:\/\/wietkoopwinkel.com\/pl\/wp-json\/wp\/v2\/media?parent=110"}],"wp:term":[{"taxonomy":"product_cat","embeddable":true,"href":"https:\/\/wietkoopwinkel.com\/pl\/wp-json\/wp\/v2\/product_cat?post=110"},{"taxonomy":"product_tag","embeddable":true,"href":"https:\/\/wietkoopwinkel.com\/pl\/wp-json\/wp\/v2\/product_tag?post=110"}],"curies":[{"name":"wp","href":"https:\/\/api.w.org\/{rel}","templated":true}]}}