{"id":106,"date":"2023-09-22T11:06:16","date_gmt":"2023-09-22T11:06:16","guid":{"rendered":"https:\/\/nembutalhouse.com\/weed\/?post_type=product&#038;p=106"},"modified":"2023-10-07T09:48:15","modified_gmt":"2023-10-07T09:48:15","slug":"tropical-cherry","status":"publish","type":"product","link":"https:\/\/wietkoopwinkel.com\/pl\/produkt\/tropical-cherry\/","title":{"rendered":"Tropical Cherry"},"content":{"rendered":"<h2>JACK SKELLINGTON: DWA PO\u0141\u0104CZONE GATUNKI ZAB\u00d3JC\u00d3W<\/h2>\n<p>Hodowcy tej odmiany pracowali nad Killer Queen przez oko\u0142o 12 lat. Killer Queen sk\u0142ada si\u0119 g\u0142\u00f3wnie z genetyki G13 oraz niewielkiej ilo\u015bci Cinderella 99. Jack Skellington zosta\u0142 odkryty po pojawieniu si\u0119 Kuby Rozpruwacza.<\/p>\n<p>Ta hybryda 30% indica i 70% sativa wytwarza euforyczne haj z wysokim poziomem THC. Smak i zapach przypominaj\u0105 \u015bwie\u017c\u0105 limonk\u0119 i s\u0105 do\u015b\u0107 pikantne.<\/p>\n<p>Jack Skellington to fantastyczna odmiana do uprawy metod\u0105 SOG, ale aby kontrolowa\u0107 jej wielko\u015b\u0107, ro\u015bliny nadal wymagaj\u0105 przycinania. Faza kwitnienia trwa oko\u0142o 56 dni. \u015arednie plony i obfita \u017cywica na p\u0105kach sprawiaj\u0105, \u017ce idealnie nadaje si\u0119 do produkcji haszyszu. Ta odmiana ro\u015bnie wyj\u0105tkowo wysoko, a hodowcy stosuj\u0105 r\u00f3\u017cne metody uprawy, aby utrzyma\u0107 jej wysoko\u015b\u0107. Odkryj pyszn\u0105 i egzotyczn\u0105 odmian\u0119 wi\u015bni Tropicana. Nie mo\u017cesz si\u0119 pomyli\u0107 z t\u0105 tropikaln\u0105 odmian\u0105 wi\u015bni. Ma pyszny aromat i zachwycaj\u0105cy smak, poniewa\u017c wi\u015bnie Tropicana s\u0105 owocowe i cierpkie z zachwycaj\u0105c\u0105 nut\u0105 ciasta wi\u015bniowego. Naszym zdaniem tym du\u017cym nuggetsom trudno si\u0119 oprze\u0107.<\/p>\n<p>Kusz\u0105ca do spr\u00f3bowania ze wzgl\u0119du na owocowy, s\u0142odki i korzenny aromat oraz nuty jag\u00f3d i cytrus\u00f3w. Z proporcjami sativa\/indica 60\/40 i \u015bredni\u0105 zawarto\u015bci\u0105 THC od 16 do 21%, szczep Tropicana Cherry to idealna odmiana konopi do konsumpcji zar\u00f3wno odmian z przewag\u0105 sativy, jak i klasycznych hybryd indica.<\/p>\n<h3>Terpeny w wi\u015bni Tropicana<\/h3>\n<p>THC: 16 \u2013 21%<br \/>\nCBD: 0,5 \u2013 0,64%<br \/>\nCBC: 0,19 \u2013 0,29%<br \/>\nCBG: 0,04 \u2013 0,19%<br \/>\nCBN: 0,15 \u2013 0,27%<br \/>\nTHCV: \u2013 0,2%<br \/>\nMyrceen: 0,19%<br \/>\nGeraniol: 0,07%<br \/>\nLimoneen: 0,15%<br \/>\nLinalool: 0,16%<br \/>\nSabineen: 0,07%<br \/>\nBisabolol: 0,12%<br \/>\nTerpineol: 0,01%<br \/>\nValenceen: 0,15%<br \/>\nPhellandreen: 0,08%<\/p>\n<h3>\nWp\u0142yw i smak<\/h3>\n<p>P\u0105ki Cherry Tropicana maj\u0105 kulisty kszta\u0142t. To ogromne, ciemnozielone bry\u0142y z fioletowymi refleksami. P\u0105ki maj\u0105 jasnopomara\u0144czowe w\u0142oski i pokryte s\u0105 bia\u0142ymi trichomami. Klienci, opr\u00f3cz wspomnianych wcze\u015bniej aromat\u00f3w, podkre\u015blaj\u0105 r\u00f3wnie\u017c nuty ziemiste, brzoskwiniowe, morelowe, cytrynowe i wi\u015bniowe, a tak\u017ce owocowe.<\/p>\n<p>Jeden z opis\u00f3w haju po marihuanie to jasne \u015bwiat\u0142o, kt\u00f3re unosi ci\u0119 ku niebu. Do\u015bwiadczenia u\u017cytkownik\u00f3w s\u0105 pozytywne i radosne. Kiedy jeste\u015b na haju po marihuanie, niemo\u017cliwe jest wykonywanie skomplikowanych zada\u0144.<\/p>\n<p>To dobra propozycja na kr\u00f3tki spacer. Podczas pobudzenia poczujesz mrowienie, ale to nie przeszkodzi Ci w czerpaniu przyjemno\u015bci. Je\u015bli jeste\u015b zadowolony, mo\u017cesz si\u0119 \u015bmia\u0107 i zach\u0119ca\u0107 innych do tego samego. Co wi\u0119cej, odczuwasz spok\u00f3j i lekko\u015b\u0107 w ca\u0142ym ciele. Dlatego zalecamy dok\u0142adne nawodnienie organizmu. Odmiana Indica Cherry Tropicana mo\u017ce r\u00f3wnie\u017c wywo\u0142a\u0107 uczucie g\u0142odu.<\/p>\n<p>\ud83d\udd0d<\/p>\n<h3>Kwiaty<\/h3>\n<p>Odmiana wi\u015bni tropikalnej<\/p>\n<p>Oceniono na 4,75 z 5 na podstawie czterech opinii klient\u00f3w<\/p>\n<p>(4 opinie klient\u00f3w)<\/p>\n<p>$ 260,00\u00a0\u2013\u00a0$ 2.400,00<\/p>\n<p>G\u00f3ra kszta\u0142tu<\/p>\n<p>Ilo\u015b\u0107 Wybierz opcj\u0119OZQPHPP<\/p>\n<p>Liczba odmian wi\u015bni tropikalnych<\/p>\n<p>Adicionar ao carrinho<\/p>\n<p>Onderaan het formulier<\/p>\n<p>Numer artyku\u0142u: M-1322 Kategoria: Kwiaty Tagi: odmiana wi\u015bni tropikalnej, wi\u015bnia tropicana, odmiana wi\u015bni tropicana, apteka Bar Haven, apteka Fullerton, apteka Malden, apteka Nantucket, apteka Oak Lawn, apteka Ocean Beach, apteka RSO Oil w pobli\u017cu, wi\u015bnie tropikalne, odmiana wi\u015bni tropikalnej, wi\u015bnie tropikalne, odmiany wi\u015bni tropikalnych, odmiany wi\u015bni tropikalnych, wi\u015bnie tropicana, odmiany wi\u015bni tropicana, wi\u015bnie tropicana, odmiany wi\u015bni tropicana<\/p>\n<p>Opis<\/p>\n<p>Informacje dodatkowe<\/p>\n<p>Recenzje (4)<\/p>\n<p>Odmiana wi\u015bni tropikalnej<\/p>\n<h3>Przegl\u0105d:<\/h3>\n<p>Odkryj egzotyczn\u0105 i pyszn\u0105 odmian\u0119 Tropicana Cherry. Je\u015bli chodzi o kwiaty, to z tropikaln\u0105 wi\u015bni\u0105 na pewno si\u0119 nie pomylisz. To zachwycaj\u0105cy zapach, a smak jest rozp\u0142ywaj\u0105cy si\u0119 w ustach, poniewa\u017c wi\u015bnie Tropicana s\u0105 owocowe i cierpkie z pysznymi nutami wi\u015bniowego ciasta. Wierzymy, \u017ce tym du\u017cym p\u0105kom trudno si\u0119 oprze\u0107.<br \/>\nZe wzgl\u0119du na s\u0142odki, cierpki i owocowy aromat z nutami jag\u00f3d i cytrus\u00f3w, warto spr\u00f3bowa\u0107. Odmiana Tropicana Cherry charakteryzuje si\u0119 stosunkiem gen\u00f3w sativa\/indica 60\/40 i \u015brednim poziomem THC na poziomie 16-21%, co czyni j\u0105 idealn\u0105 zar\u00f3wno do delektowania si\u0119 odmian\u0105 z przewag\u0105 gen\u00f3w sativa, jak i tradycyjn\u0105 hybryd\u0105 indica.<\/p>\n<h3>Terpeny w wi\u015bni Tropicana<\/h3>\n<p>THC: 16 \u2013 21%<br \/>\nCBD: 0,5 \u2013 0,64%<br \/>\nCBC: 0,19 \u2013 0,29%<br \/>\nCBG: 0,04 \u2013 0,19%<br \/>\nCBN: 0,15 \u2013 0,27%<br \/>\nTHCV: \u2013 0,2%<br \/>\nMyrceen: 0,19%<br \/>\nGeraniol: 0,07%<br \/>\nLimoneen: 0,15%<br \/>\nLinalool: 0,16%<br \/>\nSabineen: 0,07%<br \/>\nBisabolol: 0,12%<br \/>\nTerpineol: 0,01%<br \/>\nValenceen: 0,15%<br \/>\nPhellandreen: 0,08%<\/p>\n<h3>Efekty i smak<\/h3>\n<p>P\u0105ki Cherry Tropicana maj\u0105 kulisty kszta\u0142t. To ogromne, ciemnozielone bry\u0142y z fioletowymi refleksami. P\u0105ki maj\u0105 jasnopomara\u0144czowe w\u0142oski i pokryte s\u0105 bia\u0142ymi trichomami. Klienci, opr\u00f3cz wspomnianych wcze\u015bniej aromat\u00f3w, podkre\u015blaj\u0105 r\u00f3wnie\u017c nuty ziemiste, brzoskwiniowe, morelowe, cytrynowe i wi\u015bniowe, a tak\u017ce owocowe.<br \/>\nHaj po marihuanie opisuje si\u0119 jako ol\u015bniewaj\u0105ce \u015bwiat\u0142o, kt\u00f3re unosi ci\u0119 do nieba. Efekty s\u0105 radosne i podnosz\u0105ce na duchu. Pod wp\u0142ywem marihuany nie da si\u0119 wykonywa\u0107 skomplikowanych zada\u0144.<br \/>\nTo dobra propozycja na kr\u00f3tki spacer. Podczas pobudzenia poczujesz mrowienie, ale to nie przeszkodzi Ci w czerpaniu przyjemno\u015bci. Je\u015bli jeste\u015b zadowolony, mo\u017cesz si\u0119 \u015bmia\u0107 i zach\u0119ca\u0107 innych do tego samego. Co wi\u0119cej, odczuwasz spok\u00f3j i lekko\u015b\u0107 w ca\u0142ym ciele. Dlatego zalecamy dok\u0142adne nawodnienie organizmu. Odmiana Indica Cherry Tropicana mo\u017ce r\u00f3wnie\u017c wywo\u0142a\u0107 uczucie g\u0142odu.<\/p>\n<h3>Warto\u015b\u0107 medyczna<br \/>\nGatunek ten pomaga w radzeniu sobie z:<\/h3>\n<p>Zm\u0119czenie<br \/>\nRozpinanie<br \/>\nDepresja<br \/>\nRozpinanie<br \/>\nSilne wahania nastroju<br \/>\nDaje oczekiwane rezultaty w postaci przyjemno\u015bci i u\u015bmierzenia b\u00f3lu. Nadaje si\u0119 zar\u00f3wno dla pocz\u0105tkuj\u0105cych, jak i do\u015bwiadczonych u\u017cytkownik\u00f3w waporyzator\u00f3w i produkt\u00f3w spo\u017cywczych.<\/p>","protected":false},"excerpt":{"rendered":"<p>JACK SKELLINGTON: TWEE GECOMBINEERDE KILLER-SOORTEN De veredelaars van deze soort hebben ongeveer twaalf jaar aan Killer Queen gewerkt. Killer Queen bestaat voornamelijk uit G13-genetica, plus een kleine hoeveelheid Cinderella 99. Jack Skellington werd ontdekt nadat Jack The Ripper in beeld kwam. Deze hybride van 30% indica en 70% sativa produceert euforische highs met hoge THC-niveaus&#8230;.<\/p>","protected":false},"featured_media":1451,"comment_status":"open","ping_status":"closed","template":"","meta":{"_kad_post_transparent":"default","_kad_post_title":"","_kad_post_layout":"default","_kad_post_sidebar_id":"","_kad_post_content_style":"default","_kad_post_vertical_padding":"default","_kad_post_feature":"","_kad_post_feature_position":"","_kad_post_header":false,"_kad_post_footer":false,"_joinchat":[]},"product_cat":[17],"product_tag":[],"class_list":["post-106","product","type-product","status-publish","has-post-thumbnail","hentry","product_cat-wiet","entry","content-bg","loop-entry"],"yoast_head":"<!-- This site is optimized with the Yoast SEO plugin v26.3 - https:\/\/yoast.com\/wordpress\/plugins\/seo\/ -->\n<title>Tropical Cherry - Wiet Koop Winkel<\/title>\n<meta name=\"robots\" content=\"index, follow, max-snippet:-1, max-image-preview:large, max-video-preview:-1\" \/>\n<link rel=\"canonical\" href=\"https:\/\/wietkoopwinkel.com\/pl\/produkt\/tropical-cherry\/\" \/>\n<meta property=\"og:locale\" content=\"pl_PL\" \/>\n<meta property=\"og:type\" content=\"article\" \/>\n<meta property=\"og:title\" content=\"Tropical Cherry - Wiet Koop Winkel\" \/>\n<meta property=\"og:description\" content=\"JACK SKELLINGTON: TWEE GECOMBINEERDE KILLER-SOORTEN De veredelaars van deze soort hebben ongeveer twaalf jaar aan Killer Queen gewerkt. Killer Queen bestaat voornamelijk uit G13-genetica, plus een kleine hoeveelheid Cinderella 99. Jack Skellington werd ontdekt nadat Jack The Ripper in beeld kwam. Deze hybride van 30% indica en 70% sativa produceert euforische highs met hoge THC-niveaus....\" \/>\n<meta property=\"og:url\" content=\"https:\/\/wietkoopwinkel.com\/pl\/produkt\/tropical-cherry\/\" \/>\n<meta property=\"og:site_name\" content=\"Wiet Koop Winkel\" \/>\n<meta property=\"article:modified_time\" content=\"2023-10-07T09:48:15+00:00\" \/>\n<meta property=\"og:image\" content=\"https:\/\/wietkoopwinkel.com\/wp-content\/uploads\/2023\/09\/Tropical-Cherry-1.jpg\" \/>\n\t<meta property=\"og:image:width\" content=\"960\" \/>\n\t<meta property=\"og:image:height\" content=\"1280\" \/>\n\t<meta property=\"og:image:type\" content=\"image\/jpeg\" \/>\n<meta name=\"twitter:card\" content=\"summary_large_image\" \/>\n<meta name=\"twitter:label1\" content=\"Szacowany czas czytania\" \/>\n\t<meta name=\"twitter:data1\" content=\"4 minuty\" \/>\n<script type=\"application\/ld+json\" class=\"yoast-schema-graph\">{\"@context\":\"https:\/\/schema.org\",\"@graph\":[{\"@type\":\"WebPage\",\"@id\":\"https:\/\/wietkoopwinkel.com\/product\/tropical-cherry\/\",\"url\":\"https:\/\/wietkoopwinkel.com\/product\/tropical-cherry\/\",\"name\":\"Tropical Cherry - Wiet Koop Winkel\",\"isPartOf\":{\"@id\":\"https:\/\/wietkoopwinkel.com\/#website\"},\"primaryImageOfPage\":{\"@id\":\"https:\/\/wietkoopwinkel.com\/product\/tropical-cherry\/#primaryimage\"},\"image\":{\"@id\":\"https:\/\/wietkoopwinkel.com\/product\/tropical-cherry\/#primaryimage\"},\"thumbnailUrl\":\"https:\/\/wietkoopwinkel.com\/wp-content\/uploads\/2023\/09\/Tropical-Cherry-1.jpg\",\"datePublished\":\"2023-09-22T11:06:16+00:00\",\"dateModified\":\"2023-10-07T09:48:15+00:00\",\"breadcrumb\":{\"@id\":\"https:\/\/wietkoopwinkel.com\/product\/tropical-cherry\/#breadcrumb\"},\"inLanguage\":\"pl-PL\",\"potentialAction\":[{\"@type\":\"ReadAction\",\"target\":[\"https:\/\/wietkoopwinkel.com\/product\/tropical-cherry\/\"]}]},{\"@type\":\"ImageObject\",\"inLanguage\":\"pl-PL\",\"@id\":\"https:\/\/wietkoopwinkel.com\/product\/tropical-cherry\/#primaryimage\",\"url\":\"https:\/\/wietkoopwinkel.com\/wp-content\/uploads\/2023\/09\/Tropical-Cherry-1.jpg\",\"contentUrl\":\"https:\/\/wietkoopwinkel.com\/wp-content\/uploads\/2023\/09\/Tropical-Cherry-1.jpg\",\"width\":960,\"height\":1280,\"caption\":\"Tropical Cherry\"},{\"@type\":\"BreadcrumbList\",\"@id\":\"https:\/\/wietkoopwinkel.com\/product\/tropical-cherry\/#breadcrumb\",\"itemListElement\":[{\"@type\":\"ListItem\",\"position\":1,\"name\":\"Home\",\"item\":\"https:\/\/wietkoopwinkel.com\/\"},{\"@type\":\"ListItem\",\"position\":2,\"name\":\"Winkel\",\"item\":\"https:\/\/wietkoopwinkel.com\/winkel\/\"},{\"@type\":\"ListItem\",\"position\":3,\"name\":\"Tropical Cherry\"}]},{\"@type\":\"WebSite\",\"@id\":\"https:\/\/wietkoopwinkel.com\/#website\",\"url\":\"https:\/\/wietkoopwinkel.com\/\",\"name\":\"Wiet Koop Winkel\",\"description\":\"My WordPress Blog\",\"publisher\":{\"@id\":\"https:\/\/wietkoopwinkel.com\/#organization\"},\"potentialAction\":[{\"@type\":\"SearchAction\",\"target\":{\"@type\":\"EntryPoint\",\"urlTemplate\":\"https:\/\/wietkoopwinkel.com\/?s={search_term_string}\"},\"query-input\":{\"@type\":\"PropertyValueSpecification\",\"valueRequired\":true,\"valueName\":\"search_term_string\"}}],\"inLanguage\":\"pl-PL\"},{\"@type\":\"Organization\",\"@id\":\"https:\/\/wietkoopwinkel.com\/#organization\",\"name\":\"Wiet Koop Winkel\",\"url\":\"https:\/\/wietkoopwinkel.com\/\",\"logo\":{\"@type\":\"ImageObject\",\"inLanguage\":\"pl-PL\",\"@id\":\"https:\/\/wietkoopwinkel.com\/#\/schema\/logo\/image\/\",\"url\":\"https:\/\/wietkoopwinkel.com\/wp-content\/uploads\/2023\/10\/logo.png\",\"contentUrl\":\"https:\/\/wietkoopwinkel.com\/wp-content\/uploads\/2023\/10\/logo.png\",\"width\":400,\"height\":120,\"caption\":\"Wiet Koop Winkel\"},\"image\":{\"@id\":\"https:\/\/wietkoopwinkel.com\/#\/schema\/logo\/image\/\"}}]}<\/script>\n<!-- \/ Yoast SEO plugin. -->","yoast_head_json":{"title":"Tropical Cherry - Wiet Koop Winkel","robots":{"index":"index","follow":"follow","max-snippet":"max-snippet:-1","max-image-preview":"max-image-preview:large","max-video-preview":"max-video-preview:-1"},"canonical":"https:\/\/wietkoopwinkel.com\/pl\/produkt\/tropical-cherry\/","og_locale":"pl_PL","og_type":"article","og_title":"Tropical Cherry - Wiet Koop Winkel","og_description":"JACK SKELLINGTON: TWEE GECOMBINEERDE KILLER-SOORTEN De veredelaars van deze soort hebben ongeveer twaalf jaar aan Killer Queen gewerkt. Killer Queen bestaat voornamelijk uit G13-genetica, plus een kleine hoeveelheid Cinderella 99. Jack Skellington werd ontdekt nadat Jack The Ripper in beeld kwam. Deze hybride van 30% indica en 70% sativa produceert euforische highs met hoge THC-niveaus....","og_url":"https:\/\/wietkoopwinkel.com\/pl\/produkt\/tropical-cherry\/","og_site_name":"Wiet Koop Winkel","article_modified_time":"2023-10-07T09:48:15+00:00","og_image":[{"width":960,"height":1280,"url":"https:\/\/wietkoopwinkel.com\/wp-content\/uploads\/2023\/09\/Tropical-Cherry-1.jpg","type":"image\/jpeg"}],"twitter_card":"summary_large_image","twitter_misc":{"Szacowany czas czytania":"4 minuty"},"schema":{"@context":"https:\/\/schema.org","@graph":[{"@type":"WebPage","@id":"https:\/\/wietkoopwinkel.com\/product\/tropical-cherry\/","url":"https:\/\/wietkoopwinkel.com\/product\/tropical-cherry\/","name":"Tropical Cherry - Wiet Koop Winkel","isPartOf":{"@id":"https:\/\/wietkoopwinkel.com\/#website"},"primaryImageOfPage":{"@id":"https:\/\/wietkoopwinkel.com\/product\/tropical-cherry\/#primaryimage"},"image":{"@id":"https:\/\/wietkoopwinkel.com\/product\/tropical-cherry\/#primaryimage"},"thumbnailUrl":"https:\/\/wietkoopwinkel.com\/wp-content\/uploads\/2023\/09\/Tropical-Cherry-1.jpg","datePublished":"2023-09-22T11:06:16+00:00","dateModified":"2023-10-07T09:48:15+00:00","breadcrumb":{"@id":"https:\/\/wietkoopwinkel.com\/product\/tropical-cherry\/#breadcrumb"},"inLanguage":"pl-PL","potentialAction":[{"@type":"ReadAction","target":["https:\/\/wietkoopwinkel.com\/product\/tropical-cherry\/"]}]},{"@type":"ImageObject","inLanguage":"pl-PL","@id":"https:\/\/wietkoopwinkel.com\/product\/tropical-cherry\/#primaryimage","url":"https:\/\/wietkoopwinkel.com\/wp-content\/uploads\/2023\/09\/Tropical-Cherry-1.jpg","contentUrl":"https:\/\/wietkoopwinkel.com\/wp-content\/uploads\/2023\/09\/Tropical-Cherry-1.jpg","width":960,"height":1280,"caption":"Tropical Cherry"},{"@type":"BreadcrumbList","@id":"https:\/\/wietkoopwinkel.com\/product\/tropical-cherry\/#breadcrumb","itemListElement":[{"@type":"ListItem","position":1,"name":"Home","item":"https:\/\/wietkoopwinkel.com\/"},{"@type":"ListItem","position":2,"name":"Winkel","item":"https:\/\/wietkoopwinkel.com\/winkel\/"},{"@type":"ListItem","position":3,"name":"Tropical Cherry"}]},{"@type":"WebSite","@id":"https:\/\/wietkoopwinkel.com\/#website","url":"https:\/\/wietkoopwinkel.com\/","name":"Wiet Koop Winkel","description":"My WordPress Blog","publisher":{"@id":"https:\/\/wietkoopwinkel.com\/#organization"},"potentialAction":[{"@type":"SearchAction","target":{"@type":"EntryPoint","urlTemplate":"https:\/\/wietkoopwinkel.com\/?s={search_term_string}"},"query-input":{"@type":"PropertyValueSpecification","valueRequired":true,"valueName":"search_term_string"}}],"inLanguage":"pl-PL"},{"@type":"Organization","@id":"https:\/\/wietkoopwinkel.com\/#organization","name":"Wiet Koop Winkel","url":"https:\/\/wietkoopwinkel.com\/","logo":{"@type":"ImageObject","inLanguage":"pl-PL","@id":"https:\/\/wietkoopwinkel.com\/#\/schema\/logo\/image\/","url":"https:\/\/wietkoopwinkel.com\/wp-content\/uploads\/2023\/10\/logo.png","contentUrl":"https:\/\/wietkoopwinkel.com\/wp-content\/uploads\/2023\/10\/logo.png","width":400,"height":120,"caption":"Wiet Koop Winkel"},"image":{"@id":"https:\/\/wietkoopwinkel.com\/#\/schema\/logo\/image\/"}}]}},"_links":{"self":[{"href":"https:\/\/wietkoopwinkel.com\/pl\/wp-json\/wp\/v2\/product\/106","targetHints":{"allow":["GET"]}}],"collection":[{"href":"https:\/\/wietkoopwinkel.com\/pl\/wp-json\/wp\/v2\/product"}],"about":[{"href":"https:\/\/wietkoopwinkel.com\/pl\/wp-json\/wp\/v2\/types\/product"}],"replies":[{"embeddable":true,"href":"https:\/\/wietkoopwinkel.com\/pl\/wp-json\/wp\/v2\/comments?post=106"}],"wp:featuredmedia":[{"embeddable":true,"href":"https:\/\/wietkoopwinkel.com\/pl\/wp-json\/wp\/v2\/media\/1451"}],"wp:attachment":[{"href":"https:\/\/wietkoopwinkel.com\/pl\/wp-json\/wp\/v2\/media?parent=106"}],"wp:term":[{"taxonomy":"product_cat","embeddable":true,"href":"https:\/\/wietkoopwinkel.com\/pl\/wp-json\/wp\/v2\/product_cat?post=106"},{"taxonomy":"product_tag","embeddable":true,"href":"https:\/\/wietkoopwinkel.com\/pl\/wp-json\/wp\/v2\/product_tag?post=106"}],"curies":[{"name":"wp","href":"https:\/\/api.w.org\/{rel}","templated":true}]}}