{"id":98,"date":"2023-09-22T09:48:09","date_gmt":"2023-09-22T09:48:09","guid":{"rendered":"https:\/\/nembutalhouse.com\/weed\/?post_type=product&#038;p=98"},"modified":"2023-10-07T09:50:18","modified_gmt":"2023-10-07T09:50:18","slug":"white-trufflez","status":"publish","type":"product","link":"https:\/\/wietkoopwinkel.com\/it\/prodotto\/white-trufflez\/","title":{"rendered":"Tartufo bianco"},"content":{"rendered":"<h2>COS'\u00c8 LA VARIET\u00c0 DI TARTUFO BIANCO - UN'INTRODUZIONE<\/h2>\n<p>Abbiamo preparato per voi informazioni dettagliate sulla variet\u00e0 White Truffle: il suo profilo, la sua genetica e le sue caratteristiche.<\/p>\n<h3>PROFILO DEL CEPPO<\/h3>\n<p>Scoprite alcune brevi informazioni sulla variet\u00e0 di tartufo bianco.<\/p>\n<p>Tipo 40% Sativa e 60% Indica<br \/>\nPedigree Sconosciuto Incrocio Gorilla Burro<br \/>\nAllevatore Beleaf<br \/>\nAromi Piccante, terroso, funghi, aglio<br \/>\nAroma Agrumi, limone, funghi terrosi, pepe<br \/>\nSensazioni di formicolio, creativit\u00e0, eccitazione, rilassamento<br \/>\nAiuta a contrastare il dolore cronico, l'ansia, lo stress e l'insonnia.<br \/>\nEffetti collaterali Occhi secchi, Bocca secca, Paranoia, Battito cardiaco accelerato<br \/>\nLivello di cannabinoidi THC: da 18% a 26%, livello di CBD: &lt;2%, livello di CBG: 0,21 - 0,29%<br \/>\nTerpeni Ocimeen, Pineene, Humulene, Limonene, Caryophyllene<br \/>\nPedigree, tipo e contenuto della genetica<\/p>\n<p>Si ritiene che le genetiche della famigerata variet\u00e0 Gorilla Butter e di una controparte non identificata siano state incrociate per creare la variet\u00e0 White Truffle, che \u00e8 avvolta nel mistero. Questa variet\u00e0 offre un'esperienza versatile con una miscela armoniosa di effetti edificanti e rilassanti grazie a un rapporto bilanciato Sativa-Indica di 40% Sativa e 60% Indica.<\/p>\n<p>Offrendo un'esperienza ricca ed euforica che pu\u00f2 stimolare la mente e calmare il corpo, questa variet\u00e0 vanta un potente profilo cannabinoide con livelli di THC che vanno da 18% a 26%. Ha un contenuto di CBD molto basso - meno di 2% - e un contenuto di CBG moderatamente alto - tra 0,21 e 0,29%. Questi rapporti di cannabis offrono una combinazione soddisfacente di forte sballo ed effetti benefici.<\/p>\n<p>L'incredibile variet\u00e0 di terpeni della variet\u00e0 White Truffle contribuisce anche al suo caratteristico sapore e aroma. Grazie all'elevato contenuto di ocimeene e all'aggiunta di pineene, la variet\u00e0 ha un odore di limone. Anche la concentrazione di umulene crea un odore terroso di fungo. Tuttavia, l'aroma di limone deriva dalla presenza di limonene, mentre la concentrazione di cariofillene fornisce un tocco di spezie con le sue sfumature pepate.<\/p>\n<h3>Gli aspetti caratteriali comprendono l'aspetto, il gusto, l'odore e il sapore.<\/h3>\n<p>La cannabis di tipo White Truffle ha un aspetto bellissimo. Le dense cime a forma di vanga sono ricoperte di tricomi bianco ghiaccio. Le piccole cime a forma di popcorn hanno un colore viola scuro con una sottile sfumatura di peli arancioni o marrone scuro, che risalta sullo sfondo viola scuro.<\/p>\n<p>Quando viene ingerita, i sapori speziati e terrosi di questa variet\u00e0, che ricordano i funghi e l'aglio, attirano i sensi gustativi. Per gli amanti della cannabis che desiderano un'esperienza unica, questi sapori salati creano un ambiente complesso e accattivante. Anche l'odore di questa variet\u00e0 \u00e8 allettante, con note di agrumi e limone che si fondono perfettamente con sfumature terrose di funghi e una leggera nota pepata.<\/p>","protected":false},"excerpt":{"rendered":"<p>WAT IS DE WITTE TRUFFELSOORT &#8211; EEN INLEIDING We hebben gedetailleerde informatie voor u voorbereid over de White Truffle-soort: het profiel, de genetica en de kenmerken ervan. STRAIN-PROFIEL Bekijk enkele korte feiten over de witte truffelsoort. Type 40% Sativa en 60% Indica Afstamming Onbekend Gorilla Butter Cross Fokker Beleaf Smaken Kruiden, aards, champignons, knoflook Aroma&#8230;<\/p>","protected":false},"featured_media":1453,"comment_status":"open","ping_status":"closed","template":"","meta":{"_kad_post_transparent":"default","_kad_post_title":"","_kad_post_layout":"default","_kad_post_sidebar_id":"","_kad_post_content_style":"default","_kad_post_vertical_padding":"default","_kad_post_feature":"","_kad_post_feature_position":"","_kad_post_header":false,"_kad_post_footer":false,"_joinchat":[]},"product_cat":[17],"product_tag":[],"class_list":["post-98","product","type-product","status-publish","has-post-thumbnail","hentry","product_cat-wiet","entry","content-bg","loop-entry"],"yoast_head":"<!-- This site is optimized with the Yoast SEO plugin v26.3 - https:\/\/yoast.com\/wordpress\/plugins\/seo\/ -->\n<title>White Trufflez - Wiet Koop Winkel<\/title>\n<meta name=\"robots\" content=\"index, follow, max-snippet:-1, max-image-preview:large, max-video-preview:-1\" \/>\n<link rel=\"canonical\" href=\"https:\/\/wietkoopwinkel.com\/it\/prodotto\/white-trufflez\/\" \/>\n<meta property=\"og:locale\" content=\"it_IT\" \/>\n<meta property=\"og:type\" content=\"article\" \/>\n<meta property=\"og:title\" content=\"White Trufflez - Wiet Koop Winkel\" \/>\n<meta property=\"og:description\" content=\"WAT IS DE WITTE TRUFFELSOORT &#8211; EEN INLEIDING We hebben gedetailleerde informatie voor u voorbereid over de White Truffle-soort: het profiel, de genetica en de kenmerken ervan. STRAIN-PROFIEL Bekijk enkele korte feiten over de witte truffelsoort. Type 40% Sativa en 60% Indica Afstamming Onbekend Gorilla Butter Cross Fokker Beleaf Smaken Kruiden, aards, champignons, knoflook Aroma...\" \/>\n<meta property=\"og:url\" content=\"https:\/\/wietkoopwinkel.com\/it\/prodotto\/white-trufflez\/\" \/>\n<meta property=\"og:site_name\" content=\"Wiet Koop Winkel\" \/>\n<meta property=\"article:modified_time\" content=\"2023-10-07T09:50:18+00:00\" \/>\n<meta property=\"og:image\" content=\"https:\/\/wietkoopwinkel.com\/wp-content\/uploads\/2023\/09\/White-Trufflez.jpg\" \/>\n\t<meta property=\"og:image:width\" content=\"960\" \/>\n\t<meta property=\"og:image:height\" content=\"1280\" \/>\n\t<meta property=\"og:image:type\" content=\"image\/jpeg\" \/>\n<meta name=\"twitter:card\" content=\"summary_large_image\" \/>\n<meta name=\"twitter:label1\" content=\"Tempo di lettura stimato\" \/>\n\t<meta name=\"twitter:data1\" content=\"2 minuti\" \/>\n<script type=\"application\/ld+json\" class=\"yoast-schema-graph\">{\"@context\":\"https:\/\/schema.org\",\"@graph\":[{\"@type\":\"WebPage\",\"@id\":\"https:\/\/wietkoopwinkel.com\/product\/white-trufflez\/\",\"url\":\"https:\/\/wietkoopwinkel.com\/product\/white-trufflez\/\",\"name\":\"White Trufflez - Wiet Koop Winkel\",\"isPartOf\":{\"@id\":\"https:\/\/wietkoopwinkel.com\/#website\"},\"primaryImageOfPage\":{\"@id\":\"https:\/\/wietkoopwinkel.com\/product\/white-trufflez\/#primaryimage\"},\"image\":{\"@id\":\"https:\/\/wietkoopwinkel.com\/product\/white-trufflez\/#primaryimage\"},\"thumbnailUrl\":\"https:\/\/wietkoopwinkel.com\/wp-content\/uploads\/2023\/09\/White-Trufflez.jpg\",\"datePublished\":\"2023-09-22T09:48:09+00:00\",\"dateModified\":\"2023-10-07T09:50:18+00:00\",\"breadcrumb\":{\"@id\":\"https:\/\/wietkoopwinkel.com\/product\/white-trufflez\/#breadcrumb\"},\"inLanguage\":\"it-IT\",\"potentialAction\":[{\"@type\":\"ReadAction\",\"target\":[\"https:\/\/wietkoopwinkel.com\/product\/white-trufflez\/\"]}]},{\"@type\":\"ImageObject\",\"inLanguage\":\"it-IT\",\"@id\":\"https:\/\/wietkoopwinkel.com\/product\/white-trufflez\/#primaryimage\",\"url\":\"https:\/\/wietkoopwinkel.com\/wp-content\/uploads\/2023\/09\/White-Trufflez.jpg\",\"contentUrl\":\"https:\/\/wietkoopwinkel.com\/wp-content\/uploads\/2023\/09\/White-Trufflez.jpg\",\"width\":960,\"height\":1280,\"caption\":\"White Trufflez\"},{\"@type\":\"BreadcrumbList\",\"@id\":\"https:\/\/wietkoopwinkel.com\/product\/white-trufflez\/#breadcrumb\",\"itemListElement\":[{\"@type\":\"ListItem\",\"position\":1,\"name\":\"Home\",\"item\":\"https:\/\/wietkoopwinkel.com\/\"},{\"@type\":\"ListItem\",\"position\":2,\"name\":\"Winkel\",\"item\":\"https:\/\/wietkoopwinkel.com\/winkel\/\"},{\"@type\":\"ListItem\",\"position\":3,\"name\":\"White Trufflez\"}]},{\"@type\":\"WebSite\",\"@id\":\"https:\/\/wietkoopwinkel.com\/#website\",\"url\":\"https:\/\/wietkoopwinkel.com\/\",\"name\":\"Wiet Koop Winkel\",\"description\":\"My WordPress Blog\",\"publisher\":{\"@id\":\"https:\/\/wietkoopwinkel.com\/#organization\"},\"potentialAction\":[{\"@type\":\"SearchAction\",\"target\":{\"@type\":\"EntryPoint\",\"urlTemplate\":\"https:\/\/wietkoopwinkel.com\/?s={search_term_string}\"},\"query-input\":{\"@type\":\"PropertyValueSpecification\",\"valueRequired\":true,\"valueName\":\"search_term_string\"}}],\"inLanguage\":\"it-IT\"},{\"@type\":\"Organization\",\"@id\":\"https:\/\/wietkoopwinkel.com\/#organization\",\"name\":\"Wiet Koop Winkel\",\"url\":\"https:\/\/wietkoopwinkel.com\/\",\"logo\":{\"@type\":\"ImageObject\",\"inLanguage\":\"it-IT\",\"@id\":\"https:\/\/wietkoopwinkel.com\/#\/schema\/logo\/image\/\",\"url\":\"https:\/\/wietkoopwinkel.com\/wp-content\/uploads\/2023\/10\/logo.png\",\"contentUrl\":\"https:\/\/wietkoopwinkel.com\/wp-content\/uploads\/2023\/10\/logo.png\",\"width\":400,\"height\":120,\"caption\":\"Wiet Koop Winkel\"},\"image\":{\"@id\":\"https:\/\/wietkoopwinkel.com\/#\/schema\/logo\/image\/\"}}]}<\/script>\n<!-- \/ Yoast SEO plugin. -->","yoast_head_json":{"title":"White Trufflez - Wiet Koop Winkel","robots":{"index":"index","follow":"follow","max-snippet":"max-snippet:-1","max-image-preview":"max-image-preview:large","max-video-preview":"max-video-preview:-1"},"canonical":"https:\/\/wietkoopwinkel.com\/it\/prodotto\/white-trufflez\/","og_locale":"it_IT","og_type":"article","og_title":"White Trufflez - Wiet Koop Winkel","og_description":"WAT IS DE WITTE TRUFFELSOORT &#8211; EEN INLEIDING We hebben gedetailleerde informatie voor u voorbereid over de White Truffle-soort: het profiel, de genetica en de kenmerken ervan. STRAIN-PROFIEL Bekijk enkele korte feiten over de witte truffelsoort. Type 40% Sativa en 60% Indica Afstamming Onbekend Gorilla Butter Cross Fokker Beleaf Smaken Kruiden, aards, champignons, knoflook Aroma...","og_url":"https:\/\/wietkoopwinkel.com\/it\/prodotto\/white-trufflez\/","og_site_name":"Wiet Koop Winkel","article_modified_time":"2023-10-07T09:50:18+00:00","og_image":[{"width":960,"height":1280,"url":"https:\/\/wietkoopwinkel.com\/wp-content\/uploads\/2023\/09\/White-Trufflez.jpg","type":"image\/jpeg"}],"twitter_card":"summary_large_image","twitter_misc":{"Tempo di lettura stimato":"2 minuti"},"schema":{"@context":"https:\/\/schema.org","@graph":[{"@type":"WebPage","@id":"https:\/\/wietkoopwinkel.com\/product\/white-trufflez\/","url":"https:\/\/wietkoopwinkel.com\/product\/white-trufflez\/","name":"White Trufflez - Wiet Koop Winkel","isPartOf":{"@id":"https:\/\/wietkoopwinkel.com\/#website"},"primaryImageOfPage":{"@id":"https:\/\/wietkoopwinkel.com\/product\/white-trufflez\/#primaryimage"},"image":{"@id":"https:\/\/wietkoopwinkel.com\/product\/white-trufflez\/#primaryimage"},"thumbnailUrl":"https:\/\/wietkoopwinkel.com\/wp-content\/uploads\/2023\/09\/White-Trufflez.jpg","datePublished":"2023-09-22T09:48:09+00:00","dateModified":"2023-10-07T09:50:18+00:00","breadcrumb":{"@id":"https:\/\/wietkoopwinkel.com\/product\/white-trufflez\/#breadcrumb"},"inLanguage":"it-IT","potentialAction":[{"@type":"ReadAction","target":["https:\/\/wietkoopwinkel.com\/product\/white-trufflez\/"]}]},{"@type":"ImageObject","inLanguage":"it-IT","@id":"https:\/\/wietkoopwinkel.com\/product\/white-trufflez\/#primaryimage","url":"https:\/\/wietkoopwinkel.com\/wp-content\/uploads\/2023\/09\/White-Trufflez.jpg","contentUrl":"https:\/\/wietkoopwinkel.com\/wp-content\/uploads\/2023\/09\/White-Trufflez.jpg","width":960,"height":1280,"caption":"White Trufflez"},{"@type":"BreadcrumbList","@id":"https:\/\/wietkoopwinkel.com\/product\/white-trufflez\/#breadcrumb","itemListElement":[{"@type":"ListItem","position":1,"name":"Home","item":"https:\/\/wietkoopwinkel.com\/"},{"@type":"ListItem","position":2,"name":"Winkel","item":"https:\/\/wietkoopwinkel.com\/winkel\/"},{"@type":"ListItem","position":3,"name":"White Trufflez"}]},{"@type":"WebSite","@id":"https:\/\/wietkoopwinkel.com\/#website","url":"https:\/\/wietkoopwinkel.com\/","name":"Wiet Koop Winkel","description":"My WordPress Blog","publisher":{"@id":"https:\/\/wietkoopwinkel.com\/#organization"},"potentialAction":[{"@type":"SearchAction","target":{"@type":"EntryPoint","urlTemplate":"https:\/\/wietkoopwinkel.com\/?s={search_term_string}"},"query-input":{"@type":"PropertyValueSpecification","valueRequired":true,"valueName":"search_term_string"}}],"inLanguage":"it-IT"},{"@type":"Organization","@id":"https:\/\/wietkoopwinkel.com\/#organization","name":"Wiet Koop Winkel","url":"https:\/\/wietkoopwinkel.com\/","logo":{"@type":"ImageObject","inLanguage":"it-IT","@id":"https:\/\/wietkoopwinkel.com\/#\/schema\/logo\/image\/","url":"https:\/\/wietkoopwinkel.com\/wp-content\/uploads\/2023\/10\/logo.png","contentUrl":"https:\/\/wietkoopwinkel.com\/wp-content\/uploads\/2023\/10\/logo.png","width":400,"height":120,"caption":"Wiet Koop Winkel"},"image":{"@id":"https:\/\/wietkoopwinkel.com\/#\/schema\/logo\/image\/"}}]}},"_links":{"self":[{"href":"https:\/\/wietkoopwinkel.com\/it\/wp-json\/wp\/v2\/product\/98","targetHints":{"allow":["GET"]}}],"collection":[{"href":"https:\/\/wietkoopwinkel.com\/it\/wp-json\/wp\/v2\/product"}],"about":[{"href":"https:\/\/wietkoopwinkel.com\/it\/wp-json\/wp\/v2\/types\/product"}],"replies":[{"embeddable":true,"href":"https:\/\/wietkoopwinkel.com\/it\/wp-json\/wp\/v2\/comments?post=98"}],"wp:featuredmedia":[{"embeddable":true,"href":"https:\/\/wietkoopwinkel.com\/it\/wp-json\/wp\/v2\/media\/1453"}],"wp:attachment":[{"href":"https:\/\/wietkoopwinkel.com\/it\/wp-json\/wp\/v2\/media?parent=98"}],"wp:term":[{"taxonomy":"product_cat","embeddable":true,"href":"https:\/\/wietkoopwinkel.com\/it\/wp-json\/wp\/v2\/product_cat?post=98"},{"taxonomy":"product_tag","embeddable":true,"href":"https:\/\/wietkoopwinkel.com\/it\/wp-json\/wp\/v2\/product_tag?post=98"}],"curies":[{"name":"wp","href":"https:\/\/api.w.org\/{rel}","templated":true}]}}