{"id":91,"date":"2023-09-22T09:42:34","date_gmt":"2023-09-22T09:42:34","guid":{"rendered":"https:\/\/nembutalhouse.com\/weed\/?post_type=product&#038;p=91"},"modified":"2023-10-07T09:51:49","modified_gmt":"2023-10-07T09:51:49","slug":"gelato-41","status":"publish","type":"product","link":"https:\/\/wietkoopwinkel.com\/it\/prodotto\/gelato-41\/","title":{"rendered":"Gelato 41"},"content":{"rendered":"<h2>IL PATRIMONIO GENETICO DEL GELATO #41: UNA COMBINAZIONE DI DUE CLASSICI CALI<\/h2>\n<p>Gelato #41 \u00e8 un incrocio di due note variet\u00e0 californiane: Sunset Sherbet e Thin Mint Cookies. \u00c8 una delle pi\u00f9 importanti variet\u00e0 californiane mai sviluppate e la base di molti incroci ibridi contemporanei. Questa variet\u00e0, che Sherbinskis ha coltivato e perfezionato per prima, ha guadagnato rapidamente fama e ha cambiato in modo permanente la percezione che le persone hanno del sapore e della sensazione della marijuana moderna. Oggi, altre aziende produttrici di semi offrono le proprie variet\u00e0 di questa rivoluzionaria cultivar, ed \u00e8 difficile immaginare la coltivazione moderna senza la Gelato #41.<\/p>\n<p>La linea di gelati alla cannabis \u00e8 degna di nota perch\u00e9 ha dato origine a numerosi fenotipi eccezionali e rari. Per gli Sherbinski, la combinazione di Thin Mint Cookies e Sunset Sherbet \u00e8 stata come trovare l'oro. Le variet\u00e0 Gelato 33 (nota anche come Larry Bird Kush), 44, 45, 47 e 49 sono diventate tutte popolari a loro volta, ma la variet\u00e0 Gelato 41 si distingue come la pi\u00f9 forte di tutte e ha raggiunto uno status leggendario per la sua profonda influenza sul mercato della cannabis.<\/p>\n<h3>SHERBET ADULTO<\/h3>\n<p>Sunset Sherbet, un'altra cultivar creata dagli Sherbinski, \u00e8 un ibrido di Pink Panties e Girl Scout Cookies. Ha dato a Gelato #41 una genetica a predominanza indica e un potente sballo corporeo. Inoltre, ha conferito molte delle note speziate e dolci di bacche per cui la Gelato #41 \u00e8 famosa.<\/p>\n<h3>BISCOTTI ALLA MENTA, SOTTILI<\/h3>\n<p>Un fenotipo speciale della SGR che definisce lo standard di mercato \u00e8 quello dei biscotti sottili alla menta. La forte potenza psichedelica, le sfumature di menta nel suo aroma e le propriet\u00e0 terapeutiche che la Gelato #41 ha ottenuto da questa variet\u00e0.<\/p>","protected":false},"excerpt":{"rendered":"<p>GELATO #41&#8217;S GENETISCHE ACHTERGROND: EEN COMBINATIE VAN TWEE CALI KLASSIEKERS Gelato #41 is een kruising van twee bekende Californische soorten: Sunset Sherbet en Thin Mint Cookies. Het is een van de belangrijkste Californische soorten die ooit zijn ontwikkeld en de basis voor veel hedendaagse hybride kruisingen. Deze soort, die Sherbinskis voor het eerst kweekte en&#8230;<\/p>","protected":false},"featured_media":1454,"comment_status":"open","ping_status":"closed","template":"","meta":{"_kad_post_transparent":"default","_kad_post_title":"","_kad_post_layout":"default","_kad_post_sidebar_id":"","_kad_post_content_style":"default","_kad_post_vertical_padding":"default","_kad_post_feature":"","_kad_post_feature_position":"","_kad_post_header":false,"_kad_post_footer":false,"_joinchat":[]},"product_cat":[17],"product_tag":[],"class_list":["post-91","product","type-product","status-publish","has-post-thumbnail","hentry","product_cat-wiet","entry","content-bg","loop-entry"],"yoast_head":"<!-- This site is optimized with the Yoast SEO plugin v26.3 - https:\/\/yoast.com\/wordpress\/plugins\/seo\/ -->\n<title>Gelato 41 - Wiet Koop Winkel<\/title>\n<meta name=\"robots\" content=\"index, follow, max-snippet:-1, max-image-preview:large, max-video-preview:-1\" \/>\n<link rel=\"canonical\" href=\"https:\/\/wietkoopwinkel.com\/it\/prodotto\/gelato-41\/\" \/>\n<meta property=\"og:locale\" content=\"it_IT\" \/>\n<meta property=\"og:type\" content=\"article\" \/>\n<meta property=\"og:title\" content=\"Gelato 41 - Wiet Koop Winkel\" \/>\n<meta property=\"og:description\" content=\"GELATO #41&#8217;S GENETISCHE ACHTERGROND: EEN COMBINATIE VAN TWEE CALI KLASSIEKERS Gelato #41 is een kruising van twee bekende Californische soorten: Sunset Sherbet en Thin Mint Cookies. Het is een van de belangrijkste Californische soorten die ooit zijn ontwikkeld en de basis voor veel hedendaagse hybride kruisingen. Deze soort, die Sherbinskis voor het eerst kweekte en...\" \/>\n<meta property=\"og:url\" content=\"https:\/\/wietkoopwinkel.com\/it\/prodotto\/gelato-41\/\" \/>\n<meta property=\"og:site_name\" content=\"Wiet Koop Winkel\" \/>\n<meta property=\"article:modified_time\" content=\"2023-10-07T09:51:49+00:00\" \/>\n<meta property=\"og:image\" content=\"https:\/\/wietkoopwinkel.com\/wp-content\/uploads\/2023\/09\/Gelato-41.jpg\" \/>\n\t<meta property=\"og:image:width\" content=\"960\" \/>\n\t<meta property=\"og:image:height\" content=\"1280\" \/>\n\t<meta property=\"og:image:type\" content=\"image\/jpeg\" \/>\n<meta name=\"twitter:card\" content=\"summary_large_image\" \/>\n<meta name=\"twitter:label1\" content=\"Tempo di lettura stimato\" \/>\n\t<meta name=\"twitter:data1\" content=\"2 minuti\" \/>\n<script type=\"application\/ld+json\" class=\"yoast-schema-graph\">{\"@context\":\"https:\/\/schema.org\",\"@graph\":[{\"@type\":\"WebPage\",\"@id\":\"https:\/\/wietkoopwinkel.com\/product\/gelato-41\/\",\"url\":\"https:\/\/wietkoopwinkel.com\/product\/gelato-41\/\",\"name\":\"Gelato 41 - Wiet Koop Winkel\",\"isPartOf\":{\"@id\":\"https:\/\/wietkoopwinkel.com\/#website\"},\"primaryImageOfPage\":{\"@id\":\"https:\/\/wietkoopwinkel.com\/product\/gelato-41\/#primaryimage\"},\"image\":{\"@id\":\"https:\/\/wietkoopwinkel.com\/product\/gelato-41\/#primaryimage\"},\"thumbnailUrl\":\"https:\/\/wietkoopwinkel.com\/wp-content\/uploads\/2023\/09\/Gelato-41.jpg\",\"datePublished\":\"2023-09-22T09:42:34+00:00\",\"dateModified\":\"2023-10-07T09:51:49+00:00\",\"breadcrumb\":{\"@id\":\"https:\/\/wietkoopwinkel.com\/product\/gelato-41\/#breadcrumb\"},\"inLanguage\":\"it-IT\",\"potentialAction\":[{\"@type\":\"ReadAction\",\"target\":[\"https:\/\/wietkoopwinkel.com\/product\/gelato-41\/\"]}]},{\"@type\":\"ImageObject\",\"inLanguage\":\"it-IT\",\"@id\":\"https:\/\/wietkoopwinkel.com\/product\/gelato-41\/#primaryimage\",\"url\":\"https:\/\/wietkoopwinkel.com\/wp-content\/uploads\/2023\/09\/Gelato-41.jpg\",\"contentUrl\":\"https:\/\/wietkoopwinkel.com\/wp-content\/uploads\/2023\/09\/Gelato-41.jpg\",\"width\":960,\"height\":1280,\"caption\":\"wiet kopen\"},{\"@type\":\"BreadcrumbList\",\"@id\":\"https:\/\/wietkoopwinkel.com\/product\/gelato-41\/#breadcrumb\",\"itemListElement\":[{\"@type\":\"ListItem\",\"position\":1,\"name\":\"Home\",\"item\":\"https:\/\/wietkoopwinkel.com\/\"},{\"@type\":\"ListItem\",\"position\":2,\"name\":\"Winkel\",\"item\":\"https:\/\/wietkoopwinkel.com\/winkel\/\"},{\"@type\":\"ListItem\",\"position\":3,\"name\":\"Gelato 41\"}]},{\"@type\":\"WebSite\",\"@id\":\"https:\/\/wietkoopwinkel.com\/#website\",\"url\":\"https:\/\/wietkoopwinkel.com\/\",\"name\":\"Wiet Koop Winkel\",\"description\":\"My WordPress Blog\",\"publisher\":{\"@id\":\"https:\/\/wietkoopwinkel.com\/#organization\"},\"potentialAction\":[{\"@type\":\"SearchAction\",\"target\":{\"@type\":\"EntryPoint\",\"urlTemplate\":\"https:\/\/wietkoopwinkel.com\/?s={search_term_string}\"},\"query-input\":{\"@type\":\"PropertyValueSpecification\",\"valueRequired\":true,\"valueName\":\"search_term_string\"}}],\"inLanguage\":\"it-IT\"},{\"@type\":\"Organization\",\"@id\":\"https:\/\/wietkoopwinkel.com\/#organization\",\"name\":\"Wiet Koop Winkel\",\"url\":\"https:\/\/wietkoopwinkel.com\/\",\"logo\":{\"@type\":\"ImageObject\",\"inLanguage\":\"it-IT\",\"@id\":\"https:\/\/wietkoopwinkel.com\/#\/schema\/logo\/image\/\",\"url\":\"https:\/\/wietkoopwinkel.com\/wp-content\/uploads\/2023\/10\/logo.png\",\"contentUrl\":\"https:\/\/wietkoopwinkel.com\/wp-content\/uploads\/2023\/10\/logo.png\",\"width\":400,\"height\":120,\"caption\":\"Wiet Koop Winkel\"},\"image\":{\"@id\":\"https:\/\/wietkoopwinkel.com\/#\/schema\/logo\/image\/\"}}]}<\/script>\n<!-- \/ Yoast SEO plugin. -->","yoast_head_json":{"title":"Gelato 41 - Wiet Koop Winkel","robots":{"index":"index","follow":"follow","max-snippet":"max-snippet:-1","max-image-preview":"max-image-preview:large","max-video-preview":"max-video-preview:-1"},"canonical":"https:\/\/wietkoopwinkel.com\/it\/prodotto\/gelato-41\/","og_locale":"it_IT","og_type":"article","og_title":"Gelato 41 - Wiet Koop Winkel","og_description":"GELATO #41&#8217;S GENETISCHE ACHTERGROND: EEN COMBINATIE VAN TWEE CALI KLASSIEKERS Gelato #41 is een kruising van twee bekende Californische soorten: Sunset Sherbet en Thin Mint Cookies. Het is een van de belangrijkste Californische soorten die ooit zijn ontwikkeld en de basis voor veel hedendaagse hybride kruisingen. Deze soort, die Sherbinskis voor het eerst kweekte en...","og_url":"https:\/\/wietkoopwinkel.com\/it\/prodotto\/gelato-41\/","og_site_name":"Wiet Koop Winkel","article_modified_time":"2023-10-07T09:51:49+00:00","og_image":[{"width":960,"height":1280,"url":"https:\/\/wietkoopwinkel.com\/wp-content\/uploads\/2023\/09\/Gelato-41.jpg","type":"image\/jpeg"}],"twitter_card":"summary_large_image","twitter_misc":{"Tempo di lettura stimato":"2 minuti"},"schema":{"@context":"https:\/\/schema.org","@graph":[{"@type":"WebPage","@id":"https:\/\/wietkoopwinkel.com\/product\/gelato-41\/","url":"https:\/\/wietkoopwinkel.com\/product\/gelato-41\/","name":"Gelato 41 - Wiet Koop Winkel","isPartOf":{"@id":"https:\/\/wietkoopwinkel.com\/#website"},"primaryImageOfPage":{"@id":"https:\/\/wietkoopwinkel.com\/product\/gelato-41\/#primaryimage"},"image":{"@id":"https:\/\/wietkoopwinkel.com\/product\/gelato-41\/#primaryimage"},"thumbnailUrl":"https:\/\/wietkoopwinkel.com\/wp-content\/uploads\/2023\/09\/Gelato-41.jpg","datePublished":"2023-09-22T09:42:34+00:00","dateModified":"2023-10-07T09:51:49+00:00","breadcrumb":{"@id":"https:\/\/wietkoopwinkel.com\/product\/gelato-41\/#breadcrumb"},"inLanguage":"it-IT","potentialAction":[{"@type":"ReadAction","target":["https:\/\/wietkoopwinkel.com\/product\/gelato-41\/"]}]},{"@type":"ImageObject","inLanguage":"it-IT","@id":"https:\/\/wietkoopwinkel.com\/product\/gelato-41\/#primaryimage","url":"https:\/\/wietkoopwinkel.com\/wp-content\/uploads\/2023\/09\/Gelato-41.jpg","contentUrl":"https:\/\/wietkoopwinkel.com\/wp-content\/uploads\/2023\/09\/Gelato-41.jpg","width":960,"height":1280,"caption":"wiet kopen"},{"@type":"BreadcrumbList","@id":"https:\/\/wietkoopwinkel.com\/product\/gelato-41\/#breadcrumb","itemListElement":[{"@type":"ListItem","position":1,"name":"Home","item":"https:\/\/wietkoopwinkel.com\/"},{"@type":"ListItem","position":2,"name":"Winkel","item":"https:\/\/wietkoopwinkel.com\/winkel\/"},{"@type":"ListItem","position":3,"name":"Gelato 41"}]},{"@type":"WebSite","@id":"https:\/\/wietkoopwinkel.com\/#website","url":"https:\/\/wietkoopwinkel.com\/","name":"Wiet Koop Winkel","description":"My WordPress Blog","publisher":{"@id":"https:\/\/wietkoopwinkel.com\/#organization"},"potentialAction":[{"@type":"SearchAction","target":{"@type":"EntryPoint","urlTemplate":"https:\/\/wietkoopwinkel.com\/?s={search_term_string}"},"query-input":{"@type":"PropertyValueSpecification","valueRequired":true,"valueName":"search_term_string"}}],"inLanguage":"it-IT"},{"@type":"Organization","@id":"https:\/\/wietkoopwinkel.com\/#organization","name":"Wiet Koop Winkel","url":"https:\/\/wietkoopwinkel.com\/","logo":{"@type":"ImageObject","inLanguage":"it-IT","@id":"https:\/\/wietkoopwinkel.com\/#\/schema\/logo\/image\/","url":"https:\/\/wietkoopwinkel.com\/wp-content\/uploads\/2023\/10\/logo.png","contentUrl":"https:\/\/wietkoopwinkel.com\/wp-content\/uploads\/2023\/10\/logo.png","width":400,"height":120,"caption":"Wiet Koop Winkel"},"image":{"@id":"https:\/\/wietkoopwinkel.com\/#\/schema\/logo\/image\/"}}]}},"_links":{"self":[{"href":"https:\/\/wietkoopwinkel.com\/it\/wp-json\/wp\/v2\/product\/91","targetHints":{"allow":["GET"]}}],"collection":[{"href":"https:\/\/wietkoopwinkel.com\/it\/wp-json\/wp\/v2\/product"}],"about":[{"href":"https:\/\/wietkoopwinkel.com\/it\/wp-json\/wp\/v2\/types\/product"}],"replies":[{"embeddable":true,"href":"https:\/\/wietkoopwinkel.com\/it\/wp-json\/wp\/v2\/comments?post=91"}],"wp:featuredmedia":[{"embeddable":true,"href":"https:\/\/wietkoopwinkel.com\/it\/wp-json\/wp\/v2\/media\/1454"}],"wp:attachment":[{"href":"https:\/\/wietkoopwinkel.com\/it\/wp-json\/wp\/v2\/media?parent=91"}],"wp:term":[{"taxonomy":"product_cat","embeddable":true,"href":"https:\/\/wietkoopwinkel.com\/it\/wp-json\/wp\/v2\/product_cat?post=91"},{"taxonomy":"product_tag","embeddable":true,"href":"https:\/\/wietkoopwinkel.com\/it\/wp-json\/wp\/v2\/product_tag?post=91"}],"curies":[{"name":"wp","href":"https:\/\/api.w.org\/{rel}","templated":true}]}}