{"id":58,"date":"2023-09-22T08:57:00","date_gmt":"2023-09-22T08:57:00","guid":{"rendered":"https:\/\/nembutalhouse.com\/weed\/?post_type=product&#038;p=58"},"modified":"2024-01-03T11:32:52","modified_gmt":"2024-01-03T11:32:52","slug":"cherry-pie","status":"publish","type":"product","link":"https:\/\/wietkoopwinkel.com\/it\/prodotto\/cherry-pie\/","title":{"rendered":"Torta di ciliegie"},"content":{"rendered":"<p>Cookies &amp; Cream \u00e8 un ibrido di cannabis diverso che presenta un mix pi\u00f9 gradevole di sapori e aromi, insieme a effetti ben bilanciati, quindi gli amanti delle variet\u00e0 dolci e decadenti facciano attenzione. In questo articolo esploreremo la genetica, il sapore e le caratteristiche di crescita della Cookies &amp; Cream, oltre agli effetti percepiti, ai benefici, ai dosaggi consigliati e agli effetti negativi.<\/p>\n<h2>Informazioni sulla genetica di biscotti e panna<\/h2>\n<p>Exotic Genetix, un rinomato breeder di cannabis dello stato di Washington, ha sviluppato la variet\u00e0 ibrida di cannabis Cookies and Cream. Girl Scout Cookies e Starfighter sono state incrociate per produrre questa variet\u00e0 potente e saporita, che ha conquistato il cuore di molti intenditori di cannabis.<\/p>\n<p>Girl Scout Cookies \u00e8 nota per il suo sapore dolce e terroso che ricorda la pasticceria. Ha vinto una serie di premi, tra cui l'High Times Cannabis Cup. La variet\u00e0 di pura indica Starfighter, invece, ha un aroma meraviglioso e un impatto fisico rilassante.<\/p>\n<p>Ereditando i tratti migliori di entrambi i ceppi genitori, Cookies &amp; Cream ha prodotto una variet\u00e0 dall'aroma delizioso e dagli effetti ben bilanciati, che la rendono una delle preferite da una variet\u00e0 di appassionati di cannabis.<\/p>\n<h3>ODORE, SAPORE E IMPATTO DELLA CREMA E DEI BISCOTTI<\/h3>\n<p>Cookies and Cream, come suggerisce il nome, ha un sapore dolce e cremoso con tracce di vaniglia, noci e terra. Ci\u00f2 \u00e8 dovuto a un profilo terpenico con limonene, cariofillene e mircene come componenti principali. L'aroma della variet\u00e0 \u00e8 limonoso grazie al limonene; ha un sapore speziato e pepato grazie al cariofillene; e ha un effetto calmante, soprattutto grazie al mircene.<\/p>\n<p>Il contenuto di THC di Cookies and Cream, che varia da 20% a 25%, la rende una variet\u00e0 relativamente forte. Lo sballo ha vari effetti, tra cui effetti edificanti e calmanti. Dopo qualche boccata, un'esplosione di effetto intellettuale che aumenta la creativit\u00e0 e migliora l'umore prende il controllo, seguita da una sensazione di calma fisica man mano che si continua a consumarla. Questa variet\u00e0 funziona meglio in dosi moderate come spuntino; in quantit\u00e0 maggiori, la sensazione di sballo indotta la rende il bicchierino ideale.<\/p>\n<h3>BENEFICI DELL'UTILIZZO DI PANNA E BISCOTTI<\/h3>\n<p>Si ritiene che Cookies and Cream abbia una serie di benefici distinti, tra cui la riduzione dello stress, il sollievo dal dolore, la stimolazione dell'appetito e il miglioramento del sonno. Mentre le propriet\u00e0 analgesiche di questa variet\u00e0 possono essere utili per controllare il dolore cronico, i suoi effetti calmanti possono aiutare a ridurre l'impatto dello stress e dell'ansia. Inoltre, Biscuits and Cream pu\u00f2 aumentare l'appetito, rendendola adatta a persone le cui condizioni mediche hanno causato una perdita di appetito.<\/p>","protected":false},"excerpt":{"rendered":"<p>Cookies &amp; Cream is een gevarieerde cannabishybride die een mooiere mix van smaken en geuren laat zien, samen met goed uitgebalanceerde effecten, dus liefhebbers van zoete en decadente soorten opgelet. In dit artikel zullen we de genetica, smaak en groei-eigenschappen van Cookies &amp; Cream onderzoeken, evenals de waargenomen effecten, voordelen, voorgestelde doseringen en negatieve effecten&#8230;.<\/p>","protected":false},"featured_media":366,"comment_status":"open","ping_status":"closed","template":"","meta":{"_kad_post_transparent":"default","_kad_post_title":"","_kad_post_layout":"default","_kad_post_sidebar_id":"","_kad_post_content_style":"default","_kad_post_vertical_padding":"default","_kad_post_feature":"","_kad_post_feature_position":"","_kad_post_header":false,"_kad_post_footer":false,"_joinchat":[]},"product_cat":[17],"product_tag":[],"class_list":["post-58","product","type-product","status-publish","has-post-thumbnail","hentry","product_cat-wiet","entry","content-bg","loop-entry"],"yoast_head":"<!-- This site is optimized with the Yoast SEO plugin v26.3 - https:\/\/yoast.com\/wordpress\/plugins\/seo\/ -->\n<title>Cherry Pie - Wiet Koop Winkel<\/title>\n<meta name=\"robots\" content=\"index, follow, max-snippet:-1, max-image-preview:large, max-video-preview:-1\" \/>\n<link rel=\"canonical\" href=\"https:\/\/wietkoopwinkel.com\/it\/prodotto\/cherry-pie\/\" \/>\n<meta property=\"og:locale\" content=\"it_IT\" \/>\n<meta property=\"og:type\" content=\"article\" \/>\n<meta property=\"og:title\" content=\"Cherry Pie - Wiet Koop Winkel\" \/>\n<meta property=\"og:description\" content=\"Cookies &amp; Cream is een gevarieerde cannabishybride die een mooiere mix van smaken en geuren laat zien, samen met goed uitgebalanceerde effecten, dus liefhebbers van zoete en decadente soorten opgelet. In dit artikel zullen we de genetica, smaak en groei-eigenschappen van Cookies &amp; Cream onderzoeken, evenals de waargenomen effecten, voordelen, voorgestelde doseringen en negatieve effecten....\" \/>\n<meta property=\"og:url\" content=\"https:\/\/wietkoopwinkel.com\/it\/prodotto\/cherry-pie\/\" \/>\n<meta property=\"og:site_name\" content=\"Wiet Koop Winkel\" \/>\n<meta property=\"article:modified_time\" content=\"2024-01-03T11:32:52+00:00\" \/>\n<meta property=\"og:image\" content=\"https:\/\/wietkoopwinkel.com\/wp-content\/uploads\/2023\/09\/Cherry-Pie.jpg\" \/>\n\t<meta property=\"og:image:width\" content=\"960\" \/>\n\t<meta property=\"og:image:height\" content=\"1280\" \/>\n\t<meta property=\"og:image:type\" content=\"image\/jpeg\" \/>\n<meta name=\"twitter:card\" content=\"summary_large_image\" \/>\n<meta name=\"twitter:label1\" content=\"Tempo di lettura stimato\" \/>\n\t<meta name=\"twitter:data1\" content=\"2 minuti\" \/>\n<script type=\"application\/ld+json\" class=\"yoast-schema-graph\">{\"@context\":\"https:\/\/schema.org\",\"@graph\":[{\"@type\":\"WebPage\",\"@id\":\"https:\/\/wietkoopwinkel.com\/product\/cherry-pie\/\",\"url\":\"https:\/\/wietkoopwinkel.com\/product\/cherry-pie\/\",\"name\":\"Cherry Pie - Wiet Koop Winkel\",\"isPartOf\":{\"@id\":\"https:\/\/wietkoopwinkel.com\/#website\"},\"primaryImageOfPage\":{\"@id\":\"https:\/\/wietkoopwinkel.com\/product\/cherry-pie\/#primaryimage\"},\"image\":{\"@id\":\"https:\/\/wietkoopwinkel.com\/product\/cherry-pie\/#primaryimage\"},\"thumbnailUrl\":\"https:\/\/wietkoopwinkel.com\/wp-content\/uploads\/2023\/09\/Cherry-Pie.jpg\",\"datePublished\":\"2023-09-22T08:57:00+00:00\",\"dateModified\":\"2024-01-03T11:32:52+00:00\",\"breadcrumb\":{\"@id\":\"https:\/\/wietkoopwinkel.com\/product\/cherry-pie\/#breadcrumb\"},\"inLanguage\":\"it-IT\",\"potentialAction\":[{\"@type\":\"ReadAction\",\"target\":[\"https:\/\/wietkoopwinkel.com\/product\/cherry-pie\/\"]}]},{\"@type\":\"ImageObject\",\"inLanguage\":\"it-IT\",\"@id\":\"https:\/\/wietkoopwinkel.com\/product\/cherry-pie\/#primaryimage\",\"url\":\"https:\/\/wietkoopwinkel.com\/wp-content\/uploads\/2023\/09\/Cherry-Pie.jpg\",\"contentUrl\":\"https:\/\/wietkoopwinkel.com\/wp-content\/uploads\/2023\/09\/Cherry-Pie.jpg\",\"width\":960,\"height\":1280,\"caption\":\"Cherry Pie\"},{\"@type\":\"BreadcrumbList\",\"@id\":\"https:\/\/wietkoopwinkel.com\/product\/cherry-pie\/#breadcrumb\",\"itemListElement\":[{\"@type\":\"ListItem\",\"position\":1,\"name\":\"Home\",\"item\":\"https:\/\/wietkoopwinkel.com\/\"},{\"@type\":\"ListItem\",\"position\":2,\"name\":\"Winkel\",\"item\":\"https:\/\/wietkoopwinkel.com\/winkel\/\"},{\"@type\":\"ListItem\",\"position\":3,\"name\":\"Cherry Pie\"}]},{\"@type\":\"WebSite\",\"@id\":\"https:\/\/wietkoopwinkel.com\/#website\",\"url\":\"https:\/\/wietkoopwinkel.com\/\",\"name\":\"Wiet Koop Winkel\",\"description\":\"My WordPress Blog\",\"publisher\":{\"@id\":\"https:\/\/wietkoopwinkel.com\/#organization\"},\"potentialAction\":[{\"@type\":\"SearchAction\",\"target\":{\"@type\":\"EntryPoint\",\"urlTemplate\":\"https:\/\/wietkoopwinkel.com\/?s={search_term_string}\"},\"query-input\":{\"@type\":\"PropertyValueSpecification\",\"valueRequired\":true,\"valueName\":\"search_term_string\"}}],\"inLanguage\":\"it-IT\"},{\"@type\":\"Organization\",\"@id\":\"https:\/\/wietkoopwinkel.com\/#organization\",\"name\":\"Wiet Koop Winkel\",\"url\":\"https:\/\/wietkoopwinkel.com\/\",\"logo\":{\"@type\":\"ImageObject\",\"inLanguage\":\"it-IT\",\"@id\":\"https:\/\/wietkoopwinkel.com\/#\/schema\/logo\/image\/\",\"url\":\"https:\/\/wietkoopwinkel.com\/wp-content\/uploads\/2023\/10\/logo.png\",\"contentUrl\":\"https:\/\/wietkoopwinkel.com\/wp-content\/uploads\/2023\/10\/logo.png\",\"width\":400,\"height\":120,\"caption\":\"Wiet Koop Winkel\"},\"image\":{\"@id\":\"https:\/\/wietkoopwinkel.com\/#\/schema\/logo\/image\/\"}}]}<\/script>\n<!-- \/ Yoast SEO plugin. -->","yoast_head_json":{"title":"Cherry Pie - Wiet Koop Winkel","robots":{"index":"index","follow":"follow","max-snippet":"max-snippet:-1","max-image-preview":"max-image-preview:large","max-video-preview":"max-video-preview:-1"},"canonical":"https:\/\/wietkoopwinkel.com\/it\/prodotto\/cherry-pie\/","og_locale":"it_IT","og_type":"article","og_title":"Cherry Pie - Wiet Koop Winkel","og_description":"Cookies &amp; Cream is een gevarieerde cannabishybride die een mooiere mix van smaken en geuren laat zien, samen met goed uitgebalanceerde effecten, dus liefhebbers van zoete en decadente soorten opgelet. In dit artikel zullen we de genetica, smaak en groei-eigenschappen van Cookies &amp; Cream onderzoeken, evenals de waargenomen effecten, voordelen, voorgestelde doseringen en negatieve effecten....","og_url":"https:\/\/wietkoopwinkel.com\/it\/prodotto\/cherry-pie\/","og_site_name":"Wiet Koop Winkel","article_modified_time":"2024-01-03T11:32:52+00:00","og_image":[{"width":960,"height":1280,"url":"https:\/\/wietkoopwinkel.com\/wp-content\/uploads\/2023\/09\/Cherry-Pie.jpg","type":"image\/jpeg"}],"twitter_card":"summary_large_image","twitter_misc":{"Tempo di lettura stimato":"2 minuti"},"schema":{"@context":"https:\/\/schema.org","@graph":[{"@type":"WebPage","@id":"https:\/\/wietkoopwinkel.com\/product\/cherry-pie\/","url":"https:\/\/wietkoopwinkel.com\/product\/cherry-pie\/","name":"Cherry Pie - Wiet Koop Winkel","isPartOf":{"@id":"https:\/\/wietkoopwinkel.com\/#website"},"primaryImageOfPage":{"@id":"https:\/\/wietkoopwinkel.com\/product\/cherry-pie\/#primaryimage"},"image":{"@id":"https:\/\/wietkoopwinkel.com\/product\/cherry-pie\/#primaryimage"},"thumbnailUrl":"https:\/\/wietkoopwinkel.com\/wp-content\/uploads\/2023\/09\/Cherry-Pie.jpg","datePublished":"2023-09-22T08:57:00+00:00","dateModified":"2024-01-03T11:32:52+00:00","breadcrumb":{"@id":"https:\/\/wietkoopwinkel.com\/product\/cherry-pie\/#breadcrumb"},"inLanguage":"it-IT","potentialAction":[{"@type":"ReadAction","target":["https:\/\/wietkoopwinkel.com\/product\/cherry-pie\/"]}]},{"@type":"ImageObject","inLanguage":"it-IT","@id":"https:\/\/wietkoopwinkel.com\/product\/cherry-pie\/#primaryimage","url":"https:\/\/wietkoopwinkel.com\/wp-content\/uploads\/2023\/09\/Cherry-Pie.jpg","contentUrl":"https:\/\/wietkoopwinkel.com\/wp-content\/uploads\/2023\/09\/Cherry-Pie.jpg","width":960,"height":1280,"caption":"Cherry Pie"},{"@type":"BreadcrumbList","@id":"https:\/\/wietkoopwinkel.com\/product\/cherry-pie\/#breadcrumb","itemListElement":[{"@type":"ListItem","position":1,"name":"Home","item":"https:\/\/wietkoopwinkel.com\/"},{"@type":"ListItem","position":2,"name":"Winkel","item":"https:\/\/wietkoopwinkel.com\/winkel\/"},{"@type":"ListItem","position":3,"name":"Cherry Pie"}]},{"@type":"WebSite","@id":"https:\/\/wietkoopwinkel.com\/#website","url":"https:\/\/wietkoopwinkel.com\/","name":"Wiet Koop Winkel","description":"My WordPress Blog","publisher":{"@id":"https:\/\/wietkoopwinkel.com\/#organization"},"potentialAction":[{"@type":"SearchAction","target":{"@type":"EntryPoint","urlTemplate":"https:\/\/wietkoopwinkel.com\/?s={search_term_string}"},"query-input":{"@type":"PropertyValueSpecification","valueRequired":true,"valueName":"search_term_string"}}],"inLanguage":"it-IT"},{"@type":"Organization","@id":"https:\/\/wietkoopwinkel.com\/#organization","name":"Wiet Koop Winkel","url":"https:\/\/wietkoopwinkel.com\/","logo":{"@type":"ImageObject","inLanguage":"it-IT","@id":"https:\/\/wietkoopwinkel.com\/#\/schema\/logo\/image\/","url":"https:\/\/wietkoopwinkel.com\/wp-content\/uploads\/2023\/10\/logo.png","contentUrl":"https:\/\/wietkoopwinkel.com\/wp-content\/uploads\/2023\/10\/logo.png","width":400,"height":120,"caption":"Wiet Koop Winkel"},"image":{"@id":"https:\/\/wietkoopwinkel.com\/#\/schema\/logo\/image\/"}}]}},"_links":{"self":[{"href":"https:\/\/wietkoopwinkel.com\/it\/wp-json\/wp\/v2\/product\/58","targetHints":{"allow":["GET"]}}],"collection":[{"href":"https:\/\/wietkoopwinkel.com\/it\/wp-json\/wp\/v2\/product"}],"about":[{"href":"https:\/\/wietkoopwinkel.com\/it\/wp-json\/wp\/v2\/types\/product"}],"replies":[{"embeddable":true,"href":"https:\/\/wietkoopwinkel.com\/it\/wp-json\/wp\/v2\/comments?post=58"}],"wp:featuredmedia":[{"embeddable":true,"href":"https:\/\/wietkoopwinkel.com\/it\/wp-json\/wp\/v2\/media\/366"}],"wp:attachment":[{"href":"https:\/\/wietkoopwinkel.com\/it\/wp-json\/wp\/v2\/media?parent=58"}],"wp:term":[{"taxonomy":"product_cat","embeddable":true,"href":"https:\/\/wietkoopwinkel.com\/it\/wp-json\/wp\/v2\/product_cat?post=58"},{"taxonomy":"product_tag","embeddable":true,"href":"https:\/\/wietkoopwinkel.com\/it\/wp-json\/wp\/v2\/product_tag?post=58"}],"curies":[{"name":"wp","href":"https:\/\/api.w.org\/{rel}","templated":true}]}}