{"id":43,"date":"2023-09-22T08:50:01","date_gmt":"2023-09-22T08:50:01","guid":{"rendered":"https:\/\/nembutalhouse.com\/weed\/?post_type=product&#038;p=43"},"modified":"2024-01-03T11:34:26","modified_gmt":"2024-01-03T11:34:26","slug":"pina-colada","status":"publish","type":"product","link":"https:\/\/wietkoopwinkel.com\/it\/prodotto\/pina-colada\/","title":{"rendered":"Pina Colada"},"content":{"rendered":"<h2>La variet\u00e0 Pia Colada offre una grande emozione.<\/h2>\n<p>Alla prima boccata, i ricchi sapori e le note dolci e fresche di agrumi riempiono completamente il palato, creando una sensazione energica ed edificante che si sviluppa in un potente piacere cerebrale. Tuttavia, alcuni consumatori di questa variet\u00e0 riferiscono paranoia, che pu\u00f2 essere controllata aumentando gradualmente il dosaggio.<\/p>\n<p>Sebbene questa variet\u00e0 dia energia, riesce anche a rilassare il corpo e la mente, creando un'esperienza rilassante e pacifica. \u00c8 un'ottima opzione per chi lavora in campi creativi, poich\u00e9 alcuni utenti hanno sperimentato un maggiore senso di creativit\u00e0 e concentrazione.<\/p>","protected":false},"excerpt":{"rendered":"<p>De Pia Colada-soort biedt een geweldige sensatie. Bij het eerste trekje vullen de rijke smaken en zoete, frisse citrustonen het gehemelte volledig, waardoor een energiek, opbeurend gevoel ontstaat dat zich ontwikkelt tot een krachtig cerebraal genot. Sommige gebruikers van deze soort melden echter paranoia, die onder controle kan worden gehouden door de dosering geleidelijk te&#8230;<\/p>","protected":false},"featured_media":352,"comment_status":"open","ping_status":"closed","template":"","meta":{"_kad_post_transparent":"default","_kad_post_title":"","_kad_post_layout":"default","_kad_post_sidebar_id":"","_kad_post_content_style":"default","_kad_post_vertical_padding":"default","_kad_post_feature":"","_kad_post_feature_position":"","_kad_post_header":false,"_kad_post_footer":false,"_joinchat":[]},"product_cat":[17],"product_tag":[],"class_list":["post-43","product","type-product","status-publish","has-post-thumbnail","hentry","product_cat-wiet","entry","content-bg","loop-entry"],"yoast_head":"<!-- This site is optimized with the Yoast SEO plugin v26.3 - https:\/\/yoast.com\/wordpress\/plugins\/seo\/ -->\n<title>Pina Colada - Wiet Koop Winkel<\/title>\n<meta name=\"robots\" content=\"index, follow, max-snippet:-1, max-image-preview:large, max-video-preview:-1\" \/>\n<link rel=\"canonical\" href=\"https:\/\/wietkoopwinkel.com\/it\/prodotto\/pina-colada\/\" \/>\n<meta property=\"og:locale\" content=\"it_IT\" \/>\n<meta property=\"og:type\" content=\"article\" \/>\n<meta property=\"og:title\" content=\"Pina Colada - Wiet Koop Winkel\" \/>\n<meta property=\"og:description\" content=\"De Pia Colada-soort biedt een geweldige sensatie. Bij het eerste trekje vullen de rijke smaken en zoete, frisse citrustonen het gehemelte volledig, waardoor een energiek, opbeurend gevoel ontstaat dat zich ontwikkelt tot een krachtig cerebraal genot. Sommige gebruikers van deze soort melden echter paranoia, die onder controle kan worden gehouden door de dosering geleidelijk te...\" \/>\n<meta property=\"og:url\" content=\"https:\/\/wietkoopwinkel.com\/it\/prodotto\/pina-colada\/\" \/>\n<meta property=\"og:site_name\" content=\"Wiet Koop Winkel\" \/>\n<meta property=\"article:modified_time\" content=\"2024-01-03T11:34:26+00:00\" \/>\n<meta property=\"og:image\" content=\"https:\/\/wietkoopwinkel.com\/wp-content\/uploads\/2023\/09\/Pina-Colada.jpg\" \/>\n\t<meta property=\"og:image:width\" content=\"960\" \/>\n\t<meta property=\"og:image:height\" content=\"1280\" \/>\n\t<meta property=\"og:image:type\" content=\"image\/jpeg\" \/>\n<meta name=\"twitter:card\" content=\"summary_large_image\" \/>\n<meta name=\"twitter:label1\" content=\"Tempo di lettura stimato\" \/>\n\t<meta name=\"twitter:data1\" content=\"1 minuto\" \/>\n<script type=\"application\/ld+json\" class=\"yoast-schema-graph\">{\"@context\":\"https:\/\/schema.org\",\"@graph\":[{\"@type\":\"WebPage\",\"@id\":\"https:\/\/wietkoopwinkel.com\/product\/pina-colada\/\",\"url\":\"https:\/\/wietkoopwinkel.com\/product\/pina-colada\/\",\"name\":\"Pina Colada - Wiet Koop Winkel\",\"isPartOf\":{\"@id\":\"https:\/\/wietkoopwinkel.com\/#website\"},\"primaryImageOfPage\":{\"@id\":\"https:\/\/wietkoopwinkel.com\/product\/pina-colada\/#primaryimage\"},\"image\":{\"@id\":\"https:\/\/wietkoopwinkel.com\/product\/pina-colada\/#primaryimage\"},\"thumbnailUrl\":\"https:\/\/wietkoopwinkel.com\/wp-content\/uploads\/2023\/09\/Pina-Colada.jpg\",\"datePublished\":\"2023-09-22T08:50:01+00:00\",\"dateModified\":\"2024-01-03T11:34:26+00:00\",\"breadcrumb\":{\"@id\":\"https:\/\/wietkoopwinkel.com\/product\/pina-colada\/#breadcrumb\"},\"inLanguage\":\"it-IT\",\"potentialAction\":[{\"@type\":\"ReadAction\",\"target\":[\"https:\/\/wietkoopwinkel.com\/product\/pina-colada\/\"]}]},{\"@type\":\"ImageObject\",\"inLanguage\":\"it-IT\",\"@id\":\"https:\/\/wietkoopwinkel.com\/product\/pina-colada\/#primaryimage\",\"url\":\"https:\/\/wietkoopwinkel.com\/wp-content\/uploads\/2023\/09\/Pina-Colada.jpg\",\"contentUrl\":\"https:\/\/wietkoopwinkel.com\/wp-content\/uploads\/2023\/09\/Pina-Colada.jpg\",\"width\":960,\"height\":1280,\"caption\":\"Pina Colada\"},{\"@type\":\"BreadcrumbList\",\"@id\":\"https:\/\/wietkoopwinkel.com\/product\/pina-colada\/#breadcrumb\",\"itemListElement\":[{\"@type\":\"ListItem\",\"position\":1,\"name\":\"Home\",\"item\":\"https:\/\/wietkoopwinkel.com\/\"},{\"@type\":\"ListItem\",\"position\":2,\"name\":\"Winkel\",\"item\":\"https:\/\/wietkoopwinkel.com\/winkel\/\"},{\"@type\":\"ListItem\",\"position\":3,\"name\":\"Pina Colada\"}]},{\"@type\":\"WebSite\",\"@id\":\"https:\/\/wietkoopwinkel.com\/#website\",\"url\":\"https:\/\/wietkoopwinkel.com\/\",\"name\":\"Wiet Koop Winkel\",\"description\":\"My WordPress Blog\",\"publisher\":{\"@id\":\"https:\/\/wietkoopwinkel.com\/#organization\"},\"potentialAction\":[{\"@type\":\"SearchAction\",\"target\":{\"@type\":\"EntryPoint\",\"urlTemplate\":\"https:\/\/wietkoopwinkel.com\/?s={search_term_string}\"},\"query-input\":{\"@type\":\"PropertyValueSpecification\",\"valueRequired\":true,\"valueName\":\"search_term_string\"}}],\"inLanguage\":\"it-IT\"},{\"@type\":\"Organization\",\"@id\":\"https:\/\/wietkoopwinkel.com\/#organization\",\"name\":\"Wiet Koop Winkel\",\"url\":\"https:\/\/wietkoopwinkel.com\/\",\"logo\":{\"@type\":\"ImageObject\",\"inLanguage\":\"it-IT\",\"@id\":\"https:\/\/wietkoopwinkel.com\/#\/schema\/logo\/image\/\",\"url\":\"https:\/\/wietkoopwinkel.com\/wp-content\/uploads\/2023\/10\/logo.png\",\"contentUrl\":\"https:\/\/wietkoopwinkel.com\/wp-content\/uploads\/2023\/10\/logo.png\",\"width\":400,\"height\":120,\"caption\":\"Wiet Koop Winkel\"},\"image\":{\"@id\":\"https:\/\/wietkoopwinkel.com\/#\/schema\/logo\/image\/\"}}]}<\/script>\n<!-- \/ Yoast SEO plugin. -->","yoast_head_json":{"title":"Pina Colada - Wiet Koop Winkel","robots":{"index":"index","follow":"follow","max-snippet":"max-snippet:-1","max-image-preview":"max-image-preview:large","max-video-preview":"max-video-preview:-1"},"canonical":"https:\/\/wietkoopwinkel.com\/it\/prodotto\/pina-colada\/","og_locale":"it_IT","og_type":"article","og_title":"Pina Colada - Wiet Koop Winkel","og_description":"De Pia Colada-soort biedt een geweldige sensatie. Bij het eerste trekje vullen de rijke smaken en zoete, frisse citrustonen het gehemelte volledig, waardoor een energiek, opbeurend gevoel ontstaat dat zich ontwikkelt tot een krachtig cerebraal genot. Sommige gebruikers van deze soort melden echter paranoia, die onder controle kan worden gehouden door de dosering geleidelijk te...","og_url":"https:\/\/wietkoopwinkel.com\/it\/prodotto\/pina-colada\/","og_site_name":"Wiet Koop Winkel","article_modified_time":"2024-01-03T11:34:26+00:00","og_image":[{"width":960,"height":1280,"url":"https:\/\/wietkoopwinkel.com\/wp-content\/uploads\/2023\/09\/Pina-Colada.jpg","type":"image\/jpeg"}],"twitter_card":"summary_large_image","twitter_misc":{"Tempo di lettura stimato":"1 minuto"},"schema":{"@context":"https:\/\/schema.org","@graph":[{"@type":"WebPage","@id":"https:\/\/wietkoopwinkel.com\/product\/pina-colada\/","url":"https:\/\/wietkoopwinkel.com\/product\/pina-colada\/","name":"Pina Colada - Wiet Koop Winkel","isPartOf":{"@id":"https:\/\/wietkoopwinkel.com\/#website"},"primaryImageOfPage":{"@id":"https:\/\/wietkoopwinkel.com\/product\/pina-colada\/#primaryimage"},"image":{"@id":"https:\/\/wietkoopwinkel.com\/product\/pina-colada\/#primaryimage"},"thumbnailUrl":"https:\/\/wietkoopwinkel.com\/wp-content\/uploads\/2023\/09\/Pina-Colada.jpg","datePublished":"2023-09-22T08:50:01+00:00","dateModified":"2024-01-03T11:34:26+00:00","breadcrumb":{"@id":"https:\/\/wietkoopwinkel.com\/product\/pina-colada\/#breadcrumb"},"inLanguage":"it-IT","potentialAction":[{"@type":"ReadAction","target":["https:\/\/wietkoopwinkel.com\/product\/pina-colada\/"]}]},{"@type":"ImageObject","inLanguage":"it-IT","@id":"https:\/\/wietkoopwinkel.com\/product\/pina-colada\/#primaryimage","url":"https:\/\/wietkoopwinkel.com\/wp-content\/uploads\/2023\/09\/Pina-Colada.jpg","contentUrl":"https:\/\/wietkoopwinkel.com\/wp-content\/uploads\/2023\/09\/Pina-Colada.jpg","width":960,"height":1280,"caption":"Pina Colada"},{"@type":"BreadcrumbList","@id":"https:\/\/wietkoopwinkel.com\/product\/pina-colada\/#breadcrumb","itemListElement":[{"@type":"ListItem","position":1,"name":"Home","item":"https:\/\/wietkoopwinkel.com\/"},{"@type":"ListItem","position":2,"name":"Winkel","item":"https:\/\/wietkoopwinkel.com\/winkel\/"},{"@type":"ListItem","position":3,"name":"Pina Colada"}]},{"@type":"WebSite","@id":"https:\/\/wietkoopwinkel.com\/#website","url":"https:\/\/wietkoopwinkel.com\/","name":"Wiet Koop Winkel","description":"My WordPress Blog","publisher":{"@id":"https:\/\/wietkoopwinkel.com\/#organization"},"potentialAction":[{"@type":"SearchAction","target":{"@type":"EntryPoint","urlTemplate":"https:\/\/wietkoopwinkel.com\/?s={search_term_string}"},"query-input":{"@type":"PropertyValueSpecification","valueRequired":true,"valueName":"search_term_string"}}],"inLanguage":"it-IT"},{"@type":"Organization","@id":"https:\/\/wietkoopwinkel.com\/#organization","name":"Wiet Koop Winkel","url":"https:\/\/wietkoopwinkel.com\/","logo":{"@type":"ImageObject","inLanguage":"it-IT","@id":"https:\/\/wietkoopwinkel.com\/#\/schema\/logo\/image\/","url":"https:\/\/wietkoopwinkel.com\/wp-content\/uploads\/2023\/10\/logo.png","contentUrl":"https:\/\/wietkoopwinkel.com\/wp-content\/uploads\/2023\/10\/logo.png","width":400,"height":120,"caption":"Wiet Koop Winkel"},"image":{"@id":"https:\/\/wietkoopwinkel.com\/#\/schema\/logo\/image\/"}}]}},"_links":{"self":[{"href":"https:\/\/wietkoopwinkel.com\/it\/wp-json\/wp\/v2\/product\/43","targetHints":{"allow":["GET"]}}],"collection":[{"href":"https:\/\/wietkoopwinkel.com\/it\/wp-json\/wp\/v2\/product"}],"about":[{"href":"https:\/\/wietkoopwinkel.com\/it\/wp-json\/wp\/v2\/types\/product"}],"replies":[{"embeddable":true,"href":"https:\/\/wietkoopwinkel.com\/it\/wp-json\/wp\/v2\/comments?post=43"}],"wp:featuredmedia":[{"embeddable":true,"href":"https:\/\/wietkoopwinkel.com\/it\/wp-json\/wp\/v2\/media\/352"}],"wp:attachment":[{"href":"https:\/\/wietkoopwinkel.com\/it\/wp-json\/wp\/v2\/media?parent=43"}],"wp:term":[{"taxonomy":"product_cat","embeddable":true,"href":"https:\/\/wietkoopwinkel.com\/it\/wp-json\/wp\/v2\/product_cat?post=43"},{"taxonomy":"product_tag","embeddable":true,"href":"https:\/\/wietkoopwinkel.com\/it\/wp-json\/wp\/v2\/product_tag?post=43"}],"curies":[{"name":"wp","href":"https:\/\/api.w.org\/{rel}","templated":true}]}}