{"id":1391,"date":"2023-09-30T10:46:42","date_gmt":"2023-09-30T10:46:42","guid":{"rendered":"https:\/\/nembutalhouse.com\/weed\/?post_type=product&#038;p=1391"},"modified":"2024-04-04T03:00:04","modified_gmt":"2024-04-04T03:00:04","slug":"sour-diesel-cannabis-oil","status":"publish","type":"product","link":"https:\/\/wietkoopwinkel.com\/it\/prodotto\/sour-diesel-cannabis-oil\/","title":{"rendered":"Olio di cannabis Sour Diesel"},"content":{"rendered":"<h2>La progenie di Original Diesel, Northern Light, Shiva e Hawaiian \u00e8 Sour Diesel.<\/h2>\n<p>La Sour Diesel \u00e8 originaria della California, come molte delle migliori variet\u00e0 di cannabis oggi disponibili. Molti fumatori e coltivatori la considerano la loro preferita. Questa forte genetica americana prospera bene in qualsiasi ambiente indoor, ma ha bisogno di temperature calde, come quelle della California o della Spagna, per prosperare all'aperto. Per produrre la Sour Diesel, i selezionatori hanno combinato una variet\u00e0 di ceppi leggendari, tra cui Original Diesel, Northern Light, Shiva e Hawaiian.<\/p>\n<h3>Caratteristiche del gasolio acido in crescita<\/h3>\n<p>Questa variet\u00e0 \u00e8 principalmente Sativa, il che \u00e8 evidente sia nel suo modello di crescita che nel potente high che produce quando viene consumata. Nel corso di un ciclo di fioritura di 10 settimane, la pianta produce fiori appiccicosi e un aroma potente. Queste piante crescono circa 100-130 cm di altezza, con qualche allungamento durante la prima fioritura.<\/p>\n<h3>Il gusto e l'odore del gasolio acido<\/h3>\n<p>Una variet\u00e0 molto forte e profumata, di tipo sour diesel. Le cime frizzanti emanano forti sapori chimici, erbacei e aspri. Se coltivata correttamente, produce raccolti di 450-600 grammi per metro quadro. Queste rese sono sia numerose che di qualit\u00e0 eccellente, producendo cime aromatiche e resinose. Completamente alimentata a diesel.<\/p>","protected":false},"excerpt":{"rendered":"<p>De nakomelingen van Original Diesel, Northern Light, Shiva en Hawaiian zijn Sour Diesel. Sour Diesel komt oorspronkelijk uit Californi\u00eb, net als veel van de beste cannabissoorten die tegenwoordig verkrijgbaar zijn. Veel rokers en kwekers beschouwen het als hun favoriet. Deze sterke Amerikaanse genetica gedijt goed in elke binnenomgeving, maar heeft een warme temperatuur nodig, zoals&#8230;<\/p>","protected":false},"featured_media":1410,"comment_status":"open","ping_status":"closed","template":"","meta":{"_kad_post_transparent":"default","_kad_post_title":"","_kad_post_layout":"default","_kad_post_sidebar_id":"","_kad_post_content_style":"default","_kad_post_vertical_padding":"default","_kad_post_feature":"","_kad_post_feature_position":"","_kad_post_header":false,"_kad_post_footer":false,"_joinchat":[]},"product_cat":[30],"product_tag":[],"class_list":["post-1391","product","type-product","status-publish","has-post-thumbnail","hentry","product_cat-cannabis-thc-olie","entry","content-bg","loop-entry"],"yoast_head":"<!-- This site is optimized with the Yoast SEO plugin v26.3 - https:\/\/yoast.com\/wordpress\/plugins\/seo\/ -->\n<title>Sour Diesel Cannabis Oil - Wiet Koop Winkel<\/title>\n<meta name=\"robots\" content=\"index, follow, max-snippet:-1, max-image-preview:large, max-video-preview:-1\" \/>\n<link rel=\"canonical\" href=\"https:\/\/wietkoopwinkel.com\/it\/prodotto\/sour-diesel-cannabis-oil\/\" \/>\n<meta property=\"og:locale\" content=\"it_IT\" \/>\n<meta property=\"og:type\" content=\"article\" \/>\n<meta property=\"og:title\" content=\"Sour Diesel Cannabis Oil - Wiet Koop Winkel\" \/>\n<meta property=\"og:description\" content=\"De nakomelingen van Original Diesel, Northern Light, Shiva en Hawaiian zijn Sour Diesel. Sour Diesel komt oorspronkelijk uit Californi\u00eb, net als veel van de beste cannabissoorten die tegenwoordig verkrijgbaar zijn. Veel rokers en kwekers beschouwen het als hun favoriet. Deze sterke Amerikaanse genetica gedijt goed in elke binnenomgeving, maar heeft een warme temperatuur nodig, zoals...\" \/>\n<meta property=\"og:url\" content=\"https:\/\/wietkoopwinkel.com\/it\/prodotto\/sour-diesel-cannabis-oil\/\" \/>\n<meta property=\"og:site_name\" content=\"Wiet Koop Winkel\" \/>\n<meta property=\"article:modified_time\" content=\"2024-04-04T03:00:04+00:00\" \/>\n<meta property=\"og:image\" content=\"https:\/\/wietkoopwinkel.com\/wp-content\/uploads\/2023\/09\/Sour-Diesel-Cannabis-Oil.jpg\" \/>\n\t<meta property=\"og:image:width\" content=\"600\" \/>\n\t<meta property=\"og:image:height\" content=\"600\" \/>\n\t<meta property=\"og:image:type\" content=\"image\/jpeg\" \/>\n<meta name=\"twitter:card\" content=\"summary_large_image\" \/>\n<meta name=\"twitter:label1\" content=\"Tempo di lettura stimato\" \/>\n\t<meta name=\"twitter:data1\" content=\"1 minuto\" \/>\n<script type=\"application\/ld+json\" class=\"yoast-schema-graph\">{\"@context\":\"https:\/\/schema.org\",\"@graph\":[{\"@type\":\"WebPage\",\"@id\":\"https:\/\/wietkoopwinkel.com\/product\/sour-diesel-cannabis-oil\/\",\"url\":\"https:\/\/wietkoopwinkel.com\/product\/sour-diesel-cannabis-oil\/\",\"name\":\"Sour Diesel Cannabis Oil - Wiet Koop Winkel\",\"isPartOf\":{\"@id\":\"https:\/\/wietkoopwinkel.com\/#website\"},\"primaryImageOfPage\":{\"@id\":\"https:\/\/wietkoopwinkel.com\/product\/sour-diesel-cannabis-oil\/#primaryimage\"},\"image\":{\"@id\":\"https:\/\/wietkoopwinkel.com\/product\/sour-diesel-cannabis-oil\/#primaryimage\"},\"thumbnailUrl\":\"https:\/\/wietkoopwinkel.com\/wp-content\/uploads\/2023\/09\/Sour-Diesel-Cannabis-Oil.jpg\",\"datePublished\":\"2023-09-30T10:46:42+00:00\",\"dateModified\":\"2024-04-04T03:00:04+00:00\",\"breadcrumb\":{\"@id\":\"https:\/\/wietkoopwinkel.com\/product\/sour-diesel-cannabis-oil\/#breadcrumb\"},\"inLanguage\":\"it-IT\",\"potentialAction\":[{\"@type\":\"ReadAction\",\"target\":[\"https:\/\/wietkoopwinkel.com\/product\/sour-diesel-cannabis-oil\/\"]}]},{\"@type\":\"ImageObject\",\"inLanguage\":\"it-IT\",\"@id\":\"https:\/\/wietkoopwinkel.com\/product\/sour-diesel-cannabis-oil\/#primaryimage\",\"url\":\"https:\/\/wietkoopwinkel.com\/wp-content\/uploads\/2023\/09\/Sour-Diesel-Cannabis-Oil.jpg\",\"contentUrl\":\"https:\/\/wietkoopwinkel.com\/wp-content\/uploads\/2023\/09\/Sour-Diesel-Cannabis-Oil.jpg\",\"width\":600,\"height\":600,\"caption\":\"Sour-Diesel-Cannabis-Oil\"},{\"@type\":\"BreadcrumbList\",\"@id\":\"https:\/\/wietkoopwinkel.com\/product\/sour-diesel-cannabis-oil\/#breadcrumb\",\"itemListElement\":[{\"@type\":\"ListItem\",\"position\":1,\"name\":\"Home\",\"item\":\"https:\/\/wietkoopwinkel.com\/\"},{\"@type\":\"ListItem\",\"position\":2,\"name\":\"Winkel\",\"item\":\"https:\/\/wietkoopwinkel.com\/winkel\/\"},{\"@type\":\"ListItem\",\"position\":3,\"name\":\"Sour Diesel Cannabis Oil\"}]},{\"@type\":\"WebSite\",\"@id\":\"https:\/\/wietkoopwinkel.com\/#website\",\"url\":\"https:\/\/wietkoopwinkel.com\/\",\"name\":\"Wiet Koop Winkel\",\"description\":\"My WordPress Blog\",\"publisher\":{\"@id\":\"https:\/\/wietkoopwinkel.com\/#organization\"},\"potentialAction\":[{\"@type\":\"SearchAction\",\"target\":{\"@type\":\"EntryPoint\",\"urlTemplate\":\"https:\/\/wietkoopwinkel.com\/?s={search_term_string}\"},\"query-input\":{\"@type\":\"PropertyValueSpecification\",\"valueRequired\":true,\"valueName\":\"search_term_string\"}}],\"inLanguage\":\"it-IT\"},{\"@type\":\"Organization\",\"@id\":\"https:\/\/wietkoopwinkel.com\/#organization\",\"name\":\"Wiet Koop Winkel\",\"url\":\"https:\/\/wietkoopwinkel.com\/\",\"logo\":{\"@type\":\"ImageObject\",\"inLanguage\":\"it-IT\",\"@id\":\"https:\/\/wietkoopwinkel.com\/#\/schema\/logo\/image\/\",\"url\":\"https:\/\/wietkoopwinkel.com\/wp-content\/uploads\/2023\/10\/logo.png\",\"contentUrl\":\"https:\/\/wietkoopwinkel.com\/wp-content\/uploads\/2023\/10\/logo.png\",\"width\":400,\"height\":120,\"caption\":\"Wiet Koop Winkel\"},\"image\":{\"@id\":\"https:\/\/wietkoopwinkel.com\/#\/schema\/logo\/image\/\"}}]}<\/script>\n<!-- \/ Yoast SEO plugin. -->","yoast_head_json":{"title":"Sour Diesel Cannabis Oil - Wiet Koop Winkel","robots":{"index":"index","follow":"follow","max-snippet":"max-snippet:-1","max-image-preview":"max-image-preview:large","max-video-preview":"max-video-preview:-1"},"canonical":"https:\/\/wietkoopwinkel.com\/it\/prodotto\/sour-diesel-cannabis-oil\/","og_locale":"it_IT","og_type":"article","og_title":"Sour Diesel Cannabis Oil - Wiet Koop Winkel","og_description":"De nakomelingen van Original Diesel, Northern Light, Shiva en Hawaiian zijn Sour Diesel. Sour Diesel komt oorspronkelijk uit Californi\u00eb, net als veel van de beste cannabissoorten die tegenwoordig verkrijgbaar zijn. Veel rokers en kwekers beschouwen het als hun favoriet. Deze sterke Amerikaanse genetica gedijt goed in elke binnenomgeving, maar heeft een warme temperatuur nodig, zoals...","og_url":"https:\/\/wietkoopwinkel.com\/it\/prodotto\/sour-diesel-cannabis-oil\/","og_site_name":"Wiet Koop Winkel","article_modified_time":"2024-04-04T03:00:04+00:00","og_image":[{"width":600,"height":600,"url":"https:\/\/wietkoopwinkel.com\/wp-content\/uploads\/2023\/09\/Sour-Diesel-Cannabis-Oil.jpg","type":"image\/jpeg"}],"twitter_card":"summary_large_image","twitter_misc":{"Tempo di lettura stimato":"1 minuto"},"schema":{"@context":"https:\/\/schema.org","@graph":[{"@type":"WebPage","@id":"https:\/\/wietkoopwinkel.com\/product\/sour-diesel-cannabis-oil\/","url":"https:\/\/wietkoopwinkel.com\/product\/sour-diesel-cannabis-oil\/","name":"Sour Diesel Cannabis Oil - Wiet Koop Winkel","isPartOf":{"@id":"https:\/\/wietkoopwinkel.com\/#website"},"primaryImageOfPage":{"@id":"https:\/\/wietkoopwinkel.com\/product\/sour-diesel-cannabis-oil\/#primaryimage"},"image":{"@id":"https:\/\/wietkoopwinkel.com\/product\/sour-diesel-cannabis-oil\/#primaryimage"},"thumbnailUrl":"https:\/\/wietkoopwinkel.com\/wp-content\/uploads\/2023\/09\/Sour-Diesel-Cannabis-Oil.jpg","datePublished":"2023-09-30T10:46:42+00:00","dateModified":"2024-04-04T03:00:04+00:00","breadcrumb":{"@id":"https:\/\/wietkoopwinkel.com\/product\/sour-diesel-cannabis-oil\/#breadcrumb"},"inLanguage":"it-IT","potentialAction":[{"@type":"ReadAction","target":["https:\/\/wietkoopwinkel.com\/product\/sour-diesel-cannabis-oil\/"]}]},{"@type":"ImageObject","inLanguage":"it-IT","@id":"https:\/\/wietkoopwinkel.com\/product\/sour-diesel-cannabis-oil\/#primaryimage","url":"https:\/\/wietkoopwinkel.com\/wp-content\/uploads\/2023\/09\/Sour-Diesel-Cannabis-Oil.jpg","contentUrl":"https:\/\/wietkoopwinkel.com\/wp-content\/uploads\/2023\/09\/Sour-Diesel-Cannabis-Oil.jpg","width":600,"height":600,"caption":"Sour-Diesel-Cannabis-Oil"},{"@type":"BreadcrumbList","@id":"https:\/\/wietkoopwinkel.com\/product\/sour-diesel-cannabis-oil\/#breadcrumb","itemListElement":[{"@type":"ListItem","position":1,"name":"Home","item":"https:\/\/wietkoopwinkel.com\/"},{"@type":"ListItem","position":2,"name":"Winkel","item":"https:\/\/wietkoopwinkel.com\/winkel\/"},{"@type":"ListItem","position":3,"name":"Sour Diesel Cannabis Oil"}]},{"@type":"WebSite","@id":"https:\/\/wietkoopwinkel.com\/#website","url":"https:\/\/wietkoopwinkel.com\/","name":"Wiet Koop Winkel","description":"My WordPress Blog","publisher":{"@id":"https:\/\/wietkoopwinkel.com\/#organization"},"potentialAction":[{"@type":"SearchAction","target":{"@type":"EntryPoint","urlTemplate":"https:\/\/wietkoopwinkel.com\/?s={search_term_string}"},"query-input":{"@type":"PropertyValueSpecification","valueRequired":true,"valueName":"search_term_string"}}],"inLanguage":"it-IT"},{"@type":"Organization","@id":"https:\/\/wietkoopwinkel.com\/#organization","name":"Wiet Koop Winkel","url":"https:\/\/wietkoopwinkel.com\/","logo":{"@type":"ImageObject","inLanguage":"it-IT","@id":"https:\/\/wietkoopwinkel.com\/#\/schema\/logo\/image\/","url":"https:\/\/wietkoopwinkel.com\/wp-content\/uploads\/2023\/10\/logo.png","contentUrl":"https:\/\/wietkoopwinkel.com\/wp-content\/uploads\/2023\/10\/logo.png","width":400,"height":120,"caption":"Wiet Koop Winkel"},"image":{"@id":"https:\/\/wietkoopwinkel.com\/#\/schema\/logo\/image\/"}}]}},"_links":{"self":[{"href":"https:\/\/wietkoopwinkel.com\/it\/wp-json\/wp\/v2\/product\/1391","targetHints":{"allow":["GET"]}}],"collection":[{"href":"https:\/\/wietkoopwinkel.com\/it\/wp-json\/wp\/v2\/product"}],"about":[{"href":"https:\/\/wietkoopwinkel.com\/it\/wp-json\/wp\/v2\/types\/product"}],"replies":[{"embeddable":true,"href":"https:\/\/wietkoopwinkel.com\/it\/wp-json\/wp\/v2\/comments?post=1391"}],"wp:featuredmedia":[{"embeddable":true,"href":"https:\/\/wietkoopwinkel.com\/it\/wp-json\/wp\/v2\/media\/1410"}],"wp:attachment":[{"href":"https:\/\/wietkoopwinkel.com\/it\/wp-json\/wp\/v2\/media?parent=1391"}],"wp:term":[{"taxonomy":"product_cat","embeddable":true,"href":"https:\/\/wietkoopwinkel.com\/it\/wp-json\/wp\/v2\/product_cat?post=1391"},{"taxonomy":"product_tag","embeddable":true,"href":"https:\/\/wietkoopwinkel.com\/it\/wp-json\/wp\/v2\/product_tag?post=1391"}],"curies":[{"name":"wp","href":"https:\/\/api.w.org\/{rel}","templated":true}]}}