{"id":1389,"date":"2023-09-30T10:46:40","date_gmt":"2023-09-30T10:46:40","guid":{"rendered":"https:\/\/nembutalhouse.com\/weed\/?post_type=product&#038;p=1389"},"modified":"2023-10-07T09:04:33","modified_gmt":"2023-10-07T09:04:33","slug":"skywalker-og-cannabis-oil","status":"publish","type":"product","link":"https:\/\/wietkoopwinkel.com\/it\/prodotto\/skywalker-og-cannabis-oil\/","title":{"rendered":"Olio di cannabis Skywalker OG"},"content":{"rendered":"<p>Il fiore Skywalker OG ha preso questo nome dai selezionatori originali dei ceppi genitori. La Skywalker OG \u00e8 stata prodotta incrociando la OG Kush, una nota variet\u00e0 di cannabis sedativa, con la Skywalker, un ibrido a dominanza Indica. \u00c8 stata allevata con un fiore sconosciuto ricco di CBD per creare una variet\u00e0 a predominanza di CBD.<\/p>\n<p>Il forte fiore Indica noto come Skywalker \u00e8 stato creato da coltivatori che hanno mescolato Mazar e Blueberry. Grazie a questa combinazione, Skywalker ha ora un profumo unico di mirtillo. Il fiore Skywalker beneficia delle caratteristiche rilassanti e tranquille del fiore Mazar, noto per il suo rapido sviluppo e maturazione.<\/p>\n<p>Uno dei nomi pi\u00f9 duraturi e conosciuti della marijuana \u00e8 OG Kush. Negli anni '90, una persona di nome \"Bubba\" cre\u00f2 la OG Kush in Florida e la port\u00f2 a Los Angeles. In seguito svilupp\u00f2 la famosa variet\u00e0 Bubba Kush. L'aroma di cannabis molto secco e tradizionale che contraddistingue la OG Kush \u00e8 un mix di sapori e odori fruttati, speziati e di gasolio.<\/p>\n<h2>LA VARIET\u00c0 DI CBD SKYWALKER OG<\/h2>\n<p>Le centinaia di variet\u00e0 di cannabis oggi disponibili hanno aromi e sapori caratteristici grazie ai terpeni. I terpeni si trovano anche in una variet\u00e0 di piante diverse, sia commestibili che non. Per capire da dove deriva l'aroma regale della Skywalker OG, diamo un'occhiata pi\u00f9 da vicino ai terpeni principali.<\/p>\n<h3>BISABOLO<\/h3>\n<p>La fonte pi\u00f9 comune del terpene bisabololo, delicato e floreale, \u00e8 la camomilla. Le variet\u00e0 di cannabis che possiedono questo particolare terpene beneficiano delle numerose propriet\u00e0 medicinali del bisabololo, oltre alla sua dolce fragranza. Si dice che sia analgesico, antinfiammatorio e antiossidante.<\/p>","protected":false},"excerpt":{"rendered":"<p>De Skywalker OG-bloem kreeg die naam van de oorspronkelijke veredelaars van de oudersoorten. Skywalker OG werd geproduceerd door OG Kush, een bekende, kalmerende cannabissoort, te kruisen met Skywalker, een Indica-dominante hybride. Ze werd gekweekt met een onbekende CBD-rijke bloem om een ras te cre\u00ebren dat CBD-dominant is. De sterke Indica-bloem, bekend als Skywalker, is gemaakt&#8230;<\/p>","protected":false},"featured_media":1409,"comment_status":"open","ping_status":"closed","template":"","meta":{"_kad_post_transparent":"default","_kad_post_title":"","_kad_post_layout":"default","_kad_post_sidebar_id":"","_kad_post_content_style":"default","_kad_post_vertical_padding":"default","_kad_post_feature":"","_kad_post_feature_position":"","_kad_post_header":false,"_kad_post_footer":false,"_joinchat":[]},"product_cat":[30],"product_tag":[],"class_list":["post-1389","product","type-product","status-publish","has-post-thumbnail","hentry","product_cat-cannabis-thc-olie","entry","content-bg","loop-entry"],"yoast_head":"<!-- This site is optimized with the Yoast SEO plugin v26.3 - https:\/\/yoast.com\/wordpress\/plugins\/seo\/ -->\n<title>Skywalker OG Cannabis Oil - Wiet Koop Winkel<\/title>\n<meta name=\"robots\" content=\"index, follow, max-snippet:-1, max-image-preview:large, max-video-preview:-1\" \/>\n<link rel=\"canonical\" href=\"https:\/\/wietkoopwinkel.com\/it\/prodotto\/skywalker-og-cannabis-oil\/\" \/>\n<meta property=\"og:locale\" content=\"it_IT\" \/>\n<meta property=\"og:type\" content=\"article\" \/>\n<meta property=\"og:title\" content=\"Skywalker OG Cannabis Oil - Wiet Koop Winkel\" \/>\n<meta property=\"og:description\" content=\"De Skywalker OG-bloem kreeg die naam van de oorspronkelijke veredelaars van de oudersoorten. Skywalker OG werd geproduceerd door OG Kush, een bekende, kalmerende cannabissoort, te kruisen met Skywalker, een Indica-dominante hybride. Ze werd gekweekt met een onbekende CBD-rijke bloem om een ras te cre\u00ebren dat CBD-dominant is. De sterke Indica-bloem, bekend als Skywalker, is gemaakt...\" \/>\n<meta property=\"og:url\" content=\"https:\/\/wietkoopwinkel.com\/it\/prodotto\/skywalker-og-cannabis-oil\/\" \/>\n<meta property=\"og:site_name\" content=\"Wiet Koop Winkel\" \/>\n<meta property=\"article:modified_time\" content=\"2023-10-07T09:04:33+00:00\" \/>\n<meta property=\"og:image\" content=\"https:\/\/wietkoopwinkel.com\/wp-content\/uploads\/2023\/09\/Skywalker-OG-Cannabis-Oil.jpg\" \/>\n\t<meta property=\"og:image:width\" content=\"600\" \/>\n\t<meta property=\"og:image:height\" content=\"600\" \/>\n\t<meta property=\"og:image:type\" content=\"image\/jpeg\" \/>\n<meta name=\"twitter:card\" content=\"summary_large_image\" \/>\n<meta name=\"twitter:label1\" content=\"Tempo di lettura stimato\" \/>\n\t<meta name=\"twitter:data1\" content=\"2 minuti\" \/>\n<script type=\"application\/ld+json\" class=\"yoast-schema-graph\">{\"@context\":\"https:\/\/schema.org\",\"@graph\":[{\"@type\":\"WebPage\",\"@id\":\"https:\/\/wietkoopwinkel.com\/product\/skywalker-og-cannabis-oil\/\",\"url\":\"https:\/\/wietkoopwinkel.com\/product\/skywalker-og-cannabis-oil\/\",\"name\":\"Skywalker OG Cannabis Oil - Wiet Koop Winkel\",\"isPartOf\":{\"@id\":\"https:\/\/wietkoopwinkel.com\/#website\"},\"primaryImageOfPage\":{\"@id\":\"https:\/\/wietkoopwinkel.com\/product\/skywalker-og-cannabis-oil\/#primaryimage\"},\"image\":{\"@id\":\"https:\/\/wietkoopwinkel.com\/product\/skywalker-og-cannabis-oil\/#primaryimage\"},\"thumbnailUrl\":\"https:\/\/wietkoopwinkel.com\/wp-content\/uploads\/2023\/09\/Skywalker-OG-Cannabis-Oil.jpg\",\"datePublished\":\"2023-09-30T10:46:40+00:00\",\"dateModified\":\"2023-10-07T09:04:33+00:00\",\"breadcrumb\":{\"@id\":\"https:\/\/wietkoopwinkel.com\/product\/skywalker-og-cannabis-oil\/#breadcrumb\"},\"inLanguage\":\"it-IT\",\"potentialAction\":[{\"@type\":\"ReadAction\",\"target\":[\"https:\/\/wietkoopwinkel.com\/product\/skywalker-og-cannabis-oil\/\"]}]},{\"@type\":\"ImageObject\",\"inLanguage\":\"it-IT\",\"@id\":\"https:\/\/wietkoopwinkel.com\/product\/skywalker-og-cannabis-oil\/#primaryimage\",\"url\":\"https:\/\/wietkoopwinkel.com\/wp-content\/uploads\/2023\/09\/Skywalker-OG-Cannabis-Oil.jpg\",\"contentUrl\":\"https:\/\/wietkoopwinkel.com\/wp-content\/uploads\/2023\/09\/Skywalker-OG-Cannabis-Oil.jpg\",\"width\":600,\"height\":600,\"caption\":\"Skywalker-OG-Cannabis-Oil\"},{\"@type\":\"BreadcrumbList\",\"@id\":\"https:\/\/wietkoopwinkel.com\/product\/skywalker-og-cannabis-oil\/#breadcrumb\",\"itemListElement\":[{\"@type\":\"ListItem\",\"position\":1,\"name\":\"Home\",\"item\":\"https:\/\/wietkoopwinkel.com\/\"},{\"@type\":\"ListItem\",\"position\":2,\"name\":\"Winkel\",\"item\":\"https:\/\/wietkoopwinkel.com\/winkel\/\"},{\"@type\":\"ListItem\",\"position\":3,\"name\":\"Skywalker OG Cannabis Oil\"}]},{\"@type\":\"WebSite\",\"@id\":\"https:\/\/wietkoopwinkel.com\/#website\",\"url\":\"https:\/\/wietkoopwinkel.com\/\",\"name\":\"Wiet Koop Winkel\",\"description\":\"My WordPress Blog\",\"publisher\":{\"@id\":\"https:\/\/wietkoopwinkel.com\/#organization\"},\"potentialAction\":[{\"@type\":\"SearchAction\",\"target\":{\"@type\":\"EntryPoint\",\"urlTemplate\":\"https:\/\/wietkoopwinkel.com\/?s={search_term_string}\"},\"query-input\":{\"@type\":\"PropertyValueSpecification\",\"valueRequired\":true,\"valueName\":\"search_term_string\"}}],\"inLanguage\":\"it-IT\"},{\"@type\":\"Organization\",\"@id\":\"https:\/\/wietkoopwinkel.com\/#organization\",\"name\":\"Wiet Koop Winkel\",\"url\":\"https:\/\/wietkoopwinkel.com\/\",\"logo\":{\"@type\":\"ImageObject\",\"inLanguage\":\"it-IT\",\"@id\":\"https:\/\/wietkoopwinkel.com\/#\/schema\/logo\/image\/\",\"url\":\"https:\/\/wietkoopwinkel.com\/wp-content\/uploads\/2023\/10\/logo.png\",\"contentUrl\":\"https:\/\/wietkoopwinkel.com\/wp-content\/uploads\/2023\/10\/logo.png\",\"width\":400,\"height\":120,\"caption\":\"Wiet Koop Winkel\"},\"image\":{\"@id\":\"https:\/\/wietkoopwinkel.com\/#\/schema\/logo\/image\/\"}}]}<\/script>\n<!-- \/ Yoast SEO plugin. -->","yoast_head_json":{"title":"Skywalker OG Cannabis Oil - Wiet Koop Winkel","robots":{"index":"index","follow":"follow","max-snippet":"max-snippet:-1","max-image-preview":"max-image-preview:large","max-video-preview":"max-video-preview:-1"},"canonical":"https:\/\/wietkoopwinkel.com\/it\/prodotto\/skywalker-og-cannabis-oil\/","og_locale":"it_IT","og_type":"article","og_title":"Skywalker OG Cannabis Oil - Wiet Koop Winkel","og_description":"De Skywalker OG-bloem kreeg die naam van de oorspronkelijke veredelaars van de oudersoorten. Skywalker OG werd geproduceerd door OG Kush, een bekende, kalmerende cannabissoort, te kruisen met Skywalker, een Indica-dominante hybride. Ze werd gekweekt met een onbekende CBD-rijke bloem om een ras te cre\u00ebren dat CBD-dominant is. De sterke Indica-bloem, bekend als Skywalker, is gemaakt...","og_url":"https:\/\/wietkoopwinkel.com\/it\/prodotto\/skywalker-og-cannabis-oil\/","og_site_name":"Wiet Koop Winkel","article_modified_time":"2023-10-07T09:04:33+00:00","og_image":[{"width":600,"height":600,"url":"https:\/\/wietkoopwinkel.com\/wp-content\/uploads\/2023\/09\/Skywalker-OG-Cannabis-Oil.jpg","type":"image\/jpeg"}],"twitter_card":"summary_large_image","twitter_misc":{"Tempo di lettura stimato":"2 minuti"},"schema":{"@context":"https:\/\/schema.org","@graph":[{"@type":"WebPage","@id":"https:\/\/wietkoopwinkel.com\/product\/skywalker-og-cannabis-oil\/","url":"https:\/\/wietkoopwinkel.com\/product\/skywalker-og-cannabis-oil\/","name":"Skywalker OG Cannabis Oil - Wiet Koop Winkel","isPartOf":{"@id":"https:\/\/wietkoopwinkel.com\/#website"},"primaryImageOfPage":{"@id":"https:\/\/wietkoopwinkel.com\/product\/skywalker-og-cannabis-oil\/#primaryimage"},"image":{"@id":"https:\/\/wietkoopwinkel.com\/product\/skywalker-og-cannabis-oil\/#primaryimage"},"thumbnailUrl":"https:\/\/wietkoopwinkel.com\/wp-content\/uploads\/2023\/09\/Skywalker-OG-Cannabis-Oil.jpg","datePublished":"2023-09-30T10:46:40+00:00","dateModified":"2023-10-07T09:04:33+00:00","breadcrumb":{"@id":"https:\/\/wietkoopwinkel.com\/product\/skywalker-og-cannabis-oil\/#breadcrumb"},"inLanguage":"it-IT","potentialAction":[{"@type":"ReadAction","target":["https:\/\/wietkoopwinkel.com\/product\/skywalker-og-cannabis-oil\/"]}]},{"@type":"ImageObject","inLanguage":"it-IT","@id":"https:\/\/wietkoopwinkel.com\/product\/skywalker-og-cannabis-oil\/#primaryimage","url":"https:\/\/wietkoopwinkel.com\/wp-content\/uploads\/2023\/09\/Skywalker-OG-Cannabis-Oil.jpg","contentUrl":"https:\/\/wietkoopwinkel.com\/wp-content\/uploads\/2023\/09\/Skywalker-OG-Cannabis-Oil.jpg","width":600,"height":600,"caption":"Skywalker-OG-Cannabis-Oil"},{"@type":"BreadcrumbList","@id":"https:\/\/wietkoopwinkel.com\/product\/skywalker-og-cannabis-oil\/#breadcrumb","itemListElement":[{"@type":"ListItem","position":1,"name":"Home","item":"https:\/\/wietkoopwinkel.com\/"},{"@type":"ListItem","position":2,"name":"Winkel","item":"https:\/\/wietkoopwinkel.com\/winkel\/"},{"@type":"ListItem","position":3,"name":"Skywalker OG Cannabis Oil"}]},{"@type":"WebSite","@id":"https:\/\/wietkoopwinkel.com\/#website","url":"https:\/\/wietkoopwinkel.com\/","name":"Wiet Koop Winkel","description":"My WordPress Blog","publisher":{"@id":"https:\/\/wietkoopwinkel.com\/#organization"},"potentialAction":[{"@type":"SearchAction","target":{"@type":"EntryPoint","urlTemplate":"https:\/\/wietkoopwinkel.com\/?s={search_term_string}"},"query-input":{"@type":"PropertyValueSpecification","valueRequired":true,"valueName":"search_term_string"}}],"inLanguage":"it-IT"},{"@type":"Organization","@id":"https:\/\/wietkoopwinkel.com\/#organization","name":"Wiet Koop Winkel","url":"https:\/\/wietkoopwinkel.com\/","logo":{"@type":"ImageObject","inLanguage":"it-IT","@id":"https:\/\/wietkoopwinkel.com\/#\/schema\/logo\/image\/","url":"https:\/\/wietkoopwinkel.com\/wp-content\/uploads\/2023\/10\/logo.png","contentUrl":"https:\/\/wietkoopwinkel.com\/wp-content\/uploads\/2023\/10\/logo.png","width":400,"height":120,"caption":"Wiet Koop Winkel"},"image":{"@id":"https:\/\/wietkoopwinkel.com\/#\/schema\/logo\/image\/"}}]}},"_links":{"self":[{"href":"https:\/\/wietkoopwinkel.com\/it\/wp-json\/wp\/v2\/product\/1389","targetHints":{"allow":["GET"]}}],"collection":[{"href":"https:\/\/wietkoopwinkel.com\/it\/wp-json\/wp\/v2\/product"}],"about":[{"href":"https:\/\/wietkoopwinkel.com\/it\/wp-json\/wp\/v2\/types\/product"}],"replies":[{"embeddable":true,"href":"https:\/\/wietkoopwinkel.com\/it\/wp-json\/wp\/v2\/comments?post=1389"}],"wp:featuredmedia":[{"embeddable":true,"href":"https:\/\/wietkoopwinkel.com\/it\/wp-json\/wp\/v2\/media\/1409"}],"wp:attachment":[{"href":"https:\/\/wietkoopwinkel.com\/it\/wp-json\/wp\/v2\/media?parent=1389"}],"wp:term":[{"taxonomy":"product_cat","embeddable":true,"href":"https:\/\/wietkoopwinkel.com\/it\/wp-json\/wp\/v2\/product_cat?post=1389"},{"taxonomy":"product_tag","embeddable":true,"href":"https:\/\/wietkoopwinkel.com\/it\/wp-json\/wp\/v2\/product_tag?post=1389"}],"curies":[{"name":"wp","href":"https:\/\/api.w.org\/{rel}","templated":true}]}}