{"id":1388,"date":"2023-09-30T10:46:38","date_gmt":"2023-09-30T10:46:38","guid":{"rendered":"https:\/\/nembutalhouse.com\/weed\/?post_type=product&#038;p=1388"},"modified":"2023-10-07T09:06:51","modified_gmt":"2023-10-07T09:06:51","slug":"og-kush-cannabis-oil","status":"publish","type":"product","link":"https:\/\/wietkoopwinkel.com\/it\/prodotto\/og-kush-cannabis-oil\/","title":{"rendered":"Olio di cannabis OG Kush"},"content":{"rendered":"<p>All'inizio degli anni '90, la variet\u00e0 OG Kush, nota anche come Premium OG Kush, fu sviluppata in Florida. Il creatore di OG Kush rimane un mistero. Il mercato della cannabis sostiene che la sua genetica derivi da cultivar note come Chemdawg, Lemon Thai o Old World Paki Kush, che potrebbero essere state incrociate per creare questa pianta.<\/p>\n<p>Questa pianta \u00e8 nota per il suo caratteristico profilo terpenico, che le conferisce un intenso profumo di limone. \u00c8 considerata da molti una delle variet\u00e0 di cannabis pi\u00f9 stimolanti disponibili. Grazie agli effetti dell'OG Kush, \u00e8 possibile gestire queste condizioni, cos\u00ec come il disagio cronico. La fame \u00e8 un altro effetto collaterale importante, secondo l'OG Kush.<\/p>\n<h2>Pu\u00f2 migliorare la cachessia e la perdita di appetito causate dal cancro o dall'AIDS\/HIV.<\/h2>\n<p>OG Kush \u00e8 una variet\u00e0 a predominanza indica. La maggior parte delle piante ha un rapporto indica-sativa del 55% e sativa del 45%, sebbene possano esserci leggere variazioni a seconda dell'ibrido. OG Kush ha un alto contenuto di THC, circa il 26%, e un po' di CBD.<\/p>\n<p>Poich\u00e9 preferisce avere ampia libert\u00e0 di sviluppo all'aperto piuttosto che essere confinata in una fioriera, questa pianta \u00e8 consigliata ai coltivatori esperti.<\/p>","protected":false},"excerpt":{"rendered":"<p>Begin jaren negentig werd in Florida de soort OG Kush ontwikkeld, ook wel bekend als Premium OG Kush. Wie OG Kush heeft gemaakt, is een mysterie. Op de cannabismarkt wordt beweerd dat de genetica afkomstig is van bekende soorten (cultivars) zoals Chemdawg, Lemon Thai of Old World Paki Kush, die mogelijk zijn gekruist om deze&#8230;<\/p>","protected":false},"featured_media":1408,"comment_status":"open","ping_status":"closed","template":"","meta":{"_kad_post_transparent":"default","_kad_post_title":"","_kad_post_layout":"default","_kad_post_sidebar_id":"","_kad_post_content_style":"default","_kad_post_vertical_padding":"default","_kad_post_feature":"","_kad_post_feature_position":"","_kad_post_header":false,"_kad_post_footer":false,"_joinchat":[]},"product_cat":[30],"product_tag":[],"class_list":["post-1388","product","type-product","status-publish","has-post-thumbnail","hentry","product_cat-cannabis-thc-olie","entry","content-bg","loop-entry"],"yoast_head":"<!-- This site is optimized with the Yoast SEO plugin v26.3 - https:\/\/yoast.com\/wordpress\/plugins\/seo\/ -->\n<title>OG Kush Cannabis Oil - Wiet Koop Winkel<\/title>\n<meta name=\"robots\" content=\"index, follow, max-snippet:-1, max-image-preview:large, max-video-preview:-1\" \/>\n<link rel=\"canonical\" href=\"https:\/\/wietkoopwinkel.com\/it\/prodotto\/og-kush-cannabis-oil\/\" \/>\n<meta property=\"og:locale\" content=\"it_IT\" \/>\n<meta property=\"og:type\" content=\"article\" \/>\n<meta property=\"og:title\" content=\"OG Kush Cannabis Oil - Wiet Koop Winkel\" \/>\n<meta property=\"og:description\" content=\"Begin jaren negentig werd in Florida de soort OG Kush ontwikkeld, ook wel bekend als Premium OG Kush. Wie OG Kush heeft gemaakt, is een mysterie. Op de cannabismarkt wordt beweerd dat de genetica afkomstig is van bekende soorten (cultivars) zoals Chemdawg, Lemon Thai of Old World Paki Kush, die mogelijk zijn gekruist om deze...\" \/>\n<meta property=\"og:url\" content=\"https:\/\/wietkoopwinkel.com\/it\/prodotto\/og-kush-cannabis-oil\/\" \/>\n<meta property=\"og:site_name\" content=\"Wiet Koop Winkel\" \/>\n<meta property=\"article:modified_time\" content=\"2023-10-07T09:06:51+00:00\" \/>\n<meta property=\"og:image\" content=\"https:\/\/wietkoopwinkel.com\/wp-content\/uploads\/2023\/09\/OG-Kush-Cannabisolja.jpg\" \/>\n\t<meta property=\"og:image:width\" content=\"600\" \/>\n\t<meta property=\"og:image:height\" content=\"600\" \/>\n\t<meta property=\"og:image:type\" content=\"image\/jpeg\" \/>\n<meta name=\"twitter:card\" content=\"summary_large_image\" \/>\n<meta name=\"twitter:label1\" content=\"Tempo di lettura stimato\" \/>\n\t<meta name=\"twitter:data1\" content=\"1 minuto\" \/>\n<script type=\"application\/ld+json\" class=\"yoast-schema-graph\">{\"@context\":\"https:\/\/schema.org\",\"@graph\":[{\"@type\":\"WebPage\",\"@id\":\"https:\/\/wietkoopwinkel.com\/product\/og-kush-cannabis-oil\/\",\"url\":\"https:\/\/wietkoopwinkel.com\/product\/og-kush-cannabis-oil\/\",\"name\":\"OG Kush Cannabis Oil - Wiet Koop Winkel\",\"isPartOf\":{\"@id\":\"https:\/\/wietkoopwinkel.com\/#website\"},\"primaryImageOfPage\":{\"@id\":\"https:\/\/wietkoopwinkel.com\/product\/og-kush-cannabis-oil\/#primaryimage\"},\"image\":{\"@id\":\"https:\/\/wietkoopwinkel.com\/product\/og-kush-cannabis-oil\/#primaryimage\"},\"thumbnailUrl\":\"https:\/\/wietkoopwinkel.com\/wp-content\/uploads\/2023\/09\/OG-Kush-Cannabisolja.jpg\",\"datePublished\":\"2023-09-30T10:46:38+00:00\",\"dateModified\":\"2023-10-07T09:06:51+00:00\",\"breadcrumb\":{\"@id\":\"https:\/\/wietkoopwinkel.com\/product\/og-kush-cannabis-oil\/#breadcrumb\"},\"inLanguage\":\"it-IT\",\"potentialAction\":[{\"@type\":\"ReadAction\",\"target\":[\"https:\/\/wietkoopwinkel.com\/product\/og-kush-cannabis-oil\/\"]}]},{\"@type\":\"ImageObject\",\"inLanguage\":\"it-IT\",\"@id\":\"https:\/\/wietkoopwinkel.com\/product\/og-kush-cannabis-oil\/#primaryimage\",\"url\":\"https:\/\/wietkoopwinkel.com\/wp-content\/uploads\/2023\/09\/OG-Kush-Cannabisolja.jpg\",\"contentUrl\":\"https:\/\/wietkoopwinkel.com\/wp-content\/uploads\/2023\/09\/OG-Kush-Cannabisolja.jpg\",\"width\":600,\"height\":600,\"caption\":\"OG-Kush-Cannabisolja\"},{\"@type\":\"BreadcrumbList\",\"@id\":\"https:\/\/wietkoopwinkel.com\/product\/og-kush-cannabis-oil\/#breadcrumb\",\"itemListElement\":[{\"@type\":\"ListItem\",\"position\":1,\"name\":\"Home\",\"item\":\"https:\/\/wietkoopwinkel.com\/\"},{\"@type\":\"ListItem\",\"position\":2,\"name\":\"Winkel\",\"item\":\"https:\/\/wietkoopwinkel.com\/winkel\/\"},{\"@type\":\"ListItem\",\"position\":3,\"name\":\"OG Kush Cannabis Oil\"}]},{\"@type\":\"WebSite\",\"@id\":\"https:\/\/wietkoopwinkel.com\/#website\",\"url\":\"https:\/\/wietkoopwinkel.com\/\",\"name\":\"Wiet Koop Winkel\",\"description\":\"My WordPress Blog\",\"publisher\":{\"@id\":\"https:\/\/wietkoopwinkel.com\/#organization\"},\"potentialAction\":[{\"@type\":\"SearchAction\",\"target\":{\"@type\":\"EntryPoint\",\"urlTemplate\":\"https:\/\/wietkoopwinkel.com\/?s={search_term_string}\"},\"query-input\":{\"@type\":\"PropertyValueSpecification\",\"valueRequired\":true,\"valueName\":\"search_term_string\"}}],\"inLanguage\":\"it-IT\"},{\"@type\":\"Organization\",\"@id\":\"https:\/\/wietkoopwinkel.com\/#organization\",\"name\":\"Wiet Koop Winkel\",\"url\":\"https:\/\/wietkoopwinkel.com\/\",\"logo\":{\"@type\":\"ImageObject\",\"inLanguage\":\"it-IT\",\"@id\":\"https:\/\/wietkoopwinkel.com\/#\/schema\/logo\/image\/\",\"url\":\"https:\/\/wietkoopwinkel.com\/wp-content\/uploads\/2023\/10\/logo.png\",\"contentUrl\":\"https:\/\/wietkoopwinkel.com\/wp-content\/uploads\/2023\/10\/logo.png\",\"width\":400,\"height\":120,\"caption\":\"Wiet Koop Winkel\"},\"image\":{\"@id\":\"https:\/\/wietkoopwinkel.com\/#\/schema\/logo\/image\/\"}}]}<\/script>\n<!-- \/ Yoast SEO plugin. -->","yoast_head_json":{"title":"OG Kush Cannabis Oil - Wiet Koop Winkel","robots":{"index":"index","follow":"follow","max-snippet":"max-snippet:-1","max-image-preview":"max-image-preview:large","max-video-preview":"max-video-preview:-1"},"canonical":"https:\/\/wietkoopwinkel.com\/it\/prodotto\/og-kush-cannabis-oil\/","og_locale":"it_IT","og_type":"article","og_title":"OG Kush Cannabis Oil - Wiet Koop Winkel","og_description":"Begin jaren negentig werd in Florida de soort OG Kush ontwikkeld, ook wel bekend als Premium OG Kush. Wie OG Kush heeft gemaakt, is een mysterie. Op de cannabismarkt wordt beweerd dat de genetica afkomstig is van bekende soorten (cultivars) zoals Chemdawg, Lemon Thai of Old World Paki Kush, die mogelijk zijn gekruist om deze...","og_url":"https:\/\/wietkoopwinkel.com\/it\/prodotto\/og-kush-cannabis-oil\/","og_site_name":"Wiet Koop Winkel","article_modified_time":"2023-10-07T09:06:51+00:00","og_image":[{"width":600,"height":600,"url":"https:\/\/wietkoopwinkel.com\/wp-content\/uploads\/2023\/09\/OG-Kush-Cannabisolja.jpg","type":"image\/jpeg"}],"twitter_card":"summary_large_image","twitter_misc":{"Tempo di lettura stimato":"1 minuto"},"schema":{"@context":"https:\/\/schema.org","@graph":[{"@type":"WebPage","@id":"https:\/\/wietkoopwinkel.com\/product\/og-kush-cannabis-oil\/","url":"https:\/\/wietkoopwinkel.com\/product\/og-kush-cannabis-oil\/","name":"OG Kush Cannabis Oil - Wiet Koop Winkel","isPartOf":{"@id":"https:\/\/wietkoopwinkel.com\/#website"},"primaryImageOfPage":{"@id":"https:\/\/wietkoopwinkel.com\/product\/og-kush-cannabis-oil\/#primaryimage"},"image":{"@id":"https:\/\/wietkoopwinkel.com\/product\/og-kush-cannabis-oil\/#primaryimage"},"thumbnailUrl":"https:\/\/wietkoopwinkel.com\/wp-content\/uploads\/2023\/09\/OG-Kush-Cannabisolja.jpg","datePublished":"2023-09-30T10:46:38+00:00","dateModified":"2023-10-07T09:06:51+00:00","breadcrumb":{"@id":"https:\/\/wietkoopwinkel.com\/product\/og-kush-cannabis-oil\/#breadcrumb"},"inLanguage":"it-IT","potentialAction":[{"@type":"ReadAction","target":["https:\/\/wietkoopwinkel.com\/product\/og-kush-cannabis-oil\/"]}]},{"@type":"ImageObject","inLanguage":"it-IT","@id":"https:\/\/wietkoopwinkel.com\/product\/og-kush-cannabis-oil\/#primaryimage","url":"https:\/\/wietkoopwinkel.com\/wp-content\/uploads\/2023\/09\/OG-Kush-Cannabisolja.jpg","contentUrl":"https:\/\/wietkoopwinkel.com\/wp-content\/uploads\/2023\/09\/OG-Kush-Cannabisolja.jpg","width":600,"height":600,"caption":"OG-Kush-Cannabisolja"},{"@type":"BreadcrumbList","@id":"https:\/\/wietkoopwinkel.com\/product\/og-kush-cannabis-oil\/#breadcrumb","itemListElement":[{"@type":"ListItem","position":1,"name":"Home","item":"https:\/\/wietkoopwinkel.com\/"},{"@type":"ListItem","position":2,"name":"Winkel","item":"https:\/\/wietkoopwinkel.com\/winkel\/"},{"@type":"ListItem","position":3,"name":"OG Kush Cannabis Oil"}]},{"@type":"WebSite","@id":"https:\/\/wietkoopwinkel.com\/#website","url":"https:\/\/wietkoopwinkel.com\/","name":"Wiet Koop Winkel","description":"My WordPress Blog","publisher":{"@id":"https:\/\/wietkoopwinkel.com\/#organization"},"potentialAction":[{"@type":"SearchAction","target":{"@type":"EntryPoint","urlTemplate":"https:\/\/wietkoopwinkel.com\/?s={search_term_string}"},"query-input":{"@type":"PropertyValueSpecification","valueRequired":true,"valueName":"search_term_string"}}],"inLanguage":"it-IT"},{"@type":"Organization","@id":"https:\/\/wietkoopwinkel.com\/#organization","name":"Wiet Koop Winkel","url":"https:\/\/wietkoopwinkel.com\/","logo":{"@type":"ImageObject","inLanguage":"it-IT","@id":"https:\/\/wietkoopwinkel.com\/#\/schema\/logo\/image\/","url":"https:\/\/wietkoopwinkel.com\/wp-content\/uploads\/2023\/10\/logo.png","contentUrl":"https:\/\/wietkoopwinkel.com\/wp-content\/uploads\/2023\/10\/logo.png","width":400,"height":120,"caption":"Wiet Koop Winkel"},"image":{"@id":"https:\/\/wietkoopwinkel.com\/#\/schema\/logo\/image\/"}}]}},"_links":{"self":[{"href":"https:\/\/wietkoopwinkel.com\/it\/wp-json\/wp\/v2\/product\/1388","targetHints":{"allow":["GET"]}}],"collection":[{"href":"https:\/\/wietkoopwinkel.com\/it\/wp-json\/wp\/v2\/product"}],"about":[{"href":"https:\/\/wietkoopwinkel.com\/it\/wp-json\/wp\/v2\/types\/product"}],"replies":[{"embeddable":true,"href":"https:\/\/wietkoopwinkel.com\/it\/wp-json\/wp\/v2\/comments?post=1388"}],"wp:featuredmedia":[{"embeddable":true,"href":"https:\/\/wietkoopwinkel.com\/it\/wp-json\/wp\/v2\/media\/1408"}],"wp:attachment":[{"href":"https:\/\/wietkoopwinkel.com\/it\/wp-json\/wp\/v2\/media?parent=1388"}],"wp:term":[{"taxonomy":"product_cat","embeddable":true,"href":"https:\/\/wietkoopwinkel.com\/it\/wp-json\/wp\/v2\/product_cat?post=1388"},{"taxonomy":"product_tag","embeddable":true,"href":"https:\/\/wietkoopwinkel.com\/it\/wp-json\/wp\/v2\/product_tag?post=1388"}],"curies":[{"name":"wp","href":"https:\/\/api.w.org\/{rel}","templated":true}]}}