{"id":1369,"date":"2023-09-30T10:33:33","date_gmt":"2023-09-30T10:33:33","guid":{"rendered":"https:\/\/nembutalhouse.com\/weed\/?post_type=product&#038;p=1369"},"modified":"2024-01-03T11:22:03","modified_gmt":"2024-01-03T11:22:03","slug":"tangie-hash","status":"publish","type":"product","link":"https:\/\/wietkoopwinkel.com\/it\/prodotto\/tangie-hash\/","title":{"rendered":"Tangie Hash"},"content":{"rendered":"<p>La Tangie Hash \u00e8 una popolare variet\u00e0 Sativa che offre forti sballi e meravigliose esperienze. Dalla met\u00e0 degli anni '90, la marijuana nota come Tangie \u00e8 stata sviluppata a partire dalla nota variet\u00e0 Tangerine Dream. Un po' di cannabis Tangerine Dream \u00e8 stata combinata da Space Farms con la deliziosa e tetra variet\u00e0 Skunk #1 per produrre una grande Sativa che non ha eguali! L'hashish Tangie d\u00e0 una spinta cerebrale e una scarica di energia simile a quella di una tazza di caff\u00e8, ma questo sballo sar\u00e0 completamente privo di vibrazioni! L'hashish Tangie Bubble si gusta al meglio con uno o due amici, poich\u00e9 questa meravigliosa variet\u00e0 genera sensazioni felici che dovrebbero essere condivise! La cannabis Tangie ha bellissime cime verde menta con intrecci di peli arancioni scuri. La marijuana Tangie \u00e8 ricoperta da un bellissimo strato di tricomi cristallini.<\/p>\n<h2>Uso pi\u00f9 efficace<\/h2>\n<p>La migliore variet\u00e0 per il consumo mattutino e diurno \u00e8 Tangie Bubble Hash. I suoi tradizionali effetti da fiore sativa sono ideali per rimanere svegli e vigili mentre si lavora su un compito. Tangie Bubble Hash d\u00e0 una scarica potente, ma non fa venire le vertigini. Dopo la prima sniffata, un'ondata di energia edificante inizia a scorrere nel vostro corpo! Questa vibrazione svanir\u00e0 presto e sarete circondati da una mentalit\u00e0 determinata e concentrata. Il Tangie \u00e8 noto per promuovere la creativit\u00e0 e stimolare le idee. Se volete liberarvi da stanchezza e depressione, provate Tangie Bubble Hash. Come gi\u00e0 detto, consigliamo di condividere la marijuana Tangie con un amico, in modo che tutti possano sperimentare i suoi effetti incredibilmente edificanti e piacevoli. Le risate seguiranno senza dubbio.<\/p>\n<h3>Il sapore<\/h3>\n<p>Tangie Bubble Hash \u00e8 una variet\u00e0 di marijuana gustosa e divertente! Agrumi, mandarino e un pizzico di diesel danzano insieme per produrre una combinazione di sapori ineguagliabile. Le sfumature agrumate e il sapore salato di questa variet\u00e0 saltano immediatamente sulla lingua e nel cervello al primo assaggio. Il delizioso sapore di mandarino inizier\u00e0 a stuzzicare le vostre papille gustative man mano che aspirate aria. La sessione di fumo termina con un sapore di fumo, ma leggermente di gasolio. L'asprezza degli agrumi e della frutta \u00e8 compensata dall'aroma di gasolio, permettendo ai tre sapori di combinarsi armoniosamente.<\/p>","protected":false},"excerpt":{"rendered":"<p>Tangie Hash is een populaire Sativa-soort die sterke highs en prachtige ervaringen biedt. Sinds het midden van de jaren negentig is marihuana, bekend als Tangie, ontwikkeld uit de bekende Tangerine Dream-soort. Een beetje Tangerine Dream-cannabis werd door Space Farms gecombineerd met de heerlijke en vochtige Skunk #1-soort om een geweldige Sativa te produceren die anders&#8230;<\/p>","protected":false},"featured_media":1474,"comment_status":"open","ping_status":"closed","template":"","meta":{"_kad_post_transparent":"default","_kad_post_title":"","_kad_post_layout":"default","_kad_post_sidebar_id":"","_kad_post_content_style":"default","_kad_post_vertical_padding":"default","_kad_post_feature":"","_kad_post_feature_position":"","_kad_post_header":false,"_kad_post_footer":false,"_joinchat":[]},"product_cat":[31],"product_tag":[],"class_list":["post-1369","product","type-product","status-publish","has-post-thumbnail","hentry","product_cat-hasj","entry","content-bg","loop-entry"],"yoast_head":"<!-- This site is optimized with the Yoast SEO plugin v26.3 - https:\/\/yoast.com\/wordpress\/plugins\/seo\/ -->\n<title>Tangie Hash - Wiet Koop Winkel<\/title>\n<meta name=\"robots\" content=\"index, follow, max-snippet:-1, max-image-preview:large, max-video-preview:-1\" \/>\n<link rel=\"canonical\" href=\"https:\/\/wietkoopwinkel.com\/it\/prodotto\/tangie-hash\/\" \/>\n<meta property=\"og:locale\" content=\"it_IT\" \/>\n<meta property=\"og:type\" content=\"article\" \/>\n<meta property=\"og:title\" content=\"Tangie Hash - Wiet Koop Winkel\" \/>\n<meta property=\"og:description\" content=\"Tangie Hash is een populaire Sativa-soort die sterke highs en prachtige ervaringen biedt. Sinds het midden van de jaren negentig is marihuana, bekend als Tangie, ontwikkeld uit de bekende Tangerine Dream-soort. Een beetje Tangerine Dream-cannabis werd door Space Farms gecombineerd met de heerlijke en vochtige Skunk #1-soort om een geweldige Sativa te produceren die anders...\" \/>\n<meta property=\"og:url\" content=\"https:\/\/wietkoopwinkel.com\/it\/prodotto\/tangie-hash\/\" \/>\n<meta property=\"og:site_name\" content=\"Wiet Koop Winkel\" \/>\n<meta property=\"article:modified_time\" content=\"2024-01-03T11:22:03+00:00\" \/>\n<meta property=\"og:image\" content=\"https:\/\/wietkoopwinkel.com\/wp-content\/uploads\/2023\/09\/Tangie-Hash-1.jpg\" \/>\n\t<meta property=\"og:image:width\" content=\"600\" \/>\n\t<meta property=\"og:image:height\" content=\"600\" \/>\n\t<meta property=\"og:image:type\" content=\"image\/jpeg\" \/>\n<meta name=\"twitter:card\" content=\"summary_large_image\" \/>\n<meta name=\"twitter:label1\" content=\"Tempo di lettura stimato\" \/>\n\t<meta name=\"twitter:data1\" content=\"2 minuti\" \/>\n<script type=\"application\/ld+json\" class=\"yoast-schema-graph\">{\"@context\":\"https:\/\/schema.org\",\"@graph\":[{\"@type\":\"WebPage\",\"@id\":\"https:\/\/wietkoopwinkel.com\/product\/tangie-hash\/\",\"url\":\"https:\/\/wietkoopwinkel.com\/product\/tangie-hash\/\",\"name\":\"Tangie Hash - Wiet Koop Winkel\",\"isPartOf\":{\"@id\":\"https:\/\/wietkoopwinkel.com\/#website\"},\"primaryImageOfPage\":{\"@id\":\"https:\/\/wietkoopwinkel.com\/product\/tangie-hash\/#primaryimage\"},\"image\":{\"@id\":\"https:\/\/wietkoopwinkel.com\/product\/tangie-hash\/#primaryimage\"},\"thumbnailUrl\":\"https:\/\/wietkoopwinkel.com\/wp-content\/uploads\/2023\/09\/Tangie-Hash-1.jpg\",\"datePublished\":\"2023-09-30T10:33:33+00:00\",\"dateModified\":\"2024-01-03T11:22:03+00:00\",\"breadcrumb\":{\"@id\":\"https:\/\/wietkoopwinkel.com\/product\/tangie-hash\/#breadcrumb\"},\"inLanguage\":\"it-IT\",\"potentialAction\":[{\"@type\":\"ReadAction\",\"target\":[\"https:\/\/wietkoopwinkel.com\/product\/tangie-hash\/\"]}]},{\"@type\":\"ImageObject\",\"inLanguage\":\"it-IT\",\"@id\":\"https:\/\/wietkoopwinkel.com\/product\/tangie-hash\/#primaryimage\",\"url\":\"https:\/\/wietkoopwinkel.com\/wp-content\/uploads\/2023\/09\/Tangie-Hash-1.jpg\",\"contentUrl\":\"https:\/\/wietkoopwinkel.com\/wp-content\/uploads\/2023\/09\/Tangie-Hash-1.jpg\",\"width\":600,\"height\":600,\"caption\":\"Tangie Hash\"},{\"@type\":\"BreadcrumbList\",\"@id\":\"https:\/\/wietkoopwinkel.com\/product\/tangie-hash\/#breadcrumb\",\"itemListElement\":[{\"@type\":\"ListItem\",\"position\":1,\"name\":\"Home\",\"item\":\"https:\/\/wietkoopwinkel.com\/\"},{\"@type\":\"ListItem\",\"position\":2,\"name\":\"Winkel\",\"item\":\"https:\/\/wietkoopwinkel.com\/winkel\/\"},{\"@type\":\"ListItem\",\"position\":3,\"name\":\"Tangie Hash\"}]},{\"@type\":\"WebSite\",\"@id\":\"https:\/\/wietkoopwinkel.com\/#website\",\"url\":\"https:\/\/wietkoopwinkel.com\/\",\"name\":\"Wiet Koop Winkel\",\"description\":\"My WordPress Blog\",\"publisher\":{\"@id\":\"https:\/\/wietkoopwinkel.com\/#organization\"},\"potentialAction\":[{\"@type\":\"SearchAction\",\"target\":{\"@type\":\"EntryPoint\",\"urlTemplate\":\"https:\/\/wietkoopwinkel.com\/?s={search_term_string}\"},\"query-input\":{\"@type\":\"PropertyValueSpecification\",\"valueRequired\":true,\"valueName\":\"search_term_string\"}}],\"inLanguage\":\"it-IT\"},{\"@type\":\"Organization\",\"@id\":\"https:\/\/wietkoopwinkel.com\/#organization\",\"name\":\"Wiet Koop Winkel\",\"url\":\"https:\/\/wietkoopwinkel.com\/\",\"logo\":{\"@type\":\"ImageObject\",\"inLanguage\":\"it-IT\",\"@id\":\"https:\/\/wietkoopwinkel.com\/#\/schema\/logo\/image\/\",\"url\":\"https:\/\/wietkoopwinkel.com\/wp-content\/uploads\/2023\/10\/logo.png\",\"contentUrl\":\"https:\/\/wietkoopwinkel.com\/wp-content\/uploads\/2023\/10\/logo.png\",\"width\":400,\"height\":120,\"caption\":\"Wiet Koop Winkel\"},\"image\":{\"@id\":\"https:\/\/wietkoopwinkel.com\/#\/schema\/logo\/image\/\"}}]}<\/script>\n<!-- \/ Yoast SEO plugin. -->","yoast_head_json":{"title":"Tangie Hash - Wiet Koop Winkel","robots":{"index":"index","follow":"follow","max-snippet":"max-snippet:-1","max-image-preview":"max-image-preview:large","max-video-preview":"max-video-preview:-1"},"canonical":"https:\/\/wietkoopwinkel.com\/it\/prodotto\/tangie-hash\/","og_locale":"it_IT","og_type":"article","og_title":"Tangie Hash - Wiet Koop Winkel","og_description":"Tangie Hash is een populaire Sativa-soort die sterke highs en prachtige ervaringen biedt. Sinds het midden van de jaren negentig is marihuana, bekend als Tangie, ontwikkeld uit de bekende Tangerine Dream-soort. Een beetje Tangerine Dream-cannabis werd door Space Farms gecombineerd met de heerlijke en vochtige Skunk #1-soort om een geweldige Sativa te produceren die anders...","og_url":"https:\/\/wietkoopwinkel.com\/it\/prodotto\/tangie-hash\/","og_site_name":"Wiet Koop Winkel","article_modified_time":"2024-01-03T11:22:03+00:00","og_image":[{"width":600,"height":600,"url":"https:\/\/wietkoopwinkel.com\/wp-content\/uploads\/2023\/09\/Tangie-Hash-1.jpg","type":"image\/jpeg"}],"twitter_card":"summary_large_image","twitter_misc":{"Tempo di lettura stimato":"2 minuti"},"schema":{"@context":"https:\/\/schema.org","@graph":[{"@type":"WebPage","@id":"https:\/\/wietkoopwinkel.com\/product\/tangie-hash\/","url":"https:\/\/wietkoopwinkel.com\/product\/tangie-hash\/","name":"Tangie Hash - Wiet Koop Winkel","isPartOf":{"@id":"https:\/\/wietkoopwinkel.com\/#website"},"primaryImageOfPage":{"@id":"https:\/\/wietkoopwinkel.com\/product\/tangie-hash\/#primaryimage"},"image":{"@id":"https:\/\/wietkoopwinkel.com\/product\/tangie-hash\/#primaryimage"},"thumbnailUrl":"https:\/\/wietkoopwinkel.com\/wp-content\/uploads\/2023\/09\/Tangie-Hash-1.jpg","datePublished":"2023-09-30T10:33:33+00:00","dateModified":"2024-01-03T11:22:03+00:00","breadcrumb":{"@id":"https:\/\/wietkoopwinkel.com\/product\/tangie-hash\/#breadcrumb"},"inLanguage":"it-IT","potentialAction":[{"@type":"ReadAction","target":["https:\/\/wietkoopwinkel.com\/product\/tangie-hash\/"]}]},{"@type":"ImageObject","inLanguage":"it-IT","@id":"https:\/\/wietkoopwinkel.com\/product\/tangie-hash\/#primaryimage","url":"https:\/\/wietkoopwinkel.com\/wp-content\/uploads\/2023\/09\/Tangie-Hash-1.jpg","contentUrl":"https:\/\/wietkoopwinkel.com\/wp-content\/uploads\/2023\/09\/Tangie-Hash-1.jpg","width":600,"height":600,"caption":"Tangie Hash"},{"@type":"BreadcrumbList","@id":"https:\/\/wietkoopwinkel.com\/product\/tangie-hash\/#breadcrumb","itemListElement":[{"@type":"ListItem","position":1,"name":"Home","item":"https:\/\/wietkoopwinkel.com\/"},{"@type":"ListItem","position":2,"name":"Winkel","item":"https:\/\/wietkoopwinkel.com\/winkel\/"},{"@type":"ListItem","position":3,"name":"Tangie Hash"}]},{"@type":"WebSite","@id":"https:\/\/wietkoopwinkel.com\/#website","url":"https:\/\/wietkoopwinkel.com\/","name":"Wiet Koop Winkel","description":"My WordPress Blog","publisher":{"@id":"https:\/\/wietkoopwinkel.com\/#organization"},"potentialAction":[{"@type":"SearchAction","target":{"@type":"EntryPoint","urlTemplate":"https:\/\/wietkoopwinkel.com\/?s={search_term_string}"},"query-input":{"@type":"PropertyValueSpecification","valueRequired":true,"valueName":"search_term_string"}}],"inLanguage":"it-IT"},{"@type":"Organization","@id":"https:\/\/wietkoopwinkel.com\/#organization","name":"Wiet Koop Winkel","url":"https:\/\/wietkoopwinkel.com\/","logo":{"@type":"ImageObject","inLanguage":"it-IT","@id":"https:\/\/wietkoopwinkel.com\/#\/schema\/logo\/image\/","url":"https:\/\/wietkoopwinkel.com\/wp-content\/uploads\/2023\/10\/logo.png","contentUrl":"https:\/\/wietkoopwinkel.com\/wp-content\/uploads\/2023\/10\/logo.png","width":400,"height":120,"caption":"Wiet Koop Winkel"},"image":{"@id":"https:\/\/wietkoopwinkel.com\/#\/schema\/logo\/image\/"}}]}},"_links":{"self":[{"href":"https:\/\/wietkoopwinkel.com\/it\/wp-json\/wp\/v2\/product\/1369","targetHints":{"allow":["GET"]}}],"collection":[{"href":"https:\/\/wietkoopwinkel.com\/it\/wp-json\/wp\/v2\/product"}],"about":[{"href":"https:\/\/wietkoopwinkel.com\/it\/wp-json\/wp\/v2\/types\/product"}],"replies":[{"embeddable":true,"href":"https:\/\/wietkoopwinkel.com\/it\/wp-json\/wp\/v2\/comments?post=1369"}],"wp:featuredmedia":[{"embeddable":true,"href":"https:\/\/wietkoopwinkel.com\/it\/wp-json\/wp\/v2\/media\/1474"}],"wp:attachment":[{"href":"https:\/\/wietkoopwinkel.com\/it\/wp-json\/wp\/v2\/media?parent=1369"}],"wp:term":[{"taxonomy":"product_cat","embeddable":true,"href":"https:\/\/wietkoopwinkel.com\/it\/wp-json\/wp\/v2\/product_cat?post=1369"},{"taxonomy":"product_tag","embeddable":true,"href":"https:\/\/wietkoopwinkel.com\/it\/wp-json\/wp\/v2\/product_tag?post=1369"}],"curies":[{"name":"wp","href":"https:\/\/api.w.org\/{rel}","templated":true}]}}