{"id":106,"date":"2023-09-22T11:06:16","date_gmt":"2023-09-22T11:06:16","guid":{"rendered":"https:\/\/nembutalhouse.com\/weed\/?post_type=product&#038;p=106"},"modified":"2023-10-07T09:48:15","modified_gmt":"2023-10-07T09:48:15","slug":"tropical-cherry","status":"publish","type":"product","link":"https:\/\/wietkoopwinkel.com\/it\/prodotto\/tropical-cherry\/","title":{"rendered":"Ciliegia tropicale"},"content":{"rendered":"<h2>JACK SKELLINGTON: DUE SPECIE DI ASSASSINI COMBINATI<\/h2>\n<p>I selezionatori di questa variet\u00e0 hanno lavorato alla Killer Queen per circa 12 anni. Killer Queen \u00e8 composta principalmente da genetica G13, pi\u00f9 una piccola quantit\u00e0 di Cinderella 99. Jack Skellington \u00e8 stato scoperto dopo l'entrata in scena di Jack Lo Squartatore.<\/p>\n<p>Questo ibrido di indica 30% e sativa 70% produce sballi euforici con alti livelli di THC. I sapori e gli odori sanno di lime fresco e sono piuttosto speziati.<\/p>\n<p>JACK SKELLINGTON: DUE VARIET\u00c0 KILLER COMBINATE\nJack Skellington \u00e8 una variet\u00e0 fantastica per le coltivazioni SOG, ma per controllarne le dimensioni, le piante devono comunque essere cimate. La fase di fioritura dura circa 56 giorni. Le rese medie e l'abbondante resina sulle cime la rendono ideale per la produzione di hashish. Questa cultivar cresce eccezionalmente alta e i coltivatori utilizzano diversi metodi di coltivazione per mantenerne l'altezza. Scopri la deliziosa ed esotica variet\u00e0 di ciliegia Tropicana. Con questa variet\u00e0 di ciliegie tropicali non puoi sbagliare. Ha un aroma delizioso e un sapore delizioso, poich\u00e9 le ciliegie Tropicana sono fruttate e aspre con una deliziosa nota di torta di ciliegie. A nostro avviso, \u00e8 difficile resistere a queste grandi cime.\nQuesto ibrido di 30% indica e 70% sativa produce sballi euforici con alti livelli di THC. I sapori e gli odori sanno di lime fresco e sono piuttosto speziati.\n\nJack Skellington \u00e8 un'ottima variet\u00e0 per i set-up SOG, ma per controllare le dimensioni, le piante devono essere cimate. Durante la fase di fioritura passano circa 56 giorni. Le rese medie e la presenza di molta resina sulle cime la rendono ideale per la produzione di hashish. Questa cultivar \u00e8 eccezionalmente alta e i coltivatori utilizzano diverse tecniche di formazione per controllarne l'altezza.<\/p>\n<p>\u00c8 allettante provarla per il suo aroma fruttato, dolce e speziato e per i suoi sapori di mirtillo e agrumi. Con una distribuzione 60\/40 sativa\/indica e un contenuto medio di THC dal 16 al 21%, Tropicana Cherry Strain \u00e8 la variet\u00e0 di cannabis ideale per consumare sia variet\u00e0 a predominanza sativa che i classici ibridi indica.<\/p>\n<h3>Terpeni nella ciliegia Tropicana<\/h3>\n<p>THC: 16 \u2013 21%<br \/>\nCBD: 0,5 \u2013 0,64%<br \/>\nCBC: 0,19 \u2013 0,29%<br \/>\nCBG: 0,04 \u2013 0,19%<br \/>\nCBN: 0,15 \u2013 0,27%<br \/>\nTHCV: \u2013 0,2%<br \/>\nMyrceen: 0,19%<br \/>\nGeraniol: 0,07%<br \/>\nLimoneen: 0,15%<br \/>\nLinalool: 0,16%<br \/>\nSabineen: 0,07%<br \/>\nBisabolol: 0,12%<br \/>\nTerpineol: 0,01%<br \/>\nValenceen: 0,15%<br \/>\nPhellandreen: 0,08%<\/p>\n<h3>\nImpatto e gusto<\/h3>\n<p>Le cime di Cherry Tropicana appaiono sferiche. Sono enormi lastre di colore verde scuro con sfumature violacee. Le cime hanno una peluria arancione chiaro e sono ricoperte di tricomi bianchi. I clienti hanno anche evidenziato aromi terrosi, di pesca, albicocca, limone e ciliegia, oltre a note fruttate, oltre ai sapori gi\u00e0 menzionati.<\/p>\n<p>Una descrizione dell'effetto della cannabis \u00e8 una luce intensa che ti trasporta in cielo. Le esperienze d'uso sono positive e gioiose. Quando sei sotto l'effetto della marijuana, \u00e8 impossibile svolgere compiti complessi.<\/p>\n<p>\u00c8 un'opzione adatta per una breve passeggiata. Avvertirete un formicolio durante l'effetto, ma questo non vi impedir\u00e0 di godervi l'esperienza. Se siete felici, potrete ridere e incoraggiare gli altri a fare lo stesso. Inoltre, la persona avverte una sensazione di calma e leggerezza in tutto il corpo. Pertanto, consigliamo di idratarsi a fondo. Anche la variet\u00e0 Indica Cherry Tropicana pu\u00f2 far venire fame.<\/p>\n<p>\ud83d\udd0d<\/p>\n<h3>Fiori<\/h3>\n<p>Variet\u00e0 di ciliegia tropicale<\/p>\n<p>Valutato 4,75 su 5 in base a quattro recensioni dei clienti<\/p>\n<p>(4 recensioni dei clienti)<\/p>\n<p>$ 260,00\u00a0\u2013\u00a0$ 2.400,00<\/p>\n<p>Al top della forma<\/p>\n<p>Quantit\u00e0 Scegli un'opzioneOZQPHPP<\/p>\n<p>Numero di variet\u00e0 di ciliegie tropicali<\/p>\n<p>Kos\u00e1rba<\/p>\n<p>Onderaan het formulier<\/p>\n<p>Numero articolo: M-1322 Categoria: Fiori Tag: variet\u00e0 di ciliegia tropicale, ciliegia tropicana, variet\u00e0 di ciliegia tropicana, farmacia Bar Haven, farmacia Fullerton, farmacia Malden, farmacia Nantucket, farmacia Oak Lawn, farmacia Ocean Beach, farmacia RSO oil vicino a me, ciliegie tropicali, variet\u00e0 di ciliegie tropicali, ciliegie tropicali, variet\u00e0 di ciliegie tropicali, variet\u00e0 di ciliegie tropicali, ciliegie tropicana, variet\u00e0 di ciliegie tropicana, ciliegie tropicana, variet\u00e0 di ciliegie tropicana<\/p>\n<p>Descrizione<\/p>\n<p>Informazioni aggiuntive<\/p>\n<p>Recensioni (4)<\/p>\n<p>Variet\u00e0 di ciliegia tropicale<\/p>\n<h3>Panoramica:<\/h3>\n<p>Prova l'esotica e deliziosa variet\u00e0 Tropicana Cherry. Quando si tratta di fiori, non si sbaglia mai con la variet\u00e0 di ciliegia tropicale. Ha una fragranza deliziosa e un sapore che fa venire l'acquolina in bocca, poich\u00e9 le ciliegie Tropicana sono fruttate e aspre con deliziose note di torta di ciliegie. Pensiamo che troverai queste grandi cime davvero difficili da resistere.<br \/>\nCon il suo aroma dolce, aspro e fruttato, con sentori di mirtillo e agrumi, vale la pena provarlo. La variet\u00e0 Tropicana Cherry vanta un rapporto sativa\/indica 60\/40 e un livello medio di THC dal 16 al 21%, il che la rende perfetta sia per godersi una variet\u00e0 a predominanza sativa che un ibrido indica tradizionale.<\/p>\n<h3>Terpeni nella ciliegia Tropicana<\/h3>\n<p>THC: 16 \u2013 21%<br \/>\nCBD: 0,5 \u2013 0,64%<br \/>\nCBC: 0,19 \u2013 0,29%<br \/>\nCBG: 0,04 \u2013 0,19%<br \/>\nCBN: 0,15 \u2013 0,27%<br \/>\nTHCV: \u2013 0,2%<br \/>\nMyrceen: 0,19%<br \/>\nGeraniol: 0,07%<br \/>\nLimoneen: 0,15%<br \/>\nLinalool: 0,16%<br \/>\nSabineen: 0,07%<br \/>\nBisabolol: 0,12%<br \/>\nTerpineol: 0,01%<br \/>\nValenceen: 0,15%<br \/>\nPhellandreen: 0,08%<\/p>\n<h3>Effetti e gusto<\/h3>\n<p>Le cime di Cherry Tropicana appaiono sferiche. Sono enormi lastre di colore verde scuro con sfumature violacee. Le cime hanno una peluria arancione chiaro e sono ricoperte di tricomi bianchi. I clienti hanno anche evidenziato aromi terrosi, di pesca, albicocca, limone e ciliegia, oltre a note fruttate, oltre ai sapori gi\u00e0 menzionati.<br \/>\nL'effetto della cannabis \u00e8 descritto come una luce abbagliante che ti trasporta in paradiso. Gli effetti sono allegri e stimolanti per chi li consuma. \u00c8 impossibile svolgere compiti complessi sotto l'effetto della marijuana.<br \/>\n\u00c8 un'opzione adatta per una breve passeggiata. Avvertirete un formicolio durante l'effetto, ma questo non vi impedir\u00e0 di godervi l'esperienza. Se siete felici, potrete ridere e incoraggiare gli altri a fare lo stesso. Inoltre, la persona avverte una sensazione di calma e leggerezza in tutto il corpo. Pertanto, consigliamo di idratarsi a fondo. Anche la variet\u00e0 Indica Cherry Tropicana pu\u00f2 far venire fame.<\/p>\n<h3>Valore medico<br \/>\nQuesta specie aiuta a gestire:<\/h3>\n<p>Fatica<br \/>\nSpanning<br \/>\nDepressione<br \/>\nSpanning<br \/>\nGravi sbalzi d'umore<br \/>\nOffre il risultato desiderato di piacere e sollievo dal dolore ed \u00e8 adatto sia ai principianti che agli esperti di svapo o di prodotti commestibili.<\/p>","protected":false},"excerpt":{"rendered":"<p>JACK SKELLINGTON: TWEE GECOMBINEERDE KILLER-SOORTEN De veredelaars van deze soort hebben ongeveer twaalf jaar aan Killer Queen gewerkt. Killer Queen bestaat voornamelijk uit G13-genetica, plus een kleine hoeveelheid Cinderella 99. Jack Skellington werd ontdekt nadat Jack The Ripper in beeld kwam. Deze hybride van 30% indica en 70% sativa produceert euforische highs met hoge THC-niveaus&#8230;.<\/p>","protected":false},"featured_media":1451,"comment_status":"open","ping_status":"closed","template":"","meta":{"_kad_post_transparent":"default","_kad_post_title":"","_kad_post_layout":"default","_kad_post_sidebar_id":"","_kad_post_content_style":"default","_kad_post_vertical_padding":"default","_kad_post_feature":"","_kad_post_feature_position":"","_kad_post_header":false,"_kad_post_footer":false,"_joinchat":[]},"product_cat":[17],"product_tag":[],"class_list":["post-106","product","type-product","status-publish","has-post-thumbnail","hentry","product_cat-wiet","entry","content-bg","loop-entry"],"yoast_head":"<!-- This site is optimized with the Yoast SEO plugin v26.3 - https:\/\/yoast.com\/wordpress\/plugins\/seo\/ -->\n<title>Tropical Cherry - Wiet Koop Winkel<\/title>\n<meta name=\"robots\" content=\"index, follow, max-snippet:-1, max-image-preview:large, max-video-preview:-1\" \/>\n<link rel=\"canonical\" href=\"https:\/\/wietkoopwinkel.com\/it\/prodotto\/tropical-cherry\/\" \/>\n<meta property=\"og:locale\" content=\"it_IT\" \/>\n<meta property=\"og:type\" content=\"article\" \/>\n<meta property=\"og:title\" content=\"Tropical Cherry - Wiet Koop Winkel\" \/>\n<meta property=\"og:description\" content=\"JACK SKELLINGTON: TWEE GECOMBINEERDE KILLER-SOORTEN De veredelaars van deze soort hebben ongeveer twaalf jaar aan Killer Queen gewerkt. Killer Queen bestaat voornamelijk uit G13-genetica, plus een kleine hoeveelheid Cinderella 99. Jack Skellington werd ontdekt nadat Jack The Ripper in beeld kwam. Deze hybride van 30% indica en 70% sativa produceert euforische highs met hoge THC-niveaus....\" \/>\n<meta property=\"og:url\" content=\"https:\/\/wietkoopwinkel.com\/it\/prodotto\/tropical-cherry\/\" \/>\n<meta property=\"og:site_name\" content=\"Wiet Koop Winkel\" \/>\n<meta property=\"article:modified_time\" content=\"2023-10-07T09:48:15+00:00\" \/>\n<meta property=\"og:image\" content=\"https:\/\/wietkoopwinkel.com\/wp-content\/uploads\/2023\/09\/Tropical-Cherry-1.jpg\" \/>\n\t<meta property=\"og:image:width\" content=\"960\" \/>\n\t<meta property=\"og:image:height\" content=\"1280\" \/>\n\t<meta property=\"og:image:type\" content=\"image\/jpeg\" \/>\n<meta name=\"twitter:card\" content=\"summary_large_image\" \/>\n<meta name=\"twitter:label1\" content=\"Tempo di lettura stimato\" \/>\n\t<meta name=\"twitter:data1\" content=\"4 minuti\" \/>\n<script type=\"application\/ld+json\" class=\"yoast-schema-graph\">{\"@context\":\"https:\/\/schema.org\",\"@graph\":[{\"@type\":\"WebPage\",\"@id\":\"https:\/\/wietkoopwinkel.com\/product\/tropical-cherry\/\",\"url\":\"https:\/\/wietkoopwinkel.com\/product\/tropical-cherry\/\",\"name\":\"Tropical Cherry - Wiet Koop Winkel\",\"isPartOf\":{\"@id\":\"https:\/\/wietkoopwinkel.com\/#website\"},\"primaryImageOfPage\":{\"@id\":\"https:\/\/wietkoopwinkel.com\/product\/tropical-cherry\/#primaryimage\"},\"image\":{\"@id\":\"https:\/\/wietkoopwinkel.com\/product\/tropical-cherry\/#primaryimage\"},\"thumbnailUrl\":\"https:\/\/wietkoopwinkel.com\/wp-content\/uploads\/2023\/09\/Tropical-Cherry-1.jpg\",\"datePublished\":\"2023-09-22T11:06:16+00:00\",\"dateModified\":\"2023-10-07T09:48:15+00:00\",\"breadcrumb\":{\"@id\":\"https:\/\/wietkoopwinkel.com\/product\/tropical-cherry\/#breadcrumb\"},\"inLanguage\":\"it-IT\",\"potentialAction\":[{\"@type\":\"ReadAction\",\"target\":[\"https:\/\/wietkoopwinkel.com\/product\/tropical-cherry\/\"]}]},{\"@type\":\"ImageObject\",\"inLanguage\":\"it-IT\",\"@id\":\"https:\/\/wietkoopwinkel.com\/product\/tropical-cherry\/#primaryimage\",\"url\":\"https:\/\/wietkoopwinkel.com\/wp-content\/uploads\/2023\/09\/Tropical-Cherry-1.jpg\",\"contentUrl\":\"https:\/\/wietkoopwinkel.com\/wp-content\/uploads\/2023\/09\/Tropical-Cherry-1.jpg\",\"width\":960,\"height\":1280,\"caption\":\"Tropical Cherry\"},{\"@type\":\"BreadcrumbList\",\"@id\":\"https:\/\/wietkoopwinkel.com\/product\/tropical-cherry\/#breadcrumb\",\"itemListElement\":[{\"@type\":\"ListItem\",\"position\":1,\"name\":\"Home\",\"item\":\"https:\/\/wietkoopwinkel.com\/\"},{\"@type\":\"ListItem\",\"position\":2,\"name\":\"Winkel\",\"item\":\"https:\/\/wietkoopwinkel.com\/winkel\/\"},{\"@type\":\"ListItem\",\"position\":3,\"name\":\"Tropical Cherry\"}]},{\"@type\":\"WebSite\",\"@id\":\"https:\/\/wietkoopwinkel.com\/#website\",\"url\":\"https:\/\/wietkoopwinkel.com\/\",\"name\":\"Wiet Koop Winkel\",\"description\":\"My WordPress Blog\",\"publisher\":{\"@id\":\"https:\/\/wietkoopwinkel.com\/#organization\"},\"potentialAction\":[{\"@type\":\"SearchAction\",\"target\":{\"@type\":\"EntryPoint\",\"urlTemplate\":\"https:\/\/wietkoopwinkel.com\/?s={search_term_string}\"},\"query-input\":{\"@type\":\"PropertyValueSpecification\",\"valueRequired\":true,\"valueName\":\"search_term_string\"}}],\"inLanguage\":\"it-IT\"},{\"@type\":\"Organization\",\"@id\":\"https:\/\/wietkoopwinkel.com\/#organization\",\"name\":\"Wiet Koop Winkel\",\"url\":\"https:\/\/wietkoopwinkel.com\/\",\"logo\":{\"@type\":\"ImageObject\",\"inLanguage\":\"it-IT\",\"@id\":\"https:\/\/wietkoopwinkel.com\/#\/schema\/logo\/image\/\",\"url\":\"https:\/\/wietkoopwinkel.com\/wp-content\/uploads\/2023\/10\/logo.png\",\"contentUrl\":\"https:\/\/wietkoopwinkel.com\/wp-content\/uploads\/2023\/10\/logo.png\",\"width\":400,\"height\":120,\"caption\":\"Wiet Koop Winkel\"},\"image\":{\"@id\":\"https:\/\/wietkoopwinkel.com\/#\/schema\/logo\/image\/\"}}]}<\/script>\n<!-- \/ Yoast SEO plugin. -->","yoast_head_json":{"title":"Tropical Cherry - Wiet Koop Winkel","robots":{"index":"index","follow":"follow","max-snippet":"max-snippet:-1","max-image-preview":"max-image-preview:large","max-video-preview":"max-video-preview:-1"},"canonical":"https:\/\/wietkoopwinkel.com\/it\/prodotto\/tropical-cherry\/","og_locale":"it_IT","og_type":"article","og_title":"Tropical Cherry - Wiet Koop Winkel","og_description":"JACK SKELLINGTON: TWEE GECOMBINEERDE KILLER-SOORTEN De veredelaars van deze soort hebben ongeveer twaalf jaar aan Killer Queen gewerkt. Killer Queen bestaat voornamelijk uit G13-genetica, plus een kleine hoeveelheid Cinderella 99. Jack Skellington werd ontdekt nadat Jack The Ripper in beeld kwam. Deze hybride van 30% indica en 70% sativa produceert euforische highs met hoge THC-niveaus....","og_url":"https:\/\/wietkoopwinkel.com\/it\/prodotto\/tropical-cherry\/","og_site_name":"Wiet Koop Winkel","article_modified_time":"2023-10-07T09:48:15+00:00","og_image":[{"width":960,"height":1280,"url":"https:\/\/wietkoopwinkel.com\/wp-content\/uploads\/2023\/09\/Tropical-Cherry-1.jpg","type":"image\/jpeg"}],"twitter_card":"summary_large_image","twitter_misc":{"Tempo di lettura stimato":"4 minuti"},"schema":{"@context":"https:\/\/schema.org","@graph":[{"@type":"WebPage","@id":"https:\/\/wietkoopwinkel.com\/product\/tropical-cherry\/","url":"https:\/\/wietkoopwinkel.com\/product\/tropical-cherry\/","name":"Tropical Cherry - Wiet Koop Winkel","isPartOf":{"@id":"https:\/\/wietkoopwinkel.com\/#website"},"primaryImageOfPage":{"@id":"https:\/\/wietkoopwinkel.com\/product\/tropical-cherry\/#primaryimage"},"image":{"@id":"https:\/\/wietkoopwinkel.com\/product\/tropical-cherry\/#primaryimage"},"thumbnailUrl":"https:\/\/wietkoopwinkel.com\/wp-content\/uploads\/2023\/09\/Tropical-Cherry-1.jpg","datePublished":"2023-09-22T11:06:16+00:00","dateModified":"2023-10-07T09:48:15+00:00","breadcrumb":{"@id":"https:\/\/wietkoopwinkel.com\/product\/tropical-cherry\/#breadcrumb"},"inLanguage":"it-IT","potentialAction":[{"@type":"ReadAction","target":["https:\/\/wietkoopwinkel.com\/product\/tropical-cherry\/"]}]},{"@type":"ImageObject","inLanguage":"it-IT","@id":"https:\/\/wietkoopwinkel.com\/product\/tropical-cherry\/#primaryimage","url":"https:\/\/wietkoopwinkel.com\/wp-content\/uploads\/2023\/09\/Tropical-Cherry-1.jpg","contentUrl":"https:\/\/wietkoopwinkel.com\/wp-content\/uploads\/2023\/09\/Tropical-Cherry-1.jpg","width":960,"height":1280,"caption":"Tropical Cherry"},{"@type":"BreadcrumbList","@id":"https:\/\/wietkoopwinkel.com\/product\/tropical-cherry\/#breadcrumb","itemListElement":[{"@type":"ListItem","position":1,"name":"Home","item":"https:\/\/wietkoopwinkel.com\/"},{"@type":"ListItem","position":2,"name":"Winkel","item":"https:\/\/wietkoopwinkel.com\/winkel\/"},{"@type":"ListItem","position":3,"name":"Tropical Cherry"}]},{"@type":"WebSite","@id":"https:\/\/wietkoopwinkel.com\/#website","url":"https:\/\/wietkoopwinkel.com\/","name":"Wiet Koop Winkel","description":"My WordPress Blog","publisher":{"@id":"https:\/\/wietkoopwinkel.com\/#organization"},"potentialAction":[{"@type":"SearchAction","target":{"@type":"EntryPoint","urlTemplate":"https:\/\/wietkoopwinkel.com\/?s={search_term_string}"},"query-input":{"@type":"PropertyValueSpecification","valueRequired":true,"valueName":"search_term_string"}}],"inLanguage":"it-IT"},{"@type":"Organization","@id":"https:\/\/wietkoopwinkel.com\/#organization","name":"Wiet Koop Winkel","url":"https:\/\/wietkoopwinkel.com\/","logo":{"@type":"ImageObject","inLanguage":"it-IT","@id":"https:\/\/wietkoopwinkel.com\/#\/schema\/logo\/image\/","url":"https:\/\/wietkoopwinkel.com\/wp-content\/uploads\/2023\/10\/logo.png","contentUrl":"https:\/\/wietkoopwinkel.com\/wp-content\/uploads\/2023\/10\/logo.png","width":400,"height":120,"caption":"Wiet Koop Winkel"},"image":{"@id":"https:\/\/wietkoopwinkel.com\/#\/schema\/logo\/image\/"}}]}},"_links":{"self":[{"href":"https:\/\/wietkoopwinkel.com\/it\/wp-json\/wp\/v2\/product\/106","targetHints":{"allow":["GET"]}}],"collection":[{"href":"https:\/\/wietkoopwinkel.com\/it\/wp-json\/wp\/v2\/product"}],"about":[{"href":"https:\/\/wietkoopwinkel.com\/it\/wp-json\/wp\/v2\/types\/product"}],"replies":[{"embeddable":true,"href":"https:\/\/wietkoopwinkel.com\/it\/wp-json\/wp\/v2\/comments?post=106"}],"wp:featuredmedia":[{"embeddable":true,"href":"https:\/\/wietkoopwinkel.com\/it\/wp-json\/wp\/v2\/media\/1451"}],"wp:attachment":[{"href":"https:\/\/wietkoopwinkel.com\/it\/wp-json\/wp\/v2\/media?parent=106"}],"wp:term":[{"taxonomy":"product_cat","embeddable":true,"href":"https:\/\/wietkoopwinkel.com\/it\/wp-json\/wp\/v2\/product_cat?post=106"},{"taxonomy":"product_tag","embeddable":true,"href":"https:\/\/wietkoopwinkel.com\/it\/wp-json\/wp\/v2\/product_tag?post=106"}],"curies":[{"name":"wp","href":"https:\/\/api.w.org\/{rel}","templated":true}]}}