{"id":99,"date":"2023-09-22T11:06:08","date_gmt":"2023-09-22T11:06:08","guid":{"rendered":"https:\/\/nembutalhouse.com\/weed\/?post_type=product&#038;p=99"},"modified":"2023-10-05T12:34:34","modified_gmt":"2023-10-05T12:34:34","slug":"lemon-cherry-gelato","status":"publish","type":"product","link":"https:\/\/wietkoopwinkel.com\/hu\/termek\/lemon-cherry-gelato\/","title":{"rendered":"Citromos cseresznye Gelato"},"content":{"rendered":"<p>A Lemon Cherry Gelato egy indica-domin\u00e1ns hibrid, amely finom \u00edzzel \u00e9s kiegyens\u00falyozott hat\u00e1ssal rendelkezik. Ez a GSC \u00e9s a Sunset Sherbet hibridje, \u00e9s egy m\u00e1sik Gelato t\u00f6rzsnek tekinthet\u0151. A Lemon Cherry Gelato fajt\u00e1ra jellemz\u0151ek a nagyobb, k\u00fapos, kerekded \u00e9s s\u0171r\u0171 r\u00fcgyek. A r\u00fcgyek sz\u00edne a s\u00e1rg\u00e1s-z\u00f6ldt\u0151l a m\u00e9lyebb z\u00f6ldig \u00e9s a lil\u00e1ig terjedhet. A r\u00fcgyeket trichom\u00e1k bor\u00edtj\u00e1k, \u00e9s \u00e9l\u00e9nk narancss\u00e1rga sz\u00edn\u0171 dug\u00f3h\u00fcvelyekkel rendelkeznek.<\/p>\n<p>A citromos citromot \u00e9s az \u00e9des csereszny\u00e9t \u00f6tv\u00f6z\u0151 illat\u00e1val a Lemon Cherry Gelato egy olyan t\u00f6rzs, amely hat\u00e1rozottan alkalmas egy desszerthez. Er\u0151sen gy\u00fcm\u00f6lcs\u00f6s illata van, ami energiz\u00e1l\u00f3 hat\u00e1s\u00fa. A Lemon Cherry Gelato az \u00edz\u00e9t tekintve \u00e9desebb, mint amilyen az illata \u00e9s az \u00edze. A Lemon Cherry Gelato egy indica-domin\u00e1ns hibrid, amely finom \u00edzzel \u00e9s kiegyens\u00falyozott hat\u00e1sokkal rendelkezik. Ez a GSC \u00e9s a Sunset Sherbet hibridje, \u00e9s egy m\u00e1sik Gelato t\u00f6rzsnek tekinthet\u0151. A Lemon Cherry Gelato fajt\u00e1ra jellemz\u0151ek a nagyobb, k\u00fapos, kerekded \u00e9s s\u0171r\u0171 r\u00fcgyek. A r\u00fcgyek sz\u00edne a s\u00e1rg\u00e1s-z\u00f6ldt\u0151l a m\u00e9lyebb z\u00f6ldig \u00e9s a lil\u00e1ig terjedhet. A r\u00fcgyeket trichom\u00e1k bor\u00edtj\u00e1k, \u00e9s \u00e9l\u00e9nk narancss\u00e1rga sz\u00edn\u0171 dug\u00f3h\u00fcvelyekkel rendelkeznek.<\/p>\n<p>A citromos citromot \u00e9s az \u00e9des csereszny\u00e9t \u00f6tv\u00f6z\u0151 illat\u00e1val a Lemon Cherry Gelato egy olyan t\u00f6rzs, amely hat\u00e1rozottan alkalmas egy desszerthez. Er\u0151sen gy\u00fcm\u00f6lcs\u00f6s illata van, ami energiz\u00e1l\u00f3 hat\u00e1s\u00fa. A Lemon Cherry Gelato az \u00edz\u00e9t tekintve \u00e9desebb, mint amilyen az illata \u00e9s az \u00edze.<\/p>\n<p>&nbsp;<\/p>","protected":false},"excerpt":{"rendered":"<p>An indica-dominant hybrid with a delectable flavour and well-balanced effects is Lemon Cherry Gelato. It is a hybrid between GSC and Sunset Sherbet and is considered to be a different Gelato strain. Larger, conical, rounded, and dense buds are typical of Lemon Cherry Gelato. The colour of the buds can range from yellowish-green to deeper&#8230;<\/p>","protected":false},"featured_media":1447,"comment_status":"open","ping_status":"closed","template":"","meta":{"_kad_post_transparent":"default","_kad_post_title":"","_kad_post_layout":"default","_kad_post_sidebar_id":"","_kad_post_content_style":"default","_kad_post_vertical_padding":"default","_kad_post_feature":"","_kad_post_feature_position":"","_kad_post_header":false,"_kad_post_footer":false,"_joinchat":[]},"product_cat":[17],"product_tag":[],"class_list":["post-99","product","type-product","status-publish","has-post-thumbnail","hentry","product_cat-wiet","entry","content-bg","loop-entry"],"yoast_head":"<!-- This site is optimized with the Yoast SEO plugin v26.3 - https:\/\/yoast.com\/wordpress\/plugins\/seo\/ -->\n<title>Lemon Cherry Gelato - Wiet Koop Winkel<\/title>\n<meta name=\"robots\" content=\"index, follow, max-snippet:-1, max-image-preview:large, max-video-preview:-1\" \/>\n<link rel=\"canonical\" href=\"https:\/\/wietkoopwinkel.com\/hu\/termek\/lemon-cherry-gelato\/\" \/>\n<meta property=\"og:locale\" content=\"hu_HU\" \/>\n<meta property=\"og:type\" content=\"article\" \/>\n<meta property=\"og:title\" content=\"Lemon Cherry Gelato - Wiet Koop Winkel\" \/>\n<meta property=\"og:description\" content=\"An indica-dominant hybrid with a delectable flavour and well-balanced effects is Lemon Cherry Gelato. It is a hybrid between GSC and Sunset Sherbet and is considered to be a different Gelato strain. Larger, conical, rounded, and dense buds are typical of Lemon Cherry Gelato. The colour of the buds can range from yellowish-green to deeper...\" \/>\n<meta property=\"og:url\" content=\"https:\/\/wietkoopwinkel.com\/hu\/termek\/lemon-cherry-gelato\/\" \/>\n<meta property=\"og:site_name\" content=\"Wiet Koop Winkel\" \/>\n<meta property=\"article:modified_time\" content=\"2023-10-05T12:34:34+00:00\" \/>\n<meta property=\"og:image\" content=\"https:\/\/wietkoopwinkel.com\/wp-content\/uploads\/2023\/09\/Lemon-Cherry-Gelato.jpg\" \/>\n\t<meta property=\"og:image:width\" content=\"960\" \/>\n\t<meta property=\"og:image:height\" content=\"1280\" \/>\n\t<meta property=\"og:image:type\" content=\"image\/jpeg\" \/>\n<meta name=\"twitter:card\" content=\"summary_large_image\" \/>\n<meta name=\"twitter:label1\" content=\"Becs\u00fclt olvas\u00e1si id\u0151\" \/>\n\t<meta name=\"twitter:data1\" content=\"1 perc\" \/>\n<script type=\"application\/ld+json\" class=\"yoast-schema-graph\">{\"@context\":\"https:\/\/schema.org\",\"@graph\":[{\"@type\":\"WebPage\",\"@id\":\"https:\/\/wietkoopwinkel.com\/product\/lemon-cherry-gelato\/\",\"url\":\"https:\/\/wietkoopwinkel.com\/product\/lemon-cherry-gelato\/\",\"name\":\"Lemon Cherry Gelato - Wiet Koop Winkel\",\"isPartOf\":{\"@id\":\"https:\/\/wietkoopwinkel.com\/#website\"},\"primaryImageOfPage\":{\"@id\":\"https:\/\/wietkoopwinkel.com\/product\/lemon-cherry-gelato\/#primaryimage\"},\"image\":{\"@id\":\"https:\/\/wietkoopwinkel.com\/product\/lemon-cherry-gelato\/#primaryimage\"},\"thumbnailUrl\":\"https:\/\/wietkoopwinkel.com\/wp-content\/uploads\/2023\/09\/Lemon-Cherry-Gelato.jpg\",\"datePublished\":\"2023-09-22T11:06:08+00:00\",\"dateModified\":\"2023-10-05T12:34:34+00:00\",\"breadcrumb\":{\"@id\":\"https:\/\/wietkoopwinkel.com\/product\/lemon-cherry-gelato\/#breadcrumb\"},\"inLanguage\":\"hu\",\"potentialAction\":[{\"@type\":\"ReadAction\",\"target\":[\"https:\/\/wietkoopwinkel.com\/product\/lemon-cherry-gelato\/\"]}]},{\"@type\":\"ImageObject\",\"inLanguage\":\"hu\",\"@id\":\"https:\/\/wietkoopwinkel.com\/product\/lemon-cherry-gelato\/#primaryimage\",\"url\":\"https:\/\/wietkoopwinkel.com\/wp-content\/uploads\/2023\/09\/Lemon-Cherry-Gelato.jpg\",\"contentUrl\":\"https:\/\/wietkoopwinkel.com\/wp-content\/uploads\/2023\/09\/Lemon-Cherry-Gelato.jpg\",\"width\":960,\"height\":1280,\"caption\":\"Lemon Cherry Gelato\"},{\"@type\":\"BreadcrumbList\",\"@id\":\"https:\/\/wietkoopwinkel.com\/product\/lemon-cherry-gelato\/#breadcrumb\",\"itemListElement\":[{\"@type\":\"ListItem\",\"position\":1,\"name\":\"Home\",\"item\":\"https:\/\/wietkoopwinkel.com\/\"},{\"@type\":\"ListItem\",\"position\":2,\"name\":\"Winkel\",\"item\":\"https:\/\/wietkoopwinkel.com\/winkel\/\"},{\"@type\":\"ListItem\",\"position\":3,\"name\":\"Lemon Cherry Gelato\"}]},{\"@type\":\"WebSite\",\"@id\":\"https:\/\/wietkoopwinkel.com\/#website\",\"url\":\"https:\/\/wietkoopwinkel.com\/\",\"name\":\"Wiet Koop Winkel\",\"description\":\"My WordPress Blog\",\"publisher\":{\"@id\":\"https:\/\/wietkoopwinkel.com\/#organization\"},\"potentialAction\":[{\"@type\":\"SearchAction\",\"target\":{\"@type\":\"EntryPoint\",\"urlTemplate\":\"https:\/\/wietkoopwinkel.com\/?s={search_term_string}\"},\"query-input\":{\"@type\":\"PropertyValueSpecification\",\"valueRequired\":true,\"valueName\":\"search_term_string\"}}],\"inLanguage\":\"hu\"},{\"@type\":\"Organization\",\"@id\":\"https:\/\/wietkoopwinkel.com\/#organization\",\"name\":\"Wiet Koop Winkel\",\"url\":\"https:\/\/wietkoopwinkel.com\/\",\"logo\":{\"@type\":\"ImageObject\",\"inLanguage\":\"hu\",\"@id\":\"https:\/\/wietkoopwinkel.com\/#\/schema\/logo\/image\/\",\"url\":\"https:\/\/wietkoopwinkel.com\/wp-content\/uploads\/2023\/10\/logo.png\",\"contentUrl\":\"https:\/\/wietkoopwinkel.com\/wp-content\/uploads\/2023\/10\/logo.png\",\"width\":400,\"height\":120,\"caption\":\"Wiet Koop Winkel\"},\"image\":{\"@id\":\"https:\/\/wietkoopwinkel.com\/#\/schema\/logo\/image\/\"}}]}<\/script>\n<!-- \/ Yoast SEO plugin. -->","yoast_head_json":{"title":"Lemon Cherry Gelato - Wiet Koop Winkel","robots":{"index":"index","follow":"follow","max-snippet":"max-snippet:-1","max-image-preview":"max-image-preview:large","max-video-preview":"max-video-preview:-1"},"canonical":"https:\/\/wietkoopwinkel.com\/hu\/termek\/lemon-cherry-gelato\/","og_locale":"hu_HU","og_type":"article","og_title":"Lemon Cherry Gelato - Wiet Koop Winkel","og_description":"An indica-dominant hybrid with a delectable flavour and well-balanced effects is Lemon Cherry Gelato. It is a hybrid between GSC and Sunset Sherbet and is considered to be a different Gelato strain. Larger, conical, rounded, and dense buds are typical of Lemon Cherry Gelato. The colour of the buds can range from yellowish-green to deeper...","og_url":"https:\/\/wietkoopwinkel.com\/hu\/termek\/lemon-cherry-gelato\/","og_site_name":"Wiet Koop Winkel","article_modified_time":"2023-10-05T12:34:34+00:00","og_image":[{"width":960,"height":1280,"url":"https:\/\/wietkoopwinkel.com\/wp-content\/uploads\/2023\/09\/Lemon-Cherry-Gelato.jpg","type":"image\/jpeg"}],"twitter_card":"summary_large_image","twitter_misc":{"Becs\u00fclt olvas\u00e1si id\u0151":"1 perc"},"schema":{"@context":"https:\/\/schema.org","@graph":[{"@type":"WebPage","@id":"https:\/\/wietkoopwinkel.com\/product\/lemon-cherry-gelato\/","url":"https:\/\/wietkoopwinkel.com\/product\/lemon-cherry-gelato\/","name":"Lemon Cherry Gelato - Wiet Koop Winkel","isPartOf":{"@id":"https:\/\/wietkoopwinkel.com\/#website"},"primaryImageOfPage":{"@id":"https:\/\/wietkoopwinkel.com\/product\/lemon-cherry-gelato\/#primaryimage"},"image":{"@id":"https:\/\/wietkoopwinkel.com\/product\/lemon-cherry-gelato\/#primaryimage"},"thumbnailUrl":"https:\/\/wietkoopwinkel.com\/wp-content\/uploads\/2023\/09\/Lemon-Cherry-Gelato.jpg","datePublished":"2023-09-22T11:06:08+00:00","dateModified":"2023-10-05T12:34:34+00:00","breadcrumb":{"@id":"https:\/\/wietkoopwinkel.com\/product\/lemon-cherry-gelato\/#breadcrumb"},"inLanguage":"hu","potentialAction":[{"@type":"ReadAction","target":["https:\/\/wietkoopwinkel.com\/product\/lemon-cherry-gelato\/"]}]},{"@type":"ImageObject","inLanguage":"hu","@id":"https:\/\/wietkoopwinkel.com\/product\/lemon-cherry-gelato\/#primaryimage","url":"https:\/\/wietkoopwinkel.com\/wp-content\/uploads\/2023\/09\/Lemon-Cherry-Gelato.jpg","contentUrl":"https:\/\/wietkoopwinkel.com\/wp-content\/uploads\/2023\/09\/Lemon-Cherry-Gelato.jpg","width":960,"height":1280,"caption":"Lemon Cherry Gelato"},{"@type":"BreadcrumbList","@id":"https:\/\/wietkoopwinkel.com\/product\/lemon-cherry-gelato\/#breadcrumb","itemListElement":[{"@type":"ListItem","position":1,"name":"Home","item":"https:\/\/wietkoopwinkel.com\/"},{"@type":"ListItem","position":2,"name":"Winkel","item":"https:\/\/wietkoopwinkel.com\/winkel\/"},{"@type":"ListItem","position":3,"name":"Lemon Cherry Gelato"}]},{"@type":"WebSite","@id":"https:\/\/wietkoopwinkel.com\/#website","url":"https:\/\/wietkoopwinkel.com\/","name":"Wiet Koop Winkel","description":"My WordPress Blog","publisher":{"@id":"https:\/\/wietkoopwinkel.com\/#organization"},"potentialAction":[{"@type":"SearchAction","target":{"@type":"EntryPoint","urlTemplate":"https:\/\/wietkoopwinkel.com\/?s={search_term_string}"},"query-input":{"@type":"PropertyValueSpecification","valueRequired":true,"valueName":"search_term_string"}}],"inLanguage":"hu"},{"@type":"Organization","@id":"https:\/\/wietkoopwinkel.com\/#organization","name":"Wiet Koop Winkel","url":"https:\/\/wietkoopwinkel.com\/","logo":{"@type":"ImageObject","inLanguage":"hu","@id":"https:\/\/wietkoopwinkel.com\/#\/schema\/logo\/image\/","url":"https:\/\/wietkoopwinkel.com\/wp-content\/uploads\/2023\/10\/logo.png","contentUrl":"https:\/\/wietkoopwinkel.com\/wp-content\/uploads\/2023\/10\/logo.png","width":400,"height":120,"caption":"Wiet Koop Winkel"},"image":{"@id":"https:\/\/wietkoopwinkel.com\/#\/schema\/logo\/image\/"}}]}},"_links":{"self":[{"href":"https:\/\/wietkoopwinkel.com\/hu\/wp-json\/wp\/v2\/product\/99","targetHints":{"allow":["GET"]}}],"collection":[{"href":"https:\/\/wietkoopwinkel.com\/hu\/wp-json\/wp\/v2\/product"}],"about":[{"href":"https:\/\/wietkoopwinkel.com\/hu\/wp-json\/wp\/v2\/types\/product"}],"replies":[{"embeddable":true,"href":"https:\/\/wietkoopwinkel.com\/hu\/wp-json\/wp\/v2\/comments?post=99"}],"wp:featuredmedia":[{"embeddable":true,"href":"https:\/\/wietkoopwinkel.com\/hu\/wp-json\/wp\/v2\/media\/1447"}],"wp:attachment":[{"href":"https:\/\/wietkoopwinkel.com\/hu\/wp-json\/wp\/v2\/media?parent=99"}],"wp:term":[{"taxonomy":"product_cat","embeddable":true,"href":"https:\/\/wietkoopwinkel.com\/hu\/wp-json\/wp\/v2\/product_cat?post=99"},{"taxonomy":"product_tag","embeddable":true,"href":"https:\/\/wietkoopwinkel.com\/hu\/wp-json\/wp\/v2\/product_tag?post=99"}],"curies":[{"name":"wp","href":"https:\/\/api.w.org\/{rel}","templated":true}]}}