{"id":91,"date":"2023-09-22T09:42:34","date_gmt":"2023-09-22T09:42:34","guid":{"rendered":"https:\/\/nembutalhouse.com\/weed\/?post_type=product&#038;p=91"},"modified":"2023-10-07T09:51:49","modified_gmt":"2023-10-07T09:51:49","slug":"gelato-41","status":"publish","type":"product","link":"https:\/\/wietkoopwinkel.com\/hu\/termek\/gelato-41\/","title":{"rendered":"Gelato 41"},"content":{"rendered":"<h2>GELATO #41 GENETIKAI H\u00c1TTERE: K\u00c9T KALIFORNIAI KLASSZIKUS KOMBIN\u00c1CI\u00d3JA<\/h2>\n<p>A Gelato #41 k\u00e9t j\u00f3l ismert kaliforniai fajta keresztez\u00e9se: Sunset Sherbet \u00e9s Thin Mint Cookies. Ez az egyik legfontosabb kaliforniai fajta, amelyet valaha kifejlesztettek, \u00e9s sz\u00e1mos kort\u00e1rs hibrid keresztez\u00e9s alapja. Ez a fajta, amelyet Sherbinskis el\u0151sz\u00f6r termesztett \u00e9s finom\u00edtott, gyorsan h\u00edrn\u00e9vre tett szert, \u00e9s tart\u00f3san megv\u00e1ltoztatta az emberek elk\u00e9pzel\u00e9s\u00e9t arr\u00f3l, hogy milyen lehet a modern marihu\u00e1na \u00edze \u00e9s \u00e9rz\u00e9se. Ma m\u00e1r m\u00e1s vet\u0151magc\u00e9gek is k\u00edn\u00e1lj\u00e1k ennek a forradalmi fajt\u00e1nak a saj\u00e1t fajt\u00e1it, \u00e9s neh\u00e9z elk\u00e9pzelni a modern nemes\u00edt\u00e9st a Gelato #41 n\u00e9lk\u00fcl.<\/p>\n<p>A cannabis gelato vonal az\u00e9rt figyelemre m\u00e9lt\u00f3, mert sz\u00e1mos kiv\u00e9teles \u00e9s ritka fenot\u00edpust hozott l\u00e9tre. A Sherbinskis sz\u00e1m\u00e1ra a Thin Mint Cookies \u00e9s a Sunset Sherbet kombin\u00e1ci\u00f3ja olyan volt, mintha aranyat tal\u00e1ltak volna. A 33-as (Larry Bird Kush n\u00e9ven is ismert), 44-es, 45-\u00f6s, 47-es \u00e9s 49-es Gelato t\u00f6rzsek mind n\u00e9pszer\u0171v\u00e9 v\u00e1ltak a maguk nem\u00e9ben, de a 41-es Gelato t\u00f6rzs mind k\u00f6z\u00fcl a leger\u0151sebbnek sz\u00e1m\u00edt, \u00e9s legend\u00e1s st\u00e1tuszt \u00e9rt el a kannabiszpiacra gyakorolt m\u00e9lyrehat\u00f3 hat\u00e1sa miatt.<\/p>\n<h3>FELN\u0150TT SHERBET<\/h3>\n<p>A Sunset Sherbet, a Sherbinski\u00e9k \u00e1ltal l\u00e9trehozott m\u00e1sik fajta a Pink Panties \u00e9s a Girl Scout Cookies hibridje. \u0150 adta a Gelato #41 indica-domin\u00e1ns genetik\u00e1t \u00e9s er\u0151teljes testmagass\u00e1got. Emellett sok olyan f\u0171szeres \u00e9s \u00e9des bogy\u00f3s gy\u00fcm\u00f6lcs\u00f6s jegyet is \u00e1tadott, amelyekr\u0151l a Gelato #41 h\u00edres.<\/p>\n<h3>MENT\u00c1S KEKSZ, V\u00c9KONY<\/h3>\n<p>Az SGR k\u00fcl\u00f6nleges fenot\u00edpusa, amely a piaci szabv\u00e1nyt meghat\u00e1rozza, a v\u00e9kony ment\u00e1s keksz. Az er\u0151s pszichedelikus potenci\u00e1t, a ment\u00e1s felhangokat az arom\u00e1j\u00e1ban \u00e9s a ter\u00e1pi\u00e1s tulajdons\u00e1gokat, amelyeket a Gelato #41 is ett\u0151l a t\u00f6rzst\u0151l kapott.<\/p>","protected":false},"excerpt":{"rendered":"<p>GELATO #41&#8217;S GENETISCHE ACHTERGROND: EEN COMBINATIE VAN TWEE CALI KLASSIEKERS Gelato #41 is een kruising van twee bekende Californische soorten: Sunset Sherbet en Thin Mint Cookies. Het is een van de belangrijkste Californische soorten die ooit zijn ontwikkeld en de basis voor veel hedendaagse hybride kruisingen. Deze soort, die Sherbinskis voor het eerst kweekte en&#8230;<\/p>","protected":false},"featured_media":1454,"comment_status":"open","ping_status":"closed","template":"","meta":{"_kad_post_transparent":"default","_kad_post_title":"","_kad_post_layout":"default","_kad_post_sidebar_id":"","_kad_post_content_style":"default","_kad_post_vertical_padding":"default","_kad_post_feature":"","_kad_post_feature_position":"","_kad_post_header":false,"_kad_post_footer":false,"_joinchat":[]},"product_cat":[17],"product_tag":[],"class_list":["post-91","product","type-product","status-publish","has-post-thumbnail","hentry","product_cat-wiet","entry","content-bg","loop-entry"],"yoast_head":"<!-- This site is optimized with the Yoast SEO plugin v26.3 - https:\/\/yoast.com\/wordpress\/plugins\/seo\/ -->\n<title>Gelato 41 - Wiet Koop Winkel<\/title>\n<meta name=\"robots\" content=\"index, follow, max-snippet:-1, max-image-preview:large, max-video-preview:-1\" \/>\n<link rel=\"canonical\" href=\"https:\/\/wietkoopwinkel.com\/hu\/termek\/gelato-41\/\" \/>\n<meta property=\"og:locale\" content=\"hu_HU\" \/>\n<meta property=\"og:type\" content=\"article\" \/>\n<meta property=\"og:title\" content=\"Gelato 41 - Wiet Koop Winkel\" \/>\n<meta property=\"og:description\" content=\"GELATO #41&#8217;S GENETISCHE ACHTERGROND: EEN COMBINATIE VAN TWEE CALI KLASSIEKERS Gelato #41 is een kruising van twee bekende Californische soorten: Sunset Sherbet en Thin Mint Cookies. Het is een van de belangrijkste Californische soorten die ooit zijn ontwikkeld en de basis voor veel hedendaagse hybride kruisingen. Deze soort, die Sherbinskis voor het eerst kweekte en...\" \/>\n<meta property=\"og:url\" content=\"https:\/\/wietkoopwinkel.com\/hu\/termek\/gelato-41\/\" \/>\n<meta property=\"og:site_name\" content=\"Wiet Koop Winkel\" \/>\n<meta property=\"article:modified_time\" content=\"2023-10-07T09:51:49+00:00\" \/>\n<meta property=\"og:image\" content=\"https:\/\/wietkoopwinkel.com\/wp-content\/uploads\/2023\/09\/Gelato-41.jpg\" \/>\n\t<meta property=\"og:image:width\" content=\"960\" \/>\n\t<meta property=\"og:image:height\" content=\"1280\" \/>\n\t<meta property=\"og:image:type\" content=\"image\/jpeg\" \/>\n<meta name=\"twitter:card\" content=\"summary_large_image\" \/>\n<meta name=\"twitter:label1\" content=\"Becs\u00fclt olvas\u00e1si id\u0151\" \/>\n\t<meta name=\"twitter:data1\" content=\"2 perc\" \/>\n<script type=\"application\/ld+json\" class=\"yoast-schema-graph\">{\"@context\":\"https:\/\/schema.org\",\"@graph\":[{\"@type\":\"WebPage\",\"@id\":\"https:\/\/wietkoopwinkel.com\/product\/gelato-41\/\",\"url\":\"https:\/\/wietkoopwinkel.com\/product\/gelato-41\/\",\"name\":\"Gelato 41 - Wiet Koop Winkel\",\"isPartOf\":{\"@id\":\"https:\/\/wietkoopwinkel.com\/#website\"},\"primaryImageOfPage\":{\"@id\":\"https:\/\/wietkoopwinkel.com\/product\/gelato-41\/#primaryimage\"},\"image\":{\"@id\":\"https:\/\/wietkoopwinkel.com\/product\/gelato-41\/#primaryimage\"},\"thumbnailUrl\":\"https:\/\/wietkoopwinkel.com\/wp-content\/uploads\/2023\/09\/Gelato-41.jpg\",\"datePublished\":\"2023-09-22T09:42:34+00:00\",\"dateModified\":\"2023-10-07T09:51:49+00:00\",\"breadcrumb\":{\"@id\":\"https:\/\/wietkoopwinkel.com\/product\/gelato-41\/#breadcrumb\"},\"inLanguage\":\"hu\",\"potentialAction\":[{\"@type\":\"ReadAction\",\"target\":[\"https:\/\/wietkoopwinkel.com\/product\/gelato-41\/\"]}]},{\"@type\":\"ImageObject\",\"inLanguage\":\"hu\",\"@id\":\"https:\/\/wietkoopwinkel.com\/product\/gelato-41\/#primaryimage\",\"url\":\"https:\/\/wietkoopwinkel.com\/wp-content\/uploads\/2023\/09\/Gelato-41.jpg\",\"contentUrl\":\"https:\/\/wietkoopwinkel.com\/wp-content\/uploads\/2023\/09\/Gelato-41.jpg\",\"width\":960,\"height\":1280,\"caption\":\"wiet kopen\"},{\"@type\":\"BreadcrumbList\",\"@id\":\"https:\/\/wietkoopwinkel.com\/product\/gelato-41\/#breadcrumb\",\"itemListElement\":[{\"@type\":\"ListItem\",\"position\":1,\"name\":\"Home\",\"item\":\"https:\/\/wietkoopwinkel.com\/\"},{\"@type\":\"ListItem\",\"position\":2,\"name\":\"Winkel\",\"item\":\"https:\/\/wietkoopwinkel.com\/winkel\/\"},{\"@type\":\"ListItem\",\"position\":3,\"name\":\"Gelato 41\"}]},{\"@type\":\"WebSite\",\"@id\":\"https:\/\/wietkoopwinkel.com\/#website\",\"url\":\"https:\/\/wietkoopwinkel.com\/\",\"name\":\"Wiet Koop Winkel\",\"description\":\"My WordPress Blog\",\"publisher\":{\"@id\":\"https:\/\/wietkoopwinkel.com\/#organization\"},\"potentialAction\":[{\"@type\":\"SearchAction\",\"target\":{\"@type\":\"EntryPoint\",\"urlTemplate\":\"https:\/\/wietkoopwinkel.com\/?s={search_term_string}\"},\"query-input\":{\"@type\":\"PropertyValueSpecification\",\"valueRequired\":true,\"valueName\":\"search_term_string\"}}],\"inLanguage\":\"hu\"},{\"@type\":\"Organization\",\"@id\":\"https:\/\/wietkoopwinkel.com\/#organization\",\"name\":\"Wiet Koop Winkel\",\"url\":\"https:\/\/wietkoopwinkel.com\/\",\"logo\":{\"@type\":\"ImageObject\",\"inLanguage\":\"hu\",\"@id\":\"https:\/\/wietkoopwinkel.com\/#\/schema\/logo\/image\/\",\"url\":\"https:\/\/wietkoopwinkel.com\/wp-content\/uploads\/2023\/10\/logo.png\",\"contentUrl\":\"https:\/\/wietkoopwinkel.com\/wp-content\/uploads\/2023\/10\/logo.png\",\"width\":400,\"height\":120,\"caption\":\"Wiet Koop Winkel\"},\"image\":{\"@id\":\"https:\/\/wietkoopwinkel.com\/#\/schema\/logo\/image\/\"}}]}<\/script>\n<!-- \/ Yoast SEO plugin. -->","yoast_head_json":{"title":"Gelato 41 - Wiet Koop Winkel","robots":{"index":"index","follow":"follow","max-snippet":"max-snippet:-1","max-image-preview":"max-image-preview:large","max-video-preview":"max-video-preview:-1"},"canonical":"https:\/\/wietkoopwinkel.com\/hu\/termek\/gelato-41\/","og_locale":"hu_HU","og_type":"article","og_title":"Gelato 41 - Wiet Koop Winkel","og_description":"GELATO #41&#8217;S GENETISCHE ACHTERGROND: EEN COMBINATIE VAN TWEE CALI KLASSIEKERS Gelato #41 is een kruising van twee bekende Californische soorten: Sunset Sherbet en Thin Mint Cookies. Het is een van de belangrijkste Californische soorten die ooit zijn ontwikkeld en de basis voor veel hedendaagse hybride kruisingen. Deze soort, die Sherbinskis voor het eerst kweekte en...","og_url":"https:\/\/wietkoopwinkel.com\/hu\/termek\/gelato-41\/","og_site_name":"Wiet Koop Winkel","article_modified_time":"2023-10-07T09:51:49+00:00","og_image":[{"width":960,"height":1280,"url":"https:\/\/wietkoopwinkel.com\/wp-content\/uploads\/2023\/09\/Gelato-41.jpg","type":"image\/jpeg"}],"twitter_card":"summary_large_image","twitter_misc":{"Becs\u00fclt olvas\u00e1si id\u0151":"2 perc"},"schema":{"@context":"https:\/\/schema.org","@graph":[{"@type":"WebPage","@id":"https:\/\/wietkoopwinkel.com\/product\/gelato-41\/","url":"https:\/\/wietkoopwinkel.com\/product\/gelato-41\/","name":"Gelato 41 - Wiet Koop Winkel","isPartOf":{"@id":"https:\/\/wietkoopwinkel.com\/#website"},"primaryImageOfPage":{"@id":"https:\/\/wietkoopwinkel.com\/product\/gelato-41\/#primaryimage"},"image":{"@id":"https:\/\/wietkoopwinkel.com\/product\/gelato-41\/#primaryimage"},"thumbnailUrl":"https:\/\/wietkoopwinkel.com\/wp-content\/uploads\/2023\/09\/Gelato-41.jpg","datePublished":"2023-09-22T09:42:34+00:00","dateModified":"2023-10-07T09:51:49+00:00","breadcrumb":{"@id":"https:\/\/wietkoopwinkel.com\/product\/gelato-41\/#breadcrumb"},"inLanguage":"hu","potentialAction":[{"@type":"ReadAction","target":["https:\/\/wietkoopwinkel.com\/product\/gelato-41\/"]}]},{"@type":"ImageObject","inLanguage":"hu","@id":"https:\/\/wietkoopwinkel.com\/product\/gelato-41\/#primaryimage","url":"https:\/\/wietkoopwinkel.com\/wp-content\/uploads\/2023\/09\/Gelato-41.jpg","contentUrl":"https:\/\/wietkoopwinkel.com\/wp-content\/uploads\/2023\/09\/Gelato-41.jpg","width":960,"height":1280,"caption":"wiet kopen"},{"@type":"BreadcrumbList","@id":"https:\/\/wietkoopwinkel.com\/product\/gelato-41\/#breadcrumb","itemListElement":[{"@type":"ListItem","position":1,"name":"Home","item":"https:\/\/wietkoopwinkel.com\/"},{"@type":"ListItem","position":2,"name":"Winkel","item":"https:\/\/wietkoopwinkel.com\/winkel\/"},{"@type":"ListItem","position":3,"name":"Gelato 41"}]},{"@type":"WebSite","@id":"https:\/\/wietkoopwinkel.com\/#website","url":"https:\/\/wietkoopwinkel.com\/","name":"Wiet Koop Winkel","description":"My WordPress Blog","publisher":{"@id":"https:\/\/wietkoopwinkel.com\/#organization"},"potentialAction":[{"@type":"SearchAction","target":{"@type":"EntryPoint","urlTemplate":"https:\/\/wietkoopwinkel.com\/?s={search_term_string}"},"query-input":{"@type":"PropertyValueSpecification","valueRequired":true,"valueName":"search_term_string"}}],"inLanguage":"hu"},{"@type":"Organization","@id":"https:\/\/wietkoopwinkel.com\/#organization","name":"Wiet Koop Winkel","url":"https:\/\/wietkoopwinkel.com\/","logo":{"@type":"ImageObject","inLanguage":"hu","@id":"https:\/\/wietkoopwinkel.com\/#\/schema\/logo\/image\/","url":"https:\/\/wietkoopwinkel.com\/wp-content\/uploads\/2023\/10\/logo.png","contentUrl":"https:\/\/wietkoopwinkel.com\/wp-content\/uploads\/2023\/10\/logo.png","width":400,"height":120,"caption":"Wiet Koop Winkel"},"image":{"@id":"https:\/\/wietkoopwinkel.com\/#\/schema\/logo\/image\/"}}]}},"_links":{"self":[{"href":"https:\/\/wietkoopwinkel.com\/hu\/wp-json\/wp\/v2\/product\/91","targetHints":{"allow":["GET"]}}],"collection":[{"href":"https:\/\/wietkoopwinkel.com\/hu\/wp-json\/wp\/v2\/product"}],"about":[{"href":"https:\/\/wietkoopwinkel.com\/hu\/wp-json\/wp\/v2\/types\/product"}],"replies":[{"embeddable":true,"href":"https:\/\/wietkoopwinkel.com\/hu\/wp-json\/wp\/v2\/comments?post=91"}],"wp:featuredmedia":[{"embeddable":true,"href":"https:\/\/wietkoopwinkel.com\/hu\/wp-json\/wp\/v2\/media\/1454"}],"wp:attachment":[{"href":"https:\/\/wietkoopwinkel.com\/hu\/wp-json\/wp\/v2\/media?parent=91"}],"wp:term":[{"taxonomy":"product_cat","embeddable":true,"href":"https:\/\/wietkoopwinkel.com\/hu\/wp-json\/wp\/v2\/product_cat?post=91"},{"taxonomy":"product_tag","embeddable":true,"href":"https:\/\/wietkoopwinkel.com\/hu\/wp-json\/wp\/v2\/product_tag?post=91"}],"curies":[{"name":"wp","href":"https:\/\/api.w.org\/{rel}","templated":true}]}}