{"id":58,"date":"2023-09-22T08:57:00","date_gmt":"2023-09-22T08:57:00","guid":{"rendered":"https:\/\/nembutalhouse.com\/weed\/?post_type=product&#038;p=58"},"modified":"2024-01-03T11:32:52","modified_gmt":"2024-01-03T11:32:52","slug":"cherry-pie","status":"publish","type":"product","link":"https:\/\/wietkoopwinkel.com\/hu\/termek\/cherry-pie\/","title":{"rendered":"Csereszny\u00e9s pite"},"content":{"rendered":"<p>A Cookies &amp; Cream egy v\u00e1ltozatos kannabiszhibrid, amely az \u00edzek \u00e9s illatok kellemesebb kever\u00e9k\u00e9t, valamint kiegyens\u00falyozott hat\u00e1sokat mutat, \u00edgy az \u00e9des \u00e9s dekadens fajt\u00e1k kedvel\u0151i vigy\u00e1zzanak. Ebben a cikkben a Cookies &amp; Cream genetik\u00e1j\u00e1t, \u00edz\u00e9t \u00e9s n\u00f6veked\u00e9si jellemz\u0151it, valamint \u00e9rz\u00e9kelhet\u0151 hat\u00e1sait, el\u0151nyeit, javasolt adagol\u00e1s\u00e1t \u00e9s negat\u00edv hat\u00e1sait vizsg\u00e1ljuk meg.<\/p>\n<h2>A keksz \u00e9s a tejsz\u00edn genetik\u00e1j\u00e1nak h\u00e1ttere<\/h2>\n<p>Az Exotic Genetix, egy neves kannabiszteny\u00e9szt\u0151 Washington \u00e1llamban fejlesztette ki a hibrid kannabiszt\u00f6rzset, a Cookies and Cream-et. A Girl Scout Cookies \u00e9s a Starfighter fajt\u00e1t keresztezt\u00e9k, hogy l\u00e9trehozz\u00e1k ezt az er\u0151s \u00e9s \u00edzletes fajt\u00e1t, amely sz\u00e1mos kannabisz-rajong\u00f3 sz\u00edv\u00e9t megh\u00f3d\u00edtotta.<\/p>\n<p>A Girl Scout Cookies a s\u00fctem\u00e9nyre eml\u00e9keztet\u0151 \u00e9des, m\u00e9gis f\u00f6ldes \u00edz\u00e9r\u0151l ismert. Sz\u00e1mos d\u00edjat nyert, k\u00f6zt\u00fck a High Times Cannabis Cup-ot is. A tiszta indica Starfighter t\u00f6rzsnek viszont csod\u00e1latos arom\u00e1ja \u00e9s pihentet\u0151 fizikai hat\u00e1sa van.<\/p>\n<p>A k\u00e9t sz\u00fcl\u0151i t\u00f6rzs legjobb tulajdons\u00e1gait \u00f6r\u00f6k\u00f6lve a Cookies &amp; Cream egy finom arom\u00e1j\u00fa \u00e9s kiegyens\u00falyozott hat\u00e1s\u00fa t\u00f6rzset hozott l\u00e9tre, ami a kannabisz rajong\u00f3k sokas\u00e1g\u00e1nak kedvenc\u00e9v\u00e9 tette.<\/p>\n<h3>A TEJSZ\u00cdN \u00c9S A KEKSZ SZAGA, \u00cdZE \u00c9S HAT\u00c1SA<\/h3>\n<p>A Cookies and Cream, ahogy a neve is sugallja, \u00e9des, kr\u00e9mes \u00edz\u0171, van\u00edlia, di\u00f3 \u00e9s f\u00f6ldes \u00edzjegyekkel. Ez a terp\u00e9nprofilnak k\u00f6sz\u00f6nhet\u0151, amelynek f\u0151 \u00f6sszetev\u0151i a limon\u00e9n, a karyophil\u00e9n \u00e9s a mirc\u00e9n. A t\u00f6rzs arom\u00e1ja citromos a limon\u00e9n miatt; f\u0171szeres, borsos \u00edze van a karyophyllene-nek k\u00f6sz\u00f6nhet\u0151en; \u00e9s nyugtat\u00f3 hat\u00e1sa van, f\u0151k\u00e9nt a mirc\u00e9nnek k\u00f6sz\u00f6nhet\u0151en.<\/p>\n<p>A Cookies and Cream THC-tartalma, amely 20% \u00e9s 25% k\u00f6z\u00f6tt mozog, viszonylag er\u0151s fajt\u00e1v\u00e1 teszi. A high k\u00fcl\u00f6nb\u00f6z\u0151 hat\u00e1sokkal j\u00e1r, bele\u00e9rtve a felemel\u0151 \u00e9s nyugtat\u00f3 hat\u00e1sokat. N\u00e9h\u00e1ny sz\u00edv\u00e1s ut\u00e1n egy kirobban\u00f3 intellektu\u00e1lis hat\u00e1s veszi \u00e1t az ir\u00e1ny\u00edt\u00e1st, amely fokozza a kreativit\u00e1st \u00e9s jav\u00edtja a hangulatot, majd a haszn\u00e1lat folytat\u00e1s\u00e1val fizikailag nyugtat\u00f3 \u00e9rz\u00e9s k\u00f6vetkezik. Ez a t\u00f6rzs m\u00e9rs\u00e9kelt d\u00f3zisban, snackk\u00e9nt m\u0171k\u00f6dik a legjobban; nagyobb mennyis\u00e9gben az induk\u00e1lt k\u00e1bult \u00e9rz\u00e9s ide\u00e1lis \u00e9jszakai italnak teszi.<\/p>\n<h3>A TEJSZ\u00cdN \u00c9S A KEKSZ HASZN\u00c1LAT\u00c1NAK EL\u0150NYEI<\/h3>\n<p>A Cookies and Cream-nek sz\u00e1mos k\u00fcl\u00f6nleges el\u0151nye van, t\u00f6bbek k\u00f6z\u00f6tt a stressz cs\u00f6kkent\u00e9se, a f\u00e1jdalomcsillap\u00edt\u00e1s, az \u00e9tv\u00e1gy serkent\u00e9se \u00e9s a jobb alv\u00e1s. M\u00edg a t\u00f6rzs f\u00e1jdalomcsillap\u00edt\u00f3 tulajdons\u00e1gai hasznosak lehetnek a kr\u00f3nikus f\u00e1jdalom szab\u00e1lyoz\u00e1s\u00e1ban, nyugtat\u00f3 hat\u00e1sai seg\u00edthetnek cs\u00f6kkenteni a stressz \u00e9s a szorong\u00e1s hat\u00e1s\u00e1t. A Biscuits and Cream emellett n\u00f6velheti az \u00e9tv\u00e1gyat, \u00edgy alkalmas olyan emberek sz\u00e1m\u00e1ra, akiknek az eg\u00e9szs\u00e9g\u00fcgyi \u00e1llapotuk miatt cs\u00f6kkent az \u00e9tv\u00e1gyuk.<\/p>","protected":false},"excerpt":{"rendered":"<p>Cookies &amp; Cream is een gevarieerde cannabishybride die een mooiere mix van smaken en geuren laat zien, samen met goed uitgebalanceerde effecten, dus liefhebbers van zoete en decadente soorten opgelet. In dit artikel zullen we de genetica, smaak en groei-eigenschappen van Cookies &amp; Cream onderzoeken, evenals de waargenomen effecten, voordelen, voorgestelde doseringen en negatieve effecten&#8230;.<\/p>","protected":false},"featured_media":366,"comment_status":"open","ping_status":"closed","template":"","meta":{"_kad_post_transparent":"default","_kad_post_title":"","_kad_post_layout":"default","_kad_post_sidebar_id":"","_kad_post_content_style":"default","_kad_post_vertical_padding":"default","_kad_post_feature":"","_kad_post_feature_position":"","_kad_post_header":false,"_kad_post_footer":false,"_joinchat":[]},"product_cat":[17],"product_tag":[],"class_list":["post-58","product","type-product","status-publish","has-post-thumbnail","hentry","product_cat-wiet","entry","content-bg","loop-entry"],"yoast_head":"<!-- This site is optimized with the Yoast SEO plugin v26.3 - https:\/\/yoast.com\/wordpress\/plugins\/seo\/ -->\n<title>Cherry Pie - Wiet Koop Winkel<\/title>\n<meta name=\"robots\" content=\"index, follow, max-snippet:-1, max-image-preview:large, max-video-preview:-1\" \/>\n<link rel=\"canonical\" href=\"https:\/\/wietkoopwinkel.com\/hu\/termek\/cherry-pie\/\" \/>\n<meta property=\"og:locale\" content=\"hu_HU\" \/>\n<meta property=\"og:type\" content=\"article\" \/>\n<meta property=\"og:title\" content=\"Cherry Pie - Wiet Koop Winkel\" \/>\n<meta property=\"og:description\" content=\"Cookies &amp; Cream is een gevarieerde cannabishybride die een mooiere mix van smaken en geuren laat zien, samen met goed uitgebalanceerde effecten, dus liefhebbers van zoete en decadente soorten opgelet. In dit artikel zullen we de genetica, smaak en groei-eigenschappen van Cookies &amp; Cream onderzoeken, evenals de waargenomen effecten, voordelen, voorgestelde doseringen en negatieve effecten....\" \/>\n<meta property=\"og:url\" content=\"https:\/\/wietkoopwinkel.com\/hu\/termek\/cherry-pie\/\" \/>\n<meta property=\"og:site_name\" content=\"Wiet Koop Winkel\" \/>\n<meta property=\"article:modified_time\" content=\"2024-01-03T11:32:52+00:00\" \/>\n<meta property=\"og:image\" content=\"https:\/\/wietkoopwinkel.com\/wp-content\/uploads\/2023\/09\/Cherry-Pie.jpg\" \/>\n\t<meta property=\"og:image:width\" content=\"960\" \/>\n\t<meta property=\"og:image:height\" content=\"1280\" \/>\n\t<meta property=\"og:image:type\" content=\"image\/jpeg\" \/>\n<meta name=\"twitter:card\" content=\"summary_large_image\" \/>\n<meta name=\"twitter:label1\" content=\"Becs\u00fclt olvas\u00e1si id\u0151\" \/>\n\t<meta name=\"twitter:data1\" content=\"2 perc\" \/>\n<script type=\"application\/ld+json\" class=\"yoast-schema-graph\">{\"@context\":\"https:\/\/schema.org\",\"@graph\":[{\"@type\":\"WebPage\",\"@id\":\"https:\/\/wietkoopwinkel.com\/product\/cherry-pie\/\",\"url\":\"https:\/\/wietkoopwinkel.com\/product\/cherry-pie\/\",\"name\":\"Cherry Pie - Wiet Koop Winkel\",\"isPartOf\":{\"@id\":\"https:\/\/wietkoopwinkel.com\/#website\"},\"primaryImageOfPage\":{\"@id\":\"https:\/\/wietkoopwinkel.com\/product\/cherry-pie\/#primaryimage\"},\"image\":{\"@id\":\"https:\/\/wietkoopwinkel.com\/product\/cherry-pie\/#primaryimage\"},\"thumbnailUrl\":\"https:\/\/wietkoopwinkel.com\/wp-content\/uploads\/2023\/09\/Cherry-Pie.jpg\",\"datePublished\":\"2023-09-22T08:57:00+00:00\",\"dateModified\":\"2024-01-03T11:32:52+00:00\",\"breadcrumb\":{\"@id\":\"https:\/\/wietkoopwinkel.com\/product\/cherry-pie\/#breadcrumb\"},\"inLanguage\":\"hu\",\"potentialAction\":[{\"@type\":\"ReadAction\",\"target\":[\"https:\/\/wietkoopwinkel.com\/product\/cherry-pie\/\"]}]},{\"@type\":\"ImageObject\",\"inLanguage\":\"hu\",\"@id\":\"https:\/\/wietkoopwinkel.com\/product\/cherry-pie\/#primaryimage\",\"url\":\"https:\/\/wietkoopwinkel.com\/wp-content\/uploads\/2023\/09\/Cherry-Pie.jpg\",\"contentUrl\":\"https:\/\/wietkoopwinkel.com\/wp-content\/uploads\/2023\/09\/Cherry-Pie.jpg\",\"width\":960,\"height\":1280,\"caption\":\"Cherry Pie\"},{\"@type\":\"BreadcrumbList\",\"@id\":\"https:\/\/wietkoopwinkel.com\/product\/cherry-pie\/#breadcrumb\",\"itemListElement\":[{\"@type\":\"ListItem\",\"position\":1,\"name\":\"Home\",\"item\":\"https:\/\/wietkoopwinkel.com\/\"},{\"@type\":\"ListItem\",\"position\":2,\"name\":\"Winkel\",\"item\":\"https:\/\/wietkoopwinkel.com\/winkel\/\"},{\"@type\":\"ListItem\",\"position\":3,\"name\":\"Cherry Pie\"}]},{\"@type\":\"WebSite\",\"@id\":\"https:\/\/wietkoopwinkel.com\/#website\",\"url\":\"https:\/\/wietkoopwinkel.com\/\",\"name\":\"Wiet Koop Winkel\",\"description\":\"My WordPress Blog\",\"publisher\":{\"@id\":\"https:\/\/wietkoopwinkel.com\/#organization\"},\"potentialAction\":[{\"@type\":\"SearchAction\",\"target\":{\"@type\":\"EntryPoint\",\"urlTemplate\":\"https:\/\/wietkoopwinkel.com\/?s={search_term_string}\"},\"query-input\":{\"@type\":\"PropertyValueSpecification\",\"valueRequired\":true,\"valueName\":\"search_term_string\"}}],\"inLanguage\":\"hu\"},{\"@type\":\"Organization\",\"@id\":\"https:\/\/wietkoopwinkel.com\/#organization\",\"name\":\"Wiet Koop Winkel\",\"url\":\"https:\/\/wietkoopwinkel.com\/\",\"logo\":{\"@type\":\"ImageObject\",\"inLanguage\":\"hu\",\"@id\":\"https:\/\/wietkoopwinkel.com\/#\/schema\/logo\/image\/\",\"url\":\"https:\/\/wietkoopwinkel.com\/wp-content\/uploads\/2023\/10\/logo.png\",\"contentUrl\":\"https:\/\/wietkoopwinkel.com\/wp-content\/uploads\/2023\/10\/logo.png\",\"width\":400,\"height\":120,\"caption\":\"Wiet Koop Winkel\"},\"image\":{\"@id\":\"https:\/\/wietkoopwinkel.com\/#\/schema\/logo\/image\/\"}}]}<\/script>\n<!-- \/ Yoast SEO plugin. -->","yoast_head_json":{"title":"Cherry Pie - Wiet Koop Winkel","robots":{"index":"index","follow":"follow","max-snippet":"max-snippet:-1","max-image-preview":"max-image-preview:large","max-video-preview":"max-video-preview:-1"},"canonical":"https:\/\/wietkoopwinkel.com\/hu\/termek\/cherry-pie\/","og_locale":"hu_HU","og_type":"article","og_title":"Cherry Pie - Wiet Koop Winkel","og_description":"Cookies &amp; Cream is een gevarieerde cannabishybride die een mooiere mix van smaken en geuren laat zien, samen met goed uitgebalanceerde effecten, dus liefhebbers van zoete en decadente soorten opgelet. In dit artikel zullen we de genetica, smaak en groei-eigenschappen van Cookies &amp; Cream onderzoeken, evenals de waargenomen effecten, voordelen, voorgestelde doseringen en negatieve effecten....","og_url":"https:\/\/wietkoopwinkel.com\/hu\/termek\/cherry-pie\/","og_site_name":"Wiet Koop Winkel","article_modified_time":"2024-01-03T11:32:52+00:00","og_image":[{"width":960,"height":1280,"url":"https:\/\/wietkoopwinkel.com\/wp-content\/uploads\/2023\/09\/Cherry-Pie.jpg","type":"image\/jpeg"}],"twitter_card":"summary_large_image","twitter_misc":{"Becs\u00fclt olvas\u00e1si id\u0151":"2 perc"},"schema":{"@context":"https:\/\/schema.org","@graph":[{"@type":"WebPage","@id":"https:\/\/wietkoopwinkel.com\/product\/cherry-pie\/","url":"https:\/\/wietkoopwinkel.com\/product\/cherry-pie\/","name":"Cherry Pie - Wiet Koop Winkel","isPartOf":{"@id":"https:\/\/wietkoopwinkel.com\/#website"},"primaryImageOfPage":{"@id":"https:\/\/wietkoopwinkel.com\/product\/cherry-pie\/#primaryimage"},"image":{"@id":"https:\/\/wietkoopwinkel.com\/product\/cherry-pie\/#primaryimage"},"thumbnailUrl":"https:\/\/wietkoopwinkel.com\/wp-content\/uploads\/2023\/09\/Cherry-Pie.jpg","datePublished":"2023-09-22T08:57:00+00:00","dateModified":"2024-01-03T11:32:52+00:00","breadcrumb":{"@id":"https:\/\/wietkoopwinkel.com\/product\/cherry-pie\/#breadcrumb"},"inLanguage":"hu","potentialAction":[{"@type":"ReadAction","target":["https:\/\/wietkoopwinkel.com\/product\/cherry-pie\/"]}]},{"@type":"ImageObject","inLanguage":"hu","@id":"https:\/\/wietkoopwinkel.com\/product\/cherry-pie\/#primaryimage","url":"https:\/\/wietkoopwinkel.com\/wp-content\/uploads\/2023\/09\/Cherry-Pie.jpg","contentUrl":"https:\/\/wietkoopwinkel.com\/wp-content\/uploads\/2023\/09\/Cherry-Pie.jpg","width":960,"height":1280,"caption":"Cherry Pie"},{"@type":"BreadcrumbList","@id":"https:\/\/wietkoopwinkel.com\/product\/cherry-pie\/#breadcrumb","itemListElement":[{"@type":"ListItem","position":1,"name":"Home","item":"https:\/\/wietkoopwinkel.com\/"},{"@type":"ListItem","position":2,"name":"Winkel","item":"https:\/\/wietkoopwinkel.com\/winkel\/"},{"@type":"ListItem","position":3,"name":"Cherry Pie"}]},{"@type":"WebSite","@id":"https:\/\/wietkoopwinkel.com\/#website","url":"https:\/\/wietkoopwinkel.com\/","name":"Wiet Koop Winkel","description":"My WordPress Blog","publisher":{"@id":"https:\/\/wietkoopwinkel.com\/#organization"},"potentialAction":[{"@type":"SearchAction","target":{"@type":"EntryPoint","urlTemplate":"https:\/\/wietkoopwinkel.com\/?s={search_term_string}"},"query-input":{"@type":"PropertyValueSpecification","valueRequired":true,"valueName":"search_term_string"}}],"inLanguage":"hu"},{"@type":"Organization","@id":"https:\/\/wietkoopwinkel.com\/#organization","name":"Wiet Koop Winkel","url":"https:\/\/wietkoopwinkel.com\/","logo":{"@type":"ImageObject","inLanguage":"hu","@id":"https:\/\/wietkoopwinkel.com\/#\/schema\/logo\/image\/","url":"https:\/\/wietkoopwinkel.com\/wp-content\/uploads\/2023\/10\/logo.png","contentUrl":"https:\/\/wietkoopwinkel.com\/wp-content\/uploads\/2023\/10\/logo.png","width":400,"height":120,"caption":"Wiet Koop Winkel"},"image":{"@id":"https:\/\/wietkoopwinkel.com\/#\/schema\/logo\/image\/"}}]}},"_links":{"self":[{"href":"https:\/\/wietkoopwinkel.com\/hu\/wp-json\/wp\/v2\/product\/58","targetHints":{"allow":["GET"]}}],"collection":[{"href":"https:\/\/wietkoopwinkel.com\/hu\/wp-json\/wp\/v2\/product"}],"about":[{"href":"https:\/\/wietkoopwinkel.com\/hu\/wp-json\/wp\/v2\/types\/product"}],"replies":[{"embeddable":true,"href":"https:\/\/wietkoopwinkel.com\/hu\/wp-json\/wp\/v2\/comments?post=58"}],"wp:featuredmedia":[{"embeddable":true,"href":"https:\/\/wietkoopwinkel.com\/hu\/wp-json\/wp\/v2\/media\/366"}],"wp:attachment":[{"href":"https:\/\/wietkoopwinkel.com\/hu\/wp-json\/wp\/v2\/media?parent=58"}],"wp:term":[{"taxonomy":"product_cat","embeddable":true,"href":"https:\/\/wietkoopwinkel.com\/hu\/wp-json\/wp\/v2\/product_cat?post=58"},{"taxonomy":"product_tag","embeddable":true,"href":"https:\/\/wietkoopwinkel.com\/hu\/wp-json\/wp\/v2\/product_tag?post=58"}],"curies":[{"name":"wp","href":"https:\/\/api.w.org\/{rel}","templated":true}]}}