{"id":57,"date":"2023-09-22T08:56:50","date_gmt":"2023-09-22T08:56:50","guid":{"rendered":"https:\/\/nembutalhouse.com\/weed\/?post_type=product&#038;p=57"},"modified":"2023-10-07T16:13:20","modified_gmt":"2023-10-07T16:13:20","slug":"cookies-cream","status":"publish","type":"product","link":"https:\/\/wietkoopwinkel.com\/hu\/termek\/cookies-cream\/","title":{"rendered":"S\u00fctik \u00e9s kr\u00e9m"},"content":{"rendered":"<p>A Cookies &amp; Cream egy v\u00e1ltozatos kannabiszhibrid, amely az \u00edzek \u00e9s illatok kiegyens\u00falyozottabb kever\u00e9k\u00e9t k\u00edn\u00e1lja, \u00edgy az \u00e9des \u00e9s dekadens fajt\u00e1k kedvel\u0151inek \u00e9rdemes odafigyelni\u00fck r\u00e1. Ebben a cikkben a Cookies &amp; Cream genetik\u00e1j\u00e1t, \u00edz\u00e9t \u00e9s n\u00f6veked\u00e9si tulajdons\u00e1gait, valamint a v\u00e9lt hat\u00e1sait, el\u0151nyeit, javasolt adagol\u00e1s\u00e1t \u00e9s negat\u00edv hat\u00e1sait vizsg\u00e1ljuk meg.<\/p>\n<h2>A s\u00fctik \u00e9s tejsz\u00edn genetik\u00e1j\u00e1nak h\u00e1ttere<\/h2>\n<p>Az Exotic Genetix, egy neves washingtoni kannabisztermeszt\u0151, fejlesztette ki a Cookies and Cream hibrid kannabiszfajt\u00e1t. A Girl Scout Cookies \u00e9s a Starfighter keresztez\u00e9s\u00e9b\u0151l j\u00f6tt l\u00e9tre ez az er\u0151teljes \u00e9s \u00edzletes fajta, amely sz\u00e1mos kannabisz-\u00ednyencet megh\u00f3d\u00edtott.<\/p>\n<p>A Girl Scout Cookies \u00e9des, m\u00e9gis f\u00f6ldes, s\u00fctem\u00e9nyekre eml\u00e9keztet\u0151 \u00edz\u00e9r\u0151l ismert. Sz\u00e1mos kit\u00fcntet\u00e9st nyert m\u00e1r, t\u00f6bbek k\u00f6z\u00f6tt a High Times Cannabis Cupot is. A tiszta indica Starfighter fajta ezzel szemben finom illattal \u00e9s pihentet\u0151 fizikai hat\u00e1ssal rendelkezik.<\/p>\n<p>A Cookies &amp; Cream mindk\u00e9t sz\u00fcl\u0151 t\u00f6rzs legnagyobb tulajdons\u00e1gait \u00f6r\u00f6k\u00f6lte, \u00edgy egy finom arom\u00e1j\u00fa \u00e9s kiegyens\u00falyozott hat\u00e1s\u00fa t\u00f6rzset hozott l\u00e9tre, amely a kannabiszrajong\u00f3k sz\u00e9les k\u00f6r\u00e9ben n\u00e9pszer\u0171v\u00e9 v\u00e1lt.<\/p>\n<h3>A TEJSZ\u00cdN \u00c9S A KEKSZ ILLATA, \u00cdZE \u00c9S HAT\u00c1SA<\/h3>\n<p>A Cookies and Cream, ahogy a neve is sugallja, \u00e9des, kr\u00e9mes \u00edz\u0171, van\u00edlia, di\u00f3f\u00e9l\u00e9k \u00e9s f\u00f6ld nyomaival. Ez a terp\u00e9nprofilnak k\u00f6sz\u00f6nhet\u0151, amelyben f\u0151 alkot\u00f3elemek a limon\u00e9n, a kariofill\u00e9n \u00e9s a mirc\u00e9n. A fajta arom\u00e1ja citromos a limon\u00e9nnek k\u00f6sz\u00f6nhet\u0151en; f\u0171szeres, borsos \u00edz\u0171 a kariofill\u00e9nnek k\u00f6sz\u00f6nhet\u0151en; \u00e9s nyugtat\u00f3 hat\u00e1s\u00fa, f\u0151k\u00e9nt a mirc\u00e9nnek k\u00f6sz\u00f6nhet\u0151en.<\/p>\n<p>A Cookies and Cream THC-szintje, amely 20% \u00e9s 25% k\u00f6z\u00f6tt mozog, viszonylag er\u0151s fajt\u00e1v\u00e1 teszi. A high-nak t\u00f6bbf\u00e9le hat\u00e1sa van, bele\u00e9rtve a felemel\u0151 \u00e9s nyugtat\u00f3 hat\u00e1sokat is. N\u00e9h\u00e1ny fogyaszt\u00e1s ut\u00e1n egy intellektu\u00e1lis hat\u00e1srobban\u00e1s veszi \u00e1t az ir\u00e1ny\u00edt\u00e1st, amely fokozza a kreativit\u00e1st \u00e9s jav\u00edtja a hangulatot, majd a folyamatos fogyaszt\u00e1s sor\u00e1n fizikailag megnyugtat\u00f3 \u00e9rz\u00e9s k\u00f6veti. Ez a fajta m\u00e9rs\u00e9kelt adagokban a leghat\u00e9konyabb d\u00e9lel\u0151tti felt\u00f6lt\u0151d\u00e9sk\u00e9nt; nagyobb mennyis\u00e9gben egy vid\u00e1m, k\u00e1bult \u00e9rz\u00e9s teszi ide\u00e1liss\u00e1 \u00e9jszakai italnak.<\/p>\n<h3>A TEJSZ\u00cdN \u00c9S A KEKSZ HASZN\u00c1LAT\u00c1NAK EL\u0150NYEI<\/h3>\n<p>A Cookies and Creamr\u0151l \u00fagy tartj\u00e1k, hogy sz\u00e1mos k\u00fcl\u00f6n\u00e1ll\u00f3 el\u0151nnyel rendelkezik, mint p\u00e9ld\u00e1ul a stresszcs\u00f6kkent\u00e9s, a f\u00e1jdalomcsillap\u00edt\u00e1s, az \u00e9tv\u00e1gygerjeszt\u0151 hat\u00e1s \u00e9s a jobb alv\u00e1s. M\u00edg a fajta f\u00e1jdalomcsillap\u00edt\u00f3 tulajdons\u00e1gai seg\u00edthetnek a kr\u00f3nikus f\u00e1jdalom szab\u00e1lyoz\u00e1s\u00e1ban, nyugtat\u00f3 hat\u00e1sai cs\u00f6kkenthetik a stressz \u00e9s a szorong\u00e1s hat\u00e1s\u00e1t. Ezenk\u00edv\u00fcl a Cookies and Cream n\u00f6velheti az \u00e9tv\u00e1gyat, \u00edgy alkalmas azok sz\u00e1m\u00e1ra, akiknek eg\u00e9szs\u00e9g\u00fcgyi probl\u00e9m\u00e1ik miatt elvesztett\u00e9k az \u00e9tv\u00e1gyukat.<\/p>","protected":false},"excerpt":{"rendered":"<p>Cookies &amp; Cream is a diverse cannabis hybrid that demonstrates a moreish blend of flavours and fragrances along with well-balanced effects, so lovers of sweet and decadent strains take note. We will examine the genetics, flavour, and growth properties of Cookies &amp; Cream in this article, as well as its perceived effects, advantages, suggested dosages,&#8230;<\/p>","protected":false},"featured_media":365,"comment_status":"open","ping_status":"closed","template":"","meta":{"_kad_post_transparent":"default","_kad_post_title":"","_kad_post_layout":"default","_kad_post_sidebar_id":"","_kad_post_content_style":"default","_kad_post_vertical_padding":"default","_kad_post_feature":"","_kad_post_feature_position":"","_kad_post_header":false,"_kad_post_footer":false,"_joinchat":[]},"product_cat":[17],"product_tag":[],"class_list":["post-57","product","type-product","status-publish","has-post-thumbnail","hentry","product_cat-wiet","entry","content-bg","loop-entry"],"yoast_head":"<!-- This site is optimized with the Yoast SEO plugin v26.3 - https:\/\/yoast.com\/wordpress\/plugins\/seo\/ -->\n<title>Cookies &amp; Cream - Wiet Koop Winkel<\/title>\n<meta name=\"robots\" content=\"index, follow, max-snippet:-1, max-image-preview:large, max-video-preview:-1\" \/>\n<link rel=\"canonical\" href=\"https:\/\/wietkoopwinkel.com\/hu\/termek\/cookies-cream\/\" \/>\n<meta property=\"og:locale\" content=\"hu_HU\" \/>\n<meta property=\"og:type\" content=\"article\" \/>\n<meta property=\"og:title\" content=\"Cookies &amp; Cream - Wiet Koop Winkel\" \/>\n<meta property=\"og:description\" content=\"Cookies &amp; Cream is a diverse cannabis hybrid that demonstrates a moreish blend of flavours and fragrances along with well-balanced effects, so lovers of sweet and decadent strains take note. We will examine the genetics, flavour, and growth properties of Cookies &amp; Cream in this article, as well as its perceived effects, advantages, suggested dosages,...\" \/>\n<meta property=\"og:url\" content=\"https:\/\/wietkoopwinkel.com\/hu\/termek\/cookies-cream\/\" \/>\n<meta property=\"og:site_name\" content=\"Wiet Koop Winkel\" \/>\n<meta property=\"article:modified_time\" content=\"2023-10-07T16:13:20+00:00\" \/>\n<meta property=\"og:image\" content=\"https:\/\/wietkoopwinkel.com\/wp-content\/uploads\/2023\/09\/Cookies-Cream.jpg\" \/>\n\t<meta property=\"og:image:width\" content=\"960\" \/>\n\t<meta property=\"og:image:height\" content=\"1280\" \/>\n\t<meta property=\"og:image:type\" content=\"image\/jpeg\" \/>\n<meta name=\"twitter:card\" content=\"summary_large_image\" \/>\n<meta name=\"twitter:label1\" content=\"Becs\u00fclt olvas\u00e1si id\u0151\" \/>\n\t<meta name=\"twitter:data1\" content=\"2 perc\" \/>\n<script type=\"application\/ld+json\" class=\"yoast-schema-graph\">{\"@context\":\"https:\/\/schema.org\",\"@graph\":[{\"@type\":\"WebPage\",\"@id\":\"https:\/\/wietkoopwinkel.com\/product\/cookies-cream\/\",\"url\":\"https:\/\/wietkoopwinkel.com\/product\/cookies-cream\/\",\"name\":\"Cookies & Cream - Wiet Koop Winkel\",\"isPartOf\":{\"@id\":\"https:\/\/wietkoopwinkel.com\/#website\"},\"primaryImageOfPage\":{\"@id\":\"https:\/\/wietkoopwinkel.com\/product\/cookies-cream\/#primaryimage\"},\"image\":{\"@id\":\"https:\/\/wietkoopwinkel.com\/product\/cookies-cream\/#primaryimage\"},\"thumbnailUrl\":\"https:\/\/wietkoopwinkel.com\/wp-content\/uploads\/2023\/09\/Cookies-Cream.jpg\",\"datePublished\":\"2023-09-22T08:56:50+00:00\",\"dateModified\":\"2023-10-07T16:13:20+00:00\",\"breadcrumb\":{\"@id\":\"https:\/\/wietkoopwinkel.com\/product\/cookies-cream\/#breadcrumb\"},\"inLanguage\":\"hu\",\"potentialAction\":[{\"@type\":\"ReadAction\",\"target\":[\"https:\/\/wietkoopwinkel.com\/product\/cookies-cream\/\"]}]},{\"@type\":\"ImageObject\",\"inLanguage\":\"hu\",\"@id\":\"https:\/\/wietkoopwinkel.com\/product\/cookies-cream\/#primaryimage\",\"url\":\"https:\/\/wietkoopwinkel.com\/wp-content\/uploads\/2023\/09\/Cookies-Cream.jpg\",\"contentUrl\":\"https:\/\/wietkoopwinkel.com\/wp-content\/uploads\/2023\/09\/Cookies-Cream.jpg\",\"width\":960,\"height\":1280,\"caption\":\"Cookies & Cream\"},{\"@type\":\"BreadcrumbList\",\"@id\":\"https:\/\/wietkoopwinkel.com\/product\/cookies-cream\/#breadcrumb\",\"itemListElement\":[{\"@type\":\"ListItem\",\"position\":1,\"name\":\"Home\",\"item\":\"https:\/\/wietkoopwinkel.com\/\"},{\"@type\":\"ListItem\",\"position\":2,\"name\":\"Winkel\",\"item\":\"https:\/\/wietkoopwinkel.com\/winkel\/\"},{\"@type\":\"ListItem\",\"position\":3,\"name\":\"Cookies &#038; Cream\"}]},{\"@type\":\"WebSite\",\"@id\":\"https:\/\/wietkoopwinkel.com\/#website\",\"url\":\"https:\/\/wietkoopwinkel.com\/\",\"name\":\"Wiet Koop Winkel\",\"description\":\"My WordPress Blog\",\"publisher\":{\"@id\":\"https:\/\/wietkoopwinkel.com\/#organization\"},\"potentialAction\":[{\"@type\":\"SearchAction\",\"target\":{\"@type\":\"EntryPoint\",\"urlTemplate\":\"https:\/\/wietkoopwinkel.com\/?s={search_term_string}\"},\"query-input\":{\"@type\":\"PropertyValueSpecification\",\"valueRequired\":true,\"valueName\":\"search_term_string\"}}],\"inLanguage\":\"hu\"},{\"@type\":\"Organization\",\"@id\":\"https:\/\/wietkoopwinkel.com\/#organization\",\"name\":\"Wiet Koop Winkel\",\"url\":\"https:\/\/wietkoopwinkel.com\/\",\"logo\":{\"@type\":\"ImageObject\",\"inLanguage\":\"hu\",\"@id\":\"https:\/\/wietkoopwinkel.com\/#\/schema\/logo\/image\/\",\"url\":\"https:\/\/wietkoopwinkel.com\/wp-content\/uploads\/2023\/10\/logo.png\",\"contentUrl\":\"https:\/\/wietkoopwinkel.com\/wp-content\/uploads\/2023\/10\/logo.png\",\"width\":400,\"height\":120,\"caption\":\"Wiet Koop Winkel\"},\"image\":{\"@id\":\"https:\/\/wietkoopwinkel.com\/#\/schema\/logo\/image\/\"}}]}<\/script>\n<!-- \/ Yoast SEO plugin. -->","yoast_head_json":{"title":"Cookies & Cream - Wiet Koop Winkel","robots":{"index":"index","follow":"follow","max-snippet":"max-snippet:-1","max-image-preview":"max-image-preview:large","max-video-preview":"max-video-preview:-1"},"canonical":"https:\/\/wietkoopwinkel.com\/hu\/termek\/cookies-cream\/","og_locale":"hu_HU","og_type":"article","og_title":"Cookies & Cream - Wiet Koop Winkel","og_description":"Cookies &amp; Cream is a diverse cannabis hybrid that demonstrates a moreish blend of flavours and fragrances along with well-balanced effects, so lovers of sweet and decadent strains take note. We will examine the genetics, flavour, and growth properties of Cookies &amp; Cream in this article, as well as its perceived effects, advantages, suggested dosages,...","og_url":"https:\/\/wietkoopwinkel.com\/hu\/termek\/cookies-cream\/","og_site_name":"Wiet Koop Winkel","article_modified_time":"2023-10-07T16:13:20+00:00","og_image":[{"width":960,"height":1280,"url":"https:\/\/wietkoopwinkel.com\/wp-content\/uploads\/2023\/09\/Cookies-Cream.jpg","type":"image\/jpeg"}],"twitter_card":"summary_large_image","twitter_misc":{"Becs\u00fclt olvas\u00e1si id\u0151":"2 perc"},"schema":{"@context":"https:\/\/schema.org","@graph":[{"@type":"WebPage","@id":"https:\/\/wietkoopwinkel.com\/product\/cookies-cream\/","url":"https:\/\/wietkoopwinkel.com\/product\/cookies-cream\/","name":"Cookies & Cream - Wiet Koop Winkel","isPartOf":{"@id":"https:\/\/wietkoopwinkel.com\/#website"},"primaryImageOfPage":{"@id":"https:\/\/wietkoopwinkel.com\/product\/cookies-cream\/#primaryimage"},"image":{"@id":"https:\/\/wietkoopwinkel.com\/product\/cookies-cream\/#primaryimage"},"thumbnailUrl":"https:\/\/wietkoopwinkel.com\/wp-content\/uploads\/2023\/09\/Cookies-Cream.jpg","datePublished":"2023-09-22T08:56:50+00:00","dateModified":"2023-10-07T16:13:20+00:00","breadcrumb":{"@id":"https:\/\/wietkoopwinkel.com\/product\/cookies-cream\/#breadcrumb"},"inLanguage":"hu","potentialAction":[{"@type":"ReadAction","target":["https:\/\/wietkoopwinkel.com\/product\/cookies-cream\/"]}]},{"@type":"ImageObject","inLanguage":"hu","@id":"https:\/\/wietkoopwinkel.com\/product\/cookies-cream\/#primaryimage","url":"https:\/\/wietkoopwinkel.com\/wp-content\/uploads\/2023\/09\/Cookies-Cream.jpg","contentUrl":"https:\/\/wietkoopwinkel.com\/wp-content\/uploads\/2023\/09\/Cookies-Cream.jpg","width":960,"height":1280,"caption":"Cookies & Cream"},{"@type":"BreadcrumbList","@id":"https:\/\/wietkoopwinkel.com\/product\/cookies-cream\/#breadcrumb","itemListElement":[{"@type":"ListItem","position":1,"name":"Home","item":"https:\/\/wietkoopwinkel.com\/"},{"@type":"ListItem","position":2,"name":"Winkel","item":"https:\/\/wietkoopwinkel.com\/winkel\/"},{"@type":"ListItem","position":3,"name":"Cookies &#038; Cream"}]},{"@type":"WebSite","@id":"https:\/\/wietkoopwinkel.com\/#website","url":"https:\/\/wietkoopwinkel.com\/","name":"Wiet Koop Winkel","description":"My WordPress Blog","publisher":{"@id":"https:\/\/wietkoopwinkel.com\/#organization"},"potentialAction":[{"@type":"SearchAction","target":{"@type":"EntryPoint","urlTemplate":"https:\/\/wietkoopwinkel.com\/?s={search_term_string}"},"query-input":{"@type":"PropertyValueSpecification","valueRequired":true,"valueName":"search_term_string"}}],"inLanguage":"hu"},{"@type":"Organization","@id":"https:\/\/wietkoopwinkel.com\/#organization","name":"Wiet Koop Winkel","url":"https:\/\/wietkoopwinkel.com\/","logo":{"@type":"ImageObject","inLanguage":"hu","@id":"https:\/\/wietkoopwinkel.com\/#\/schema\/logo\/image\/","url":"https:\/\/wietkoopwinkel.com\/wp-content\/uploads\/2023\/10\/logo.png","contentUrl":"https:\/\/wietkoopwinkel.com\/wp-content\/uploads\/2023\/10\/logo.png","width":400,"height":120,"caption":"Wiet Koop Winkel"},"image":{"@id":"https:\/\/wietkoopwinkel.com\/#\/schema\/logo\/image\/"}}]}},"_links":{"self":[{"href":"https:\/\/wietkoopwinkel.com\/hu\/wp-json\/wp\/v2\/product\/57","targetHints":{"allow":["GET"]}}],"collection":[{"href":"https:\/\/wietkoopwinkel.com\/hu\/wp-json\/wp\/v2\/product"}],"about":[{"href":"https:\/\/wietkoopwinkel.com\/hu\/wp-json\/wp\/v2\/types\/product"}],"replies":[{"embeddable":true,"href":"https:\/\/wietkoopwinkel.com\/hu\/wp-json\/wp\/v2\/comments?post=57"}],"wp:featuredmedia":[{"embeddable":true,"href":"https:\/\/wietkoopwinkel.com\/hu\/wp-json\/wp\/v2\/media\/365"}],"wp:attachment":[{"href":"https:\/\/wietkoopwinkel.com\/hu\/wp-json\/wp\/v2\/media?parent=57"}],"wp:term":[{"taxonomy":"product_cat","embeddable":true,"href":"https:\/\/wietkoopwinkel.com\/hu\/wp-json\/wp\/v2\/product_cat?post=57"},{"taxonomy":"product_tag","embeddable":true,"href":"https:\/\/wietkoopwinkel.com\/hu\/wp-json\/wp\/v2\/product_tag?post=57"}],"curies":[{"name":"wp","href":"https:\/\/api.w.org\/{rel}","templated":true}]}}