{"id":55,"date":"2023-09-22T08:56:42","date_gmt":"2023-09-22T08:56:42","guid":{"rendered":"https:\/\/nembutalhouse.com\/weed\/?post_type=product&#038;p=55"},"modified":"2023-10-07T09:57:08","modified_gmt":"2023-10-07T09:57:08","slug":"red-velvet","status":"publish","type":"product","link":"https:\/\/wietkoopwinkel.com\/hu\/termek\/red-velvet\/","title":{"rendered":"V\u00f6r\u00f6s b\u00e1rsony"},"content":{"rendered":"<p>Ez a t\u00f6rzs fel\u00fclvizsg\u00e1lata a Red Velvet Cake, m\u00e1s n\u00e9ven Red Velvet Kush, a Detroit Provision Co. Detroitban, Michiganben tal\u00e1lhat\u00f3ak. M\u00e9g soha nem j\u00e1rtam ebben az ell\u00e1t\u00f3k\u00f6zpontban. Mivel kor\u00e1bban csak a t\u00f6rzs koncentr\u00e1tum\u00e1t fogyasztottam, \u00fagy d\u00f6nt\u00f6ttem, hogy kipr\u00f3b\u00e1lom a Red Velvet fajt\u00e1t. Ez egy hibrid, amely feltehet\u0151en er\u0151sebb indica ir\u00e1nyults\u00e1ggal rendelkezik.<\/p>\n<p>Az ell\u00e1t\u00f3k\u00f6zpontban kaphat\u00f3 t\u00f6bbi fajta mind meglehet\u0151sen fagyos volt, \u00e9s j\u00f3 \u00e1llapot\u00fanak t\u0171nt. A lehet\u0151s\u00e9geimhez m\u00e9rten ezt a fajt\u00e1t v\u00e1lasztottam, egy m\u00e1sik fels\u0151 polcon l\u00e9v\u0151 fajt\u00e1val kombin\u00e1lva. Azt mondt\u00e1k, hogy a Cherry Pie az egyetlen genetikai sz\u00fcl\u0151. Hamarosan egy l\u00e9tes\u00edtm\u00e9nyk\u00f6zpontbeli fel\u00fclvizsg\u00e1lat t\u00e1rgy\u00e1t fogj\u00e1k k\u00e9pezni r\u00e9szemr\u0151l!<\/p>\n<h2>RED VELVET KUSH AROMA:<\/h2>\n<p>\u00c9des illat, amikor kinyitotta a tart\u00e1lyt. Egyszer\u0171en kellemes illat volt, amit eg\u00e9sz nap \u00e9rezni akartam. Ha lenne ilyen illat\u00fa parf\u00fcmj\u00fck, nem b\u00e1nn\u00e1m, ha minden nap eg\u00e9sz nap viseln\u00e9m.<\/p>\n<h3>V\u00d6R\u00d6S B\u00c1RSONY MEGJELEN\u00c9S:<\/h3>\n<p>A Red Velvet Kush fantasztikusan n\u00e9zett ki. A r\u00fcgyek rendk\u00edv\u00fcl fagyosak \u00e9s csak trichom\u00e1kkal bor\u00edtottak. \u00dagy n\u00e9zett ki, mint a h\u00f3es\u00e9s a sok THC-krist\u00e1lyokkal. A r\u00fcgy teljesen lila volt, k\u00f6r\u00fcl\u00f6tte kis narancss\u00e1rga sz\u0151rsz\u00e1lakkal. A r\u00fcgyben volt n\u00e9mi halv\u00e1nyz\u00f6ld, de a r\u00fcgyet t\u00f6bbnyire lila bor\u00edtotta.<\/p>","protected":false},"excerpt":{"rendered":"<p>Deze soortrecensie is voor Red Velvet Cake, ook wel bekend als Red Velvet Kush, van Detroit Provision Co. Ze bevinden zich in Detroit, Michigan. Ik heb dit bevoorradingscentrum nog nooit eerder bezocht. Omdat ik voorheen alleen het concentraat van de soort had geconsumeerd, besloot ik de Red Velvet-vari\u00ebteit te proberen. Het is een hybride die&#8230;<\/p>","protected":false},"featured_media":363,"comment_status":"open","ping_status":"closed","template":"","meta":{"_kad_post_transparent":"default","_kad_post_title":"","_kad_post_layout":"default","_kad_post_sidebar_id":"","_kad_post_content_style":"default","_kad_post_vertical_padding":"default","_kad_post_feature":"","_kad_post_feature_position":"","_kad_post_header":false,"_kad_post_footer":false,"_joinchat":[]},"product_cat":[17],"product_tag":[],"class_list":["post-55","product","type-product","status-publish","has-post-thumbnail","hentry","product_cat-wiet","entry","content-bg","loop-entry"],"yoast_head":"<!-- This site is optimized with the Yoast SEO plugin v26.3 - https:\/\/yoast.com\/wordpress\/plugins\/seo\/ -->\n<title>Red Velvet - Wiet Koop Winkel<\/title>\n<meta name=\"robots\" content=\"index, follow, max-snippet:-1, max-image-preview:large, max-video-preview:-1\" \/>\n<link rel=\"canonical\" href=\"https:\/\/wietkoopwinkel.com\/hu\/termek\/red-velvet\/\" \/>\n<meta property=\"og:locale\" content=\"hu_HU\" \/>\n<meta property=\"og:type\" content=\"article\" \/>\n<meta property=\"og:title\" content=\"Red Velvet - Wiet Koop Winkel\" \/>\n<meta property=\"og:description\" content=\"Deze soortrecensie is voor Red Velvet Cake, ook wel bekend als Red Velvet Kush, van Detroit Provision Co. Ze bevinden zich in Detroit, Michigan. Ik heb dit bevoorradingscentrum nog nooit eerder bezocht. Omdat ik voorheen alleen het concentraat van de soort had geconsumeerd, besloot ik de Red Velvet-vari\u00ebteit te proberen. Het is een hybride die...\" \/>\n<meta property=\"og:url\" content=\"https:\/\/wietkoopwinkel.com\/hu\/termek\/red-velvet\/\" \/>\n<meta property=\"og:site_name\" content=\"Wiet Koop Winkel\" \/>\n<meta property=\"article:modified_time\" content=\"2023-10-07T09:57:08+00:00\" \/>\n<meta property=\"og:image\" content=\"https:\/\/wietkoopwinkel.com\/wp-content\/uploads\/2023\/09\/Red-Velvet.jpg\" \/>\n\t<meta property=\"og:image:width\" content=\"960\" \/>\n\t<meta property=\"og:image:height\" content=\"1280\" \/>\n\t<meta property=\"og:image:type\" content=\"image\/jpeg\" \/>\n<meta name=\"twitter:card\" content=\"summary_large_image\" \/>\n<meta name=\"twitter:label1\" content=\"Becs\u00fclt olvas\u00e1si id\u0151\" \/>\n\t<meta name=\"twitter:data1\" content=\"1 perc\" \/>\n<script type=\"application\/ld+json\" class=\"yoast-schema-graph\">{\"@context\":\"https:\/\/schema.org\",\"@graph\":[{\"@type\":\"WebPage\",\"@id\":\"https:\/\/wietkoopwinkel.com\/product\/red-velvet\/\",\"url\":\"https:\/\/wietkoopwinkel.com\/product\/red-velvet\/\",\"name\":\"Red Velvet - Wiet Koop Winkel\",\"isPartOf\":{\"@id\":\"https:\/\/wietkoopwinkel.com\/#website\"},\"primaryImageOfPage\":{\"@id\":\"https:\/\/wietkoopwinkel.com\/product\/red-velvet\/#primaryimage\"},\"image\":{\"@id\":\"https:\/\/wietkoopwinkel.com\/product\/red-velvet\/#primaryimage\"},\"thumbnailUrl\":\"https:\/\/wietkoopwinkel.com\/wp-content\/uploads\/2023\/09\/Red-Velvet.jpg\",\"datePublished\":\"2023-09-22T08:56:42+00:00\",\"dateModified\":\"2023-10-07T09:57:08+00:00\",\"breadcrumb\":{\"@id\":\"https:\/\/wietkoopwinkel.com\/product\/red-velvet\/#breadcrumb\"},\"inLanguage\":\"hu\",\"potentialAction\":[{\"@type\":\"ReadAction\",\"target\":[\"https:\/\/wietkoopwinkel.com\/product\/red-velvet\/\"]}]},{\"@type\":\"ImageObject\",\"inLanguage\":\"hu\",\"@id\":\"https:\/\/wietkoopwinkel.com\/product\/red-velvet\/#primaryimage\",\"url\":\"https:\/\/wietkoopwinkel.com\/wp-content\/uploads\/2023\/09\/Red-Velvet.jpg\",\"contentUrl\":\"https:\/\/wietkoopwinkel.com\/wp-content\/uploads\/2023\/09\/Red-Velvet.jpg\",\"width\":960,\"height\":1280,\"caption\":\"Red Velvet\"},{\"@type\":\"BreadcrumbList\",\"@id\":\"https:\/\/wietkoopwinkel.com\/product\/red-velvet\/#breadcrumb\",\"itemListElement\":[{\"@type\":\"ListItem\",\"position\":1,\"name\":\"Home\",\"item\":\"https:\/\/wietkoopwinkel.com\/\"},{\"@type\":\"ListItem\",\"position\":2,\"name\":\"Winkel\",\"item\":\"https:\/\/wietkoopwinkel.com\/winkel\/\"},{\"@type\":\"ListItem\",\"position\":3,\"name\":\"Red Velvet\"}]},{\"@type\":\"WebSite\",\"@id\":\"https:\/\/wietkoopwinkel.com\/#website\",\"url\":\"https:\/\/wietkoopwinkel.com\/\",\"name\":\"Wiet Koop Winkel\",\"description\":\"My WordPress Blog\",\"publisher\":{\"@id\":\"https:\/\/wietkoopwinkel.com\/#organization\"},\"potentialAction\":[{\"@type\":\"SearchAction\",\"target\":{\"@type\":\"EntryPoint\",\"urlTemplate\":\"https:\/\/wietkoopwinkel.com\/?s={search_term_string}\"},\"query-input\":{\"@type\":\"PropertyValueSpecification\",\"valueRequired\":true,\"valueName\":\"search_term_string\"}}],\"inLanguage\":\"hu\"},{\"@type\":\"Organization\",\"@id\":\"https:\/\/wietkoopwinkel.com\/#organization\",\"name\":\"Wiet Koop Winkel\",\"url\":\"https:\/\/wietkoopwinkel.com\/\",\"logo\":{\"@type\":\"ImageObject\",\"inLanguage\":\"hu\",\"@id\":\"https:\/\/wietkoopwinkel.com\/#\/schema\/logo\/image\/\",\"url\":\"https:\/\/wietkoopwinkel.com\/wp-content\/uploads\/2023\/10\/logo.png\",\"contentUrl\":\"https:\/\/wietkoopwinkel.com\/wp-content\/uploads\/2023\/10\/logo.png\",\"width\":400,\"height\":120,\"caption\":\"Wiet Koop Winkel\"},\"image\":{\"@id\":\"https:\/\/wietkoopwinkel.com\/#\/schema\/logo\/image\/\"}}]}<\/script>\n<!-- \/ Yoast SEO plugin. -->","yoast_head_json":{"title":"Red Velvet - Wiet Koop Winkel","robots":{"index":"index","follow":"follow","max-snippet":"max-snippet:-1","max-image-preview":"max-image-preview:large","max-video-preview":"max-video-preview:-1"},"canonical":"https:\/\/wietkoopwinkel.com\/hu\/termek\/red-velvet\/","og_locale":"hu_HU","og_type":"article","og_title":"Red Velvet - Wiet Koop Winkel","og_description":"Deze soortrecensie is voor Red Velvet Cake, ook wel bekend als Red Velvet Kush, van Detroit Provision Co. Ze bevinden zich in Detroit, Michigan. Ik heb dit bevoorradingscentrum nog nooit eerder bezocht. Omdat ik voorheen alleen het concentraat van de soort had geconsumeerd, besloot ik de Red Velvet-vari\u00ebteit te proberen. Het is een hybride die...","og_url":"https:\/\/wietkoopwinkel.com\/hu\/termek\/red-velvet\/","og_site_name":"Wiet Koop Winkel","article_modified_time":"2023-10-07T09:57:08+00:00","og_image":[{"width":960,"height":1280,"url":"https:\/\/wietkoopwinkel.com\/wp-content\/uploads\/2023\/09\/Red-Velvet.jpg","type":"image\/jpeg"}],"twitter_card":"summary_large_image","twitter_misc":{"Becs\u00fclt olvas\u00e1si id\u0151":"1 perc"},"schema":{"@context":"https:\/\/schema.org","@graph":[{"@type":"WebPage","@id":"https:\/\/wietkoopwinkel.com\/product\/red-velvet\/","url":"https:\/\/wietkoopwinkel.com\/product\/red-velvet\/","name":"Red Velvet - Wiet Koop Winkel","isPartOf":{"@id":"https:\/\/wietkoopwinkel.com\/#website"},"primaryImageOfPage":{"@id":"https:\/\/wietkoopwinkel.com\/product\/red-velvet\/#primaryimage"},"image":{"@id":"https:\/\/wietkoopwinkel.com\/product\/red-velvet\/#primaryimage"},"thumbnailUrl":"https:\/\/wietkoopwinkel.com\/wp-content\/uploads\/2023\/09\/Red-Velvet.jpg","datePublished":"2023-09-22T08:56:42+00:00","dateModified":"2023-10-07T09:57:08+00:00","breadcrumb":{"@id":"https:\/\/wietkoopwinkel.com\/product\/red-velvet\/#breadcrumb"},"inLanguage":"hu","potentialAction":[{"@type":"ReadAction","target":["https:\/\/wietkoopwinkel.com\/product\/red-velvet\/"]}]},{"@type":"ImageObject","inLanguage":"hu","@id":"https:\/\/wietkoopwinkel.com\/product\/red-velvet\/#primaryimage","url":"https:\/\/wietkoopwinkel.com\/wp-content\/uploads\/2023\/09\/Red-Velvet.jpg","contentUrl":"https:\/\/wietkoopwinkel.com\/wp-content\/uploads\/2023\/09\/Red-Velvet.jpg","width":960,"height":1280,"caption":"Red Velvet"},{"@type":"BreadcrumbList","@id":"https:\/\/wietkoopwinkel.com\/product\/red-velvet\/#breadcrumb","itemListElement":[{"@type":"ListItem","position":1,"name":"Home","item":"https:\/\/wietkoopwinkel.com\/"},{"@type":"ListItem","position":2,"name":"Winkel","item":"https:\/\/wietkoopwinkel.com\/winkel\/"},{"@type":"ListItem","position":3,"name":"Red Velvet"}]},{"@type":"WebSite","@id":"https:\/\/wietkoopwinkel.com\/#website","url":"https:\/\/wietkoopwinkel.com\/","name":"Wiet Koop Winkel","description":"My WordPress Blog","publisher":{"@id":"https:\/\/wietkoopwinkel.com\/#organization"},"potentialAction":[{"@type":"SearchAction","target":{"@type":"EntryPoint","urlTemplate":"https:\/\/wietkoopwinkel.com\/?s={search_term_string}"},"query-input":{"@type":"PropertyValueSpecification","valueRequired":true,"valueName":"search_term_string"}}],"inLanguage":"hu"},{"@type":"Organization","@id":"https:\/\/wietkoopwinkel.com\/#organization","name":"Wiet Koop Winkel","url":"https:\/\/wietkoopwinkel.com\/","logo":{"@type":"ImageObject","inLanguage":"hu","@id":"https:\/\/wietkoopwinkel.com\/#\/schema\/logo\/image\/","url":"https:\/\/wietkoopwinkel.com\/wp-content\/uploads\/2023\/10\/logo.png","contentUrl":"https:\/\/wietkoopwinkel.com\/wp-content\/uploads\/2023\/10\/logo.png","width":400,"height":120,"caption":"Wiet Koop Winkel"},"image":{"@id":"https:\/\/wietkoopwinkel.com\/#\/schema\/logo\/image\/"}}]}},"_links":{"self":[{"href":"https:\/\/wietkoopwinkel.com\/hu\/wp-json\/wp\/v2\/product\/55","targetHints":{"allow":["GET"]}}],"collection":[{"href":"https:\/\/wietkoopwinkel.com\/hu\/wp-json\/wp\/v2\/product"}],"about":[{"href":"https:\/\/wietkoopwinkel.com\/hu\/wp-json\/wp\/v2\/types\/product"}],"replies":[{"embeddable":true,"href":"https:\/\/wietkoopwinkel.com\/hu\/wp-json\/wp\/v2\/comments?post=55"}],"wp:featuredmedia":[{"embeddable":true,"href":"https:\/\/wietkoopwinkel.com\/hu\/wp-json\/wp\/v2\/media\/363"}],"wp:attachment":[{"href":"https:\/\/wietkoopwinkel.com\/hu\/wp-json\/wp\/v2\/media?parent=55"}],"wp:term":[{"taxonomy":"product_cat","embeddable":true,"href":"https:\/\/wietkoopwinkel.com\/hu\/wp-json\/wp\/v2\/product_cat?post=55"},{"taxonomy":"product_tag","embeddable":true,"href":"https:\/\/wietkoopwinkel.com\/hu\/wp-json\/wp\/v2\/product_tag?post=55"}],"curies":[{"name":"wp","href":"https:\/\/api.w.org\/{rel}","templated":true}]}}