{"id":54,"date":"2023-09-22T08:56:41","date_gmt":"2023-09-22T08:56:41","guid":{"rendered":"https:\/\/nembutalhouse.com\/weed\/?post_type=product&#038;p=54"},"modified":"2023-10-07T09:59:52","modified_gmt":"2023-10-07T09:59:52","slug":"london-pound-cake","status":"publish","type":"product","link":"https:\/\/wietkoopwinkel.com\/hu\/termek\/london-pound-cake\/","title":{"rendered":"London Pound Cake"},"content":{"rendered":"<p>Ez a t\u00f6rzs val\u00f3sz\u00edn\u0171leg jav\u00edtja a hangulatodat, mivel r\u00f6vid ideig tart\u00f3 kreativit\u00e1s- \u00e9s boldogs\u00e1ghull\u00e1mot v\u00e1lt ki, \u00e9s a nyugtat\u00f3 hat\u00e1sok fokozatosan \u00e1tj\u00e1rj\u00e1k az eg\u00e9sz testedet. A probl\u00e9ma az, hogy sok felhaszn\u00e1l\u00f3 \u00fagy tal\u00e1lja, hogy amint er\u0151s k\u00e9sztet\u00e9st \u00e9rez a kreativit\u00e1sra, a nyugtat\u00f3 hat\u00e1s gyorsan beindul, ami megnehez\u00edti a kreat\u00edv projektek folytat\u00e1s\u00e1t.<\/p>\n<p>K\u00e9sz\u00edtsd el\u0151 az \u00e9telt, \u00e9s pr\u00f3b\u00e1ld ki ezt a finom t\u00f6rzset; az Apple Fritter er\u0151s \u00e9s hosszan tart\u00f3 hat\u00e1sokat produk\u00e1l. Vigy\u00e1zz a mell\u00e9kt\u00fcnetekkel, mint p\u00e9ld\u00e1ul a szomj\u00fas\u00e1g \u00e9s a sz\u00e1jsz\u00e1razs\u00e1g.<\/p>\n<h2>A LONDONI FONT TORTA GENETIKAI H\u00c1TTERE: F\u00c9LIG TITKOS EREDET<\/h2>\n<p>A London Pound Cake egy viszonylag \u00faj fajta, amely gyorsan ismertt\u00e9 v\u00e1lt, k\u00fcl\u00f6n\u00f6sen az \u00e9dessz\u00e1j\u00faak k\u00f6r\u00e9ben. Nem vil\u00e1gos, hogy melyik er\u0151s indica fajt\u00e1b\u00f3l k\u00e9sz\u00fclt a London Pound Cake, b\u00e1r \u00fagy gondolj\u00e1k, hogy a h\u00edres Girl Scout Cookies t\u00f6rzs fenot\u00edpusa. A kaliforniai sz\u00e9khely\u0171 nemes\u00edt\u0151, a Cookies Fam hozta l\u00e9tre, amely m\u00e1s ismert fajt\u00e1k, p\u00e9ld\u00e1ul a Runtz \u00e9s a Gelato el\u0151\u00e1ll\u00edt\u00e1s\u00e1r\u00f3l is ismert.<\/p>\n<h3>FELN\u0150TT SHERBET<\/h3>\n<p>A fent eml\u00edtett azonos\u00edtatlan indica t\u00f6rzset keresztezt\u00e9k a Sunset Sherbet-tel, hogy l\u00e9trehozz\u00e1k a London Pound Cake-et. A Sunset Sherbet egy hibrid t\u00f6rzs, amely a h\u00edres OG Kush-t\u00f3l sz\u00e1rmazik, \u00e9s a Pink Panties \u00e9s a Girl Scout Cookies keresztez\u00e9s\u00e9vel j\u00f6tt l\u00e9tre.<\/p>\n<p>A menta \u00e9s a citrusf\u00e9l\u00e9k jegyeit hordoz\u00f3 fajta \u00e9des \u00e9s gy\u00fcm\u00f6lcs\u00f6s \u00edz\u00e9r\u0151l ismert. A sokoldal\u00fa illat a f\u00f6ldes, \u00e9des \u00e9s f\u0171szeres \u00f6sszetev\u0151k kever\u00e9k\u00e9t mutatja. A Sunset Sherbet nyugtat\u00f3 \u00e9s energetiz\u00e1l\u00f3 hat\u00e1s\u00fa, amelyr\u0151l \u00fagy tartj\u00e1k, hogy oldja a test \u00e9s az elme fesz\u00fclts\u00e9g\u00e9t. Kiegyens\u00falyozott hat\u00e1sai miatt mind a rekre\u00e1ci\u00f3s, mind az orvosi felhaszn\u00e1l\u00f3k kedvelik. A Sunset Sherbet magas THC-koncentr\u00e1ci\u00f3ja, amely el\u00e9rheti a 24%-t, szint\u00e9n kedv\u00e9re val\u00f3. \u00cdgy egy er\u0151s t\u00f6rzzs\u00e9 v\u00e1lik, amelyet az alacsonyabb toleranciaszinttel rendelkez\u0151knek m\u00e9rt\u00e9kkel kell fogyasztaniuk.<\/p>","protected":false},"excerpt":{"rendered":"<p>Deze soort zal waarschijnlijk je humeur verbeteren door een korte stroom van creativiteit en geluk te veroorzaken, en de kalmerende effecten zullen geleidelijk je hele lichaam doordringen. Het probleem is dat veel gebruikers ontdekken dat zodra ze een sterke drang voelen om creatief te zijn, de kalmerende effecten snel optreden, waardoor het moeilijk wordt om&#8230;<\/p>","protected":false},"featured_media":362,"comment_status":"open","ping_status":"closed","template":"","meta":{"_kad_post_transparent":"default","_kad_post_title":"","_kad_post_layout":"default","_kad_post_sidebar_id":"","_kad_post_content_style":"default","_kad_post_vertical_padding":"default","_kad_post_feature":"","_kad_post_feature_position":"","_kad_post_header":false,"_kad_post_footer":false,"_joinchat":[]},"product_cat":[17],"product_tag":[],"class_list":["post-54","product","type-product","status-publish","has-post-thumbnail","hentry","product_cat-wiet","entry","content-bg","loop-entry"],"yoast_head":"<!-- This site is optimized with the Yoast SEO plugin v26.3 - https:\/\/yoast.com\/wordpress\/plugins\/seo\/ -->\n<title>London Pound Cake - Wiet Koop Winkel<\/title>\n<meta name=\"robots\" content=\"index, follow, max-snippet:-1, max-image-preview:large, max-video-preview:-1\" \/>\n<link rel=\"canonical\" href=\"https:\/\/wietkoopwinkel.com\/hu\/termek\/london-pound-cake\/\" \/>\n<meta property=\"og:locale\" content=\"hu_HU\" \/>\n<meta property=\"og:type\" content=\"article\" \/>\n<meta property=\"og:title\" content=\"London Pound Cake - Wiet Koop Winkel\" \/>\n<meta property=\"og:description\" content=\"Deze soort zal waarschijnlijk je humeur verbeteren door een korte stroom van creativiteit en geluk te veroorzaken, en de kalmerende effecten zullen geleidelijk je hele lichaam doordringen. Het probleem is dat veel gebruikers ontdekken dat zodra ze een sterke drang voelen om creatief te zijn, de kalmerende effecten snel optreden, waardoor het moeilijk wordt om...\" \/>\n<meta property=\"og:url\" content=\"https:\/\/wietkoopwinkel.com\/hu\/termek\/london-pound-cake\/\" \/>\n<meta property=\"og:site_name\" content=\"Wiet Koop Winkel\" \/>\n<meta property=\"article:modified_time\" content=\"2023-10-07T09:59:52+00:00\" \/>\n<meta property=\"og:image\" content=\"https:\/\/wietkoopwinkel.com\/wp-content\/uploads\/2023\/09\/London-Pound-Cake.jpg\" \/>\n\t<meta property=\"og:image:width\" content=\"960\" \/>\n\t<meta property=\"og:image:height\" content=\"1280\" \/>\n\t<meta property=\"og:image:type\" content=\"image\/jpeg\" \/>\n<meta name=\"twitter:card\" content=\"summary_large_image\" \/>\n<meta name=\"twitter:label1\" content=\"Becs\u00fclt olvas\u00e1si id\u0151\" \/>\n\t<meta name=\"twitter:data1\" content=\"2 perc\" \/>\n<script type=\"application\/ld+json\" class=\"yoast-schema-graph\">{\"@context\":\"https:\/\/schema.org\",\"@graph\":[{\"@type\":\"WebPage\",\"@id\":\"https:\/\/wietkoopwinkel.com\/product\/london-pound-cake\/\",\"url\":\"https:\/\/wietkoopwinkel.com\/product\/london-pound-cake\/\",\"name\":\"London Pound Cake - Wiet Koop Winkel\",\"isPartOf\":{\"@id\":\"https:\/\/wietkoopwinkel.com\/#website\"},\"primaryImageOfPage\":{\"@id\":\"https:\/\/wietkoopwinkel.com\/product\/london-pound-cake\/#primaryimage\"},\"image\":{\"@id\":\"https:\/\/wietkoopwinkel.com\/product\/london-pound-cake\/#primaryimage\"},\"thumbnailUrl\":\"https:\/\/wietkoopwinkel.com\/wp-content\/uploads\/2023\/09\/London-Pound-Cake.jpg\",\"datePublished\":\"2023-09-22T08:56:41+00:00\",\"dateModified\":\"2023-10-07T09:59:52+00:00\",\"breadcrumb\":{\"@id\":\"https:\/\/wietkoopwinkel.com\/product\/london-pound-cake\/#breadcrumb\"},\"inLanguage\":\"hu\",\"potentialAction\":[{\"@type\":\"ReadAction\",\"target\":[\"https:\/\/wietkoopwinkel.com\/product\/london-pound-cake\/\"]}]},{\"@type\":\"ImageObject\",\"inLanguage\":\"hu\",\"@id\":\"https:\/\/wietkoopwinkel.com\/product\/london-pound-cake\/#primaryimage\",\"url\":\"https:\/\/wietkoopwinkel.com\/wp-content\/uploads\/2023\/09\/London-Pound-Cake.jpg\",\"contentUrl\":\"https:\/\/wietkoopwinkel.com\/wp-content\/uploads\/2023\/09\/London-Pound-Cake.jpg\",\"width\":960,\"height\":1280,\"caption\":\"London Pound Cake\"},{\"@type\":\"BreadcrumbList\",\"@id\":\"https:\/\/wietkoopwinkel.com\/product\/london-pound-cake\/#breadcrumb\",\"itemListElement\":[{\"@type\":\"ListItem\",\"position\":1,\"name\":\"Home\",\"item\":\"https:\/\/wietkoopwinkel.com\/\"},{\"@type\":\"ListItem\",\"position\":2,\"name\":\"Winkel\",\"item\":\"https:\/\/wietkoopwinkel.com\/winkel\/\"},{\"@type\":\"ListItem\",\"position\":3,\"name\":\"London Pound Cake\"}]},{\"@type\":\"WebSite\",\"@id\":\"https:\/\/wietkoopwinkel.com\/#website\",\"url\":\"https:\/\/wietkoopwinkel.com\/\",\"name\":\"Wiet Koop Winkel\",\"description\":\"My WordPress Blog\",\"publisher\":{\"@id\":\"https:\/\/wietkoopwinkel.com\/#organization\"},\"potentialAction\":[{\"@type\":\"SearchAction\",\"target\":{\"@type\":\"EntryPoint\",\"urlTemplate\":\"https:\/\/wietkoopwinkel.com\/?s={search_term_string}\"},\"query-input\":{\"@type\":\"PropertyValueSpecification\",\"valueRequired\":true,\"valueName\":\"search_term_string\"}}],\"inLanguage\":\"hu\"},{\"@type\":\"Organization\",\"@id\":\"https:\/\/wietkoopwinkel.com\/#organization\",\"name\":\"Wiet Koop Winkel\",\"url\":\"https:\/\/wietkoopwinkel.com\/\",\"logo\":{\"@type\":\"ImageObject\",\"inLanguage\":\"hu\",\"@id\":\"https:\/\/wietkoopwinkel.com\/#\/schema\/logo\/image\/\",\"url\":\"https:\/\/wietkoopwinkel.com\/wp-content\/uploads\/2023\/10\/logo.png\",\"contentUrl\":\"https:\/\/wietkoopwinkel.com\/wp-content\/uploads\/2023\/10\/logo.png\",\"width\":400,\"height\":120,\"caption\":\"Wiet Koop Winkel\"},\"image\":{\"@id\":\"https:\/\/wietkoopwinkel.com\/#\/schema\/logo\/image\/\"}}]}<\/script>\n<!-- \/ Yoast SEO plugin. -->","yoast_head_json":{"title":"London Pound Cake - Wiet Koop Winkel","robots":{"index":"index","follow":"follow","max-snippet":"max-snippet:-1","max-image-preview":"max-image-preview:large","max-video-preview":"max-video-preview:-1"},"canonical":"https:\/\/wietkoopwinkel.com\/hu\/termek\/london-pound-cake\/","og_locale":"hu_HU","og_type":"article","og_title":"London Pound Cake - Wiet Koop Winkel","og_description":"Deze soort zal waarschijnlijk je humeur verbeteren door een korte stroom van creativiteit en geluk te veroorzaken, en de kalmerende effecten zullen geleidelijk je hele lichaam doordringen. Het probleem is dat veel gebruikers ontdekken dat zodra ze een sterke drang voelen om creatief te zijn, de kalmerende effecten snel optreden, waardoor het moeilijk wordt om...","og_url":"https:\/\/wietkoopwinkel.com\/hu\/termek\/london-pound-cake\/","og_site_name":"Wiet Koop Winkel","article_modified_time":"2023-10-07T09:59:52+00:00","og_image":[{"width":960,"height":1280,"url":"https:\/\/wietkoopwinkel.com\/wp-content\/uploads\/2023\/09\/London-Pound-Cake.jpg","type":"image\/jpeg"}],"twitter_card":"summary_large_image","twitter_misc":{"Becs\u00fclt olvas\u00e1si id\u0151":"2 perc"},"schema":{"@context":"https:\/\/schema.org","@graph":[{"@type":"WebPage","@id":"https:\/\/wietkoopwinkel.com\/product\/london-pound-cake\/","url":"https:\/\/wietkoopwinkel.com\/product\/london-pound-cake\/","name":"London Pound Cake - Wiet Koop Winkel","isPartOf":{"@id":"https:\/\/wietkoopwinkel.com\/#website"},"primaryImageOfPage":{"@id":"https:\/\/wietkoopwinkel.com\/product\/london-pound-cake\/#primaryimage"},"image":{"@id":"https:\/\/wietkoopwinkel.com\/product\/london-pound-cake\/#primaryimage"},"thumbnailUrl":"https:\/\/wietkoopwinkel.com\/wp-content\/uploads\/2023\/09\/London-Pound-Cake.jpg","datePublished":"2023-09-22T08:56:41+00:00","dateModified":"2023-10-07T09:59:52+00:00","breadcrumb":{"@id":"https:\/\/wietkoopwinkel.com\/product\/london-pound-cake\/#breadcrumb"},"inLanguage":"hu","potentialAction":[{"@type":"ReadAction","target":["https:\/\/wietkoopwinkel.com\/product\/london-pound-cake\/"]}]},{"@type":"ImageObject","inLanguage":"hu","@id":"https:\/\/wietkoopwinkel.com\/product\/london-pound-cake\/#primaryimage","url":"https:\/\/wietkoopwinkel.com\/wp-content\/uploads\/2023\/09\/London-Pound-Cake.jpg","contentUrl":"https:\/\/wietkoopwinkel.com\/wp-content\/uploads\/2023\/09\/London-Pound-Cake.jpg","width":960,"height":1280,"caption":"London Pound Cake"},{"@type":"BreadcrumbList","@id":"https:\/\/wietkoopwinkel.com\/product\/london-pound-cake\/#breadcrumb","itemListElement":[{"@type":"ListItem","position":1,"name":"Home","item":"https:\/\/wietkoopwinkel.com\/"},{"@type":"ListItem","position":2,"name":"Winkel","item":"https:\/\/wietkoopwinkel.com\/winkel\/"},{"@type":"ListItem","position":3,"name":"London Pound Cake"}]},{"@type":"WebSite","@id":"https:\/\/wietkoopwinkel.com\/#website","url":"https:\/\/wietkoopwinkel.com\/","name":"Wiet Koop Winkel","description":"My WordPress Blog","publisher":{"@id":"https:\/\/wietkoopwinkel.com\/#organization"},"potentialAction":[{"@type":"SearchAction","target":{"@type":"EntryPoint","urlTemplate":"https:\/\/wietkoopwinkel.com\/?s={search_term_string}"},"query-input":{"@type":"PropertyValueSpecification","valueRequired":true,"valueName":"search_term_string"}}],"inLanguage":"hu"},{"@type":"Organization","@id":"https:\/\/wietkoopwinkel.com\/#organization","name":"Wiet Koop Winkel","url":"https:\/\/wietkoopwinkel.com\/","logo":{"@type":"ImageObject","inLanguage":"hu","@id":"https:\/\/wietkoopwinkel.com\/#\/schema\/logo\/image\/","url":"https:\/\/wietkoopwinkel.com\/wp-content\/uploads\/2023\/10\/logo.png","contentUrl":"https:\/\/wietkoopwinkel.com\/wp-content\/uploads\/2023\/10\/logo.png","width":400,"height":120,"caption":"Wiet Koop Winkel"},"image":{"@id":"https:\/\/wietkoopwinkel.com\/#\/schema\/logo\/image\/"}}]}},"_links":{"self":[{"href":"https:\/\/wietkoopwinkel.com\/hu\/wp-json\/wp\/v2\/product\/54","targetHints":{"allow":["GET"]}}],"collection":[{"href":"https:\/\/wietkoopwinkel.com\/hu\/wp-json\/wp\/v2\/product"}],"about":[{"href":"https:\/\/wietkoopwinkel.com\/hu\/wp-json\/wp\/v2\/types\/product"}],"replies":[{"embeddable":true,"href":"https:\/\/wietkoopwinkel.com\/hu\/wp-json\/wp\/v2\/comments?post=54"}],"wp:featuredmedia":[{"embeddable":true,"href":"https:\/\/wietkoopwinkel.com\/hu\/wp-json\/wp\/v2\/media\/362"}],"wp:attachment":[{"href":"https:\/\/wietkoopwinkel.com\/hu\/wp-json\/wp\/v2\/media?parent=54"}],"wp:term":[{"taxonomy":"product_cat","embeddable":true,"href":"https:\/\/wietkoopwinkel.com\/hu\/wp-json\/wp\/v2\/product_cat?post=54"},{"taxonomy":"product_tag","embeddable":true,"href":"https:\/\/wietkoopwinkel.com\/hu\/wp-json\/wp\/v2\/product_tag?post=54"}],"curies":[{"name":"wp","href":"https:\/\/api.w.org\/{rel}","templated":true}]}}