{"id":1391,"date":"2023-09-30T10:46:42","date_gmt":"2023-09-30T10:46:42","guid":{"rendered":"https:\/\/nembutalhouse.com\/weed\/?post_type=product&#038;p=1391"},"modified":"2024-04-04T03:00:04","modified_gmt":"2024-04-04T03:00:04","slug":"sour-diesel-cannabis-oil","status":"publish","type":"product","link":"https:\/\/wietkoopwinkel.com\/hu\/termek\/sour-diesel-cannabis-oil\/","title":{"rendered":"Sour Diesel Cannabis Oil"},"content":{"rendered":"<h2>Az Original Diesel, Northern Light, Shiva \u00e9s Hawaiian ut\u00f3dai a Sour Diesel.<\/h2>\n<p>A Sour Diesel Kaliforni\u00e1b\u00f3l sz\u00e1rmazik, ahogy a ma kaphat\u00f3 legjobb kannabiszt\u00f6rzsek k\u00f6z\u00fcl sok m\u00e1s is. Sok doh\u00e1nyos \u00e9s termeszt\u0151 tartja a kedvenc\u00e9nek. Ez az er\u0151s amerikai genetika b\u00e1rmilyen belt\u00e9ri k\u00f6rnyezetben j\u00f3l fejl\u0151dik, de meleg h\u0151m\u00e9rs\u00e9kletre van sz\u00fcks\u00e9ge, mint p\u00e9ld\u00e1ul Kaliforni\u00e1ban vagy Spanyolorsz\u00e1gban, hogy a szabadban j\u00f3l fejl\u0151dj\u00f6n. A Sour Diesel el\u0151\u00e1ll\u00edt\u00e1s\u00e1hoz a nemes\u00edt\u0151k sz\u00e1mos legend\u00e1s fajt\u00e1t kombin\u00e1ltak, k\u00f6zt\u00fck az Original Diesel, Northern Light, Shiva \u00e9s Hawaiian fajt\u00e1kat.<\/p>\n<h3>A savas d\u00edzel termeszt\u00e9s\u00e9nek jellemz\u0151i<\/h3>\n<p>Ez a t\u00f6rzs f\u0151k\u00e9nt Sativa, ami nyilv\u00e1nval\u00f3 mind a n\u00f6veked\u00e9si mint\u00e1zat\u00e1ban, mind a fogyaszt\u00e1sakor keletkez\u0151 er\u0151teljes k\u00e1bulatban. A 10 hetes vir\u00e1gz\u00e1si ciklus sor\u00e1n a n\u00f6v\u00e9ny ragad\u00f3s vir\u00e1gokat \u00e9s er\u0151teljes arom\u00e1t termel. Ezek a n\u00f6v\u00e9nyek k\u00f6r\u00fclbel\u00fcl 100-130 cm magasra n\u0151nek, a korai vir\u00e1gz\u00e1s sor\u00e1n n\u00e9mileg megny\u00falnak.<\/p>\n<h3>A savany\u00fa g\u00e1zolaj \u00edze \u00e9s szaga<\/h3>\n<p>Nagyon er\u0151s, illatos t\u00f6rzs, savany\u00fa d\u00edzel. A pezsg\u0151 r\u00fcgyek er\u0151s k\u00e9miai, gy\u00f3gyn\u00f6v\u00e9nyes \u00e9s savany\u00fa \u00edzeket \u00e1rasztanak. Megfelel\u0151 termeszt\u00e9s eset\u00e9n n\u00e9gyzetm\u00e9terenk\u00e9nt 450-600 grammos hozamot produk\u00e1l. Ezek a term\u00e9sek mind mennyis\u00e9gben, mind min\u0151s\u00e9gben kiv\u00e1l\u00f3ak, arom\u00e1s, gyant\u00e1s r\u00fcgyeket termelnek. Teljesen d\u00edzel\u00fczem\u0171.<\/p>","protected":false},"excerpt":{"rendered":"<p>De nakomelingen van Original Diesel, Northern Light, Shiva en Hawaiian zijn Sour Diesel. Sour Diesel komt oorspronkelijk uit Californi\u00eb, net als veel van de beste cannabissoorten die tegenwoordig verkrijgbaar zijn. Veel rokers en kwekers beschouwen het als hun favoriet. Deze sterke Amerikaanse genetica gedijt goed in elke binnenomgeving, maar heeft een warme temperatuur nodig, zoals&#8230;<\/p>","protected":false},"featured_media":1410,"comment_status":"open","ping_status":"closed","template":"","meta":{"_kad_post_transparent":"default","_kad_post_title":"","_kad_post_layout":"default","_kad_post_sidebar_id":"","_kad_post_content_style":"default","_kad_post_vertical_padding":"default","_kad_post_feature":"","_kad_post_feature_position":"","_kad_post_header":false,"_kad_post_footer":false,"_joinchat":[]},"product_cat":[30],"product_tag":[],"class_list":["post-1391","product","type-product","status-publish","has-post-thumbnail","hentry","product_cat-cannabis-thc-olie","entry","content-bg","loop-entry"],"yoast_head":"<!-- This site is optimized with the Yoast SEO plugin v26.3 - https:\/\/yoast.com\/wordpress\/plugins\/seo\/ -->\n<title>Sour Diesel Cannabis Oil - Wiet Koop Winkel<\/title>\n<meta name=\"robots\" content=\"index, follow, max-snippet:-1, max-image-preview:large, max-video-preview:-1\" \/>\n<link rel=\"canonical\" href=\"https:\/\/wietkoopwinkel.com\/hu\/termek\/sour-diesel-cannabis-oil\/\" \/>\n<meta property=\"og:locale\" content=\"hu_HU\" \/>\n<meta property=\"og:type\" content=\"article\" \/>\n<meta property=\"og:title\" content=\"Sour Diesel Cannabis Oil - Wiet Koop Winkel\" \/>\n<meta property=\"og:description\" content=\"De nakomelingen van Original Diesel, Northern Light, Shiva en Hawaiian zijn Sour Diesel. Sour Diesel komt oorspronkelijk uit Californi\u00eb, net als veel van de beste cannabissoorten die tegenwoordig verkrijgbaar zijn. Veel rokers en kwekers beschouwen het als hun favoriet. Deze sterke Amerikaanse genetica gedijt goed in elke binnenomgeving, maar heeft een warme temperatuur nodig, zoals...\" \/>\n<meta property=\"og:url\" content=\"https:\/\/wietkoopwinkel.com\/hu\/termek\/sour-diesel-cannabis-oil\/\" \/>\n<meta property=\"og:site_name\" content=\"Wiet Koop Winkel\" \/>\n<meta property=\"article:modified_time\" content=\"2024-04-04T03:00:04+00:00\" \/>\n<meta property=\"og:image\" content=\"https:\/\/wietkoopwinkel.com\/wp-content\/uploads\/2023\/09\/Sour-Diesel-Cannabis-Oil.jpg\" \/>\n\t<meta property=\"og:image:width\" content=\"600\" \/>\n\t<meta property=\"og:image:height\" content=\"600\" \/>\n\t<meta property=\"og:image:type\" content=\"image\/jpeg\" \/>\n<meta name=\"twitter:card\" content=\"summary_large_image\" \/>\n<meta name=\"twitter:label1\" content=\"Becs\u00fclt olvas\u00e1si id\u0151\" \/>\n\t<meta name=\"twitter:data1\" content=\"1 perc\" \/>\n<script type=\"application\/ld+json\" class=\"yoast-schema-graph\">{\"@context\":\"https:\/\/schema.org\",\"@graph\":[{\"@type\":\"WebPage\",\"@id\":\"https:\/\/wietkoopwinkel.com\/product\/sour-diesel-cannabis-oil\/\",\"url\":\"https:\/\/wietkoopwinkel.com\/product\/sour-diesel-cannabis-oil\/\",\"name\":\"Sour Diesel Cannabis Oil - Wiet Koop Winkel\",\"isPartOf\":{\"@id\":\"https:\/\/wietkoopwinkel.com\/#website\"},\"primaryImageOfPage\":{\"@id\":\"https:\/\/wietkoopwinkel.com\/product\/sour-diesel-cannabis-oil\/#primaryimage\"},\"image\":{\"@id\":\"https:\/\/wietkoopwinkel.com\/product\/sour-diesel-cannabis-oil\/#primaryimage\"},\"thumbnailUrl\":\"https:\/\/wietkoopwinkel.com\/wp-content\/uploads\/2023\/09\/Sour-Diesel-Cannabis-Oil.jpg\",\"datePublished\":\"2023-09-30T10:46:42+00:00\",\"dateModified\":\"2024-04-04T03:00:04+00:00\",\"breadcrumb\":{\"@id\":\"https:\/\/wietkoopwinkel.com\/product\/sour-diesel-cannabis-oil\/#breadcrumb\"},\"inLanguage\":\"hu\",\"potentialAction\":[{\"@type\":\"ReadAction\",\"target\":[\"https:\/\/wietkoopwinkel.com\/product\/sour-diesel-cannabis-oil\/\"]}]},{\"@type\":\"ImageObject\",\"inLanguage\":\"hu\",\"@id\":\"https:\/\/wietkoopwinkel.com\/product\/sour-diesel-cannabis-oil\/#primaryimage\",\"url\":\"https:\/\/wietkoopwinkel.com\/wp-content\/uploads\/2023\/09\/Sour-Diesel-Cannabis-Oil.jpg\",\"contentUrl\":\"https:\/\/wietkoopwinkel.com\/wp-content\/uploads\/2023\/09\/Sour-Diesel-Cannabis-Oil.jpg\",\"width\":600,\"height\":600,\"caption\":\"Sour-Diesel-Cannabis-Oil\"},{\"@type\":\"BreadcrumbList\",\"@id\":\"https:\/\/wietkoopwinkel.com\/product\/sour-diesel-cannabis-oil\/#breadcrumb\",\"itemListElement\":[{\"@type\":\"ListItem\",\"position\":1,\"name\":\"Home\",\"item\":\"https:\/\/wietkoopwinkel.com\/\"},{\"@type\":\"ListItem\",\"position\":2,\"name\":\"Winkel\",\"item\":\"https:\/\/wietkoopwinkel.com\/winkel\/\"},{\"@type\":\"ListItem\",\"position\":3,\"name\":\"Sour Diesel Cannabis Oil\"}]},{\"@type\":\"WebSite\",\"@id\":\"https:\/\/wietkoopwinkel.com\/#website\",\"url\":\"https:\/\/wietkoopwinkel.com\/\",\"name\":\"Wiet Koop Winkel\",\"description\":\"My WordPress Blog\",\"publisher\":{\"@id\":\"https:\/\/wietkoopwinkel.com\/#organization\"},\"potentialAction\":[{\"@type\":\"SearchAction\",\"target\":{\"@type\":\"EntryPoint\",\"urlTemplate\":\"https:\/\/wietkoopwinkel.com\/?s={search_term_string}\"},\"query-input\":{\"@type\":\"PropertyValueSpecification\",\"valueRequired\":true,\"valueName\":\"search_term_string\"}}],\"inLanguage\":\"hu\"},{\"@type\":\"Organization\",\"@id\":\"https:\/\/wietkoopwinkel.com\/#organization\",\"name\":\"Wiet Koop Winkel\",\"url\":\"https:\/\/wietkoopwinkel.com\/\",\"logo\":{\"@type\":\"ImageObject\",\"inLanguage\":\"hu\",\"@id\":\"https:\/\/wietkoopwinkel.com\/#\/schema\/logo\/image\/\",\"url\":\"https:\/\/wietkoopwinkel.com\/wp-content\/uploads\/2023\/10\/logo.png\",\"contentUrl\":\"https:\/\/wietkoopwinkel.com\/wp-content\/uploads\/2023\/10\/logo.png\",\"width\":400,\"height\":120,\"caption\":\"Wiet Koop Winkel\"},\"image\":{\"@id\":\"https:\/\/wietkoopwinkel.com\/#\/schema\/logo\/image\/\"}}]}<\/script>\n<!-- \/ Yoast SEO plugin. -->","yoast_head_json":{"title":"Sour Diesel Cannabis Oil - Wiet Koop Winkel","robots":{"index":"index","follow":"follow","max-snippet":"max-snippet:-1","max-image-preview":"max-image-preview:large","max-video-preview":"max-video-preview:-1"},"canonical":"https:\/\/wietkoopwinkel.com\/hu\/termek\/sour-diesel-cannabis-oil\/","og_locale":"hu_HU","og_type":"article","og_title":"Sour Diesel Cannabis Oil - Wiet Koop Winkel","og_description":"De nakomelingen van Original Diesel, Northern Light, Shiva en Hawaiian zijn Sour Diesel. Sour Diesel komt oorspronkelijk uit Californi\u00eb, net als veel van de beste cannabissoorten die tegenwoordig verkrijgbaar zijn. Veel rokers en kwekers beschouwen het als hun favoriet. Deze sterke Amerikaanse genetica gedijt goed in elke binnenomgeving, maar heeft een warme temperatuur nodig, zoals...","og_url":"https:\/\/wietkoopwinkel.com\/hu\/termek\/sour-diesel-cannabis-oil\/","og_site_name":"Wiet Koop Winkel","article_modified_time":"2024-04-04T03:00:04+00:00","og_image":[{"width":600,"height":600,"url":"https:\/\/wietkoopwinkel.com\/wp-content\/uploads\/2023\/09\/Sour-Diesel-Cannabis-Oil.jpg","type":"image\/jpeg"}],"twitter_card":"summary_large_image","twitter_misc":{"Becs\u00fclt olvas\u00e1si id\u0151":"1 perc"},"schema":{"@context":"https:\/\/schema.org","@graph":[{"@type":"WebPage","@id":"https:\/\/wietkoopwinkel.com\/product\/sour-diesel-cannabis-oil\/","url":"https:\/\/wietkoopwinkel.com\/product\/sour-diesel-cannabis-oil\/","name":"Sour Diesel Cannabis Oil - Wiet Koop Winkel","isPartOf":{"@id":"https:\/\/wietkoopwinkel.com\/#website"},"primaryImageOfPage":{"@id":"https:\/\/wietkoopwinkel.com\/product\/sour-diesel-cannabis-oil\/#primaryimage"},"image":{"@id":"https:\/\/wietkoopwinkel.com\/product\/sour-diesel-cannabis-oil\/#primaryimage"},"thumbnailUrl":"https:\/\/wietkoopwinkel.com\/wp-content\/uploads\/2023\/09\/Sour-Diesel-Cannabis-Oil.jpg","datePublished":"2023-09-30T10:46:42+00:00","dateModified":"2024-04-04T03:00:04+00:00","breadcrumb":{"@id":"https:\/\/wietkoopwinkel.com\/product\/sour-diesel-cannabis-oil\/#breadcrumb"},"inLanguage":"hu","potentialAction":[{"@type":"ReadAction","target":["https:\/\/wietkoopwinkel.com\/product\/sour-diesel-cannabis-oil\/"]}]},{"@type":"ImageObject","inLanguage":"hu","@id":"https:\/\/wietkoopwinkel.com\/product\/sour-diesel-cannabis-oil\/#primaryimage","url":"https:\/\/wietkoopwinkel.com\/wp-content\/uploads\/2023\/09\/Sour-Diesel-Cannabis-Oil.jpg","contentUrl":"https:\/\/wietkoopwinkel.com\/wp-content\/uploads\/2023\/09\/Sour-Diesel-Cannabis-Oil.jpg","width":600,"height":600,"caption":"Sour-Diesel-Cannabis-Oil"},{"@type":"BreadcrumbList","@id":"https:\/\/wietkoopwinkel.com\/product\/sour-diesel-cannabis-oil\/#breadcrumb","itemListElement":[{"@type":"ListItem","position":1,"name":"Home","item":"https:\/\/wietkoopwinkel.com\/"},{"@type":"ListItem","position":2,"name":"Winkel","item":"https:\/\/wietkoopwinkel.com\/winkel\/"},{"@type":"ListItem","position":3,"name":"Sour Diesel Cannabis Oil"}]},{"@type":"WebSite","@id":"https:\/\/wietkoopwinkel.com\/#website","url":"https:\/\/wietkoopwinkel.com\/","name":"Wiet Koop Winkel","description":"My WordPress Blog","publisher":{"@id":"https:\/\/wietkoopwinkel.com\/#organization"},"potentialAction":[{"@type":"SearchAction","target":{"@type":"EntryPoint","urlTemplate":"https:\/\/wietkoopwinkel.com\/?s={search_term_string}"},"query-input":{"@type":"PropertyValueSpecification","valueRequired":true,"valueName":"search_term_string"}}],"inLanguage":"hu"},{"@type":"Organization","@id":"https:\/\/wietkoopwinkel.com\/#organization","name":"Wiet Koop Winkel","url":"https:\/\/wietkoopwinkel.com\/","logo":{"@type":"ImageObject","inLanguage":"hu","@id":"https:\/\/wietkoopwinkel.com\/#\/schema\/logo\/image\/","url":"https:\/\/wietkoopwinkel.com\/wp-content\/uploads\/2023\/10\/logo.png","contentUrl":"https:\/\/wietkoopwinkel.com\/wp-content\/uploads\/2023\/10\/logo.png","width":400,"height":120,"caption":"Wiet Koop Winkel"},"image":{"@id":"https:\/\/wietkoopwinkel.com\/#\/schema\/logo\/image\/"}}]}},"_links":{"self":[{"href":"https:\/\/wietkoopwinkel.com\/hu\/wp-json\/wp\/v2\/product\/1391","targetHints":{"allow":["GET"]}}],"collection":[{"href":"https:\/\/wietkoopwinkel.com\/hu\/wp-json\/wp\/v2\/product"}],"about":[{"href":"https:\/\/wietkoopwinkel.com\/hu\/wp-json\/wp\/v2\/types\/product"}],"replies":[{"embeddable":true,"href":"https:\/\/wietkoopwinkel.com\/hu\/wp-json\/wp\/v2\/comments?post=1391"}],"wp:featuredmedia":[{"embeddable":true,"href":"https:\/\/wietkoopwinkel.com\/hu\/wp-json\/wp\/v2\/media\/1410"}],"wp:attachment":[{"href":"https:\/\/wietkoopwinkel.com\/hu\/wp-json\/wp\/v2\/media?parent=1391"}],"wp:term":[{"taxonomy":"product_cat","embeddable":true,"href":"https:\/\/wietkoopwinkel.com\/hu\/wp-json\/wp\/v2\/product_cat?post=1391"},{"taxonomy":"product_tag","embeddable":true,"href":"https:\/\/wietkoopwinkel.com\/hu\/wp-json\/wp\/v2\/product_tag?post=1391"}],"curies":[{"name":"wp","href":"https:\/\/api.w.org\/{rel}","templated":true}]}}