{"id":1389,"date":"2023-09-30T10:46:40","date_gmt":"2023-09-30T10:46:40","guid":{"rendered":"https:\/\/nembutalhouse.com\/weed\/?post_type=product&#038;p=1389"},"modified":"2023-10-07T09:04:33","modified_gmt":"2023-10-07T09:04:33","slug":"skywalker-og-cannabis-oil","status":"publish","type":"product","link":"https:\/\/wietkoopwinkel.com\/hu\/termek\/skywalker-og-cannabis-oil\/","title":{"rendered":"Skywalker OG Cannabis Oil"},"content":{"rendered":"<p>A Skywalker OG vir\u00e1g ezt a nevet a sz\u00fcl\u0151i fajt\u00e1k eredeti nemes\u00edt\u0151it\u0151l kapta. A Skywalker OG-t az OG Kush, egy j\u00f3l ismert, nyugtat\u00f3 hat\u00e1s\u00fa kannabiszt\u00f6rzs \u00e9s a Skywalker, egy Indica-domin\u00e1ns hibrid keresztez\u00e9s\u00e9vel \u00e1ll\u00edtott\u00e1k el\u0151. Egy ismeretlen, CBD-ben gazdag vir\u00e1ggal nemes\u00edtett\u00e9k, hogy egy CBD-domin\u00e1ns t\u00f6rzset hozzanak l\u00e9tre.<\/p>\n<p>A Skywalker n\u00e9ven ismert er\u0151s indica vir\u00e1got a Mazar \u00e9s a Blueberry kever\u00e9k\u00e9t termeszt\u0151k hozt\u00e1k l\u00e9tre. Ennek a kombin\u00e1ci\u00f3nak k\u00f6sz\u00f6nhet\u0151en a Skywalker egyed\u00fcl\u00e1ll\u00f3 \u00e1fonya illattal rendelkezik. A Skywalker vir\u00e1g profit\u00e1l a Mazar vir\u00e1g nyugtat\u00f3 \u00e9s pihentet\u0151 tulajdons\u00e1gaib\u00f3l, amely a gyors fejl\u0151d\u00e9s\u00e9r\u0151l \u00e9s \u00e9r\u00e9s\u00e9r\u0151l ismert.<\/p>\n<p>A marihu\u00e1na egyik legmaradand\u00f3bb \u00e9s legismertebb neve az OG Kush. Az 1990-es \u00e9vekben egy \"Bubba\" nev\u0171 szem\u00e9ly Florid\u00e1ban alkotta meg az OG Kush-t, majd Los Angelesbe hozta. K\u00e9s\u0151bb kifejlesztette a h\u00edres Bubba Kush fajt\u00e1t. Az OG Kush-ra jellemz\u0151 nagyon nyirkos, hagyom\u00e1nyos kannabiszaroma gy\u00fcm\u00f6lcs\u00f6s, f\u0171szeres \u00e9s d\u00edzeles \u00edzek \u00e9s szagok kever\u00e9ke.<\/p>\n<h2>A CBD FAJTA SKYWALKER OG<\/h2>\n<p>A ma kaphat\u00f3 t\u00f6bb sz\u00e1z k\u00fcl\u00f6nb\u00f6z\u0151 kannabiszt\u00f6rzs a terp\u00e9neknek k\u00f6sz\u00f6nhet\u0151en jellegzetes arom\u00e1kkal \u00e9s \u00edzekkel rendelkezik. A terp\u00e9nek sz\u00e1mos k\u00fcl\u00f6nb\u00f6z\u0151 n\u00f6v\u00e9nyben is megtal\u00e1lhat\u00f3k, mind az ehet\u0151, mind a nem ehet\u0151 n\u00f6v\u00e9nyekben. Ahhoz, hogy meg\u00e9rts\u00fck, honnan ered a Skywalker OG kir\u00e1lyi arom\u00e1ja, n\u00e9zz\u00fck meg k\u00f6zelebbr\u0151l a f\u0151 terp\u00e9neket.<\/p>\n<h3>BISABOLOL<\/h3>\n<p>Az enyhe, vir\u00e1gos terp\u00e9n bisabolol leggyakoribb forr\u00e1sa a kamilla. Azok a kannabiszt\u00f6rzsek, amelyek rendelkeznek ezzel a k\u00fcl\u00f6nleges terp\u00e9nnel, \u00e9des illata mellett a bisabolol sz\u00e1mos gy\u00f3gyhat\u00e1s\u00e1t is \u00e9lvezhetik. Azt mondj\u00e1k, hogy f\u00e1jdalomcsillap\u00edt\u00f3, gyullad\u00e1scs\u00f6kkent\u0151 \u00e9s antioxid\u00e1ns hat\u00e1s\u00fa.<\/p>","protected":false},"excerpt":{"rendered":"<p>De Skywalker OG-bloem kreeg die naam van de oorspronkelijke veredelaars van de oudersoorten. Skywalker OG werd geproduceerd door OG Kush, een bekende, kalmerende cannabissoort, te kruisen met Skywalker, een Indica-dominante hybride. Ze werd gekweekt met een onbekende CBD-rijke bloem om een ras te cre\u00ebren dat CBD-dominant is. De sterke Indica-bloem, bekend als Skywalker, is gemaakt&#8230;<\/p>","protected":false},"featured_media":1409,"comment_status":"open","ping_status":"closed","template":"","meta":{"_kad_post_transparent":"default","_kad_post_title":"","_kad_post_layout":"default","_kad_post_sidebar_id":"","_kad_post_content_style":"default","_kad_post_vertical_padding":"default","_kad_post_feature":"","_kad_post_feature_position":"","_kad_post_header":false,"_kad_post_footer":false,"_joinchat":[]},"product_cat":[30],"product_tag":[],"class_list":["post-1389","product","type-product","status-publish","has-post-thumbnail","hentry","product_cat-cannabis-thc-olie","entry","content-bg","loop-entry"],"yoast_head":"<!-- This site is optimized with the Yoast SEO plugin v26.3 - https:\/\/yoast.com\/wordpress\/plugins\/seo\/ -->\n<title>Skywalker OG Cannabis Oil - Wiet Koop Winkel<\/title>\n<meta name=\"robots\" content=\"index, follow, max-snippet:-1, max-image-preview:large, max-video-preview:-1\" \/>\n<link rel=\"canonical\" href=\"https:\/\/wietkoopwinkel.com\/hu\/termek\/skywalker-og-cannabis-oil\/\" \/>\n<meta property=\"og:locale\" content=\"hu_HU\" \/>\n<meta property=\"og:type\" content=\"article\" \/>\n<meta property=\"og:title\" content=\"Skywalker OG Cannabis Oil - Wiet Koop Winkel\" \/>\n<meta property=\"og:description\" content=\"De Skywalker OG-bloem kreeg die naam van de oorspronkelijke veredelaars van de oudersoorten. Skywalker OG werd geproduceerd door OG Kush, een bekende, kalmerende cannabissoort, te kruisen met Skywalker, een Indica-dominante hybride. Ze werd gekweekt met een onbekende CBD-rijke bloem om een ras te cre\u00ebren dat CBD-dominant is. De sterke Indica-bloem, bekend als Skywalker, is gemaakt...\" \/>\n<meta property=\"og:url\" content=\"https:\/\/wietkoopwinkel.com\/hu\/termek\/skywalker-og-cannabis-oil\/\" \/>\n<meta property=\"og:site_name\" content=\"Wiet Koop Winkel\" \/>\n<meta property=\"article:modified_time\" content=\"2023-10-07T09:04:33+00:00\" \/>\n<meta property=\"og:image\" content=\"https:\/\/wietkoopwinkel.com\/wp-content\/uploads\/2023\/09\/Skywalker-OG-Cannabis-Oil.jpg\" \/>\n\t<meta property=\"og:image:width\" content=\"600\" \/>\n\t<meta property=\"og:image:height\" content=\"600\" \/>\n\t<meta property=\"og:image:type\" content=\"image\/jpeg\" \/>\n<meta name=\"twitter:card\" content=\"summary_large_image\" \/>\n<meta name=\"twitter:label1\" content=\"Becs\u00fclt olvas\u00e1si id\u0151\" \/>\n\t<meta name=\"twitter:data1\" content=\"2 perc\" \/>\n<script type=\"application\/ld+json\" class=\"yoast-schema-graph\">{\"@context\":\"https:\/\/schema.org\",\"@graph\":[{\"@type\":\"WebPage\",\"@id\":\"https:\/\/wietkoopwinkel.com\/product\/skywalker-og-cannabis-oil\/\",\"url\":\"https:\/\/wietkoopwinkel.com\/product\/skywalker-og-cannabis-oil\/\",\"name\":\"Skywalker OG Cannabis Oil - Wiet Koop Winkel\",\"isPartOf\":{\"@id\":\"https:\/\/wietkoopwinkel.com\/#website\"},\"primaryImageOfPage\":{\"@id\":\"https:\/\/wietkoopwinkel.com\/product\/skywalker-og-cannabis-oil\/#primaryimage\"},\"image\":{\"@id\":\"https:\/\/wietkoopwinkel.com\/product\/skywalker-og-cannabis-oil\/#primaryimage\"},\"thumbnailUrl\":\"https:\/\/wietkoopwinkel.com\/wp-content\/uploads\/2023\/09\/Skywalker-OG-Cannabis-Oil.jpg\",\"datePublished\":\"2023-09-30T10:46:40+00:00\",\"dateModified\":\"2023-10-07T09:04:33+00:00\",\"breadcrumb\":{\"@id\":\"https:\/\/wietkoopwinkel.com\/product\/skywalker-og-cannabis-oil\/#breadcrumb\"},\"inLanguage\":\"hu\",\"potentialAction\":[{\"@type\":\"ReadAction\",\"target\":[\"https:\/\/wietkoopwinkel.com\/product\/skywalker-og-cannabis-oil\/\"]}]},{\"@type\":\"ImageObject\",\"inLanguage\":\"hu\",\"@id\":\"https:\/\/wietkoopwinkel.com\/product\/skywalker-og-cannabis-oil\/#primaryimage\",\"url\":\"https:\/\/wietkoopwinkel.com\/wp-content\/uploads\/2023\/09\/Skywalker-OG-Cannabis-Oil.jpg\",\"contentUrl\":\"https:\/\/wietkoopwinkel.com\/wp-content\/uploads\/2023\/09\/Skywalker-OG-Cannabis-Oil.jpg\",\"width\":600,\"height\":600,\"caption\":\"Skywalker-OG-Cannabis-Oil\"},{\"@type\":\"BreadcrumbList\",\"@id\":\"https:\/\/wietkoopwinkel.com\/product\/skywalker-og-cannabis-oil\/#breadcrumb\",\"itemListElement\":[{\"@type\":\"ListItem\",\"position\":1,\"name\":\"Home\",\"item\":\"https:\/\/wietkoopwinkel.com\/\"},{\"@type\":\"ListItem\",\"position\":2,\"name\":\"Winkel\",\"item\":\"https:\/\/wietkoopwinkel.com\/winkel\/\"},{\"@type\":\"ListItem\",\"position\":3,\"name\":\"Skywalker OG Cannabis Oil\"}]},{\"@type\":\"WebSite\",\"@id\":\"https:\/\/wietkoopwinkel.com\/#website\",\"url\":\"https:\/\/wietkoopwinkel.com\/\",\"name\":\"Wiet Koop Winkel\",\"description\":\"My WordPress Blog\",\"publisher\":{\"@id\":\"https:\/\/wietkoopwinkel.com\/#organization\"},\"potentialAction\":[{\"@type\":\"SearchAction\",\"target\":{\"@type\":\"EntryPoint\",\"urlTemplate\":\"https:\/\/wietkoopwinkel.com\/?s={search_term_string}\"},\"query-input\":{\"@type\":\"PropertyValueSpecification\",\"valueRequired\":true,\"valueName\":\"search_term_string\"}}],\"inLanguage\":\"hu\"},{\"@type\":\"Organization\",\"@id\":\"https:\/\/wietkoopwinkel.com\/#organization\",\"name\":\"Wiet Koop Winkel\",\"url\":\"https:\/\/wietkoopwinkel.com\/\",\"logo\":{\"@type\":\"ImageObject\",\"inLanguage\":\"hu\",\"@id\":\"https:\/\/wietkoopwinkel.com\/#\/schema\/logo\/image\/\",\"url\":\"https:\/\/wietkoopwinkel.com\/wp-content\/uploads\/2023\/10\/logo.png\",\"contentUrl\":\"https:\/\/wietkoopwinkel.com\/wp-content\/uploads\/2023\/10\/logo.png\",\"width\":400,\"height\":120,\"caption\":\"Wiet Koop Winkel\"},\"image\":{\"@id\":\"https:\/\/wietkoopwinkel.com\/#\/schema\/logo\/image\/\"}}]}<\/script>\n<!-- \/ Yoast SEO plugin. -->","yoast_head_json":{"title":"Skywalker OG Cannabis Oil - Wiet Koop Winkel","robots":{"index":"index","follow":"follow","max-snippet":"max-snippet:-1","max-image-preview":"max-image-preview:large","max-video-preview":"max-video-preview:-1"},"canonical":"https:\/\/wietkoopwinkel.com\/hu\/termek\/skywalker-og-cannabis-oil\/","og_locale":"hu_HU","og_type":"article","og_title":"Skywalker OG Cannabis Oil - Wiet Koop Winkel","og_description":"De Skywalker OG-bloem kreeg die naam van de oorspronkelijke veredelaars van de oudersoorten. Skywalker OG werd geproduceerd door OG Kush, een bekende, kalmerende cannabissoort, te kruisen met Skywalker, een Indica-dominante hybride. Ze werd gekweekt met een onbekende CBD-rijke bloem om een ras te cre\u00ebren dat CBD-dominant is. De sterke Indica-bloem, bekend als Skywalker, is gemaakt...","og_url":"https:\/\/wietkoopwinkel.com\/hu\/termek\/skywalker-og-cannabis-oil\/","og_site_name":"Wiet Koop Winkel","article_modified_time":"2023-10-07T09:04:33+00:00","og_image":[{"width":600,"height":600,"url":"https:\/\/wietkoopwinkel.com\/wp-content\/uploads\/2023\/09\/Skywalker-OG-Cannabis-Oil.jpg","type":"image\/jpeg"}],"twitter_card":"summary_large_image","twitter_misc":{"Becs\u00fclt olvas\u00e1si id\u0151":"2 perc"},"schema":{"@context":"https:\/\/schema.org","@graph":[{"@type":"WebPage","@id":"https:\/\/wietkoopwinkel.com\/product\/skywalker-og-cannabis-oil\/","url":"https:\/\/wietkoopwinkel.com\/product\/skywalker-og-cannabis-oil\/","name":"Skywalker OG Cannabis Oil - Wiet Koop Winkel","isPartOf":{"@id":"https:\/\/wietkoopwinkel.com\/#website"},"primaryImageOfPage":{"@id":"https:\/\/wietkoopwinkel.com\/product\/skywalker-og-cannabis-oil\/#primaryimage"},"image":{"@id":"https:\/\/wietkoopwinkel.com\/product\/skywalker-og-cannabis-oil\/#primaryimage"},"thumbnailUrl":"https:\/\/wietkoopwinkel.com\/wp-content\/uploads\/2023\/09\/Skywalker-OG-Cannabis-Oil.jpg","datePublished":"2023-09-30T10:46:40+00:00","dateModified":"2023-10-07T09:04:33+00:00","breadcrumb":{"@id":"https:\/\/wietkoopwinkel.com\/product\/skywalker-og-cannabis-oil\/#breadcrumb"},"inLanguage":"hu","potentialAction":[{"@type":"ReadAction","target":["https:\/\/wietkoopwinkel.com\/product\/skywalker-og-cannabis-oil\/"]}]},{"@type":"ImageObject","inLanguage":"hu","@id":"https:\/\/wietkoopwinkel.com\/product\/skywalker-og-cannabis-oil\/#primaryimage","url":"https:\/\/wietkoopwinkel.com\/wp-content\/uploads\/2023\/09\/Skywalker-OG-Cannabis-Oil.jpg","contentUrl":"https:\/\/wietkoopwinkel.com\/wp-content\/uploads\/2023\/09\/Skywalker-OG-Cannabis-Oil.jpg","width":600,"height":600,"caption":"Skywalker-OG-Cannabis-Oil"},{"@type":"BreadcrumbList","@id":"https:\/\/wietkoopwinkel.com\/product\/skywalker-og-cannabis-oil\/#breadcrumb","itemListElement":[{"@type":"ListItem","position":1,"name":"Home","item":"https:\/\/wietkoopwinkel.com\/"},{"@type":"ListItem","position":2,"name":"Winkel","item":"https:\/\/wietkoopwinkel.com\/winkel\/"},{"@type":"ListItem","position":3,"name":"Skywalker OG Cannabis Oil"}]},{"@type":"WebSite","@id":"https:\/\/wietkoopwinkel.com\/#website","url":"https:\/\/wietkoopwinkel.com\/","name":"Wiet Koop Winkel","description":"My WordPress Blog","publisher":{"@id":"https:\/\/wietkoopwinkel.com\/#organization"},"potentialAction":[{"@type":"SearchAction","target":{"@type":"EntryPoint","urlTemplate":"https:\/\/wietkoopwinkel.com\/?s={search_term_string}"},"query-input":{"@type":"PropertyValueSpecification","valueRequired":true,"valueName":"search_term_string"}}],"inLanguage":"hu"},{"@type":"Organization","@id":"https:\/\/wietkoopwinkel.com\/#organization","name":"Wiet Koop Winkel","url":"https:\/\/wietkoopwinkel.com\/","logo":{"@type":"ImageObject","inLanguage":"hu","@id":"https:\/\/wietkoopwinkel.com\/#\/schema\/logo\/image\/","url":"https:\/\/wietkoopwinkel.com\/wp-content\/uploads\/2023\/10\/logo.png","contentUrl":"https:\/\/wietkoopwinkel.com\/wp-content\/uploads\/2023\/10\/logo.png","width":400,"height":120,"caption":"Wiet Koop Winkel"},"image":{"@id":"https:\/\/wietkoopwinkel.com\/#\/schema\/logo\/image\/"}}]}},"_links":{"self":[{"href":"https:\/\/wietkoopwinkel.com\/hu\/wp-json\/wp\/v2\/product\/1389","targetHints":{"allow":["GET"]}}],"collection":[{"href":"https:\/\/wietkoopwinkel.com\/hu\/wp-json\/wp\/v2\/product"}],"about":[{"href":"https:\/\/wietkoopwinkel.com\/hu\/wp-json\/wp\/v2\/types\/product"}],"replies":[{"embeddable":true,"href":"https:\/\/wietkoopwinkel.com\/hu\/wp-json\/wp\/v2\/comments?post=1389"}],"wp:featuredmedia":[{"embeddable":true,"href":"https:\/\/wietkoopwinkel.com\/hu\/wp-json\/wp\/v2\/media\/1409"}],"wp:attachment":[{"href":"https:\/\/wietkoopwinkel.com\/hu\/wp-json\/wp\/v2\/media?parent=1389"}],"wp:term":[{"taxonomy":"product_cat","embeddable":true,"href":"https:\/\/wietkoopwinkel.com\/hu\/wp-json\/wp\/v2\/product_cat?post=1389"},{"taxonomy":"product_tag","embeddable":true,"href":"https:\/\/wietkoopwinkel.com\/hu\/wp-json\/wp\/v2\/product_tag?post=1389"}],"curies":[{"name":"wp","href":"https:\/\/api.w.org\/{rel}","templated":true}]}}