{"id":1388,"date":"2023-09-30T10:46:38","date_gmt":"2023-09-30T10:46:38","guid":{"rendered":"https:\/\/nembutalhouse.com\/weed\/?post_type=product&#038;p=1388"},"modified":"2023-10-07T09:06:51","modified_gmt":"2023-10-07T09:06:51","slug":"og-kush-cannabis-oil","status":"publish","type":"product","link":"https:\/\/wietkoopwinkel.com\/hu\/termek\/og-kush-cannabis-oil\/","title":{"rendered":"OG Kush Cannabis Oil"},"content":{"rendered":"<p>Az 1990-es \u00e9vek elej\u00e9n Florid\u00e1ban fejlesztett\u00e9k ki az OG Kush fajt\u00e1t, m\u00e1s n\u00e9ven Premium OG Kush. Az OG Kush l\u00e9trehoz\u00f3ja m\u00e1ig rejt\u00e9ly. A kannabiszpiac azt \u00e1ll\u00edtja, hogy a genetika olyan ismert fajt\u00e1kb\u00f3l sz\u00e1rmazik, mint a Chemdawg, a Lemon Thai vagy az Old World Paki Kush, amelyeket esetleg kereszteztek, hogy l\u00e9trehozz\u00e1k ezt a n\u00f6v\u00e9nyt.<\/p>\n<p>Ez a n\u00f6v\u00e9ny jellegzetes terp\u00e9nprofilj\u00e1r\u00f3l ismert, amely er\u0151teljes citromillatot k\u00f6lcs\u00f6n\u00f6z neki. Sokan az egyik legfelemel\u0151bb kannabiszfajt\u00e1nak tartj\u00e1k. Az OG Kush hat\u00e1sai szerint ezek az \u00e1llapotok, valamint a kr\u00f3nikus kellemetlens\u00e9gek is kezelhet\u0151k. Az \u00e9hs\u00e9g egy m\u00e1sik kiemelked\u0151 mell\u00e9khat\u00e1s az OG Kush szerint.<\/p>\n<h2>Jav\u00edthatja a r\u00e1k vagy AIDS\/HIV okozta kachexi\u00e1t \u00e9s \u00e9tv\u00e1gytalans\u00e1got.<\/h2>\n<p>Az OG Kush egy indica-domin\u00e1ns fajta. A legt\u00f6bb n\u00f6v\u00e9nyben 55% indica \u00e9s 45% sativa ar\u00e1ny tal\u00e1lhat\u00f3, b\u00e1r a hibridt\u0151l f\u00fcgg\u0151en apr\u00f3 elt\u00e9r\u00e9sek lehetnek. Az OG Kush magas, k\u00f6r\u00fclbel\u00fcl 26%-os THC-tartalommal \u00e9s n\u00e9mi CBD-vel rendelkezik.<\/p>\n<p>Mivel a szabadban val\u00f3 termeszt\u00e9sben nagyobb szabads\u00e1got r\u00e9szes\u00edt el\u0151nyben, mint az ablakl\u00e1d\u00e1ba z\u00e1rva, ezt a n\u00f6v\u00e9nyt tapasztalt termeszt\u0151knek aj\u00e1nljuk.<\/p>","protected":false},"excerpt":{"rendered":"<p>Begin jaren negentig werd in Florida de soort OG Kush ontwikkeld, ook wel bekend als Premium OG Kush. Wie OG Kush heeft gemaakt, is een mysterie. Op de cannabismarkt wordt beweerd dat de genetica afkomstig is van bekende soorten (cultivars) zoals Chemdawg, Lemon Thai of Old World Paki Kush, die mogelijk zijn gekruist om deze&#8230;<\/p>","protected":false},"featured_media":1408,"comment_status":"open","ping_status":"closed","template":"","meta":{"_kad_post_transparent":"default","_kad_post_title":"","_kad_post_layout":"default","_kad_post_sidebar_id":"","_kad_post_content_style":"default","_kad_post_vertical_padding":"default","_kad_post_feature":"","_kad_post_feature_position":"","_kad_post_header":false,"_kad_post_footer":false,"_joinchat":[]},"product_cat":[30],"product_tag":[],"class_list":["post-1388","product","type-product","status-publish","has-post-thumbnail","hentry","product_cat-cannabis-thc-olie","entry","content-bg","loop-entry"],"yoast_head":"<!-- This site is optimized with the Yoast SEO plugin v26.3 - https:\/\/yoast.com\/wordpress\/plugins\/seo\/ -->\n<title>OG Kush Cannabis Oil - Wiet Koop Winkel<\/title>\n<meta name=\"robots\" content=\"index, follow, max-snippet:-1, max-image-preview:large, max-video-preview:-1\" \/>\n<link rel=\"canonical\" href=\"https:\/\/wietkoopwinkel.com\/hu\/termek\/og-kush-cannabis-oil\/\" \/>\n<meta property=\"og:locale\" content=\"hu_HU\" \/>\n<meta property=\"og:type\" content=\"article\" \/>\n<meta property=\"og:title\" content=\"OG Kush Cannabis Oil - Wiet Koop Winkel\" \/>\n<meta property=\"og:description\" content=\"Begin jaren negentig werd in Florida de soort OG Kush ontwikkeld, ook wel bekend als Premium OG Kush. Wie OG Kush heeft gemaakt, is een mysterie. Op de cannabismarkt wordt beweerd dat de genetica afkomstig is van bekende soorten (cultivars) zoals Chemdawg, Lemon Thai of Old World Paki Kush, die mogelijk zijn gekruist om deze...\" \/>\n<meta property=\"og:url\" content=\"https:\/\/wietkoopwinkel.com\/hu\/termek\/og-kush-cannabis-oil\/\" \/>\n<meta property=\"og:site_name\" content=\"Wiet Koop Winkel\" \/>\n<meta property=\"article:modified_time\" content=\"2023-10-07T09:06:51+00:00\" \/>\n<meta property=\"og:image\" content=\"https:\/\/wietkoopwinkel.com\/wp-content\/uploads\/2023\/09\/OG-Kush-Cannabisolja.jpg\" \/>\n\t<meta property=\"og:image:width\" content=\"600\" \/>\n\t<meta property=\"og:image:height\" content=\"600\" \/>\n\t<meta property=\"og:image:type\" content=\"image\/jpeg\" \/>\n<meta name=\"twitter:card\" content=\"summary_large_image\" \/>\n<meta name=\"twitter:label1\" content=\"Becs\u00fclt olvas\u00e1si id\u0151\" \/>\n\t<meta name=\"twitter:data1\" content=\"1 perc\" \/>\n<script type=\"application\/ld+json\" class=\"yoast-schema-graph\">{\"@context\":\"https:\/\/schema.org\",\"@graph\":[{\"@type\":\"WebPage\",\"@id\":\"https:\/\/wietkoopwinkel.com\/product\/og-kush-cannabis-oil\/\",\"url\":\"https:\/\/wietkoopwinkel.com\/product\/og-kush-cannabis-oil\/\",\"name\":\"OG Kush Cannabis Oil - Wiet Koop Winkel\",\"isPartOf\":{\"@id\":\"https:\/\/wietkoopwinkel.com\/#website\"},\"primaryImageOfPage\":{\"@id\":\"https:\/\/wietkoopwinkel.com\/product\/og-kush-cannabis-oil\/#primaryimage\"},\"image\":{\"@id\":\"https:\/\/wietkoopwinkel.com\/product\/og-kush-cannabis-oil\/#primaryimage\"},\"thumbnailUrl\":\"https:\/\/wietkoopwinkel.com\/wp-content\/uploads\/2023\/09\/OG-Kush-Cannabisolja.jpg\",\"datePublished\":\"2023-09-30T10:46:38+00:00\",\"dateModified\":\"2023-10-07T09:06:51+00:00\",\"breadcrumb\":{\"@id\":\"https:\/\/wietkoopwinkel.com\/product\/og-kush-cannabis-oil\/#breadcrumb\"},\"inLanguage\":\"hu\",\"potentialAction\":[{\"@type\":\"ReadAction\",\"target\":[\"https:\/\/wietkoopwinkel.com\/product\/og-kush-cannabis-oil\/\"]}]},{\"@type\":\"ImageObject\",\"inLanguage\":\"hu\",\"@id\":\"https:\/\/wietkoopwinkel.com\/product\/og-kush-cannabis-oil\/#primaryimage\",\"url\":\"https:\/\/wietkoopwinkel.com\/wp-content\/uploads\/2023\/09\/OG-Kush-Cannabisolja.jpg\",\"contentUrl\":\"https:\/\/wietkoopwinkel.com\/wp-content\/uploads\/2023\/09\/OG-Kush-Cannabisolja.jpg\",\"width\":600,\"height\":600,\"caption\":\"OG-Kush-Cannabisolja\"},{\"@type\":\"BreadcrumbList\",\"@id\":\"https:\/\/wietkoopwinkel.com\/product\/og-kush-cannabis-oil\/#breadcrumb\",\"itemListElement\":[{\"@type\":\"ListItem\",\"position\":1,\"name\":\"Home\",\"item\":\"https:\/\/wietkoopwinkel.com\/\"},{\"@type\":\"ListItem\",\"position\":2,\"name\":\"Winkel\",\"item\":\"https:\/\/wietkoopwinkel.com\/winkel\/\"},{\"@type\":\"ListItem\",\"position\":3,\"name\":\"OG Kush Cannabis Oil\"}]},{\"@type\":\"WebSite\",\"@id\":\"https:\/\/wietkoopwinkel.com\/#website\",\"url\":\"https:\/\/wietkoopwinkel.com\/\",\"name\":\"Wiet Koop Winkel\",\"description\":\"My WordPress Blog\",\"publisher\":{\"@id\":\"https:\/\/wietkoopwinkel.com\/#organization\"},\"potentialAction\":[{\"@type\":\"SearchAction\",\"target\":{\"@type\":\"EntryPoint\",\"urlTemplate\":\"https:\/\/wietkoopwinkel.com\/?s={search_term_string}\"},\"query-input\":{\"@type\":\"PropertyValueSpecification\",\"valueRequired\":true,\"valueName\":\"search_term_string\"}}],\"inLanguage\":\"hu\"},{\"@type\":\"Organization\",\"@id\":\"https:\/\/wietkoopwinkel.com\/#organization\",\"name\":\"Wiet Koop Winkel\",\"url\":\"https:\/\/wietkoopwinkel.com\/\",\"logo\":{\"@type\":\"ImageObject\",\"inLanguage\":\"hu\",\"@id\":\"https:\/\/wietkoopwinkel.com\/#\/schema\/logo\/image\/\",\"url\":\"https:\/\/wietkoopwinkel.com\/wp-content\/uploads\/2023\/10\/logo.png\",\"contentUrl\":\"https:\/\/wietkoopwinkel.com\/wp-content\/uploads\/2023\/10\/logo.png\",\"width\":400,\"height\":120,\"caption\":\"Wiet Koop Winkel\"},\"image\":{\"@id\":\"https:\/\/wietkoopwinkel.com\/#\/schema\/logo\/image\/\"}}]}<\/script>\n<!-- \/ Yoast SEO plugin. -->","yoast_head_json":{"title":"OG Kush Cannabis Oil - Wiet Koop Winkel","robots":{"index":"index","follow":"follow","max-snippet":"max-snippet:-1","max-image-preview":"max-image-preview:large","max-video-preview":"max-video-preview:-1"},"canonical":"https:\/\/wietkoopwinkel.com\/hu\/termek\/og-kush-cannabis-oil\/","og_locale":"hu_HU","og_type":"article","og_title":"OG Kush Cannabis Oil - Wiet Koop Winkel","og_description":"Begin jaren negentig werd in Florida de soort OG Kush ontwikkeld, ook wel bekend als Premium OG Kush. Wie OG Kush heeft gemaakt, is een mysterie. Op de cannabismarkt wordt beweerd dat de genetica afkomstig is van bekende soorten (cultivars) zoals Chemdawg, Lemon Thai of Old World Paki Kush, die mogelijk zijn gekruist om deze...","og_url":"https:\/\/wietkoopwinkel.com\/hu\/termek\/og-kush-cannabis-oil\/","og_site_name":"Wiet Koop Winkel","article_modified_time":"2023-10-07T09:06:51+00:00","og_image":[{"width":600,"height":600,"url":"https:\/\/wietkoopwinkel.com\/wp-content\/uploads\/2023\/09\/OG-Kush-Cannabisolja.jpg","type":"image\/jpeg"}],"twitter_card":"summary_large_image","twitter_misc":{"Becs\u00fclt olvas\u00e1si id\u0151":"1 perc"},"schema":{"@context":"https:\/\/schema.org","@graph":[{"@type":"WebPage","@id":"https:\/\/wietkoopwinkel.com\/product\/og-kush-cannabis-oil\/","url":"https:\/\/wietkoopwinkel.com\/product\/og-kush-cannabis-oil\/","name":"OG Kush Cannabis Oil - Wiet Koop Winkel","isPartOf":{"@id":"https:\/\/wietkoopwinkel.com\/#website"},"primaryImageOfPage":{"@id":"https:\/\/wietkoopwinkel.com\/product\/og-kush-cannabis-oil\/#primaryimage"},"image":{"@id":"https:\/\/wietkoopwinkel.com\/product\/og-kush-cannabis-oil\/#primaryimage"},"thumbnailUrl":"https:\/\/wietkoopwinkel.com\/wp-content\/uploads\/2023\/09\/OG-Kush-Cannabisolja.jpg","datePublished":"2023-09-30T10:46:38+00:00","dateModified":"2023-10-07T09:06:51+00:00","breadcrumb":{"@id":"https:\/\/wietkoopwinkel.com\/product\/og-kush-cannabis-oil\/#breadcrumb"},"inLanguage":"hu","potentialAction":[{"@type":"ReadAction","target":["https:\/\/wietkoopwinkel.com\/product\/og-kush-cannabis-oil\/"]}]},{"@type":"ImageObject","inLanguage":"hu","@id":"https:\/\/wietkoopwinkel.com\/product\/og-kush-cannabis-oil\/#primaryimage","url":"https:\/\/wietkoopwinkel.com\/wp-content\/uploads\/2023\/09\/OG-Kush-Cannabisolja.jpg","contentUrl":"https:\/\/wietkoopwinkel.com\/wp-content\/uploads\/2023\/09\/OG-Kush-Cannabisolja.jpg","width":600,"height":600,"caption":"OG-Kush-Cannabisolja"},{"@type":"BreadcrumbList","@id":"https:\/\/wietkoopwinkel.com\/product\/og-kush-cannabis-oil\/#breadcrumb","itemListElement":[{"@type":"ListItem","position":1,"name":"Home","item":"https:\/\/wietkoopwinkel.com\/"},{"@type":"ListItem","position":2,"name":"Winkel","item":"https:\/\/wietkoopwinkel.com\/winkel\/"},{"@type":"ListItem","position":3,"name":"OG Kush Cannabis Oil"}]},{"@type":"WebSite","@id":"https:\/\/wietkoopwinkel.com\/#website","url":"https:\/\/wietkoopwinkel.com\/","name":"Wiet Koop Winkel","description":"My WordPress Blog","publisher":{"@id":"https:\/\/wietkoopwinkel.com\/#organization"},"potentialAction":[{"@type":"SearchAction","target":{"@type":"EntryPoint","urlTemplate":"https:\/\/wietkoopwinkel.com\/?s={search_term_string}"},"query-input":{"@type":"PropertyValueSpecification","valueRequired":true,"valueName":"search_term_string"}}],"inLanguage":"hu"},{"@type":"Organization","@id":"https:\/\/wietkoopwinkel.com\/#organization","name":"Wiet Koop Winkel","url":"https:\/\/wietkoopwinkel.com\/","logo":{"@type":"ImageObject","inLanguage":"hu","@id":"https:\/\/wietkoopwinkel.com\/#\/schema\/logo\/image\/","url":"https:\/\/wietkoopwinkel.com\/wp-content\/uploads\/2023\/10\/logo.png","contentUrl":"https:\/\/wietkoopwinkel.com\/wp-content\/uploads\/2023\/10\/logo.png","width":400,"height":120,"caption":"Wiet Koop Winkel"},"image":{"@id":"https:\/\/wietkoopwinkel.com\/#\/schema\/logo\/image\/"}}]}},"_links":{"self":[{"href":"https:\/\/wietkoopwinkel.com\/hu\/wp-json\/wp\/v2\/product\/1388","targetHints":{"allow":["GET"]}}],"collection":[{"href":"https:\/\/wietkoopwinkel.com\/hu\/wp-json\/wp\/v2\/product"}],"about":[{"href":"https:\/\/wietkoopwinkel.com\/hu\/wp-json\/wp\/v2\/types\/product"}],"replies":[{"embeddable":true,"href":"https:\/\/wietkoopwinkel.com\/hu\/wp-json\/wp\/v2\/comments?post=1388"}],"wp:featuredmedia":[{"embeddable":true,"href":"https:\/\/wietkoopwinkel.com\/hu\/wp-json\/wp\/v2\/media\/1408"}],"wp:attachment":[{"href":"https:\/\/wietkoopwinkel.com\/hu\/wp-json\/wp\/v2\/media?parent=1388"}],"wp:term":[{"taxonomy":"product_cat","embeddable":true,"href":"https:\/\/wietkoopwinkel.com\/hu\/wp-json\/wp\/v2\/product_cat?post=1388"},{"taxonomy":"product_tag","embeddable":true,"href":"https:\/\/wietkoopwinkel.com\/hu\/wp-json\/wp\/v2\/product_tag?post=1388"}],"curies":[{"name":"wp","href":"https:\/\/api.w.org\/{rel}","templated":true}]}}