{"id":1369,"date":"2023-09-30T10:33:33","date_gmt":"2023-09-30T10:33:33","guid":{"rendered":"https:\/\/nembutalhouse.com\/weed\/?post_type=product&#038;p=1369"},"modified":"2024-01-03T11:22:03","modified_gmt":"2024-01-03T11:22:03","slug":"tangie-hash","status":"publish","type":"product","link":"https:\/\/wietkoopwinkel.com\/hu\/termek\/tangie-hash\/","title":{"rendered":"Tangie Hash"},"content":{"rendered":"<p>A Tangie Hash egy n\u00e9pszer\u0171 Sativa t\u00f6rzs, amely er\u0151s magass\u00e1gokat \u00e9s csod\u00e1latos \u00e9lm\u00e9nyeket k\u00edn\u00e1l. Az 1990-es \u00e9vek k\u00f6zepe \u00f3ta a Tangie n\u00e9ven ismert marihu\u00e1n\u00e1t a h\u00edres Tangerine Dream t\u00f6rzsb\u0151l fejlesztett\u00e9k ki. A Tangerine Dream kannabisz egy r\u00e9sz\u00e9t a Space Farms a finom \u00e9s nedves Skunk #1 t\u00f6rzzsel kombin\u00e1lta, hogy egy nagyszer\u0171 Sativa-t hozzon l\u00e9tre, amely semmi m\u00e1shoz nem hasonl\u00edthat\u00f3! A Tangie hasis egy cs\u00e9sze k\u00e1v\u00e9hoz hasonl\u00f3 agyi l\u00f6ketet \u00e9s energiarohamot ad, de ez a high teljesen rezg\u00e9smentes lesz! A Tangie Bubble hasist a legjobb egy-k\u00e9t bar\u00e1toddal egy\u00fctt \u00e9lvezni, mivel ez a csod\u00e1latos fajta olyan boldog \u00e9rz\u00e9seket gener\u00e1l, amelyeket meg kell osztani! A Tangie cannabisnak gy\u00f6ny\u00f6r\u0171 mentaz\u00f6ld r\u00fcgyei vannak, s\u00f6t\u00e9t narancss\u00e1rga hajsz\u00e1lakkal csavarodva. A Tangie marihu\u00e1n\u00e1t krist\u00e1lyos trichom\u00e1k gy\u00f6ny\u00f6r\u0171 r\u00e9tege bor\u00edtja.<\/p>\n<h2>Leghat\u00e9konyabb felhaszn\u00e1l\u00e1s<\/h2>\n<p>A legjobb t\u00f6rzs reggeli \u00e9s nappali haszn\u00e1latra a Tangie Bubble Hash. Hagyom\u00e1nyos Sativa vir\u00e1ghat\u00e1sai ide\u00e1lisak ahhoz, hogy \u00e9bren \u00e9s \u00e9beren maradjon, mik\u00f6zben egy feladaton dolgozik. A Tangie Bubble Hash er\u0151teljes l\u00f6ketet ad, de nem sz\u00e9d\u00edt. Az els\u0151 sz\u00edv\u00e1s ut\u00e1n a felemel\u0151 energia hull\u00e1ma kezd \u00e1ramlani a testedben! Ez a hangulat hamarosan elillan, \u00e9s egy hat\u00e1rozott \u00e9s koncentr\u00e1lt gondolkod\u00e1sm\u00f3d vesz k\u00f6r\u00fcl. A Tangie arr\u00f3l ismert, hogy el\u0151seg\u00edti a kreativit\u00e1st \u00e9s szikr\u00e1z\u00f3 \u00f6tleteket ad. Ha szeretne megszabadulni a kimer\u00fclts\u00e9gt\u0151l \u00e9s a depresszi\u00f3t\u00f3l, pr\u00f3b\u00e1lja ki a Tangie Bubble Hash-t. Mint kor\u00e1bban eml\u00edtett\u00fck, javasoljuk, hogy ossza meg a Tangie marihu\u00e1n\u00e1t egy bar\u00e1tj\u00e1val, hogy mindenki megtapasztalhassa hihetetlen\u00fcl felemel\u0151 \u00e9s kellemes hat\u00e1sait. A kuncog\u00e1s k\u00e9ts\u00e9gtelen\u00fcl k\u00f6vetni fogja.<\/p>\n<h3>\u00cdzek<\/h3>\n<p>A Tangie Bubble Hash egy \u00edzletes \u00e9s sz\u00f3rakoztat\u00f3 marihu\u00e1na fajta! A citrusf\u00e9l\u00e9k, a mandarin \u00e9s egy csipetnyi d\u00edzel egy\u00fctt t\u00e1ncolnak, hogy egy olyan \u00edzkombin\u00e1ci\u00f3t hozzanak l\u00e9tre, amelyhez foghat\u00f3 nincs m\u00e9g egy. A fajta citrusos alaphangjai \u00e9s pik\u00e1ns \u00edze m\u00e1r az els\u0151 k\u00f3stol\u00e1sn\u00e1l azonnal beugrik a nyelvedbe \u00e9s az agyadba. Az \u00edzletes mandarin \u00edz elkezdi csiklandozni az \u00edzlel\u0151bimb\u00f3idat, ahogy egyre t\u00f6bb leveg\u0151t sz\u00edvsz be. A f\u00fcst\u00f6l\u00e9s nyirkos, de kiss\u00e9 d\u00edzeles \u00edzzel z\u00e1rul. A citrusf\u00e9l\u00e9k \u00e9s a gy\u00fcm\u00f6lcs\u00f6k savany\u00fas\u00e1g\u00e1t ellens\u00falyozza a d\u00edzel \u00edz, \u00edgy a h\u00e1rom \u00edz harmonikusan egyes\u00fcl.<\/p>","protected":false},"excerpt":{"rendered":"<p>Tangie Hash is een populaire Sativa-soort die sterke highs en prachtige ervaringen biedt. Sinds het midden van de jaren negentig is marihuana, bekend als Tangie, ontwikkeld uit de bekende Tangerine Dream-soort. Een beetje Tangerine Dream-cannabis werd door Space Farms gecombineerd met de heerlijke en vochtige Skunk #1-soort om een geweldige Sativa te produceren die anders&#8230;<\/p>","protected":false},"featured_media":1474,"comment_status":"open","ping_status":"closed","template":"","meta":{"_kad_post_transparent":"default","_kad_post_title":"","_kad_post_layout":"default","_kad_post_sidebar_id":"","_kad_post_content_style":"default","_kad_post_vertical_padding":"default","_kad_post_feature":"","_kad_post_feature_position":"","_kad_post_header":false,"_kad_post_footer":false,"_joinchat":[]},"product_cat":[31],"product_tag":[],"class_list":["post-1369","product","type-product","status-publish","has-post-thumbnail","hentry","product_cat-hasj","entry","content-bg","loop-entry"],"yoast_head":"<!-- This site is optimized with the Yoast SEO plugin v26.3 - https:\/\/yoast.com\/wordpress\/plugins\/seo\/ -->\n<title>Tangie Hash - Wiet Koop Winkel<\/title>\n<meta name=\"robots\" content=\"index, follow, max-snippet:-1, max-image-preview:large, max-video-preview:-1\" \/>\n<link rel=\"canonical\" href=\"https:\/\/wietkoopwinkel.com\/hu\/termek\/tangie-hash\/\" \/>\n<meta property=\"og:locale\" content=\"hu_HU\" \/>\n<meta property=\"og:type\" content=\"article\" \/>\n<meta property=\"og:title\" content=\"Tangie Hash - Wiet Koop Winkel\" \/>\n<meta property=\"og:description\" content=\"Tangie Hash is een populaire Sativa-soort die sterke highs en prachtige ervaringen biedt. Sinds het midden van de jaren negentig is marihuana, bekend als Tangie, ontwikkeld uit de bekende Tangerine Dream-soort. Een beetje Tangerine Dream-cannabis werd door Space Farms gecombineerd met de heerlijke en vochtige Skunk #1-soort om een geweldige Sativa te produceren die anders...\" \/>\n<meta property=\"og:url\" content=\"https:\/\/wietkoopwinkel.com\/hu\/termek\/tangie-hash\/\" \/>\n<meta property=\"og:site_name\" content=\"Wiet Koop Winkel\" \/>\n<meta property=\"article:modified_time\" content=\"2024-01-03T11:22:03+00:00\" \/>\n<meta property=\"og:image\" content=\"https:\/\/wietkoopwinkel.com\/wp-content\/uploads\/2023\/09\/Tangie-Hash-1.jpg\" \/>\n\t<meta property=\"og:image:width\" content=\"600\" \/>\n\t<meta property=\"og:image:height\" content=\"600\" \/>\n\t<meta property=\"og:image:type\" content=\"image\/jpeg\" \/>\n<meta name=\"twitter:card\" content=\"summary_large_image\" \/>\n<meta name=\"twitter:label1\" content=\"Becs\u00fclt olvas\u00e1si id\u0151\" \/>\n\t<meta name=\"twitter:data1\" content=\"2 perc\" \/>\n<script type=\"application\/ld+json\" class=\"yoast-schema-graph\">{\"@context\":\"https:\/\/schema.org\",\"@graph\":[{\"@type\":\"WebPage\",\"@id\":\"https:\/\/wietkoopwinkel.com\/product\/tangie-hash\/\",\"url\":\"https:\/\/wietkoopwinkel.com\/product\/tangie-hash\/\",\"name\":\"Tangie Hash - Wiet Koop Winkel\",\"isPartOf\":{\"@id\":\"https:\/\/wietkoopwinkel.com\/#website\"},\"primaryImageOfPage\":{\"@id\":\"https:\/\/wietkoopwinkel.com\/product\/tangie-hash\/#primaryimage\"},\"image\":{\"@id\":\"https:\/\/wietkoopwinkel.com\/product\/tangie-hash\/#primaryimage\"},\"thumbnailUrl\":\"https:\/\/wietkoopwinkel.com\/wp-content\/uploads\/2023\/09\/Tangie-Hash-1.jpg\",\"datePublished\":\"2023-09-30T10:33:33+00:00\",\"dateModified\":\"2024-01-03T11:22:03+00:00\",\"breadcrumb\":{\"@id\":\"https:\/\/wietkoopwinkel.com\/product\/tangie-hash\/#breadcrumb\"},\"inLanguage\":\"hu\",\"potentialAction\":[{\"@type\":\"ReadAction\",\"target\":[\"https:\/\/wietkoopwinkel.com\/product\/tangie-hash\/\"]}]},{\"@type\":\"ImageObject\",\"inLanguage\":\"hu\",\"@id\":\"https:\/\/wietkoopwinkel.com\/product\/tangie-hash\/#primaryimage\",\"url\":\"https:\/\/wietkoopwinkel.com\/wp-content\/uploads\/2023\/09\/Tangie-Hash-1.jpg\",\"contentUrl\":\"https:\/\/wietkoopwinkel.com\/wp-content\/uploads\/2023\/09\/Tangie-Hash-1.jpg\",\"width\":600,\"height\":600,\"caption\":\"Tangie Hash\"},{\"@type\":\"BreadcrumbList\",\"@id\":\"https:\/\/wietkoopwinkel.com\/product\/tangie-hash\/#breadcrumb\",\"itemListElement\":[{\"@type\":\"ListItem\",\"position\":1,\"name\":\"Home\",\"item\":\"https:\/\/wietkoopwinkel.com\/\"},{\"@type\":\"ListItem\",\"position\":2,\"name\":\"Winkel\",\"item\":\"https:\/\/wietkoopwinkel.com\/winkel\/\"},{\"@type\":\"ListItem\",\"position\":3,\"name\":\"Tangie Hash\"}]},{\"@type\":\"WebSite\",\"@id\":\"https:\/\/wietkoopwinkel.com\/#website\",\"url\":\"https:\/\/wietkoopwinkel.com\/\",\"name\":\"Wiet Koop Winkel\",\"description\":\"My WordPress Blog\",\"publisher\":{\"@id\":\"https:\/\/wietkoopwinkel.com\/#organization\"},\"potentialAction\":[{\"@type\":\"SearchAction\",\"target\":{\"@type\":\"EntryPoint\",\"urlTemplate\":\"https:\/\/wietkoopwinkel.com\/?s={search_term_string}\"},\"query-input\":{\"@type\":\"PropertyValueSpecification\",\"valueRequired\":true,\"valueName\":\"search_term_string\"}}],\"inLanguage\":\"hu\"},{\"@type\":\"Organization\",\"@id\":\"https:\/\/wietkoopwinkel.com\/#organization\",\"name\":\"Wiet Koop Winkel\",\"url\":\"https:\/\/wietkoopwinkel.com\/\",\"logo\":{\"@type\":\"ImageObject\",\"inLanguage\":\"hu\",\"@id\":\"https:\/\/wietkoopwinkel.com\/#\/schema\/logo\/image\/\",\"url\":\"https:\/\/wietkoopwinkel.com\/wp-content\/uploads\/2023\/10\/logo.png\",\"contentUrl\":\"https:\/\/wietkoopwinkel.com\/wp-content\/uploads\/2023\/10\/logo.png\",\"width\":400,\"height\":120,\"caption\":\"Wiet Koop Winkel\"},\"image\":{\"@id\":\"https:\/\/wietkoopwinkel.com\/#\/schema\/logo\/image\/\"}}]}<\/script>\n<!-- \/ Yoast SEO plugin. -->","yoast_head_json":{"title":"Tangie Hash - Wiet Koop Winkel","robots":{"index":"index","follow":"follow","max-snippet":"max-snippet:-1","max-image-preview":"max-image-preview:large","max-video-preview":"max-video-preview:-1"},"canonical":"https:\/\/wietkoopwinkel.com\/hu\/termek\/tangie-hash\/","og_locale":"hu_HU","og_type":"article","og_title":"Tangie Hash - Wiet Koop Winkel","og_description":"Tangie Hash is een populaire Sativa-soort die sterke highs en prachtige ervaringen biedt. Sinds het midden van de jaren negentig is marihuana, bekend als Tangie, ontwikkeld uit de bekende Tangerine Dream-soort. Een beetje Tangerine Dream-cannabis werd door Space Farms gecombineerd met de heerlijke en vochtige Skunk #1-soort om een geweldige Sativa te produceren die anders...","og_url":"https:\/\/wietkoopwinkel.com\/hu\/termek\/tangie-hash\/","og_site_name":"Wiet Koop Winkel","article_modified_time":"2024-01-03T11:22:03+00:00","og_image":[{"width":600,"height":600,"url":"https:\/\/wietkoopwinkel.com\/wp-content\/uploads\/2023\/09\/Tangie-Hash-1.jpg","type":"image\/jpeg"}],"twitter_card":"summary_large_image","twitter_misc":{"Becs\u00fclt olvas\u00e1si id\u0151":"2 perc"},"schema":{"@context":"https:\/\/schema.org","@graph":[{"@type":"WebPage","@id":"https:\/\/wietkoopwinkel.com\/product\/tangie-hash\/","url":"https:\/\/wietkoopwinkel.com\/product\/tangie-hash\/","name":"Tangie Hash - Wiet Koop Winkel","isPartOf":{"@id":"https:\/\/wietkoopwinkel.com\/#website"},"primaryImageOfPage":{"@id":"https:\/\/wietkoopwinkel.com\/product\/tangie-hash\/#primaryimage"},"image":{"@id":"https:\/\/wietkoopwinkel.com\/product\/tangie-hash\/#primaryimage"},"thumbnailUrl":"https:\/\/wietkoopwinkel.com\/wp-content\/uploads\/2023\/09\/Tangie-Hash-1.jpg","datePublished":"2023-09-30T10:33:33+00:00","dateModified":"2024-01-03T11:22:03+00:00","breadcrumb":{"@id":"https:\/\/wietkoopwinkel.com\/product\/tangie-hash\/#breadcrumb"},"inLanguage":"hu","potentialAction":[{"@type":"ReadAction","target":["https:\/\/wietkoopwinkel.com\/product\/tangie-hash\/"]}]},{"@type":"ImageObject","inLanguage":"hu","@id":"https:\/\/wietkoopwinkel.com\/product\/tangie-hash\/#primaryimage","url":"https:\/\/wietkoopwinkel.com\/wp-content\/uploads\/2023\/09\/Tangie-Hash-1.jpg","contentUrl":"https:\/\/wietkoopwinkel.com\/wp-content\/uploads\/2023\/09\/Tangie-Hash-1.jpg","width":600,"height":600,"caption":"Tangie Hash"},{"@type":"BreadcrumbList","@id":"https:\/\/wietkoopwinkel.com\/product\/tangie-hash\/#breadcrumb","itemListElement":[{"@type":"ListItem","position":1,"name":"Home","item":"https:\/\/wietkoopwinkel.com\/"},{"@type":"ListItem","position":2,"name":"Winkel","item":"https:\/\/wietkoopwinkel.com\/winkel\/"},{"@type":"ListItem","position":3,"name":"Tangie Hash"}]},{"@type":"WebSite","@id":"https:\/\/wietkoopwinkel.com\/#website","url":"https:\/\/wietkoopwinkel.com\/","name":"Wiet Koop Winkel","description":"My WordPress Blog","publisher":{"@id":"https:\/\/wietkoopwinkel.com\/#organization"},"potentialAction":[{"@type":"SearchAction","target":{"@type":"EntryPoint","urlTemplate":"https:\/\/wietkoopwinkel.com\/?s={search_term_string}"},"query-input":{"@type":"PropertyValueSpecification","valueRequired":true,"valueName":"search_term_string"}}],"inLanguage":"hu"},{"@type":"Organization","@id":"https:\/\/wietkoopwinkel.com\/#organization","name":"Wiet Koop Winkel","url":"https:\/\/wietkoopwinkel.com\/","logo":{"@type":"ImageObject","inLanguage":"hu","@id":"https:\/\/wietkoopwinkel.com\/#\/schema\/logo\/image\/","url":"https:\/\/wietkoopwinkel.com\/wp-content\/uploads\/2023\/10\/logo.png","contentUrl":"https:\/\/wietkoopwinkel.com\/wp-content\/uploads\/2023\/10\/logo.png","width":400,"height":120,"caption":"Wiet Koop Winkel"},"image":{"@id":"https:\/\/wietkoopwinkel.com\/#\/schema\/logo\/image\/"}}]}},"_links":{"self":[{"href":"https:\/\/wietkoopwinkel.com\/hu\/wp-json\/wp\/v2\/product\/1369","targetHints":{"allow":["GET"]}}],"collection":[{"href":"https:\/\/wietkoopwinkel.com\/hu\/wp-json\/wp\/v2\/product"}],"about":[{"href":"https:\/\/wietkoopwinkel.com\/hu\/wp-json\/wp\/v2\/types\/product"}],"replies":[{"embeddable":true,"href":"https:\/\/wietkoopwinkel.com\/hu\/wp-json\/wp\/v2\/comments?post=1369"}],"wp:featuredmedia":[{"embeddable":true,"href":"https:\/\/wietkoopwinkel.com\/hu\/wp-json\/wp\/v2\/media\/1474"}],"wp:attachment":[{"href":"https:\/\/wietkoopwinkel.com\/hu\/wp-json\/wp\/v2\/media?parent=1369"}],"wp:term":[{"taxonomy":"product_cat","embeddable":true,"href":"https:\/\/wietkoopwinkel.com\/hu\/wp-json\/wp\/v2\/product_cat?post=1369"},{"taxonomy":"product_tag","embeddable":true,"href":"https:\/\/wietkoopwinkel.com\/hu\/wp-json\/wp\/v2\/product_tag?post=1369"}],"curies":[{"name":"wp","href":"https:\/\/api.w.org\/{rel}","templated":true}]}}