{"id":1367,"date":"2023-09-30T10:33:33","date_gmt":"2023-09-30T10:33:33","guid":{"rendered":"https:\/\/nembutalhouse.com\/weed\/?post_type=product&#038;p=1367"},"modified":"2024-03-28T23:26:52","modified_gmt":"2024-03-28T23:26:52","slug":"moraccan-hash","status":"publish","type":"product","link":"https:\/\/wietkoopwinkel.com\/hu\/termek\/moraccan-hash\/","title":{"rendered":"Moraccan Hash"},"content":{"rendered":"<h2>\u00c9szak-Afrika \u0151si gy\u00f3gy\u00e1szata<\/h2>\n<p>A marokk\u00f3i hasis egy \u00e9rt\u00e9kes rejtett gy\u00f6ngyszem, amelyet a kannabiszrajong\u00f3k vil\u00e1gszerte nagyra tartanak, \u00e9s amely \u00c9szak-Afrika var\u00e1zslatos t\u00e1jain rejt\u0151zik. Ez a k\u00f6ztiszteletben \u00e1ll\u00f3 kannabiszkoncentr\u00e1tum \u00e9vsz\u00e1zadok \u00f3ta leny\u0171g\u00f6zi a rajong\u00f3kat hossz\u00fa t\u00f6rt\u00e9nelm\u00e9nek, hagyom\u00e1nyos el\u0151\u00e1ll\u00edt\u00e1si technik\u00e1inak \u00e9s k\u00fcl\u00f6nleges erej\u00e9nek k\u00f6sz\u00f6nhet\u0151en. Ebben a blogcikkben elmer\u00fcl\u00fcnk a marokk\u00f3i hasis \u00e9rdekes vil\u00e1g\u00e1ban, \u00e9s megismerked\u00fcnk t\u00f6rt\u00e9net\u00e9vel, gy\u00e1rt\u00e1si m\u00f3dszer\u00e9vel, kultur\u00e1lis jelent\u0151s\u00e9g\u00e9vel \u00e9s a mai \u00e9letben val\u00f3 felhaszn\u00e1l\u00e1s\u00e1val.<\/p>\n<h3>Hogyan kezd\u0151d\u00f6tt a marokk\u00f3i hasis<\/h3>\n<p>A marokk\u00f3i hasisnak hossz\u00fa \u00e9s sz\u00ednes t\u00f6rt\u00e9nete van, amely eg\u00e9szen az \u00f3korig ny\u00falik vissza. A kannabisz n\u00f6v\u00e9ny (Cannabis sativa) \u00e9vezredek \u00f3ta vadon n\u0151 az eg\u00e9sz r\u00e9gi\u00f3ban, \u00e9s \u00fagy tartj\u00e1k, hogy a Maghreb r\u00e9gi\u00f3ban, amely a mai Marokk\u00f3t is mag\u00e1ban foglalja, kezd\u0151d\u00f6tt meg el\u0151sz\u00f6r a kannabisz szabadid\u0151s \u00e9s orvosi drogk\u00e9nt val\u00f3 haszn\u00e1lata.<\/p>\n<p>A korai kannabisztermeszt\u0151k, akik a n\u00f6v\u00e9ny vir\u00e1gair\u00f3l \u00e9s leveleir\u0151l lekapart\u00e1k a ragacsos trichom\u00e1kat, val\u00f3sz\u00edn\u0171leg a hasisgy\u00e1rt\u00e1s forr\u00e1sa. Ezek az elj\u00e1r\u00e1sok id\u0151vel fejl\u0151dtek, \u00e9s v\u00e9g\u00fcl a k\u00e9pzett k\u00e9zm\u0171vesek \u00e1ltal ma haszn\u00e1lt prec\u00edz k\u00e9zi tekercsel\u00e9si technik\u00e1khoz vezettek.<\/p>","protected":false},"excerpt":{"rendered":"<p>Het eeuwenoude geneesmiddel van Noord-Afrika Marokkaanse hasj is een waardevol verborgen juweeltje dat gewaardeerd wordt door cannabisfans over de hele wereld en zich diep verbergt in de magische landen van Noord-Afrika. Dit gerespecteerde cannabisconcentraat fascineert liefhebbers al eeuwenlang dankzij zijn lange geschiedenis, conventionele productietechnieken en onderscheidende kracht. In dit blogartikel duiken we in de intrigerende&#8230;<\/p>","protected":false},"featured_media":1473,"comment_status":"open","ping_status":"closed","template":"","meta":{"_kad_post_transparent":"default","_kad_post_title":"","_kad_post_layout":"default","_kad_post_sidebar_id":"","_kad_post_content_style":"default","_kad_post_vertical_padding":"default","_kad_post_feature":"","_kad_post_feature_position":"","_kad_post_header":false,"_kad_post_footer":false,"_joinchat":[]},"product_cat":[31],"product_tag":[],"class_list":["post-1367","product","type-product","status-publish","has-post-thumbnail","hentry","product_cat-hasj","entry","content-bg","loop-entry"],"yoast_head":"<!-- This site is optimized with the Yoast SEO plugin v26.3 - https:\/\/yoast.com\/wordpress\/plugins\/seo\/ -->\n<title>Moraccan Hash - Wiet Koop Winkel<\/title>\n<meta name=\"robots\" content=\"index, follow, max-snippet:-1, max-image-preview:large, max-video-preview:-1\" \/>\n<link rel=\"canonical\" href=\"https:\/\/wietkoopwinkel.com\/hu\/termek\/moraccan-hash\/\" \/>\n<meta property=\"og:locale\" content=\"hu_HU\" \/>\n<meta property=\"og:type\" content=\"article\" \/>\n<meta property=\"og:title\" content=\"Moraccan Hash - Wiet Koop Winkel\" \/>\n<meta property=\"og:description\" content=\"Het eeuwenoude geneesmiddel van Noord-Afrika Marokkaanse hasj is een waardevol verborgen juweeltje dat gewaardeerd wordt door cannabisfans over de hele wereld en zich diep verbergt in de magische landen van Noord-Afrika. Dit gerespecteerde cannabisconcentraat fascineert liefhebbers al eeuwenlang dankzij zijn lange geschiedenis, conventionele productietechnieken en onderscheidende kracht. In dit blogartikel duiken we in de intrigerende...\" \/>\n<meta property=\"og:url\" content=\"https:\/\/wietkoopwinkel.com\/hu\/termek\/moraccan-hash\/\" \/>\n<meta property=\"og:site_name\" content=\"Wiet Koop Winkel\" \/>\n<meta property=\"article:modified_time\" content=\"2024-03-28T23:26:52+00:00\" \/>\n<meta property=\"og:image\" content=\"https:\/\/wietkoopwinkel.com\/wp-content\/uploads\/2023\/09\/Moraccan-Hash-1.jpg\" \/>\n\t<meta property=\"og:image:width\" content=\"600\" \/>\n\t<meta property=\"og:image:height\" content=\"600\" \/>\n\t<meta property=\"og:image:type\" content=\"image\/jpeg\" \/>\n<meta name=\"twitter:card\" content=\"summary_large_image\" \/>\n<meta name=\"twitter:label1\" content=\"Becs\u00fclt olvas\u00e1si id\u0151\" \/>\n\t<meta name=\"twitter:data1\" content=\"1 perc\" \/>\n<script type=\"application\/ld+json\" class=\"yoast-schema-graph\">{\"@context\":\"https:\/\/schema.org\",\"@graph\":[{\"@type\":\"WebPage\",\"@id\":\"https:\/\/wietkoopwinkel.com\/product\/moraccan-hash\/\",\"url\":\"https:\/\/wietkoopwinkel.com\/product\/moraccan-hash\/\",\"name\":\"Moraccan Hash - Wiet Koop Winkel\",\"isPartOf\":{\"@id\":\"https:\/\/wietkoopwinkel.com\/#website\"},\"primaryImageOfPage\":{\"@id\":\"https:\/\/wietkoopwinkel.com\/product\/moraccan-hash\/#primaryimage\"},\"image\":{\"@id\":\"https:\/\/wietkoopwinkel.com\/product\/moraccan-hash\/#primaryimage\"},\"thumbnailUrl\":\"https:\/\/wietkoopwinkel.com\/wp-content\/uploads\/2023\/09\/Moraccan-Hash-1.jpg\",\"datePublished\":\"2023-09-30T10:33:33+00:00\",\"dateModified\":\"2024-03-28T23:26:52+00:00\",\"breadcrumb\":{\"@id\":\"https:\/\/wietkoopwinkel.com\/product\/moraccan-hash\/#breadcrumb\"},\"inLanguage\":\"hu\",\"potentialAction\":[{\"@type\":\"ReadAction\",\"target\":[\"https:\/\/wietkoopwinkel.com\/product\/moraccan-hash\/\"]}]},{\"@type\":\"ImageObject\",\"inLanguage\":\"hu\",\"@id\":\"https:\/\/wietkoopwinkel.com\/product\/moraccan-hash\/#primaryimage\",\"url\":\"https:\/\/wietkoopwinkel.com\/wp-content\/uploads\/2023\/09\/Moraccan-Hash-1.jpg\",\"contentUrl\":\"https:\/\/wietkoopwinkel.com\/wp-content\/uploads\/2023\/09\/Moraccan-Hash-1.jpg\",\"width\":600,\"height\":600,\"caption\":\"Moraccan Hash\"},{\"@type\":\"BreadcrumbList\",\"@id\":\"https:\/\/wietkoopwinkel.com\/product\/moraccan-hash\/#breadcrumb\",\"itemListElement\":[{\"@type\":\"ListItem\",\"position\":1,\"name\":\"Home\",\"item\":\"https:\/\/wietkoopwinkel.com\/\"},{\"@type\":\"ListItem\",\"position\":2,\"name\":\"Winkel\",\"item\":\"https:\/\/wietkoopwinkel.com\/winkel\/\"},{\"@type\":\"ListItem\",\"position\":3,\"name\":\"Moraccan Hash\"}]},{\"@type\":\"WebSite\",\"@id\":\"https:\/\/wietkoopwinkel.com\/#website\",\"url\":\"https:\/\/wietkoopwinkel.com\/\",\"name\":\"Wiet Koop Winkel\",\"description\":\"My WordPress Blog\",\"publisher\":{\"@id\":\"https:\/\/wietkoopwinkel.com\/#organization\"},\"potentialAction\":[{\"@type\":\"SearchAction\",\"target\":{\"@type\":\"EntryPoint\",\"urlTemplate\":\"https:\/\/wietkoopwinkel.com\/?s={search_term_string}\"},\"query-input\":{\"@type\":\"PropertyValueSpecification\",\"valueRequired\":true,\"valueName\":\"search_term_string\"}}],\"inLanguage\":\"hu\"},{\"@type\":\"Organization\",\"@id\":\"https:\/\/wietkoopwinkel.com\/#organization\",\"name\":\"Wiet Koop Winkel\",\"url\":\"https:\/\/wietkoopwinkel.com\/\",\"logo\":{\"@type\":\"ImageObject\",\"inLanguage\":\"hu\",\"@id\":\"https:\/\/wietkoopwinkel.com\/#\/schema\/logo\/image\/\",\"url\":\"https:\/\/wietkoopwinkel.com\/wp-content\/uploads\/2023\/10\/logo.png\",\"contentUrl\":\"https:\/\/wietkoopwinkel.com\/wp-content\/uploads\/2023\/10\/logo.png\",\"width\":400,\"height\":120,\"caption\":\"Wiet Koop Winkel\"},\"image\":{\"@id\":\"https:\/\/wietkoopwinkel.com\/#\/schema\/logo\/image\/\"}}]}<\/script>\n<!-- \/ Yoast SEO plugin. -->","yoast_head_json":{"title":"Moraccan Hash - Wiet Koop Winkel","robots":{"index":"index","follow":"follow","max-snippet":"max-snippet:-1","max-image-preview":"max-image-preview:large","max-video-preview":"max-video-preview:-1"},"canonical":"https:\/\/wietkoopwinkel.com\/hu\/termek\/moraccan-hash\/","og_locale":"hu_HU","og_type":"article","og_title":"Moraccan Hash - Wiet Koop Winkel","og_description":"Het eeuwenoude geneesmiddel van Noord-Afrika Marokkaanse hasj is een waardevol verborgen juweeltje dat gewaardeerd wordt door cannabisfans over de hele wereld en zich diep verbergt in de magische landen van Noord-Afrika. Dit gerespecteerde cannabisconcentraat fascineert liefhebbers al eeuwenlang dankzij zijn lange geschiedenis, conventionele productietechnieken en onderscheidende kracht. In dit blogartikel duiken we in de intrigerende...","og_url":"https:\/\/wietkoopwinkel.com\/hu\/termek\/moraccan-hash\/","og_site_name":"Wiet Koop Winkel","article_modified_time":"2024-03-28T23:26:52+00:00","og_image":[{"width":600,"height":600,"url":"https:\/\/wietkoopwinkel.com\/wp-content\/uploads\/2023\/09\/Moraccan-Hash-1.jpg","type":"image\/jpeg"}],"twitter_card":"summary_large_image","twitter_misc":{"Becs\u00fclt olvas\u00e1si id\u0151":"1 perc"},"schema":{"@context":"https:\/\/schema.org","@graph":[{"@type":"WebPage","@id":"https:\/\/wietkoopwinkel.com\/product\/moraccan-hash\/","url":"https:\/\/wietkoopwinkel.com\/product\/moraccan-hash\/","name":"Moraccan Hash - Wiet Koop Winkel","isPartOf":{"@id":"https:\/\/wietkoopwinkel.com\/#website"},"primaryImageOfPage":{"@id":"https:\/\/wietkoopwinkel.com\/product\/moraccan-hash\/#primaryimage"},"image":{"@id":"https:\/\/wietkoopwinkel.com\/product\/moraccan-hash\/#primaryimage"},"thumbnailUrl":"https:\/\/wietkoopwinkel.com\/wp-content\/uploads\/2023\/09\/Moraccan-Hash-1.jpg","datePublished":"2023-09-30T10:33:33+00:00","dateModified":"2024-03-28T23:26:52+00:00","breadcrumb":{"@id":"https:\/\/wietkoopwinkel.com\/product\/moraccan-hash\/#breadcrumb"},"inLanguage":"hu","potentialAction":[{"@type":"ReadAction","target":["https:\/\/wietkoopwinkel.com\/product\/moraccan-hash\/"]}]},{"@type":"ImageObject","inLanguage":"hu","@id":"https:\/\/wietkoopwinkel.com\/product\/moraccan-hash\/#primaryimage","url":"https:\/\/wietkoopwinkel.com\/wp-content\/uploads\/2023\/09\/Moraccan-Hash-1.jpg","contentUrl":"https:\/\/wietkoopwinkel.com\/wp-content\/uploads\/2023\/09\/Moraccan-Hash-1.jpg","width":600,"height":600,"caption":"Moraccan Hash"},{"@type":"BreadcrumbList","@id":"https:\/\/wietkoopwinkel.com\/product\/moraccan-hash\/#breadcrumb","itemListElement":[{"@type":"ListItem","position":1,"name":"Home","item":"https:\/\/wietkoopwinkel.com\/"},{"@type":"ListItem","position":2,"name":"Winkel","item":"https:\/\/wietkoopwinkel.com\/winkel\/"},{"@type":"ListItem","position":3,"name":"Moraccan Hash"}]},{"@type":"WebSite","@id":"https:\/\/wietkoopwinkel.com\/#website","url":"https:\/\/wietkoopwinkel.com\/","name":"Wiet Koop Winkel","description":"My WordPress Blog","publisher":{"@id":"https:\/\/wietkoopwinkel.com\/#organization"},"potentialAction":[{"@type":"SearchAction","target":{"@type":"EntryPoint","urlTemplate":"https:\/\/wietkoopwinkel.com\/?s={search_term_string}"},"query-input":{"@type":"PropertyValueSpecification","valueRequired":true,"valueName":"search_term_string"}}],"inLanguage":"hu"},{"@type":"Organization","@id":"https:\/\/wietkoopwinkel.com\/#organization","name":"Wiet Koop Winkel","url":"https:\/\/wietkoopwinkel.com\/","logo":{"@type":"ImageObject","inLanguage":"hu","@id":"https:\/\/wietkoopwinkel.com\/#\/schema\/logo\/image\/","url":"https:\/\/wietkoopwinkel.com\/wp-content\/uploads\/2023\/10\/logo.png","contentUrl":"https:\/\/wietkoopwinkel.com\/wp-content\/uploads\/2023\/10\/logo.png","width":400,"height":120,"caption":"Wiet Koop Winkel"},"image":{"@id":"https:\/\/wietkoopwinkel.com\/#\/schema\/logo\/image\/"}}]}},"_links":{"self":[{"href":"https:\/\/wietkoopwinkel.com\/hu\/wp-json\/wp\/v2\/product\/1367","targetHints":{"allow":["GET"]}}],"collection":[{"href":"https:\/\/wietkoopwinkel.com\/hu\/wp-json\/wp\/v2\/product"}],"about":[{"href":"https:\/\/wietkoopwinkel.com\/hu\/wp-json\/wp\/v2\/types\/product"}],"replies":[{"embeddable":true,"href":"https:\/\/wietkoopwinkel.com\/hu\/wp-json\/wp\/v2\/comments?post=1367"}],"wp:featuredmedia":[{"embeddable":true,"href":"https:\/\/wietkoopwinkel.com\/hu\/wp-json\/wp\/v2\/media\/1473"}],"wp:attachment":[{"href":"https:\/\/wietkoopwinkel.com\/hu\/wp-json\/wp\/v2\/media?parent=1367"}],"wp:term":[{"taxonomy":"product_cat","embeddable":true,"href":"https:\/\/wietkoopwinkel.com\/hu\/wp-json\/wp\/v2\/product_cat?post=1367"},{"taxonomy":"product_tag","embeddable":true,"href":"https:\/\/wietkoopwinkel.com\/hu\/wp-json\/wp\/v2\/product_tag?post=1367"}],"curies":[{"name":"wp","href":"https:\/\/api.w.org\/{rel}","templated":true}]}}