{"id":1366,"date":"2023-09-30T10:32:57","date_gmt":"2023-09-30T10:32:57","guid":{"rendered":"https:\/\/nembutalhouse.com\/weed\/?post_type=product&#038;p=1366"},"modified":"2024-01-03T11:18:09","modified_gmt":"2024-01-03T11:18:09","slug":"amnesia-jelly-hash","status":"publish","type":"product","link":"https:\/\/wietkoopwinkel.com\/hu\/termek\/amnesia-jelly-hash\/","title":{"rendered":"Amn\u00e9zia Jelly Hash"},"content":{"rendered":"<p>Nagyon er\u0151s feny\u0151 terp\u00e9nek.<br \/>\nSativa terp\u00e9nek.<br \/>\nNagyon magas CBD tartalom<br \/>\nOrganikus, nem GMO, nem n\u00f6v\u00e9nyv\u00e9d\u0151szeres<br \/>\nFinom \u00edz<br \/>\n100% kenderb\u0151l sz\u00e1rmaz\u00f3<\/p>\n<p>Ezek a kenderb\u0151l sz\u00e1rmaz\u00f3 szil\u00e1rd CBD-anyagok nem pszichoakt\u00edv, THC-mentes* \u00e9s EIHA EU tan\u00fas\u00edtv\u00e1nnyal rendelkez\u0151 fajt\u00e1k.<\/p>\n<h2>A kannabisz nem kender.<\/h2>\n<p>Kiz\u00e1r\u00f3lag Olaszorsz\u00e1gban \u00e9s Sv\u00e1jcban leg\u00e1lisan termesztett kendert haszn\u00e1lunk.<\/p>\n<p>Szil\u00e1rd kenderterm\u00e9keink neveit a hasonl\u00f3 terp\u00e9nprofil\u00fa, j\u00f3l ismert kannabiszt\u00f6rzsek ihlett\u00e9k. Minden kender\u00fcnkh\u00f6z kiz\u00e1r\u00f3lag gondosan termesztett Carmagnola kendert haszn\u00e1lunk; ezek nem \u00e1llnak rokons\u00e1gban a THC-s fajokkal.<\/p>\n<h3>Hogyan haszn\u00e1ljam?<\/h3>\n<p>A CBD hasisb\u00f3l k\u00e9sz\u00fclt teak\u00e9sz\u00edt\u00e9s nagyon hasonl\u00f3 a laza levelekb\u0151l k\u00e9sz\u00fclt kenderterm\u00e9kek haszn\u00e1lat\u00e1hoz. Javasoljuk, hogy kiindul\u00e1si pontk\u00e9nt 0,2 g-os adagot forr\u00f3 v\u00edzben \u00e1ztasson. Az els\u0151 adag 500 ml forr\u00f3 v\u00edzzel keverve, 0,2 g CBD hasisszal elkeverve kellemes. A biol\u00f3giai hasznosul\u00e1s n\u00f6vel\u00e9se \u00e9rdek\u00e9ben h\u00e1rom perc ut\u00e1n dobja el az \u00e1ztatott anyagot, \u00e9s helyettes\u00edtse egy poh\u00e1r sov\u00e1ny tejjel. Ennyi az eg\u00e9sz! Olvassa el a teljes cikket, hogy megtudja, hogyan haszn\u00e1lja a CBD hasist.<\/p>\n<p>kevesebb, mint 0,2% THC<\/p>","protected":false},"excerpt":{"rendered":"<p>Zeer sterke dennenterpenen. Sativa-terpenen. Zeer hoog CBD-gehalte Biologisch, niet-GMO, niet-pesticide Heerlijke smaak 100% afgeleid van hennep Deze van hennep afgeleide vaste CBD-stoffen zijn niet-psychoactieve, THC-vrije* en EIHA EU-gecertificeerde soorten. Cannabis is geen hennep. We gebruiken alleen hennep die legaal is geproduceerd in Itali\u00eb en Zwitserland. De namen van onze vaste hennepproducten zijn ge\u00efnspireerd op bekende&#8230;<\/p>","protected":false},"featured_media":1472,"comment_status":"open","ping_status":"closed","template":"","meta":{"_kad_post_transparent":"default","_kad_post_title":"","_kad_post_layout":"default","_kad_post_sidebar_id":"","_kad_post_content_style":"default","_kad_post_vertical_padding":"default","_kad_post_feature":"","_kad_post_feature_position":"","_kad_post_header":false,"_kad_post_footer":false,"_joinchat":[]},"product_cat":[31],"product_tag":[],"class_list":["post-1366","product","type-product","status-publish","has-post-thumbnail","hentry","product_cat-hasj","entry","content-bg","loop-entry"],"yoast_head":"<!-- This site is optimized with the Yoast SEO plugin v26.3 - https:\/\/yoast.com\/wordpress\/plugins\/seo\/ -->\n<title>Amnesia Jelly Hash - Wiet Koop Winkel<\/title>\n<meta name=\"robots\" content=\"index, follow, max-snippet:-1, max-image-preview:large, max-video-preview:-1\" \/>\n<link rel=\"canonical\" href=\"https:\/\/wietkoopwinkel.com\/hu\/termek\/amnesia-jelly-hash\/\" \/>\n<meta property=\"og:locale\" content=\"hu_HU\" \/>\n<meta property=\"og:type\" content=\"article\" \/>\n<meta property=\"og:title\" content=\"Amnesia Jelly Hash - Wiet Koop Winkel\" \/>\n<meta property=\"og:description\" content=\"Zeer sterke dennenterpenen. Sativa-terpenen. Zeer hoog CBD-gehalte Biologisch, niet-GMO, niet-pesticide Heerlijke smaak 100% afgeleid van hennep Deze van hennep afgeleide vaste CBD-stoffen zijn niet-psychoactieve, THC-vrije* en EIHA EU-gecertificeerde soorten. Cannabis is geen hennep. We gebruiken alleen hennep die legaal is geproduceerd in Itali\u00eb en Zwitserland. De namen van onze vaste hennepproducten zijn ge\u00efnspireerd op bekende...\" \/>\n<meta property=\"og:url\" content=\"https:\/\/wietkoopwinkel.com\/hu\/termek\/amnesia-jelly-hash\/\" \/>\n<meta property=\"og:site_name\" content=\"Wiet Koop Winkel\" \/>\n<meta property=\"article:modified_time\" content=\"2024-01-03T11:18:09+00:00\" \/>\n<meta property=\"og:image\" content=\"https:\/\/wietkoopwinkel.com\/wp-content\/uploads\/2023\/09\/Amnesia-Jelly-Hash-1.jpg\" \/>\n\t<meta property=\"og:image:width\" content=\"600\" \/>\n\t<meta property=\"og:image:height\" content=\"600\" \/>\n\t<meta property=\"og:image:type\" content=\"image\/jpeg\" \/>\n<meta name=\"twitter:card\" content=\"summary_large_image\" \/>\n<meta name=\"twitter:label1\" content=\"Becs\u00fclt olvas\u00e1si id\u0151\" \/>\n\t<meta name=\"twitter:data1\" content=\"1 perc\" \/>\n<script type=\"application\/ld+json\" class=\"yoast-schema-graph\">{\"@context\":\"https:\/\/schema.org\",\"@graph\":[{\"@type\":\"WebPage\",\"@id\":\"https:\/\/wietkoopwinkel.com\/product\/amnesia-jelly-hash\/\",\"url\":\"https:\/\/wietkoopwinkel.com\/product\/amnesia-jelly-hash\/\",\"name\":\"Amnesia Jelly Hash - Wiet Koop Winkel\",\"isPartOf\":{\"@id\":\"https:\/\/wietkoopwinkel.com\/#website\"},\"primaryImageOfPage\":{\"@id\":\"https:\/\/wietkoopwinkel.com\/product\/amnesia-jelly-hash\/#primaryimage\"},\"image\":{\"@id\":\"https:\/\/wietkoopwinkel.com\/product\/amnesia-jelly-hash\/#primaryimage\"},\"thumbnailUrl\":\"https:\/\/wietkoopwinkel.com\/wp-content\/uploads\/2023\/09\/Amnesia-Jelly-Hash-1.jpg\",\"datePublished\":\"2023-09-30T10:32:57+00:00\",\"dateModified\":\"2024-01-03T11:18:09+00:00\",\"breadcrumb\":{\"@id\":\"https:\/\/wietkoopwinkel.com\/product\/amnesia-jelly-hash\/#breadcrumb\"},\"inLanguage\":\"hu\",\"potentialAction\":[{\"@type\":\"ReadAction\",\"target\":[\"https:\/\/wietkoopwinkel.com\/product\/amnesia-jelly-hash\/\"]}]},{\"@type\":\"ImageObject\",\"inLanguage\":\"hu\",\"@id\":\"https:\/\/wietkoopwinkel.com\/product\/amnesia-jelly-hash\/#primaryimage\",\"url\":\"https:\/\/wietkoopwinkel.com\/wp-content\/uploads\/2023\/09\/Amnesia-Jelly-Hash-1.jpg\",\"contentUrl\":\"https:\/\/wietkoopwinkel.com\/wp-content\/uploads\/2023\/09\/Amnesia-Jelly-Hash-1.jpg\",\"width\":600,\"height\":600,\"caption\":\"Amnesia Jelly Hash\"},{\"@type\":\"BreadcrumbList\",\"@id\":\"https:\/\/wietkoopwinkel.com\/product\/amnesia-jelly-hash\/#breadcrumb\",\"itemListElement\":[{\"@type\":\"ListItem\",\"position\":1,\"name\":\"Home\",\"item\":\"https:\/\/wietkoopwinkel.com\/\"},{\"@type\":\"ListItem\",\"position\":2,\"name\":\"Winkel\",\"item\":\"https:\/\/wietkoopwinkel.com\/winkel\/\"},{\"@type\":\"ListItem\",\"position\":3,\"name\":\"Amnesia Jelly Hash\"}]},{\"@type\":\"WebSite\",\"@id\":\"https:\/\/wietkoopwinkel.com\/#website\",\"url\":\"https:\/\/wietkoopwinkel.com\/\",\"name\":\"Wiet Koop Winkel\",\"description\":\"My WordPress Blog\",\"publisher\":{\"@id\":\"https:\/\/wietkoopwinkel.com\/#organization\"},\"potentialAction\":[{\"@type\":\"SearchAction\",\"target\":{\"@type\":\"EntryPoint\",\"urlTemplate\":\"https:\/\/wietkoopwinkel.com\/?s={search_term_string}\"},\"query-input\":{\"@type\":\"PropertyValueSpecification\",\"valueRequired\":true,\"valueName\":\"search_term_string\"}}],\"inLanguage\":\"hu\"},{\"@type\":\"Organization\",\"@id\":\"https:\/\/wietkoopwinkel.com\/#organization\",\"name\":\"Wiet Koop Winkel\",\"url\":\"https:\/\/wietkoopwinkel.com\/\",\"logo\":{\"@type\":\"ImageObject\",\"inLanguage\":\"hu\",\"@id\":\"https:\/\/wietkoopwinkel.com\/#\/schema\/logo\/image\/\",\"url\":\"https:\/\/wietkoopwinkel.com\/wp-content\/uploads\/2023\/10\/logo.png\",\"contentUrl\":\"https:\/\/wietkoopwinkel.com\/wp-content\/uploads\/2023\/10\/logo.png\",\"width\":400,\"height\":120,\"caption\":\"Wiet Koop Winkel\"},\"image\":{\"@id\":\"https:\/\/wietkoopwinkel.com\/#\/schema\/logo\/image\/\"}}]}<\/script>\n<!-- \/ Yoast SEO plugin. -->","yoast_head_json":{"title":"Amnesia Jelly Hash - Wiet Koop Winkel","robots":{"index":"index","follow":"follow","max-snippet":"max-snippet:-1","max-image-preview":"max-image-preview:large","max-video-preview":"max-video-preview:-1"},"canonical":"https:\/\/wietkoopwinkel.com\/hu\/termek\/amnesia-jelly-hash\/","og_locale":"hu_HU","og_type":"article","og_title":"Amnesia Jelly Hash - Wiet Koop Winkel","og_description":"Zeer sterke dennenterpenen. Sativa-terpenen. Zeer hoog CBD-gehalte Biologisch, niet-GMO, niet-pesticide Heerlijke smaak 100% afgeleid van hennep Deze van hennep afgeleide vaste CBD-stoffen zijn niet-psychoactieve, THC-vrije* en EIHA EU-gecertificeerde soorten. Cannabis is geen hennep. We gebruiken alleen hennep die legaal is geproduceerd in Itali\u00eb en Zwitserland. De namen van onze vaste hennepproducten zijn ge\u00efnspireerd op bekende...","og_url":"https:\/\/wietkoopwinkel.com\/hu\/termek\/amnesia-jelly-hash\/","og_site_name":"Wiet Koop Winkel","article_modified_time":"2024-01-03T11:18:09+00:00","og_image":[{"width":600,"height":600,"url":"https:\/\/wietkoopwinkel.com\/wp-content\/uploads\/2023\/09\/Amnesia-Jelly-Hash-1.jpg","type":"image\/jpeg"}],"twitter_card":"summary_large_image","twitter_misc":{"Becs\u00fclt olvas\u00e1si id\u0151":"1 perc"},"schema":{"@context":"https:\/\/schema.org","@graph":[{"@type":"WebPage","@id":"https:\/\/wietkoopwinkel.com\/product\/amnesia-jelly-hash\/","url":"https:\/\/wietkoopwinkel.com\/product\/amnesia-jelly-hash\/","name":"Amnesia Jelly Hash - Wiet Koop Winkel","isPartOf":{"@id":"https:\/\/wietkoopwinkel.com\/#website"},"primaryImageOfPage":{"@id":"https:\/\/wietkoopwinkel.com\/product\/amnesia-jelly-hash\/#primaryimage"},"image":{"@id":"https:\/\/wietkoopwinkel.com\/product\/amnesia-jelly-hash\/#primaryimage"},"thumbnailUrl":"https:\/\/wietkoopwinkel.com\/wp-content\/uploads\/2023\/09\/Amnesia-Jelly-Hash-1.jpg","datePublished":"2023-09-30T10:32:57+00:00","dateModified":"2024-01-03T11:18:09+00:00","breadcrumb":{"@id":"https:\/\/wietkoopwinkel.com\/product\/amnesia-jelly-hash\/#breadcrumb"},"inLanguage":"hu","potentialAction":[{"@type":"ReadAction","target":["https:\/\/wietkoopwinkel.com\/product\/amnesia-jelly-hash\/"]}]},{"@type":"ImageObject","inLanguage":"hu","@id":"https:\/\/wietkoopwinkel.com\/product\/amnesia-jelly-hash\/#primaryimage","url":"https:\/\/wietkoopwinkel.com\/wp-content\/uploads\/2023\/09\/Amnesia-Jelly-Hash-1.jpg","contentUrl":"https:\/\/wietkoopwinkel.com\/wp-content\/uploads\/2023\/09\/Amnesia-Jelly-Hash-1.jpg","width":600,"height":600,"caption":"Amnesia Jelly Hash"},{"@type":"BreadcrumbList","@id":"https:\/\/wietkoopwinkel.com\/product\/amnesia-jelly-hash\/#breadcrumb","itemListElement":[{"@type":"ListItem","position":1,"name":"Home","item":"https:\/\/wietkoopwinkel.com\/"},{"@type":"ListItem","position":2,"name":"Winkel","item":"https:\/\/wietkoopwinkel.com\/winkel\/"},{"@type":"ListItem","position":3,"name":"Amnesia Jelly Hash"}]},{"@type":"WebSite","@id":"https:\/\/wietkoopwinkel.com\/#website","url":"https:\/\/wietkoopwinkel.com\/","name":"Wiet Koop Winkel","description":"My WordPress Blog","publisher":{"@id":"https:\/\/wietkoopwinkel.com\/#organization"},"potentialAction":[{"@type":"SearchAction","target":{"@type":"EntryPoint","urlTemplate":"https:\/\/wietkoopwinkel.com\/?s={search_term_string}"},"query-input":{"@type":"PropertyValueSpecification","valueRequired":true,"valueName":"search_term_string"}}],"inLanguage":"hu"},{"@type":"Organization","@id":"https:\/\/wietkoopwinkel.com\/#organization","name":"Wiet Koop Winkel","url":"https:\/\/wietkoopwinkel.com\/","logo":{"@type":"ImageObject","inLanguage":"hu","@id":"https:\/\/wietkoopwinkel.com\/#\/schema\/logo\/image\/","url":"https:\/\/wietkoopwinkel.com\/wp-content\/uploads\/2023\/10\/logo.png","contentUrl":"https:\/\/wietkoopwinkel.com\/wp-content\/uploads\/2023\/10\/logo.png","width":400,"height":120,"caption":"Wiet Koop Winkel"},"image":{"@id":"https:\/\/wietkoopwinkel.com\/#\/schema\/logo\/image\/"}}]}},"_links":{"self":[{"href":"https:\/\/wietkoopwinkel.com\/hu\/wp-json\/wp\/v2\/product\/1366","targetHints":{"allow":["GET"]}}],"collection":[{"href":"https:\/\/wietkoopwinkel.com\/hu\/wp-json\/wp\/v2\/product"}],"about":[{"href":"https:\/\/wietkoopwinkel.com\/hu\/wp-json\/wp\/v2\/types\/product"}],"replies":[{"embeddable":true,"href":"https:\/\/wietkoopwinkel.com\/hu\/wp-json\/wp\/v2\/comments?post=1366"}],"wp:featuredmedia":[{"embeddable":true,"href":"https:\/\/wietkoopwinkel.com\/hu\/wp-json\/wp\/v2\/media\/1472"}],"wp:attachment":[{"href":"https:\/\/wietkoopwinkel.com\/hu\/wp-json\/wp\/v2\/media?parent=1366"}],"wp:term":[{"taxonomy":"product_cat","embeddable":true,"href":"https:\/\/wietkoopwinkel.com\/hu\/wp-json\/wp\/v2\/product_cat?post=1366"},{"taxonomy":"product_tag","embeddable":true,"href":"https:\/\/wietkoopwinkel.com\/hu\/wp-json\/wp\/v2\/product_tag?post=1366"}],"curies":[{"name":"wp","href":"https:\/\/api.w.org\/{rel}","templated":true}]}}