{"id":1348,"date":"2023-09-30T10:19:03","date_gmt":"2023-09-30T10:19:03","guid":{"rendered":"https:\/\/nembutalhouse.com\/weed\/?post_type=product&#038;p=1348"},"modified":"2024-04-04T02:58:11","modified_gmt":"2024-04-04T02:58:11","slug":"hash-420","status":"publish","type":"product","link":"https:\/\/wietkoopwinkel.com\/hu\/termek\/hash-420\/","title":{"rendered":"Hash 420"},"content":{"rendered":"<h2>V\u00e1s\u00e1rolj hasist<\/h2>\n<p>A kannabisz n\u00f6v\u00e9ny gyant\u00e1j\u00e1b\u00f3l k\u00e9sz\u00fcl a 420-as hasis. A THC, a kannabisz n\u00f6v\u00e9ny f\u0151 tudatm\u00f3dos\u00edt\u00f3 \u00f6sszetev\u0151je, a gyant\u00e1ban b\u0151s\u00e9gesen tal\u00e1lhat\u00f3. A kannabisz n\u00f6v\u00e9ny v\u00f6r\u00f6sesbarn\u00e1t\u00f3l a feket\u00e9ig terjed\u0151 sz\u00edn\u0171 gyant\u00e1s anyag\u00e1t hasisnak nevezik. A let\u00f6rt darabokat pip\u00e1kba teszik \u00e9s elsz\u00edvj\u00e1k.<\/p>\n<p>A marihu\u00e1n\u00e1hoz hasonl\u00f3an a hasist haszn\u00e1l\u00f3k is kellemes \u00e9lvezetet \u00e9s relax\u00e1ci\u00f3t tapasztalhatnak. Egy\u00e9b gyakori mell\u00e9khat\u00e1sok k\u00f6z\u00e9 tartozik a megn\u00f6vekedett \u00e9tv\u00e1gy, a fokozott \u00e9rz\u00e9kszervi tudatoss\u00e1g (p\u00e9ld\u00e1ul \u00e9l\u00e9nkebb sz\u00ednek), a nevet\u00e9s \u00e9s a megv\u00e1ltozott id\u0151\u00e9rz\u00e9kel\u00e9s.<\/p>\n<p>A szolg\u00e1ltat\u00e1sainkkal kapcsolatos tov\u00e1bbi inform\u00e1ci\u00f3k\u00e9rt olvassa el a GYIK r\u00e9sz\u00fcnket.<\/p>","protected":false},"excerpt":{"rendered":"<p>Hasj kopen De gecombineerde hars van de cannabisplant wordt gebruikt om hasj 420 te maken. THC, het belangrijkste bestanddeel van de cannabisplant dat het bewustzijn verandert, is overvloedig aanwezig in de hars. Een harsachtige substantie van de cannabisplant met een roodbruine tot zwarte kleur staat bekend als hasj. Afgebroken stukken worden in pijpen gestopt en&#8230;<\/p>","protected":false},"featured_media":1470,"comment_status":"open","ping_status":"closed","template":"","meta":{"_kad_post_transparent":"default","_kad_post_title":"","_kad_post_layout":"default","_kad_post_sidebar_id":"","_kad_post_content_style":"default","_kad_post_vertical_padding":"default","_kad_post_feature":"","_kad_post_feature_position":"","_kad_post_header":false,"_kad_post_footer":false,"_joinchat":[]},"product_cat":[31],"product_tag":[],"class_list":["post-1348","product","type-product","status-publish","has-post-thumbnail","hentry","product_cat-hasj","entry","content-bg","loop-entry"],"yoast_head":"<!-- This site is optimized with the Yoast SEO plugin v26.3 - https:\/\/yoast.com\/wordpress\/plugins\/seo\/ -->\n<title>Hash 420 - Wiet Koop Winkel<\/title>\n<meta name=\"robots\" content=\"index, follow, max-snippet:-1, max-image-preview:large, max-video-preview:-1\" \/>\n<link rel=\"canonical\" href=\"https:\/\/wietkoopwinkel.com\/hu\/termek\/hash-420\/\" \/>\n<meta property=\"og:locale\" content=\"hu_HU\" \/>\n<meta property=\"og:type\" content=\"article\" \/>\n<meta property=\"og:title\" content=\"Hash 420 - Wiet Koop Winkel\" \/>\n<meta property=\"og:description\" content=\"Hasj kopen De gecombineerde hars van de cannabisplant wordt gebruikt om hasj 420 te maken. THC, het belangrijkste bestanddeel van de cannabisplant dat het bewustzijn verandert, is overvloedig aanwezig in de hars. Een harsachtige substantie van de cannabisplant met een roodbruine tot zwarte kleur staat bekend als hasj. Afgebroken stukken worden in pijpen gestopt en...\" \/>\n<meta property=\"og:url\" content=\"https:\/\/wietkoopwinkel.com\/hu\/termek\/hash-420\/\" \/>\n<meta property=\"og:site_name\" content=\"Wiet Koop Winkel\" \/>\n<meta property=\"article:modified_time\" content=\"2024-04-04T02:58:11+00:00\" \/>\n<meta property=\"og:image\" content=\"https:\/\/wietkoopwinkel.com\/wp-content\/uploads\/2023\/09\/Hash-420-1.jpg\" \/>\n\t<meta property=\"og:image:width\" content=\"600\" \/>\n\t<meta property=\"og:image:height\" content=\"600\" \/>\n\t<meta property=\"og:image:type\" content=\"image\/jpeg\" \/>\n<meta name=\"twitter:card\" content=\"summary_large_image\" \/>\n<meta name=\"twitter:label1\" content=\"Becs\u00fclt olvas\u00e1si id\u0151\" \/>\n\t<meta name=\"twitter:data1\" content=\"1 perc\" \/>\n<script type=\"application\/ld+json\" class=\"yoast-schema-graph\">{\"@context\":\"https:\/\/schema.org\",\"@graph\":[{\"@type\":\"WebPage\",\"@id\":\"https:\/\/wietkoopwinkel.com\/product\/hash-420\/\",\"url\":\"https:\/\/wietkoopwinkel.com\/product\/hash-420\/\",\"name\":\"Hash 420 - Wiet Koop Winkel\",\"isPartOf\":{\"@id\":\"https:\/\/wietkoopwinkel.com\/#website\"},\"primaryImageOfPage\":{\"@id\":\"https:\/\/wietkoopwinkel.com\/product\/hash-420\/#primaryimage\"},\"image\":{\"@id\":\"https:\/\/wietkoopwinkel.com\/product\/hash-420\/#primaryimage\"},\"thumbnailUrl\":\"https:\/\/wietkoopwinkel.com\/wp-content\/uploads\/2023\/09\/Hash-420-1.jpg\",\"datePublished\":\"2023-09-30T10:19:03+00:00\",\"dateModified\":\"2024-04-04T02:58:11+00:00\",\"breadcrumb\":{\"@id\":\"https:\/\/wietkoopwinkel.com\/product\/hash-420\/#breadcrumb\"},\"inLanguage\":\"hu\",\"potentialAction\":[{\"@type\":\"ReadAction\",\"target\":[\"https:\/\/wietkoopwinkel.com\/product\/hash-420\/\"]}]},{\"@type\":\"ImageObject\",\"inLanguage\":\"hu\",\"@id\":\"https:\/\/wietkoopwinkel.com\/product\/hash-420\/#primaryimage\",\"url\":\"https:\/\/wietkoopwinkel.com\/wp-content\/uploads\/2023\/09\/Hash-420-1.jpg\",\"contentUrl\":\"https:\/\/wietkoopwinkel.com\/wp-content\/uploads\/2023\/09\/Hash-420-1.jpg\",\"width\":600,\"height\":600,\"caption\":\"Hash 420\"},{\"@type\":\"BreadcrumbList\",\"@id\":\"https:\/\/wietkoopwinkel.com\/product\/hash-420\/#breadcrumb\",\"itemListElement\":[{\"@type\":\"ListItem\",\"position\":1,\"name\":\"Home\",\"item\":\"https:\/\/wietkoopwinkel.com\/\"},{\"@type\":\"ListItem\",\"position\":2,\"name\":\"Winkel\",\"item\":\"https:\/\/wietkoopwinkel.com\/winkel\/\"},{\"@type\":\"ListItem\",\"position\":3,\"name\":\"Hash 420\"}]},{\"@type\":\"WebSite\",\"@id\":\"https:\/\/wietkoopwinkel.com\/#website\",\"url\":\"https:\/\/wietkoopwinkel.com\/\",\"name\":\"Wiet Koop Winkel\",\"description\":\"My WordPress Blog\",\"publisher\":{\"@id\":\"https:\/\/wietkoopwinkel.com\/#organization\"},\"potentialAction\":[{\"@type\":\"SearchAction\",\"target\":{\"@type\":\"EntryPoint\",\"urlTemplate\":\"https:\/\/wietkoopwinkel.com\/?s={search_term_string}\"},\"query-input\":{\"@type\":\"PropertyValueSpecification\",\"valueRequired\":true,\"valueName\":\"search_term_string\"}}],\"inLanguage\":\"hu\"},{\"@type\":\"Organization\",\"@id\":\"https:\/\/wietkoopwinkel.com\/#organization\",\"name\":\"Wiet Koop Winkel\",\"url\":\"https:\/\/wietkoopwinkel.com\/\",\"logo\":{\"@type\":\"ImageObject\",\"inLanguage\":\"hu\",\"@id\":\"https:\/\/wietkoopwinkel.com\/#\/schema\/logo\/image\/\",\"url\":\"https:\/\/wietkoopwinkel.com\/wp-content\/uploads\/2023\/10\/logo.png\",\"contentUrl\":\"https:\/\/wietkoopwinkel.com\/wp-content\/uploads\/2023\/10\/logo.png\",\"width\":400,\"height\":120,\"caption\":\"Wiet Koop Winkel\"},\"image\":{\"@id\":\"https:\/\/wietkoopwinkel.com\/#\/schema\/logo\/image\/\"}}]}<\/script>\n<!-- \/ Yoast SEO plugin. -->","yoast_head_json":{"title":"Hash 420 - Wiet Koop Winkel","robots":{"index":"index","follow":"follow","max-snippet":"max-snippet:-1","max-image-preview":"max-image-preview:large","max-video-preview":"max-video-preview:-1"},"canonical":"https:\/\/wietkoopwinkel.com\/hu\/termek\/hash-420\/","og_locale":"hu_HU","og_type":"article","og_title":"Hash 420 - Wiet Koop Winkel","og_description":"Hasj kopen De gecombineerde hars van de cannabisplant wordt gebruikt om hasj 420 te maken. THC, het belangrijkste bestanddeel van de cannabisplant dat het bewustzijn verandert, is overvloedig aanwezig in de hars. Een harsachtige substantie van de cannabisplant met een roodbruine tot zwarte kleur staat bekend als hasj. Afgebroken stukken worden in pijpen gestopt en...","og_url":"https:\/\/wietkoopwinkel.com\/hu\/termek\/hash-420\/","og_site_name":"Wiet Koop Winkel","article_modified_time":"2024-04-04T02:58:11+00:00","og_image":[{"width":600,"height":600,"url":"https:\/\/wietkoopwinkel.com\/wp-content\/uploads\/2023\/09\/Hash-420-1.jpg","type":"image\/jpeg"}],"twitter_card":"summary_large_image","twitter_misc":{"Becs\u00fclt olvas\u00e1si id\u0151":"1 perc"},"schema":{"@context":"https:\/\/schema.org","@graph":[{"@type":"WebPage","@id":"https:\/\/wietkoopwinkel.com\/product\/hash-420\/","url":"https:\/\/wietkoopwinkel.com\/product\/hash-420\/","name":"Hash 420 - Wiet Koop Winkel","isPartOf":{"@id":"https:\/\/wietkoopwinkel.com\/#website"},"primaryImageOfPage":{"@id":"https:\/\/wietkoopwinkel.com\/product\/hash-420\/#primaryimage"},"image":{"@id":"https:\/\/wietkoopwinkel.com\/product\/hash-420\/#primaryimage"},"thumbnailUrl":"https:\/\/wietkoopwinkel.com\/wp-content\/uploads\/2023\/09\/Hash-420-1.jpg","datePublished":"2023-09-30T10:19:03+00:00","dateModified":"2024-04-04T02:58:11+00:00","breadcrumb":{"@id":"https:\/\/wietkoopwinkel.com\/product\/hash-420\/#breadcrumb"},"inLanguage":"hu","potentialAction":[{"@type":"ReadAction","target":["https:\/\/wietkoopwinkel.com\/product\/hash-420\/"]}]},{"@type":"ImageObject","inLanguage":"hu","@id":"https:\/\/wietkoopwinkel.com\/product\/hash-420\/#primaryimage","url":"https:\/\/wietkoopwinkel.com\/wp-content\/uploads\/2023\/09\/Hash-420-1.jpg","contentUrl":"https:\/\/wietkoopwinkel.com\/wp-content\/uploads\/2023\/09\/Hash-420-1.jpg","width":600,"height":600,"caption":"Hash 420"},{"@type":"BreadcrumbList","@id":"https:\/\/wietkoopwinkel.com\/product\/hash-420\/#breadcrumb","itemListElement":[{"@type":"ListItem","position":1,"name":"Home","item":"https:\/\/wietkoopwinkel.com\/"},{"@type":"ListItem","position":2,"name":"Winkel","item":"https:\/\/wietkoopwinkel.com\/winkel\/"},{"@type":"ListItem","position":3,"name":"Hash 420"}]},{"@type":"WebSite","@id":"https:\/\/wietkoopwinkel.com\/#website","url":"https:\/\/wietkoopwinkel.com\/","name":"Wiet Koop Winkel","description":"My WordPress Blog","publisher":{"@id":"https:\/\/wietkoopwinkel.com\/#organization"},"potentialAction":[{"@type":"SearchAction","target":{"@type":"EntryPoint","urlTemplate":"https:\/\/wietkoopwinkel.com\/?s={search_term_string}"},"query-input":{"@type":"PropertyValueSpecification","valueRequired":true,"valueName":"search_term_string"}}],"inLanguage":"hu"},{"@type":"Organization","@id":"https:\/\/wietkoopwinkel.com\/#organization","name":"Wiet Koop Winkel","url":"https:\/\/wietkoopwinkel.com\/","logo":{"@type":"ImageObject","inLanguage":"hu","@id":"https:\/\/wietkoopwinkel.com\/#\/schema\/logo\/image\/","url":"https:\/\/wietkoopwinkel.com\/wp-content\/uploads\/2023\/10\/logo.png","contentUrl":"https:\/\/wietkoopwinkel.com\/wp-content\/uploads\/2023\/10\/logo.png","width":400,"height":120,"caption":"Wiet Koop Winkel"},"image":{"@id":"https:\/\/wietkoopwinkel.com\/#\/schema\/logo\/image\/"}}]}},"_links":{"self":[{"href":"https:\/\/wietkoopwinkel.com\/hu\/wp-json\/wp\/v2\/product\/1348","targetHints":{"allow":["GET"]}}],"collection":[{"href":"https:\/\/wietkoopwinkel.com\/hu\/wp-json\/wp\/v2\/product"}],"about":[{"href":"https:\/\/wietkoopwinkel.com\/hu\/wp-json\/wp\/v2\/types\/product"}],"replies":[{"embeddable":true,"href":"https:\/\/wietkoopwinkel.com\/hu\/wp-json\/wp\/v2\/comments?post=1348"}],"wp:featuredmedia":[{"embeddable":true,"href":"https:\/\/wietkoopwinkel.com\/hu\/wp-json\/wp\/v2\/media\/1470"}],"wp:attachment":[{"href":"https:\/\/wietkoopwinkel.com\/hu\/wp-json\/wp\/v2\/media?parent=1348"}],"wp:term":[{"taxonomy":"product_cat","embeddable":true,"href":"https:\/\/wietkoopwinkel.com\/hu\/wp-json\/wp\/v2\/product_cat?post=1348"},{"taxonomy":"product_tag","embeddable":true,"href":"https:\/\/wietkoopwinkel.com\/hu\/wp-json\/wp\/v2\/product_tag?post=1348"}],"curies":[{"name":"wp","href":"https:\/\/api.w.org\/{rel}","templated":true}]}}