{"id":1347,"date":"2023-09-30T10:18:33","date_gmt":"2023-09-30T10:18:33","guid":{"rendered":"https:\/\/nembutalhouse.com\/weed\/?post_type=product&#038;p=1347"},"modified":"2024-01-03T11:11:30","modified_gmt":"2024-01-03T11:11:30","slug":"bubble-hash","status":"publish","type":"product","link":"https:\/\/wietkoopwinkel.com\/hu\/termek\/bubble-hash\/","title":{"rendered":"Bubble Hash"},"content":{"rendered":"<p>A kannabiszr\u00fcgyeket egyre v\u00e9konyabb sz\u0171r\u0151zacsk\u00f3kon pr\u00e9selik \u00e1t, am\u00edg koncentr\u00e1tumot nem kapnak, \u00e9s \u00edgy bubor\u00e9kos hasis, azaz kannabiszkivonat keletkezik bel\u0151l\u00fck. \u00c1ltal\u00e1ban hideg v\u00edzben k\u00e9sz\u00edtik. \u00cdgy a bubble hash old\u00f3szer n\u00e9lk\u00fcl k\u00e9sz\u00fcl, ellent\u00e9tben az olyan kivonatokkal, mint a but\u00e1nm\u00e9zolaj. Ennek eredm\u00e9nyek\u00e9nt a f\u00fcst tiszt\u00e1bb, \u00e9s a n\u00f6v\u00e9ny \u00edzei \u00e9s terp\u00e9njei m\u00e9g jobban ki\u00e9lhet\u0151k.<\/p>\n<p>A hasisolajhoz hasonl\u00f3an a bubor\u00e9kos hasist is \u00e1ltal\u00e1ban pip\u00e1ban sz\u00edvj\u00e1k, nem pedig dab-riggel.<\/p>\n<p>A bubor\u00e9kos hasis a kannabisz n\u00f6v\u00e9ny trichom\u00e1ib\u00f3l \u00e1ll. M\u00e1s kannabinoidokkal \u00e9s terp\u00e9nekkel egy\u00fctt ezek a trichom\u00e1k gyakran 30 \u00e9s 60% THC-t tartalmaznak, \u00edgy kellemes \u00e9s er\u0151s alternat\u00edv\u00e1t jelentenek.<\/p>\n<p>A bubor\u00e9kos hasis \u00e1llaga, amely a pasztaszer\u0171t\u0151l a porszer\u0171ig terjedhet, \u00e1ltal\u00e1ban pr\u00e9seletlen \u00e9s szinte morzsal\u00e9kos. A sz\u00edne is v\u00e1ltozhat, a sz\u0151k\u00e9t\u0151l a v\u00f6r\u00f6sig, sz\u00e9ls\u0151s\u00e9ges esetben ak\u00e1r feket\u00e9ig.<\/p>\n<p>Gyakran hallani, hogy a bubor\u00e9kos hasis pip\u00e1n kereszt\u00fcl t\u00f6rt\u00e9n\u0151 elsz\u00edv\u00e1s\u00e1hoz \"hasis pip\u00e1ra\" van sz\u00fcks\u00e9g.<\/p>\n<p>De nem sok minden k\u00fcl\u00f6nb\u00f6zteti meg a hasis pip\u00e1t att\u00f3l, amit vir\u00e1gf\u00fcst\u00f6l\u00e9sre haszn\u00e1l.<\/p>\n<p>Amikor az emberek hasiscs\u00f6vekr\u0151l besz\u00e9lnek, gyakran olyan cs\u00f6vekre gondolnak, amelyeknek finom h\u00e1l\u00f3s szit\u00e1ja megakad\u00e1lyozza, hogy az apr\u00f3 hasisdarabok \u00e1tessenek rajta. Ez\u00e9rt, ha m\u00e1r van pip\u00e1ja, haszn\u00e1lhatja azt v\u00edzsz\u0171r\u00e9sre \u00fagy, hogy egy szoros h\u00e1l\u00f3s szit\u00e1t helyez a t\u00e1lba, \u00e9s hasist fogyaszthat.Utas\u00edt\u00e1sok a norm\u00e1l pip\u00e1hoz<\/p>\n<h2>T\u00f6ltse meg a cs\u0151fejet finomh\u00e1l\u00f3kkal.<\/h2>\n<p>Helyezzen n\u00e9h\u00e1ny marihu\u00e1na vir\u00e1got a t\u00e1lba. Val\u00f3j\u00e1ban csak annyi kell, hogy a bubor\u00e9kos hasisnak legyen hol aludnia. Azt azonban, hogy mennyi vir\u00e1got helyezel a t\u00e1lba, a t\u0171r\u0151k\u00e9pess\u00e9ged \u00e9s szem\u00e9lyes preferenci\u00e1id alapj\u00e1n d\u00f6nt\u00f6d el. A m\u00e1mor er\u0151ss\u00e9ge a t\u00e1lba helyezett vir\u00e1gmennyis\u00e9ggel egy\u00fctt n\u0151.<br \/>\nV\u00e1gjunk apr\u00f3 darabokra egy kis bubor\u00e9kos hasist. Ezeknek a darabk\u00e1knak apr\u00f3 morzs\u00e1kra kell hasonl\u00edtaniuk. A m\u00e9retre vonatkoz\u00f3an nincs sz\u00fcks\u00e9g pontoss\u00e1gra. K\u00f6r\u00fclbel\u00fcl 1-2 mm-es n\u00e9gyzet alak\u00fanak kell lenni\u00fck. De ne agg\u00f3djon amiatt, hogy m\u00e9r\u0151szalaggal m\u00e9rje meg \u0151ket. Csak haszn\u00e1lja a j\u00f3zan esz\u00e9t.<\/p>\n<h3>Utas\u00edt\u00e1sok sima cs\u0151h\u00f6z<\/h3>\n<p>T\u00f6ltse meg a cs\u0151fejet finomh\u00e1l\u00f3kkal.<br \/>\nHelyezzen n\u00e9h\u00e1ny marihu\u00e1na vir\u00e1got a t\u00e1lba. Val\u00f3j\u00e1ban csak annyi kell, hogy a bubor\u00e9kos hasisnak legyen hol aludnia. Azt azonban, hogy mennyi vir\u00e1got helyezel a t\u00e1lba, a t\u0171r\u0151k\u00e9pess\u00e9ged \u00e9s szem\u00e9lyes preferenci\u00e1id alapj\u00e1n d\u00f6nt\u00f6d el. A m\u00e1mor er\u0151ss\u00e9ge a t\u00e1lba helyezett vir\u00e1gmennyis\u00e9ggel egy\u00fctt n\u0151.<br \/>\nV\u00e1gjunk apr\u00f3 darabokra egy kis bubor\u00e9kos hasist. Ezeknek a darabk\u00e1knak apr\u00f3 morzs\u00e1kra kell hasonl\u00edtaniuk. A m\u00e9retre vonatkoz\u00f3an nincs sz\u00fcks\u00e9g pontoss\u00e1gra. K\u00f6r\u00fclbel\u00fcl 1-2 mm-es n\u00e9gyzet alak\u00fanak kell lenni\u00fck. De ne agg\u00f3djon amiatt, hogy m\u00e9r\u0151szalaggal m\u00e9rje meg \u0151ket. Csak haszn\u00e1lja a j\u00f3zan esz\u00e9t. Ez nem rak\u00e9tatudom\u00e1ny.<br \/>\nSz\u00f3rja a kannabiszt a pipat\u00e1lba n\u00e9h\u00e1ny darab bubor\u00e9kos hasissal. A hasist ne a pipa k\u00f6zep\u00e9re tegye, hanem a pip\u00e1k oldalaihoz k\u00f6zel.<br \/>\nTartsa az \u00f6ngy\u00fajt\u00f3 l\u00e1ngj\u00e1t k\u00f6zvetlen\u00fcl a hasis f\u00f6l\u00e9, \u00e9s l\u00e9legezzen lassan \u00e9s m\u00e9lyen. K\u00f6zvetlen\u00fcl a hasisdarabok felett a l\u00e1ngnak t\u00e1ncolnia kell. Elfogadhat\u00f3, ha a l\u00e1ng valaha is hozz\u00e1\u00e9r a hasishoz. A hasis el\u00e9get\u00e9se helyett a f\u0151 c\u00e9l a hasis elp\u00e1rologtat\u00e1sa. Ha el\u00e9g sok\u00e1ig gondosan k\u00f6veti ezeket az utas\u00edt\u00e1sokat, v\u00e9g\u00fcl l\u00e1tni fogja, hogy a hasis elkezd bubor\u00e9kolni \u00e9s g\u0151zt sz\u00edvni a pip\u00e1n kereszt\u00fcl.<br \/>\nFolytassa az 5. l\u00e9p\u00e9st addig, am\u00edg csak lehets\u00e9ges, vagy am\u00edg el nem fogy a hasis. Ezut\u00e1n hagyja, hogy a l\u00e1ng meggy\u00fajtsa a marad\u00e9k hasist \u00e9s a vir\u00e1g\u00e1gy\u00e1st. Fejezze be a t\u00e1lat \u00fagy, mint egy tipikus t\u00e1l kannabiszr\u00fcgyet, lass\u00fa, m\u00e9ly l\u00e9legzetv\u00e9telekkel.<\/p>\n<h3>Hogyan kell hasis pip\u00e1t haszn\u00e1lni a bubor\u00e9kos hasis elsz\u00edv\u00e1s\u00e1hoz?<\/h3>\n<p>A legjobb hasis pip\u00e1k kialak\u00edt\u00e1sa nagyban k\u00fcl\u00f6nb\u00f6zik a standard pip\u00e1kt\u00f3l. A hasis pip\u00e1knak \u00e1ltal\u00e1ban egyn\u00e9l t\u00f6bb kis lyuk van a t\u00e1l tetej\u00e9n, ellent\u00e9tben a hagyom\u00e1nyos pip\u00e1kkal, amelyeknek csak egy lyuk van a t\u00e1l alj\u00e1n. A hasist \u00edgy a t\u00e1l alj\u00e1n lehet elp\u00e1rologtatni, lehet\u0151v\u00e9 t\u00e9ve a g\u0151z felemelked\u00e9s\u00e9t \u00e9s bejut\u00e1s\u00e1t a t\u00e1l tetej\u00e9n l\u00e9v\u0151 lyukakon kereszt\u00fcl.<\/p>\n<h3>A hash pipe haszn\u00e1lat\u00e1nak menete a k\u00f6vetkez\u0151:<\/h3>\n<p>V\u00e1gjunk apr\u00f3 darabokra egy kis bubor\u00e9kos hasist. Nem kell rendk\u00edv\u00fcl prec\u00edznek lennie, csak\u00fagy, mint a hagyom\u00e1nyos pip\u00e1ban val\u00f3 f\u00fcst\u00f6l\u00e9sn\u00e9l. Azonban t\u00f6rekedjen arra, hogy k\u00f6r\u00fclbel\u00fcl 1-2 mm-es n\u00e9gyzet alak\u00fa legyen. Ism\u00e9t csak te d\u00f6ntsd el, ne gondold t\u00fal.<br \/>\nT\u00f6ltsd meg a hasis pip\u00e1d t\u00e1lj\u00e1t n\u00e9h\u00e1ny bubor\u00e9kos hasisr\u00e9szecsk\u00e9vel.<br \/>\nP\u00e1rologtassa el a hasist egy \"\u00fcvegp\u00e1lc\u00e1val\". Ehhez a p\u00e1lca hegy\u00e9t k\u00f6r\u00fclbel\u00fcl 40 m\u00e1sodpercig meleg\u00edtse. A p\u00e1lca hegy\u00e9t addig a pontig kell meleg\u00edteni, am\u00edg majdnem pirosra nem v\u00e1ltozik.<br \/>\nAz \u00fcvegp\u00e1lca hegy\u00e9vel \u00f3vatosan d\u00f6rzs\u00f6lje be a hasist a hasiscs\u0151 alj\u00e1ba. Ezzel bel\u00e9legzi a bubor\u00e9kos hasis \u00e1ltal termelt g\u0151zt a pip\u00e1n kereszt\u00fcl.<br \/>\nHagyja a g\u0151zt t\u00e1vozni, \u00e9s l\u00e9legezze be.<\/p>","protected":false},"excerpt":{"rendered":"<p>Cannabistoppen worden door steeds dunnere filterzakken geperst totdat ze een concentraat worden om bubble hasj, een cannabisextract, te cre\u00ebren. Meestal wordt het bereid in koud water. Zo wordt bubble hasj geproduceerd zonder dat er een oplosmiddel nodig is, in tegenstelling tot extracten zoals butaanhoningolie. Het resultaat is dat de rook schoner is en dat de&#8230;<\/p>","protected":false},"featured_media":1469,"comment_status":"open","ping_status":"closed","template":"","meta":{"_kad_post_transparent":"default","_kad_post_title":"","_kad_post_layout":"default","_kad_post_sidebar_id":"","_kad_post_content_style":"default","_kad_post_vertical_padding":"default","_kad_post_feature":"","_kad_post_feature_position":"","_kad_post_header":false,"_kad_post_footer":false,"_joinchat":[]},"product_cat":[31],"product_tag":[],"class_list":["post-1347","product","type-product","status-publish","has-post-thumbnail","hentry","product_cat-hasj","entry","content-bg","loop-entry"],"yoast_head":"<!-- This site is optimized with the Yoast SEO plugin v26.3 - https:\/\/yoast.com\/wordpress\/plugins\/seo\/ -->\n<title>Bubble Hash - Wiet Koop Winkel<\/title>\n<meta name=\"robots\" content=\"index, follow, max-snippet:-1, max-image-preview:large, max-video-preview:-1\" \/>\n<link rel=\"canonical\" href=\"https:\/\/wietkoopwinkel.com\/hu\/termek\/bubble-hash\/\" \/>\n<meta property=\"og:locale\" content=\"hu_HU\" \/>\n<meta property=\"og:type\" content=\"article\" \/>\n<meta property=\"og:title\" content=\"Bubble Hash - Wiet Koop Winkel\" \/>\n<meta property=\"og:description\" content=\"Cannabistoppen worden door steeds dunnere filterzakken geperst totdat ze een concentraat worden om bubble hasj, een cannabisextract, te cre\u00ebren. Meestal wordt het bereid in koud water. Zo wordt bubble hasj geproduceerd zonder dat er een oplosmiddel nodig is, in tegenstelling tot extracten zoals butaanhoningolie. Het resultaat is dat de rook schoner is en dat de...\" \/>\n<meta property=\"og:url\" content=\"https:\/\/wietkoopwinkel.com\/hu\/termek\/bubble-hash\/\" \/>\n<meta property=\"og:site_name\" content=\"Wiet Koop Winkel\" \/>\n<meta property=\"article:modified_time\" content=\"2024-01-03T11:11:30+00:00\" \/>\n<meta property=\"og:image\" content=\"https:\/\/wietkoopwinkel.com\/wp-content\/uploads\/2023\/09\/Bubble-Hash-1.jpg\" \/>\n\t<meta property=\"og:image:width\" content=\"600\" \/>\n\t<meta property=\"og:image:height\" content=\"600\" \/>\n\t<meta property=\"og:image:type\" content=\"image\/jpeg\" \/>\n<meta name=\"twitter:card\" content=\"summary_large_image\" \/>\n<meta name=\"twitter:label1\" content=\"Becs\u00fclt olvas\u00e1si id\u0151\" \/>\n\t<meta name=\"twitter:data1\" content=\"4 perc\" \/>\n<script type=\"application\/ld+json\" class=\"yoast-schema-graph\">{\"@context\":\"https:\/\/schema.org\",\"@graph\":[{\"@type\":\"WebPage\",\"@id\":\"https:\/\/wietkoopwinkel.com\/product\/bubble-hash\/\",\"url\":\"https:\/\/wietkoopwinkel.com\/product\/bubble-hash\/\",\"name\":\"Bubble Hash - Wiet Koop Winkel\",\"isPartOf\":{\"@id\":\"https:\/\/wietkoopwinkel.com\/#website\"},\"primaryImageOfPage\":{\"@id\":\"https:\/\/wietkoopwinkel.com\/product\/bubble-hash\/#primaryimage\"},\"image\":{\"@id\":\"https:\/\/wietkoopwinkel.com\/product\/bubble-hash\/#primaryimage\"},\"thumbnailUrl\":\"https:\/\/wietkoopwinkel.com\/wp-content\/uploads\/2023\/09\/Bubble-Hash-1.jpg\",\"datePublished\":\"2023-09-30T10:18:33+00:00\",\"dateModified\":\"2024-01-03T11:11:30+00:00\",\"breadcrumb\":{\"@id\":\"https:\/\/wietkoopwinkel.com\/product\/bubble-hash\/#breadcrumb\"},\"inLanguage\":\"hu\",\"potentialAction\":[{\"@type\":\"ReadAction\",\"target\":[\"https:\/\/wietkoopwinkel.com\/product\/bubble-hash\/\"]}]},{\"@type\":\"ImageObject\",\"inLanguage\":\"hu\",\"@id\":\"https:\/\/wietkoopwinkel.com\/product\/bubble-hash\/#primaryimage\",\"url\":\"https:\/\/wietkoopwinkel.com\/wp-content\/uploads\/2023\/09\/Bubble-Hash-1.jpg\",\"contentUrl\":\"https:\/\/wietkoopwinkel.com\/wp-content\/uploads\/2023\/09\/Bubble-Hash-1.jpg\",\"width\":600,\"height\":600,\"caption\":\"Bubble Hash\"},{\"@type\":\"BreadcrumbList\",\"@id\":\"https:\/\/wietkoopwinkel.com\/product\/bubble-hash\/#breadcrumb\",\"itemListElement\":[{\"@type\":\"ListItem\",\"position\":1,\"name\":\"Home\",\"item\":\"https:\/\/wietkoopwinkel.com\/\"},{\"@type\":\"ListItem\",\"position\":2,\"name\":\"Winkel\",\"item\":\"https:\/\/wietkoopwinkel.com\/winkel\/\"},{\"@type\":\"ListItem\",\"position\":3,\"name\":\"Bubble Hash\"}]},{\"@type\":\"WebSite\",\"@id\":\"https:\/\/wietkoopwinkel.com\/#website\",\"url\":\"https:\/\/wietkoopwinkel.com\/\",\"name\":\"Wiet Koop Winkel\",\"description\":\"My WordPress Blog\",\"publisher\":{\"@id\":\"https:\/\/wietkoopwinkel.com\/#organization\"},\"potentialAction\":[{\"@type\":\"SearchAction\",\"target\":{\"@type\":\"EntryPoint\",\"urlTemplate\":\"https:\/\/wietkoopwinkel.com\/?s={search_term_string}\"},\"query-input\":{\"@type\":\"PropertyValueSpecification\",\"valueRequired\":true,\"valueName\":\"search_term_string\"}}],\"inLanguage\":\"hu\"},{\"@type\":\"Organization\",\"@id\":\"https:\/\/wietkoopwinkel.com\/#organization\",\"name\":\"Wiet Koop Winkel\",\"url\":\"https:\/\/wietkoopwinkel.com\/\",\"logo\":{\"@type\":\"ImageObject\",\"inLanguage\":\"hu\",\"@id\":\"https:\/\/wietkoopwinkel.com\/#\/schema\/logo\/image\/\",\"url\":\"https:\/\/wietkoopwinkel.com\/wp-content\/uploads\/2023\/10\/logo.png\",\"contentUrl\":\"https:\/\/wietkoopwinkel.com\/wp-content\/uploads\/2023\/10\/logo.png\",\"width\":400,\"height\":120,\"caption\":\"Wiet Koop Winkel\"},\"image\":{\"@id\":\"https:\/\/wietkoopwinkel.com\/#\/schema\/logo\/image\/\"}}]}<\/script>\n<!-- \/ Yoast SEO plugin. -->","yoast_head_json":{"title":"Bubble Hash - Wiet Koop Winkel","robots":{"index":"index","follow":"follow","max-snippet":"max-snippet:-1","max-image-preview":"max-image-preview:large","max-video-preview":"max-video-preview:-1"},"canonical":"https:\/\/wietkoopwinkel.com\/hu\/termek\/bubble-hash\/","og_locale":"hu_HU","og_type":"article","og_title":"Bubble Hash - Wiet Koop Winkel","og_description":"Cannabistoppen worden door steeds dunnere filterzakken geperst totdat ze een concentraat worden om bubble hasj, een cannabisextract, te cre\u00ebren. Meestal wordt het bereid in koud water. Zo wordt bubble hasj geproduceerd zonder dat er een oplosmiddel nodig is, in tegenstelling tot extracten zoals butaanhoningolie. Het resultaat is dat de rook schoner is en dat de...","og_url":"https:\/\/wietkoopwinkel.com\/hu\/termek\/bubble-hash\/","og_site_name":"Wiet Koop Winkel","article_modified_time":"2024-01-03T11:11:30+00:00","og_image":[{"width":600,"height":600,"url":"https:\/\/wietkoopwinkel.com\/wp-content\/uploads\/2023\/09\/Bubble-Hash-1.jpg","type":"image\/jpeg"}],"twitter_card":"summary_large_image","twitter_misc":{"Becs\u00fclt olvas\u00e1si id\u0151":"4 perc"},"schema":{"@context":"https:\/\/schema.org","@graph":[{"@type":"WebPage","@id":"https:\/\/wietkoopwinkel.com\/product\/bubble-hash\/","url":"https:\/\/wietkoopwinkel.com\/product\/bubble-hash\/","name":"Bubble Hash - Wiet Koop Winkel","isPartOf":{"@id":"https:\/\/wietkoopwinkel.com\/#website"},"primaryImageOfPage":{"@id":"https:\/\/wietkoopwinkel.com\/product\/bubble-hash\/#primaryimage"},"image":{"@id":"https:\/\/wietkoopwinkel.com\/product\/bubble-hash\/#primaryimage"},"thumbnailUrl":"https:\/\/wietkoopwinkel.com\/wp-content\/uploads\/2023\/09\/Bubble-Hash-1.jpg","datePublished":"2023-09-30T10:18:33+00:00","dateModified":"2024-01-03T11:11:30+00:00","breadcrumb":{"@id":"https:\/\/wietkoopwinkel.com\/product\/bubble-hash\/#breadcrumb"},"inLanguage":"hu","potentialAction":[{"@type":"ReadAction","target":["https:\/\/wietkoopwinkel.com\/product\/bubble-hash\/"]}]},{"@type":"ImageObject","inLanguage":"hu","@id":"https:\/\/wietkoopwinkel.com\/product\/bubble-hash\/#primaryimage","url":"https:\/\/wietkoopwinkel.com\/wp-content\/uploads\/2023\/09\/Bubble-Hash-1.jpg","contentUrl":"https:\/\/wietkoopwinkel.com\/wp-content\/uploads\/2023\/09\/Bubble-Hash-1.jpg","width":600,"height":600,"caption":"Bubble Hash"},{"@type":"BreadcrumbList","@id":"https:\/\/wietkoopwinkel.com\/product\/bubble-hash\/#breadcrumb","itemListElement":[{"@type":"ListItem","position":1,"name":"Home","item":"https:\/\/wietkoopwinkel.com\/"},{"@type":"ListItem","position":2,"name":"Winkel","item":"https:\/\/wietkoopwinkel.com\/winkel\/"},{"@type":"ListItem","position":3,"name":"Bubble Hash"}]},{"@type":"WebSite","@id":"https:\/\/wietkoopwinkel.com\/#website","url":"https:\/\/wietkoopwinkel.com\/","name":"Wiet Koop Winkel","description":"My WordPress Blog","publisher":{"@id":"https:\/\/wietkoopwinkel.com\/#organization"},"potentialAction":[{"@type":"SearchAction","target":{"@type":"EntryPoint","urlTemplate":"https:\/\/wietkoopwinkel.com\/?s={search_term_string}"},"query-input":{"@type":"PropertyValueSpecification","valueRequired":true,"valueName":"search_term_string"}}],"inLanguage":"hu"},{"@type":"Organization","@id":"https:\/\/wietkoopwinkel.com\/#organization","name":"Wiet Koop Winkel","url":"https:\/\/wietkoopwinkel.com\/","logo":{"@type":"ImageObject","inLanguage":"hu","@id":"https:\/\/wietkoopwinkel.com\/#\/schema\/logo\/image\/","url":"https:\/\/wietkoopwinkel.com\/wp-content\/uploads\/2023\/10\/logo.png","contentUrl":"https:\/\/wietkoopwinkel.com\/wp-content\/uploads\/2023\/10\/logo.png","width":400,"height":120,"caption":"Wiet Koop Winkel"},"image":{"@id":"https:\/\/wietkoopwinkel.com\/#\/schema\/logo\/image\/"}}]}},"_links":{"self":[{"href":"https:\/\/wietkoopwinkel.com\/hu\/wp-json\/wp\/v2\/product\/1347","targetHints":{"allow":["GET"]}}],"collection":[{"href":"https:\/\/wietkoopwinkel.com\/hu\/wp-json\/wp\/v2\/product"}],"about":[{"href":"https:\/\/wietkoopwinkel.com\/hu\/wp-json\/wp\/v2\/types\/product"}],"replies":[{"embeddable":true,"href":"https:\/\/wietkoopwinkel.com\/hu\/wp-json\/wp\/v2\/comments?post=1347"}],"wp:featuredmedia":[{"embeddable":true,"href":"https:\/\/wietkoopwinkel.com\/hu\/wp-json\/wp\/v2\/media\/1469"}],"wp:attachment":[{"href":"https:\/\/wietkoopwinkel.com\/hu\/wp-json\/wp\/v2\/media?parent=1347"}],"wp:term":[{"taxonomy":"product_cat","embeddable":true,"href":"https:\/\/wietkoopwinkel.com\/hu\/wp-json\/wp\/v2\/product_cat?post=1347"},{"taxonomy":"product_tag","embeddable":true,"href":"https:\/\/wietkoopwinkel.com\/hu\/wp-json\/wp\/v2\/product_tag?post=1347"}],"curies":[{"name":"wp","href":"https:\/\/api.w.org\/{rel}","templated":true}]}}