{"id":1346,"date":"2023-09-30T10:17:52","date_gmt":"2023-09-30T10:17:52","guid":{"rendered":"https:\/\/nembutalhouse.com\/weed\/?post_type=product&#038;p=1346"},"modified":"2024-01-03T11:04:33","modified_gmt":"2024-01-03T11:04:33","slug":"rolex-hash","status":"publish","type":"product","link":"https:\/\/wietkoopwinkel.com\/hu\/termek\/rolex-hash\/","title":{"rendered":"Rolex Hash"},"content":{"rendered":"<h2>V\u00e1s\u00e1roljon Rolex hash<\/h2>\n<p>Ismerje meg a Rolex 2023 Hash-t, egy \u00fajabb pr\u00e9mium kateg\u00f3ri\u00e1s hazai hasist. A hagyom\u00e1nyos v\u00e1ltozatokhoz k\u00e9pest sok hazai hasisnak van egy saj\u00e1tos csavarja. Ez az\u00e9rt van, mert a legt\u00f6bb hazai hasist meleg\u00edtik \u00e9s nyom\u00e1s alatt pr\u00e9selik, \u00edgy egy hajl\u00e9kony, tart\u00f3s \u00e9s k\u00f6nnyen kezelhet\u0151 term\u00e9k j\u00f6n l\u00e9tre. A kiindul\u00e1si alapk\u00e9nt az \u00e9ppen leszedett \u00e9s lefagyasztott indica vir\u00e1gok szolg\u00e1lnak. Apr\u00f3l\u00e9kosan \u00f6sszegy\u0171jtj\u00fck \u00e9s elk\u00fcl\u00f6n\u00edtj\u00fck a fagyasztott THC trichom\u00e1kat a nem k\u00edv\u00e1nt n\u00f6v\u00e9nyi anyagt\u00f3l. A pr\u00e9sel\u00e9s ut\u00e1n ezeket a trichom\u00e1kat min\u0151s\u00e9gi pecs\u00e9ttel z\u00e1rjuk le.<\/p>\n<p>A tiszta THC-k\u00f6veket ezut\u00e1n gondosan, ide\u00e1lis k\u00f6r\u00fclm\u00e9nyek k\u00f6z\u00f6tt \u00e9rlelik, er\u0151teljes, f\u00f6ldes \u00edzeket \u00e9s kiv\u00e9telesen sima doh\u00e1nyz\u00e1si \u00e9lm\u00e9nyt biztos\u00edtva. A Rolex 2023 Hash terp\u00e9nprofilja hasonl\u00f3 a j\u00f3l ismert nyugati parti fajt\u00e1khoz, mint a BC Kush, Master Kush \u00e9s Rockstar. Az \u00ednyencek \u00e9lvezni fogj\u00e1k az er\u0151s kariofil\u00e9n terp\u00e9nek borsos erej\u00e9t \u00e9s finom vir\u00e1gos jegyeit.<\/p>","protected":false},"excerpt":{"rendered":"<p>Rolex hasj kopen Maak kennis met Rolex 2023 Hash, nog een premium binnenlandse hasj. Vergeleken met conventionele versies hebben veel huishashes een onderscheidende twist. Dit komt omdat het merendeel van de binnenlandse hasj wordt verwarmd en onder druk wordt geperst, waardoor een buigzaam, duurzaam product ontstaat dat eenvoudig te hanteren is. Indicabloemen die net zijn&#8230;<\/p>","protected":false},"featured_media":1468,"comment_status":"open","ping_status":"closed","template":"","meta":{"_kad_post_transparent":"default","_kad_post_title":"","_kad_post_layout":"default","_kad_post_sidebar_id":"","_kad_post_content_style":"default","_kad_post_vertical_padding":"default","_kad_post_feature":"","_kad_post_feature_position":"","_kad_post_header":false,"_kad_post_footer":false,"_joinchat":[]},"product_cat":[31],"product_tag":[],"class_list":["post-1346","product","type-product","status-publish","has-post-thumbnail","hentry","product_cat-hasj","entry","content-bg","loop-entry"],"yoast_head":"<!-- This site is optimized with the Yoast SEO plugin v26.3 - https:\/\/yoast.com\/wordpress\/plugins\/seo\/ -->\n<title>Rolex Hash - Wiet Koop Winkel<\/title>\n<meta name=\"robots\" content=\"index, follow, max-snippet:-1, max-image-preview:large, max-video-preview:-1\" \/>\n<link rel=\"canonical\" href=\"https:\/\/wietkoopwinkel.com\/hu\/termek\/rolex-hash\/\" \/>\n<meta property=\"og:locale\" content=\"hu_HU\" \/>\n<meta property=\"og:type\" content=\"article\" \/>\n<meta property=\"og:title\" content=\"Rolex Hash - Wiet Koop Winkel\" \/>\n<meta property=\"og:description\" content=\"Rolex hasj kopen Maak kennis met Rolex 2023 Hash, nog een premium binnenlandse hasj. Vergeleken met conventionele versies hebben veel huishashes een onderscheidende twist. Dit komt omdat het merendeel van de binnenlandse hasj wordt verwarmd en onder druk wordt geperst, waardoor een buigzaam, duurzaam product ontstaat dat eenvoudig te hanteren is. Indicabloemen die net zijn...\" \/>\n<meta property=\"og:url\" content=\"https:\/\/wietkoopwinkel.com\/hu\/termek\/rolex-hash\/\" \/>\n<meta property=\"og:site_name\" content=\"Wiet Koop Winkel\" \/>\n<meta property=\"article:modified_time\" content=\"2024-01-03T11:04:33+00:00\" \/>\n<meta property=\"og:image\" content=\"https:\/\/wietkoopwinkel.com\/wp-content\/uploads\/2023\/09\/Rolex-Hash-1.jpg\" \/>\n\t<meta property=\"og:image:width\" content=\"600\" \/>\n\t<meta property=\"og:image:height\" content=\"600\" \/>\n\t<meta property=\"og:image:type\" content=\"image\/jpeg\" \/>\n<meta name=\"twitter:card\" content=\"summary_large_image\" \/>\n<meta name=\"twitter:label1\" content=\"Becs\u00fclt olvas\u00e1si id\u0151\" \/>\n\t<meta name=\"twitter:data1\" content=\"1 perc\" \/>\n<script type=\"application\/ld+json\" class=\"yoast-schema-graph\">{\"@context\":\"https:\/\/schema.org\",\"@graph\":[{\"@type\":\"WebPage\",\"@id\":\"https:\/\/wietkoopwinkel.com\/product\/rolex-hash\/\",\"url\":\"https:\/\/wietkoopwinkel.com\/product\/rolex-hash\/\",\"name\":\"Rolex Hash - Wiet Koop Winkel\",\"isPartOf\":{\"@id\":\"https:\/\/wietkoopwinkel.com\/#website\"},\"primaryImageOfPage\":{\"@id\":\"https:\/\/wietkoopwinkel.com\/product\/rolex-hash\/#primaryimage\"},\"image\":{\"@id\":\"https:\/\/wietkoopwinkel.com\/product\/rolex-hash\/#primaryimage\"},\"thumbnailUrl\":\"https:\/\/wietkoopwinkel.com\/wp-content\/uploads\/2023\/09\/Rolex-Hash-1.jpg\",\"datePublished\":\"2023-09-30T10:17:52+00:00\",\"dateModified\":\"2024-01-03T11:04:33+00:00\",\"breadcrumb\":{\"@id\":\"https:\/\/wietkoopwinkel.com\/product\/rolex-hash\/#breadcrumb\"},\"inLanguage\":\"hu\",\"potentialAction\":[{\"@type\":\"ReadAction\",\"target\":[\"https:\/\/wietkoopwinkel.com\/product\/rolex-hash\/\"]}]},{\"@type\":\"ImageObject\",\"inLanguage\":\"hu\",\"@id\":\"https:\/\/wietkoopwinkel.com\/product\/rolex-hash\/#primaryimage\",\"url\":\"https:\/\/wietkoopwinkel.com\/wp-content\/uploads\/2023\/09\/Rolex-Hash-1.jpg\",\"contentUrl\":\"https:\/\/wietkoopwinkel.com\/wp-content\/uploads\/2023\/09\/Rolex-Hash-1.jpg\",\"width\":600,\"height\":600,\"caption\":\"Rolex Hash\"},{\"@type\":\"BreadcrumbList\",\"@id\":\"https:\/\/wietkoopwinkel.com\/product\/rolex-hash\/#breadcrumb\",\"itemListElement\":[{\"@type\":\"ListItem\",\"position\":1,\"name\":\"Home\",\"item\":\"https:\/\/wietkoopwinkel.com\/\"},{\"@type\":\"ListItem\",\"position\":2,\"name\":\"Winkel\",\"item\":\"https:\/\/wietkoopwinkel.com\/winkel\/\"},{\"@type\":\"ListItem\",\"position\":3,\"name\":\"Rolex Hash\"}]},{\"@type\":\"WebSite\",\"@id\":\"https:\/\/wietkoopwinkel.com\/#website\",\"url\":\"https:\/\/wietkoopwinkel.com\/\",\"name\":\"Wiet Koop Winkel\",\"description\":\"My WordPress Blog\",\"publisher\":{\"@id\":\"https:\/\/wietkoopwinkel.com\/#organization\"},\"potentialAction\":[{\"@type\":\"SearchAction\",\"target\":{\"@type\":\"EntryPoint\",\"urlTemplate\":\"https:\/\/wietkoopwinkel.com\/?s={search_term_string}\"},\"query-input\":{\"@type\":\"PropertyValueSpecification\",\"valueRequired\":true,\"valueName\":\"search_term_string\"}}],\"inLanguage\":\"hu\"},{\"@type\":\"Organization\",\"@id\":\"https:\/\/wietkoopwinkel.com\/#organization\",\"name\":\"Wiet Koop Winkel\",\"url\":\"https:\/\/wietkoopwinkel.com\/\",\"logo\":{\"@type\":\"ImageObject\",\"inLanguage\":\"hu\",\"@id\":\"https:\/\/wietkoopwinkel.com\/#\/schema\/logo\/image\/\",\"url\":\"https:\/\/wietkoopwinkel.com\/wp-content\/uploads\/2023\/10\/logo.png\",\"contentUrl\":\"https:\/\/wietkoopwinkel.com\/wp-content\/uploads\/2023\/10\/logo.png\",\"width\":400,\"height\":120,\"caption\":\"Wiet Koop Winkel\"},\"image\":{\"@id\":\"https:\/\/wietkoopwinkel.com\/#\/schema\/logo\/image\/\"}}]}<\/script>\n<!-- \/ Yoast SEO plugin. -->","yoast_head_json":{"title":"Rolex Hash - Wiet Koop Winkel","robots":{"index":"index","follow":"follow","max-snippet":"max-snippet:-1","max-image-preview":"max-image-preview:large","max-video-preview":"max-video-preview:-1"},"canonical":"https:\/\/wietkoopwinkel.com\/hu\/termek\/rolex-hash\/","og_locale":"hu_HU","og_type":"article","og_title":"Rolex Hash - Wiet Koop Winkel","og_description":"Rolex hasj kopen Maak kennis met Rolex 2023 Hash, nog een premium binnenlandse hasj. Vergeleken met conventionele versies hebben veel huishashes een onderscheidende twist. Dit komt omdat het merendeel van de binnenlandse hasj wordt verwarmd en onder druk wordt geperst, waardoor een buigzaam, duurzaam product ontstaat dat eenvoudig te hanteren is. Indicabloemen die net zijn...","og_url":"https:\/\/wietkoopwinkel.com\/hu\/termek\/rolex-hash\/","og_site_name":"Wiet Koop Winkel","article_modified_time":"2024-01-03T11:04:33+00:00","og_image":[{"width":600,"height":600,"url":"https:\/\/wietkoopwinkel.com\/wp-content\/uploads\/2023\/09\/Rolex-Hash-1.jpg","type":"image\/jpeg"}],"twitter_card":"summary_large_image","twitter_misc":{"Becs\u00fclt olvas\u00e1si id\u0151":"1 perc"},"schema":{"@context":"https:\/\/schema.org","@graph":[{"@type":"WebPage","@id":"https:\/\/wietkoopwinkel.com\/product\/rolex-hash\/","url":"https:\/\/wietkoopwinkel.com\/product\/rolex-hash\/","name":"Rolex Hash - Wiet Koop Winkel","isPartOf":{"@id":"https:\/\/wietkoopwinkel.com\/#website"},"primaryImageOfPage":{"@id":"https:\/\/wietkoopwinkel.com\/product\/rolex-hash\/#primaryimage"},"image":{"@id":"https:\/\/wietkoopwinkel.com\/product\/rolex-hash\/#primaryimage"},"thumbnailUrl":"https:\/\/wietkoopwinkel.com\/wp-content\/uploads\/2023\/09\/Rolex-Hash-1.jpg","datePublished":"2023-09-30T10:17:52+00:00","dateModified":"2024-01-03T11:04:33+00:00","breadcrumb":{"@id":"https:\/\/wietkoopwinkel.com\/product\/rolex-hash\/#breadcrumb"},"inLanguage":"hu","potentialAction":[{"@type":"ReadAction","target":["https:\/\/wietkoopwinkel.com\/product\/rolex-hash\/"]}]},{"@type":"ImageObject","inLanguage":"hu","@id":"https:\/\/wietkoopwinkel.com\/product\/rolex-hash\/#primaryimage","url":"https:\/\/wietkoopwinkel.com\/wp-content\/uploads\/2023\/09\/Rolex-Hash-1.jpg","contentUrl":"https:\/\/wietkoopwinkel.com\/wp-content\/uploads\/2023\/09\/Rolex-Hash-1.jpg","width":600,"height":600,"caption":"Rolex Hash"},{"@type":"BreadcrumbList","@id":"https:\/\/wietkoopwinkel.com\/product\/rolex-hash\/#breadcrumb","itemListElement":[{"@type":"ListItem","position":1,"name":"Home","item":"https:\/\/wietkoopwinkel.com\/"},{"@type":"ListItem","position":2,"name":"Winkel","item":"https:\/\/wietkoopwinkel.com\/winkel\/"},{"@type":"ListItem","position":3,"name":"Rolex Hash"}]},{"@type":"WebSite","@id":"https:\/\/wietkoopwinkel.com\/#website","url":"https:\/\/wietkoopwinkel.com\/","name":"Wiet Koop Winkel","description":"My WordPress Blog","publisher":{"@id":"https:\/\/wietkoopwinkel.com\/#organization"},"potentialAction":[{"@type":"SearchAction","target":{"@type":"EntryPoint","urlTemplate":"https:\/\/wietkoopwinkel.com\/?s={search_term_string}"},"query-input":{"@type":"PropertyValueSpecification","valueRequired":true,"valueName":"search_term_string"}}],"inLanguage":"hu"},{"@type":"Organization","@id":"https:\/\/wietkoopwinkel.com\/#organization","name":"Wiet Koop Winkel","url":"https:\/\/wietkoopwinkel.com\/","logo":{"@type":"ImageObject","inLanguage":"hu","@id":"https:\/\/wietkoopwinkel.com\/#\/schema\/logo\/image\/","url":"https:\/\/wietkoopwinkel.com\/wp-content\/uploads\/2023\/10\/logo.png","contentUrl":"https:\/\/wietkoopwinkel.com\/wp-content\/uploads\/2023\/10\/logo.png","width":400,"height":120,"caption":"Wiet Koop Winkel"},"image":{"@id":"https:\/\/wietkoopwinkel.com\/#\/schema\/logo\/image\/"}}]}},"_links":{"self":[{"href":"https:\/\/wietkoopwinkel.com\/hu\/wp-json\/wp\/v2\/product\/1346","targetHints":{"allow":["GET"]}}],"collection":[{"href":"https:\/\/wietkoopwinkel.com\/hu\/wp-json\/wp\/v2\/product"}],"about":[{"href":"https:\/\/wietkoopwinkel.com\/hu\/wp-json\/wp\/v2\/types\/product"}],"replies":[{"embeddable":true,"href":"https:\/\/wietkoopwinkel.com\/hu\/wp-json\/wp\/v2\/comments?post=1346"}],"wp:featuredmedia":[{"embeddable":true,"href":"https:\/\/wietkoopwinkel.com\/hu\/wp-json\/wp\/v2\/media\/1468"}],"wp:attachment":[{"href":"https:\/\/wietkoopwinkel.com\/hu\/wp-json\/wp\/v2\/media?parent=1346"}],"wp:term":[{"taxonomy":"product_cat","embeddable":true,"href":"https:\/\/wietkoopwinkel.com\/hu\/wp-json\/wp\/v2\/product_cat?post=1346"},{"taxonomy":"product_tag","embeddable":true,"href":"https:\/\/wietkoopwinkel.com\/hu\/wp-json\/wp\/v2\/product_tag?post=1346"}],"curies":[{"name":"wp","href":"https:\/\/api.w.org\/{rel}","templated":true}]}}