{"id":1344,"date":"2023-09-30T10:15:01","date_gmt":"2023-09-30T10:15:01","guid":{"rendered":"https:\/\/nembutalhouse.com\/weed\/?post_type=product&#038;p=1344"},"modified":"2024-01-03T11:02:30","modified_gmt":"2024-01-03T11:02:30","slug":"fendi-og-hash","status":"publish","type":"product","link":"https:\/\/wietkoopwinkel.com\/hu\/termek\/fendi-og-hash\/","title":{"rendered":"Fendi OG Hash"},"content":{"rendered":"<h2>T\u00f6rt\u00e9nelem<\/h2>\n<p>S\u00f6t\u00e9tbarna, viaszos forma, magas THC-tartalommal (ak\u00e1r 50%). A Fendi Og marihu\u00e1na t\u00f6rzs leghat\u00e1sosabb \u00f6sszetev\u0151j\u00e9t, a trichom\u00e1kat \u00f6sszegy\u0171jtik \u00e9s \u00f6sszepr\u00e9selik, hogy l\u00e9trehozz\u00e1k. R\u00e1gja a doh\u00e1nyt vagy sz\u00edvja a \"jointokat\" egy v\u00edzipip\u00e1n kereszt\u00fcl.<\/p>\n<h3>\u00cdzek<\/h3>\n<p>A hasisnak kellemes, f\u00fcst\u00f6l\u0151h\u00f6z hasonl\u00f3 illata van.<\/p>\n<h3>Hat\u00e1sok<\/h3>\n<p>Boldogs\u00e1got, j\u00f3 k\u00f6z\u00e9rzetet vagy relax\u00e1ci\u00f3t tapasztalhat. A hasis elsz\u00edv\u00e1sa jav\u00edtja az \u00e9rzelmi \u00e9lm\u00e9nyeket. Ezek er\u0151s, t\u00f6bb \u00e9rz\u00e9kszervet \u00e9rint\u0151 \u00e9lm\u00e9nyek, amelyek magukban foglalj\u00e1k az \u00edzlel\u00e9st, a hall\u00e1st \u00e9s a l\u00e1t\u00e1st.<\/p>\n<p>\u00dagy \u00e9rzi, mintha lassabban telne az id\u0151, szoci\u00e1lisabb, kevesebb gondja van \u00e9s kevesebb viselked\u00e9si g\u00e1tl\u00e1sa.<\/p>","protected":false},"excerpt":{"rendered":"<p>Geschiedenis Donkerbruine, wasachtige vorm met een hoog THC-gehalte (tot 50%). Trichomen, het krachtigste bestanddeel van de Fendi Og-marihuanasoort, worden verzameld en samengeperst om het te cre\u00ebren. Kauw op tabak of rook &#8220;joints&#8221; via een waterpijp. Smaak Hasj heeft een aangenaam aroma dat lijkt op dat van wierook. Effecten U kunt geluk, welzijn of ontspanning ervaren&#8230;.<\/p>","protected":false},"featured_media":1466,"comment_status":"open","ping_status":"closed","template":"","meta":{"_kad_post_transparent":"default","_kad_post_title":"","_kad_post_layout":"default","_kad_post_sidebar_id":"","_kad_post_content_style":"default","_kad_post_vertical_padding":"default","_kad_post_feature":"","_kad_post_feature_position":"","_kad_post_header":false,"_kad_post_footer":false,"_joinchat":[]},"product_cat":[31],"product_tag":[],"class_list":["post-1344","product","type-product","status-publish","has-post-thumbnail","hentry","product_cat-hasj","entry","content-bg","loop-entry"],"yoast_head":"<!-- This site is optimized with the Yoast SEO plugin v26.3 - https:\/\/yoast.com\/wordpress\/plugins\/seo\/ -->\n<title>Fendi OG Hash - Wiet Koop Winkel<\/title>\n<meta name=\"robots\" content=\"index, follow, max-snippet:-1, max-image-preview:large, max-video-preview:-1\" \/>\n<link rel=\"canonical\" href=\"https:\/\/wietkoopwinkel.com\/hu\/termek\/fendi-og-hash\/\" \/>\n<meta property=\"og:locale\" content=\"hu_HU\" \/>\n<meta property=\"og:type\" content=\"article\" \/>\n<meta property=\"og:title\" content=\"Fendi OG Hash - Wiet Koop Winkel\" \/>\n<meta property=\"og:description\" content=\"Geschiedenis Donkerbruine, wasachtige vorm met een hoog THC-gehalte (tot 50%). Trichomen, het krachtigste bestanddeel van de Fendi Og-marihuanasoort, worden verzameld en samengeperst om het te cre\u00ebren. Kauw op tabak of rook &#8220;joints&#8221; via een waterpijp. Smaak Hasj heeft een aangenaam aroma dat lijkt op dat van wierook. Effecten U kunt geluk, welzijn of ontspanning ervaren....\" \/>\n<meta property=\"og:url\" content=\"https:\/\/wietkoopwinkel.com\/hu\/termek\/fendi-og-hash\/\" \/>\n<meta property=\"og:site_name\" content=\"Wiet Koop Winkel\" \/>\n<meta property=\"article:modified_time\" content=\"2024-01-03T11:02:30+00:00\" \/>\n<meta property=\"og:image\" content=\"https:\/\/wietkoopwinkel.com\/wp-content\/uploads\/2023\/09\/FENDI-OG-HASH-1.jpg\" \/>\n\t<meta property=\"og:image:width\" content=\"600\" \/>\n\t<meta property=\"og:image:height\" content=\"600\" \/>\n\t<meta property=\"og:image:type\" content=\"image\/jpeg\" \/>\n<meta name=\"twitter:card\" content=\"summary_large_image\" \/>\n<meta name=\"twitter:label1\" content=\"Becs\u00fclt olvas\u00e1si id\u0151\" \/>\n\t<meta name=\"twitter:data1\" content=\"1 perc\" \/>\n<script type=\"application\/ld+json\" class=\"yoast-schema-graph\">{\"@context\":\"https:\/\/schema.org\",\"@graph\":[{\"@type\":\"WebPage\",\"@id\":\"https:\/\/wietkoopwinkel.com\/product\/fendi-og-hash\/\",\"url\":\"https:\/\/wietkoopwinkel.com\/product\/fendi-og-hash\/\",\"name\":\"Fendi OG Hash - Wiet Koop Winkel\",\"isPartOf\":{\"@id\":\"https:\/\/wietkoopwinkel.com\/#website\"},\"primaryImageOfPage\":{\"@id\":\"https:\/\/wietkoopwinkel.com\/product\/fendi-og-hash\/#primaryimage\"},\"image\":{\"@id\":\"https:\/\/wietkoopwinkel.com\/product\/fendi-og-hash\/#primaryimage\"},\"thumbnailUrl\":\"https:\/\/wietkoopwinkel.com\/wp-content\/uploads\/2023\/09\/FENDI-OG-HASH-1.jpg\",\"datePublished\":\"2023-09-30T10:15:01+00:00\",\"dateModified\":\"2024-01-03T11:02:30+00:00\",\"breadcrumb\":{\"@id\":\"https:\/\/wietkoopwinkel.com\/product\/fendi-og-hash\/#breadcrumb\"},\"inLanguage\":\"hu\",\"potentialAction\":[{\"@type\":\"ReadAction\",\"target\":[\"https:\/\/wietkoopwinkel.com\/product\/fendi-og-hash\/\"]}]},{\"@type\":\"ImageObject\",\"inLanguage\":\"hu\",\"@id\":\"https:\/\/wietkoopwinkel.com\/product\/fendi-og-hash\/#primaryimage\",\"url\":\"https:\/\/wietkoopwinkel.com\/wp-content\/uploads\/2023\/09\/FENDI-OG-HASH-1.jpg\",\"contentUrl\":\"https:\/\/wietkoopwinkel.com\/wp-content\/uploads\/2023\/09\/FENDI-OG-HASH-1.jpg\",\"width\":600,\"height\":600,\"caption\":\"FENDI-OG-HASH\"},{\"@type\":\"BreadcrumbList\",\"@id\":\"https:\/\/wietkoopwinkel.com\/product\/fendi-og-hash\/#breadcrumb\",\"itemListElement\":[{\"@type\":\"ListItem\",\"position\":1,\"name\":\"Home\",\"item\":\"https:\/\/wietkoopwinkel.com\/\"},{\"@type\":\"ListItem\",\"position\":2,\"name\":\"Winkel\",\"item\":\"https:\/\/wietkoopwinkel.com\/winkel\/\"},{\"@type\":\"ListItem\",\"position\":3,\"name\":\"Fendi OG Hash\"}]},{\"@type\":\"WebSite\",\"@id\":\"https:\/\/wietkoopwinkel.com\/#website\",\"url\":\"https:\/\/wietkoopwinkel.com\/\",\"name\":\"Wiet Koop Winkel\",\"description\":\"My WordPress Blog\",\"publisher\":{\"@id\":\"https:\/\/wietkoopwinkel.com\/#organization\"},\"potentialAction\":[{\"@type\":\"SearchAction\",\"target\":{\"@type\":\"EntryPoint\",\"urlTemplate\":\"https:\/\/wietkoopwinkel.com\/?s={search_term_string}\"},\"query-input\":{\"@type\":\"PropertyValueSpecification\",\"valueRequired\":true,\"valueName\":\"search_term_string\"}}],\"inLanguage\":\"hu\"},{\"@type\":\"Organization\",\"@id\":\"https:\/\/wietkoopwinkel.com\/#organization\",\"name\":\"Wiet Koop Winkel\",\"url\":\"https:\/\/wietkoopwinkel.com\/\",\"logo\":{\"@type\":\"ImageObject\",\"inLanguage\":\"hu\",\"@id\":\"https:\/\/wietkoopwinkel.com\/#\/schema\/logo\/image\/\",\"url\":\"https:\/\/wietkoopwinkel.com\/wp-content\/uploads\/2023\/10\/logo.png\",\"contentUrl\":\"https:\/\/wietkoopwinkel.com\/wp-content\/uploads\/2023\/10\/logo.png\",\"width\":400,\"height\":120,\"caption\":\"Wiet Koop Winkel\"},\"image\":{\"@id\":\"https:\/\/wietkoopwinkel.com\/#\/schema\/logo\/image\/\"}}]}<\/script>\n<!-- \/ Yoast SEO plugin. -->","yoast_head_json":{"title":"Fendi OG Hash - Wiet Koop Winkel","robots":{"index":"index","follow":"follow","max-snippet":"max-snippet:-1","max-image-preview":"max-image-preview:large","max-video-preview":"max-video-preview:-1"},"canonical":"https:\/\/wietkoopwinkel.com\/hu\/termek\/fendi-og-hash\/","og_locale":"hu_HU","og_type":"article","og_title":"Fendi OG Hash - Wiet Koop Winkel","og_description":"Geschiedenis Donkerbruine, wasachtige vorm met een hoog THC-gehalte (tot 50%). Trichomen, het krachtigste bestanddeel van de Fendi Og-marihuanasoort, worden verzameld en samengeperst om het te cre\u00ebren. Kauw op tabak of rook &#8220;joints&#8221; via een waterpijp. Smaak Hasj heeft een aangenaam aroma dat lijkt op dat van wierook. Effecten U kunt geluk, welzijn of ontspanning ervaren....","og_url":"https:\/\/wietkoopwinkel.com\/hu\/termek\/fendi-og-hash\/","og_site_name":"Wiet Koop Winkel","article_modified_time":"2024-01-03T11:02:30+00:00","og_image":[{"width":600,"height":600,"url":"https:\/\/wietkoopwinkel.com\/wp-content\/uploads\/2023\/09\/FENDI-OG-HASH-1.jpg","type":"image\/jpeg"}],"twitter_card":"summary_large_image","twitter_misc":{"Becs\u00fclt olvas\u00e1si id\u0151":"1 perc"},"schema":{"@context":"https:\/\/schema.org","@graph":[{"@type":"WebPage","@id":"https:\/\/wietkoopwinkel.com\/product\/fendi-og-hash\/","url":"https:\/\/wietkoopwinkel.com\/product\/fendi-og-hash\/","name":"Fendi OG Hash - Wiet Koop Winkel","isPartOf":{"@id":"https:\/\/wietkoopwinkel.com\/#website"},"primaryImageOfPage":{"@id":"https:\/\/wietkoopwinkel.com\/product\/fendi-og-hash\/#primaryimage"},"image":{"@id":"https:\/\/wietkoopwinkel.com\/product\/fendi-og-hash\/#primaryimage"},"thumbnailUrl":"https:\/\/wietkoopwinkel.com\/wp-content\/uploads\/2023\/09\/FENDI-OG-HASH-1.jpg","datePublished":"2023-09-30T10:15:01+00:00","dateModified":"2024-01-03T11:02:30+00:00","breadcrumb":{"@id":"https:\/\/wietkoopwinkel.com\/product\/fendi-og-hash\/#breadcrumb"},"inLanguage":"hu","potentialAction":[{"@type":"ReadAction","target":["https:\/\/wietkoopwinkel.com\/product\/fendi-og-hash\/"]}]},{"@type":"ImageObject","inLanguage":"hu","@id":"https:\/\/wietkoopwinkel.com\/product\/fendi-og-hash\/#primaryimage","url":"https:\/\/wietkoopwinkel.com\/wp-content\/uploads\/2023\/09\/FENDI-OG-HASH-1.jpg","contentUrl":"https:\/\/wietkoopwinkel.com\/wp-content\/uploads\/2023\/09\/FENDI-OG-HASH-1.jpg","width":600,"height":600,"caption":"FENDI-OG-HASH"},{"@type":"BreadcrumbList","@id":"https:\/\/wietkoopwinkel.com\/product\/fendi-og-hash\/#breadcrumb","itemListElement":[{"@type":"ListItem","position":1,"name":"Home","item":"https:\/\/wietkoopwinkel.com\/"},{"@type":"ListItem","position":2,"name":"Winkel","item":"https:\/\/wietkoopwinkel.com\/winkel\/"},{"@type":"ListItem","position":3,"name":"Fendi OG Hash"}]},{"@type":"WebSite","@id":"https:\/\/wietkoopwinkel.com\/#website","url":"https:\/\/wietkoopwinkel.com\/","name":"Wiet Koop Winkel","description":"My WordPress Blog","publisher":{"@id":"https:\/\/wietkoopwinkel.com\/#organization"},"potentialAction":[{"@type":"SearchAction","target":{"@type":"EntryPoint","urlTemplate":"https:\/\/wietkoopwinkel.com\/?s={search_term_string}"},"query-input":{"@type":"PropertyValueSpecification","valueRequired":true,"valueName":"search_term_string"}}],"inLanguage":"hu"},{"@type":"Organization","@id":"https:\/\/wietkoopwinkel.com\/#organization","name":"Wiet Koop Winkel","url":"https:\/\/wietkoopwinkel.com\/","logo":{"@type":"ImageObject","inLanguage":"hu","@id":"https:\/\/wietkoopwinkel.com\/#\/schema\/logo\/image\/","url":"https:\/\/wietkoopwinkel.com\/wp-content\/uploads\/2023\/10\/logo.png","contentUrl":"https:\/\/wietkoopwinkel.com\/wp-content\/uploads\/2023\/10\/logo.png","width":400,"height":120,"caption":"Wiet Koop Winkel"},"image":{"@id":"https:\/\/wietkoopwinkel.com\/#\/schema\/logo\/image\/"}}]}},"_links":{"self":[{"href":"https:\/\/wietkoopwinkel.com\/hu\/wp-json\/wp\/v2\/product\/1344","targetHints":{"allow":["GET"]}}],"collection":[{"href":"https:\/\/wietkoopwinkel.com\/hu\/wp-json\/wp\/v2\/product"}],"about":[{"href":"https:\/\/wietkoopwinkel.com\/hu\/wp-json\/wp\/v2\/types\/product"}],"replies":[{"embeddable":true,"href":"https:\/\/wietkoopwinkel.com\/hu\/wp-json\/wp\/v2\/comments?post=1344"}],"wp:featuredmedia":[{"embeddable":true,"href":"https:\/\/wietkoopwinkel.com\/hu\/wp-json\/wp\/v2\/media\/1466"}],"wp:attachment":[{"href":"https:\/\/wietkoopwinkel.com\/hu\/wp-json\/wp\/v2\/media?parent=1344"}],"wp:term":[{"taxonomy":"product_cat","embeddable":true,"href":"https:\/\/wietkoopwinkel.com\/hu\/wp-json\/wp\/v2\/product_cat?post=1344"},{"taxonomy":"product_tag","embeddable":true,"href":"https:\/\/wietkoopwinkel.com\/hu\/wp-json\/wp\/v2\/product_tag?post=1344"}],"curies":[{"name":"wp","href":"https:\/\/api.w.org\/{rel}","templated":true}]}}