{"id":114,"date":"2023-09-22T11:06:43","date_gmt":"2023-09-22T11:06:43","guid":{"rendered":"https:\/\/nembutalhouse.com\/weed\/?post_type=product&#038;p=114"},"modified":"2024-01-03T11:30:05","modified_gmt":"2024-01-03T11:30:05","slug":"jet-fuel","status":"publish","type":"product","link":"https:\/\/wietkoopwinkel.com\/hu\/termek\/jet-fuel\/","title":{"rendered":"Jet Fuel"},"content":{"rendered":"<p>Az Aspen OG \u00e9s a High Country Diesel keresztez\u00e9s\u00e9b\u0151l j\u00f6tt l\u00e9tre a Jet Fuel, ismertebb nev\u00e9n a 'G6', egy indica-domin\u00e1ns hibrid, melynek ar\u00e1nya 70% indica\/30% sativa. A Jet Fuel-t gyakran nevezik a \"marihu\u00e1na kokainj\u00e1nak\", mivel THC-tartalma \u00e1tlagosan 17-19% \u00e9s er\u0151teljes hat\u00e1sa van. \u00c9s miut\u00e1n csak egy slukkot kapt\u00e1l ett\u0151l az er\u0151s f\u0171szern\u00f6v\u00e9nyt\u0151l, meg fogod \u00e9rteni, hogy mi\u00e9rt. A homlokod \u00e9s a szemed m\u00f6g\u00f6tti ter\u00fclet azonnal \u00e9rzi a Jet Fuel high hat\u00e1s\u00e1t. Euf\u00f3ri\u00e1t \u00e9s felemelked\u00e9st tapasztalsz, valamint bizserget\u0151 ment\u00e1lis energi\u00e1t, amely id\u0151nk\u00e9nt hihetetlen\u00fcl sz\u00e9d\u00fcltt\u00e9 tesz. A tested \u00e1tadja mag\u00e1t a teljes ellazul\u00e1s \u00e9rz\u00e9s\u00e9nek, nyugtat\u00e1s n\u00e9lk\u00fcl, mik\u00f6zben az elm\u00e9d a leveg\u0151ben lebeg. a kanap\u00e9n \u00fcl\u00e9s helyett rendk\u00edv\u00fcl lust\u00e1v\u00e1 tesz. Er\u0151teljes hat\u00e1sa miatt a Jet Fuel-t gyakran v\u00e1lasztj\u00e1k a betegek kr\u00f3nikus f\u00e1radts\u00e1g, migr\u00e9nes vagy tenzi\u00f3s fejf\u00e1j\u00e1s, tart\u00f3s stressz, hangulatingadoz\u00e1s \u00e9s depresszi\u00f3 kezel\u00e9s\u00e9re. A Jet Fuel csom\u00f3s, lapos, sz\u00edv alak\u00fa, olajz\u00f6ld r\u00fcgyei bolyhos borosty\u00e1nsz\u00edn\u0171 sz\u0151r\u00f6kkel rendelkeznek, amelyeket csillog\u00f3 borosty\u00e1nsz\u00edn\u0171 krist\u00e1lyos trichom\u00e1k bor\u00edtanak. Az \u00edze nagyon er\u0151s, \u00e9s d\u00edzeles alaphanggal rendelkezik, \u00e9des skunkos akcentusokkal. A Jet Fuel illata l\u00e9nyegesen er\u0151sebb; az \u00e9des skunk \u00e9s feny\u0151 illat\u00e1n fel\u00fcl er\u0151s d\u00edzel hat\u00e1s\u00fa.<\/p>","protected":false},"excerpt":{"rendered":"<p>Aspen OG en High Country Diesel werden gekruist om Jet Fuel te genereren, ook beter bekend als &#8216;G6&#8217;, een indica-dominante hybride met een verhouding van 70% indica\/30% sativa. Jet Fuel wordt vaak de \u2018coca\u00efne van de marihuana\u2019 genoemd vanwege het krachtige THC-gehalte van gemiddeld 17-19% en de krachtige effecten. En nadat u slechts \u00e9\u00e9n klap&#8230;<\/p>","protected":false},"featured_media":115,"comment_status":"open","ping_status":"closed","template":"","meta":{"_kad_post_transparent":"default","_kad_post_title":"","_kad_post_layout":"default","_kad_post_sidebar_id":"","_kad_post_content_style":"default","_kad_post_vertical_padding":"default","_kad_post_feature":"","_kad_post_feature_position":"","_kad_post_header":false,"_kad_post_footer":false,"_joinchat":[]},"product_cat":[17],"product_tag":[],"class_list":["post-114","product","type-product","status-publish","has-post-thumbnail","hentry","product_cat-wiet","entry","content-bg","loop-entry"],"yoast_head":"<!-- This site is optimized with the Yoast SEO plugin v26.3 - https:\/\/yoast.com\/wordpress\/plugins\/seo\/ -->\n<title>Jet Fuel - Wiet Koop Winkel<\/title>\n<meta name=\"robots\" content=\"index, follow, max-snippet:-1, max-image-preview:large, max-video-preview:-1\" \/>\n<link rel=\"canonical\" href=\"https:\/\/wietkoopwinkel.com\/hu\/termek\/jet-fuel\/\" \/>\n<meta property=\"og:locale\" content=\"hu_HU\" \/>\n<meta property=\"og:type\" content=\"article\" \/>\n<meta property=\"og:title\" content=\"Jet Fuel - Wiet Koop Winkel\" \/>\n<meta property=\"og:description\" content=\"Aspen OG en High Country Diesel werden gekruist om Jet Fuel te genereren, ook beter bekend als &#8216;G6&#8217;, een indica-dominante hybride met een verhouding van 70% indica\/30% sativa. Jet Fuel wordt vaak de \u2018coca\u00efne van de marihuana\u2019 genoemd vanwege het krachtige THC-gehalte van gemiddeld 17-19% en de krachtige effecten. En nadat u slechts \u00e9\u00e9n klap...\" \/>\n<meta property=\"og:url\" content=\"https:\/\/wietkoopwinkel.com\/hu\/termek\/jet-fuel\/\" \/>\n<meta property=\"og:site_name\" content=\"Wiet Koop Winkel\" \/>\n<meta property=\"article:modified_time\" content=\"2024-01-03T11:30:05+00:00\" \/>\n<meta property=\"og:image\" content=\"https:\/\/wietkoopwinkel.com\/wp-content\/uploads\/2023\/09\/Jet-Fuel.jpg\" \/>\n\t<meta property=\"og:image:width\" content=\"960\" \/>\n\t<meta property=\"og:image:height\" content=\"1280\" \/>\n\t<meta property=\"og:image:type\" content=\"image\/jpeg\" \/>\n<meta name=\"twitter:card\" content=\"summary_large_image\" \/>\n<meta name=\"twitter:label1\" content=\"Becs\u00fclt olvas\u00e1si id\u0151\" \/>\n\t<meta name=\"twitter:data1\" content=\"1 perc\" \/>\n<script type=\"application\/ld+json\" class=\"yoast-schema-graph\">{\"@context\":\"https:\/\/schema.org\",\"@graph\":[{\"@type\":\"WebPage\",\"@id\":\"https:\/\/wietkoopwinkel.com\/product\/jet-fuel\/\",\"url\":\"https:\/\/wietkoopwinkel.com\/product\/jet-fuel\/\",\"name\":\"Jet Fuel - Wiet Koop Winkel\",\"isPartOf\":{\"@id\":\"https:\/\/wietkoopwinkel.com\/#website\"},\"primaryImageOfPage\":{\"@id\":\"https:\/\/wietkoopwinkel.com\/product\/jet-fuel\/#primaryimage\"},\"image\":{\"@id\":\"https:\/\/wietkoopwinkel.com\/product\/jet-fuel\/#primaryimage\"},\"thumbnailUrl\":\"https:\/\/wietkoopwinkel.com\/wp-content\/uploads\/2023\/09\/Jet-Fuel.jpg\",\"datePublished\":\"2023-09-22T11:06:43+00:00\",\"dateModified\":\"2024-01-03T11:30:05+00:00\",\"breadcrumb\":{\"@id\":\"https:\/\/wietkoopwinkel.com\/product\/jet-fuel\/#breadcrumb\"},\"inLanguage\":\"hu\",\"potentialAction\":[{\"@type\":\"ReadAction\",\"target\":[\"https:\/\/wietkoopwinkel.com\/product\/jet-fuel\/\"]}]},{\"@type\":\"ImageObject\",\"inLanguage\":\"hu\",\"@id\":\"https:\/\/wietkoopwinkel.com\/product\/jet-fuel\/#primaryimage\",\"url\":\"https:\/\/wietkoopwinkel.com\/wp-content\/uploads\/2023\/09\/Jet-Fuel.jpg\",\"contentUrl\":\"https:\/\/wietkoopwinkel.com\/wp-content\/uploads\/2023\/09\/Jet-Fuel.jpg\",\"width\":960,\"height\":1280,\"caption\":\"Jet Fuel\"},{\"@type\":\"BreadcrumbList\",\"@id\":\"https:\/\/wietkoopwinkel.com\/product\/jet-fuel\/#breadcrumb\",\"itemListElement\":[{\"@type\":\"ListItem\",\"position\":1,\"name\":\"Home\",\"item\":\"https:\/\/wietkoopwinkel.com\/\"},{\"@type\":\"ListItem\",\"position\":2,\"name\":\"Winkel\",\"item\":\"https:\/\/wietkoopwinkel.com\/winkel\/\"},{\"@type\":\"ListItem\",\"position\":3,\"name\":\"Jet Fuel\"}]},{\"@type\":\"WebSite\",\"@id\":\"https:\/\/wietkoopwinkel.com\/#website\",\"url\":\"https:\/\/wietkoopwinkel.com\/\",\"name\":\"Wiet Koop Winkel\",\"description\":\"My WordPress Blog\",\"publisher\":{\"@id\":\"https:\/\/wietkoopwinkel.com\/#organization\"},\"potentialAction\":[{\"@type\":\"SearchAction\",\"target\":{\"@type\":\"EntryPoint\",\"urlTemplate\":\"https:\/\/wietkoopwinkel.com\/?s={search_term_string}\"},\"query-input\":{\"@type\":\"PropertyValueSpecification\",\"valueRequired\":true,\"valueName\":\"search_term_string\"}}],\"inLanguage\":\"hu\"},{\"@type\":\"Organization\",\"@id\":\"https:\/\/wietkoopwinkel.com\/#organization\",\"name\":\"Wiet Koop Winkel\",\"url\":\"https:\/\/wietkoopwinkel.com\/\",\"logo\":{\"@type\":\"ImageObject\",\"inLanguage\":\"hu\",\"@id\":\"https:\/\/wietkoopwinkel.com\/#\/schema\/logo\/image\/\",\"url\":\"https:\/\/wietkoopwinkel.com\/wp-content\/uploads\/2023\/10\/logo.png\",\"contentUrl\":\"https:\/\/wietkoopwinkel.com\/wp-content\/uploads\/2023\/10\/logo.png\",\"width\":400,\"height\":120,\"caption\":\"Wiet Koop Winkel\"},\"image\":{\"@id\":\"https:\/\/wietkoopwinkel.com\/#\/schema\/logo\/image\/\"}}]}<\/script>\n<!-- \/ Yoast SEO plugin. -->","yoast_head_json":{"title":"Jet Fuel - Wiet Koop Winkel","robots":{"index":"index","follow":"follow","max-snippet":"max-snippet:-1","max-image-preview":"max-image-preview:large","max-video-preview":"max-video-preview:-1"},"canonical":"https:\/\/wietkoopwinkel.com\/hu\/termek\/jet-fuel\/","og_locale":"hu_HU","og_type":"article","og_title":"Jet Fuel - Wiet Koop Winkel","og_description":"Aspen OG en High Country Diesel werden gekruist om Jet Fuel te genereren, ook beter bekend als &#8216;G6&#8217;, een indica-dominante hybride met een verhouding van 70% indica\/30% sativa. Jet Fuel wordt vaak de \u2018coca\u00efne van de marihuana\u2019 genoemd vanwege het krachtige THC-gehalte van gemiddeld 17-19% en de krachtige effecten. En nadat u slechts \u00e9\u00e9n klap...","og_url":"https:\/\/wietkoopwinkel.com\/hu\/termek\/jet-fuel\/","og_site_name":"Wiet Koop Winkel","article_modified_time":"2024-01-03T11:30:05+00:00","og_image":[{"width":960,"height":1280,"url":"https:\/\/wietkoopwinkel.com\/wp-content\/uploads\/2023\/09\/Jet-Fuel.jpg","type":"image\/jpeg"}],"twitter_card":"summary_large_image","twitter_misc":{"Becs\u00fclt olvas\u00e1si id\u0151":"1 perc"},"schema":{"@context":"https:\/\/schema.org","@graph":[{"@type":"WebPage","@id":"https:\/\/wietkoopwinkel.com\/product\/jet-fuel\/","url":"https:\/\/wietkoopwinkel.com\/product\/jet-fuel\/","name":"Jet Fuel - Wiet Koop Winkel","isPartOf":{"@id":"https:\/\/wietkoopwinkel.com\/#website"},"primaryImageOfPage":{"@id":"https:\/\/wietkoopwinkel.com\/product\/jet-fuel\/#primaryimage"},"image":{"@id":"https:\/\/wietkoopwinkel.com\/product\/jet-fuel\/#primaryimage"},"thumbnailUrl":"https:\/\/wietkoopwinkel.com\/wp-content\/uploads\/2023\/09\/Jet-Fuel.jpg","datePublished":"2023-09-22T11:06:43+00:00","dateModified":"2024-01-03T11:30:05+00:00","breadcrumb":{"@id":"https:\/\/wietkoopwinkel.com\/product\/jet-fuel\/#breadcrumb"},"inLanguage":"hu","potentialAction":[{"@type":"ReadAction","target":["https:\/\/wietkoopwinkel.com\/product\/jet-fuel\/"]}]},{"@type":"ImageObject","inLanguage":"hu","@id":"https:\/\/wietkoopwinkel.com\/product\/jet-fuel\/#primaryimage","url":"https:\/\/wietkoopwinkel.com\/wp-content\/uploads\/2023\/09\/Jet-Fuel.jpg","contentUrl":"https:\/\/wietkoopwinkel.com\/wp-content\/uploads\/2023\/09\/Jet-Fuel.jpg","width":960,"height":1280,"caption":"Jet Fuel"},{"@type":"BreadcrumbList","@id":"https:\/\/wietkoopwinkel.com\/product\/jet-fuel\/#breadcrumb","itemListElement":[{"@type":"ListItem","position":1,"name":"Home","item":"https:\/\/wietkoopwinkel.com\/"},{"@type":"ListItem","position":2,"name":"Winkel","item":"https:\/\/wietkoopwinkel.com\/winkel\/"},{"@type":"ListItem","position":3,"name":"Jet Fuel"}]},{"@type":"WebSite","@id":"https:\/\/wietkoopwinkel.com\/#website","url":"https:\/\/wietkoopwinkel.com\/","name":"Wiet Koop Winkel","description":"My WordPress Blog","publisher":{"@id":"https:\/\/wietkoopwinkel.com\/#organization"},"potentialAction":[{"@type":"SearchAction","target":{"@type":"EntryPoint","urlTemplate":"https:\/\/wietkoopwinkel.com\/?s={search_term_string}"},"query-input":{"@type":"PropertyValueSpecification","valueRequired":true,"valueName":"search_term_string"}}],"inLanguage":"hu"},{"@type":"Organization","@id":"https:\/\/wietkoopwinkel.com\/#organization","name":"Wiet Koop Winkel","url":"https:\/\/wietkoopwinkel.com\/","logo":{"@type":"ImageObject","inLanguage":"hu","@id":"https:\/\/wietkoopwinkel.com\/#\/schema\/logo\/image\/","url":"https:\/\/wietkoopwinkel.com\/wp-content\/uploads\/2023\/10\/logo.png","contentUrl":"https:\/\/wietkoopwinkel.com\/wp-content\/uploads\/2023\/10\/logo.png","width":400,"height":120,"caption":"Wiet Koop Winkel"},"image":{"@id":"https:\/\/wietkoopwinkel.com\/#\/schema\/logo\/image\/"}}]}},"_links":{"self":[{"href":"https:\/\/wietkoopwinkel.com\/hu\/wp-json\/wp\/v2\/product\/114","targetHints":{"allow":["GET"]}}],"collection":[{"href":"https:\/\/wietkoopwinkel.com\/hu\/wp-json\/wp\/v2\/product"}],"about":[{"href":"https:\/\/wietkoopwinkel.com\/hu\/wp-json\/wp\/v2\/types\/product"}],"replies":[{"embeddable":true,"href":"https:\/\/wietkoopwinkel.com\/hu\/wp-json\/wp\/v2\/comments?post=114"}],"wp:featuredmedia":[{"embeddable":true,"href":"https:\/\/wietkoopwinkel.com\/hu\/wp-json\/wp\/v2\/media\/115"}],"wp:attachment":[{"href":"https:\/\/wietkoopwinkel.com\/hu\/wp-json\/wp\/v2\/media?parent=114"}],"wp:term":[{"taxonomy":"product_cat","embeddable":true,"href":"https:\/\/wietkoopwinkel.com\/hu\/wp-json\/wp\/v2\/product_cat?post=114"},{"taxonomy":"product_tag","embeddable":true,"href":"https:\/\/wietkoopwinkel.com\/hu\/wp-json\/wp\/v2\/product_tag?post=114"}],"curies":[{"name":"wp","href":"https:\/\/api.w.org\/{rel}","templated":true}]}}